{"id":62439,"date":"2026-04-15T07:46:10","date_gmt":"2026-04-15T10:46:10","guid":{"rendered":"https:\/\/www.ritzbrasil.com\/produtos\/sin%20categor\u00eda\/baul-motocicleta-de-servicio\/"},"modified":"2026-04-15T10:48:55","modified_gmt":"2026-04-15T13:48:55","slug":"baul-motocicleta-de-servicio","status":"publish","type":"product","link":"https:\/\/www.ritzbrasil.com\/es\/produtos\/varas-de-mano-varas-de-maniobra-y-herramientas-universales\/baul-motocicleta-de-servicio\/","title":{"rendered":"Ba\u00fal Motocicleta de Servicio"},"content":{"rendered":"<div class=\"wpb-content-wrapper\"><p>[vc_row][vc_column][vc_column_text css=\u00bb.vc_custom_1776260580692{margin-top: 20px !important;}\u00bb]<\/p>\n<h4><span style=\"color: #ff9900;\"><strong>COB32957-1 &#8211; Ba\u00fal &#8211; motocicleta de servicio<\/strong><\/span><\/h4>\n<p>[\/vc_column_text][vc_column_text css=\u00bb.vc_custom_1776260925275{margin-top: -20px !important;}\u00bb]\n<div id=\"tablepress-COB32957-1BaparaMoto-Planto-ES-scroll-wrapper\" class=\"tablepress-scroll-wrapper\">\n<table id=\"tablepress-COB32957-1BaparaMoto-Planto-ES\" class=\"tablepress tablepress-id-COB32957-1BaparaMoto-Planto-ES tablepress-responsive\">\n<thead>\n<tr class=\"row-1\">\n\t<td class=\"column-1\"><\/td><th class=\"column-2\">  Referencias<\/th><th class=\"column-3\">Caracteristica<\/th><td class=\"column-4\"><\/td>\n<\/tr>\n<\/thead>\n<tbody class=\"row-striping row-hover\">\n<tr class=\"row-2\">\n\t<td class=\"column-1\"><img decoding=\"async\" src=\"https:\/\/www.ritzbrasil.com\/wp-content\/uploads\/2026\/04\/COB32957-1-bau-para-moto-plantao-150x150-2.jpg\" \/><\/td><td class=\"column-2\">COB32957-1<\/td><td class=\"column-3\">Ba\u00fal - motocicleta de servicio<\/td><td class=\"column-4\">    <button class=\"add-to-budget\" data-table-id=\"COB32957-1BaparaMoto-Planto\" data-reference=\"COB32957\" data-description=\"Ba\u00fal - motocicleta de servicio\" style=\"color:#ff4d00;\">\n        <img decoding=\"async\" src=\"https:\/\/www.ritzbrasil.com\/\/wp-content\/uploads\/2024\/07\/orcar-compras-tabela-new-1.png\" alt=\"Solicitar cotizaci\u00f3n\" title=\"Solicitar cotizaci\u00f3n\" \/>\n    <\/button>\n    <\/td>\n<\/tr>\n<\/tbody>\n<\/table>\n<\/div>\n[\/vc_column_text][vc_separator border_width=\u00bb2&#8243; css=\u00bb\u00bb][\/vc_column][\/vc_row]<\/p>\n<\/div>","protected":false},"excerpt":{"rendered":"<p>Desarrollado para el transporte profesional de herramientas y materiales en motocicletas utilizadas en el mantenimiento de redes el\u00e9ctricas. Fabricado en pl\u00e1stico de alta resistencia, cuenta con una estructura modular con anillos de expansi\u00f3n que permiten ajustar el volumen seg\u00fan las necesidades de la operaci\u00f3n. <\/p>\n<p>El interior dispone de un revestimiento protector que reduce impactos y ruidos durante el desplazamiento, protegiendo herramientas y equipos incluso en trayectos irregulares. Adem\u00e1s, cuenta con un compartimento exclusivo para p\u00e9rtiga telesc\u00f3pica.<\/p>\n<p>La tapa incluye cerradura con llave y sellado contra agua y polvo, garantizando protecci\u00f3n en diversas condiciones clim\u00e1ticas.<\/p>\n<p>Incluye una correa de fijaci\u00f3n con trinquete para una instalaci\u00f3n segura.<br \/>Capacidad aproximada: 129 litros<br \/>Peso aproximado: 6,229 kg (13.71 lb)<\/p>\n","protected":false},"featured_media":62428,"template":"","meta":[],"product_brand":[],"product_cat":[2245],"product_tag":[4572,4573],"class_list":{"0":"post-62439","1":"product","2":"type-product","3":"status-publish","4":"has-post-thumbnail","6":"product_cat-varas-de-mano-varas-de-maniobra-y-herramientas-universales","7":"product_tag-cob32957-1","8":"product_tag-maletin-de-moto","9":"description-off","11":"first","12":"instock","13":"featured","14":"virtual","15":"product-type-simple"},"yoast_head":"<!-- This site is optimized with the Yoast SEO plugin v27.1.1 - https:\/\/yoast.com\/product\/yoast-seo-wordpress\/ -->\n<title>Ba\u00fal para Moto de Servicio con Estructura Modular<\/title>\n<meta name=\"description\" content=\"Ba\u00fal para moto de servicio con estructura modular y alta resistencia. Protecci\u00f3n contra impactos, agua y polvo para transporte seguro.\" \/>\n<meta name=\"robots\" content=\"index, follow, max-snippet:-1, max-image-preview:large, max-video-preview:-1\" \/>\n<link rel=\"canonical\" href=\"https:\/\/www.ritzbrasil.com\/es\/produtos\/varas-de-mano-varas-de-maniobra-y-herramientas-universales\/baul-motocicleta-de-servicio\/\" \/>\n<meta property=\"og:locale\" content=\"es_ES\" \/>\n<meta property=\"og:type\" content=\"article\" \/>\n<meta property=\"og:title\" content=\"Ba\u00fal para Moto de Servicio con Estructura Modular\" \/>\n<meta property=\"og:description\" content=\"Ba\u00fal para moto de servicio con estructura modular y alta resistencia. Protecci\u00f3n contra impactos, agua y polvo para transporte seguro.\" \/>\n<meta property=\"og:url\" content=\"https:\/\/www.ritzbrasil.com\/es\/produtos\/varas-de-mano-varas-de-maniobra-y-herramientas-universales\/baul-motocicleta-de-servicio\/\" \/>\n<meta property=\"og:site_name\" content=\"Equipamentos de Manuten\u00e7\u00e3o e Seguran\u00e7a para o Setor El\u00e9trico - Ritz Brasil\" \/>\n<meta property=\"article:modified_time\" content=\"2026-04-15T13:48:55+00:00\" \/>\n<meta property=\"og:image\" content=\"https:\/\/www.ritzbrasil.com\/wp-content\/uploads\/2026\/04\/COB32957-1-bau-para-moto-plantao.jpg\" \/>\n\t<meta property=\"og:image:width\" content=\"1200\" \/>\n\t<meta property=\"og:image:height\" content=\"1200\" \/>\n\t<meta property=\"og:image:type\" content=\"image\/jpeg\" \/>\n<meta name=\"twitter:card\" content=\"summary_large_image\" \/>\n<meta name=\"twitter:label1\" content=\"Tiempo de lectura\" \/>\n\t<meta name=\"twitter:data1\" content=\"1 minuto\" \/>\n<script type=\"application\/ld+json\" class=\"yoast-schema-graph\">{\"@context\":\"https:\/\/schema.org\",\"@graph\":[{\"@type\":\"WebPage\",\"@id\":\"https:\/\/www.ritzbrasil.com\/es\/produtos\/varas-de-mano-varas-de-maniobra-y-herramientas-universales\/baul-motocicleta-de-servicio\/\",\"url\":\"https:\/\/www.ritzbrasil.com\/es\/produtos\/varas-de-mano-varas-de-maniobra-y-herramientas-universales\/baul-motocicleta-de-servicio\/\",\"name\":\"Ba\u00fal para Moto de Servicio con Estructura Modular\",\"isPartOf\":{\"@id\":\"https:\/\/www.ritzbrasil.com\/es\/#website\"},\"primaryImageOfPage\":{\"@id\":\"https:\/\/www.ritzbrasil.com\/es\/produtos\/varas-de-mano-varas-de-maniobra-y-herramientas-universales\/baul-motocicleta-de-servicio\/#primaryimage\"},\"image\":{\"@id\":\"https:\/\/www.ritzbrasil.com\/es\/produtos\/varas-de-mano-varas-de-maniobra-y-herramientas-universales\/baul-motocicleta-de-servicio\/#primaryimage\"},\"thumbnailUrl\":\"https:\/\/www.ritzbrasil.com\/wp-content\/uploads\/2026\/04\/COB32957-1-bau-para-moto-plantao.jpg\",\"datePublished\":\"2026-04-15T10:46:10+00:00\",\"dateModified\":\"2026-04-15T13:48:55+00:00\",\"description\":\"Ba\u00fal para moto de servicio con estructura modular y alta resistencia. Protecci\u00f3n contra impactos, agua y polvo para transporte seguro.\",\"breadcrumb\":{\"@id\":\"https:\/\/www.ritzbrasil.com\/es\/produtos\/varas-de-mano-varas-de-maniobra-y-herramientas-universales\/baul-motocicleta-de-servicio\/#breadcrumb\"},\"inLanguage\":\"es\",\"potentialAction\":[{\"@type\":\"ReadAction\",\"target\":[\"https:\/\/www.ritzbrasil.com\/es\/produtos\/varas-de-mano-varas-de-maniobra-y-herramientas-universales\/baul-motocicleta-de-servicio\/\"]}]},{\"@type\":\"ImageObject\",\"inLanguage\":\"es\",\"@id\":\"https:\/\/www.ritzbrasil.com\/es\/produtos\/varas-de-mano-varas-de-maniobra-y-herramientas-universales\/baul-motocicleta-de-servicio\/#primaryimage\",\"url\":\"https:\/\/www.ritzbrasil.com\/wp-content\/uploads\/2026\/04\/COB32957-1-bau-para-moto-plantao.jpg\",\"contentUrl\":\"https:\/\/www.ritzbrasil.com\/wp-content\/uploads\/2026\/04\/COB32957-1-bau-para-moto-plantao.jpg\",\"width\":1200,\"height\":1200,\"caption\":\"ba\u00fal resistente para moto de servicio para mantenimiento el\u00e9ctrico\"},{\"@type\":\"BreadcrumbList\",\"@id\":\"https:\/\/www.ritzbrasil.com\/es\/produtos\/varas-de-mano-varas-de-maniobra-y-herramientas-universales\/baul-motocicleta-de-servicio\/#breadcrumb\",\"itemListElement\":[{\"@type\":\"ListItem\",\"position\":1,\"name\":\"In\u00edcio\",\"item\":\"https:\/\/www.ritzbrasil.com\/es\/\"},{\"@type\":\"ListItem\",\"position\":2,\"name\":\"Tienda\",\"item\":\"https:\/\/www.ritzbrasil.com\/es\/tienda\/\"},{\"@type\":\"ListItem\",\"position\":3,\"name\":\"Ba\u00fal Motocicleta de Servicio\"}]},{\"@type\":\"WebSite\",\"@id\":\"https:\/\/www.ritzbrasil.com\/es\/#website\",\"url\":\"https:\/\/www.ritzbrasil.com\/es\/\",\"name\":\"Equipamentos de Manuten\u00e7\u00e3o e Seguran\u00e7a para o Setor El\u00e9trico - Ritz Brasil\",\"description\":\"\",\"potentialAction\":[{\"@type\":\"SearchAction\",\"target\":{\"@type\":\"EntryPoint\",\"urlTemplate\":\"https:\/\/www.ritzbrasil.com\/es\/?s={search_term_string}\"},\"query-input\":{\"@type\":\"PropertyValueSpecification\",\"valueRequired\":true,\"valueName\":\"search_term_string\"}}],\"inLanguage\":\"es\"}]}<\/script>\n<!-- \/ Yoast SEO plugin. -->","yoast_head_json":{"title":"Ba\u00fal para Moto de Servicio con Estructura Modular","description":"Ba\u00fal para moto de servicio con estructura modular y alta resistencia. Protecci\u00f3n contra impactos, agua y polvo para transporte seguro.","robots":{"index":"index","follow":"follow","max-snippet":"max-snippet:-1","max-image-preview":"max-image-preview:large","max-video-preview":"max-video-preview:-1"},"canonical":"https:\/\/www.ritzbrasil.com\/es\/produtos\/varas-de-mano-varas-de-maniobra-y-herramientas-universales\/baul-motocicleta-de-servicio\/","og_locale":"es_ES","og_type":"article","og_title":"Ba\u00fal para Moto de Servicio con Estructura Modular","og_description":"Ba\u00fal para moto de servicio con estructura modular y alta resistencia. Protecci\u00f3n contra impactos, agua y polvo para transporte seguro.","og_url":"https:\/\/www.ritzbrasil.com\/es\/produtos\/varas-de-mano-varas-de-maniobra-y-herramientas-universales\/baul-motocicleta-de-servicio\/","og_site_name":"Equipamentos de Manuten\u00e7\u00e3o e Seguran\u00e7a para o Setor El\u00e9trico - Ritz Brasil","article_modified_time":"2026-04-15T13:48:55+00:00","og_image":[{"width":1200,"height":1200,"url":"https:\/\/www.ritzbrasil.com\/wp-content\/uploads\/2026\/04\/COB32957-1-bau-para-moto-plantao.jpg","type":"image\/jpeg"}],"twitter_card":"summary_large_image","twitter_misc":{"Tiempo de lectura":"1 minuto"},"schema":{"@context":"https:\/\/schema.org","@graph":[{"@type":"WebPage","@id":"https:\/\/www.ritzbrasil.com\/es\/produtos\/varas-de-mano-varas-de-maniobra-y-herramientas-universales\/baul-motocicleta-de-servicio\/","url":"https:\/\/www.ritzbrasil.com\/es\/produtos\/varas-de-mano-varas-de-maniobra-y-herramientas-universales\/baul-motocicleta-de-servicio\/","name":"Ba\u00fal para Moto de Servicio con Estructura Modular","isPartOf":{"@id":"https:\/\/www.ritzbrasil.com\/es\/#website"},"primaryImageOfPage":{"@id":"https:\/\/www.ritzbrasil.com\/es\/produtos\/varas-de-mano-varas-de-maniobra-y-herramientas-universales\/baul-motocicleta-de-servicio\/#primaryimage"},"image":{"@id":"https:\/\/www.ritzbrasil.com\/es\/produtos\/varas-de-mano-varas-de-maniobra-y-herramientas-universales\/baul-motocicleta-de-servicio\/#primaryimage"},"thumbnailUrl":"https:\/\/www.ritzbrasil.com\/wp-content\/uploads\/2026\/04\/COB32957-1-bau-para-moto-plantao.jpg","datePublished":"2026-04-15T10:46:10+00:00","dateModified":"2026-04-15T13:48:55+00:00","description":"Ba\u00fal para moto de servicio con estructura modular y alta resistencia. Protecci\u00f3n contra impactos, agua y polvo para transporte seguro.","breadcrumb":{"@id":"https:\/\/www.ritzbrasil.com\/es\/produtos\/varas-de-mano-varas-de-maniobra-y-herramientas-universales\/baul-motocicleta-de-servicio\/#breadcrumb"},"inLanguage":"es","potentialAction":[{"@type":"ReadAction","target":["https:\/\/www.ritzbrasil.com\/es\/produtos\/varas-de-mano-varas-de-maniobra-y-herramientas-universales\/baul-motocicleta-de-servicio\/"]}]},{"@type":"ImageObject","inLanguage":"es","@id":"https:\/\/www.ritzbrasil.com\/es\/produtos\/varas-de-mano-varas-de-maniobra-y-herramientas-universales\/baul-motocicleta-de-servicio\/#primaryimage","url":"https:\/\/www.ritzbrasil.com\/wp-content\/uploads\/2026\/04\/COB32957-1-bau-para-moto-plantao.jpg","contentUrl":"https:\/\/www.ritzbrasil.com\/wp-content\/uploads\/2026\/04\/COB32957-1-bau-para-moto-plantao.jpg","width":1200,"height":1200,"caption":"ba\u00fal resistente para moto de servicio para mantenimiento el\u00e9ctrico"},{"@type":"BreadcrumbList","@id":"https:\/\/www.ritzbrasil.com\/es\/produtos\/varas-de-mano-varas-de-maniobra-y-herramientas-universales\/baul-motocicleta-de-servicio\/#breadcrumb","itemListElement":[{"@type":"ListItem","position":1,"name":"In\u00edcio","item":"https:\/\/www.ritzbrasil.com\/es\/"},{"@type":"ListItem","position":2,"name":"Tienda","item":"https:\/\/www.ritzbrasil.com\/es\/tienda\/"},{"@type":"ListItem","position":3,"name":"Ba\u00fal Motocicleta de Servicio"}]},{"@type":"WebSite","@id":"https:\/\/www.ritzbrasil.com\/es\/#website","url":"https:\/\/www.ritzbrasil.com\/es\/","name":"Equipamentos de Manuten\u00e7\u00e3o e Seguran\u00e7a para o Setor El\u00e9trico - Ritz Brasil","description":"","potentialAction":[{"@type":"SearchAction","target":{"@type":"EntryPoint","urlTemplate":"https:\/\/www.ritzbrasil.com\/es\/?s={search_term_string}"},"query-input":{"@type":"PropertyValueSpecification","valueRequired":true,"valueName":"search_term_string"}}],"inLanguage":"es"}]}},"_links":{"self":[{"href":"https:\/\/www.ritzbrasil.com\/es\/wp-json\/wp\/v2\/product\/62439","targetHints":{"allow":["GET"]}}],"collection":[{"href":"https:\/\/www.ritzbrasil.com\/es\/wp-json\/wp\/v2\/product"}],"about":[{"href":"https:\/\/www.ritzbrasil.com\/es\/wp-json\/wp\/v2\/types\/product"}],"wp:featuredmedia":[{"embeddable":true,"href":"https:\/\/www.ritzbrasil.com\/es\/wp-json\/wp\/v2\/media\/62428"}],"wp:attachment":[{"href":"https:\/\/www.ritzbrasil.com\/es\/wp-json\/wp\/v2\/media?parent=62439"}],"wp:term":[{"taxonomy":"product_brand","embeddable":true,"href":"https:\/\/www.ritzbrasil.com\/es\/wp-json\/wp\/v2\/product_brand?post=62439"},{"taxonomy":"product_cat","embeddable":true,"href":"https:\/\/www.ritzbrasil.com\/es\/wp-json\/wp\/v2\/product_cat?post=62439"},{"taxonomy":"product_tag","embeddable":true,"href":"https:\/\/www.ritzbrasil.com\/es\/wp-json\/wp\/v2\/product_tag?post=62439"}],"curies":[{"name":"wp","href":"https:\/\/api.w.org\/{rel}","templated":true}]}}