{"id":61461,"date":"2024-07-08T07:00:32","date_gmt":"2024-07-08T10:00:32","guid":{"rendered":"https:\/\/www.ritzbrasil.com\/produtos\/sin%20categor\u00eda\/piquete-de-puesta-a-tierra-temporal-para-red-secundaria-bt\/"},"modified":"2026-02-25T17:17:01","modified_gmt":"2026-02-25T20:17:01","slug":"piquete-de-puesta-a-tierra-temporal-para-red-secundaria-bt","status":"publish","type":"product","link":"https:\/\/www.ritzbrasil.com\/es\/produtos\/toma-de-tierra-temporal\/toma-de-tierra-de-baja-tension\/piquete-de-puesta-a-tierra-temporal-para-red-secundaria-bt\/","title":{"rendered":"Piquete de puesta a tierra temporal para red secundaria (BT)"},"content":{"rendered":"<div class=\"wpb-content-wrapper\"><p>[vc_row][vc_column][vc_column_text css=\u00bb.vc_custom_1720533795161{margin-top: 20px !important;}\u00bb]<\/p>\n<h4><span style=\"color: #ff9900;\"><strong>ATR04514-1 &#8211; P\u00e9rtiga de puesta a tierra temporal para red secundaria (BT)<\/strong><\/span><\/h4>\n<p>[\/vc_column_text][vc_column_text css=\u00bb.vc_custom_1720534639968{margin-top: -20px !important;}\u00bb]\n<div id=\"tablepress-ATR04514-1-scroll-wrapper\" class=\"tablepress-scroll-wrapper\">\n<table id=\"tablepress-ATR04514-1\" class=\"tablepress tablepress-id-ATR04514-1 tablepress-responsive\">\n<thead>\n<tr class=\"row-1\">\n\t<td class=\"column-1\"><\/td><th class=\"column-2\">Refer\u00eancia<\/th><th class=\"column-3\">Descri\u00e7\u00e3o<\/th><td class=\"column-4\"><\/td><td class=\"column-5\"><\/td>\n<\/tr>\n<\/thead>\n<tbody class=\"row-striping row-hover\">\n<tr class=\"row-2\">\n\t<td class=\"column-1\"><img decoding=\"async\" src=\"https:\/\/www.ritzbrasil.com\/wp-content\/uploads\/2024\/07\/atr04514-1-bastao-aterramento-temporario-rede-secundaria-bt-150x150-1.jpg\" \/><\/td><td class=\"column-2\">ATR04514-1<\/td><td class=\"column-3\">Para aplica\u00e7\u00e3o por m\u00e9todo ao contato, dotado com 5 garras, punho e<br \/>\npingadeira de borracha acoplada.<\/td><td class=\"column-4\">    <button class=\"add-to-budget\" data-table-id=\"ATR04514-1\" data-reference=\"ATR04514-1\" data-description=\"Bast\u00e3o De Aterramento Tempor\u00e1rio Para Rede Secund\u00e1ria (Bt)\" style=\"color:#ff4d00;\">\n        <img decoding=\"async\" src=\"https:\/\/www.ritzbrasil.com\/\/wp-content\/uploads\/2024\/07\/orcar-compras-tabela-new-1.png\" alt=\"Solicitar cotizaci\u00f3n\" title=\"Solicitar cotizaci\u00f3n\" \/>\n    <\/button>\n    <\/td><td class=\"column-5\"><a href=\"https:\/\/lojasritz.com.br\/catalogsearch\/result\/?q=ATR04514-1\" target=\"_blank\" rel=\"noopener\"><img decoding=\"async\" src=\"https:\/\/www.ritzbrasil.com\/wp-content\/uploads\/2024\/07\/carrinho-compras-tabela.png\"  \/><\/a><\/td>\n<\/tr>\n<\/tbody>\n<\/table>\n<\/div>\n[\/vc_column_text][vc_separator border_width=\u00bb2&#8243; css=\u00bb\u00bb][\/vc_column][\/vc_row][vc_row][vc_column][vc_column_text css=\u00bb.vc_custom_1720535545259{margin-top: 20px !important;}\u00bb]<\/p>\n<h4><span style=\"color: #ff9900;\"><strong>ATR04514-2 &#8211; P\u00e9rtiga de puesta a tierra temporal para redes secundarias (BT)<\/strong><\/span><\/h4>\n<p>[\/vc_column_text][vc_column_text css=\u00bb.vc_custom_1720534654512{margin-top: -20px !important;}\u00bb]\n<div id=\"tablepress-ATR04514-2-scroll-wrapper\" class=\"tablepress-scroll-wrapper\">\n<table id=\"tablepress-ATR04514-2\" class=\"tablepress tablepress-id-ATR04514-2 tablepress-responsive\">\n<thead>\n<tr class=\"row-1\">\n\t<td class=\"column-1\"><\/td><th class=\"column-2\">Refer\u00eancia<\/th><th class=\"column-3\">Descri\u00e7\u00e3o<\/th><td class=\"column-4\"><\/td><td class=\"column-5\"><\/td>\n<\/tr>\n<\/thead>\n<tbody class=\"row-striping row-hover\">\n<tr class=\"row-2\">\n\t<td class=\"column-1\"><img decoding=\"async\" src=\"https:\/\/www.ritzbrasil.com\/wp-content\/uploads\/2024\/07\/atr04514-2-bastao-aterramento-temporario-rede-secundaria-bt-150x150-1.jpg\" \/><\/td><td class=\"column-2\">ATR04514-2<\/td><td class=\"column-3\">Para aplica\u00e7\u00e3o por m\u00e9todo ao contato, dotado com 4 garras, punho e<br \/>\npingadeira de borracha acoplada.<\/td><td class=\"column-4\">    <button class=\"add-to-budget\" data-table-id=\"ATR04514-2\" data-reference=\"ATR04514-2\" data-description=\"Bast\u00e3o De Aterramento Tempor\u00e1rio Para Rede Secund\u00e1ria (Bt)\" style=\"color:#ff4d00;\">\n        <img decoding=\"async\" src=\"https:\/\/www.ritzbrasil.com\/\/wp-content\/uploads\/2024\/07\/orcar-compras-tabela-new-1.png\" alt=\"Solicitar cotizaci\u00f3n\" title=\"Solicitar cotizaci\u00f3n\" \/>\n    <\/button>\n    <\/td><td class=\"column-5\"><a href=\"https:\/\/lojasritz.com.br\/catalogsearch\/result\/?q=ATR04514-2\" target=\"_blank\" rel=\"noopener\"><img decoding=\"async\" src=\"https:\/\/www.ritzbrasil.com\/wp-content\/uploads\/2024\/07\/carrinho-compras-tabela.png\"  \/><\/a><\/td>\n<\/tr>\n<\/tbody>\n<\/table>\n<\/div>\n[\/vc_column_text][vc_separator border_width=\u00bb2&#8243; css=\u00bb\u00bb][\/vc_column][\/vc_row][vc_row][vc_column][vc_column_text css=\u00bb.vc_custom_1720535557746{margin-top: 20px !important;}\u00bb]<\/p>\n<h4><span style=\"color: #ff9900;\"><strong>ATR29580-1 &#8211; P\u00e9rtiga de puesta a tierra temporal para red secundaria (BT)<\/strong><\/span><\/h4>\n<p>[\/vc_column_text][vc_column_text css=\u00bb.vc_custom_1720534745796{margin-top: -20px !important;}\u00bb]\n<div id=\"tablepress-ATR29580-1-scroll-wrapper\" class=\"tablepress-scroll-wrapper\">\n<table id=\"tablepress-ATR29580-1\" class=\"tablepress tablepress-id-ATR29580-1 tablepress-responsive\">\n<thead>\n<tr class=\"row-1\">\n\t<td class=\"column-1\"><\/td><th class=\"column-2\">Refer\u00eancia<\/th><th class=\"column-3\">Descri\u00e7\u00e3o<\/th><td class=\"column-4\"><\/td><td class=\"column-5\"><\/td>\n<\/tr>\n<\/thead>\n<tbody class=\"row-striping row-hover\">\n<tr class=\"row-2\">\n\t<td class=\"column-1\"><img decoding=\"async\" src=\"https:\/\/www.ritzbrasil.com\/wp-content\/uploads\/2024\/07\/atr29580-1-bastao-aterramento-temporario-rede-secundaria-bt-150x150-1.jpg\" \/><\/td><td class=\"column-2\">ATR29580-1<\/td><td class=\"column-3\">Para aplica\u00e7\u00e3o por m\u00e9todo a dist\u00e2ncia, possui em sua extremidade inferior um<br \/>\ncabe\u00e7ote universal desacopl\u00e1vel com guia e rosca, permitindo o encaixe de<br \/>\nvaras e bast\u00f5es universais, dotado com 4 garras.<\/td><td class=\"column-4\">    <button class=\"add-to-budget\" data-table-id=\"ATR29580-1\" data-reference=\"ATR29580-1\" data-description=\"Bast\u00e3o De Aterramento Tempor\u00e1rio Para Rede Secund\u00e1ria (Bt)\" style=\"color:#ff4d00;\">\n        <img decoding=\"async\" src=\"https:\/\/www.ritzbrasil.com\/\/wp-content\/uploads\/2024\/07\/orcar-compras-tabela-new-1.png\" alt=\"Solicitar cotizaci\u00f3n\" title=\"Solicitar cotizaci\u00f3n\" \/>\n    <\/button>\n    <\/td><td class=\"column-5\"><a href=\"https:\/\/lojasritz.com.br\/catalogsearch\/result\/?q=ATR29580-1\" target=\"_blank\" rel=\"noopener\"><img decoding=\"async\" src=\"https:\/\/www.ritzbrasil.com\/wp-content\/uploads\/2024\/07\/carrinho-compras-tabela.png\"  \/><\/a><\/td>\n<\/tr>\n<\/tbody>\n<\/table>\n<\/div>\n[\/vc_column_text][vc_separator border_width=\u00bb2&#8243; css=\u00bb\u00bb][\/vc_column][\/vc_row][vc_row][vc_column][vc_column_text css=\u00bb.vc_custom_1720535571669{margin-top: 20px !important;}\u00bb]<\/p>\n<h4><span style=\"color: #ff9900;\"><strong>ATR29580-2 &#8211; P\u00e9rtiga de puesta a tierra temporal para red secundaria (BT)<\/strong><\/span><\/h4>\n<p>[\/vc_column_text][vc_column_text css=\u00bb.vc_custom_1720534768087{margin-top: -20px !important;}\u00bb]\n<div id=\"tablepress-ATR29580-2-scroll-wrapper\" class=\"tablepress-scroll-wrapper\">\n<table id=\"tablepress-ATR29580-2\" class=\"tablepress tablepress-id-ATR29580-2 tablepress-responsive\">\n<thead>\n<tr class=\"row-1\">\n\t<td class=\"column-1\"><\/td><th class=\"column-2\">Refer\u00eancia<\/th><th class=\"column-3\">Descri\u00e7\u00e3o<\/th><td class=\"column-4\"><\/td><td class=\"column-5\"><\/td>\n<\/tr>\n<\/thead>\n<tbody class=\"row-striping row-hover\">\n<tr class=\"row-2\">\n\t<td class=\"column-1\"><img decoding=\"async\" src=\"https:\/\/www.ritzbrasil.com\/wp-content\/uploads\/2024\/07\/atr29580-2-bastao-aterramento-temporario-rede-secundaria-bt-150x150-1.jpg\" \/><\/td><td class=\"column-2\">ATR29580-2<\/td><td class=\"column-3\">Para aplica\u00e7\u00e3o por m\u00e9todo a dist\u00e2ncia, possui em sua extremidade inferior<br \/>\num cabe\u00e7ote tipo olhal, permitindo o encaixe do bast\u00e3o de manobra, <br \/>\ndotado com 4 garras.<\/td><td class=\"column-4\">    <button class=\"add-to-budget\" data-table-id=\"ATR29580-2\" data-reference=\"ATR29580-2\" data-description=\"Bast\u00e3o De Aterramento Tempor\u00e1rio Para Rede Secund\u00e1ria (Bt)\" style=\"color:#ff4d00;\">\n        <img decoding=\"async\" src=\"https:\/\/www.ritzbrasil.com\/\/wp-content\/uploads\/2024\/07\/orcar-compras-tabela-new-1.png\" alt=\"Solicitar cotizaci\u00f3n\" title=\"Solicitar cotizaci\u00f3n\" \/>\n    <\/button>\n    <\/td><td class=\"column-5\"><a href=\"https:\/\/lojasritz.com.br\/catalogsearch\/result\/?q=ATR29580-2\" target=\"_blank\" rel=\"noopener\"><img decoding=\"async\" src=\"https:\/\/www.ritzbrasil.com\/wp-content\/uploads\/2024\/07\/carrinho-compras-tabela.png\"  \/><\/a><\/td>\n<\/tr>\n<\/tbody>\n<\/table>\n<\/div>\n[\/vc_column_text][vc_separator border_width=\u00bb2&#8243; css=\u00bb\u00bb][\/vc_column][\/vc_row]<\/p>\n<\/div>","protected":false},"excerpt":{"rendered":"<h4>Piquete de puesta a tierra temporal para red secundaria (BT)<\/h4>\n<p>Dise\u00f1ada para facilitar el trabajo del electricista, esta varilla permite conectar simult\u00e1neamente los conductores de fase al conductor neutro, estableciendo el cortocircuito con un solo movimiento.<br \/>\nFabricada con tubo RITZGLAS\u00ae \u00d8 25 mm de alta calidad y garras de aluminio de fijaci\u00f3n r\u00e1pida, esta varilla garantiza una instalaci\u00f3n r\u00e1pida y eficaz sin da\u00f1ar los conductores. Las garras se fijan a los cables que hay que conectar a tierra mediante la presi\u00f3n de un muelle, proporcionando no s\u00f3lo agilidad, sino tambi\u00e9n preservando la integridad de los componentes.<\/p>\n<p>Adem\u00e1s, el poste est\u00e1 preposicionado para el cable que conducir\u00e1 al punto de tierra, lo que ofrece una versatilidad adicional.<\/p>\n","protected":false},"featured_media":56639,"template":"","meta":[],"product_brand":[],"product_cat":[4446,1661],"product_tag":[4471,4472,4473,4474,4448,4470,1663,4044],"class_list":{"0":"post-61461","1":"product","2":"type-product","3":"status-publish","4":"has-post-thumbnail","6":"product_cat-toma-de-tierra-de-baja-tension","7":"product_cat-toma-de-tierra-temporal","8":"product_tag-atr04514-1","9":"product_tag-atr04514-2","10":"product_tag-atr29580-1","11":"product_tag-atr29580-2","12":"product_tag-baja-tension","13":"product_tag-barra-de-puesta-a-tierra","14":"product_tag-set-de-puesta-a-tierra-temporal","15":"product_tag-toma-de-tierra-temporal","16":"description-off","18":"first","19":"instock","20":"virtual","21":"product-type-simple"},"yoast_head":"<!-- This site is optimized with the Yoast SEO plugin v27.1.1 - https:\/\/yoast.com\/product\/yoast-seo-wordpress\/ -->\n<title>Piquete de puesta a tierra temporal para red secundaria (BT)<\/title>\n<meta name=\"description\" content=\"P\u00e9rtiga de Puesta a Tierra Temporal para Red Secundaria (BT), Dise\u00f1ada para facilitar el trabajo del electricista, esta p\u00e9rtiga permite la conexi\u00f3n simult\u00e1nea de los conductores de fase al conductor neutro, estableciendo el cortocircuito con un solo movimiento.\" \/>\n<meta name=\"robots\" content=\"index, follow, max-snippet:-1, max-image-preview:large, max-video-preview:-1\" \/>\n<link rel=\"canonical\" href=\"https:\/\/www.ritzbrasil.com\/es\/produtos\/toma-de-tierra-temporal\/toma-de-tierra-de-baja-tension\/piquete-de-puesta-a-tierra-temporal-para-red-secundaria-bt\/\" \/>\n<meta property=\"og:locale\" content=\"es_ES\" \/>\n<meta property=\"og:type\" content=\"article\" \/>\n<meta property=\"og:title\" content=\"Piquete de puesta a tierra temporal para red secundaria (BT)\" \/>\n<meta property=\"og:description\" content=\"P\u00e9rtiga de Puesta a Tierra Temporal para Red Secundaria (BT), Dise\u00f1ada para facilitar el trabajo del electricista, esta p\u00e9rtiga permite la conexi\u00f3n simult\u00e1nea de los conductores de fase al conductor neutro, estableciendo el cortocircuito con un solo movimiento.\" \/>\n<meta property=\"og:url\" content=\"https:\/\/www.ritzbrasil.com\/es\/produtos\/toma-de-tierra-temporal\/toma-de-tierra-de-baja-tension\/piquete-de-puesta-a-tierra-temporal-para-red-secundaria-bt\/\" \/>\n<meta property=\"og:site_name\" content=\"Equipamentos de Manuten\u00e7\u00e3o e Seguran\u00e7a para o Setor El\u00e9trico - Ritz Brasil\" \/>\n<meta property=\"article:modified_time\" content=\"2026-02-25T20:17:01+00:00\" \/>\n<meta property=\"og:image\" content=\"https:\/\/www.ritzbrasil.com\/wp-content\/uploads\/2024\/07\/atr04514-1-bastao-aterramento-temporario-rede-secundaria-bt.jpg\" \/>\n\t<meta property=\"og:image:width\" content=\"1200\" \/>\n\t<meta property=\"og:image:height\" content=\"1200\" \/>\n\t<meta property=\"og:image:type\" content=\"image\/jpeg\" \/>\n<meta name=\"twitter:card\" content=\"summary_large_image\" \/>\n<meta name=\"twitter:label1\" content=\"Tiempo de lectura\" \/>\n\t<meta name=\"twitter:data1\" content=\"1 minuto\" \/>\n<script type=\"application\/ld+json\" class=\"yoast-schema-graph\">{\"@context\":\"https:\/\/schema.org\",\"@graph\":[{\"@type\":\"WebPage\",\"@id\":\"https:\/\/www.ritzbrasil.com\/es\/produtos\/toma-de-tierra-temporal\/toma-de-tierra-de-baja-tension\/piquete-de-puesta-a-tierra-temporal-para-red-secundaria-bt\/\",\"url\":\"https:\/\/www.ritzbrasil.com\/es\/produtos\/toma-de-tierra-temporal\/toma-de-tierra-de-baja-tension\/piquete-de-puesta-a-tierra-temporal-para-red-secundaria-bt\/\",\"name\":\"Piquete de puesta a tierra temporal para red secundaria (BT)\",\"isPartOf\":{\"@id\":\"https:\/\/www.ritzbrasil.com\/es\/#website\"},\"primaryImageOfPage\":{\"@id\":\"https:\/\/www.ritzbrasil.com\/es\/produtos\/toma-de-tierra-temporal\/toma-de-tierra-de-baja-tension\/piquete-de-puesta-a-tierra-temporal-para-red-secundaria-bt\/#primaryimage\"},\"image\":{\"@id\":\"https:\/\/www.ritzbrasil.com\/es\/produtos\/toma-de-tierra-temporal\/toma-de-tierra-de-baja-tension\/piquete-de-puesta-a-tierra-temporal-para-red-secundaria-bt\/#primaryimage\"},\"thumbnailUrl\":\"https:\/\/www.ritzbrasil.com\/wp-content\/uploads\/2024\/07\/atr04514-1-bastao-aterramento-temporario-rede-secundaria-bt.jpg\",\"datePublished\":\"2024-07-08T10:00:32+00:00\",\"dateModified\":\"2026-02-25T20:17:01+00:00\",\"description\":\"P\u00e9rtiga de Puesta a Tierra Temporal para Red Secundaria (BT), Dise\u00f1ada para facilitar el trabajo del electricista, esta p\u00e9rtiga permite la conexi\u00f3n simult\u00e1nea de los conductores de fase al conductor neutro, estableciendo el cortocircuito con un solo movimiento.\",\"breadcrumb\":{\"@id\":\"https:\/\/www.ritzbrasil.com\/es\/produtos\/toma-de-tierra-temporal\/toma-de-tierra-de-baja-tension\/piquete-de-puesta-a-tierra-temporal-para-red-secundaria-bt\/#breadcrumb\"},\"inLanguage\":\"es\",\"potentialAction\":[{\"@type\":\"ReadAction\",\"target\":[\"https:\/\/www.ritzbrasil.com\/es\/produtos\/toma-de-tierra-temporal\/toma-de-tierra-de-baja-tension\/piquete-de-puesta-a-tierra-temporal-para-red-secundaria-bt\/\"]}]},{\"@type\":\"ImageObject\",\"inLanguage\":\"es\",\"@id\":\"https:\/\/www.ritzbrasil.com\/es\/produtos\/toma-de-tierra-temporal\/toma-de-tierra-de-baja-tension\/piquete-de-puesta-a-tierra-temporal-para-red-secundaria-bt\/#primaryimage\",\"url\":\"https:\/\/www.ritzbrasil.com\/wp-content\/uploads\/2024\/07\/atr04514-1-bastao-aterramento-temporario-rede-secundaria-bt.jpg\",\"contentUrl\":\"https:\/\/www.ritzbrasil.com\/wp-content\/uploads\/2024\/07\/atr04514-1-bastao-aterramento-temporario-rede-secundaria-bt.jpg\",\"width\":1200,\"height\":1200,\"caption\":\"ATR04514-1 - P\u00e9rtiga de puesta a tierra temporal para red secundaria (BT)\"},{\"@type\":\"BreadcrumbList\",\"@id\":\"https:\/\/www.ritzbrasil.com\/es\/produtos\/toma-de-tierra-temporal\/toma-de-tierra-de-baja-tension\/piquete-de-puesta-a-tierra-temporal-para-red-secundaria-bt\/#breadcrumb\",\"itemListElement\":[{\"@type\":\"ListItem\",\"position\":1,\"name\":\"In\u00edcio\",\"item\":\"https:\/\/www.ritzbrasil.com\/es\/\"},{\"@type\":\"ListItem\",\"position\":2,\"name\":\"Tienda\",\"item\":\"https:\/\/www.ritzbrasil.com\/es\/tienda\/\"},{\"@type\":\"ListItem\",\"position\":3,\"name\":\"Piquete de puesta a tierra temporal para red secundaria (BT)\"}]},{\"@type\":\"WebSite\",\"@id\":\"https:\/\/www.ritzbrasil.com\/es\/#website\",\"url\":\"https:\/\/www.ritzbrasil.com\/es\/\",\"name\":\"Equipamentos de Manuten\u00e7\u00e3o e Seguran\u00e7a para o Setor El\u00e9trico - Ritz Brasil\",\"description\":\"\",\"potentialAction\":[{\"@type\":\"SearchAction\",\"target\":{\"@type\":\"EntryPoint\",\"urlTemplate\":\"https:\/\/www.ritzbrasil.com\/es\/?s={search_term_string}\"},\"query-input\":{\"@type\":\"PropertyValueSpecification\",\"valueRequired\":true,\"valueName\":\"search_term_string\"}}],\"inLanguage\":\"es\"}]}<\/script>\n<!-- \/ Yoast SEO plugin. -->","yoast_head_json":{"title":"Piquete de puesta a tierra temporal para red secundaria (BT)","description":"P\u00e9rtiga de Puesta a Tierra Temporal para Red Secundaria (BT), Dise\u00f1ada para facilitar el trabajo del electricista, esta p\u00e9rtiga permite la conexi\u00f3n simult\u00e1nea de los conductores de fase al conductor neutro, estableciendo el cortocircuito con un solo movimiento.","robots":{"index":"index","follow":"follow","max-snippet":"max-snippet:-1","max-image-preview":"max-image-preview:large","max-video-preview":"max-video-preview:-1"},"canonical":"https:\/\/www.ritzbrasil.com\/es\/produtos\/toma-de-tierra-temporal\/toma-de-tierra-de-baja-tension\/piquete-de-puesta-a-tierra-temporal-para-red-secundaria-bt\/","og_locale":"es_ES","og_type":"article","og_title":"Piquete de puesta a tierra temporal para red secundaria (BT)","og_description":"P\u00e9rtiga de Puesta a Tierra Temporal para Red Secundaria (BT), Dise\u00f1ada para facilitar el trabajo del electricista, esta p\u00e9rtiga permite la conexi\u00f3n simult\u00e1nea de los conductores de fase al conductor neutro, estableciendo el cortocircuito con un solo movimiento.","og_url":"https:\/\/www.ritzbrasil.com\/es\/produtos\/toma-de-tierra-temporal\/toma-de-tierra-de-baja-tension\/piquete-de-puesta-a-tierra-temporal-para-red-secundaria-bt\/","og_site_name":"Equipamentos de Manuten\u00e7\u00e3o e Seguran\u00e7a para o Setor El\u00e9trico - Ritz Brasil","article_modified_time":"2026-02-25T20:17:01+00:00","og_image":[{"width":1200,"height":1200,"url":"https:\/\/www.ritzbrasil.com\/wp-content\/uploads\/2024\/07\/atr04514-1-bastao-aterramento-temporario-rede-secundaria-bt.jpg","type":"image\/jpeg"}],"twitter_card":"summary_large_image","twitter_misc":{"Tiempo de lectura":"1 minuto"},"schema":{"@context":"https:\/\/schema.org","@graph":[{"@type":"WebPage","@id":"https:\/\/www.ritzbrasil.com\/es\/produtos\/toma-de-tierra-temporal\/toma-de-tierra-de-baja-tension\/piquete-de-puesta-a-tierra-temporal-para-red-secundaria-bt\/","url":"https:\/\/www.ritzbrasil.com\/es\/produtos\/toma-de-tierra-temporal\/toma-de-tierra-de-baja-tension\/piquete-de-puesta-a-tierra-temporal-para-red-secundaria-bt\/","name":"Piquete de puesta a tierra temporal para red secundaria (BT)","isPartOf":{"@id":"https:\/\/www.ritzbrasil.com\/es\/#website"},"primaryImageOfPage":{"@id":"https:\/\/www.ritzbrasil.com\/es\/produtos\/toma-de-tierra-temporal\/toma-de-tierra-de-baja-tension\/piquete-de-puesta-a-tierra-temporal-para-red-secundaria-bt\/#primaryimage"},"image":{"@id":"https:\/\/www.ritzbrasil.com\/es\/produtos\/toma-de-tierra-temporal\/toma-de-tierra-de-baja-tension\/piquete-de-puesta-a-tierra-temporal-para-red-secundaria-bt\/#primaryimage"},"thumbnailUrl":"https:\/\/www.ritzbrasil.com\/wp-content\/uploads\/2024\/07\/atr04514-1-bastao-aterramento-temporario-rede-secundaria-bt.jpg","datePublished":"2024-07-08T10:00:32+00:00","dateModified":"2026-02-25T20:17:01+00:00","description":"P\u00e9rtiga de Puesta a Tierra Temporal para Red Secundaria (BT), Dise\u00f1ada para facilitar el trabajo del electricista, esta p\u00e9rtiga permite la conexi\u00f3n simult\u00e1nea de los conductores de fase al conductor neutro, estableciendo el cortocircuito con un solo movimiento.","breadcrumb":{"@id":"https:\/\/www.ritzbrasil.com\/es\/produtos\/toma-de-tierra-temporal\/toma-de-tierra-de-baja-tension\/piquete-de-puesta-a-tierra-temporal-para-red-secundaria-bt\/#breadcrumb"},"inLanguage":"es","potentialAction":[{"@type":"ReadAction","target":["https:\/\/www.ritzbrasil.com\/es\/produtos\/toma-de-tierra-temporal\/toma-de-tierra-de-baja-tension\/piquete-de-puesta-a-tierra-temporal-para-red-secundaria-bt\/"]}]},{"@type":"ImageObject","inLanguage":"es","@id":"https:\/\/www.ritzbrasil.com\/es\/produtos\/toma-de-tierra-temporal\/toma-de-tierra-de-baja-tension\/piquete-de-puesta-a-tierra-temporal-para-red-secundaria-bt\/#primaryimage","url":"https:\/\/www.ritzbrasil.com\/wp-content\/uploads\/2024\/07\/atr04514-1-bastao-aterramento-temporario-rede-secundaria-bt.jpg","contentUrl":"https:\/\/www.ritzbrasil.com\/wp-content\/uploads\/2024\/07\/atr04514-1-bastao-aterramento-temporario-rede-secundaria-bt.jpg","width":1200,"height":1200,"caption":"ATR04514-1 - P\u00e9rtiga de puesta a tierra temporal para red secundaria (BT)"},{"@type":"BreadcrumbList","@id":"https:\/\/www.ritzbrasil.com\/es\/produtos\/toma-de-tierra-temporal\/toma-de-tierra-de-baja-tension\/piquete-de-puesta-a-tierra-temporal-para-red-secundaria-bt\/#breadcrumb","itemListElement":[{"@type":"ListItem","position":1,"name":"In\u00edcio","item":"https:\/\/www.ritzbrasil.com\/es\/"},{"@type":"ListItem","position":2,"name":"Tienda","item":"https:\/\/www.ritzbrasil.com\/es\/tienda\/"},{"@type":"ListItem","position":3,"name":"Piquete de puesta a tierra temporal para red secundaria (BT)"}]},{"@type":"WebSite","@id":"https:\/\/www.ritzbrasil.com\/es\/#website","url":"https:\/\/www.ritzbrasil.com\/es\/","name":"Equipamentos de Manuten\u00e7\u00e3o e Seguran\u00e7a para o Setor El\u00e9trico - Ritz Brasil","description":"","potentialAction":[{"@type":"SearchAction","target":{"@type":"EntryPoint","urlTemplate":"https:\/\/www.ritzbrasil.com\/es\/?s={search_term_string}"},"query-input":{"@type":"PropertyValueSpecification","valueRequired":true,"valueName":"search_term_string"}}],"inLanguage":"es"}]}},"_links":{"self":[{"href":"https:\/\/www.ritzbrasil.com\/es\/wp-json\/wp\/v2\/product\/61461","targetHints":{"allow":["GET"]}}],"collection":[{"href":"https:\/\/www.ritzbrasil.com\/es\/wp-json\/wp\/v2\/product"}],"about":[{"href":"https:\/\/www.ritzbrasil.com\/es\/wp-json\/wp\/v2\/types\/product"}],"wp:featuredmedia":[{"embeddable":true,"href":"https:\/\/www.ritzbrasil.com\/es\/wp-json\/wp\/v2\/media\/56639"}],"wp:attachment":[{"href":"https:\/\/www.ritzbrasil.com\/es\/wp-json\/wp\/v2\/media?parent=61461"}],"wp:term":[{"taxonomy":"product_brand","embeddable":true,"href":"https:\/\/www.ritzbrasil.com\/es\/wp-json\/wp\/v2\/product_brand?post=61461"},{"taxonomy":"product_cat","embeddable":true,"href":"https:\/\/www.ritzbrasil.com\/es\/wp-json\/wp\/v2\/product_cat?post=61461"},{"taxonomy":"product_tag","embeddable":true,"href":"https:\/\/www.ritzbrasil.com\/es\/wp-json\/wp\/v2\/product_tag?post=61461"}],"curies":[{"name":"wp","href":"https:\/\/api.w.org\/{rel}","templated":true}]}}