{"id":61459,"date":"2024-07-08T07:10:48","date_gmt":"2024-07-08T10:10:48","guid":{"rendered":"https:\/\/www.ritzbrasil.com\/produtos\/sin%20categor\u00eda\/puesta-a-tierra-temporal-para-baja-tension-bt\/"},"modified":"2026-02-25T17:16:54","modified_gmt":"2026-02-25T20:16:54","slug":"puesta-a-tierra-temporal-para-baja-tension-bt","status":"publish","type":"product","link":"https:\/\/www.ritzbrasil.com\/es\/produtos\/productos\/equipo-puesta-tierra-cortocircuito\/puesta-a-tierra-temporal-para-baja-tension-bt\/","title":{"rendered":"Puesta a tierra temporal para baja tensi\u00f3n (BT)"},"content":{"rendered":"<div class=\"wpb-content-wrapper\"><p>[vc_row][vc_column][vc_column_text css=\u00bb.vc_custom_1720632143786{margin-top: 20px !important;}\u00bb]<\/p>\n<h4><span style=\"color: #ff9900;\"><strong>ATR17439-1 &#8211; Juego de puesta a tierra temporal para<br \/>\nRed secundaria convencional (BT)<\/strong><\/span><\/h4>\n<p>[\/vc_column_text][vc_column_text css=\u00bb.vc_custom_1720701901146{margin-top: -20px !important;}\u00bb]\n<div id=\"tablepress-ATR17439-1-scroll-wrapper\" class=\"tablepress-scroll-wrapper\">\n<table id=\"tablepress-ATR17439-1\" class=\"tablepress tablepress-id-ATR17439-1 tablepress-responsive\">\n<thead>\n<tr class=\"row-1\">\n\t<td class=\"column-1\"><\/td><th class=\"column-2\">Refer\u00eancia<\/th><th class=\"column-3\">Descri\u00e7\u00e3o<\/th><td class=\"column-4\"><\/td><td class=\"column-5\"><\/td>\n<\/tr>\n<\/thead>\n<tbody class=\"row-striping row-hover\">\n<tr class=\"row-2\">\n\t<td class=\"column-1\"><img decoding=\"async\" src=\"https:\/\/www.ritzbrasil.com\/wp-content\/uploads\/2024\/07\/atr17439-1-conjunto-aterramento-temporario-rede-secundaria-convencional-bt-150x150-1.jpg\" \/><\/td><td class=\"column-2\">ATR17439-1<\/td><td class=\"column-3\">Corrente m\u00e1xima de curto-circuito: 60 ciclos - 5 kA<br \/>\n<\/td><td class=\"column-4\">    <button class=\"add-to-budget\" data-table-id=\"ATR17439-1\" data-reference=\"ATR17439-1\" data-description=\"Conjunto de Aterramento Tempor\u00e1rio para&lt;br \/&gt;\nRede Secund\u00e1ria Convencional (BT)\" style=\"color:#ff4d00;\">\n        <img decoding=\"async\" src=\"https:\/\/www.ritzbrasil.com\/\/wp-content\/uploads\/2024\/07\/orcar-compras-tabela-new-1.png\" alt=\"Solicitar cotizaci\u00f3n\" title=\"Solicitar cotizaci\u00f3n\" \/>\n    <\/button>\n    <\/td><td class=\"column-5\"><a href=\"https:\/\/lojasritz.com.br\/catalogsearch\/result\/?q=ATR17439-1\" target=\"_blank\" rel=\"noopener\"><img decoding=\"async\" src=\"https:\/\/www.ritzbrasil.com\/wp-content\/uploads\/2024\/07\/carrinho-compras-tabela.png\"  \/><\/a><\/td>\n<\/tr>\n<\/tbody>\n<\/table>\n<\/div>\n[\/vc_column_text][vc_column_text css=\u00bb\u00bb]Juego compuesto por: 04 uds. pinza fija de puesta a tierra a presi\u00f3n RITZGLAS\u00ae stick, \u00d8 25 mm x 300 mm, con empu\u00f1adura de goma (ATR17348-1); 1,20 m de cable de cobre extra flexible, secci\u00f3n nominal de 25 mm\u00b2, con aislamiento de PVC transparente, 3 tramos de 400 mm (CTC-25); 06 unidades de terminal de cobre esta\u00f1ado para cable de 25 mm\u00b2 (ATR26446-2); 06 unidades de termo retr\u00e1ctil (ATR17923-4); 01 unidad de bolsa para embalar y transportar el juego de toma de tierra (ATR16843-7).[\/vc_column_text][vc_separator border_width=\u00bb2&#8243; css=\u00bb\u00bb][\/vc_column][\/vc_row][vc_row][vc_column][vc_column_text css=\u00bb.vc_custom_1720632179332{margin-top: 20px !important;}\u00bb]<\/p>\n<h4><span style=\"color: #ff9900;\"><strong>ATR17439-2 &#8211; Juego de puesta a tierra temporal para<br \/>\nRed secundaria convencional (BT)<\/strong><\/span><\/h4>\n<p>[\/vc_column_text][vc_column_text css=\u00bb.vc_custom_1720704532276{margin-top: -20px !important;}\u00bb]\n<div id=\"tablepress-ATR17439-2-scroll-wrapper\" class=\"tablepress-scroll-wrapper\">\n<table id=\"tablepress-ATR17439-2\" class=\"tablepress tablepress-id-ATR17439-2 tablepress-responsive\">\n<thead>\n<tr class=\"row-1\">\n\t<td class=\"column-1\"><\/td><th class=\"column-2\">Refer\u00eancia<\/th><th class=\"column-3\">Descri\u00e7\u00e3o<\/th><td class=\"column-4\"><\/td><td class=\"column-5\"><\/td>\n<\/tr>\n<\/thead>\n<tbody class=\"row-striping row-hover\">\n<tr class=\"row-2\">\n\t<td class=\"column-1\"><img decoding=\"async\" src=\"https:\/\/www.ritzbrasil.com\/wp-content\/uploads\/2024\/07\/atr17439-1-conjunto-aterramento-temporario-rede-secundaria-convencional-bt-150x150-1.jpg\" \/><\/td><td class=\"column-2\">ATR17439-2<\/td><td class=\"column-3\">Corrente m\u00e1xima de curto-circuito: 60 ciclos - 5 kA<br \/>\n<\/td><td class=\"column-4\">    <button class=\"add-to-budget\" data-table-id=\"ATR17439-2\" data-reference=\"ATR17439-2\" data-description=\"Conjunto de Aterramento Tempor\u00e1rio para&lt;br \/&gt;\nRede Secund\u00e1ria Convencional (BT)\" style=\"color:#ff4d00;\">\n        <img decoding=\"async\" src=\"https:\/\/www.ritzbrasil.com\/\/wp-content\/uploads\/2024\/07\/orcar-compras-tabela-new-1.png\" alt=\"Solicitar cotizaci\u00f3n\" title=\"Solicitar cotizaci\u00f3n\" \/>\n    <\/button>\n    <\/td><td class=\"column-5\"><a href=\"https:\/\/lojasritz.com.br\/catalogsearch\/result\/?q=ATR17439-2\" target=\"_blank\" rel=\"noopener\"><img decoding=\"async\" src=\"https:\/\/www.ritzbrasil.com\/wp-content\/uploads\/2024\/07\/carrinho-compras-tabela.png\"  \/><\/a><\/td>\n<\/tr>\n<\/tbody>\n<\/table>\n<\/div>\n[\/vc_column_text][vc_column_text css=\u00bb\u00bb]Juego compuesto por: 05 uds. pinza fija de puesta a tierra a presi\u00f3n RITZGLAS\u00ae stick, \u00d8 25 mm x 300 mm, con empu\u00f1adura de goma (ATR17348-1); 1,60 m de cable de cobre extra flexible, secci\u00f3n nominal de 25 mm\u00b2, con aislamiento de PVC transparente, 4 tramos de 400 mm (CTC-25); 08 unidades de terminal de cobre esta\u00f1ado para cable de 25 mm\u00b2 (ATR26446-2); 08 unidades de termo retr\u00e1ctil (ATR17923-4); 01 unidad de bolsa para embalar y transportar el juego de toma de tierra (ATR16843-7).[\/vc_column_text][vc_separator border_width=\u00bb2&#8243; css=\u00bb\u00bb][\/vc_column][\/vc_row][vc_row][vc_column][vc_column_text css=\u00bb.vc_custom_1720632261373{margin-top: 20px !important;}\u00bb]<\/p>\n<h4><span style=\"color: #ff9900;\"><strong>ATR00548-1 &#8211; Juego de puesta a tierra temporal con p\u00e9rtiga aislante<br \/>\npara redes de baja tensi\u00f3n (BT)<\/strong><\/span><\/h4>\n<p>[\/vc_column_text][vc_column_text css=\u00bb.vc_custom_1720704553867{margin-top: -20px !important;}\u00bb]\n<div id=\"tablepress-ATR00548-1-scroll-wrapper\" class=\"tablepress-scroll-wrapper\">\n<table id=\"tablepress-ATR00548-1\" class=\"tablepress tablepress-id-ATR00548-1 tablepress-responsive\">\n<thead>\n<tr class=\"row-1\">\n\t<td class=\"column-1\"><\/td><th class=\"column-2\">Refer\u00eancia<\/th><th class=\"column-3\">Descri\u00e7\u00e3o<\/th><td class=\"column-4\"><\/td><td class=\"column-5\"><\/td>\n<\/tr>\n<\/thead>\n<tbody class=\"row-striping row-hover\">\n<tr class=\"row-2\">\n\t<td class=\"column-1\"><img decoding=\"async\" src=\"https:\/\/www.ritzbrasil.com\/wp-content\/uploads\/2024\/07\/atr00548-1-conjunto-aterramento-temporario-bastao-isolante-redes-baixa-tensao-bt-150x150-1.jpg\" \/><\/td><td class=\"column-2\">ATR00548-1<\/td><td class=\"column-3\">Corrente m\u00e1xima de curto-circuito: 60 ciclos - 5 kA<br \/>\n<\/td><td class=\"column-4\">    <button class=\"add-to-budget\" data-table-id=\"ATR00548-1\" data-reference=\"ATR00548-1\" data-description=\"Conjunto de Aterramento Tempor\u00e1rio para&lt;br \/&gt;\nRede Secund\u00e1ria Convencional (BT)\" style=\"color:#ff4d00;\">\n        <img decoding=\"async\" src=\"https:\/\/www.ritzbrasil.com\/\/wp-content\/uploads\/2024\/07\/orcar-compras-tabela-new-1.png\" alt=\"Solicitar cotizaci\u00f3n\" title=\"Solicitar cotizaci\u00f3n\" \/>\n    <\/button>\n    <\/td><td class=\"column-5\"><a href=\"https:\/\/lojasritz.com.br\/catalogsearch\/result\/?q=ATR00548-1\" target=\"_blank\" rel=\"noopener\"><img decoding=\"async\" src=\"https:\/\/www.ritzbrasil.com\/wp-content\/uploads\/2024\/07\/carrinho-compras-tabela.png\"  \/><\/a><\/td>\n<\/tr>\n<\/tbody>\n<\/table>\n<\/div>\n[\/vc_column_text][vc_separator border_width=\u00bb2&#8243; css=\u00bb\u00bb][vc_column_text css=\u00bb\u00bb]Juego compuesto por: 04 pinzas de puesta a tierra de torsi\u00f3n de polo fijo, de 335 mm de longitud, con mango largo. Abertura de la pinza de 4 a 22,5 mm (ATR17459-1-E10); 1,2 m de cable de cobre extra flexible, secci\u00f3n nominal de 25 mm\u00b2, con aislamiento de PVC transparente, 3 tramos de 0,4 m (CTC-25); 04 piezas Terminal liso de aluminio y ojal para cable de 25 mm\u00b2 (ATR13036-2); 02 piezas Terminal roscado de aluminio para cable de 25 mm\u00b2 (ATR17184-2); 06 piezas Termo retr\u00e1ctil (ATR17923-2); 01 pieza Bolsa para embalar y transportar el juego de puesta a tierra (ATR16843-7).[\/vc_column_text][\/vc_column][\/vc_row][vc_row][vc_column][vc_column_text css=\u00bb.vc_custom_1720632347179{margin-top: 20px !important;}\u00bb]<\/p>\n<h4><span style=\"color: #ff9900;\"><strong>ATR13043-1 &#8211; Juego de Puesta a Tierra Temporal para<br \/>\nRedes Secundarias (BT) Aisladas con Cable Multiplex y Convencionales con Cable Desnudo<\/strong><\/span><\/h4>\n<p>[\/vc_column_text][vc_column_text css=\u00bb.vc_custom_1720704649802{margin-top: -20px !important;}\u00bb]\n<div id=\"tablepress-ATR13043-1-scroll-wrapper\" class=\"tablepress-scroll-wrapper\">\n<table id=\"tablepress-ATR13043-1\" class=\"tablepress tablepress-id-ATR13043-1 tablepress-responsive\">\n<thead>\n<tr class=\"row-1\">\n\t<td class=\"column-1\"><\/td><th class=\"column-2\">Refer\u00eancia<\/th><th class=\"column-3\">Descri\u00e7\u00e3o<\/th><td class=\"column-4\"><\/td><td class=\"column-5\"><\/td>\n<\/tr>\n<\/thead>\n<tbody class=\"row-striping row-hover\">\n<tr class=\"row-2\">\n\t<td class=\"column-1\"><img decoding=\"async\" src=\"https:\/\/www.ritzbrasil.com\/wp-content\/uploads\/2024\/07\/atr13043-1-conjunto-aterramento-temporario-redes-secundarias-bt-isoladas-cabo-multiplex-convencional-cabo-nu-150x150-1.jpg\" \/><\/td><td class=\"column-2\">ATR13043-1<\/td><td class=\"column-3\">Corrente m\u00e1xima de curto-circuito: 60 ciclos - 8 kA<br \/>\n<\/td><td class=\"column-4\">    <button class=\"add-to-budget\" data-table-id=\"ATR13043-1\" data-reference=\"ATR13043-1\" data-description=\"Conjunto de Aterramento Tempor\u00e1rio para Redes Secund\u00e1rias (BT) Isoladas com Cabo Multiplex e Convencional com Cabo Nu\" style=\"color:#ff4d00;\">\n        <img decoding=\"async\" src=\"https:\/\/www.ritzbrasil.com\/\/wp-content\/uploads\/2024\/07\/orcar-compras-tabela-new-1.png\" alt=\"Solicitar cotizaci\u00f3n\" title=\"Solicitar cotizaci\u00f3n\" \/>\n    <\/button>\n    <\/td><td class=\"column-5\"><a href=\"https:\/\/lojasritz.com.br\/catalogsearch\/result\/?q=ATR13043-1\" target=\"_blank\" rel=\"noopener\"><img decoding=\"async\" src=\"https:\/\/www.ritzbrasil.com\/wp-content\/uploads\/2024\/07\/carrinho-compras-tabela.png\"  \/><\/a><\/td>\n<\/tr>\n<tr class=\"row-3\">\n\t<td class=\"column-1\"><img decoding=\"async\" src=\"https:\/\/www.ritzbrasil.com\/wp-content\/uploads\/2024\/07\/atr13151-1-rabicho-ligacao-150x150-1.jpg\" \/><\/td><td class=\"column-2\">ATR13151-1<\/td><td class=\"column-3\">Rabicho de liga\u00e7\u00e3o, para instala\u00e7\u00e3o permanente na rede BT, com dispositivo protetor de terminal,<br \/>\n para conex\u00e3o do conjunto de aterramento.<\/td><td class=\"column-4\">    <button class=\"add-to-budget\" data-table-id=\"ATR13043-1\" data-reference=\"ATR13151-1\" data-description=\"Conjunto de Aterramento Tempor\u00e1rio para Redes Secund\u00e1rias (BT) Isoladas com Cabo Multiplex e Convencional com Cabo Nu\" style=\"color:#ff4d00;\">\n        <img decoding=\"async\" src=\"https:\/\/www.ritzbrasil.com\/\/wp-content\/uploads\/2024\/07\/orcar-compras-tabela-new-1.png\" alt=\"Solicitar cotizaci\u00f3n\" title=\"Solicitar cotizaci\u00f3n\" \/>\n    <\/button>\n    <\/td><td class=\"column-5\"><a href=\"https:\/\/lojasritz.com.br\/catalogsearch\/result\/?q=ATR13151-1\" target=\"_blank\" rel=\"noopener\"><img decoding=\"async\" src=\"https:\/\/www.ritzbrasil.com\/wp-content\/uploads\/2024\/07\/carrinho-compras-tabela.png\"  \/><\/a><\/td>\n<\/tr>\n<\/tbody>\n<\/table>\n<\/div>\n[\/vc_column_text][vc_separator border_width=\u00bb2&#8243; css=\u00bb\u00bb][vc_column_text css=\u00bb\u00bb]Juego compuesto por: 04 piezas Pinza de puesta a tierra con sistema de fijaci\u00f3n a presi\u00f3n sobre el conductor, con mango recubierto de pl\u00e1stico rojo para las fases (ATR13047-1) y mango recubierto de pl\u00e1stico negro para el neutro (ATR13047-2); 1,50 m de cable de cobre extra flexible, de 35 mm\u00b2 de secci\u00f3n nominal, con aislamiento de PVC transparente, con tres tramos de 500 mm (CTC-35); 06 unidades de terminal de cobre esta\u00f1ado para cable de 35 mm\u00b2 (ATR26446-3); 06 unidades de termo retr\u00e1ctil (ATR17923-5); 01 unidad de bolsa para embalar y transportar el kit de toma de tierra (ATR16818-1).<\/p>\n<p>&nbsp;<\/p>\n<\/div>","protected":false},"excerpt":{"rendered":"<h4>Puesta a tierra temporal para baja tensi\u00f3n<\/h4>\n<p>La puesta a tierra temporal para redes de baja tensi\u00f3n es un sistema de seguridad utilizado durante el mantenimiento o la intervenci\u00f3n en redes el\u00e9ctricas, redes secundarias convencionales, cable multiplexado y aislamiento de cables desnudos.<\/p>\n<p>Consiste en la conexi\u00f3n temporal de componentes conductores, creando una v\u00eda segura para la corriente el\u00e9ctrica en caso de aver\u00eda o cortocircuito, protegiendo a los operarios y equipos de las descargas el\u00e9ctricas.<\/p>\n<p>El sistema incluye cables y pinzas de puesta a tierra de alta calidad, dise\u00f1ados para ofrecer la m\u00e1xima protecci\u00f3n.<\/p>\n","protected":false},"featured_media":56655,"template":"","meta":[],"product_brand":[],"product_cat":[1661,4446],"product_tag":[4460,4461,4456,4458,4459,4448,4457,4455,4454,1663,4044],"class_list":{"0":"post-61459","1":"product","2":"type-product","3":"status-publish","4":"has-post-thumbnail","6":"product_cat-equipo-puesta-tierra-cortocircuito","7":"product_cat-toma-de-tierra-de-baja-tension","8":"product_tag-atr00548-1","9":"product_tag-atr13043-1","10":"product_tag-atr13151-1","11":"product_tag-atr17439-1","12":"product_tag-atr17439-2","13":"product_tag-baja-tension","14":"product_tag-latiguillo-de-conexion","15":"product_tag-red-secundaria","16":"product_tag-red-secundaria-convencional","17":"product_tag-set-de-puesta-a-tierra-temporal","18":"product_tag-toma-de-tierra-temporal","19":"description-off","21":"first","22":"instock","23":"virtual","24":"product-type-simple"},"yoast_head":"<!-- This site is optimized with the Yoast SEO plugin v27.1.1 - https:\/\/yoast.com\/product\/yoast-seo-wordpress\/ -->\n<title>Puesta a tierra temporal para baja tensi\u00f3n<\/title>\n<meta name=\"description\" content=\"La puesta a tierra temporal para redes de baja tensi\u00f3n es un sistema de seguridad utilizado para el mantenimiento o la intervenci\u00f3n en redes el\u00e9ctricas, redes secundarias convencionales, cable multiplexado y aislamiento de cables desnudos.\" \/>\n<meta name=\"robots\" content=\"index, follow, max-snippet:-1, max-image-preview:large, max-video-preview:-1\" \/>\n<link rel=\"canonical\" href=\"https:\/\/www.ritzbrasil.com\/es\/produtos\/productos\/equipo-puesta-tierra-cortocircuito\/puesta-a-tierra-temporal-para-baja-tension-bt\/\" \/>\n<meta property=\"og:locale\" content=\"es_ES\" \/>\n<meta property=\"og:type\" content=\"article\" \/>\n<meta property=\"og:title\" content=\"Puesta a tierra temporal para baja tensi\u00f3n\" \/>\n<meta property=\"og:description\" content=\"La puesta a tierra temporal para redes de baja tensi\u00f3n es un sistema de seguridad utilizado para el mantenimiento o la intervenci\u00f3n en redes el\u00e9ctricas, redes secundarias convencionales, cable multiplexado y aislamiento de cables desnudos.\" \/>\n<meta property=\"og:url\" content=\"https:\/\/www.ritzbrasil.com\/es\/produtos\/productos\/equipo-puesta-tierra-cortocircuito\/puesta-a-tierra-temporal-para-baja-tension-bt\/\" \/>\n<meta property=\"og:site_name\" content=\"Equipamentos de Manuten\u00e7\u00e3o e Seguran\u00e7a para o Setor El\u00e9trico - Ritz Brasil\" \/>\n<meta property=\"article:modified_time\" content=\"2026-02-25T20:16:54+00:00\" \/>\n<meta property=\"og:image\" content=\"https:\/\/www.ritzbrasil.com\/wp-content\/uploads\/2024\/07\/atr17439-1-conjunto-aterramento-temporario-rede-secundaria-convencional-bt.jpg\" \/>\n\t<meta property=\"og:image:width\" content=\"1200\" \/>\n\t<meta property=\"og:image:height\" content=\"1200\" \/>\n\t<meta property=\"og:image:type\" content=\"image\/jpeg\" \/>\n<meta name=\"twitter:card\" content=\"summary_large_image\" \/>\n<meta name=\"twitter:label1\" content=\"Tiempo de lectura\" \/>\n\t<meta name=\"twitter:data1\" content=\"3 minutos\" \/>\n<script type=\"application\/ld+json\" class=\"yoast-schema-graph\">{\"@context\":\"https:\/\/schema.org\",\"@graph\":[{\"@type\":\"WebPage\",\"@id\":\"https:\/\/www.ritzbrasil.com\/es\/produtos\/productos\/equipo-puesta-tierra-cortocircuito\/puesta-a-tierra-temporal-para-baja-tension-bt\/\",\"url\":\"https:\/\/www.ritzbrasil.com\/es\/produtos\/productos\/equipo-puesta-tierra-cortocircuito\/puesta-a-tierra-temporal-para-baja-tension-bt\/\",\"name\":\"Puesta a tierra temporal para baja tensi\u00f3n\",\"isPartOf\":{\"@id\":\"https:\/\/www.ritzbrasil.com\/es\/#website\"},\"primaryImageOfPage\":{\"@id\":\"https:\/\/www.ritzbrasil.com\/es\/produtos\/productos\/equipo-puesta-tierra-cortocircuito\/puesta-a-tierra-temporal-para-baja-tension-bt\/#primaryimage\"},\"image\":{\"@id\":\"https:\/\/www.ritzbrasil.com\/es\/produtos\/productos\/equipo-puesta-tierra-cortocircuito\/puesta-a-tierra-temporal-para-baja-tension-bt\/#primaryimage\"},\"thumbnailUrl\":\"https:\/\/www.ritzbrasil.com\/wp-content\/uploads\/2024\/07\/atr17439-1-conjunto-aterramento-temporario-rede-secundaria-convencional-bt.jpg\",\"datePublished\":\"2024-07-08T10:10:48+00:00\",\"dateModified\":\"2026-02-25T20:16:54+00:00\",\"description\":\"La puesta a tierra temporal para redes de baja tensi\u00f3n es un sistema de seguridad utilizado para el mantenimiento o la intervenci\u00f3n en redes el\u00e9ctricas, redes secundarias convencionales, cable multiplexado y aislamiento de cables desnudos.\",\"breadcrumb\":{\"@id\":\"https:\/\/www.ritzbrasil.com\/es\/produtos\/productos\/equipo-puesta-tierra-cortocircuito\/puesta-a-tierra-temporal-para-baja-tension-bt\/#breadcrumb\"},\"inLanguage\":\"es\",\"potentialAction\":[{\"@type\":\"ReadAction\",\"target\":[\"https:\/\/www.ritzbrasil.com\/es\/produtos\/productos\/equipo-puesta-tierra-cortocircuito\/puesta-a-tierra-temporal-para-baja-tension-bt\/\"]}]},{\"@type\":\"ImageObject\",\"inLanguage\":\"es\",\"@id\":\"https:\/\/www.ritzbrasil.com\/es\/produtos\/productos\/equipo-puesta-tierra-cortocircuito\/puesta-a-tierra-temporal-para-baja-tension-bt\/#primaryimage\",\"url\":\"https:\/\/www.ritzbrasil.com\/wp-content\/uploads\/2024\/07\/atr17439-1-conjunto-aterramento-temporario-rede-secundaria-convencional-bt.jpg\",\"contentUrl\":\"https:\/\/www.ritzbrasil.com\/wp-content\/uploads\/2024\/07\/atr17439-1-conjunto-aterramento-temporario-rede-secundaria-convencional-bt.jpg\",\"width\":1200,\"height\":1200,\"caption\":\"Juego de Puesta a Tierra Temporal para Red Secundaria Convencional (BT)\"},{\"@type\":\"BreadcrumbList\",\"@id\":\"https:\/\/www.ritzbrasil.com\/es\/produtos\/productos\/equipo-puesta-tierra-cortocircuito\/puesta-a-tierra-temporal-para-baja-tension-bt\/#breadcrumb\",\"itemListElement\":[{\"@type\":\"ListItem\",\"position\":1,\"name\":\"In\u00edcio\",\"item\":\"https:\/\/www.ritzbrasil.com\/es\/\"},{\"@type\":\"ListItem\",\"position\":2,\"name\":\"Tienda\",\"item\":\"https:\/\/www.ritzbrasil.com\/es\/tienda\/\"},{\"@type\":\"ListItem\",\"position\":3,\"name\":\"Puesta a tierra temporal para baja tensi\u00f3n (BT)\"}]},{\"@type\":\"WebSite\",\"@id\":\"https:\/\/www.ritzbrasil.com\/es\/#website\",\"url\":\"https:\/\/www.ritzbrasil.com\/es\/\",\"name\":\"Equipamentos de Manuten\u00e7\u00e3o e Seguran\u00e7a para o Setor El\u00e9trico - Ritz Brasil\",\"description\":\"\",\"potentialAction\":[{\"@type\":\"SearchAction\",\"target\":{\"@type\":\"EntryPoint\",\"urlTemplate\":\"https:\/\/www.ritzbrasil.com\/es\/?s={search_term_string}\"},\"query-input\":{\"@type\":\"PropertyValueSpecification\",\"valueRequired\":true,\"valueName\":\"search_term_string\"}}],\"inLanguage\":\"es\"}]}<\/script>\n<!-- \/ Yoast SEO plugin. -->","yoast_head_json":{"title":"Puesta a tierra temporal para baja tensi\u00f3n","description":"La puesta a tierra temporal para redes de baja tensi\u00f3n es un sistema de seguridad utilizado para el mantenimiento o la intervenci\u00f3n en redes el\u00e9ctricas, redes secundarias convencionales, cable multiplexado y aislamiento de cables desnudos.","robots":{"index":"index","follow":"follow","max-snippet":"max-snippet:-1","max-image-preview":"max-image-preview:large","max-video-preview":"max-video-preview:-1"},"canonical":"https:\/\/www.ritzbrasil.com\/es\/produtos\/productos\/equipo-puesta-tierra-cortocircuito\/puesta-a-tierra-temporal-para-baja-tension-bt\/","og_locale":"es_ES","og_type":"article","og_title":"Puesta a tierra temporal para baja tensi\u00f3n","og_description":"La puesta a tierra temporal para redes de baja tensi\u00f3n es un sistema de seguridad utilizado para el mantenimiento o la intervenci\u00f3n en redes el\u00e9ctricas, redes secundarias convencionales, cable multiplexado y aislamiento de cables desnudos.","og_url":"https:\/\/www.ritzbrasil.com\/es\/produtos\/productos\/equipo-puesta-tierra-cortocircuito\/puesta-a-tierra-temporal-para-baja-tension-bt\/","og_site_name":"Equipamentos de Manuten\u00e7\u00e3o e Seguran\u00e7a para o Setor El\u00e9trico - Ritz Brasil","article_modified_time":"2026-02-25T20:16:54+00:00","og_image":[{"width":1200,"height":1200,"url":"https:\/\/www.ritzbrasil.com\/wp-content\/uploads\/2024\/07\/atr17439-1-conjunto-aterramento-temporario-rede-secundaria-convencional-bt.jpg","type":"image\/jpeg"}],"twitter_card":"summary_large_image","twitter_misc":{"Tiempo de lectura":"3 minutos"},"schema":{"@context":"https:\/\/schema.org","@graph":[{"@type":"WebPage","@id":"https:\/\/www.ritzbrasil.com\/es\/produtos\/productos\/equipo-puesta-tierra-cortocircuito\/puesta-a-tierra-temporal-para-baja-tension-bt\/","url":"https:\/\/www.ritzbrasil.com\/es\/produtos\/productos\/equipo-puesta-tierra-cortocircuito\/puesta-a-tierra-temporal-para-baja-tension-bt\/","name":"Puesta a tierra temporal para baja tensi\u00f3n","isPartOf":{"@id":"https:\/\/www.ritzbrasil.com\/es\/#website"},"primaryImageOfPage":{"@id":"https:\/\/www.ritzbrasil.com\/es\/produtos\/productos\/equipo-puesta-tierra-cortocircuito\/puesta-a-tierra-temporal-para-baja-tension-bt\/#primaryimage"},"image":{"@id":"https:\/\/www.ritzbrasil.com\/es\/produtos\/productos\/equipo-puesta-tierra-cortocircuito\/puesta-a-tierra-temporal-para-baja-tension-bt\/#primaryimage"},"thumbnailUrl":"https:\/\/www.ritzbrasil.com\/wp-content\/uploads\/2024\/07\/atr17439-1-conjunto-aterramento-temporario-rede-secundaria-convencional-bt.jpg","datePublished":"2024-07-08T10:10:48+00:00","dateModified":"2026-02-25T20:16:54+00:00","description":"La puesta a tierra temporal para redes de baja tensi\u00f3n es un sistema de seguridad utilizado para el mantenimiento o la intervenci\u00f3n en redes el\u00e9ctricas, redes secundarias convencionales, cable multiplexado y aislamiento de cables desnudos.","breadcrumb":{"@id":"https:\/\/www.ritzbrasil.com\/es\/produtos\/productos\/equipo-puesta-tierra-cortocircuito\/puesta-a-tierra-temporal-para-baja-tension-bt\/#breadcrumb"},"inLanguage":"es","potentialAction":[{"@type":"ReadAction","target":["https:\/\/www.ritzbrasil.com\/es\/produtos\/productos\/equipo-puesta-tierra-cortocircuito\/puesta-a-tierra-temporal-para-baja-tension-bt\/"]}]},{"@type":"ImageObject","inLanguage":"es","@id":"https:\/\/www.ritzbrasil.com\/es\/produtos\/productos\/equipo-puesta-tierra-cortocircuito\/puesta-a-tierra-temporal-para-baja-tension-bt\/#primaryimage","url":"https:\/\/www.ritzbrasil.com\/wp-content\/uploads\/2024\/07\/atr17439-1-conjunto-aterramento-temporario-rede-secundaria-convencional-bt.jpg","contentUrl":"https:\/\/www.ritzbrasil.com\/wp-content\/uploads\/2024\/07\/atr17439-1-conjunto-aterramento-temporario-rede-secundaria-convencional-bt.jpg","width":1200,"height":1200,"caption":"Juego de Puesta a Tierra Temporal para Red Secundaria Convencional (BT)"},{"@type":"BreadcrumbList","@id":"https:\/\/www.ritzbrasil.com\/es\/produtos\/productos\/equipo-puesta-tierra-cortocircuito\/puesta-a-tierra-temporal-para-baja-tension-bt\/#breadcrumb","itemListElement":[{"@type":"ListItem","position":1,"name":"In\u00edcio","item":"https:\/\/www.ritzbrasil.com\/es\/"},{"@type":"ListItem","position":2,"name":"Tienda","item":"https:\/\/www.ritzbrasil.com\/es\/tienda\/"},{"@type":"ListItem","position":3,"name":"Puesta a tierra temporal para baja tensi\u00f3n (BT)"}]},{"@type":"WebSite","@id":"https:\/\/www.ritzbrasil.com\/es\/#website","url":"https:\/\/www.ritzbrasil.com\/es\/","name":"Equipamentos de Manuten\u00e7\u00e3o e Seguran\u00e7a para o Setor El\u00e9trico - Ritz Brasil","description":"","potentialAction":[{"@type":"SearchAction","target":{"@type":"EntryPoint","urlTemplate":"https:\/\/www.ritzbrasil.com\/es\/?s={search_term_string}"},"query-input":{"@type":"PropertyValueSpecification","valueRequired":true,"valueName":"search_term_string"}}],"inLanguage":"es"}]}},"_links":{"self":[{"href":"https:\/\/www.ritzbrasil.com\/es\/wp-json\/wp\/v2\/product\/61459","targetHints":{"allow":["GET"]}}],"collection":[{"href":"https:\/\/www.ritzbrasil.com\/es\/wp-json\/wp\/v2\/product"}],"about":[{"href":"https:\/\/www.ritzbrasil.com\/es\/wp-json\/wp\/v2\/types\/product"}],"wp:featuredmedia":[{"embeddable":true,"href":"https:\/\/www.ritzbrasil.com\/es\/wp-json\/wp\/v2\/media\/56655"}],"wp:attachment":[{"href":"https:\/\/www.ritzbrasil.com\/es\/wp-json\/wp\/v2\/media?parent=61459"}],"wp:term":[{"taxonomy":"product_brand","embeddable":true,"href":"https:\/\/www.ritzbrasil.com\/es\/wp-json\/wp\/v2\/product_brand?post=61459"},{"taxonomy":"product_cat","embeddable":true,"href":"https:\/\/www.ritzbrasil.com\/es\/wp-json\/wp\/v2\/product_cat?post=61459"},{"taxonomy":"product_tag","embeddable":true,"href":"https:\/\/www.ritzbrasil.com\/es\/wp-json\/wp\/v2\/product_tag?post=61459"}],"curies":[{"name":"wp","href":"https:\/\/api.w.org\/{rel}","templated":true}]}}