{"id":61457,"date":"2024-07-08T07:20:13","date_gmt":"2024-07-08T10:20:13","guid":{"rendered":"https:\/\/www.ritzbrasil.com\/produtos\/sin%20categor\u00eda\/toma-de-tierra-mcc-bt\/"},"modified":"2026-02-25T17:16:48","modified_gmt":"2026-02-25T20:16:48","slug":"toma-de-tierra-mcc-bt","status":"publish","type":"product","link":"https:\/\/www.ritzbrasil.com\/es\/produtos\/productos\/equipo-puesta-tierra-cortocircuito\/toma-de-tierra-mcc-bt\/","title":{"rendered":"Toma de tierra MCC (BT)"},"content":{"rendered":"<div class=\"wpb-content-wrapper\"><p>[vc_row][vc_column][vc_column_text css=\u00bb.vc_custom_1720467583739{margin-top: 20px !important;}\u00bb]<\/p>\n<h4><span style=\"color: #ff9900;\"><strong>ATR15508-2 &#8211; Juego de puesta a tierra temporal para CCM de baja tensi\u00f3n<\/strong><\/span><\/h4>\n<p>[\/vc_column_text][vc_column_text css=\u00bb.vc_custom_1720463212765{margin-top: -20px !important;}\u00bb]\n<div id=\"tablepress-ATR15508-2-scroll-wrapper\" class=\"tablepress-scroll-wrapper\">\n<table id=\"tablepress-ATR15508-2\" class=\"tablepress tablepress-id-ATR15508-2 tablepress-responsive\">\n<thead>\n<tr class=\"row-1\">\n\t<td class=\"column-1\"><\/td><th class=\"column-2\">Refer\u00eancia<\/th><th class=\"column-3\">Corrente nominal (A)<\/th><td class=\"column-4\"><\/td><td class=\"column-5\"><\/td>\n<\/tr>\n<\/thead>\n<tbody class=\"row-striping row-hover\">\n<tr class=\"row-2\">\n\t<td class=\"column-1\"><img decoding=\"async\" src=\"https:\/\/www.ritzbrasil.com\/wp-content\/uploads\/2024\/07\/atr15508-2-aterramento-ccm-150x150-1.jpg\" \/><\/td><td class=\"column-2\">ATR15508-2<\/td><td class=\"column-3\">Corrente m\u00e1xima de curto-circuito: 15 ciclos \u2013 5 kA<\/td><td class=\"column-4\">    <button class=\"add-to-budget\" data-table-id=\"ATR15508-2\" data-reference=\"ATR15508-2\" data-description=\"Conjunto de Aterramento Tempor\u00e1rio para&lt;br \/&gt;\nCCM\u2019s de Baixa Tens\u00e3o\" style=\"color:#ff4d00;\">\n        <img decoding=\"async\" src=\"https:\/\/www.ritzbrasil.com\/\/wp-content\/uploads\/2024\/07\/orcar-compras-tabela-new-1.png\" alt=\"Solicitar cotizaci\u00f3n\" title=\"Solicitar cotizaci\u00f3n\" \/>\n    <\/button>\n    <\/td><td class=\"column-5\"><a href=\"https:\/\/lojasritz.com.br\/catalogsearch\/result\/?q=ATR15508-2\" target=\"_blank\" rel=\"noopener\"><img decoding=\"async\" src=\"https:\/\/www.ritzbrasil.com\/wp-content\/uploads\/2024\/07\/carrinho-compras-tabela.png\"  \/><\/a><\/td>\n<\/tr>\n<\/tbody>\n<\/table>\n<\/div>\n[\/vc_column_text][vc_column_text css=\u00bb\u00bb]Equipada con un mango anat\u00f3mico que proporciona mayor firmeza durante las maniobras. Dispone de un cable de toma de tierra de cobre de 25 mm\u00b2 con protecci\u00f3n de PVC, mordazas de material especial con gran capacidad de conducci\u00f3n de la corriente<br \/>\ny una pinza hexagonal en \u00abT\u00bb m\u00f3vil, que permite utilizar una llave de 3\/4&#8243; en lugares de dif\u00edcil acceso.[\/vc_column_text][vc_separator border_width=\u00bb2&#8243; css=\u00bb\u00bb][\/vc_column][\/vc_row][vc_row][vc_column][vc_column_text css=\u00bb.vc_custom_1720467601604{margin-top: 20px !important;}\u00bb]<\/p>\n<h4><span style=\"color: #ff9900;\"><strong>ATR21918-2 &#8211; Juego de puesta a tierra temporal para CCM de baja tensi\u00f3n<\/strong><\/span><\/h4>\n<p>[\/vc_column_text][vc_column_text css=\u00bb.vc_custom_1720464271141{margin-top: -20px !important;}\u00bb]\n<div id=\"tablepress-ATR21918-2-scroll-wrapper\" class=\"tablepress-scroll-wrapper\">\n<table id=\"tablepress-ATR21918-2\" class=\"tablepress tablepress-id-ATR21918-2 tablepress-responsive\">\n<thead>\n<tr class=\"row-1\">\n\t<td class=\"column-1\"><\/td><th class=\"column-2\">\tRefer\u00eancia<\/th><th class=\"column-3\">Corrente nominal (A)<\/th><td class=\"column-4\"><\/td><td class=\"column-5\"><\/td>\n<\/tr>\n<\/thead>\n<tbody class=\"row-striping row-hover\">\n<tr class=\"row-2\">\n\t<td class=\"column-1\"><img decoding=\"async\" src=\"https:\/\/www.ritzbrasil.com\/wp-content\/uploads\/2024\/07\/atr21918-2-aterramento-ccm-150x150-1.jpg\" \/><\/td><td class=\"column-2\">ATR21918-2<\/td><td class=\"column-3\">Corrente m\u00e1xima de curto-circuito: 15 ciclos \u2013 5 kA<\/td><td class=\"column-4\">    <button class=\"add-to-budget\" data-table-id=\"ATR21918-2\" data-reference=\"ATR21918-2\" data-description=\"Conjunto de Aterramento Tempor\u00e1rio para CCM\u2019s de Baixa Tens\u00e3o\" style=\"color:#ff4d00;\">\n        <img decoding=\"async\" src=\"https:\/\/www.ritzbrasil.com\/\/wp-content\/uploads\/2024\/07\/orcar-compras-tabela-new-1.png\" alt=\"Solicitar cotizaci\u00f3n\" title=\"Solicitar cotizaci\u00f3n\" \/>\n    <\/button>\n    <\/td><td class=\"column-5\"><a href=\"https:\/\/lojasritz.com.br\/catalogsearch\/result\/?q=ATR21918-2\" target=\"_blank\" rel=\"noopener\"><img decoding=\"async\" src=\"https:\/\/www.ritzbrasil.com\/wp-content\/uploads\/2024\/07\/carrinho-compras-tabela.png\"  \/><\/a><\/td>\n<\/tr>\n<\/tbody>\n<\/table>\n<\/div>\n[\/vc_column_text][vc_column_text css=\u00bb\u00bb]Tambi\u00e9n tiene tres asas anat\u00f3micas que proporcionan mayor firmeza durante las maniobras. Dispone de cables de toma de tierra de cobre de 25 mm\u00b2 con protecci\u00f3n de PVC, interconectados a trav\u00e9s del bloque de terminales. Empu\u00f1aduras de material especial con gran capacidad de conducci\u00f3n de corriente y abrazadera hexagonal m\u00f3vil en \u00abT\u00bb, que permite utilizar una llave de 3\/4&#8243; en lugares de dif\u00edcil acceso.[\/vc_column_text][vc_separator border_width=\u00bb2&#8243; css=\u00bb\u00bb][\/vc_column][\/vc_row]<\/p>\n<\/div>","protected":false},"excerpt":{"rendered":"<h4>Juego de Puesta a Tierra Temporal para CCM de Baja Tensi\u00f3n<\/h4>\n<p><span style=\"color: #ff9900;\"><strong>|<\/strong><\/span> Corriente m\u00e1xima de cortocircuito: 15 ciclos &#8211; 5 kA<\/p>\n<p>Puesta a tierra temporal para utilizar en tomas de caj\u00f3n del Centro de Control de Motores de baja tensi\u00f3n.<br \/>\nCuerpo fabricado con tecnolog\u00eda RITZGLAS\u00ae para garantizar ligereza, rigidez mec\u00e1nica y aislamiento el\u00e9ctrico. El conjunto se suministra con una bolsa para su transporte y embalaje.<\/p>\n","protected":false},"featured_media":56627,"template":"","meta":[],"product_brand":[],"product_cat":[1661,4446],"product_tag":[4449,4450,4448,4447,1663,4044],"class_list":{"0":"post-61457","1":"product","2":"type-product","3":"status-publish","4":"has-post-thumbnail","6":"product_cat-equipo-puesta-tierra-cortocircuito","7":"product_cat-toma-de-tierra-de-baja-tension","8":"product_tag-atr15508-2","9":"product_tag-atr21918-2","10":"product_tag-baja-tension","11":"product_tag-ccm","12":"product_tag-set-de-puesta-a-tierra-temporal","13":"product_tag-toma-de-tierra-temporal","14":"description-off","16":"first","17":"instock","18":"virtual","19":"product-type-simple"},"yoast_head":"<!-- This site is optimized with the Yoast SEO plugin v27.1.1 - https:\/\/yoast.com\/product\/yoast-seo-wordpress\/ -->\n<title>Toma de tierra MCC<\/title>\n<meta name=\"description\" content=\"Juego de puesta a tierra temporal para CCM de baja tensi\u00f3n, para utilizar con salidas de caj\u00f3n de centro de control de motores de baja tensi\u00f3n.\" \/>\n<meta name=\"robots\" content=\"index, follow, max-snippet:-1, max-image-preview:large, max-video-preview:-1\" \/>\n<link rel=\"canonical\" href=\"https:\/\/www.ritzbrasil.com\/es\/produtos\/productos\/equipo-puesta-tierra-cortocircuito\/toma-de-tierra-mcc-bt\/\" \/>\n<meta property=\"og:locale\" content=\"es_ES\" \/>\n<meta property=\"og:type\" content=\"article\" \/>\n<meta property=\"og:title\" content=\"Toma de tierra MCC\" \/>\n<meta property=\"og:description\" content=\"Juego de puesta a tierra temporal para CCM de baja tensi\u00f3n, para utilizar con salidas de caj\u00f3n de centro de control de motores de baja tensi\u00f3n.\" \/>\n<meta property=\"og:url\" content=\"https:\/\/www.ritzbrasil.com\/es\/produtos\/productos\/equipo-puesta-tierra-cortocircuito\/toma-de-tierra-mcc-bt\/\" \/>\n<meta property=\"og:site_name\" content=\"Equipamentos de Manuten\u00e7\u00e3o e Seguran\u00e7a para o Setor El\u00e9trico - Ritz Brasil\" \/>\n<meta property=\"article:modified_time\" content=\"2026-02-25T20:16:48+00:00\" \/>\n<meta property=\"og:image\" content=\"https:\/\/www.ritzbrasil.com\/wp-content\/uploads\/2024\/07\/atr15508-2-aterramento-ccm.jpg\" \/>\n\t<meta property=\"og:image:width\" content=\"1200\" \/>\n\t<meta property=\"og:image:height\" content=\"1200\" \/>\n\t<meta property=\"og:image:type\" content=\"image\/jpeg\" \/>\n<meta name=\"twitter:card\" content=\"summary_large_image\" \/>\n<meta name=\"twitter:label1\" content=\"Tiempo de lectura\" \/>\n\t<meta name=\"twitter:data1\" content=\"1 minuto\" \/>\n<script type=\"application\/ld+json\" class=\"yoast-schema-graph\">{\"@context\":\"https:\/\/schema.org\",\"@graph\":[{\"@type\":\"WebPage\",\"@id\":\"https:\/\/www.ritzbrasil.com\/es\/produtos\/productos\/equipo-puesta-tierra-cortocircuito\/toma-de-tierra-mcc-bt\/\",\"url\":\"https:\/\/www.ritzbrasil.com\/es\/produtos\/productos\/equipo-puesta-tierra-cortocircuito\/toma-de-tierra-mcc-bt\/\",\"name\":\"Toma de tierra MCC\",\"isPartOf\":{\"@id\":\"https:\/\/www.ritzbrasil.com\/es\/#website\"},\"primaryImageOfPage\":{\"@id\":\"https:\/\/www.ritzbrasil.com\/es\/produtos\/productos\/equipo-puesta-tierra-cortocircuito\/toma-de-tierra-mcc-bt\/#primaryimage\"},\"image\":{\"@id\":\"https:\/\/www.ritzbrasil.com\/es\/produtos\/productos\/equipo-puesta-tierra-cortocircuito\/toma-de-tierra-mcc-bt\/#primaryimage\"},\"thumbnailUrl\":\"https:\/\/www.ritzbrasil.com\/wp-content\/uploads\/2024\/07\/atr15508-2-aterramento-ccm.jpg\",\"datePublished\":\"2024-07-08T10:20:13+00:00\",\"dateModified\":\"2026-02-25T20:16:48+00:00\",\"description\":\"Juego de puesta a tierra temporal para CCM de baja tensi\u00f3n, para utilizar con salidas de caj\u00f3n de centro de control de motores de baja tensi\u00f3n.\",\"breadcrumb\":{\"@id\":\"https:\/\/www.ritzbrasil.com\/es\/produtos\/productos\/equipo-puesta-tierra-cortocircuito\/toma-de-tierra-mcc-bt\/#breadcrumb\"},\"inLanguage\":\"es\",\"potentialAction\":[{\"@type\":\"ReadAction\",\"target\":[\"https:\/\/www.ritzbrasil.com\/es\/produtos\/productos\/equipo-puesta-tierra-cortocircuito\/toma-de-tierra-mcc-bt\/\"]}]},{\"@type\":\"ImageObject\",\"inLanguage\":\"es\",\"@id\":\"https:\/\/www.ritzbrasil.com\/es\/produtos\/productos\/equipo-puesta-tierra-cortocircuito\/toma-de-tierra-mcc-bt\/#primaryimage\",\"url\":\"https:\/\/www.ritzbrasil.com\/wp-content\/uploads\/2024\/07\/atr15508-2-aterramento-ccm.jpg\",\"contentUrl\":\"https:\/\/www.ritzbrasil.com\/wp-content\/uploads\/2024\/07\/atr15508-2-aterramento-ccm.jpg\",\"width\":1200,\"height\":1200,\"caption\":\"ATR15508-2 - Juego de puesta a tierra temporal para CCM de baja tensi\u00f3n\"},{\"@type\":\"BreadcrumbList\",\"@id\":\"https:\/\/www.ritzbrasil.com\/es\/produtos\/productos\/equipo-puesta-tierra-cortocircuito\/toma-de-tierra-mcc-bt\/#breadcrumb\",\"itemListElement\":[{\"@type\":\"ListItem\",\"position\":1,\"name\":\"In\u00edcio\",\"item\":\"https:\/\/www.ritzbrasil.com\/es\/\"},{\"@type\":\"ListItem\",\"position\":2,\"name\":\"Tienda\",\"item\":\"https:\/\/www.ritzbrasil.com\/es\/tienda\/\"},{\"@type\":\"ListItem\",\"position\":3,\"name\":\"Toma de tierra MCC (BT)\"}]},{\"@type\":\"WebSite\",\"@id\":\"https:\/\/www.ritzbrasil.com\/es\/#website\",\"url\":\"https:\/\/www.ritzbrasil.com\/es\/\",\"name\":\"Equipamentos de Manuten\u00e7\u00e3o e Seguran\u00e7a para o Setor El\u00e9trico - Ritz Brasil\",\"description\":\"\",\"potentialAction\":[{\"@type\":\"SearchAction\",\"target\":{\"@type\":\"EntryPoint\",\"urlTemplate\":\"https:\/\/www.ritzbrasil.com\/es\/?s={search_term_string}\"},\"query-input\":{\"@type\":\"PropertyValueSpecification\",\"valueRequired\":true,\"valueName\":\"search_term_string\"}}],\"inLanguage\":\"es\"}]}<\/script>\n<!-- \/ Yoast SEO plugin. -->","yoast_head_json":{"title":"Toma de tierra MCC","description":"Juego de puesta a tierra temporal para CCM de baja tensi\u00f3n, para utilizar con salidas de caj\u00f3n de centro de control de motores de baja tensi\u00f3n.","robots":{"index":"index","follow":"follow","max-snippet":"max-snippet:-1","max-image-preview":"max-image-preview:large","max-video-preview":"max-video-preview:-1"},"canonical":"https:\/\/www.ritzbrasil.com\/es\/produtos\/productos\/equipo-puesta-tierra-cortocircuito\/toma-de-tierra-mcc-bt\/","og_locale":"es_ES","og_type":"article","og_title":"Toma de tierra MCC","og_description":"Juego de puesta a tierra temporal para CCM de baja tensi\u00f3n, para utilizar con salidas de caj\u00f3n de centro de control de motores de baja tensi\u00f3n.","og_url":"https:\/\/www.ritzbrasil.com\/es\/produtos\/productos\/equipo-puesta-tierra-cortocircuito\/toma-de-tierra-mcc-bt\/","og_site_name":"Equipamentos de Manuten\u00e7\u00e3o e Seguran\u00e7a para o Setor El\u00e9trico - Ritz Brasil","article_modified_time":"2026-02-25T20:16:48+00:00","og_image":[{"width":1200,"height":1200,"url":"https:\/\/www.ritzbrasil.com\/wp-content\/uploads\/2024\/07\/atr15508-2-aterramento-ccm.jpg","type":"image\/jpeg"}],"twitter_card":"summary_large_image","twitter_misc":{"Tiempo de lectura":"1 minuto"},"schema":{"@context":"https:\/\/schema.org","@graph":[{"@type":"WebPage","@id":"https:\/\/www.ritzbrasil.com\/es\/produtos\/productos\/equipo-puesta-tierra-cortocircuito\/toma-de-tierra-mcc-bt\/","url":"https:\/\/www.ritzbrasil.com\/es\/produtos\/productos\/equipo-puesta-tierra-cortocircuito\/toma-de-tierra-mcc-bt\/","name":"Toma de tierra MCC","isPartOf":{"@id":"https:\/\/www.ritzbrasil.com\/es\/#website"},"primaryImageOfPage":{"@id":"https:\/\/www.ritzbrasil.com\/es\/produtos\/productos\/equipo-puesta-tierra-cortocircuito\/toma-de-tierra-mcc-bt\/#primaryimage"},"image":{"@id":"https:\/\/www.ritzbrasil.com\/es\/produtos\/productos\/equipo-puesta-tierra-cortocircuito\/toma-de-tierra-mcc-bt\/#primaryimage"},"thumbnailUrl":"https:\/\/www.ritzbrasil.com\/wp-content\/uploads\/2024\/07\/atr15508-2-aterramento-ccm.jpg","datePublished":"2024-07-08T10:20:13+00:00","dateModified":"2026-02-25T20:16:48+00:00","description":"Juego de puesta a tierra temporal para CCM de baja tensi\u00f3n, para utilizar con salidas de caj\u00f3n de centro de control de motores de baja tensi\u00f3n.","breadcrumb":{"@id":"https:\/\/www.ritzbrasil.com\/es\/produtos\/productos\/equipo-puesta-tierra-cortocircuito\/toma-de-tierra-mcc-bt\/#breadcrumb"},"inLanguage":"es","potentialAction":[{"@type":"ReadAction","target":["https:\/\/www.ritzbrasil.com\/es\/produtos\/productos\/equipo-puesta-tierra-cortocircuito\/toma-de-tierra-mcc-bt\/"]}]},{"@type":"ImageObject","inLanguage":"es","@id":"https:\/\/www.ritzbrasil.com\/es\/produtos\/productos\/equipo-puesta-tierra-cortocircuito\/toma-de-tierra-mcc-bt\/#primaryimage","url":"https:\/\/www.ritzbrasil.com\/wp-content\/uploads\/2024\/07\/atr15508-2-aterramento-ccm.jpg","contentUrl":"https:\/\/www.ritzbrasil.com\/wp-content\/uploads\/2024\/07\/atr15508-2-aterramento-ccm.jpg","width":1200,"height":1200,"caption":"ATR15508-2 - Juego de puesta a tierra temporal para CCM de baja tensi\u00f3n"},{"@type":"BreadcrumbList","@id":"https:\/\/www.ritzbrasil.com\/es\/produtos\/productos\/equipo-puesta-tierra-cortocircuito\/toma-de-tierra-mcc-bt\/#breadcrumb","itemListElement":[{"@type":"ListItem","position":1,"name":"In\u00edcio","item":"https:\/\/www.ritzbrasil.com\/es\/"},{"@type":"ListItem","position":2,"name":"Tienda","item":"https:\/\/www.ritzbrasil.com\/es\/tienda\/"},{"@type":"ListItem","position":3,"name":"Toma de tierra MCC (BT)"}]},{"@type":"WebSite","@id":"https:\/\/www.ritzbrasil.com\/es\/#website","url":"https:\/\/www.ritzbrasil.com\/es\/","name":"Equipamentos de Manuten\u00e7\u00e3o e Seguran\u00e7a para o Setor El\u00e9trico - Ritz Brasil","description":"","potentialAction":[{"@type":"SearchAction","target":{"@type":"EntryPoint","urlTemplate":"https:\/\/www.ritzbrasil.com\/es\/?s={search_term_string}"},"query-input":{"@type":"PropertyValueSpecification","valueRequired":true,"valueName":"search_term_string"}}],"inLanguage":"es"}]}},"_links":{"self":[{"href":"https:\/\/www.ritzbrasil.com\/es\/wp-json\/wp\/v2\/product\/61457","targetHints":{"allow":["GET"]}}],"collection":[{"href":"https:\/\/www.ritzbrasil.com\/es\/wp-json\/wp\/v2\/product"}],"about":[{"href":"https:\/\/www.ritzbrasil.com\/es\/wp-json\/wp\/v2\/types\/product"}],"wp:featuredmedia":[{"embeddable":true,"href":"https:\/\/www.ritzbrasil.com\/es\/wp-json\/wp\/v2\/media\/56627"}],"wp:attachment":[{"href":"https:\/\/www.ritzbrasil.com\/es\/wp-json\/wp\/v2\/media?parent=61457"}],"wp:term":[{"taxonomy":"product_brand","embeddable":true,"href":"https:\/\/www.ritzbrasil.com\/es\/wp-json\/wp\/v2\/product_brand?post=61457"},{"taxonomy":"product_cat","embeddable":true,"href":"https:\/\/www.ritzbrasil.com\/es\/wp-json\/wp\/v2\/product_cat?post=61457"},{"taxonomy":"product_tag","embeddable":true,"href":"https:\/\/www.ritzbrasil.com\/es\/wp-json\/wp\/v2\/product_tag?post=61457"}],"curies":[{"name":"wp","href":"https:\/\/api.w.org\/{rel}","templated":true}]}}