{"id":61445,"date":"2024-07-08T10:20:18","date_gmt":"2024-07-08T13:20:18","guid":{"rendered":"https:\/\/www.ritzbrasil.com\/produtos\/sin%20categor\u00eda\/sinfin-de-puesta-a-tierra\/"},"modified":"2026-02-25T17:14:08","modified_gmt":"2026-02-25T20:14:08","slug":"sinfin-de-puesta-a-tierra","status":"publish","type":"product","link":"https:\/\/www.ritzbrasil.com\/es\/produtos\/toma-de-tierra-temporal\/sinfin-de-puesta-a-tierra\/","title":{"rendered":"Sinf\u00edn de puesta a tierra"},"content":{"rendered":"<div class=\"wpb-content-wrapper\"><p>[vc_row][vc_column][vc_column_text css=\u00bb.vc_custom_1722945582316{margin-top: 20px !important;}\u00bb]<\/p>\n<h4><span style=\"color: #ff9900;\"><strong>Sinf\u00edn de puesta a tierra<\/strong><\/span><\/h4>\n<p>[\/vc_column_text][vc_column_text css=\u00bb.vc_custom_1723032203578{margin-top: -20px !important;}\u00bb]\n<div id=\"tablepress-Trado-Aterramento-cobreado-scroll-wrapper\" class=\"tablepress-scroll-wrapper\">\n<table id=\"tablepress-Trado-Aterramento-cobreado\" class=\"tablepress tablepress-id-Trado-Aterramento-cobreado tablepress-responsive\">\n<thead>\n<tr class=\"row-1\">\n\t<td class=\"column-1\"><\/td><th class=\"column-2\">  Refer\u00eancias<\/th><th class=\"column-3\">Caracter\u00edstica<\/th><td class=\"column-4\"><\/td><td class=\"column-5\"><\/td>\n<\/tr>\n<\/thead>\n<tbody class=\"row-striping row-hover\">\n<tr class=\"row-2\">\n\t<td class=\"column-1\"><img decoding=\"async\" src=\"https:\/\/www.ritzbrasil.com\/wp-content\/uploads\/2024\/08\/atr00137-trado-aterramento-150x150-1.jpg\" \/><\/td><td class=\"column-2\">ATR00137-1<\/td><td class=\"column-3\">\u00d8 17 mm x 1,50 m<\/td><td class=\"column-4\">    <button class=\"add-to-budget\" data-table-id=\"Trado-Aterramento-cobreado\" data-reference=\"ATR00137-1\" data-description=\"Trado de Aterramento\" style=\"color:#ff4d00;\">\n        <img decoding=\"async\" src=\"https:\/\/www.ritzbrasil.com\/\/wp-content\/uploads\/2024\/07\/orcar-compras-tabela-new-1.png\" alt=\"Solicitar cotizaci\u00f3n\" title=\"Solicitar cotizaci\u00f3n\" \/>\n    <\/button>\n    <\/td><td class=\"column-5\"><a href=\"https:\/\/lojasritz.com.br\/catalogsearch\/result\/?q=ATR00137-1\" target=\"_blank\" rel=\"noopener\"><img decoding=\"async\" src=\"https:\/\/www.ritzbrasil.com\/wp-content\/uploads\/2024\/07\/carrinho-compras-tabela.png\"  \/><\/a><\/td>\n<\/tr>\n<tr class=\"row-3\">\n\t<td class=\"column-1\"><img decoding=\"async\" src=\"https:\/\/www.ritzbrasil.com\/wp-content\/uploads\/2024\/08\/atr00137-trado-aterramento-150x150-1.jpg\" \/><\/td><td class=\"column-2\">ATR00137-2<\/td><td class=\"column-3\">\u00d8 17 mm x 1,00 m<\/td><td class=\"column-4\">    <button class=\"add-to-budget\" data-table-id=\"Trado-Aterramento-cobreado\" data-reference=\"ATR00137-2\" data-description=\"Trado de Aterramento\" style=\"color:#ff4d00;\">\n        <img decoding=\"async\" src=\"https:\/\/www.ritzbrasil.com\/\/wp-content\/uploads\/2024\/07\/orcar-compras-tabela-new-1.png\" alt=\"Solicitar cotizaci\u00f3n\" title=\"Solicitar cotizaci\u00f3n\" \/>\n    <\/button>\n    <\/td><td class=\"column-5\"><a href=\"https:\/\/lojasritz.com.br\/catalogsearch\/result\/?q=ATR00137-2\" target=\"_blank\" rel=\"noopener\"><img decoding=\"async\" src=\"https:\/\/www.ritzbrasil.com\/wp-content\/uploads\/2024\/07\/carrinho-compras-tabela.png\"  \/><\/a><\/td>\n<\/tr>\n<tr class=\"row-4\">\n\t<td class=\"column-1\"><img decoding=\"async\" src=\"https:\/\/www.ritzbrasil.com\/wp-content\/uploads\/2024\/08\/atr00137-trado-aterramento-150x150-1.jpg\" \/><\/td><td class=\"column-2\">ATR00137-3<\/td><td class=\"column-3\">\u00d8 17 mm x 1,80 m<\/td><td class=\"column-4\">    <button class=\"add-to-budget\" data-table-id=\"Trado-Aterramento-cobreado\" data-reference=\"ATR00137-3\" data-description=\"Trado de Aterramento\" style=\"color:#ff4d00;\">\n        <img decoding=\"async\" src=\"https:\/\/www.ritzbrasil.com\/\/wp-content\/uploads\/2024\/07\/orcar-compras-tabela-new-1.png\" alt=\"Solicitar cotizaci\u00f3n\" title=\"Solicitar cotizaci\u00f3n\" \/>\n    <\/button>\n    <\/td><td class=\"column-5\"><a href=\"https:\/\/lojasritz.com.br\/catalogsearch\/result\/?q=ATR00137-3\" target=\"_blank\" rel=\"noopener\"><img decoding=\"async\" src=\"https:\/\/www.ritzbrasil.com\/wp-content\/uploads\/2024\/07\/carrinho-compras-tabela.png\"  \/><\/a><\/td>\n<\/tr>\n<\/tbody>\n<\/table>\n<\/div>\n[\/vc_column_text][vc_column_text css=\u00bb\u00bb]Barrena de tierra con varilla de acero cobreado, soporte y punta roscable de aleaci\u00f3n de cobre fundido con protecci\u00f3n de goma, asa de acero desmontable para facilitar el embalaje, el transporte y el almacenamiento.[\/vc_column_text][vc_separator border_width=\u00bb2&#8243; css=\u00bb\u00bb][\/vc_column][\/vc_row][vc_row][vc_column][vc_column_text css=\u00bb.vc_custom_1723033650111{margin-top: -20px !important;}\u00bb]\n<div id=\"tablepress-Trado-Aterramento-galvanizado-scroll-wrapper\" class=\"tablepress-scroll-wrapper\">\n<table id=\"tablepress-Trado-Aterramento-galvanizado\" class=\"tablepress tablepress-id-Trado-Aterramento-galvanizado tablepress-responsive\">\n<thead>\n<tr class=\"row-1\">\n\t<td class=\"column-1\"><\/td><th class=\"column-2\">  Refer\u00eancias<\/th><th class=\"column-3\">Caracter\u00edstica<\/th><td class=\"column-4\"><\/td><td class=\"column-5\"><\/td>\n<\/tr>\n<\/thead>\n<tbody class=\"row-striping row-hover\">\n<tr class=\"row-2\">\n\t<td class=\"column-1\"><img decoding=\"async\" src=\"https:\/\/www.ritzbrasil.com\/wp-content\/uploads\/2024\/08\/atr08814-trado-aterramento-150x150-1.jpg\" \/><\/td><td class=\"column-2\">ATR08814-1<\/td><td class=\"column-3\">\u00d8 19 mm x 1,00 m<\/td><td class=\"column-4\">    <button class=\"add-to-budget\" data-table-id=\"Trado-Aterramento-galvanizado\" data-reference=\"ATR08814-1\" data-description=\"Trado de Aterramento\" style=\"color:#ff4d00;\">\n        <img decoding=\"async\" src=\"https:\/\/www.ritzbrasil.com\/\/wp-content\/uploads\/2024\/07\/orcar-compras-tabela-new-1.png\" alt=\"Solicitar cotizaci\u00f3n\" title=\"Solicitar cotizaci\u00f3n\" \/>\n    <\/button>\n    <\/td><td class=\"column-5\"><a href=\"https:\/\/lojasritz.com.br\/catalogsearch\/result\/?q=ATR08814-1\" target=\"_blank\" rel=\"noopener\"><img decoding=\"async\" src=\"https:\/\/www.ritzbrasil.com\/wp-content\/uploads\/2024\/07\/carrinho-compras-tabela.png\"  \/><\/a><\/td>\n<\/tr>\n<tr class=\"row-3\">\n\t<td class=\"column-1\"><img decoding=\"async\" src=\"https:\/\/www.ritzbrasil.com\/wp-content\/uploads\/2024\/08\/atr08814-trado-aterramento-150x150-1.jpg\" \/><\/td><td class=\"column-2\">ATR08814-2<\/td><td class=\"column-3\">\u00d8 19 mm x 1,20 m<\/td><td class=\"column-4\">    <button class=\"add-to-budget\" data-table-id=\"Trado-Aterramento-galvanizado\" data-reference=\"ATR08814-2\" data-description=\"Trado de Aterramento\" style=\"color:#ff4d00;\">\n        <img decoding=\"async\" src=\"https:\/\/www.ritzbrasil.com\/\/wp-content\/uploads\/2024\/07\/orcar-compras-tabela-new-1.png\" alt=\"Solicitar cotizaci\u00f3n\" title=\"Solicitar cotizaci\u00f3n\" \/>\n    <\/button>\n    <\/td><td class=\"column-5\"><a href=\"https:\/\/lojasritz.com.br\/catalogsearch\/result\/?q=ATR08814-2\" target=\"_blank\" rel=\"noopener\"><img decoding=\"async\" src=\"https:\/\/www.ritzbrasil.com\/wp-content\/uploads\/2024\/07\/carrinho-compras-tabela.png\"  \/><\/a><\/td>\n<\/tr>\n<tr class=\"row-4\">\n\t<td class=\"column-1\"><img decoding=\"async\" src=\"https:\/\/www.ritzbrasil.com\/wp-content\/uploads\/2024\/08\/atr08814-trado-aterramento-150x150-1.jpg\" \/><\/td><td class=\"column-2\">ATR08814-3<\/td><td class=\"column-3\">\u00d8 19 mm x 1,50 m<\/td><td class=\"column-4\">    <button class=\"add-to-budget\" data-table-id=\"Trado-Aterramento-galvanizado\" data-reference=\"ATR08814-3\" data-description=\"Trado de Aterramento\" style=\"color:#ff4d00;\">\n        <img decoding=\"async\" src=\"https:\/\/www.ritzbrasil.com\/\/wp-content\/uploads\/2024\/07\/orcar-compras-tabela-new-1.png\" alt=\"Solicitar cotizaci\u00f3n\" title=\"Solicitar cotizaci\u00f3n\" \/>\n    <\/button>\n    <\/td><td class=\"column-5\"><a href=\"https:\/\/lojasritz.com.br\/catalogsearch\/result\/?q=ATR08814-3\" target=\"_blank\" rel=\"noopener\"><img decoding=\"async\" src=\"https:\/\/www.ritzbrasil.com\/wp-content\/uploads\/2024\/07\/carrinho-compras-tabela.png\"  \/><\/a><\/td>\n<\/tr>\n<tr class=\"row-5\">\n\t<td class=\"column-1\"><img decoding=\"async\" src=\"https:\/\/www.ritzbrasil.com\/wp-content\/uploads\/2024\/08\/atr08814-trado-aterramento-150x150-1.jpg\" \/><\/td><td class=\"column-2\">ATR08814-4<\/td><td class=\"column-3\">\u00d8 19 mm x 0,85 m<\/td><td class=\"column-4\">    <button class=\"add-to-budget\" data-table-id=\"Trado-Aterramento-galvanizado\" data-reference=\"ATR08814-4\" data-description=\"Trado de Aterramento\" style=\"color:#ff4d00;\">\n        <img decoding=\"async\" src=\"https:\/\/www.ritzbrasil.com\/\/wp-content\/uploads\/2024\/07\/orcar-compras-tabela-new-1.png\" alt=\"Solicitar cotizaci\u00f3n\" title=\"Solicitar cotizaci\u00f3n\" \/>\n    <\/button>\n    <\/td><td class=\"column-5\"><a href=\"https:\/\/lojasritz.com.br\/catalogsearch\/result\/?q=ATR08814-4\" target=\"_blank\" rel=\"noopener\"><img decoding=\"async\" src=\"https:\/\/www.ritzbrasil.com\/wp-content\/uploads\/2024\/07\/carrinho-compras-tabela.png\"  \/><\/a><\/td>\n<\/tr>\n<\/tbody>\n<\/table>\n<\/div>\n[\/vc_column_text][vc_column_text css=\u00bb\u00bb]Sinf\u00edn de tierra con varilla de acero galvanizado en caliente, secci\u00f3n hexagonal y mango de acero soldado.[\/vc_column_text][vc_separator border_width=\u00bb2&#8243; css=\u00bb\u00bb][\/vc_column][\/vc_row][vc_row][vc_column][vc_column_text css=\u00bb.vc_custom_1723034261122{margin-top: -20px !important;}\u00bb]\n<div id=\"tablepress-ATR03402-1-scroll-wrapper\" class=\"tablepress-scroll-wrapper\">\n<table id=\"tablepress-ATR03402-1\" class=\"tablepress tablepress-id-ATR03402-1 tablepress-responsive\">\n<thead>\n<tr class=\"row-1\">\n\t<td class=\"column-1\"><\/td><th class=\"column-2\">  Refer\u00eancias<\/th><th class=\"column-3\">Caracter\u00edstica<\/th><td class=\"column-4\"><\/td><td class=\"column-5\"><\/td>\n<\/tr>\n<\/thead>\n<tbody class=\"row-striping row-hover\">\n<tr class=\"row-2\">\n\t<td class=\"column-1\"><img decoding=\"async\" src=\"https:\/\/www.ritzbrasil.com\/wp-content\/uploads\/2024\/08\/atr03402-1-trado-aterramento-150x150-1.jpg\" \/><\/td><td class=\"column-2\">ATR03402-1<\/td><td class=\"column-3\">\u00d8 20 mm x 0,80 m<\/td><td class=\"column-4\">    <button class=\"add-to-budget\" data-table-id=\"ATR03402-1\" data-reference=\"ATR03402-1\" data-description=\"Trado de Aterramento\" style=\"color:#ff4d00;\">\n        <img decoding=\"async\" src=\"https:\/\/www.ritzbrasil.com\/\/wp-content\/uploads\/2024\/07\/orcar-compras-tabela-new-1.png\" alt=\"Solicitar cotizaci\u00f3n\" title=\"Solicitar cotizaci\u00f3n\" \/>\n    <\/button>\n    <\/td><td class=\"column-5\"><a href=\"https:\/\/lojasritz.com.br\/catalogsearch\/result\/?q=ATR03402-1\" target=\"_blank\" rel=\"noopener\"><img decoding=\"async\" src=\"https:\/\/www.ritzbrasil.com\/wp-content\/uploads\/2024\/07\/carrinho-compras-tabela.png\"  \/><\/a><\/td>\n<\/tr>\n<\/tbody>\n<\/table>\n<\/div>\n[\/vc_column_text][vc_column_text css=\u00bb\u00bb]Barrena de tierra con punta roscada de aleaci\u00f3n de cobre fundido con protecci\u00f3n de goma, mango de acero desmontable para facilitar el embalaje, el transporte y el almacenamiento.[\/vc_column_text][vc_separator border_width=\u00bb2&#8243; css=\u00bb\u00bb][\/vc_column][\/vc_row][vc_row][vc_column][vc_column_text css=\u00bb.vc_custom_1723034421896{margin-top: -20px !important;}\u00bb]\n<div id=\"tablepress-ATR31691-1-scroll-wrapper\" class=\"tablepress-scroll-wrapper\">\n<table id=\"tablepress-ATR31691-1\" class=\"tablepress tablepress-id-ATR31691-1 tablepress-responsive\">\n<thead>\n<tr class=\"row-1\">\n\t<td class=\"column-1\"><\/td><th class=\"column-2\">  Refer\u00eancias<\/th><th class=\"column-3\">Caracter\u00edstica<\/th><td class=\"column-4\"><\/td><td class=\"column-5\"><\/td>\n<\/tr>\n<\/thead>\n<tbody class=\"row-striping row-hover\">\n<tr class=\"row-2\">\n\t<td class=\"column-1\"><img decoding=\"async\" src=\"https:\/\/www.ritzbrasil.com\/wp-content\/uploads\/2024\/08\/atr31691-1-trado-aterramento-150x150-1.jpg\" \/><\/td><td class=\"column-2\">ATR31691-1<\/td><td class=\"column-3\">\u00d8 17,5 mm x 1,20 m<\/td><td class=\"column-4\">    <button class=\"add-to-budget\" data-table-id=\"ATR31691-1\" data-reference=\"ATR31691-1\" data-description=\"Trado de Aterramento\" style=\"color:#ff4d00;\">\n        <img decoding=\"async\" src=\"https:\/\/www.ritzbrasil.com\/\/wp-content\/uploads\/2024\/07\/orcar-compras-tabela-new-1.png\" alt=\"Solicitar cotizaci\u00f3n\" title=\"Solicitar cotizaci\u00f3n\" \/>\n    <\/button>\n    <\/td><td class=\"column-5\"><a href=\"https:\/\/lojasritz.com.br\/catalogsearch\/result\/?q=ATR31691-1\" target=\"_blank\" rel=\"noopener\"><img decoding=\"async\" src=\"https:\/\/www.ritzbrasil.com\/wp-content\/uploads\/2024\/07\/carrinho-compras-tabela.png\"  \/><\/a><\/td>\n<\/tr>\n<\/tbody>\n<\/table>\n<\/div>\n[\/vc_column_text][vc_column_text css=\u00bb\u00bb]Sinf\u00edn de tierra con varilla de acero cobrizado.[\/vc_column_text][vc_separator border_width=\u00bb2&#8243; css=\u00bb\u00bb][vc_column_text css=\u00bb\u00bb]<em>* Todas las bolsas opcionales est\u00e1n fabricadas con refuerzos en los bordes y los extremos. Ideales para embalar y transportar el sinf\u00edn. <\/em>[\/vc_column_text][\/vc_column][\/vc_row]<\/p>\n<\/div>","protected":false},"excerpt":{"rendered":"<p><strong>Barrena<\/strong> de puesta a tierra<\/p>\n<p>Barrena de puesta a tierra con varilla de acero cobreado, soporte y punta roscable de aleaci\u00f3n de cobre fundido con protecci\u00f3n de goma, mango de acero desmontable para facilitar el embalaje, el transporte y el almacenamiento.<\/p>\n","protected":false},"featured_media":57111,"template":"","meta":[],"product_brand":[],"product_cat":[1661],"product_tag":[3127,3128,4321,4326,4322,4323,4324,4325,4327,4320,4044],"class_list":{"0":"post-61445","1":"product","2":"type-product","3":"status-publish","4":"has-post-thumbnail","6":"product_cat-toma-de-tierra-temporal","7":"product_tag-atr00137-1-es","8":"product_tag-atr00137-2-es","9":"product_tag-atr00137-3","10":"product_tag-atr03402-1","11":"product_tag-atr08814-1","12":"product_tag-atr08814-2","13":"product_tag-atr08814-3","14":"product_tag-atr08814-4","15":"product_tag-atr31691-1","16":"product_tag-sinfin-de-puesta-a-tierra","17":"product_tag-toma-de-tierra-temporal","18":"description-off","20":"first","21":"instock","22":"virtual","23":"product-type-simple"},"yoast_head":"<!-- This site is optimized with the Yoast SEO plugin v27.1.1 - https:\/\/yoast.com\/product\/yoast-seo-wordpress\/ -->\n<title>Sinf\u00edn de puesta a tierra<\/title>\n<meta name=\"description\" content=\"Barrena de tierra con varilla de acero cobreado, soporte y punta roscada, protecci\u00f3n de goma y asa de acero desmontable para facilitar el transporte.\" \/>\n<meta name=\"robots\" content=\"index, follow, max-snippet:-1, max-image-preview:large, max-video-preview:-1\" \/>\n<link rel=\"canonical\" href=\"https:\/\/www.ritzbrasil.com\/es\/produtos\/toma-de-tierra-temporal\/sinfin-de-puesta-a-tierra\/\" \/>\n<meta property=\"og:locale\" content=\"es_ES\" \/>\n<meta property=\"og:type\" content=\"article\" \/>\n<meta property=\"og:title\" content=\"Sinf\u00edn de puesta a tierra\" \/>\n<meta property=\"og:description\" content=\"Barrena de tierra con varilla de acero cobreado, soporte y punta roscada, protecci\u00f3n de goma y asa de acero desmontable para facilitar el transporte.\" \/>\n<meta property=\"og:url\" content=\"https:\/\/www.ritzbrasil.com\/es\/produtos\/toma-de-tierra-temporal\/sinfin-de-puesta-a-tierra\/\" \/>\n<meta property=\"og:site_name\" content=\"Equipamentos de Manuten\u00e7\u00e3o e Seguran\u00e7a para o Setor El\u00e9trico - Ritz Brasil\" \/>\n<meta property=\"article:modified_time\" content=\"2026-02-25T20:14:08+00:00\" \/>\n<meta property=\"og:image\" content=\"https:\/\/www.ritzbrasil.com\/wp-content\/uploads\/2024\/08\/atr00137-trado-aterramento.jpg\" \/>\n\t<meta property=\"og:image:width\" content=\"1200\" \/>\n\t<meta property=\"og:image:height\" content=\"1200\" \/>\n\t<meta property=\"og:image:type\" content=\"image\/jpeg\" \/>\n<meta name=\"twitter:card\" content=\"summary_large_image\" \/>\n<meta name=\"twitter:label1\" content=\"Tiempo de lectura\" \/>\n\t<meta name=\"twitter:data1\" content=\"1 minuto\" \/>\n<script type=\"application\/ld+json\" class=\"yoast-schema-graph\">{\"@context\":\"https:\/\/schema.org\",\"@graph\":[{\"@type\":\"WebPage\",\"@id\":\"https:\/\/www.ritzbrasil.com\/es\/produtos\/toma-de-tierra-temporal\/sinfin-de-puesta-a-tierra\/\",\"url\":\"https:\/\/www.ritzbrasil.com\/es\/produtos\/toma-de-tierra-temporal\/sinfin-de-puesta-a-tierra\/\",\"name\":\"Sinf\u00edn de puesta a tierra\",\"isPartOf\":{\"@id\":\"https:\/\/www.ritzbrasil.com\/es\/#website\"},\"primaryImageOfPage\":{\"@id\":\"https:\/\/www.ritzbrasil.com\/es\/produtos\/toma-de-tierra-temporal\/sinfin-de-puesta-a-tierra\/#primaryimage\"},\"image\":{\"@id\":\"https:\/\/www.ritzbrasil.com\/es\/produtos\/toma-de-tierra-temporal\/sinfin-de-puesta-a-tierra\/#primaryimage\"},\"thumbnailUrl\":\"https:\/\/www.ritzbrasil.com\/wp-content\/uploads\/2024\/08\/atr00137-trado-aterramento.jpg\",\"datePublished\":\"2024-07-08T13:20:18+00:00\",\"dateModified\":\"2026-02-25T20:14:08+00:00\",\"description\":\"Barrena de tierra con varilla de acero cobreado, soporte y punta roscada, protecci\u00f3n de goma y asa de acero desmontable para facilitar el transporte.\",\"breadcrumb\":{\"@id\":\"https:\/\/www.ritzbrasil.com\/es\/produtos\/toma-de-tierra-temporal\/sinfin-de-puesta-a-tierra\/#breadcrumb\"},\"inLanguage\":\"es\",\"potentialAction\":[{\"@type\":\"ReadAction\",\"target\":[\"https:\/\/www.ritzbrasil.com\/es\/produtos\/toma-de-tierra-temporal\/sinfin-de-puesta-a-tierra\/\"]}]},{\"@type\":\"ImageObject\",\"inLanguage\":\"es\",\"@id\":\"https:\/\/www.ritzbrasil.com\/es\/produtos\/toma-de-tierra-temporal\/sinfin-de-puesta-a-tierra\/#primaryimage\",\"url\":\"https:\/\/www.ritzbrasil.com\/wp-content\/uploads\/2024\/08\/atr00137-trado-aterramento.jpg\",\"contentUrl\":\"https:\/\/www.ritzbrasil.com\/wp-content\/uploads\/2024\/08\/atr00137-trado-aterramento.jpg\",\"width\":1200,\"height\":1200,\"caption\":\"ATR00137 Barrena de puesta a tierra\"},{\"@type\":\"BreadcrumbList\",\"@id\":\"https:\/\/www.ritzbrasil.com\/es\/produtos\/toma-de-tierra-temporal\/sinfin-de-puesta-a-tierra\/#breadcrumb\",\"itemListElement\":[{\"@type\":\"ListItem\",\"position\":1,\"name\":\"In\u00edcio\",\"item\":\"https:\/\/www.ritzbrasil.com\/es\/\"},{\"@type\":\"ListItem\",\"position\":2,\"name\":\"Tienda\",\"item\":\"https:\/\/www.ritzbrasil.com\/es\/tienda\/\"},{\"@type\":\"ListItem\",\"position\":3,\"name\":\"Sinf\u00edn de puesta a tierra\"}]},{\"@type\":\"WebSite\",\"@id\":\"https:\/\/www.ritzbrasil.com\/es\/#website\",\"url\":\"https:\/\/www.ritzbrasil.com\/es\/\",\"name\":\"Equipamentos de Manuten\u00e7\u00e3o e Seguran\u00e7a para o Setor El\u00e9trico - Ritz Brasil\",\"description\":\"\",\"potentialAction\":[{\"@type\":\"SearchAction\",\"target\":{\"@type\":\"EntryPoint\",\"urlTemplate\":\"https:\/\/www.ritzbrasil.com\/es\/?s={search_term_string}\"},\"query-input\":{\"@type\":\"PropertyValueSpecification\",\"valueRequired\":true,\"valueName\":\"search_term_string\"}}],\"inLanguage\":\"es\"}]}<\/script>\n<!-- \/ Yoast SEO plugin. -->","yoast_head_json":{"title":"Sinf\u00edn de puesta a tierra","description":"Barrena de tierra con varilla de acero cobreado, soporte y punta roscada, protecci\u00f3n de goma y asa de acero desmontable para facilitar el transporte.","robots":{"index":"index","follow":"follow","max-snippet":"max-snippet:-1","max-image-preview":"max-image-preview:large","max-video-preview":"max-video-preview:-1"},"canonical":"https:\/\/www.ritzbrasil.com\/es\/produtos\/toma-de-tierra-temporal\/sinfin-de-puesta-a-tierra\/","og_locale":"es_ES","og_type":"article","og_title":"Sinf\u00edn de puesta a tierra","og_description":"Barrena de tierra con varilla de acero cobreado, soporte y punta roscada, protecci\u00f3n de goma y asa de acero desmontable para facilitar el transporte.","og_url":"https:\/\/www.ritzbrasil.com\/es\/produtos\/toma-de-tierra-temporal\/sinfin-de-puesta-a-tierra\/","og_site_name":"Equipamentos de Manuten\u00e7\u00e3o e Seguran\u00e7a para o Setor El\u00e9trico - Ritz Brasil","article_modified_time":"2026-02-25T20:14:08+00:00","og_image":[{"width":1200,"height":1200,"url":"https:\/\/www.ritzbrasil.com\/wp-content\/uploads\/2024\/08\/atr00137-trado-aterramento.jpg","type":"image\/jpeg"}],"twitter_card":"summary_large_image","twitter_misc":{"Tiempo de lectura":"1 minuto"},"schema":{"@context":"https:\/\/schema.org","@graph":[{"@type":"WebPage","@id":"https:\/\/www.ritzbrasil.com\/es\/produtos\/toma-de-tierra-temporal\/sinfin-de-puesta-a-tierra\/","url":"https:\/\/www.ritzbrasil.com\/es\/produtos\/toma-de-tierra-temporal\/sinfin-de-puesta-a-tierra\/","name":"Sinf\u00edn de puesta a tierra","isPartOf":{"@id":"https:\/\/www.ritzbrasil.com\/es\/#website"},"primaryImageOfPage":{"@id":"https:\/\/www.ritzbrasil.com\/es\/produtos\/toma-de-tierra-temporal\/sinfin-de-puesta-a-tierra\/#primaryimage"},"image":{"@id":"https:\/\/www.ritzbrasil.com\/es\/produtos\/toma-de-tierra-temporal\/sinfin-de-puesta-a-tierra\/#primaryimage"},"thumbnailUrl":"https:\/\/www.ritzbrasil.com\/wp-content\/uploads\/2024\/08\/atr00137-trado-aterramento.jpg","datePublished":"2024-07-08T13:20:18+00:00","dateModified":"2026-02-25T20:14:08+00:00","description":"Barrena de tierra con varilla de acero cobreado, soporte y punta roscada, protecci\u00f3n de goma y asa de acero desmontable para facilitar el transporte.","breadcrumb":{"@id":"https:\/\/www.ritzbrasil.com\/es\/produtos\/toma-de-tierra-temporal\/sinfin-de-puesta-a-tierra\/#breadcrumb"},"inLanguage":"es","potentialAction":[{"@type":"ReadAction","target":["https:\/\/www.ritzbrasil.com\/es\/produtos\/toma-de-tierra-temporal\/sinfin-de-puesta-a-tierra\/"]}]},{"@type":"ImageObject","inLanguage":"es","@id":"https:\/\/www.ritzbrasil.com\/es\/produtos\/toma-de-tierra-temporal\/sinfin-de-puesta-a-tierra\/#primaryimage","url":"https:\/\/www.ritzbrasil.com\/wp-content\/uploads\/2024\/08\/atr00137-trado-aterramento.jpg","contentUrl":"https:\/\/www.ritzbrasil.com\/wp-content\/uploads\/2024\/08\/atr00137-trado-aterramento.jpg","width":1200,"height":1200,"caption":"ATR00137 Barrena de puesta a tierra"},{"@type":"BreadcrumbList","@id":"https:\/\/www.ritzbrasil.com\/es\/produtos\/toma-de-tierra-temporal\/sinfin-de-puesta-a-tierra\/#breadcrumb","itemListElement":[{"@type":"ListItem","position":1,"name":"In\u00edcio","item":"https:\/\/www.ritzbrasil.com\/es\/"},{"@type":"ListItem","position":2,"name":"Tienda","item":"https:\/\/www.ritzbrasil.com\/es\/tienda\/"},{"@type":"ListItem","position":3,"name":"Sinf\u00edn de puesta a tierra"}]},{"@type":"WebSite","@id":"https:\/\/www.ritzbrasil.com\/es\/#website","url":"https:\/\/www.ritzbrasil.com\/es\/","name":"Equipamentos de Manuten\u00e7\u00e3o e Seguran\u00e7a para o Setor El\u00e9trico - Ritz Brasil","description":"","potentialAction":[{"@type":"SearchAction","target":{"@type":"EntryPoint","urlTemplate":"https:\/\/www.ritzbrasil.com\/es\/?s={search_term_string}"},"query-input":{"@type":"PropertyValueSpecification","valueRequired":true,"valueName":"search_term_string"}}],"inLanguage":"es"}]}},"_links":{"self":[{"href":"https:\/\/www.ritzbrasil.com\/es\/wp-json\/wp\/v2\/product\/61445","targetHints":{"allow":["GET"]}}],"collection":[{"href":"https:\/\/www.ritzbrasil.com\/es\/wp-json\/wp\/v2\/product"}],"about":[{"href":"https:\/\/www.ritzbrasil.com\/es\/wp-json\/wp\/v2\/types\/product"}],"wp:featuredmedia":[{"embeddable":true,"href":"https:\/\/www.ritzbrasil.com\/es\/wp-json\/wp\/v2\/media\/57111"}],"wp:attachment":[{"href":"https:\/\/www.ritzbrasil.com\/es\/wp-json\/wp\/v2\/media?parent=61445"}],"wp:term":[{"taxonomy":"product_brand","embeddable":true,"href":"https:\/\/www.ritzbrasil.com\/es\/wp-json\/wp\/v2\/product_brand?post=61445"},{"taxonomy":"product_cat","embeddable":true,"href":"https:\/\/www.ritzbrasil.com\/es\/wp-json\/wp\/v2\/product_cat?post=61445"},{"taxonomy":"product_tag","embeddable":true,"href":"https:\/\/www.ritzbrasil.com\/es\/wp-json\/wp\/v2\/product_tag?post=61445"}],"curies":[{"name":"wp","href":"https:\/\/api.w.org\/{rel}","templated":true}]}}