{"id":61443,"date":"2024-07-08T10:20:04","date_gmt":"2024-07-08T13:20:04","guid":{"rendered":"https:\/\/www.ritzbrasil.com\/produtos\/sin%20categor\u00eda\/trapecio-elevador\/"},"modified":"2026-02-25T17:14:14","modified_gmt":"2026-02-25T20:14:14","slug":"trapecio-elevador","status":"publish","type":"product","link":"https:\/\/www.ritzbrasil.com\/es\/produtos\/toma-de-tierra-temporal\/trapecio-elevador\/","title":{"rendered":"Trapecio elevador"},"content":{"rendered":"<div class=\"wpb-content-wrapper\"><p>[vc_row][vc_column][vc_column_text css=\u00bb.vc_custom_1722885573812{margin-top: 20px !important;}\u00bb]<\/p>\n<h4><span style=\"color: #ff9900;\"><strong>Trapecio elevador<\/strong><\/span><\/h4>\n<p>[\/vc_column_text][vc_column_text css=\u00bb.vc_custom_1723030500058{margin-top: -20px !important;}\u00bb]\n<div id=\"tablepress-TRAPEZIO-ELEVACAO-scroll-wrapper\" class=\"tablepress-scroll-wrapper\">\n<table id=\"tablepress-TRAPEZIO-ELEVACAO\" class=\"tablepress tablepress-id-TRAPEZIO-ELEVACAO tablepress-responsive\">\n<thead>\n<tr class=\"row-1\">\n\t<td class=\"column-1\"><\/td><th class=\"column-2\">  Refer\u00eancias<\/th><th class=\"column-3\">Caracter\u00edstica<\/th><td class=\"column-4\"><\/td><td class=\"column-5\"><\/td>\n<\/tr>\n<\/thead>\n<tbody class=\"row-striping row-hover\">\n<tr class=\"row-2\">\n\t<td class=\"column-1\"><img decoding=\"async\" src=\"https:\/\/www.ritzbrasil.com\/wp-content\/uploads\/2024\/08\/atr04694-1-trapezio-elevacao-150x150-1.jpg\" \/><\/td><td class=\"column-2\">ATR04694-1<\/td><td class=\"column-3\">Constru\u00eddo em alum\u00ednio e haste de a\u00e7o galvanizado<br \/>\ne encaixe universal em bronze, esse trap\u00e9zio \u00e9<br \/>\npr\u00f3prio para opera\u00e7\u00f5es de instala\u00e7\u00e3o e retirada dos<br \/>\ngrampos de aterramento por press\u00e3o (ATR03653-1).<br \/>\nPeso aprox. : 0,53 kg (1,17 lb)<\/td><td class=\"column-4\">    <button class=\"add-to-budget\" data-table-id=\"TRAPEZIO-ELEVACAO\" data-reference=\"ATR04694-1\" data-description=\"Trap\u00e9zio de Eleva\u00e7\u00e3o\" style=\"color:#ff4d00;\">\n        <img decoding=\"async\" src=\"https:\/\/www.ritzbrasil.com\/\/wp-content\/uploads\/2024\/07\/orcar-compras-tabela-new-1.png\" alt=\"Solicitar cotizaci\u00f3n\" title=\"Solicitar cotizaci\u00f3n\" \/>\n    <\/button>\n    <\/td><td class=\"column-5\"><a href=\"https:\/\/lojasritz.com.br\/catalogsearch\/result\/?q=ATR04694-1\" target=\"_blank\" rel=\"noopener\"><img decoding=\"async\" src=\"https:\/\/www.ritzbrasil.com\/wp-content\/uploads\/2024\/07\/carrinho-compras-tabela.png\"  \/><\/a><\/td>\n<\/tr>\n<tr class=\"row-3\">\n\t<td class=\"column-1\"><img decoding=\"async\" src=\"https:\/\/www.ritzbrasil.com\/wp-content\/uploads\/2024\/08\/atr04116-1-trapezio-elevacao-150x150-1.jpg\" \/><\/td><td class=\"column-2\">ATR04116-1<\/td><td class=\"column-3\">Constru\u00eddo em alum\u00ednio, com conectores de bronze,<br \/>\n\u00e9 pr\u00f3prio para uso com grampos de tamanho m\u00e9dio.<br \/>\nPeso aprox.: 1,0 kg (2,20 lb)<\/td><td class=\"column-4\">    <button class=\"add-to-budget\" data-table-id=\"TRAPEZIO-ELEVACAO\" data-reference=\"ATR04116-1\" data-description=\"Trap\u00e9zio de Eleva\u00e7\u00e3o\" style=\"color:#ff4d00;\">\n        <img decoding=\"async\" src=\"https:\/\/www.ritzbrasil.com\/\/wp-content\/uploads\/2024\/07\/orcar-compras-tabela-new-1.png\" alt=\"Solicitar cotizaci\u00f3n\" title=\"Solicitar cotizaci\u00f3n\" \/>\n    <\/button>\n    <\/td><td class=\"column-5\"><a href=\"https:\/\/lojasritz.com.br\/catalogsearch\/result\/?q=ATR04116-1\" target=\"_blank\" rel=\"noopener\"><img decoding=\"async\" src=\"https:\/\/www.ritzbrasil.com\/wp-content\/uploads\/2024\/07\/carrinho-compras-tabela.png\"  \/><\/a><\/td>\n<\/tr>\n<tr class=\"row-4\">\n\t<td class=\"column-1\"><img decoding=\"async\" src=\"https:\/\/www.ritzbrasil.com\/wp-content\/uploads\/2024\/08\/atr14442-1-trapezio-elevacao-150x150-1.jpg\" \/><\/td><td class=\"column-2\">ATR14442-1<\/td><td class=\"column-3\">Constru\u00eddo em alum\u00ednio e haste em a\u00e7o galvanizado,<br \/>\nesse modelo \u00e9 pr\u00f3prio para eleva\u00e7\u00e3o, instala\u00e7\u00e3o e<br \/>\nretirada dos grampos ATR13628-1 (sistema de mola).<br \/>\nPeso aprox.: 0,68 kg (1,50 lb)<\/td><td class=\"column-4\">    <button class=\"add-to-budget\" data-table-id=\"TRAPEZIO-ELEVACAO\" data-reference=\"ATR14442-1\" data-description=\"Trap\u00e9zio de Eleva\u00e7\u00e3o\" style=\"color:#ff4d00;\">\n        <img decoding=\"async\" src=\"https:\/\/www.ritzbrasil.com\/\/wp-content\/uploads\/2024\/07\/orcar-compras-tabela-new-1.png\" alt=\"Solicitar cotizaci\u00f3n\" title=\"Solicitar cotizaci\u00f3n\" \/>\n    <\/button>\n    <\/td><td class=\"column-5\"><a href=\"https:\/\/lojasritz.com.br\/catalogsearch\/result\/?q=ATR14442-1\" target=\"_blank\" rel=\"noopener\"><img decoding=\"async\" src=\"https:\/\/www.ritzbrasil.com\/wp-content\/uploads\/2024\/07\/carrinho-compras-tabela.png\"  \/><\/a><\/td>\n<\/tr>\n<tr class=\"row-5\">\n\t<td class=\"column-1\"><img decoding=\"async\" src=\"https:\/\/www.ritzbrasil.com\/wp-content\/uploads\/2024\/08\/atr18867-1-trapezio-elevacao-150x150-1.jpg\" \/><\/td><td class=\"column-2\">ATR18867-1<\/td><td class=\"column-3\">Constru\u00eddo em alum\u00ednio e haste em a\u00e7o galvanizado,<br \/>\nesse modelo \u00e9 pr\u00f3prio para eleva\u00e7\u00e3o, instala\u00e7\u00e3o e<br \/>\nretirada dos grampos ATR13628-1 (sistema de mola).<br \/>\nPeso aprox.: 0,68 kg (1,50 lb)<\/td><td class=\"column-4\">    <button class=\"add-to-budget\" data-table-id=\"TRAPEZIO-ELEVACAO\" data-reference=\"ATR18867-1\" data-description=\"Trap\u00e9zio de Eleva\u00e7\u00e3o\" style=\"color:#ff4d00;\">\n        <img decoding=\"async\" src=\"https:\/\/www.ritzbrasil.com\/\/wp-content\/uploads\/2024\/07\/orcar-compras-tabela-new-1.png\" alt=\"Solicitar cotizaci\u00f3n\" title=\"Solicitar cotizaci\u00f3n\" \/>\n    <\/button>\n    <\/td><td class=\"column-5\"><a href=\"https:\/\/lojasritz.com.br\/catalogsearch\/result\/?q=ATR18867-1\" target=\"_blank\" rel=\"noopener\"><img decoding=\"async\" src=\"https:\/\/www.ritzbrasil.com\/wp-content\/uploads\/2024\/07\/carrinho-compras-tabela.png\"  \/><\/a><\/td>\n<\/tr>\n<\/tbody>\n<\/table>\n<\/div>\n[\/vc_column_text][vc_separator border_width=\u00bb2&#8243; css=\u00bb\u00bb][\/vc_column][\/vc_row]<\/p>\n<\/div>","protected":false},"excerpt":{"rendered":"<p>Los trapecios elevadores permiten elevar simult\u00e1neamente las pinzas de puesta a tierra a los conductores en una secuencia segura de operaciones. Se utilizan normalmente en trabajos convencionales de redes a\u00e9reas de media tensi\u00f3n.<\/p>\n","protected":false},"featured_media":57081,"template":"","meta":[],"product_brand":[],"product_cat":[1661],"product_tag":[4312,4311,4313,4314,4044,4310],"class_list":{"0":"post-61443","1":"product","2":"type-product","3":"status-publish","4":"has-post-thumbnail","6":"product_cat-toma-de-tierra-temporal","7":"product_tag-atr04116-1","8":"product_tag-atr04694-1","9":"product_tag-atr14442-1","10":"product_tag-atr18867-1","11":"product_tag-toma-de-tierra-temporal","12":"product_tag-trapecio-elevador","13":"description-off","15":"first","16":"instock","17":"virtual","18":"product-type-simple"},"yoast_head":"<!-- This site is optimized with the Yoast SEO plugin v27.1.1 - https:\/\/yoast.com\/product\/yoast-seo-wordpress\/ -->\n<title>Trapecio elevador<\/title>\n<meta name=\"description\" content=\"Los trapecios de elevaci\u00f3n permiten elevar simult\u00e1neamente las pinzas de puesta a tierra a los conductores en una secuencia segura de operaciones.\" \/>\n<meta name=\"robots\" content=\"index, follow, max-snippet:-1, max-image-preview:large, max-video-preview:-1\" \/>\n<link rel=\"canonical\" href=\"https:\/\/www.ritzbrasil.com\/es\/produtos\/toma-de-tierra-temporal\/trapecio-elevador\/\" \/>\n<meta property=\"og:locale\" content=\"es_ES\" \/>\n<meta property=\"og:type\" content=\"article\" \/>\n<meta property=\"og:title\" content=\"Trapecio elevador\" \/>\n<meta property=\"og:description\" content=\"Los trapecios de elevaci\u00f3n permiten elevar simult\u00e1neamente las pinzas de puesta a tierra a los conductores en una secuencia segura de operaciones.\" \/>\n<meta property=\"og:url\" content=\"https:\/\/www.ritzbrasil.com\/es\/produtos\/toma-de-tierra-temporal\/trapecio-elevador\/\" \/>\n<meta property=\"og:site_name\" content=\"Equipamentos de Manuten\u00e7\u00e3o e Seguran\u00e7a para o Setor El\u00e9trico - Ritz Brasil\" \/>\n<meta property=\"article:modified_time\" content=\"2026-02-25T20:14:14+00:00\" \/>\n<meta property=\"og:image\" content=\"https:\/\/www.ritzbrasil.com\/wp-content\/uploads\/2024\/08\/atr04694-1-trapezio-elevacao.jpg\" \/>\n\t<meta property=\"og:image:width\" content=\"1200\" \/>\n\t<meta property=\"og:image:height\" content=\"1200\" \/>\n\t<meta property=\"og:image:type\" content=\"image\/jpeg\" \/>\n<meta name=\"twitter:card\" content=\"summary_large_image\" \/>\n<meta name=\"twitter:label1\" content=\"Tiempo de lectura\" \/>\n\t<meta name=\"twitter:data1\" content=\"1 minuto\" \/>\n<script type=\"application\/ld+json\" class=\"yoast-schema-graph\">{\"@context\":\"https:\/\/schema.org\",\"@graph\":[{\"@type\":\"WebPage\",\"@id\":\"https:\/\/www.ritzbrasil.com\/es\/produtos\/toma-de-tierra-temporal\/trapecio-elevador\/\",\"url\":\"https:\/\/www.ritzbrasil.com\/es\/produtos\/toma-de-tierra-temporal\/trapecio-elevador\/\",\"name\":\"Trapecio elevador\",\"isPartOf\":{\"@id\":\"https:\/\/www.ritzbrasil.com\/es\/#website\"},\"primaryImageOfPage\":{\"@id\":\"https:\/\/www.ritzbrasil.com\/es\/produtos\/toma-de-tierra-temporal\/trapecio-elevador\/#primaryimage\"},\"image\":{\"@id\":\"https:\/\/www.ritzbrasil.com\/es\/produtos\/toma-de-tierra-temporal\/trapecio-elevador\/#primaryimage\"},\"thumbnailUrl\":\"https:\/\/www.ritzbrasil.com\/wp-content\/uploads\/2024\/08\/atr04694-1-trapezio-elevacao.jpg\",\"datePublished\":\"2024-07-08T13:20:04+00:00\",\"dateModified\":\"2026-02-25T20:14:14+00:00\",\"description\":\"Los trapecios de elevaci\u00f3n permiten elevar simult\u00e1neamente las pinzas de puesta a tierra a los conductores en una secuencia segura de operaciones.\",\"breadcrumb\":{\"@id\":\"https:\/\/www.ritzbrasil.com\/es\/produtos\/toma-de-tierra-temporal\/trapecio-elevador\/#breadcrumb\"},\"inLanguage\":\"es\",\"potentialAction\":[{\"@type\":\"ReadAction\",\"target\":[\"https:\/\/www.ritzbrasil.com\/es\/produtos\/toma-de-tierra-temporal\/trapecio-elevador\/\"]}]},{\"@type\":\"ImageObject\",\"inLanguage\":\"es\",\"@id\":\"https:\/\/www.ritzbrasil.com\/es\/produtos\/toma-de-tierra-temporal\/trapecio-elevador\/#primaryimage\",\"url\":\"https:\/\/www.ritzbrasil.com\/wp-content\/uploads\/2024\/08\/atr04694-1-trapezio-elevacao.jpg\",\"contentUrl\":\"https:\/\/www.ritzbrasil.com\/wp-content\/uploads\/2024\/08\/atr04694-1-trapezio-elevacao.jpg\",\"width\":1200,\"height\":1200,\"caption\":\"ATR04694-1 Trapecio elevador\"},{\"@type\":\"BreadcrumbList\",\"@id\":\"https:\/\/www.ritzbrasil.com\/es\/produtos\/toma-de-tierra-temporal\/trapecio-elevador\/#breadcrumb\",\"itemListElement\":[{\"@type\":\"ListItem\",\"position\":1,\"name\":\"In\u00edcio\",\"item\":\"https:\/\/www.ritzbrasil.com\/es\/\"},{\"@type\":\"ListItem\",\"position\":2,\"name\":\"Tienda\",\"item\":\"https:\/\/www.ritzbrasil.com\/es\/tienda\/\"},{\"@type\":\"ListItem\",\"position\":3,\"name\":\"Trapecio elevador\"}]},{\"@type\":\"WebSite\",\"@id\":\"https:\/\/www.ritzbrasil.com\/es\/#website\",\"url\":\"https:\/\/www.ritzbrasil.com\/es\/\",\"name\":\"Equipamentos de Manuten\u00e7\u00e3o e Seguran\u00e7a para o Setor El\u00e9trico - Ritz Brasil\",\"description\":\"\",\"potentialAction\":[{\"@type\":\"SearchAction\",\"target\":{\"@type\":\"EntryPoint\",\"urlTemplate\":\"https:\/\/www.ritzbrasil.com\/es\/?s={search_term_string}\"},\"query-input\":{\"@type\":\"PropertyValueSpecification\",\"valueRequired\":true,\"valueName\":\"search_term_string\"}}],\"inLanguage\":\"es\"}]}<\/script>\n<!-- \/ Yoast SEO plugin. -->","yoast_head_json":{"title":"Trapecio elevador","description":"Los trapecios de elevaci\u00f3n permiten elevar simult\u00e1neamente las pinzas de puesta a tierra a los conductores en una secuencia segura de operaciones.","robots":{"index":"index","follow":"follow","max-snippet":"max-snippet:-1","max-image-preview":"max-image-preview:large","max-video-preview":"max-video-preview:-1"},"canonical":"https:\/\/www.ritzbrasil.com\/es\/produtos\/toma-de-tierra-temporal\/trapecio-elevador\/","og_locale":"es_ES","og_type":"article","og_title":"Trapecio elevador","og_description":"Los trapecios de elevaci\u00f3n permiten elevar simult\u00e1neamente las pinzas de puesta a tierra a los conductores en una secuencia segura de operaciones.","og_url":"https:\/\/www.ritzbrasil.com\/es\/produtos\/toma-de-tierra-temporal\/trapecio-elevador\/","og_site_name":"Equipamentos de Manuten\u00e7\u00e3o e Seguran\u00e7a para o Setor El\u00e9trico - Ritz Brasil","article_modified_time":"2026-02-25T20:14:14+00:00","og_image":[{"width":1200,"height":1200,"url":"https:\/\/www.ritzbrasil.com\/wp-content\/uploads\/2024\/08\/atr04694-1-trapezio-elevacao.jpg","type":"image\/jpeg"}],"twitter_card":"summary_large_image","twitter_misc":{"Tiempo de lectura":"1 minuto"},"schema":{"@context":"https:\/\/schema.org","@graph":[{"@type":"WebPage","@id":"https:\/\/www.ritzbrasil.com\/es\/produtos\/toma-de-tierra-temporal\/trapecio-elevador\/","url":"https:\/\/www.ritzbrasil.com\/es\/produtos\/toma-de-tierra-temporal\/trapecio-elevador\/","name":"Trapecio elevador","isPartOf":{"@id":"https:\/\/www.ritzbrasil.com\/es\/#website"},"primaryImageOfPage":{"@id":"https:\/\/www.ritzbrasil.com\/es\/produtos\/toma-de-tierra-temporal\/trapecio-elevador\/#primaryimage"},"image":{"@id":"https:\/\/www.ritzbrasil.com\/es\/produtos\/toma-de-tierra-temporal\/trapecio-elevador\/#primaryimage"},"thumbnailUrl":"https:\/\/www.ritzbrasil.com\/wp-content\/uploads\/2024\/08\/atr04694-1-trapezio-elevacao.jpg","datePublished":"2024-07-08T13:20:04+00:00","dateModified":"2026-02-25T20:14:14+00:00","description":"Los trapecios de elevaci\u00f3n permiten elevar simult\u00e1neamente las pinzas de puesta a tierra a los conductores en una secuencia segura de operaciones.","breadcrumb":{"@id":"https:\/\/www.ritzbrasil.com\/es\/produtos\/toma-de-tierra-temporal\/trapecio-elevador\/#breadcrumb"},"inLanguage":"es","potentialAction":[{"@type":"ReadAction","target":["https:\/\/www.ritzbrasil.com\/es\/produtos\/toma-de-tierra-temporal\/trapecio-elevador\/"]}]},{"@type":"ImageObject","inLanguage":"es","@id":"https:\/\/www.ritzbrasil.com\/es\/produtos\/toma-de-tierra-temporal\/trapecio-elevador\/#primaryimage","url":"https:\/\/www.ritzbrasil.com\/wp-content\/uploads\/2024\/08\/atr04694-1-trapezio-elevacao.jpg","contentUrl":"https:\/\/www.ritzbrasil.com\/wp-content\/uploads\/2024\/08\/atr04694-1-trapezio-elevacao.jpg","width":1200,"height":1200,"caption":"ATR04694-1 Trapecio elevador"},{"@type":"BreadcrumbList","@id":"https:\/\/www.ritzbrasil.com\/es\/produtos\/toma-de-tierra-temporal\/trapecio-elevador\/#breadcrumb","itemListElement":[{"@type":"ListItem","position":1,"name":"In\u00edcio","item":"https:\/\/www.ritzbrasil.com\/es\/"},{"@type":"ListItem","position":2,"name":"Tienda","item":"https:\/\/www.ritzbrasil.com\/es\/tienda\/"},{"@type":"ListItem","position":3,"name":"Trapecio elevador"}]},{"@type":"WebSite","@id":"https:\/\/www.ritzbrasil.com\/es\/#website","url":"https:\/\/www.ritzbrasil.com\/es\/","name":"Equipamentos de Manuten\u00e7\u00e3o e Seguran\u00e7a para o Setor El\u00e9trico - Ritz Brasil","description":"","potentialAction":[{"@type":"SearchAction","target":{"@type":"EntryPoint","urlTemplate":"https:\/\/www.ritzbrasil.com\/es\/?s={search_term_string}"},"query-input":{"@type":"PropertyValueSpecification","valueRequired":true,"valueName":"search_term_string"}}],"inLanguage":"es"}]}},"_links":{"self":[{"href":"https:\/\/www.ritzbrasil.com\/es\/wp-json\/wp\/v2\/product\/61443","targetHints":{"allow":["GET"]}}],"collection":[{"href":"https:\/\/www.ritzbrasil.com\/es\/wp-json\/wp\/v2\/product"}],"about":[{"href":"https:\/\/www.ritzbrasil.com\/es\/wp-json\/wp\/v2\/types\/product"}],"wp:featuredmedia":[{"embeddable":true,"href":"https:\/\/www.ritzbrasil.com\/es\/wp-json\/wp\/v2\/media\/57081"}],"wp:attachment":[{"href":"https:\/\/www.ritzbrasil.com\/es\/wp-json\/wp\/v2\/media?parent=61443"}],"wp:term":[{"taxonomy":"product_brand","embeddable":true,"href":"https:\/\/www.ritzbrasil.com\/es\/wp-json\/wp\/v2\/product_brand?post=61443"},{"taxonomy":"product_cat","embeddable":true,"href":"https:\/\/www.ritzbrasil.com\/es\/wp-json\/wp\/v2\/product_cat?post=61443"},{"taxonomy":"product_tag","embeddable":true,"href":"https:\/\/www.ritzbrasil.com\/es\/wp-json\/wp\/v2\/product_tag?post=61443"}],"curies":[{"name":"wp","href":"https:\/\/api.w.org\/{rel}","templated":true}]}}