{"id":61433,"date":"2024-07-08T09:50:58","date_gmt":"2024-07-08T12:50:58","guid":{"rendered":"https:\/\/www.ritzbrasil.com\/produtos\/sin%20categor\u00eda\/pinza-de-puesta-a-tierra\/"},"modified":"2026-02-25T17:14:41","modified_gmt":"2026-02-25T20:14:41","slug":"pinza-de-puesta-a-tierra","status":"publish","type":"product","link":"https:\/\/www.ritzbrasil.com\/es\/produtos\/toma-de-tierra-temporal\/pinza-de-puesta-a-tierra\/","title":{"rendered":"Pinza de puesta a tierra"},"content":{"rendered":"<div class=\"wpb-content-wrapper\"><p>[vc_row][vc_column][vc_column_text css=\u00bb.vc_custom_1722506978219{margin-top: -20px !important;}\u00bb]\n<div id=\"tablepress-grampo-ponto-terra-scroll-wrapper\" class=\"tablepress-scroll-wrapper\">\n<table id=\"tablepress-grampo-ponto-terra\" class=\"tablepress tablepress-id-grampo-ponto-terra tablepress-responsive\">\n<thead>\n<tr class=\"row-1\">\n\t<td class=\"column-1\"><\/td><th class=\"column-2\">  Refer\u00eancias<\/th><th class=\"column-3\">Caracter\u00edstica<\/th><td class=\"column-4\"><\/td><td class=\"column-5\"><\/td>\n<\/tr>\n<\/thead>\n<tbody class=\"row-striping row-hover\">\n<tr class=\"row-2\">\n\t<td class=\"column-1\"><img decoding=\"async\" src=\"https:\/\/www.ritzbrasil.com\/wp-content\/uploads\/2024\/08\/rg3403t-grampo-aterramento-ponto-terra-150x150-1.jpg\" \/><\/td><td class=\"column-2\">RG3403T<\/td><td class=\"column-3\">Corpo em alum\u00ednio; Mordente liso; Parafuso de aperto tipo \u201cT\u201d; Conex\u00e3o do cabo<br \/>\natrav\u00e9s de terminal liso<\/td><td class=\"column-4\">    <button class=\"add-to-budget\" data-table-id=\"grampo-ponto-terra\" data-reference=\"RG3403T\" data-description=\"Grampo Aterramento para Ponto Terra\" style=\"color:#ff4d00;\">\n        <img decoding=\"async\" src=\"https:\/\/www.ritzbrasil.com\/\/wp-content\/uploads\/2024\/07\/orcar-compras-tabela-new-1.png\" alt=\"Solicitar cotizaci\u00f3n\" title=\"Solicitar cotizaci\u00f3n\" \/>\n    <\/button>\n    <\/td><td class=\"column-5\"><a href=\"https:\/\/lojasritz.com.br\/catalogsearch\/result\/?q=RG3403T\" target=\"_blank\" rel=\"noopener\"><img decoding=\"async\" src=\"https:\/\/www.ritzbrasil.com\/wp-content\/uploads\/2024\/07\/carrinho-compras-tabela.png\"  \/><\/a><\/td>\n<\/tr>\n<tr class=\"row-3\">\n\t<td class=\"column-1\"><img decoding=\"async\" src=\"https:\/\/www.ritzbrasil.com\/wp-content\/uploads\/2024\/08\/rg3404-2-grampo-aterramento-ponto-terra-150x150-1.jpg\" \/><\/td><td class=\"column-2\">RG3404-2<\/td><td class=\"column-3\">Permite a conex\u00e3o de 02 terminais roscados no mesmo corpo do grampo; Corpo<br \/>\nem alum\u00ednio; Mordente liso; Parafuso de aperto tipo \u201cT\u201d; Conex\u00e3o do cabo atrav\u00e9s de<br \/>\nterminal roscado<\/td><td class=\"column-4\">    <button class=\"add-to-budget\" data-table-id=\"grampo-ponto-terra\" data-reference=\"RG3404-2\" data-description=\"Grampo Aterramento para Ponto Terra\" style=\"color:#ff4d00;\">\n        <img decoding=\"async\" src=\"https:\/\/www.ritzbrasil.com\/\/wp-content\/uploads\/2024\/07\/orcar-compras-tabela-new-1.png\" alt=\"Solicitar cotizaci\u00f3n\" title=\"Solicitar cotizaci\u00f3n\" \/>\n    <\/button>\n    <\/td><td class=\"column-5\"><a href=\"https:\/\/lojasritz.com.br\/catalogsearch\/result\/?q=RG3404-2\" target=\"_blank\" rel=\"noopener\"><img decoding=\"async\" src=\"https:\/\/www.ritzbrasil.com\/wp-content\/uploads\/2024\/07\/carrinho-compras-tabela.png\"  \/><\/a><\/td>\n<\/tr>\n<tr class=\"row-4\">\n\t<td class=\"column-1\"><img decoding=\"async\" src=\"https:\/\/www.ritzbrasil.com\/wp-content\/uploads\/2024\/08\/rg3363-4sj-grampo-aterramento-ponto-terra-150x150-1.jpg\" \/><\/td><td class=\"column-2\">RG3363-4SJ<\/td><td class=\"column-3\">Corpo em alum\u00ednio; Mordente serrilhado; Parafuso de aperto tipo \u201cT\u201d; Conex\u00e3o<br \/>\ndo cabo atrav\u00e9s de terminal liso<\/td><td class=\"column-4\">    <button class=\"add-to-budget\" data-table-id=\"grampo-ponto-terra\" data-reference=\"RG3363-4SJ\" data-description=\"Grampo Aterramento para Ponto Terra\" style=\"color:#ff4d00;\">\n        <img decoding=\"async\" src=\"https:\/\/www.ritzbrasil.com\/\/wp-content\/uploads\/2024\/07\/orcar-compras-tabela-new-1.png\" alt=\"Solicitar cotizaci\u00f3n\" title=\"Solicitar cotizaci\u00f3n\" \/>\n    <\/button>\n    <\/td><td class=\"column-5\"><a href=\"https:\/\/lojasritz.com.br\/catalogsearch\/result\/?q=RG3363-4SJ\" target=\"_blank\" rel=\"noopener\"><img decoding=\"async\" src=\"https:\/\/www.ritzbrasil.com\/wp-content\/uploads\/2024\/07\/carrinho-compras-tabela.png\"  \/><\/a><\/td>\n<\/tr>\n<tr class=\"row-5\">\n\t<td class=\"column-1\"><img decoding=\"async\" src=\"https:\/\/www.ritzbrasil.com\/wp-content\/uploads\/2024\/08\/rg3363-1-grampo-aterramento-ponto-terra-150x150-1.jpg\" \/><\/td><td class=\"column-2\">RG3363-1<\/td><td class=\"column-3\">Corpo em alum\u00ednio; Mordente serrilhado; Parafuso de aperto tipo \u201cT\u201d; Conex\u00e3o<br \/>\ndo cabo atrav\u00e9s de terminal liso<\/td><td class=\"column-4\">    <button class=\"add-to-budget\" data-table-id=\"grampo-ponto-terra\" data-reference=\"RG3363-1\" data-description=\"Grampo Aterramento para Ponto Terra\" style=\"color:#ff4d00;\">\n        <img decoding=\"async\" src=\"https:\/\/www.ritzbrasil.com\/\/wp-content\/uploads\/2024\/07\/orcar-compras-tabela-new-1.png\" alt=\"Solicitar cotizaci\u00f3n\" title=\"Solicitar cotizaci\u00f3n\" \/>\n    <\/button>\n    <\/td><td class=\"column-5\"><a href=\"https:\/\/lojasritz.com.br\/catalogsearch\/result\/?q=RG3363-1\" target=\"_blank\" rel=\"noopener\"><img decoding=\"async\" src=\"https:\/\/www.ritzbrasil.com\/wp-content\/uploads\/2024\/07\/carrinho-compras-tabela.png\"  \/><\/a><\/td>\n<\/tr>\n<tr class=\"row-6\">\n\t<td class=\"column-1\"><img decoding=\"async\" src=\"https:\/\/www.ritzbrasil.com\/wp-content\/uploads\/2024\/08\/rc600-0085-grampo-aterramento-ponto-terra-150x150-1.jpg\" \/><\/td><td class=\"column-2\">RC600-0085<\/td><td class=\"column-3\">Corpo em alum\u00ednio; Mordente com coxim de bronze para melhor contato com a<br \/>\nsuperf\u00edcie da cantoneira; Flange em alum\u00ednio (remov\u00edvel) para fixa\u00e7\u00e3o na cantoneira;<br \/>\nParafuso de aperto tipo \u201cT\u201d; Conex\u00e3o do cabo atrav\u00e9s de terminal liso<\/td><td class=\"column-4\">    <button class=\"add-to-budget\" data-table-id=\"grampo-ponto-terra\" data-reference=\"RC600-0085\" data-description=\"Grampo Aterramento para Ponto Terra\" style=\"color:#ff4d00;\">\n        <img decoding=\"async\" src=\"https:\/\/www.ritzbrasil.com\/\/wp-content\/uploads\/2024\/07\/orcar-compras-tabela-new-1.png\" alt=\"Solicitar cotizaci\u00f3n\" title=\"Solicitar cotizaci\u00f3n\" \/>\n    <\/button>\n    <\/td><td class=\"column-5\"><a href=\"https:\/\/lojasritz.com.br\/catalogsearch\/result\/?q=RC600-0085\" target=\"_blank\" rel=\"noopener\"><img decoding=\"async\" src=\"https:\/\/www.ritzbrasil.com\/wp-content\/uploads\/2024\/07\/carrinho-compras-tabela.png\"  \/><\/a><\/td>\n<\/tr>\n<tr class=\"row-7\">\n\t<td class=\"column-1\"><img decoding=\"async\" src=\"https:\/\/www.ritzbrasil.com\/wp-content\/uploads\/2024\/08\/atr11627-2-grampo-aterramento-ponto-terra-150x150-1.jpg\" \/><\/td><td class=\"column-2\">ATR11627-2<\/td><td class=\"column-3\">Corpo em alum\u00ednio; Mordente liso; Parafuso de aperto tipo \u201cT\u201d; Conex\u00e3o do<br \/>\ncabo atrav\u00e9s de terminal liso<\/td><td class=\"column-4\">    <button class=\"add-to-budget\" data-table-id=\"grampo-ponto-terra\" data-reference=\"ATR11627-2\" data-description=\"Grampo Aterramento para Ponto Terra\" style=\"color:#ff4d00;\">\n        <img decoding=\"async\" src=\"https:\/\/www.ritzbrasil.com\/\/wp-content\/uploads\/2024\/07\/orcar-compras-tabela-new-1.png\" alt=\"Solicitar cotizaci\u00f3n\" title=\"Solicitar cotizaci\u00f3n\" \/>\n    <\/button>\n    <\/td><td class=\"column-5\"><a href=\"https:\/\/lojasritz.com.br\/catalogsearch\/result\/?q=ATR11627-2\" target=\"_blank\" rel=\"noopener\"><img decoding=\"async\" src=\"https:\/\/www.ritzbrasil.com\/wp-content\/uploads\/2024\/07\/carrinho-compras-tabela.png\"  \/><\/a><\/td>\n<\/tr>\n<tr class=\"row-8\">\n\t<td class=\"column-1\"><img decoding=\"async\" src=\"https:\/\/www.ritzbrasil.com\/wp-content\/uploads\/2024\/08\/rc600-1617-grampo-aterramento-ponto-terra-150x150-1.jpg\" \/><\/td><td class=\"column-2\">RC600-1617<\/td><td class=\"column-3\">Corpo em bronze; Mordente m\u00f3vel serrilhado; Parafuso de aperto tipo \u201cT;<br \/>\nConex\u00e3o do cabo atrav\u00e9s de terminal liso<\/td><td class=\"column-4\">    <button class=\"add-to-budget\" data-table-id=\"grampo-ponto-terra\" data-reference=\"RC600-1617\" data-description=\"Grampo Aterramento para Ponto Terra\" style=\"color:#ff4d00;\">\n        <img decoding=\"async\" src=\"https:\/\/www.ritzbrasil.com\/\/wp-content\/uploads\/2024\/07\/orcar-compras-tabela-new-1.png\" alt=\"Solicitar cotizaci\u00f3n\" title=\"Solicitar cotizaci\u00f3n\" \/>\n    <\/button>\n    <\/td><td class=\"column-5\"><a href=\"https:\/\/lojasritz.com.br\/catalogsearch\/result\/?q=RC600-1617\" target=\"_blank\" rel=\"noopener\"><img decoding=\"async\" src=\"https:\/\/www.ritzbrasil.com\/wp-content\/uploads\/2024\/07\/carrinho-compras-tabela.png\"  \/><\/a><\/td>\n<\/tr>\n<tr class=\"row-9\">\n\t<td class=\"column-1\"><img decoding=\"async\" src=\"https:\/\/www.ritzbrasil.com\/wp-content\/uploads\/2024\/08\/rc600-2231-grampo-aterramento-ponto-terra-150x150-1.jpg\" \/><\/td><td class=\"column-2\">RC600-2231<\/td><td class=\"column-3\">Corpo em bronze; Mordente serrilhado; Parafuso de aperto tipo \u201cT\u201d; Conex\u00e3o<br \/>\ndo cabo atrav\u00e9s de terminal roscado sem saia<\/td><td class=\"column-4\">    <button class=\"add-to-budget\" data-table-id=\"grampo-ponto-terra\" data-reference=\"RC600-2231\" data-description=\"Grampo Aterramento para Ponto Terra\" style=\"color:#ff4d00;\">\n        <img decoding=\"async\" src=\"https:\/\/www.ritzbrasil.com\/\/wp-content\/uploads\/2024\/07\/orcar-compras-tabela-new-1.png\" alt=\"Solicitar cotizaci\u00f3n\" title=\"Solicitar cotizaci\u00f3n\" \/>\n    <\/button>\n    <\/td><td class=\"column-5\"><a href=\"https:\/\/lojasritz.com.br\/catalogsearch\/result\/?q=RC600-2231\" target=\"_blank\" rel=\"noopener\"><img decoding=\"async\" src=\"https:\/\/www.ritzbrasil.com\/wp-content\/uploads\/2024\/07\/carrinho-compras-tabela.png\"  \/><\/a><\/td>\n<\/tr>\n<tr class=\"row-10\">\n\t<td class=\"column-1\"><img decoding=\"async\" src=\"https:\/\/www.ritzbrasil.com\/wp-content\/uploads\/2024\/08\/atr16449-3-grampo-aterramento-ponto-terra-150x150-1.jpg\" \/><\/td><td class=\"column-2\">ATR16449-3<\/td><td class=\"column-3\">Corpo em bronze; Mordente serrilhado; Parafuso de aperto tipo \u201cT\u201d; Conex\u00e3o<br \/>\ndo cabo atrav\u00e9s de terminal roscado sem saia<\/td><td class=\"column-4\">    <button class=\"add-to-budget\" data-table-id=\"grampo-ponto-terra\" data-reference=\"ATR16449-3\" data-description=\"Grampo Aterramento para Ponto Terra\" style=\"color:#ff4d00;\">\n        <img decoding=\"async\" src=\"https:\/\/www.ritzbrasil.com\/\/wp-content\/uploads\/2024\/07\/orcar-compras-tabela-new-1.png\" alt=\"Solicitar cotizaci\u00f3n\" title=\"Solicitar cotizaci\u00f3n\" \/>\n    <\/button>\n    <\/td><td class=\"column-5\"><a href=\"https:\/\/lojasritz.com.br\/catalogsearch\/result\/?q=ATR16449-3\" target=\"_blank\" rel=\"noopener\"><img decoding=\"async\" src=\"https:\/\/www.ritzbrasil.com\/wp-content\/uploads\/2024\/07\/carrinho-compras-tabela.png\"  \/><\/a><\/td>\n<\/tr>\n<tr class=\"row-11\">\n\t<td class=\"column-1\"><img decoding=\"async\" src=\"https:\/\/www.ritzbrasil.com\/wp-content\/uploads\/2024\/08\/rg3622-1t-grampo-aterramento-ponto-terra-150x150-1.jpg\" \/><\/td><td class=\"column-2\">RG3622-1T<\/td><td class=\"column-3\">Corpo em alum\u00ednio; Mordente liso; Parafuso de aperto tipo \u201cT\u201d; Conex\u00e3o do<br \/>\ncabo atrav\u00e9s de terminal liso<\/td><td class=\"column-4\">    <button class=\"add-to-budget\" data-table-id=\"grampo-ponto-terra\" data-reference=\"RG3622-1T\" data-description=\"Grampo Aterramento para Ponto Terra\" style=\"color:#ff4d00;\">\n        <img decoding=\"async\" src=\"https:\/\/www.ritzbrasil.com\/\/wp-content\/uploads\/2024\/07\/orcar-compras-tabela-new-1.png\" alt=\"Solicitar cotizaci\u00f3n\" title=\"Solicitar cotizaci\u00f3n\" \/>\n    <\/button>\n    <\/td><td class=\"column-5\"><a href=\"https:\/\/lojasritz.com.br\/catalogsearch\/result\/?q=RG3622-1T\" target=\"_blank\" rel=\"noopener\"><img decoding=\"async\" src=\"https:\/\/www.ritzbrasil.com\/wp-content\/uploads\/2024\/07\/carrinho-compras-tabela.png\"  \/><\/a><\/td>\n<\/tr>\n<\/tbody>\n<\/table>\n<\/div>\n[\/vc_column_text][vc_separator border_width=\u00bb2&#8243; css=\u00bb\u00bb][\/vc_column][\/vc_row]<\/p>\n<\/div>","protected":false},"excerpt":{"rendered":"<p>Las pinzas de puesta a tierra temporal para conexi\u00f3n al punto de tierra, equipadas con un tornillo tipo \u00abT\u00bb, permiten una instalaci\u00f3n manual r\u00e1pida y eficaz por el m\u00e9todo de contacto, garantizando una conexi\u00f3n fiable al punto de tierra. Ideales para operaciones que requieren seguridad y practicidad.<\/p>\n","protected":false},"featured_media":56997,"template":"","meta":[],"product_brand":[],"product_cat":[1661],"product_tag":[4184,4178,4183,4185,4186,4182,4181,4179,4180,4187,4044],"class_list":{"0":"post-61433","1":"product","2":"type-product","3":"status-publish","4":"has-post-thumbnail","6":"product_cat-toma-de-tierra-temporal","7":"product_tag-atr11627-2","8":"product_tag-pinza-de-puesta-a-tierra","9":"product_tag-rc600-0085","10":"product_tag-rc600-1617","11":"product_tag-rc600-2231","12":"product_tag-rg3363-1","13":"product_tag-rg3363-4sj","14":"product_tag-rg3403t","15":"product_tag-rg3404-2","16":"product_tag-rg3622-1t","17":"product_tag-toma-de-tierra-temporal","18":"description-off","20":"first","21":"instock","22":"virtual","23":"product-type-simple"},"yoast_head":"<!-- This site is optimized with the Yoast SEO plugin v27.1.1 - https:\/\/yoast.com\/product\/yoast-seo-wordpress\/ -->\n<title>Pinza de puesta a tierra<\/title>\n<meta name=\"description\" content=\"Las pinzas de puesta a tierra temporal con tornillos en &quot;T&quot; permiten una instalaci\u00f3n manual r\u00e1pida y eficaz, garantizando una conexi\u00f3n fiable al punto de puesta a tierra.\" \/>\n<meta name=\"robots\" content=\"index, follow, max-snippet:-1, max-image-preview:large, max-video-preview:-1\" \/>\n<link rel=\"canonical\" href=\"https:\/\/www.ritzbrasil.com\/es\/produtos\/toma-de-tierra-temporal\/pinza-de-puesta-a-tierra\/\" \/>\n<meta property=\"og:locale\" content=\"es_ES\" \/>\n<meta property=\"og:type\" content=\"article\" \/>\n<meta property=\"og:title\" content=\"Pinza de puesta a tierra\" \/>\n<meta property=\"og:description\" content=\"Las pinzas de puesta a tierra temporal con tornillos en &quot;T&quot; permiten una instalaci\u00f3n manual r\u00e1pida y eficaz, garantizando una conexi\u00f3n fiable al punto de puesta a tierra.\" \/>\n<meta property=\"og:url\" content=\"https:\/\/www.ritzbrasil.com\/es\/produtos\/toma-de-tierra-temporal\/pinza-de-puesta-a-tierra\/\" \/>\n<meta property=\"og:site_name\" content=\"Equipamentos de Manuten\u00e7\u00e3o e Seguran\u00e7a para o Setor El\u00e9trico - Ritz Brasil\" \/>\n<meta property=\"article:modified_time\" content=\"2026-02-25T20:14:41+00:00\" \/>\n<meta property=\"og:image\" content=\"https:\/\/www.ritzbrasil.com\/wp-content\/uploads\/2024\/08\/rg3403t-grampo-aterramento-ponto-terra.jpg\" \/>\n\t<meta property=\"og:image:width\" content=\"1200\" \/>\n\t<meta property=\"og:image:height\" content=\"1200\" \/>\n\t<meta property=\"og:image:type\" content=\"image\/jpeg\" \/>\n<meta name=\"twitter:card\" content=\"summary_large_image\" \/>\n<meta name=\"twitter:label1\" content=\"Tiempo de lectura\" \/>\n\t<meta name=\"twitter:data1\" content=\"1 minuto\" \/>\n<script type=\"application\/ld+json\" class=\"yoast-schema-graph\">{\"@context\":\"https:\/\/schema.org\",\"@graph\":[{\"@type\":\"WebPage\",\"@id\":\"https:\/\/www.ritzbrasil.com\/es\/produtos\/toma-de-tierra-temporal\/pinza-de-puesta-a-tierra\/\",\"url\":\"https:\/\/www.ritzbrasil.com\/es\/produtos\/toma-de-tierra-temporal\/pinza-de-puesta-a-tierra\/\",\"name\":\"Pinza de puesta a tierra\",\"isPartOf\":{\"@id\":\"https:\/\/www.ritzbrasil.com\/es\/#website\"},\"primaryImageOfPage\":{\"@id\":\"https:\/\/www.ritzbrasil.com\/es\/produtos\/toma-de-tierra-temporal\/pinza-de-puesta-a-tierra\/#primaryimage\"},\"image\":{\"@id\":\"https:\/\/www.ritzbrasil.com\/es\/produtos\/toma-de-tierra-temporal\/pinza-de-puesta-a-tierra\/#primaryimage\"},\"thumbnailUrl\":\"https:\/\/www.ritzbrasil.com\/wp-content\/uploads\/2024\/08\/rg3403t-grampo-aterramento-ponto-terra.jpg\",\"datePublished\":\"2024-07-08T12:50:58+00:00\",\"dateModified\":\"2026-02-25T20:14:41+00:00\",\"description\":\"Las pinzas de puesta a tierra temporal con tornillos en \\\"T\\\" permiten una instalaci\u00f3n manual r\u00e1pida y eficaz, garantizando una conexi\u00f3n fiable al punto de puesta a tierra.\",\"breadcrumb\":{\"@id\":\"https:\/\/www.ritzbrasil.com\/es\/produtos\/toma-de-tierra-temporal\/pinza-de-puesta-a-tierra\/#breadcrumb\"},\"inLanguage\":\"es\",\"potentialAction\":[{\"@type\":\"ReadAction\",\"target\":[\"https:\/\/www.ritzbrasil.com\/es\/produtos\/toma-de-tierra-temporal\/pinza-de-puesta-a-tierra\/\"]}]},{\"@type\":\"ImageObject\",\"inLanguage\":\"es\",\"@id\":\"https:\/\/www.ritzbrasil.com\/es\/produtos\/toma-de-tierra-temporal\/pinza-de-puesta-a-tierra\/#primaryimage\",\"url\":\"https:\/\/www.ritzbrasil.com\/wp-content\/uploads\/2024\/08\/rg3403t-grampo-aterramento-ponto-terra.jpg\",\"contentUrl\":\"https:\/\/www.ritzbrasil.com\/wp-content\/uploads\/2024\/08\/rg3403t-grampo-aterramento-ponto-terra.jpg\",\"width\":1200,\"height\":1200,\"caption\":\"Pinza de toma de tierra RG3403T\"},{\"@type\":\"BreadcrumbList\",\"@id\":\"https:\/\/www.ritzbrasil.com\/es\/produtos\/toma-de-tierra-temporal\/pinza-de-puesta-a-tierra\/#breadcrumb\",\"itemListElement\":[{\"@type\":\"ListItem\",\"position\":1,\"name\":\"In\u00edcio\",\"item\":\"https:\/\/www.ritzbrasil.com\/es\/\"},{\"@type\":\"ListItem\",\"position\":2,\"name\":\"Tienda\",\"item\":\"https:\/\/www.ritzbrasil.com\/es\/tienda\/\"},{\"@type\":\"ListItem\",\"position\":3,\"name\":\"Pinza de puesta a tierra\"}]},{\"@type\":\"WebSite\",\"@id\":\"https:\/\/www.ritzbrasil.com\/es\/#website\",\"url\":\"https:\/\/www.ritzbrasil.com\/es\/\",\"name\":\"Equipamentos de Manuten\u00e7\u00e3o e Seguran\u00e7a para o Setor El\u00e9trico - Ritz Brasil\",\"description\":\"\",\"potentialAction\":[{\"@type\":\"SearchAction\",\"target\":{\"@type\":\"EntryPoint\",\"urlTemplate\":\"https:\/\/www.ritzbrasil.com\/es\/?s={search_term_string}\"},\"query-input\":{\"@type\":\"PropertyValueSpecification\",\"valueRequired\":true,\"valueName\":\"search_term_string\"}}],\"inLanguage\":\"es\"}]}<\/script>\n<!-- \/ Yoast SEO plugin. -->","yoast_head_json":{"title":"Pinza de puesta a tierra","description":"Las pinzas de puesta a tierra temporal con tornillos en \"T\" permiten una instalaci\u00f3n manual r\u00e1pida y eficaz, garantizando una conexi\u00f3n fiable al punto de puesta a tierra.","robots":{"index":"index","follow":"follow","max-snippet":"max-snippet:-1","max-image-preview":"max-image-preview:large","max-video-preview":"max-video-preview:-1"},"canonical":"https:\/\/www.ritzbrasil.com\/es\/produtos\/toma-de-tierra-temporal\/pinza-de-puesta-a-tierra\/","og_locale":"es_ES","og_type":"article","og_title":"Pinza de puesta a tierra","og_description":"Las pinzas de puesta a tierra temporal con tornillos en \"T\" permiten una instalaci\u00f3n manual r\u00e1pida y eficaz, garantizando una conexi\u00f3n fiable al punto de puesta a tierra.","og_url":"https:\/\/www.ritzbrasil.com\/es\/produtos\/toma-de-tierra-temporal\/pinza-de-puesta-a-tierra\/","og_site_name":"Equipamentos de Manuten\u00e7\u00e3o e Seguran\u00e7a para o Setor El\u00e9trico - Ritz Brasil","article_modified_time":"2026-02-25T20:14:41+00:00","og_image":[{"width":1200,"height":1200,"url":"https:\/\/www.ritzbrasil.com\/wp-content\/uploads\/2024\/08\/rg3403t-grampo-aterramento-ponto-terra.jpg","type":"image\/jpeg"}],"twitter_card":"summary_large_image","twitter_misc":{"Tiempo de lectura":"1 minuto"},"schema":{"@context":"https:\/\/schema.org","@graph":[{"@type":"WebPage","@id":"https:\/\/www.ritzbrasil.com\/es\/produtos\/toma-de-tierra-temporal\/pinza-de-puesta-a-tierra\/","url":"https:\/\/www.ritzbrasil.com\/es\/produtos\/toma-de-tierra-temporal\/pinza-de-puesta-a-tierra\/","name":"Pinza de puesta a tierra","isPartOf":{"@id":"https:\/\/www.ritzbrasil.com\/es\/#website"},"primaryImageOfPage":{"@id":"https:\/\/www.ritzbrasil.com\/es\/produtos\/toma-de-tierra-temporal\/pinza-de-puesta-a-tierra\/#primaryimage"},"image":{"@id":"https:\/\/www.ritzbrasil.com\/es\/produtos\/toma-de-tierra-temporal\/pinza-de-puesta-a-tierra\/#primaryimage"},"thumbnailUrl":"https:\/\/www.ritzbrasil.com\/wp-content\/uploads\/2024\/08\/rg3403t-grampo-aterramento-ponto-terra.jpg","datePublished":"2024-07-08T12:50:58+00:00","dateModified":"2026-02-25T20:14:41+00:00","description":"Las pinzas de puesta a tierra temporal con tornillos en \"T\" permiten una instalaci\u00f3n manual r\u00e1pida y eficaz, garantizando una conexi\u00f3n fiable al punto de puesta a tierra.","breadcrumb":{"@id":"https:\/\/www.ritzbrasil.com\/es\/produtos\/toma-de-tierra-temporal\/pinza-de-puesta-a-tierra\/#breadcrumb"},"inLanguage":"es","potentialAction":[{"@type":"ReadAction","target":["https:\/\/www.ritzbrasil.com\/es\/produtos\/toma-de-tierra-temporal\/pinza-de-puesta-a-tierra\/"]}]},{"@type":"ImageObject","inLanguage":"es","@id":"https:\/\/www.ritzbrasil.com\/es\/produtos\/toma-de-tierra-temporal\/pinza-de-puesta-a-tierra\/#primaryimage","url":"https:\/\/www.ritzbrasil.com\/wp-content\/uploads\/2024\/08\/rg3403t-grampo-aterramento-ponto-terra.jpg","contentUrl":"https:\/\/www.ritzbrasil.com\/wp-content\/uploads\/2024\/08\/rg3403t-grampo-aterramento-ponto-terra.jpg","width":1200,"height":1200,"caption":"Pinza de toma de tierra RG3403T"},{"@type":"BreadcrumbList","@id":"https:\/\/www.ritzbrasil.com\/es\/produtos\/toma-de-tierra-temporal\/pinza-de-puesta-a-tierra\/#breadcrumb","itemListElement":[{"@type":"ListItem","position":1,"name":"In\u00edcio","item":"https:\/\/www.ritzbrasil.com\/es\/"},{"@type":"ListItem","position":2,"name":"Tienda","item":"https:\/\/www.ritzbrasil.com\/es\/tienda\/"},{"@type":"ListItem","position":3,"name":"Pinza de puesta a tierra"}]},{"@type":"WebSite","@id":"https:\/\/www.ritzbrasil.com\/es\/#website","url":"https:\/\/www.ritzbrasil.com\/es\/","name":"Equipamentos de Manuten\u00e7\u00e3o e Seguran\u00e7a para o Setor El\u00e9trico - Ritz Brasil","description":"","potentialAction":[{"@type":"SearchAction","target":{"@type":"EntryPoint","urlTemplate":"https:\/\/www.ritzbrasil.com\/es\/?s={search_term_string}"},"query-input":{"@type":"PropertyValueSpecification","valueRequired":true,"valueName":"search_term_string"}}],"inLanguage":"es"}]}},"_links":{"self":[{"href":"https:\/\/www.ritzbrasil.com\/es\/wp-json\/wp\/v2\/product\/61433","targetHints":{"allow":["GET"]}}],"collection":[{"href":"https:\/\/www.ritzbrasil.com\/es\/wp-json\/wp\/v2\/product"}],"about":[{"href":"https:\/\/www.ritzbrasil.com\/es\/wp-json\/wp\/v2\/types\/product"}],"wp:featuredmedia":[{"embeddable":true,"href":"https:\/\/www.ritzbrasil.com\/es\/wp-json\/wp\/v2\/media\/56997"}],"wp:attachment":[{"href":"https:\/\/www.ritzbrasil.com\/es\/wp-json\/wp\/v2\/media?parent=61433"}],"wp:term":[{"taxonomy":"product_brand","embeddable":true,"href":"https:\/\/www.ritzbrasil.com\/es\/wp-json\/wp\/v2\/product_brand?post=61433"},{"taxonomy":"product_cat","embeddable":true,"href":"https:\/\/www.ritzbrasil.com\/es\/wp-json\/wp\/v2\/product_cat?post=61433"},{"taxonomy":"product_tag","embeddable":true,"href":"https:\/\/www.ritzbrasil.com\/es\/wp-json\/wp\/v2\/product_tag?post=61433"}],"curies":[{"name":"wp","href":"https:\/\/api.w.org\/{rel}","templated":true}]}}