{"id":61431,"date":"2024-07-08T09:40:33","date_gmt":"2024-07-08T12:40:33","guid":{"rendered":"https:\/\/www.ritzbrasil.com\/produtos\/sin%20categor\u00eda\/pinza-de-puesta-a-tierra-multiangulo\/"},"modified":"2026-02-25T17:14:47","modified_gmt":"2026-02-25T20:14:47","slug":"pinza-de-puesta-a-tierra-multiangulo","status":"publish","type":"product","link":"https:\/\/www.ritzbrasil.com\/es\/produtos\/toma-de-tierra-temporal\/pinza-de-puesta-a-tierra-multiangulo\/","title":{"rendered":"Pinza de puesta a tierra multi\u00e1ngulo"},"content":{"rendered":"<div class=\"wpb-content-wrapper\"><p>[vc_row][vc_column][vc_column_text css=\u00bb.vc_custom_1722453579711{margin-top: -20px !important;}\u00bb]\n<div id=\"tablepress-Grampo_Aterramento_Multiangular-scroll-wrapper\" class=\"tablepress-scroll-wrapper\">\n<table id=\"tablepress-Grampo_Aterramento_Multiangular\" class=\"tablepress tablepress-id-Grampo_Aterramento_Multiangular tablepress-responsive\">\n<thead>\n<tr class=\"row-1\">\n\t<td class=\"column-1\"><\/td><th class=\"column-2\">  Refer\u00eancias<\/th><th class=\"column-3\">Caracter\u00edstica<\/th><td class=\"column-4\"><\/td><td class=\"column-5\"><\/td>\n<\/tr>\n<\/thead>\n<tbody class=\"row-striping row-hover\">\n<tr class=\"row-2\">\n\t<td class=\"column-1\"><img decoding=\"async\" src=\"https:\/\/www.ritzbrasil.com\/wp-content\/uploads\/2024\/07\/rg4229-1sj-grampo-aterramento-multiangular-150x150-1.jpg\" \/><\/td><td class=\"column-2\">RG4229-1SJ<\/td><td class=\"column-3\">Corpo em alum\u00ednio; Mordente serrilhado; Parafuso de aperto tipo olhal;<br \/>\nConex\u00e3o do cabo atrav\u00e9s de terminal liso; Permite a opera\u00e7\u00e3o em \u00e2ngulos cont\u00ednuos de at\u00e9<br \/>\n75\u00b0<\/td><td class=\"column-4\">    <button class=\"add-to-budget\" data-table-id=\"Grampo_Aterramento_Multiangular\" data-reference=\"RG4229-1SJ\" data-description=\"Grampo Aterramento Multiangular\" style=\"color:#ff4d00;\">\n        <img decoding=\"async\" src=\"https:\/\/www.ritzbrasil.com\/\/wp-content\/uploads\/2024\/07\/orcar-compras-tabela-new-1.png\" alt=\"Solicitar cotizaci\u00f3n\" title=\"Solicitar cotizaci\u00f3n\" \/>\n    <\/button>\n    <\/td><td class=\"column-5\"><a href=\"https:\/\/lojasritz.com.br\/catalogsearch\/result\/?q=RG4229-1SJ\" target=\"_blank\" rel=\"noopener\"><img decoding=\"async\" src=\"https:\/\/www.ritzbrasil.com\/wp-content\/uploads\/2024\/07\/carrinho-compras-tabela.png\"  \/><\/a><\/td>\n<\/tr>\n<tr class=\"row-3\">\n\t<td class=\"column-1\"><img decoding=\"async\" src=\"https:\/\/www.ritzbrasil.com\/wp-content\/uploads\/2024\/07\/atr13159-1-grampo-aterramento-multiangular-150x150-1.jpg\" \/><\/td><td class=\"column-2\">ATR13159-1<\/td><td class=\"column-3\">Corpo em alum\u00ednio; Mordente serrilhado; Parafuso de aperto tipo olhal;<br \/>\nConex\u00e3o do cabo atrav\u00e9s de terminal liso; Travamento dos \u00e2ngulos de opera\u00e7\u00e3o pr\u00e9-<br \/>\najust\u00e1veis e fixos atrav\u00e9s de porca borboleta<\/td><td class=\"column-4\">    <button class=\"add-to-budget\" data-table-id=\"Grampo_Aterramento_Multiangular\" data-reference=\"ATR13159-1\" data-description=\"Grampo Aterramento Multiangular\" style=\"color:#ff4d00;\">\n        <img decoding=\"async\" src=\"https:\/\/www.ritzbrasil.com\/\/wp-content\/uploads\/2024\/07\/orcar-compras-tabela-new-1.png\" alt=\"Solicitar cotizaci\u00f3n\" title=\"Solicitar cotizaci\u00f3n\" \/>\n    <\/button>\n    <\/td><td class=\"column-5\"><a href=\"https:\/\/lojasritz.com.br\/catalogsearch\/result\/?q=ATR13159-1\" target=\"_blank\" rel=\"noopener\"><img decoding=\"async\" src=\"https:\/\/www.ritzbrasil.com\/wp-content\/uploads\/2024\/07\/carrinho-compras-tabela.png\"  \/><\/a><\/td>\n<\/tr>\n<tr class=\"row-4\">\n\t<td class=\"column-1\"><img decoding=\"async\" src=\"https:\/\/www.ritzbrasil.com\/wp-content\/uploads\/2024\/08\/rhg4229-6sj-grampo-aterramento-multiangular-150x150-1.jpg\" \/><\/td><td class=\"column-2\">RHG4229-6SJ<\/td><td class=\"column-3\">Corpo em alum\u00ednio; Mordente serrilhado; Fixo no tubo RITZGLAS\u00ae \u00d8 32 mm<br \/>\nx 1,83 m; Conex\u00e3o do cabo atrav\u00e9s de terminal liso; Permite a opera\u00e7\u00e3o em \u00e2ngulos<br \/>\ncont\u00ednuos de at\u00e9 75\u00b0<\/td><td class=\"column-4\">    <button class=\"add-to-budget\" data-table-id=\"Grampo_Aterramento_Multiangular\" data-reference=\"RHG4229-6SJ\" data-description=\"Grampo Aterramento Multiangular\" style=\"color:#ff4d00;\">\n        <img decoding=\"async\" src=\"https:\/\/www.ritzbrasil.com\/\/wp-content\/uploads\/2024\/07\/orcar-compras-tabela-new-1.png\" alt=\"Solicitar cotizaci\u00f3n\" title=\"Solicitar cotizaci\u00f3n\" \/>\n    <\/button>\n    <\/td><td class=\"column-5\"><a href=\"https:\/\/lojasritz.com.br\/catalogsearch\/result\/?q=RHG4229-6SJ\" target=\"_blank\" rel=\"noopener\"><img decoding=\"async\" src=\"https:\/\/www.ritzbrasil.com\/wp-content\/uploads\/2024\/07\/carrinho-compras-tabela.png\"  \/><\/a><\/td>\n<\/tr>\n<tr class=\"row-5\">\n\t<td class=\"column-1\"><img decoding=\"async\" src=\"https:\/\/www.ritzbrasil.com\/wp-content\/uploads\/2024\/07\/rc600-1732-grampo-aterramento-multiangular-150x150-1.jpg\" \/><\/td><td class=\"column-2\">RC600-1732<\/td><td class=\"column-3\">Corpo em alum\u00ednio; Mordente serrilhado; Parafuso de aperto tipo olhal;<br \/>\nConex\u00e3o do cabo atrav\u00e9s de terminal roscado; Permite a opera\u00e7\u00e3o em \u00e2ngulos cont\u00ednuos de<br \/>\nat\u00e9 75\u00b0<\/td><td class=\"column-4\">    <button class=\"add-to-budget\" data-table-id=\"Grampo_Aterramento_Multiangular\" data-reference=\"RC600-1732\" data-description=\"Grampo Aterramento Multiangular\" style=\"color:#ff4d00;\">\n        <img decoding=\"async\" src=\"https:\/\/www.ritzbrasil.com\/\/wp-content\/uploads\/2024\/07\/orcar-compras-tabela-new-1.png\" alt=\"Solicitar cotizaci\u00f3n\" title=\"Solicitar cotizaci\u00f3n\" \/>\n    <\/button>\n    <\/td><td class=\"column-5\"><a href=\"https:\/\/lojasritz.com.br\/catalogsearch\/result\/?q=RC600-1732\" target=\"_blank\" rel=\"noopener\"><img decoding=\"async\" src=\"https:\/\/www.ritzbrasil.com\/wp-content\/uploads\/2024\/07\/carrinho-compras-tabela.png\"  \/><\/a><\/td>\n<\/tr>\n<tr class=\"row-6\">\n\t<td class=\"column-1\"><img decoding=\"async\" src=\"https:\/\/www.ritzbrasil.com\/wp-content\/uploads\/2024\/07\/rg4228-10sj-grampo-aterramento-multiangular-150x150-1.jpg\" \/><\/td><td class=\"column-2\">RG4228-10SJ<\/td><td class=\"column-3\">Corpo em alum\u00ednio; Mordente serrilhado; Parafuso de aperto tipo olhal;<br \/>\nConex\u00e3o do cabo atrav\u00e9s de terminal liso; Permite a opera\u00e7\u00e3o em \u00e2ngulos cont\u00ednuos de at\u00e9<br \/>\n75\u00b0<\/td><td class=\"column-4\">    <button class=\"add-to-budget\" data-table-id=\"Grampo_Aterramento_Multiangular\" data-reference=\"RG4228-10SJ\" data-description=\"Grampo Aterramento Multiangular\" style=\"color:#ff4d00;\">\n        <img decoding=\"async\" src=\"https:\/\/www.ritzbrasil.com\/\/wp-content\/uploads\/2024\/07\/orcar-compras-tabela-new-1.png\" alt=\"Solicitar cotizaci\u00f3n\" title=\"Solicitar cotizaci\u00f3n\" \/>\n    <\/button>\n    <\/td><td class=\"column-5\"><a href=\"https:\/\/lojasritz.com.br\/catalogsearch\/result\/?q=RG4228-10SJ\" target=\"_blank\" rel=\"noopener\"><img decoding=\"async\" src=\"https:\/\/www.ritzbrasil.com\/wp-content\/uploads\/2024\/07\/carrinho-compras-tabela.png\"  \/><\/a><\/td>\n<\/tr>\n<tr class=\"row-7\">\n\t<td class=\"column-1\"><img decoding=\"async\" src=\"https:\/\/www.ritzbrasil.com\/wp-content\/uploads\/2024\/07\/atr10777-1-grampo-aterramento-multiangular-150x150-1.jpg\" \/><\/td><td class=\"column-2\">ATR10777-1<\/td><td class=\"column-3\">Corpo em alum\u00ednio; Mordente serrilhado; Parafuso de aperto tipo olhal;<br \/>\nConex\u00e3o do cabo atrav\u00e9s de terminal liso; Travamento dos \u00e2ngulos de opera\u00e7\u00e3o pr\u00e9-<br \/>\najust\u00e1veis e fixos atrav\u00e9s de porca borboleta<\/td><td class=\"column-4\">    <button class=\"add-to-budget\" data-table-id=\"Grampo_Aterramento_Multiangular\" data-reference=\"ATR10777-1\" data-description=\"Grampo Aterramento Multiangular\" style=\"color:#ff4d00;\">\n        <img decoding=\"async\" src=\"https:\/\/www.ritzbrasil.com\/\/wp-content\/uploads\/2024\/07\/orcar-compras-tabela-new-1.png\" alt=\"Solicitar cotizaci\u00f3n\" title=\"Solicitar cotizaci\u00f3n\" \/>\n    <\/button>\n    <\/td><td class=\"column-5\"><a href=\"https:\/\/lojasritz.com.br\/catalogsearch\/result\/?q=RG4228-10SJ\" target=\"_blank\" rel=\"noopener\"><img decoding=\"async\" src=\"https:\/\/www.ritzbrasil.com\/wp-content\/uploads\/2024\/07\/carrinho-compras-tabela.png\"  \/><\/a><\/td>\n<\/tr>\n<tr class=\"row-8\">\n\t<td class=\"column-1\"><img decoding=\"async\" src=\"https:\/\/www.ritzbrasil.com\/wp-content\/uploads\/2024\/07\/rhg4228-16sj-grampo-aterramento-multiangular-150x150-1.jpg\" \/><\/td><td class=\"column-2\">RHG4228-16SJ<\/td><td class=\"column-3\">Corpo em alum\u00ednio; Mordente serrilhado; Fixo no tubo RITZGLAS\u00ae \u00d8 32<br \/>\nmm x 1,83 m; Conex\u00e3o do cabo atrav\u00e9s de terminal liso; Permite a opera\u00e7\u00e3o em \u00e2ngulos<br \/>\ncont\u00ednuos de at\u00e9 75\u00b0<\/td><td class=\"column-4\">    <button class=\"add-to-budget\" data-table-id=\"Grampo_Aterramento_Multiangular\" data-reference=\"RHG4228-16SJ\" data-description=\"Grampo Aterramento Multiangular\" style=\"color:#ff4d00;\">\n        <img decoding=\"async\" src=\"https:\/\/www.ritzbrasil.com\/\/wp-content\/uploads\/2024\/07\/orcar-compras-tabela-new-1.png\" alt=\"Solicitar cotizaci\u00f3n\" title=\"Solicitar cotizaci\u00f3n\" \/>\n    <\/button>\n    <\/td><td class=\"column-5\"><a href=\"https:\/\/lojasritz.com.br\/catalogsearch\/result\/?q=RHG4228-16SJ\" target=\"_blank\" rel=\"noopener\"><img decoding=\"async\" src=\"https:\/\/www.ritzbrasil.com\/wp-content\/uploads\/2024\/07\/carrinho-compras-tabela.png\"  \/><\/a><\/td>\n<\/tr>\n<\/tbody>\n<\/table>\n<\/div>\n[\/vc_column_text][vc_separator border_width=\u00bb2&#8243; css=\u00bb\u00bb][\/vc_column][\/vc_row]<\/p>\n<\/div>","protected":false},"excerpt":{"rendered":"<p>Las pinzas multi\u00e1ngulo de puesta a tierra est\u00e1n dise\u00f1adas para funcionar en \u00e1ngulos continuos. Estas pinzas permiten bloquear \u00e1ngulos de funcionamiento preajustables, ofreciendo flexibilidad y seguridad. F\u00e1ciles de manejar, son ideales para conexiones en l\u00edneas de transmisi\u00f3n y subestaciones de alta y extra alta tensi\u00f3n, garantizando un funcionamiento eficaz y fiable.<\/p>\n","protected":false},"featured_media":56969,"template":"","meta":[],"product_brand":[],"product_cat":[1661],"product_tag":[4168,4164,4162,4166,4167,4163,4169,4165,4044],"class_list":{"0":"post-61431","1":"product","2":"type-product","3":"status-publish","4":"has-post-thumbnail","6":"product_cat-toma-de-tierra-temporal","7":"product_tag-atr10777-1","8":"product_tag-atr13159-1","9":"product_tag-pinza-de-puesta-a-tierra-multiangulo","10":"product_tag-rc600-1732","11":"product_tag-rg4228-10sj","12":"product_tag-rg4229-1sj","13":"product_tag-rhg4228-16sj","14":"product_tag-rhg4229-6sj","15":"product_tag-toma-de-tierra-temporal","16":"description-off","18":"first","19":"instock","20":"virtual","21":"product-type-simple"},"yoast_head":"<!-- This site is optimized with the Yoast SEO plugin v27.1.1 - https:\/\/yoast.com\/product\/yoast-seo-wordpress\/ -->\n<title>Pinza de puesta a tierra multi\u00e1ngulo<\/title>\n<meta name=\"description\" content=\"Las pinzas de puesta a tierra multi\u00e1ngulo, dise\u00f1adas para \u00e1ngulos continuos, permiten un bloqueo preajustable, ofreciendo flexibilidad y seguridad.\" \/>\n<meta name=\"robots\" content=\"index, follow, max-snippet:-1, max-image-preview:large, max-video-preview:-1\" \/>\n<link rel=\"canonical\" href=\"https:\/\/www.ritzbrasil.com\/es\/produtos\/toma-de-tierra-temporal\/pinza-de-puesta-a-tierra-multiangulo\/\" \/>\n<meta property=\"og:locale\" content=\"es_ES\" \/>\n<meta property=\"og:type\" content=\"article\" \/>\n<meta property=\"og:title\" content=\"Pinza de puesta a tierra multi\u00e1ngulo\" \/>\n<meta property=\"og:description\" content=\"Las pinzas de puesta a tierra multi\u00e1ngulo, dise\u00f1adas para \u00e1ngulos continuos, permiten un bloqueo preajustable, ofreciendo flexibilidad y seguridad.\" \/>\n<meta property=\"og:url\" content=\"https:\/\/www.ritzbrasil.com\/es\/produtos\/toma-de-tierra-temporal\/pinza-de-puesta-a-tierra-multiangulo\/\" \/>\n<meta property=\"og:site_name\" content=\"Equipamentos de Manuten\u00e7\u00e3o e Seguran\u00e7a para o Setor El\u00e9trico - Ritz Brasil\" \/>\n<meta property=\"article:modified_time\" content=\"2026-02-25T20:14:47+00:00\" \/>\n<meta property=\"og:image\" content=\"https:\/\/www.ritzbrasil.com\/wp-content\/uploads\/2024\/07\/rg4229-1sj-grampo-aterramento-multiangular.jpg\" \/>\n\t<meta property=\"og:image:width\" content=\"1200\" \/>\n\t<meta property=\"og:image:height\" content=\"1200\" \/>\n\t<meta property=\"og:image:type\" content=\"image\/jpeg\" \/>\n<meta name=\"twitter:card\" content=\"summary_large_image\" \/>\n<meta name=\"twitter:label1\" content=\"Tiempo de lectura\" \/>\n\t<meta name=\"twitter:data1\" content=\"1 minuto\" \/>\n<script type=\"application\/ld+json\" class=\"yoast-schema-graph\">{\"@context\":\"https:\/\/schema.org\",\"@graph\":[{\"@type\":\"WebPage\",\"@id\":\"https:\/\/www.ritzbrasil.com\/es\/produtos\/toma-de-tierra-temporal\/pinza-de-puesta-a-tierra-multiangulo\/\",\"url\":\"https:\/\/www.ritzbrasil.com\/es\/produtos\/toma-de-tierra-temporal\/pinza-de-puesta-a-tierra-multiangulo\/\",\"name\":\"Pinza de puesta a tierra multi\u00e1ngulo\",\"isPartOf\":{\"@id\":\"https:\/\/www.ritzbrasil.com\/es\/#website\"},\"primaryImageOfPage\":{\"@id\":\"https:\/\/www.ritzbrasil.com\/es\/produtos\/toma-de-tierra-temporal\/pinza-de-puesta-a-tierra-multiangulo\/#primaryimage\"},\"image\":{\"@id\":\"https:\/\/www.ritzbrasil.com\/es\/produtos\/toma-de-tierra-temporal\/pinza-de-puesta-a-tierra-multiangulo\/#primaryimage\"},\"thumbnailUrl\":\"https:\/\/www.ritzbrasil.com\/wp-content\/uploads\/2024\/07\/rg4229-1sj-grampo-aterramento-multiangular.jpg\",\"datePublished\":\"2024-07-08T12:40:33+00:00\",\"dateModified\":\"2026-02-25T20:14:47+00:00\",\"description\":\"Las pinzas de puesta a tierra multi\u00e1ngulo, dise\u00f1adas para \u00e1ngulos continuos, permiten un bloqueo preajustable, ofreciendo flexibilidad y seguridad.\",\"breadcrumb\":{\"@id\":\"https:\/\/www.ritzbrasil.com\/es\/produtos\/toma-de-tierra-temporal\/pinza-de-puesta-a-tierra-multiangulo\/#breadcrumb\"},\"inLanguage\":\"es\",\"potentialAction\":[{\"@type\":\"ReadAction\",\"target\":[\"https:\/\/www.ritzbrasil.com\/es\/produtos\/toma-de-tierra-temporal\/pinza-de-puesta-a-tierra-multiangulo\/\"]}]},{\"@type\":\"ImageObject\",\"inLanguage\":\"es\",\"@id\":\"https:\/\/www.ritzbrasil.com\/es\/produtos\/toma-de-tierra-temporal\/pinza-de-puesta-a-tierra-multiangulo\/#primaryimage\",\"url\":\"https:\/\/www.ritzbrasil.com\/wp-content\/uploads\/2024\/07\/rg4229-1sj-grampo-aterramento-multiangular.jpg\",\"contentUrl\":\"https:\/\/www.ritzbrasil.com\/wp-content\/uploads\/2024\/07\/rg4229-1sj-grampo-aterramento-multiangular.jpg\",\"width\":1200,\"height\":1200,\"caption\":\"RG4229-1SJ Pinza de puesta a tierra multi\u00e1ngulo\"},{\"@type\":\"BreadcrumbList\",\"@id\":\"https:\/\/www.ritzbrasil.com\/es\/produtos\/toma-de-tierra-temporal\/pinza-de-puesta-a-tierra-multiangulo\/#breadcrumb\",\"itemListElement\":[{\"@type\":\"ListItem\",\"position\":1,\"name\":\"In\u00edcio\",\"item\":\"https:\/\/www.ritzbrasil.com\/es\/\"},{\"@type\":\"ListItem\",\"position\":2,\"name\":\"Tienda\",\"item\":\"https:\/\/www.ritzbrasil.com\/es\/tienda\/\"},{\"@type\":\"ListItem\",\"position\":3,\"name\":\"Pinza de puesta a tierra multi\u00e1ngulo\"}]},{\"@type\":\"WebSite\",\"@id\":\"https:\/\/www.ritzbrasil.com\/es\/#website\",\"url\":\"https:\/\/www.ritzbrasil.com\/es\/\",\"name\":\"Equipamentos de Manuten\u00e7\u00e3o e Seguran\u00e7a para o Setor El\u00e9trico - Ritz Brasil\",\"description\":\"\",\"potentialAction\":[{\"@type\":\"SearchAction\",\"target\":{\"@type\":\"EntryPoint\",\"urlTemplate\":\"https:\/\/www.ritzbrasil.com\/es\/?s={search_term_string}\"},\"query-input\":{\"@type\":\"PropertyValueSpecification\",\"valueRequired\":true,\"valueName\":\"search_term_string\"}}],\"inLanguage\":\"es\"}]}<\/script>\n<!-- \/ Yoast SEO plugin. -->","yoast_head_json":{"title":"Pinza de puesta a tierra multi\u00e1ngulo","description":"Las pinzas de puesta a tierra multi\u00e1ngulo, dise\u00f1adas para \u00e1ngulos continuos, permiten un bloqueo preajustable, ofreciendo flexibilidad y seguridad.","robots":{"index":"index","follow":"follow","max-snippet":"max-snippet:-1","max-image-preview":"max-image-preview:large","max-video-preview":"max-video-preview:-1"},"canonical":"https:\/\/www.ritzbrasil.com\/es\/produtos\/toma-de-tierra-temporal\/pinza-de-puesta-a-tierra-multiangulo\/","og_locale":"es_ES","og_type":"article","og_title":"Pinza de puesta a tierra multi\u00e1ngulo","og_description":"Las pinzas de puesta a tierra multi\u00e1ngulo, dise\u00f1adas para \u00e1ngulos continuos, permiten un bloqueo preajustable, ofreciendo flexibilidad y seguridad.","og_url":"https:\/\/www.ritzbrasil.com\/es\/produtos\/toma-de-tierra-temporal\/pinza-de-puesta-a-tierra-multiangulo\/","og_site_name":"Equipamentos de Manuten\u00e7\u00e3o e Seguran\u00e7a para o Setor El\u00e9trico - Ritz Brasil","article_modified_time":"2026-02-25T20:14:47+00:00","og_image":[{"width":1200,"height":1200,"url":"https:\/\/www.ritzbrasil.com\/wp-content\/uploads\/2024\/07\/rg4229-1sj-grampo-aterramento-multiangular.jpg","type":"image\/jpeg"}],"twitter_card":"summary_large_image","twitter_misc":{"Tiempo de lectura":"1 minuto"},"schema":{"@context":"https:\/\/schema.org","@graph":[{"@type":"WebPage","@id":"https:\/\/www.ritzbrasil.com\/es\/produtos\/toma-de-tierra-temporal\/pinza-de-puesta-a-tierra-multiangulo\/","url":"https:\/\/www.ritzbrasil.com\/es\/produtos\/toma-de-tierra-temporal\/pinza-de-puesta-a-tierra-multiangulo\/","name":"Pinza de puesta a tierra multi\u00e1ngulo","isPartOf":{"@id":"https:\/\/www.ritzbrasil.com\/es\/#website"},"primaryImageOfPage":{"@id":"https:\/\/www.ritzbrasil.com\/es\/produtos\/toma-de-tierra-temporal\/pinza-de-puesta-a-tierra-multiangulo\/#primaryimage"},"image":{"@id":"https:\/\/www.ritzbrasil.com\/es\/produtos\/toma-de-tierra-temporal\/pinza-de-puesta-a-tierra-multiangulo\/#primaryimage"},"thumbnailUrl":"https:\/\/www.ritzbrasil.com\/wp-content\/uploads\/2024\/07\/rg4229-1sj-grampo-aterramento-multiangular.jpg","datePublished":"2024-07-08T12:40:33+00:00","dateModified":"2026-02-25T20:14:47+00:00","description":"Las pinzas de puesta a tierra multi\u00e1ngulo, dise\u00f1adas para \u00e1ngulos continuos, permiten un bloqueo preajustable, ofreciendo flexibilidad y seguridad.","breadcrumb":{"@id":"https:\/\/www.ritzbrasil.com\/es\/produtos\/toma-de-tierra-temporal\/pinza-de-puesta-a-tierra-multiangulo\/#breadcrumb"},"inLanguage":"es","potentialAction":[{"@type":"ReadAction","target":["https:\/\/www.ritzbrasil.com\/es\/produtos\/toma-de-tierra-temporal\/pinza-de-puesta-a-tierra-multiangulo\/"]}]},{"@type":"ImageObject","inLanguage":"es","@id":"https:\/\/www.ritzbrasil.com\/es\/produtos\/toma-de-tierra-temporal\/pinza-de-puesta-a-tierra-multiangulo\/#primaryimage","url":"https:\/\/www.ritzbrasil.com\/wp-content\/uploads\/2024\/07\/rg4229-1sj-grampo-aterramento-multiangular.jpg","contentUrl":"https:\/\/www.ritzbrasil.com\/wp-content\/uploads\/2024\/07\/rg4229-1sj-grampo-aterramento-multiangular.jpg","width":1200,"height":1200,"caption":"RG4229-1SJ Pinza de puesta a tierra multi\u00e1ngulo"},{"@type":"BreadcrumbList","@id":"https:\/\/www.ritzbrasil.com\/es\/produtos\/toma-de-tierra-temporal\/pinza-de-puesta-a-tierra-multiangulo\/#breadcrumb","itemListElement":[{"@type":"ListItem","position":1,"name":"In\u00edcio","item":"https:\/\/www.ritzbrasil.com\/es\/"},{"@type":"ListItem","position":2,"name":"Tienda","item":"https:\/\/www.ritzbrasil.com\/es\/tienda\/"},{"@type":"ListItem","position":3,"name":"Pinza de puesta a tierra multi\u00e1ngulo"}]},{"@type":"WebSite","@id":"https:\/\/www.ritzbrasil.com\/es\/#website","url":"https:\/\/www.ritzbrasil.com\/es\/","name":"Equipamentos de Manuten\u00e7\u00e3o e Seguran\u00e7a para o Setor El\u00e9trico - Ritz Brasil","description":"","potentialAction":[{"@type":"SearchAction","target":{"@type":"EntryPoint","urlTemplate":"https:\/\/www.ritzbrasil.com\/es\/?s={search_term_string}"},"query-input":{"@type":"PropertyValueSpecification","valueRequired":true,"valueName":"search_term_string"}}],"inLanguage":"es"}]}},"_links":{"self":[{"href":"https:\/\/www.ritzbrasil.com\/es\/wp-json\/wp\/v2\/product\/61431","targetHints":{"allow":["GET"]}}],"collection":[{"href":"https:\/\/www.ritzbrasil.com\/es\/wp-json\/wp\/v2\/product"}],"about":[{"href":"https:\/\/www.ritzbrasil.com\/es\/wp-json\/wp\/v2\/types\/product"}],"wp:featuredmedia":[{"embeddable":true,"href":"https:\/\/www.ritzbrasil.com\/es\/wp-json\/wp\/v2\/media\/56969"}],"wp:attachment":[{"href":"https:\/\/www.ritzbrasil.com\/es\/wp-json\/wp\/v2\/media?parent=61431"}],"wp:term":[{"taxonomy":"product_brand","embeddable":true,"href":"https:\/\/www.ritzbrasil.com\/es\/wp-json\/wp\/v2\/product_brand?post=61431"},{"taxonomy":"product_cat","embeddable":true,"href":"https:\/\/www.ritzbrasil.com\/es\/wp-json\/wp\/v2\/product_cat?post=61431"},{"taxonomy":"product_tag","embeddable":true,"href":"https:\/\/www.ritzbrasil.com\/es\/wp-json\/wp\/v2\/product_tag?post=61431"}],"curies":[{"name":"wp","href":"https:\/\/api.w.org\/{rel}","templated":true}]}}