{"id":61427,"date":"2024-07-08T10:00:52","date_gmt":"2024-07-08T13:00:52","guid":{"rendered":"https:\/\/www.ritzbrasil.com\/produtos\/sin%20categor\u00eda\/fusible-llave-abrazadera\/"},"modified":"2026-02-25T17:14:30","modified_gmt":"2026-02-25T20:14:30","slug":"fusible-llave-abrazadera","status":"publish","type":"product","link":"https:\/\/www.ritzbrasil.com\/es\/produtos\/toma-de-tierra-temporal\/fusible-llave-abrazadera\/","title":{"rendered":"Fusible Llave Abrazadera"},"content":{"rendered":"<div class=\"wpb-content-wrapper\"><p>[vc_row][vc_column][vc_column_text css=\u00bb.vc_custom_1722508968984{margin-top: -20px !important;}\u00bb]\n<div id=\"tablepress-grampo-chave-fusivel-scroll-wrapper\" class=\"tablepress-scroll-wrapper\">\n<table id=\"tablepress-grampo-chave-fusivel\" class=\"tablepress tablepress-id-grampo-chave-fusivel tablepress-responsive\">\n<thead>\n<tr class=\"row-1\">\n\t<td class=\"column-1\"><\/td><th class=\"column-2\">  Refer\u00eancias<\/th><th class=\"column-3\">Caracter\u00edstica<\/th><td class=\"column-4\"><\/td><td class=\"column-5\"><\/td>\n<\/tr>\n<\/thead>\n<tbody class=\"row-striping row-hover\">\n<tr class=\"row-2\">\n\t<td class=\"column-1\"><img decoding=\"async\" src=\"https:\/\/www.ritzbrasil.com\/wp-content\/uploads\/2024\/08\/RC600-0861-grampo-chave-fusivel-suporte-em-T-150x150-1.jpg\" \/><\/td><td class=\"column-2\">RC600-0861<\/td><td class=\"column-3\">com suporte \u201cT\u201d - Corrente m\u00e1xima de curto-circuito: 30 ciclos - 20 kA<\/td><td class=\"column-4\">    <button class=\"add-to-budget\" data-table-id=\"grampo-chave-fusivel\" data-reference=\"RC600-0861\" data-description=\"Grampo para Chave Fus\u00edvel\" style=\"color:#ff4d00;\">\n        <img decoding=\"async\" src=\"https:\/\/www.ritzbrasil.com\/\/wp-content\/uploads\/2024\/07\/orcar-compras-tabela-new-1.png\" alt=\"Solicitar cotizaci\u00f3n\" title=\"Solicitar cotizaci\u00f3n\" \/>\n    <\/button>\n    <\/td><td class=\"column-5\"><a href=\"https:\/\/lojasritz.com.br\/catalogsearch\/result\/?q=RC600-0861\" target=\"_blank\" rel=\"noopener\"><img decoding=\"async\" src=\"https:\/\/www.ritzbrasil.com\/wp-content\/uploads\/2024\/07\/carrinho-compras-tabela.png\"  \/><\/a><\/td>\n<\/tr>\n<tr class=\"row-3\">\n\t<td class=\"column-1\"><img decoding=\"async\" src=\"https:\/\/www.ritzbrasil.com\/wp-content\/uploads\/2024\/08\/RC600-0862-grampo-chave-fusivel-suporte-em-L-150x150-1.jpg\" \/><\/td><td class=\"column-2\">RC600-0862<\/td><td class=\"column-3\">com suporte \u201cL\u201d - Corrente m\u00e1xima de curto-circuito: 30 ciclos - 20 kA<\/td><td class=\"column-4\">    <button class=\"add-to-budget\" data-table-id=\"grampo-chave-fusivel\" data-reference=\"RC600-0862\" data-description=\"Grampo para Chave Fus\u00edvel\" style=\"color:#ff4d00;\">\n        <img decoding=\"async\" src=\"https:\/\/www.ritzbrasil.com\/\/wp-content\/uploads\/2024\/07\/orcar-compras-tabela-new-1.png\" alt=\"Solicitar cotizaci\u00f3n\" title=\"Solicitar cotizaci\u00f3n\" \/>\n    <\/button>\n    <\/td><td class=\"column-5\"><a href=\"https:\/\/lojasritz.com.br\/catalogsearch\/result\/?q=RC600-0862\" target=\"_blank\" rel=\"noopener\"><img decoding=\"async\" src=\"https:\/\/www.ritzbrasil.com\/wp-content\/uploads\/2024\/07\/carrinho-compras-tabela.png\"  \/><\/a><\/td>\n<\/tr>\n<\/tbody>\n<\/table>\n<\/div>\n[\/vc_column_text][vc_separator border_width=\u00bb2&#8243; css=\u00bb\u00bb][\/vc_column][\/vc_row]<\/p>\n<\/div>","protected":false},"excerpt":{"rendered":"<p><strong>Pinza Temporal de Puesta a Tierra para Interruptores Fusibles<\/strong><\/p>\n<p>Dise\u00f1ado para simplificar y hacer m\u00e1s eficaz el proceso de mantenimiento en redes de media tensi\u00f3n, al ofrecer una opci\u00f3n segura para poner a tierra los fusibles, evitando maniobras accidentales mientras el conmutador est\u00e1 en la red. Esto proporciona seguridad adicional durante las operaciones de mantenimiento, eliminando sorpresas no deseadas.<\/p>\n<p>F\u00e1cil de instalar, la pinza se coloca en la base inferior del fusible una vez retirado el cartucho. Equipada con un soporte en \u00abT\u00bb o \u00abL\u00bb de aleaci\u00f3n de aluminio fundido, nuestra pinza permite conectar otras pinzas de toma de tierra. Esto facilita la creaci\u00f3n de una red de puesta a tierra segura, garantizando una conexi\u00f3n s\u00f3lida con el punto de tierra.<\/p>\n<p>La robusta construcci\u00f3n del cuerpo y la zapata de aleaci\u00f3n de aluminio fundido garantiza resistencia y durabilidad. El c\u00e1ncamo de maniobra simplifica la instalaci\u00f3n, permitiendo una f\u00e1cil conexi\u00f3n mediante una p\u00e9rtiga o un bast\u00f3n de maniobra.<\/p>\n","protected":false},"featured_media":57045,"template":"","meta":[],"product_brand":[],"product_cat":[1661],"product_tag":[4150,4151,4152,4044],"class_list":{"0":"post-61427","1":"product","2":"type-product","3":"status-publish","4":"has-post-thumbnail","6":"product_cat-toma-de-tierra-temporal","7":"product_tag-fusible-llave-abrazadera","8":"product_tag-rc600-0861","9":"product_tag-rc600-0862","10":"product_tag-toma-de-tierra-temporal","11":"description-off","13":"first","14":"instock","15":"virtual","16":"product-type-simple"},"yoast_head":"<!-- This site is optimized with the Yoast SEO plugin v27.1.1 - https:\/\/yoast.com\/product\/yoast-seo-wordpress\/ -->\n<title>Pinza de toma de tierra<\/title>\n<meta name=\"description\" content=\"Las pinzas de puesta a tierra temporal con tornillos en &quot;T&quot; permiten una instalaci\u00f3n manual r\u00e1pida y eficaz, garantizando una conexi\u00f3n fiable al punto de puesta a tierra.\" \/>\n<meta name=\"robots\" content=\"index, follow, max-snippet:-1, max-image-preview:large, max-video-preview:-1\" \/>\n<link rel=\"canonical\" href=\"https:\/\/www.ritzbrasil.com\/es\/produtos\/toma-de-tierra-temporal\/fusible-llave-abrazadera\/\" \/>\n<meta property=\"og:locale\" content=\"es_ES\" \/>\n<meta property=\"og:type\" content=\"article\" \/>\n<meta property=\"og:title\" content=\"Pinza de toma de tierra\" \/>\n<meta property=\"og:description\" content=\"Las pinzas de puesta a tierra temporal con tornillos en &quot;T&quot; permiten una instalaci\u00f3n manual r\u00e1pida y eficaz, garantizando una conexi\u00f3n fiable al punto de puesta a tierra.\" \/>\n<meta property=\"og:url\" content=\"https:\/\/www.ritzbrasil.com\/es\/produtos\/toma-de-tierra-temporal\/fusible-llave-abrazadera\/\" \/>\n<meta property=\"og:site_name\" content=\"Equipamentos de Manuten\u00e7\u00e3o e Seguran\u00e7a para o Setor El\u00e9trico - Ritz Brasil\" \/>\n<meta property=\"article:modified_time\" content=\"2026-02-25T20:14:30+00:00\" \/>\n<meta property=\"og:image\" content=\"https:\/\/www.ritzbrasil.com\/wp-content\/uploads\/2024\/08\/RC600-0861-grampo-chave-fusivel-suporte-em-T.jpg\" \/>\n\t<meta property=\"og:image:width\" content=\"1200\" \/>\n\t<meta property=\"og:image:height\" content=\"1200\" \/>\n\t<meta property=\"og:image:type\" content=\"image\/jpeg\" \/>\n<meta name=\"twitter:card\" content=\"summary_large_image\" \/>\n<meta name=\"twitter:label1\" content=\"Tiempo de lectura\" \/>\n\t<meta name=\"twitter:data1\" content=\"1 minuto\" \/>\n<script type=\"application\/ld+json\" class=\"yoast-schema-graph\">{\"@context\":\"https:\/\/schema.org\",\"@graph\":[{\"@type\":\"WebPage\",\"@id\":\"https:\/\/www.ritzbrasil.com\/es\/produtos\/toma-de-tierra-temporal\/fusible-llave-abrazadera\/\",\"url\":\"https:\/\/www.ritzbrasil.com\/es\/produtos\/toma-de-tierra-temporal\/fusible-llave-abrazadera\/\",\"name\":\"Pinza de toma de tierra\",\"isPartOf\":{\"@id\":\"https:\/\/www.ritzbrasil.com\/es\/#website\"},\"primaryImageOfPage\":{\"@id\":\"https:\/\/www.ritzbrasil.com\/es\/produtos\/toma-de-tierra-temporal\/fusible-llave-abrazadera\/#primaryimage\"},\"image\":{\"@id\":\"https:\/\/www.ritzbrasil.com\/es\/produtos\/toma-de-tierra-temporal\/fusible-llave-abrazadera\/#primaryimage\"},\"thumbnailUrl\":\"https:\/\/www.ritzbrasil.com\/wp-content\/uploads\/2024\/08\/RC600-0861-grampo-chave-fusivel-suporte-em-T.jpg\",\"datePublished\":\"2024-07-08T13:00:52+00:00\",\"dateModified\":\"2026-02-25T20:14:30+00:00\",\"description\":\"Las pinzas de puesta a tierra temporal con tornillos en \\\"T\\\" permiten una instalaci\u00f3n manual r\u00e1pida y eficaz, garantizando una conexi\u00f3n fiable al punto de puesta a tierra.\",\"breadcrumb\":{\"@id\":\"https:\/\/www.ritzbrasil.com\/es\/produtos\/toma-de-tierra-temporal\/fusible-llave-abrazadera\/#breadcrumb\"},\"inLanguage\":\"es\",\"potentialAction\":[{\"@type\":\"ReadAction\",\"target\":[\"https:\/\/www.ritzbrasil.com\/es\/produtos\/toma-de-tierra-temporal\/fusible-llave-abrazadera\/\"]}]},{\"@type\":\"ImageObject\",\"inLanguage\":\"es\",\"@id\":\"https:\/\/www.ritzbrasil.com\/es\/produtos\/toma-de-tierra-temporal\/fusible-llave-abrazadera\/#primaryimage\",\"url\":\"https:\/\/www.ritzbrasil.com\/wp-content\/uploads\/2024\/08\/RC600-0861-grampo-chave-fusivel-suporte-em-T.jpg\",\"contentUrl\":\"https:\/\/www.ritzbrasil.com\/wp-content\/uploads\/2024\/08\/RC600-0861-grampo-chave-fusivel-suporte-em-T.jpg\",\"width\":1200,\"height\":1200,\"caption\":\"RC600-0861 - Abrazadera de llave en T con fusible\"},{\"@type\":\"BreadcrumbList\",\"@id\":\"https:\/\/www.ritzbrasil.com\/es\/produtos\/toma-de-tierra-temporal\/fusible-llave-abrazadera\/#breadcrumb\",\"itemListElement\":[{\"@type\":\"ListItem\",\"position\":1,\"name\":\"In\u00edcio\",\"item\":\"https:\/\/www.ritzbrasil.com\/es\/\"},{\"@type\":\"ListItem\",\"position\":2,\"name\":\"Tienda\",\"item\":\"https:\/\/www.ritzbrasil.com\/es\/tienda\/\"},{\"@type\":\"ListItem\",\"position\":3,\"name\":\"Fusible Llave Abrazadera\"}]},{\"@type\":\"WebSite\",\"@id\":\"https:\/\/www.ritzbrasil.com\/es\/#website\",\"url\":\"https:\/\/www.ritzbrasil.com\/es\/\",\"name\":\"Equipamentos de Manuten\u00e7\u00e3o e Seguran\u00e7a para o Setor El\u00e9trico - Ritz Brasil\",\"description\":\"\",\"potentialAction\":[{\"@type\":\"SearchAction\",\"target\":{\"@type\":\"EntryPoint\",\"urlTemplate\":\"https:\/\/www.ritzbrasil.com\/es\/?s={search_term_string}\"},\"query-input\":{\"@type\":\"PropertyValueSpecification\",\"valueRequired\":true,\"valueName\":\"search_term_string\"}}],\"inLanguage\":\"es\"}]}<\/script>\n<!-- \/ Yoast SEO plugin. -->","yoast_head_json":{"title":"Pinza de toma de tierra","description":"Las pinzas de puesta a tierra temporal con tornillos en \"T\" permiten una instalaci\u00f3n manual r\u00e1pida y eficaz, garantizando una conexi\u00f3n fiable al punto de puesta a tierra.","robots":{"index":"index","follow":"follow","max-snippet":"max-snippet:-1","max-image-preview":"max-image-preview:large","max-video-preview":"max-video-preview:-1"},"canonical":"https:\/\/www.ritzbrasil.com\/es\/produtos\/toma-de-tierra-temporal\/fusible-llave-abrazadera\/","og_locale":"es_ES","og_type":"article","og_title":"Pinza de toma de tierra","og_description":"Las pinzas de puesta a tierra temporal con tornillos en \"T\" permiten una instalaci\u00f3n manual r\u00e1pida y eficaz, garantizando una conexi\u00f3n fiable al punto de puesta a tierra.","og_url":"https:\/\/www.ritzbrasil.com\/es\/produtos\/toma-de-tierra-temporal\/fusible-llave-abrazadera\/","og_site_name":"Equipamentos de Manuten\u00e7\u00e3o e Seguran\u00e7a para o Setor El\u00e9trico - Ritz Brasil","article_modified_time":"2026-02-25T20:14:30+00:00","og_image":[{"width":1200,"height":1200,"url":"https:\/\/www.ritzbrasil.com\/wp-content\/uploads\/2024\/08\/RC600-0861-grampo-chave-fusivel-suporte-em-T.jpg","type":"image\/jpeg"}],"twitter_card":"summary_large_image","twitter_misc":{"Tiempo de lectura":"1 minuto"},"schema":{"@context":"https:\/\/schema.org","@graph":[{"@type":"WebPage","@id":"https:\/\/www.ritzbrasil.com\/es\/produtos\/toma-de-tierra-temporal\/fusible-llave-abrazadera\/","url":"https:\/\/www.ritzbrasil.com\/es\/produtos\/toma-de-tierra-temporal\/fusible-llave-abrazadera\/","name":"Pinza de toma de tierra","isPartOf":{"@id":"https:\/\/www.ritzbrasil.com\/es\/#website"},"primaryImageOfPage":{"@id":"https:\/\/www.ritzbrasil.com\/es\/produtos\/toma-de-tierra-temporal\/fusible-llave-abrazadera\/#primaryimage"},"image":{"@id":"https:\/\/www.ritzbrasil.com\/es\/produtos\/toma-de-tierra-temporal\/fusible-llave-abrazadera\/#primaryimage"},"thumbnailUrl":"https:\/\/www.ritzbrasil.com\/wp-content\/uploads\/2024\/08\/RC600-0861-grampo-chave-fusivel-suporte-em-T.jpg","datePublished":"2024-07-08T13:00:52+00:00","dateModified":"2026-02-25T20:14:30+00:00","description":"Las pinzas de puesta a tierra temporal con tornillos en \"T\" permiten una instalaci\u00f3n manual r\u00e1pida y eficaz, garantizando una conexi\u00f3n fiable al punto de puesta a tierra.","breadcrumb":{"@id":"https:\/\/www.ritzbrasil.com\/es\/produtos\/toma-de-tierra-temporal\/fusible-llave-abrazadera\/#breadcrumb"},"inLanguage":"es","potentialAction":[{"@type":"ReadAction","target":["https:\/\/www.ritzbrasil.com\/es\/produtos\/toma-de-tierra-temporal\/fusible-llave-abrazadera\/"]}]},{"@type":"ImageObject","inLanguage":"es","@id":"https:\/\/www.ritzbrasil.com\/es\/produtos\/toma-de-tierra-temporal\/fusible-llave-abrazadera\/#primaryimage","url":"https:\/\/www.ritzbrasil.com\/wp-content\/uploads\/2024\/08\/RC600-0861-grampo-chave-fusivel-suporte-em-T.jpg","contentUrl":"https:\/\/www.ritzbrasil.com\/wp-content\/uploads\/2024\/08\/RC600-0861-grampo-chave-fusivel-suporte-em-T.jpg","width":1200,"height":1200,"caption":"RC600-0861 - Abrazadera de llave en T con fusible"},{"@type":"BreadcrumbList","@id":"https:\/\/www.ritzbrasil.com\/es\/produtos\/toma-de-tierra-temporal\/fusible-llave-abrazadera\/#breadcrumb","itemListElement":[{"@type":"ListItem","position":1,"name":"In\u00edcio","item":"https:\/\/www.ritzbrasil.com\/es\/"},{"@type":"ListItem","position":2,"name":"Tienda","item":"https:\/\/www.ritzbrasil.com\/es\/tienda\/"},{"@type":"ListItem","position":3,"name":"Fusible Llave Abrazadera"}]},{"@type":"WebSite","@id":"https:\/\/www.ritzbrasil.com\/es\/#website","url":"https:\/\/www.ritzbrasil.com\/es\/","name":"Equipamentos de Manuten\u00e7\u00e3o e Seguran\u00e7a para o Setor El\u00e9trico - Ritz Brasil","description":"","potentialAction":[{"@type":"SearchAction","target":{"@type":"EntryPoint","urlTemplate":"https:\/\/www.ritzbrasil.com\/es\/?s={search_term_string}"},"query-input":{"@type":"PropertyValueSpecification","valueRequired":true,"valueName":"search_term_string"}}],"inLanguage":"es"}]}},"_links":{"self":[{"href":"https:\/\/www.ritzbrasil.com\/es\/wp-json\/wp\/v2\/product\/61427","targetHints":{"allow":["GET"]}}],"collection":[{"href":"https:\/\/www.ritzbrasil.com\/es\/wp-json\/wp\/v2\/product"}],"about":[{"href":"https:\/\/www.ritzbrasil.com\/es\/wp-json\/wp\/v2\/types\/product"}],"wp:featuredmedia":[{"embeddable":true,"href":"https:\/\/www.ritzbrasil.com\/es\/wp-json\/wp\/v2\/media\/57045"}],"wp:attachment":[{"href":"https:\/\/www.ritzbrasil.com\/es\/wp-json\/wp\/v2\/media?parent=61427"}],"wp:term":[{"taxonomy":"product_brand","embeddable":true,"href":"https:\/\/www.ritzbrasil.com\/es\/wp-json\/wp\/v2\/product_brand?post=61427"},{"taxonomy":"product_cat","embeddable":true,"href":"https:\/\/www.ritzbrasil.com\/es\/wp-json\/wp\/v2\/product_cat?post=61427"},{"taxonomy":"product_tag","embeddable":true,"href":"https:\/\/www.ritzbrasil.com\/es\/wp-json\/wp\/v2\/product_tag?post=61427"}],"curies":[{"name":"wp","href":"https:\/\/api.w.org\/{rel}","templated":true}]}}