{"id":61423,"date":"2024-07-08T09:00:59","date_gmt":"2024-07-08T12:00:59","guid":{"rendered":"https:\/\/www.ritzbrasil.com\/produtos\/sin%20categor\u00eda\/abrazadera-de-presion-con-efecto-muelle\/"},"modified":"2026-02-25T17:15:13","modified_gmt":"2026-02-25T20:15:13","slug":"abrazadera-de-presion-con-efecto-muelle","status":"publish","type":"product","link":"https:\/\/www.ritzbrasil.com\/es\/produtos\/productos\/equipo-puesta-tierra-cortocircuito\/abrazadera-de-presion-con-efecto-muelle\/","title":{"rendered":"Abrazadera de presi\u00f3n con efecto muelle"},"content":{"rendered":"<div class=\"wpb-content-wrapper\"><p>[vc_row][vc_column][vc_column_text css=\u00bb.vc_custom_1721842285786{margin-top: -20px !important;}\u00bb]\n<div id=\"tablepress-GRAMPO-PRESSAO-scroll-wrapper\" class=\"tablepress-scroll-wrapper\">\n<table id=\"tablepress-GRAMPO-PRESSAO\" class=\"tablepress tablepress-id-GRAMPO-PRESSAO tablepress-responsive\">\n<thead>\n<tr class=\"row-1\">\n\t<td class=\"column-1\"><\/td><th class=\"column-2\">  Refer\u00eancias<\/th><th class=\"column-3\">Caracter\u00edstica<\/th><td class=\"column-4\"><\/td><td class=\"column-5\"><\/td>\n<\/tr>\n<\/thead>\n<tbody class=\"row-striping row-hover\">\n<tr class=\"row-2\">\n\t<td class=\"column-1\"><img decoding=\"async\" src=\"https:\/\/www.ritzbrasil.com\/wp-content\/uploads\/2024\/07\/ATR03653-1-Grampo-Pressao-Efeito-Mola-150x150-1.jpg\" \/><\/td><td class=\"column-2\">ATR03653-1<\/td><td class=\"column-3\">Corpo em alum\u00ednio; Mordente liso; l\u00e2mina de encaixe no trap\u00e9zio (ATR04694-<br \/>\n1) em a\u00e7o galvanizado; Conex\u00e3o do cabo trav\u00e9s de terminal de cobre estanhado<\/td><td class=\"column-4\">    <button class=\"add-to-budget\" data-table-id=\"GRAMPO-PRESSAO\" data-reference=\"ATR03653-1\" data-description=\"Grampo por Press\u00e3o Efeito Mola\" style=\"color:#ff4d00;\">\n        <img decoding=\"async\" src=\"https:\/\/www.ritzbrasil.com\/\/wp-content\/uploads\/2024\/07\/orcar-compras-tabela-new-1.png\" alt=\"Solicitar cotizaci\u00f3n\" title=\"Solicitar cotizaci\u00f3n\" \/>\n    <\/button>\n    <\/td><td class=\"column-5\"><a href=\"https:\/\/lojasritz.com.br\/catalogsearch\/result\/?q=ATR03653-1\" target=\"_blank\" rel=\"noopener\"><img decoding=\"async\" src=\"https:\/\/www.ritzbrasil.com\/wp-content\/uploads\/2024\/07\/carrinho-compras-tabela.png\"  \/><\/a><\/td>\n<\/tr>\n<tr class=\"row-3\">\n\t<td class=\"column-1\"><img decoding=\"async\" src=\"https:\/\/www.ritzbrasil.com\/wp-content\/uploads\/2024\/07\/ATR13628-1-Grampo-Pressao-Efeito-Mola-150x150-1.jpg\" \/><\/td><td class=\"column-2\">ATR13628-1<\/td><td class=\"column-3\">Corpo em alum\u00ednio; Mordente liso; encaixe no trap\u00e9zio (ATR14442-1) por<br \/>\nsistema auto travamento; Conex\u00e3o do cabo atrav\u00e9s de terminal de cobre estanhado<\/td><td class=\"column-4\">    <button class=\"add-to-budget\" data-table-id=\"GRAMPO-PRESSAO\" data-reference=\"ATR13628-1\" data-description=\"Grampo por Press\u00e3o Efeito Mola\" style=\"color:#ff4d00;\">\n        <img decoding=\"async\" src=\"https:\/\/www.ritzbrasil.com\/\/wp-content\/uploads\/2024\/07\/orcar-compras-tabela-new-1.png\" alt=\"Solicitar cotizaci\u00f3n\" title=\"Solicitar cotizaci\u00f3n\" \/>\n    <\/button>\n    <\/td><td class=\"column-5\"><a href=\"https:\/\/lojasritz.com.br\/catalogsearch\/result\/?q=ATR13628-1\" target=\"_blank\" rel=\"noopener\"><img decoding=\"async\" src=\"https:\/\/www.ritzbrasil.com\/wp-content\/uploads\/2024\/07\/carrinho-compras-tabela.png\"  \/><\/a><\/td>\n<\/tr>\n<tr class=\"row-4\">\n\t<td class=\"column-1\"><img decoding=\"async\" src=\"https:\/\/www.ritzbrasil.com\/wp-content\/uploads\/2024\/07\/ATR13047-1-Grampo-Pressao-Efeito-Mola-150x150-1.jpg\" \/><\/td><td class=\"column-2\">ATR13047-1<\/td><td class=\"column-3\">Corpo em alum\u00ednio; Instala\u00e7\u00e3o no rabicho por efeito de mola; Empunhadura<br \/>\npl\u00e1stica na cor vermelho<\/td><td class=\"column-4\">    <button class=\"add-to-budget\" data-table-id=\"GRAMPO-PRESSAO\" data-reference=\"ATR13047-1\" data-description=\"Grampo por Press\u00e3o Efeito Mola\" style=\"color:#ff4d00;\">\n        <img decoding=\"async\" src=\"https:\/\/www.ritzbrasil.com\/\/wp-content\/uploads\/2024\/07\/orcar-compras-tabela-new-1.png\" alt=\"Solicitar cotizaci\u00f3n\" title=\"Solicitar cotizaci\u00f3n\" \/>\n    <\/button>\n    <\/td><td class=\"column-5\"><a href=\"https:\/\/lojasritz.com.br\/catalogsearch\/result\/?q=ATR13047-1\" target=\"_blank\" rel=\"noopener\"><img decoding=\"async\" src=\"https:\/\/www.ritzbrasil.com\/wp-content\/uploads\/2024\/07\/carrinho-compras-tabela.png\"  \/><\/a><\/td>\n<\/tr>\n<tr class=\"row-5\">\n\t<td class=\"column-1\"><img decoding=\"async\" src=\"https:\/\/www.ritzbrasil.com\/wp-content\/uploads\/2024\/07\/atr13047-2-Grampo-Pressao-Efeito-Mola-150x150-1.jpg\" \/><\/td><td class=\"column-2\">ATR13047-2<\/td><td class=\"column-3\">Corpo em alum\u00ednio; Instala\u00e7\u00e3o no rabicho por efeito de mola; Empunhadura<br \/>\npl\u00e1stica na cor preto<\/td><td class=\"column-4\">    <button class=\"add-to-budget\" data-table-id=\"GRAMPO-PRESSAO\" data-reference=\"ATR13047-2\" data-description=\"Grampo por Press\u00e3o Efeito Mola\" style=\"color:#ff4d00;\">\n        <img decoding=\"async\" src=\"https:\/\/www.ritzbrasil.com\/\/wp-content\/uploads\/2024\/07\/orcar-compras-tabela-new-1.png\" alt=\"Solicitar cotizaci\u00f3n\" title=\"Solicitar cotizaci\u00f3n\" \/>\n    <\/button>\n    <\/td><td class=\"column-5\"><a href=\"https:\/\/lojasritz.com.br\/catalogsearch\/result\/?q=ATR13047-2\" target=\"_blank\" rel=\"noopener\"><img decoding=\"async\" src=\"https:\/\/www.ritzbrasil.com\/wp-content\/uploads\/2024\/07\/carrinho-compras-tabela.png\"  \/><\/a><\/td>\n<\/tr>\n<\/tbody>\n<\/table>\n<\/div>\n[\/vc_column_text][vc_separator border_width=\u00bb2&#8243; css=\u00bb\u00bb][\/vc_column][\/vc_row]<\/p>\n<\/div>","protected":false},"excerpt":{"rendered":"<p>Las pinzas de puesta a tierra temporales, dise\u00f1adas para instalaciones en redes a\u00e9reas con un mecanismo de sujeci\u00f3n por resorte, garantizan una conexi\u00f3n firme y fiable al conductor. Ideales para un mantenimiento r\u00e1pido y seguro.<\/p>\n","protected":false},"featured_media":56873,"template":"","meta":[],"product_brand":[],"product_cat":[1661],"product_tag":[4130,4132,4133,4131,4055],"class_list":{"0":"post-61423","1":"product","2":"type-product","3":"status-publish","4":"has-post-thumbnail","6":"product_cat-equipo-puesta-tierra-cortocircuito","7":"product_tag-atr03653-1","8":"product_tag-atr13047-1","9":"product_tag-atr13047-2","10":"product_tag-atr13628-1","11":"product_tag-toma-de-tierra-para-alta-tension","12":"description-off","14":"first","15":"instock","16":"virtual","17":"product-type-simple"},"yoast_head":"<!-- This site is optimized with the Yoast SEO plugin v27.1.1 - https:\/\/yoast.com\/product\/yoast-seo-wordpress\/ -->\n<title>Abrazadera de presi\u00f3n con efecto muelle - Equipamentos de Manuten\u00e7\u00e3o e Seguran\u00e7a para o Setor El\u00e9trico - Ritz Brasil<\/title>\n<meta name=\"description\" content=\"ATR00395-8 - Conjunto de puesta a tierra temporal para subestaci\u00f3n (AT) - Corriente m\u00e1xima de cortocircuito: 60 ciclos - 25 kA\" \/>\n<meta name=\"robots\" content=\"index, follow, max-snippet:-1, max-image-preview:large, max-video-preview:-1\" \/>\n<link rel=\"canonical\" href=\"https:\/\/www.ritzbrasil.com\/es\/produtos\/productos\/equipo-puesta-tierra-cortocircuito\/abrazadera-de-presion-con-efecto-muelle\/\" \/>\n<meta property=\"og:locale\" content=\"es_ES\" \/>\n<meta property=\"og:type\" content=\"article\" \/>\n<meta property=\"og:title\" content=\"Abrazadera de presi\u00f3n con efecto muelle - Equipamentos de Manuten\u00e7\u00e3o e Seguran\u00e7a para o Setor El\u00e9trico - Ritz Brasil\" \/>\n<meta property=\"og:description\" content=\"ATR00395-8 - Conjunto de puesta a tierra temporal para subestaci\u00f3n (AT) - Corriente m\u00e1xima de cortocircuito: 60 ciclos - 25 kA\" \/>\n<meta property=\"og:url\" content=\"https:\/\/www.ritzbrasil.com\/es\/produtos\/productos\/equipo-puesta-tierra-cortocircuito\/abrazadera-de-presion-con-efecto-muelle\/\" \/>\n<meta property=\"og:site_name\" content=\"Equipamentos de Manuten\u00e7\u00e3o e Seguran\u00e7a para o Setor El\u00e9trico - Ritz Brasil\" \/>\n<meta property=\"article:modified_time\" content=\"2026-02-25T20:15:13+00:00\" \/>\n<meta property=\"og:image\" content=\"https:\/\/www.ritzbrasil.com\/wp-content\/uploads\/2024\/07\/ATR03653-1-Grampo-Pressao-Efeito-Mola.jpg\" \/>\n\t<meta property=\"og:image:width\" content=\"1200\" \/>\n\t<meta property=\"og:image:height\" content=\"1200\" \/>\n\t<meta property=\"og:image:type\" content=\"image\/jpeg\" \/>\n<meta name=\"twitter:card\" content=\"summary_large_image\" \/>\n<meta name=\"twitter:label1\" content=\"Tiempo de lectura\" \/>\n\t<meta name=\"twitter:data1\" content=\"1 minuto\" \/>\n<script type=\"application\/ld+json\" class=\"yoast-schema-graph\">{\"@context\":\"https:\/\/schema.org\",\"@graph\":[{\"@type\":\"WebPage\",\"@id\":\"https:\/\/www.ritzbrasil.com\/es\/produtos\/productos\/equipo-puesta-tierra-cortocircuito\/abrazadera-de-presion-con-efecto-muelle\/\",\"url\":\"https:\/\/www.ritzbrasil.com\/es\/produtos\/productos\/equipo-puesta-tierra-cortocircuito\/abrazadera-de-presion-con-efecto-muelle\/\",\"name\":\"Abrazadera de presi\u00f3n con efecto muelle - Equipamentos de Manuten\u00e7\u00e3o e Seguran\u00e7a para o Setor El\u00e9trico - Ritz Brasil\",\"isPartOf\":{\"@id\":\"https:\/\/www.ritzbrasil.com\/es\/#website\"},\"primaryImageOfPage\":{\"@id\":\"https:\/\/www.ritzbrasil.com\/es\/produtos\/productos\/equipo-puesta-tierra-cortocircuito\/abrazadera-de-presion-con-efecto-muelle\/#primaryimage\"},\"image\":{\"@id\":\"https:\/\/www.ritzbrasil.com\/es\/produtos\/productos\/equipo-puesta-tierra-cortocircuito\/abrazadera-de-presion-con-efecto-muelle\/#primaryimage\"},\"thumbnailUrl\":\"https:\/\/www.ritzbrasil.com\/wp-content\/uploads\/2024\/07\/ATR03653-1-Grampo-Pressao-Efeito-Mola.jpg\",\"datePublished\":\"2024-07-08T12:00:59+00:00\",\"dateModified\":\"2026-02-25T20:15:13+00:00\",\"description\":\"ATR00395-8 - Conjunto de puesta a tierra temporal para subestaci\u00f3n (AT) - Corriente m\u00e1xima de cortocircuito: 60 ciclos - 25 kA\",\"breadcrumb\":{\"@id\":\"https:\/\/www.ritzbrasil.com\/es\/produtos\/productos\/equipo-puesta-tierra-cortocircuito\/abrazadera-de-presion-con-efecto-muelle\/#breadcrumb\"},\"inLanguage\":\"es\",\"potentialAction\":[{\"@type\":\"ReadAction\",\"target\":[\"https:\/\/www.ritzbrasil.com\/es\/produtos\/productos\/equipo-puesta-tierra-cortocircuito\/abrazadera-de-presion-con-efecto-muelle\/\"]}]},{\"@type\":\"ImageObject\",\"inLanguage\":\"es\",\"@id\":\"https:\/\/www.ritzbrasil.com\/es\/produtos\/productos\/equipo-puesta-tierra-cortocircuito\/abrazadera-de-presion-con-efecto-muelle\/#primaryimage\",\"url\":\"https:\/\/www.ritzbrasil.com\/wp-content\/uploads\/2024\/07\/ATR03653-1-Grampo-Pressao-Efeito-Mola.jpg\",\"contentUrl\":\"https:\/\/www.ritzbrasil.com\/wp-content\/uploads\/2024\/07\/ATR03653-1-Grampo-Pressao-Efeito-Mola.jpg\",\"width\":1200,\"height\":1200,\"caption\":\"ATR03653-1- Abrazadera de presi\u00f3n con efecto muelle\"},{\"@type\":\"BreadcrumbList\",\"@id\":\"https:\/\/www.ritzbrasil.com\/es\/produtos\/productos\/equipo-puesta-tierra-cortocircuito\/abrazadera-de-presion-con-efecto-muelle\/#breadcrumb\",\"itemListElement\":[{\"@type\":\"ListItem\",\"position\":1,\"name\":\"In\u00edcio\",\"item\":\"https:\/\/www.ritzbrasil.com\/es\/\"},{\"@type\":\"ListItem\",\"position\":2,\"name\":\"Tienda\",\"item\":\"https:\/\/www.ritzbrasil.com\/es\/tienda\/\"},{\"@type\":\"ListItem\",\"position\":3,\"name\":\"Abrazadera de presi\u00f3n con efecto muelle\"}]},{\"@type\":\"WebSite\",\"@id\":\"https:\/\/www.ritzbrasil.com\/es\/#website\",\"url\":\"https:\/\/www.ritzbrasil.com\/es\/\",\"name\":\"Equipamentos de Manuten\u00e7\u00e3o e Seguran\u00e7a para o Setor El\u00e9trico - Ritz Brasil\",\"description\":\"\",\"potentialAction\":[{\"@type\":\"SearchAction\",\"target\":{\"@type\":\"EntryPoint\",\"urlTemplate\":\"https:\/\/www.ritzbrasil.com\/es\/?s={search_term_string}\"},\"query-input\":{\"@type\":\"PropertyValueSpecification\",\"valueRequired\":true,\"valueName\":\"search_term_string\"}}],\"inLanguage\":\"es\"}]}<\/script>\n<!-- \/ Yoast SEO plugin. -->","yoast_head_json":{"title":"Abrazadera de presi\u00f3n con efecto muelle - Equipamentos de Manuten\u00e7\u00e3o e Seguran\u00e7a para o Setor El\u00e9trico - Ritz Brasil","description":"ATR00395-8 - Conjunto de puesta a tierra temporal para subestaci\u00f3n (AT) - Corriente m\u00e1xima de cortocircuito: 60 ciclos - 25 kA","robots":{"index":"index","follow":"follow","max-snippet":"max-snippet:-1","max-image-preview":"max-image-preview:large","max-video-preview":"max-video-preview:-1"},"canonical":"https:\/\/www.ritzbrasil.com\/es\/produtos\/productos\/equipo-puesta-tierra-cortocircuito\/abrazadera-de-presion-con-efecto-muelle\/","og_locale":"es_ES","og_type":"article","og_title":"Abrazadera de presi\u00f3n con efecto muelle - Equipamentos de Manuten\u00e7\u00e3o e Seguran\u00e7a para o Setor El\u00e9trico - Ritz Brasil","og_description":"ATR00395-8 - Conjunto de puesta a tierra temporal para subestaci\u00f3n (AT) - Corriente m\u00e1xima de cortocircuito: 60 ciclos - 25 kA","og_url":"https:\/\/www.ritzbrasil.com\/es\/produtos\/productos\/equipo-puesta-tierra-cortocircuito\/abrazadera-de-presion-con-efecto-muelle\/","og_site_name":"Equipamentos de Manuten\u00e7\u00e3o e Seguran\u00e7a para o Setor El\u00e9trico - Ritz Brasil","article_modified_time":"2026-02-25T20:15:13+00:00","og_image":[{"width":1200,"height":1200,"url":"https:\/\/www.ritzbrasil.com\/wp-content\/uploads\/2024\/07\/ATR03653-1-Grampo-Pressao-Efeito-Mola.jpg","type":"image\/jpeg"}],"twitter_card":"summary_large_image","twitter_misc":{"Tiempo de lectura":"1 minuto"},"schema":{"@context":"https:\/\/schema.org","@graph":[{"@type":"WebPage","@id":"https:\/\/www.ritzbrasil.com\/es\/produtos\/productos\/equipo-puesta-tierra-cortocircuito\/abrazadera-de-presion-con-efecto-muelle\/","url":"https:\/\/www.ritzbrasil.com\/es\/produtos\/productos\/equipo-puesta-tierra-cortocircuito\/abrazadera-de-presion-con-efecto-muelle\/","name":"Abrazadera de presi\u00f3n con efecto muelle - Equipamentos de Manuten\u00e7\u00e3o e Seguran\u00e7a para o Setor El\u00e9trico - Ritz Brasil","isPartOf":{"@id":"https:\/\/www.ritzbrasil.com\/es\/#website"},"primaryImageOfPage":{"@id":"https:\/\/www.ritzbrasil.com\/es\/produtos\/productos\/equipo-puesta-tierra-cortocircuito\/abrazadera-de-presion-con-efecto-muelle\/#primaryimage"},"image":{"@id":"https:\/\/www.ritzbrasil.com\/es\/produtos\/productos\/equipo-puesta-tierra-cortocircuito\/abrazadera-de-presion-con-efecto-muelle\/#primaryimage"},"thumbnailUrl":"https:\/\/www.ritzbrasil.com\/wp-content\/uploads\/2024\/07\/ATR03653-1-Grampo-Pressao-Efeito-Mola.jpg","datePublished":"2024-07-08T12:00:59+00:00","dateModified":"2026-02-25T20:15:13+00:00","description":"ATR00395-8 - Conjunto de puesta a tierra temporal para subestaci\u00f3n (AT) - Corriente m\u00e1xima de cortocircuito: 60 ciclos - 25 kA","breadcrumb":{"@id":"https:\/\/www.ritzbrasil.com\/es\/produtos\/productos\/equipo-puesta-tierra-cortocircuito\/abrazadera-de-presion-con-efecto-muelle\/#breadcrumb"},"inLanguage":"es","potentialAction":[{"@type":"ReadAction","target":["https:\/\/www.ritzbrasil.com\/es\/produtos\/productos\/equipo-puesta-tierra-cortocircuito\/abrazadera-de-presion-con-efecto-muelle\/"]}]},{"@type":"ImageObject","inLanguage":"es","@id":"https:\/\/www.ritzbrasil.com\/es\/produtos\/productos\/equipo-puesta-tierra-cortocircuito\/abrazadera-de-presion-con-efecto-muelle\/#primaryimage","url":"https:\/\/www.ritzbrasil.com\/wp-content\/uploads\/2024\/07\/ATR03653-1-Grampo-Pressao-Efeito-Mola.jpg","contentUrl":"https:\/\/www.ritzbrasil.com\/wp-content\/uploads\/2024\/07\/ATR03653-1-Grampo-Pressao-Efeito-Mola.jpg","width":1200,"height":1200,"caption":"ATR03653-1- Abrazadera de presi\u00f3n con efecto muelle"},{"@type":"BreadcrumbList","@id":"https:\/\/www.ritzbrasil.com\/es\/produtos\/productos\/equipo-puesta-tierra-cortocircuito\/abrazadera-de-presion-con-efecto-muelle\/#breadcrumb","itemListElement":[{"@type":"ListItem","position":1,"name":"In\u00edcio","item":"https:\/\/www.ritzbrasil.com\/es\/"},{"@type":"ListItem","position":2,"name":"Tienda","item":"https:\/\/www.ritzbrasil.com\/es\/tienda\/"},{"@type":"ListItem","position":3,"name":"Abrazadera de presi\u00f3n con efecto muelle"}]},{"@type":"WebSite","@id":"https:\/\/www.ritzbrasil.com\/es\/#website","url":"https:\/\/www.ritzbrasil.com\/es\/","name":"Equipamentos de Manuten\u00e7\u00e3o e Seguran\u00e7a para o Setor El\u00e9trico - Ritz Brasil","description":"","potentialAction":[{"@type":"SearchAction","target":{"@type":"EntryPoint","urlTemplate":"https:\/\/www.ritzbrasil.com\/es\/?s={search_term_string}"},"query-input":{"@type":"PropertyValueSpecification","valueRequired":true,"valueName":"search_term_string"}}],"inLanguage":"es"}]}},"_links":{"self":[{"href":"https:\/\/www.ritzbrasil.com\/es\/wp-json\/wp\/v2\/product\/61423","targetHints":{"allow":["GET"]}}],"collection":[{"href":"https:\/\/www.ritzbrasil.com\/es\/wp-json\/wp\/v2\/product"}],"about":[{"href":"https:\/\/www.ritzbrasil.com\/es\/wp-json\/wp\/v2\/types\/product"}],"wp:featuredmedia":[{"embeddable":true,"href":"https:\/\/www.ritzbrasil.com\/es\/wp-json\/wp\/v2\/media\/56873"}],"wp:attachment":[{"href":"https:\/\/www.ritzbrasil.com\/es\/wp-json\/wp\/v2\/media?parent=61423"}],"wp:term":[{"taxonomy":"product_brand","embeddable":true,"href":"https:\/\/www.ritzbrasil.com\/es\/wp-json\/wp\/v2\/product_brand?post=61423"},{"taxonomy":"product_cat","embeddable":true,"href":"https:\/\/www.ritzbrasil.com\/es\/wp-json\/wp\/v2\/product_cat?post=61423"},{"taxonomy":"product_tag","embeddable":true,"href":"https:\/\/www.ritzbrasil.com\/es\/wp-json\/wp\/v2\/product_tag?post=61423"}],"curies":[{"name":"wp","href":"https:\/\/api.w.org\/{rel}","templated":true}]}}