{"id":61411,"date":"2024-07-08T08:20:05","date_gmt":"2024-07-08T11:20:05","guid":{"rendered":"https:\/\/www.ritzbrasil.com\/produtos\/sin%20categor\u00eda\/sistema-de-elevacion-e-instalacion-de-puesta-a-tierra-de-subestaciones\/"},"modified":"2026-02-25T17:15:33","modified_gmt":"2026-02-25T20:15:33","slug":"sistema-de-elevacion-e-instalacion-de-puesta-a-tierra-de-subestaciones","status":"publish","type":"product","link":"https:\/\/www.ritzbrasil.com\/es\/produtos\/toma-de-tierra-temporal\/sistema-de-elevacion-e-instalacion-de-puesta-a-tierra-de-subestaciones\/","title":{"rendered":"Sistema de Elevaci\u00f3n e Instalaci\u00f3n de Puesta a Tierra de Subestaciones"},"content":{"rendered":"<div class=\"wpb-content-wrapper\"><p>[vc_row][vc_column][vc_column_text css=\u00bb.vc_custom_1723032656867{margin-top: 20px !important;}\u00bb]<\/p>\n<h4><span style=\"color: #ff9900;\"><strong>ATR23989-1 &#8211; Sistema de elevaci\u00f3n e instalaci\u00f3n de puesta a tierra de subestaciones<\/strong><\/span><\/h4>\n<p>[\/vc_column_text][vc_column_text css=\u00bb.vc_custom_1723034762957{margin-top: -20px !important;}\u00bb]\n<div id=\"tablepress-Sistema-Elevacao-Instalacao-Aterramentos-Subestacoes-scroll-wrapper\" class=\"tablepress-scroll-wrapper\">\n<table id=\"tablepress-Sistema-Elevacao-Instalacao-Aterramentos-Subestacoes\" class=\"tablepress tablepress-id-Sistema-Elevacao-Instalacao-Aterramentos-Subestacoes tablepress-responsive\">\n<thead>\n<tr class=\"row-1\">\n\t<td class=\"column-1\"><\/td><th class=\"column-2\">  Refer\u00eancias<\/th><th class=\"column-3\">Caracter\u00edstica<\/th><td class=\"column-4\"><\/td><td class=\"column-5\"><\/td>\n<\/tr>\n<\/thead>\n<tbody class=\"row-striping row-hover\">\n<tr class=\"row-2\">\n\t<td class=\"column-1\"><img decoding=\"async\" src=\"https:\/\/www.ritzbrasil.com\/wp-content\/uploads\/2024\/08\/sistema-elevacao-instalacao-aterramentos-subestacoes-150x150-1.jpg\" \/><\/td><td class=\"column-2\">ATR23989-1<\/td><td class=\"column-3\">Conjunto composto por: 01 p\u00e7 Elemento com gancho de sustenta\u00e7\u00e3o e carretilha (ATR01875-1); 01 p\u00e7 Elemento ponta com cabe\u00e7ote universal e colarinho articul\u00e1vel (VMR\/S-SP); 20 m Corda de polipropileno de \u00d8 3\/8\u201d (RM1895-2)<\/td><td class=\"column-4\">    <button class=\"add-to-budget\" data-table-id=\"Sistema-Elevacao-Instalacao-Aterramentos-Subestacoes\" data-reference=\"ATR23989-1\" data-description=\"Sistema de Eleva\u00e7\u00e3o e Instala\u00e7\u00e3o para Aterramentos em Subesta\u00e7\u00f5es\" style=\"color:#ff4d00;\">\n        <img decoding=\"async\" src=\"https:\/\/www.ritzbrasil.com\/\/wp-content\/uploads\/2024\/07\/orcar-compras-tabela-new-1.png\" alt=\"Solicitar cotizaci\u00f3n\" title=\"Solicitar cotizaci\u00f3n\" \/>\n    <\/button>\n    <\/td><td class=\"column-5\"><a href=\"https:\/\/lojasritz.com.br\/catalogsearch\/result\/?q=ATR23989-1\" target=\"_blank\" rel=\"noopener\"><img decoding=\"async\" src=\"https:\/\/www.ritzbrasil.com\/wp-content\/uploads\/2024\/07\/carrinho-compras-tabela.png\"  \/><\/a><\/td>\n<\/tr>\n<\/tbody>\n<\/table>\n<\/div>\n[\/vc_column_text][vc_separator border_width=\u00bb2&#8243; css=\u00bb\u00bb][\/vc_column][\/vc_row]<\/p>\n<\/div>","protected":false},"excerpt":{"rendered":"<p>Este conjunto de herramientas permite elevar e instalar conjuntos de puesta a tierra provisionales en las barras colectoras de las subestaciones de muy alta tensi\u00f3n<br \/>\n, directamente desde el suelo, a una altura de hasta 8 metros.<\/p>\n<p>Las secciones de punta (ATR01875-1 y VMR\/S-SP) deben acoplarse a barras de maniobra independientes, con longitudes compatibles con la altura de la barra colectora de la subestaci\u00f3n.<\/p>\n<p>La secci\u00f3n ATR01875-1 debe instalarse en la barra colectora utilizando el gancho de soporte. La secci\u00f3n VMR\/S-SP izar\u00e1 la pinza y el cable de puesta a tierra.<\/p>\n","protected":false},"featured_media":57137,"template":"","meta":[],"product_brand":[],"product_cat":[1661],"product_tag":[4066,2707,4044,4068,4069,4067],"class_list":{"0":"post-61411","1":"product","2":"type-product","3":"status-publish","4":"has-post-thumbnail","6":"product_cat-toma-de-tierra-temporal","7":"product_tag-atr01875-1","8":"product_tag-rm1895-2-es","9":"product_tag-toma-de-tierra-temporal","10":"product_tag-vmr-i","11":"product_tag-vmr-p","12":"product_tag-vmr-s-sp","13":"description-off","15":"first","16":"instock","17":"virtual","18":"product-type-simple"},"yoast_head":"<!-- This site is optimized with the Yoast SEO plugin v27.1.1 - https:\/\/yoast.com\/product\/yoast-seo-wordpress\/ -->\n<title>Sistema de elevaci\u00f3n e instalaci\u00f3n. Puesta a tierra de la subestaci\u00f3n<\/title>\n<meta name=\"description\" content=\"Permite levantar e instalar conjuntos de puesta a tierra temporales en las barras colectoras de subestaciones de muy alta tensi\u00f3n, directamente desde el suelo.\" \/>\n<meta name=\"robots\" content=\"index, follow, max-snippet:-1, max-image-preview:large, max-video-preview:-1\" \/>\n<link rel=\"canonical\" href=\"https:\/\/www.ritzbrasil.com\/es\/produtos\/toma-de-tierra-temporal\/sistema-de-elevacion-e-instalacion-de-puesta-a-tierra-de-subestaciones\/\" \/>\n<meta property=\"og:locale\" content=\"es_ES\" \/>\n<meta property=\"og:type\" content=\"article\" \/>\n<meta property=\"og:title\" content=\"Sistema de elevaci\u00f3n e instalaci\u00f3n. Puesta a tierra de la subestaci\u00f3n\" \/>\n<meta property=\"og:description\" content=\"Permite levantar e instalar conjuntos de puesta a tierra temporales en las barras colectoras de subestaciones de muy alta tensi\u00f3n, directamente desde el suelo.\" \/>\n<meta property=\"og:url\" content=\"https:\/\/www.ritzbrasil.com\/es\/produtos\/toma-de-tierra-temporal\/sistema-de-elevacion-e-instalacion-de-puesta-a-tierra-de-subestaciones\/\" \/>\n<meta property=\"og:site_name\" content=\"Equipamentos de Manuten\u00e7\u00e3o e Seguran\u00e7a para o Setor El\u00e9trico - Ritz Brasil\" \/>\n<meta property=\"article:modified_time\" content=\"2026-02-25T20:15:33+00:00\" \/>\n<meta property=\"og:image\" content=\"https:\/\/www.ritzbrasil.com\/wp-content\/uploads\/2024\/08\/sistema-elevacao-instalacao-aterramentos-subestacoes.jpg\" \/>\n\t<meta property=\"og:image:width\" content=\"1200\" \/>\n\t<meta property=\"og:image:height\" content=\"1200\" \/>\n\t<meta property=\"og:image:type\" content=\"image\/jpeg\" \/>\n<meta name=\"twitter:card\" content=\"summary_large_image\" \/>\n<meta name=\"twitter:label1\" content=\"Tiempo de lectura\" \/>\n\t<meta name=\"twitter:data1\" content=\"1 minuto\" \/>\n<script type=\"application\/ld+json\" class=\"yoast-schema-graph\">{\"@context\":\"https:\/\/schema.org\",\"@graph\":[{\"@type\":\"WebPage\",\"@id\":\"https:\/\/www.ritzbrasil.com\/es\/produtos\/toma-de-tierra-temporal\/sistema-de-elevacion-e-instalacion-de-puesta-a-tierra-de-subestaciones\/\",\"url\":\"https:\/\/www.ritzbrasil.com\/es\/produtos\/toma-de-tierra-temporal\/sistema-de-elevacion-e-instalacion-de-puesta-a-tierra-de-subestaciones\/\",\"name\":\"Sistema de elevaci\u00f3n e instalaci\u00f3n. Puesta a tierra de la subestaci\u00f3n\",\"isPartOf\":{\"@id\":\"https:\/\/www.ritzbrasil.com\/es\/#website\"},\"primaryImageOfPage\":{\"@id\":\"https:\/\/www.ritzbrasil.com\/es\/produtos\/toma-de-tierra-temporal\/sistema-de-elevacion-e-instalacion-de-puesta-a-tierra-de-subestaciones\/#primaryimage\"},\"image\":{\"@id\":\"https:\/\/www.ritzbrasil.com\/es\/produtos\/toma-de-tierra-temporal\/sistema-de-elevacion-e-instalacion-de-puesta-a-tierra-de-subestaciones\/#primaryimage\"},\"thumbnailUrl\":\"https:\/\/www.ritzbrasil.com\/wp-content\/uploads\/2024\/08\/sistema-elevacao-instalacao-aterramentos-subestacoes.jpg\",\"datePublished\":\"2024-07-08T11:20:05+00:00\",\"dateModified\":\"2026-02-25T20:15:33+00:00\",\"description\":\"Permite levantar e instalar conjuntos de puesta a tierra temporales en las barras colectoras de subestaciones de muy alta tensi\u00f3n, directamente desde el suelo.\",\"breadcrumb\":{\"@id\":\"https:\/\/www.ritzbrasil.com\/es\/produtos\/toma-de-tierra-temporal\/sistema-de-elevacion-e-instalacion-de-puesta-a-tierra-de-subestaciones\/#breadcrumb\"},\"inLanguage\":\"es\",\"potentialAction\":[{\"@type\":\"ReadAction\",\"target\":[\"https:\/\/www.ritzbrasil.com\/es\/produtos\/toma-de-tierra-temporal\/sistema-de-elevacion-e-instalacion-de-puesta-a-tierra-de-subestaciones\/\"]}]},{\"@type\":\"ImageObject\",\"inLanguage\":\"es\",\"@id\":\"https:\/\/www.ritzbrasil.com\/es\/produtos\/toma-de-tierra-temporal\/sistema-de-elevacion-e-instalacion-de-puesta-a-tierra-de-subestaciones\/#primaryimage\",\"url\":\"https:\/\/www.ritzbrasil.com\/wp-content\/uploads\/2024\/08\/sistema-elevacao-instalacao-aterramentos-subestacoes.jpg\",\"contentUrl\":\"https:\/\/www.ritzbrasil.com\/wp-content\/uploads\/2024\/08\/sistema-elevacao-instalacao-aterramentos-subestacoes.jpg\",\"width\":1200,\"height\":1200,\"caption\":\"ATR23989-1 - Sistema de elevaci\u00f3n e instalaci\u00f3n de puesta a tierra de subestaciones\"},{\"@type\":\"BreadcrumbList\",\"@id\":\"https:\/\/www.ritzbrasil.com\/es\/produtos\/toma-de-tierra-temporal\/sistema-de-elevacion-e-instalacion-de-puesta-a-tierra-de-subestaciones\/#breadcrumb\",\"itemListElement\":[{\"@type\":\"ListItem\",\"position\":1,\"name\":\"In\u00edcio\",\"item\":\"https:\/\/www.ritzbrasil.com\/es\/\"},{\"@type\":\"ListItem\",\"position\":2,\"name\":\"Tienda\",\"item\":\"https:\/\/www.ritzbrasil.com\/es\/tienda\/\"},{\"@type\":\"ListItem\",\"position\":3,\"name\":\"Sistema de Elevaci\u00f3n e Instalaci\u00f3n de Puesta a Tierra de Subestaciones\"}]},{\"@type\":\"WebSite\",\"@id\":\"https:\/\/www.ritzbrasil.com\/es\/#website\",\"url\":\"https:\/\/www.ritzbrasil.com\/es\/\",\"name\":\"Equipamentos de Manuten\u00e7\u00e3o e Seguran\u00e7a para o Setor El\u00e9trico - Ritz Brasil\",\"description\":\"\",\"potentialAction\":[{\"@type\":\"SearchAction\",\"target\":{\"@type\":\"EntryPoint\",\"urlTemplate\":\"https:\/\/www.ritzbrasil.com\/es\/?s={search_term_string}\"},\"query-input\":{\"@type\":\"PropertyValueSpecification\",\"valueRequired\":true,\"valueName\":\"search_term_string\"}}],\"inLanguage\":\"es\"}]}<\/script>\n<!-- \/ Yoast SEO plugin. -->","yoast_head_json":{"title":"Sistema de elevaci\u00f3n e instalaci\u00f3n. Puesta a tierra de la subestaci\u00f3n","description":"Permite levantar e instalar conjuntos de puesta a tierra temporales en las barras colectoras de subestaciones de muy alta tensi\u00f3n, directamente desde el suelo.","robots":{"index":"index","follow":"follow","max-snippet":"max-snippet:-1","max-image-preview":"max-image-preview:large","max-video-preview":"max-video-preview:-1"},"canonical":"https:\/\/www.ritzbrasil.com\/es\/produtos\/toma-de-tierra-temporal\/sistema-de-elevacion-e-instalacion-de-puesta-a-tierra-de-subestaciones\/","og_locale":"es_ES","og_type":"article","og_title":"Sistema de elevaci\u00f3n e instalaci\u00f3n. Puesta a tierra de la subestaci\u00f3n","og_description":"Permite levantar e instalar conjuntos de puesta a tierra temporales en las barras colectoras de subestaciones de muy alta tensi\u00f3n, directamente desde el suelo.","og_url":"https:\/\/www.ritzbrasil.com\/es\/produtos\/toma-de-tierra-temporal\/sistema-de-elevacion-e-instalacion-de-puesta-a-tierra-de-subestaciones\/","og_site_name":"Equipamentos de Manuten\u00e7\u00e3o e Seguran\u00e7a para o Setor El\u00e9trico - Ritz Brasil","article_modified_time":"2026-02-25T20:15:33+00:00","og_image":[{"width":1200,"height":1200,"url":"https:\/\/www.ritzbrasil.com\/wp-content\/uploads\/2024\/08\/sistema-elevacao-instalacao-aterramentos-subestacoes.jpg","type":"image\/jpeg"}],"twitter_card":"summary_large_image","twitter_misc":{"Tiempo de lectura":"1 minuto"},"schema":{"@context":"https:\/\/schema.org","@graph":[{"@type":"WebPage","@id":"https:\/\/www.ritzbrasil.com\/es\/produtos\/toma-de-tierra-temporal\/sistema-de-elevacion-e-instalacion-de-puesta-a-tierra-de-subestaciones\/","url":"https:\/\/www.ritzbrasil.com\/es\/produtos\/toma-de-tierra-temporal\/sistema-de-elevacion-e-instalacion-de-puesta-a-tierra-de-subestaciones\/","name":"Sistema de elevaci\u00f3n e instalaci\u00f3n. Puesta a tierra de la subestaci\u00f3n","isPartOf":{"@id":"https:\/\/www.ritzbrasil.com\/es\/#website"},"primaryImageOfPage":{"@id":"https:\/\/www.ritzbrasil.com\/es\/produtos\/toma-de-tierra-temporal\/sistema-de-elevacion-e-instalacion-de-puesta-a-tierra-de-subestaciones\/#primaryimage"},"image":{"@id":"https:\/\/www.ritzbrasil.com\/es\/produtos\/toma-de-tierra-temporal\/sistema-de-elevacion-e-instalacion-de-puesta-a-tierra-de-subestaciones\/#primaryimage"},"thumbnailUrl":"https:\/\/www.ritzbrasil.com\/wp-content\/uploads\/2024\/08\/sistema-elevacao-instalacao-aterramentos-subestacoes.jpg","datePublished":"2024-07-08T11:20:05+00:00","dateModified":"2026-02-25T20:15:33+00:00","description":"Permite levantar e instalar conjuntos de puesta a tierra temporales en las barras colectoras de subestaciones de muy alta tensi\u00f3n, directamente desde el suelo.","breadcrumb":{"@id":"https:\/\/www.ritzbrasil.com\/es\/produtos\/toma-de-tierra-temporal\/sistema-de-elevacion-e-instalacion-de-puesta-a-tierra-de-subestaciones\/#breadcrumb"},"inLanguage":"es","potentialAction":[{"@type":"ReadAction","target":["https:\/\/www.ritzbrasil.com\/es\/produtos\/toma-de-tierra-temporal\/sistema-de-elevacion-e-instalacion-de-puesta-a-tierra-de-subestaciones\/"]}]},{"@type":"ImageObject","inLanguage":"es","@id":"https:\/\/www.ritzbrasil.com\/es\/produtos\/toma-de-tierra-temporal\/sistema-de-elevacion-e-instalacion-de-puesta-a-tierra-de-subestaciones\/#primaryimage","url":"https:\/\/www.ritzbrasil.com\/wp-content\/uploads\/2024\/08\/sistema-elevacao-instalacao-aterramentos-subestacoes.jpg","contentUrl":"https:\/\/www.ritzbrasil.com\/wp-content\/uploads\/2024\/08\/sistema-elevacao-instalacao-aterramentos-subestacoes.jpg","width":1200,"height":1200,"caption":"ATR23989-1 - Sistema de elevaci\u00f3n e instalaci\u00f3n de puesta a tierra de subestaciones"},{"@type":"BreadcrumbList","@id":"https:\/\/www.ritzbrasil.com\/es\/produtos\/toma-de-tierra-temporal\/sistema-de-elevacion-e-instalacion-de-puesta-a-tierra-de-subestaciones\/#breadcrumb","itemListElement":[{"@type":"ListItem","position":1,"name":"In\u00edcio","item":"https:\/\/www.ritzbrasil.com\/es\/"},{"@type":"ListItem","position":2,"name":"Tienda","item":"https:\/\/www.ritzbrasil.com\/es\/tienda\/"},{"@type":"ListItem","position":3,"name":"Sistema de Elevaci\u00f3n e Instalaci\u00f3n de Puesta a Tierra de Subestaciones"}]},{"@type":"WebSite","@id":"https:\/\/www.ritzbrasil.com\/es\/#website","url":"https:\/\/www.ritzbrasil.com\/es\/","name":"Equipamentos de Manuten\u00e7\u00e3o e Seguran\u00e7a para o Setor El\u00e9trico - Ritz Brasil","description":"","potentialAction":[{"@type":"SearchAction","target":{"@type":"EntryPoint","urlTemplate":"https:\/\/www.ritzbrasil.com\/es\/?s={search_term_string}"},"query-input":{"@type":"PropertyValueSpecification","valueRequired":true,"valueName":"search_term_string"}}],"inLanguage":"es"}]}},"_links":{"self":[{"href":"https:\/\/www.ritzbrasil.com\/es\/wp-json\/wp\/v2\/product\/61411","targetHints":{"allow":["GET"]}}],"collection":[{"href":"https:\/\/www.ritzbrasil.com\/es\/wp-json\/wp\/v2\/product"}],"about":[{"href":"https:\/\/www.ritzbrasil.com\/es\/wp-json\/wp\/v2\/types\/product"}],"wp:featuredmedia":[{"embeddable":true,"href":"https:\/\/www.ritzbrasil.com\/es\/wp-json\/wp\/v2\/media\/57137"}],"wp:attachment":[{"href":"https:\/\/www.ritzbrasil.com\/es\/wp-json\/wp\/v2\/media?parent=61411"}],"wp:term":[{"taxonomy":"product_brand","embeddable":true,"href":"https:\/\/www.ritzbrasil.com\/es\/wp-json\/wp\/v2\/product_brand?post=61411"},{"taxonomy":"product_cat","embeddable":true,"href":"https:\/\/www.ritzbrasil.com\/es\/wp-json\/wp\/v2\/product_cat?post=61411"},{"taxonomy":"product_tag","embeddable":true,"href":"https:\/\/www.ritzbrasil.com\/es\/wp-json\/wp\/v2\/product_tag?post=61411"}],"curies":[{"name":"wp","href":"https:\/\/api.w.org\/{rel}","templated":true}]}}