{"id":61409,"date":"2024-07-08T08:10:40","date_gmt":"2024-07-08T11:10:40","guid":{"rendered":"https:\/\/www.ritzbrasil.com\/produtos\/sin%20categor\u00eda\/puesta-a-tierra-temporal-para-alta-tension-at\/"},"modified":"2026-02-25T17:15:38","modified_gmt":"2026-02-25T20:15:38","slug":"puesta-a-tierra-temporal-para-alta-tension-at","status":"publish","type":"product","link":"https:\/\/www.ritzbrasil.com\/es\/produtos\/toma-de-tierra-temporal\/puesta-a-tierra-temporal-para-alta-tension-at\/","title":{"rendered":"Puesta a Tierra Temporal para Alta Tensi\u00f3n (AT)"},"content":{"rendered":"<div class=\"wpb-content-wrapper\"><p>[vc_row][vc_column][vc_column_text css=\u00bb.vc_custom_1721239850966{margin-top: 20px !important;}\u00bb]<\/p>\n<h4><span style=\"color: #ff9900;\"><strong>ATR17441-1 Juego de Puesta a Tierra Temporal para L\u00edneas de Transmisi\u00f3n (AT) &#8211; (Estructura de madera, hormig\u00f3n y metal)<\/strong><\/span><\/h4>\n<p>[\/vc_column_text][vc_column_text css=\u00bb.vc_custom_1721239897798{margin-top: -20px !important;}\u00bb]\n<div id=\"tablepress-ATR17441-1-scroll-wrapper\" class=\"tablepress-scroll-wrapper\">\n<table id=\"tablepress-ATR17441-1\" class=\"tablepress tablepress-id-ATR17441-1 tablepress-responsive\">\n<thead>\n<tr class=\"row-1\">\n\t<td class=\"column-1\"><\/td><th class=\"column-2\">  Refer\u00eancias<\/th><th class=\"column-3\">Caracter\u00edstica<\/th><td class=\"column-4\"><\/td><td class=\"column-5\"><\/td>\n<\/tr>\n<\/thead>\n<tbody class=\"row-striping row-hover\">\n<tr class=\"row-2\">\n\t<td class=\"column-1\"><img decoding=\"async\" src=\"https:\/\/www.ritzbrasil.com\/wp-content\/uploads\/2024\/07\/atr17441-1-conjunto-aterramento-temporario-linhas-transmissao-at-150x150-1.jpg\" \/><\/td><td class=\"column-2\">ATR17441-1<\/td><td class=\"column-3\">Corrente m\u00e1xima de curto-circuito: 60 ciclos - 25 kA<\/td><td class=\"column-4\">    <button class=\"add-to-budget\" data-table-id=\"ATR17441-1\" data-reference=\"ATR17441-1\" data-description=\"Conjunto de Aterramento Tempor\u00e1rio para Linhas de Transmiss\u00e3o (AT) \u2013 (Estrutura madeira, concreto e met\u00e1lica)\" style=\"color:#ff4d00;\">\n        <img decoding=\"async\" src=\"https:\/\/www.ritzbrasil.com\/\/wp-content\/uploads\/2024\/07\/orcar-compras-tabela-new-1.png\" alt=\"Solicitar cotizaci\u00f3n\" title=\"Solicitar cotizaci\u00f3n\" \/>\n    <\/button>\n    <\/td><td class=\"column-5\"><a href=\"https:\/\/lojasritz.com.br\/catalogsearch\/result\/?q=ATR17441-1\" target=\"_blank\" rel=\"noopener\"><img decoding=\"async\" src=\"https:\/\/www.ritzbrasil.com\/wp-content\/uploads\/2024\/07\/carrinho-compras-tabela.png\"  \/><\/a><\/td>\n<\/tr>\n<\/tbody>\n<\/table>\n<\/div>\n[\/vc_column_text][vc_column_text css=\u00bb\u00bb]Juego compuesto por: 12 pinzas de masa de torsi\u00f3n, con c\u00e1ncamo y mordaza moleteada (RC600-0965); 04 soportes de apoyo para pinzas (RG3626); 01 trapecio tipo silla de montar, con volante, para formar un punto de masa intermedio (ATR03318-1); 27 m de cable de cobre extra flexible, de 95 mm\u00b2 de secci\u00f3n nominal, con aislamiento de PVC transparente, 3 tramos de 4 m, 2 tramos de 3 m y 1 tramo de 9 m (CTC-95); 12 uds. Terminal liso de aluminio para cable de 95 mm\u00b2 (RC600-2629); 12 uds. Termopar retr\u00e1ctil (ATR17923-3); 01 ud. Cabeza de maniobra para pinza de puesta a tierra (VMR07205-1); 01 ud. barrena de puesta a tierra \u00d8 17 mm x 1,5 m, con punta roscada de bronce (ATR00137-1); 01 ud. bolsa para embalar y transportar la barrena (ATR16819-2); 02 ud. bolsa para embalar y transportar el juego de puesta a tierra (ATR09962-1).[\/vc_column_text][vc_separator border_width=\u00bb2&#8243; css=\u00bb\u00bb][\/vc_column][\/vc_row][vc_row][vc_column][vc_column_text css=\u00bb.vc_custom_1721240083630{margin-top: 20px !important;}\u00bb]<\/p>\n<h4><span style=\"color: #ff9900;\"><strong>ATR17442-1 Juego de Puesta a Tierra Temporal para L\u00edneas de Transmisi\u00f3n (AT) &#8211; (Estructura de madera, hormig\u00f3n y metal)<\/strong><\/span><\/h4>\n<p>[\/vc_column_text][vc_column_text css=\u00bb.vc_custom_1721253543701{margin-top: -20px !important;}\u00bb]\n<div id=\"tablepress-ATR17442-1-scroll-wrapper\" class=\"tablepress-scroll-wrapper\">\n<table id=\"tablepress-ATR17442-1\" class=\"tablepress tablepress-id-ATR17442-1 tablepress-responsive\">\n<thead>\n<tr class=\"row-1\">\n\t<td class=\"column-1\"><\/td><th class=\"column-2\">  Refer\u00eancias<\/th><th class=\"column-3\">Caracter\u00edstica<\/th><td class=\"column-4\"><\/td><td class=\"column-5\"><\/td>\n<\/tr>\n<\/thead>\n<tbody class=\"row-striping row-hover\">\n<tr class=\"row-2\">\n\t<td class=\"column-1\"><img decoding=\"async\" src=\"https:\/\/www.ritzbrasil.com\/wp-content\/uploads\/2024\/07\/atr17442-1-conjunto-aterramento-temporario-linhas-de-transmissao-at-estrutura-madeira-concreto-metalica-150x150-1.jpg\" \/><\/td><td class=\"column-2\">ATR17442-1<\/td><td class=\"column-3\">Corrente m\u00e1xima de curto-circuito: 60 ciclos - 25 kA<br \/>\n<br \/>\n<\/td><td class=\"column-4\">    <button class=\"add-to-budget\" data-table-id=\"ATR17442-1\" data-reference=\"ATR17442-1\" data-description=\"Conjunto de Aterramento Tempor\u00e1rio para Linhas de Transmiss\u00e3o (AT) \u2013 (Estrutura madeira, concreto e met\u00e1lica)\" style=\"color:#ff4d00;\">\n        <img decoding=\"async\" src=\"https:\/\/www.ritzbrasil.com\/\/wp-content\/uploads\/2024\/07\/orcar-compras-tabela-new-1.png\" alt=\"Solicitar cotizaci\u00f3n\" title=\"Solicitar cotizaci\u00f3n\" \/>\n    <\/button>\n    <\/td><td class=\"column-5\"><a href=\"https:\/\/lojasritz.com.br\/catalogsearch\/result\/?q=ATR17442-1\" target=\"_blank\" rel=\"noopener\"><img decoding=\"async\" src=\"https:\/\/www.ritzbrasil.com\/wp-content\/uploads\/2024\/07\/carrinho-compras-tabela.png\"  \/><\/a><\/td>\n<\/tr>\n<\/tbody>\n<\/table>\n<\/div>\n[\/vc_column_text][vc_column_text css=\u00bb\u00bb]Juego compuesto por: 03 piezas Pinza de puesta a tierra multi\u00e1ngulo con tornillo de ojo (RC600-1732); 03 piezas Pinza de puesta a tierra con tornillo en \u00abT\u00bb para conexi\u00f3n al punto de tierra (RC600-0085); 24 m de cable de cobre extra flexible, secci\u00f3n nominal de 95 mm\u00b2, con aislamiento de PVC transparente, con 3 tramos de 8 m (CTC-95); 03 piezas Terminal de aluminio atornillable para cable de 95 mm\u00b2 (RC600-2621); 03 piezas Terminal de aluminio liso para cable de 95 mm\u00b2 (RC600-2629); 06 piezas Termo retr\u00e1ctil (ATR17923-3); 03 piezas Bolsa para embalar y transportar el juego de toma de tierra (ATR14484-2).[\/vc_column_text][vc_separator border_width=\u00bb2&#8243; css=\u00bb\u00bb][\/vc_column][\/vc_row][vc_row][vc_column][vc_column_text css=\u00bb.vc_custom_1721252602124{margin-top: 20px !important;}\u00bb]<\/p>\n<h4><span style=\"color: #ff9900;\"><strong>ATR17454-1 Juego de Puesta a Tierra Temporal para Subestaci\u00f3n (AT)<\/strong><\/span><\/h4>\n<p>[\/vc_column_text][vc_column_text css=\u00bb.vc_custom_1721252650336{margin-top: -20px !important;}\u00bb]\n<div id=\"tablepress-ATR17454-1-scroll-wrapper\" class=\"tablepress-scroll-wrapper\">\n<table id=\"tablepress-ATR17454-1\" class=\"tablepress tablepress-id-ATR17454-1 tablepress-responsive\">\n<thead>\n<tr class=\"row-1\">\n\t<td class=\"column-1\"><\/td><th class=\"column-2\">  Refer\u00eancias<\/th><th class=\"column-3\">Caracter\u00edstica<\/th><td class=\"column-4\"><\/td><td class=\"column-5\"><\/td>\n<\/tr>\n<\/thead>\n<tbody class=\"row-striping row-hover\">\n<tr class=\"row-2\">\n\t<td class=\"column-1\"><img decoding=\"async\" src=\"https:\/\/www.ritzbrasil.com\/wp-content\/uploads\/2024\/07\/atr17454-1-conjunto-aterramento-temporario-subestacao-at-150x150-1.jpg\" \/><\/td><td class=\"column-2\">ATR17454-1<\/td><td class=\"column-3\">Corrente m\u00e1xima de curto-circuito: 60 ciclos - 25 kA<br \/>\n<br \/>\n<\/td><td class=\"column-4\">    <button class=\"add-to-budget\" data-table-id=\"ATR17454-1\" data-reference=\"ATR17454-1\" data-description=\"Conjunto de Aterramento Tempor\u00e1rio para Subesta\u00e7\u00e3o (AT)\" style=\"color:#ff4d00;\">\n        <img decoding=\"async\" src=\"https:\/\/www.ritzbrasil.com\/\/wp-content\/uploads\/2024\/07\/orcar-compras-tabela-new-1.png\" alt=\"Solicitar cotizaci\u00f3n\" title=\"Solicitar cotizaci\u00f3n\" \/>\n    <\/button>\n    <\/td><td class=\"column-5\"><a href=\"https:\/\/lojasritz.com.br\/catalogsearch\/result\/?q=ATR17454-1\" target=\"_blank\" rel=\"noopener\"><img decoding=\"async\" src=\"https:\/\/www.ritzbrasil.com\/wp-content\/uploads\/2024\/07\/carrinho-compras-tabela.png\"  \/><\/a><\/td>\n<\/tr>\n<\/tbody>\n<\/table>\n<\/div>\n[\/vc_column_text][vc_column_text css=\u00bb\u00bb]Juego compuesto por: 03 piezas Pinza de puesta a tierra multi\u00e1ngulo con c\u00e1ncamo para barra colectora (RC600-1732); 03 piezas Pinza de puesta a tierra con tornillo en \u00abT\u00bb para conexi\u00f3n a punto de tierra (cable o escuadra) (RC600-2231); 30 m de cable de cobre extra flexible, secci\u00f3n nominal de 95 mm\u00b2, con aislamiento de PVC transparente, 3 tramos de 10 m (CTC-95); 06 piezas Terminal de aluminio atornillable para cable de 95 mm\u00b2 (RC600-2621); 06 piezas Termo retr\u00e1ctil (ATR17923-3); 01 pieza Cabeza de accionamiento de la pinza (VMR02579-1); 01 pieza Cabeza de accionamiento del interruptor (VMR00884-1); 03 piezas Bolsa para embalar y transportar el juego de puesta a tierra (ATR14484-1).[\/vc_column_text][vc_separator border_width=\u00bb2&#8243; css=\u00bb\u00bb][\/vc_column][\/vc_row][vc_row][vc_column][vc_column_text css=\u00bb.vc_custom_1721252764922{margin-top: 20px !important;}\u00bb]<\/p>\n<h4><span style=\"color: #ff9900;\"><strong>ATR17454-2 Juego de puesta a tierra temporal para subestaci\u00f3n (AT)<\/strong><\/span><\/h4>\n<p>[\/vc_column_text][vc_column_text css=\u00bb.vc_custom_1721252785956{margin-top: -20px !important;}\u00bb]\n<div id=\"tablepress-ATR17454-2-scroll-wrapper\" class=\"tablepress-scroll-wrapper\">\n<table id=\"tablepress-ATR17454-2\" class=\"tablepress tablepress-id-ATR17454-2 tablepress-responsive\">\n<thead>\n<tr class=\"row-1\">\n\t<td class=\"column-1\"><\/td><th class=\"column-2\">  Refer\u00eancias<\/th><th class=\"column-3\">Caracter\u00edstica<\/th><td class=\"column-4\"><\/td><td class=\"column-5\"><\/td>\n<\/tr>\n<\/thead>\n<tbody class=\"row-striping row-hover\">\n<tr class=\"row-2\">\n\t<td class=\"column-1\"><img decoding=\"async\" src=\"https:\/\/www.ritzbrasil.com\/wp-content\/uploads\/2024\/07\/ATR17454-2-conjunto-aterramento-temporario-subestacao-at-150x150-1.jpg\" \/><\/td><td class=\"column-2\">ATR17454-2<\/td><td class=\"column-3\">Corrente m\u00e1xima de curto-circuito: 60 ciclos - 25 kA<br \/>\n<br \/>\n<\/td><td class=\"column-4\">    <button class=\"add-to-budget\" data-table-id=\"ATR17454-2\" data-reference=\"ATR17454-2\" data-description=\"Conjunto de Aterramento Tempor\u00e1rio para Subesta\u00e7\u00e3o (AT)\" style=\"color:#ff4d00;\">\n        <img decoding=\"async\" src=\"https:\/\/www.ritzbrasil.com\/\/wp-content\/uploads\/2024\/07\/orcar-compras-tabela-new-1.png\" alt=\"Solicitar cotizaci\u00f3n\" title=\"Solicitar cotizaci\u00f3n\" \/>\n    <\/button>\n    <\/td><td class=\"column-5\"><a href=\"https:\/\/lojasritz.com.br\/catalogsearch\/result\/?q=ATR17454-2\" target=\"_blank\" rel=\"noopener\"><img decoding=\"async\" src=\"https:\/\/www.ritzbrasil.com\/wp-content\/uploads\/2024\/07\/carrinho-compras-tabela.png\"  \/><\/a><\/td>\n<\/tr>\n<\/tbody>\n<\/table>\n<\/div>\n[\/vc_column_text][vc_column_text css=\u00bb\u00bb]Juego compuesto por: 03 piezas Pinza de puesta a tierra de torsi\u00f3n con tornillo de ojo y mordaza lisa (RG3368); 03 piezas Pinza de puesta a tierra con tornillo en \u00abT\u00bb para conexi\u00f3n al punto de tierra (RG3363-1); 30 m de cable de cobre extra flexible, secci\u00f3n nominal de 95 mm\u00b2, con aislamiento de PVC transparente, 3 tramos de 10 m (CTC-95); 06 unidades Terminal liso de aluminio para cable de 95 mm\u00b2 (RC600-2629); 06 unidades Termo retr\u00e1ctil (ATR17923-3); 01 unidad Cabeza de accionamiento de la pinza (VMR02579-1); 01 unidad Cabeza de accionamiento del interruptor (VMR00884-1); 03 unidades Bolsa para embalar y transportar el juego de toma de tierra (ATR14484-1).[\/vc_column_text][vc_separator border_width=\u00bb2&#8243; css=\u00bb\u00bb][\/vc_column][\/vc_row][vc_row][vc_column][vc_column_text css=\u00bb.vc_custom_1721252865949{margin-top: 20px !important;}\u00bb]<\/p>\n<h4><span style=\"color: #ff9900;\"><strong>ATR00395-8 Juego de Puesta a Tierra Temporal para Subestaciones (AT)<\/strong><\/span><\/h4>\n<p>[\/vc_column_text][vc_column_text css=\u00bb.vc_custom_1721252835954{margin-top: -20px !important;}\u00bb]\n<div id=\"tablepress-ATR00395-8-scroll-wrapper\" class=\"tablepress-scroll-wrapper\">\n<table id=\"tablepress-ATR00395-8\" class=\"tablepress tablepress-id-ATR00395-8 tablepress-responsive\">\n<thead>\n<tr class=\"row-1\">\n\t<td class=\"column-1\"><\/td><th class=\"column-2\">  Refer\u00eancias<\/th><th class=\"column-3\">Caracter\u00edstica<\/th><td class=\"column-4\"><\/td><td class=\"column-5\"><\/td>\n<\/tr>\n<\/thead>\n<tbody class=\"row-striping row-hover\">\n<tr class=\"row-2\">\n\t<td class=\"column-1\"><img decoding=\"async\" src=\"https:\/\/www.ritzbrasil.com\/wp-content\/uploads\/2024\/07\/atr00395-8-conjunto-aterramento-temporario-subestacao-at-150x150-1.jpg\" \/><\/td><td class=\"column-2\">ATR00395-8<\/td><td class=\"column-3\">Corrente m\u00e1xima de curto-circuito: 60 ciclos - 25 kA<br \/>\n<br \/>\n<\/td><td class=\"column-4\">    <button class=\"add-to-budget\" data-table-id=\"ATR00395-8\" data-reference=\"ATR00395-8\" data-description=\"Conjunto de Aterramento Tempor\u00e1rio para Subesta\u00e7\u00e3o (AT)\" style=\"color:#ff4d00;\">\n        <img decoding=\"async\" src=\"https:\/\/www.ritzbrasil.com\/\/wp-content\/uploads\/2024\/07\/orcar-compras-tabela-new-1.png\" alt=\"Solicitar cotizaci\u00f3n\" title=\"Solicitar cotizaci\u00f3n\" \/>\n    <\/button>\n    <\/td><td class=\"column-5\"><a href=\"https:\/\/lojasritz.com.br\/catalogsearch\/result\/?q=ATR00395-8\" target=\"_blank\" rel=\"noopener\"><img decoding=\"async\" src=\"https:\/\/www.ritzbrasil.com\/wp-content\/uploads\/2024\/07\/carrinho-compras-tabela.png\"  \/><\/a><\/td>\n<\/tr>\n<\/tbody>\n<\/table>\n<\/div>\n[\/vc_column_text][vc_column_text css=\u00bb\u00bb]Juego compuesto por: 03 pinzas de puesta a tierra multi\u00e1ngulo, con armella (RG4228-10SJ); 03 pinzas de puesta a tierra con armella en \u00abT\u00bb para conexi\u00f3n al punto de tierra (RG3363-1); 24 m de cable de cobre extra flexible, secci\u00f3n nominal de 95 mm\u00b2, con aislamiento de PVC transparente, 3 tramos de 8 m (CTC-95); 06 unidades Terminal liso de aluminio para cable de 95 mm\u00b2 (RC600-2629); 06 unidades Termopar retr\u00e1ctil (ATR17923-3); 01 unidad Cabeza de accionamiento de la pinza (VMR02579-1); 01 unidad Cabeza de accionamiento del interruptor (VMR00884-1); 03 unidades Bolsa para embalar y transportar el juego de puesta a tierra (ATR14484-2).[\/vc_column_text][vc_separator border_width=\u00bb2&#8243; css=\u00bb\u00bb][\/vc_column][\/vc_row]<\/p>\n<\/div>","protected":false},"excerpt":{"rendered":"<p><strong>Conjunto de Puesta a Tierra Temporal para L\u00edneas de Transmisi\u00f3n (AT)<br \/>\n<\/strong><br \/>\n<em> (estructura de madera, hormig\u00f3n y metal)<\/em><\/p>\n<p>La puesta a tierra temporal para alta tensi\u00f3n es un sistema de seguridad utilizado durante el mantenimiento o la intervenci\u00f3n en sistemas el\u00e9ctricos.<\/p>\n<p>Consiste en la conexi\u00f3n temporal de los componentes conductores a tierra, creando una v\u00eda segura para la corriente el\u00e9ctrica en caso de aver\u00eda o cortocircuito, protegiendo a los operarios de las descargas el\u00e9ctricas.<\/p>\n<p>Este sistema incluye cables de alta capacidad, pinzas espec\u00edficas, picas de puesta a tierra o abrazaderas para la conexi\u00f3n al punto de tierra, siguiendo las normas y reglamentos t\u00e9cnicos, para garantizar la seguridad y eficacia de las operaciones.<\/p>\n","protected":false},"featured_media":56779,"template":"","meta":[],"product_brand":[],"product_cat":[1661],"product_tag":[4054,4056,4057,4058,4059,4055],"class_list":{"0":"post-61409","1":"product","2":"type-product","3":"status-publish","4":"has-post-thumbnail","6":"product_cat-toma-de-tierra-temporal","7":"product_tag-atr00395-8","8":"product_tag-atr17441-1","9":"product_tag-atr17442-1","10":"product_tag-atr17454-1","11":"product_tag-atr17454-2","12":"product_tag-toma-de-tierra-para-alta-tension","13":"description-off","15":"first","16":"instock","17":"virtual","18":"product-type-simple"},"yoast_head":"<!-- This site is optimized with the Yoast SEO plugin v27.1.1 - https:\/\/yoast.com\/product\/yoast-seo-wordpress\/ -->\n<title>Toma de tierra para alta tensi\u00f3n<\/title>\n<meta name=\"description\" content=\"La puesta a tierra temporal para alta tensi\u00f3n protege a los operarios durante el mantenimiento creando una v\u00eda segura para la corriente el\u00e9ctrica en caso de aver\u00eda.\" \/>\n<meta name=\"robots\" content=\"index, follow, max-snippet:-1, max-image-preview:large, max-video-preview:-1\" \/>\n<link rel=\"canonical\" href=\"https:\/\/www.ritzbrasil.com\/es\/produtos\/toma-de-tierra-temporal\/puesta-a-tierra-temporal-para-alta-tension-at\/\" \/>\n<meta property=\"og:locale\" content=\"es_ES\" \/>\n<meta property=\"og:type\" content=\"article\" \/>\n<meta property=\"og:title\" content=\"Toma de tierra para alta tensi\u00f3n\" \/>\n<meta property=\"og:description\" content=\"La puesta a tierra temporal para alta tensi\u00f3n protege a los operarios durante el mantenimiento creando una v\u00eda segura para la corriente el\u00e9ctrica en caso de aver\u00eda.\" \/>\n<meta property=\"og:url\" content=\"https:\/\/www.ritzbrasil.com\/es\/produtos\/toma-de-tierra-temporal\/puesta-a-tierra-temporal-para-alta-tension-at\/\" \/>\n<meta property=\"og:site_name\" content=\"Equipamentos de Manuten\u00e7\u00e3o e Seguran\u00e7a para o Setor El\u00e9trico - Ritz Brasil\" \/>\n<meta property=\"article:modified_time\" content=\"2026-02-25T20:15:38+00:00\" \/>\n<meta property=\"og:image\" content=\"https:\/\/www.ritzbrasil.com\/wp-content\/uploads\/2024\/07\/atr17441-1-conjunto-aterramento-temporario-linhas-transmissao-at.jpg\" \/>\n\t<meta property=\"og:image:width\" content=\"1200\" \/>\n\t<meta property=\"og:image:height\" content=\"1200\" \/>\n\t<meta property=\"og:image:type\" content=\"image\/jpeg\" \/>\n<meta name=\"twitter:card\" content=\"summary_large_image\" \/>\n<meta name=\"twitter:label1\" content=\"Tiempo de lectura\" \/>\n\t<meta name=\"twitter:data1\" content=\"4 minutos\" \/>\n<script type=\"application\/ld+json\" class=\"yoast-schema-graph\">{\"@context\":\"https:\/\/schema.org\",\"@graph\":[{\"@type\":\"WebPage\",\"@id\":\"https:\/\/www.ritzbrasil.com\/es\/produtos\/toma-de-tierra-temporal\/puesta-a-tierra-temporal-para-alta-tension-at\/\",\"url\":\"https:\/\/www.ritzbrasil.com\/es\/produtos\/toma-de-tierra-temporal\/puesta-a-tierra-temporal-para-alta-tension-at\/\",\"name\":\"Toma de tierra para alta tensi\u00f3n\",\"isPartOf\":{\"@id\":\"https:\/\/www.ritzbrasil.com\/es\/#website\"},\"primaryImageOfPage\":{\"@id\":\"https:\/\/www.ritzbrasil.com\/es\/produtos\/toma-de-tierra-temporal\/puesta-a-tierra-temporal-para-alta-tension-at\/#primaryimage\"},\"image\":{\"@id\":\"https:\/\/www.ritzbrasil.com\/es\/produtos\/toma-de-tierra-temporal\/puesta-a-tierra-temporal-para-alta-tension-at\/#primaryimage\"},\"thumbnailUrl\":\"https:\/\/www.ritzbrasil.com\/wp-content\/uploads\/2024\/07\/atr17441-1-conjunto-aterramento-temporario-linhas-transmissao-at.jpg\",\"datePublished\":\"2024-07-08T11:10:40+00:00\",\"dateModified\":\"2026-02-25T20:15:38+00:00\",\"description\":\"La puesta a tierra temporal para alta tensi\u00f3n protege a los operarios durante el mantenimiento creando una v\u00eda segura para la corriente el\u00e9ctrica en caso de aver\u00eda.\",\"breadcrumb\":{\"@id\":\"https:\/\/www.ritzbrasil.com\/es\/produtos\/toma-de-tierra-temporal\/puesta-a-tierra-temporal-para-alta-tension-at\/#breadcrumb\"},\"inLanguage\":\"es\",\"potentialAction\":[{\"@type\":\"ReadAction\",\"target\":[\"https:\/\/www.ritzbrasil.com\/es\/produtos\/toma-de-tierra-temporal\/puesta-a-tierra-temporal-para-alta-tension-at\/\"]}]},{\"@type\":\"ImageObject\",\"inLanguage\":\"es\",\"@id\":\"https:\/\/www.ritzbrasil.com\/es\/produtos\/toma-de-tierra-temporal\/puesta-a-tierra-temporal-para-alta-tension-at\/#primaryimage\",\"url\":\"https:\/\/www.ritzbrasil.com\/wp-content\/uploads\/2024\/07\/atr17441-1-conjunto-aterramento-temporario-linhas-transmissao-at.jpg\",\"contentUrl\":\"https:\/\/www.ritzbrasil.com\/wp-content\/uploads\/2024\/07\/atr17441-1-conjunto-aterramento-temporario-linhas-transmissao-at.jpg\",\"width\":1200,\"height\":1200,\"caption\":\"ATR17441-1 - Juego de Puesta a Tierra Temporal para L\u00edneas de Transmisi\u00f3n (AT)\"},{\"@type\":\"BreadcrumbList\",\"@id\":\"https:\/\/www.ritzbrasil.com\/es\/produtos\/toma-de-tierra-temporal\/puesta-a-tierra-temporal-para-alta-tension-at\/#breadcrumb\",\"itemListElement\":[{\"@type\":\"ListItem\",\"position\":1,\"name\":\"In\u00edcio\",\"item\":\"https:\/\/www.ritzbrasil.com\/es\/\"},{\"@type\":\"ListItem\",\"position\":2,\"name\":\"Tienda\",\"item\":\"https:\/\/www.ritzbrasil.com\/es\/tienda\/\"},{\"@type\":\"ListItem\",\"position\":3,\"name\":\"Puesta a Tierra Temporal para Alta Tensi\u00f3n (AT)\"}]},{\"@type\":\"WebSite\",\"@id\":\"https:\/\/www.ritzbrasil.com\/es\/#website\",\"url\":\"https:\/\/www.ritzbrasil.com\/es\/\",\"name\":\"Equipamentos de Manuten\u00e7\u00e3o e Seguran\u00e7a para o Setor El\u00e9trico - Ritz Brasil\",\"description\":\"\",\"potentialAction\":[{\"@type\":\"SearchAction\",\"target\":{\"@type\":\"EntryPoint\",\"urlTemplate\":\"https:\/\/www.ritzbrasil.com\/es\/?s={search_term_string}\"},\"query-input\":{\"@type\":\"PropertyValueSpecification\",\"valueRequired\":true,\"valueName\":\"search_term_string\"}}],\"inLanguage\":\"es\"}]}<\/script>\n<!-- \/ Yoast SEO plugin. -->","yoast_head_json":{"title":"Toma de tierra para alta tensi\u00f3n","description":"La puesta a tierra temporal para alta tensi\u00f3n protege a los operarios durante el mantenimiento creando una v\u00eda segura para la corriente el\u00e9ctrica en caso de aver\u00eda.","robots":{"index":"index","follow":"follow","max-snippet":"max-snippet:-1","max-image-preview":"max-image-preview:large","max-video-preview":"max-video-preview:-1"},"canonical":"https:\/\/www.ritzbrasil.com\/es\/produtos\/toma-de-tierra-temporal\/puesta-a-tierra-temporal-para-alta-tension-at\/","og_locale":"es_ES","og_type":"article","og_title":"Toma de tierra para alta tensi\u00f3n","og_description":"La puesta a tierra temporal para alta tensi\u00f3n protege a los operarios durante el mantenimiento creando una v\u00eda segura para la corriente el\u00e9ctrica en caso de aver\u00eda.","og_url":"https:\/\/www.ritzbrasil.com\/es\/produtos\/toma-de-tierra-temporal\/puesta-a-tierra-temporal-para-alta-tension-at\/","og_site_name":"Equipamentos de Manuten\u00e7\u00e3o e Seguran\u00e7a para o Setor El\u00e9trico - Ritz Brasil","article_modified_time":"2026-02-25T20:15:38+00:00","og_image":[{"width":1200,"height":1200,"url":"https:\/\/www.ritzbrasil.com\/wp-content\/uploads\/2024\/07\/atr17441-1-conjunto-aterramento-temporario-linhas-transmissao-at.jpg","type":"image\/jpeg"}],"twitter_card":"summary_large_image","twitter_misc":{"Tiempo de lectura":"4 minutos"},"schema":{"@context":"https:\/\/schema.org","@graph":[{"@type":"WebPage","@id":"https:\/\/www.ritzbrasil.com\/es\/produtos\/toma-de-tierra-temporal\/puesta-a-tierra-temporal-para-alta-tension-at\/","url":"https:\/\/www.ritzbrasil.com\/es\/produtos\/toma-de-tierra-temporal\/puesta-a-tierra-temporal-para-alta-tension-at\/","name":"Toma de tierra para alta tensi\u00f3n","isPartOf":{"@id":"https:\/\/www.ritzbrasil.com\/es\/#website"},"primaryImageOfPage":{"@id":"https:\/\/www.ritzbrasil.com\/es\/produtos\/toma-de-tierra-temporal\/puesta-a-tierra-temporal-para-alta-tension-at\/#primaryimage"},"image":{"@id":"https:\/\/www.ritzbrasil.com\/es\/produtos\/toma-de-tierra-temporal\/puesta-a-tierra-temporal-para-alta-tension-at\/#primaryimage"},"thumbnailUrl":"https:\/\/www.ritzbrasil.com\/wp-content\/uploads\/2024\/07\/atr17441-1-conjunto-aterramento-temporario-linhas-transmissao-at.jpg","datePublished":"2024-07-08T11:10:40+00:00","dateModified":"2026-02-25T20:15:38+00:00","description":"La puesta a tierra temporal para alta tensi\u00f3n protege a los operarios durante el mantenimiento creando una v\u00eda segura para la corriente el\u00e9ctrica en caso de aver\u00eda.","breadcrumb":{"@id":"https:\/\/www.ritzbrasil.com\/es\/produtos\/toma-de-tierra-temporal\/puesta-a-tierra-temporal-para-alta-tension-at\/#breadcrumb"},"inLanguage":"es","potentialAction":[{"@type":"ReadAction","target":["https:\/\/www.ritzbrasil.com\/es\/produtos\/toma-de-tierra-temporal\/puesta-a-tierra-temporal-para-alta-tension-at\/"]}]},{"@type":"ImageObject","inLanguage":"es","@id":"https:\/\/www.ritzbrasil.com\/es\/produtos\/toma-de-tierra-temporal\/puesta-a-tierra-temporal-para-alta-tension-at\/#primaryimage","url":"https:\/\/www.ritzbrasil.com\/wp-content\/uploads\/2024\/07\/atr17441-1-conjunto-aterramento-temporario-linhas-transmissao-at.jpg","contentUrl":"https:\/\/www.ritzbrasil.com\/wp-content\/uploads\/2024\/07\/atr17441-1-conjunto-aterramento-temporario-linhas-transmissao-at.jpg","width":1200,"height":1200,"caption":"ATR17441-1 - Juego de Puesta a Tierra Temporal para L\u00edneas de Transmisi\u00f3n (AT)"},{"@type":"BreadcrumbList","@id":"https:\/\/www.ritzbrasil.com\/es\/produtos\/toma-de-tierra-temporal\/puesta-a-tierra-temporal-para-alta-tension-at\/#breadcrumb","itemListElement":[{"@type":"ListItem","position":1,"name":"In\u00edcio","item":"https:\/\/www.ritzbrasil.com\/es\/"},{"@type":"ListItem","position":2,"name":"Tienda","item":"https:\/\/www.ritzbrasil.com\/es\/tienda\/"},{"@type":"ListItem","position":3,"name":"Puesta a Tierra Temporal para Alta Tensi\u00f3n (AT)"}]},{"@type":"WebSite","@id":"https:\/\/www.ritzbrasil.com\/es\/#website","url":"https:\/\/www.ritzbrasil.com\/es\/","name":"Equipamentos de Manuten\u00e7\u00e3o e Seguran\u00e7a para o Setor El\u00e9trico - Ritz Brasil","description":"","potentialAction":[{"@type":"SearchAction","target":{"@type":"EntryPoint","urlTemplate":"https:\/\/www.ritzbrasil.com\/es\/?s={search_term_string}"},"query-input":{"@type":"PropertyValueSpecification","valueRequired":true,"valueName":"search_term_string"}}],"inLanguage":"es"}]}},"_links":{"self":[{"href":"https:\/\/www.ritzbrasil.com\/es\/wp-json\/wp\/v2\/product\/61409","targetHints":{"allow":["GET"]}}],"collection":[{"href":"https:\/\/www.ritzbrasil.com\/es\/wp-json\/wp\/v2\/product"}],"about":[{"href":"https:\/\/www.ritzbrasil.com\/es\/wp-json\/wp\/v2\/types\/product"}],"wp:featuredmedia":[{"embeddable":true,"href":"https:\/\/www.ritzbrasil.com\/es\/wp-json\/wp\/v2\/media\/56779"}],"wp:attachment":[{"href":"https:\/\/www.ritzbrasil.com\/es\/wp-json\/wp\/v2\/media?parent=61409"}],"wp:term":[{"taxonomy":"product_brand","embeddable":true,"href":"https:\/\/www.ritzbrasil.com\/es\/wp-json\/wp\/v2\/product_brand?post=61409"},{"taxonomy":"product_cat","embeddable":true,"href":"https:\/\/www.ritzbrasil.com\/es\/wp-json\/wp\/v2\/product_cat?post=61409"},{"taxonomy":"product_tag","embeddable":true,"href":"https:\/\/www.ritzbrasil.com\/es\/wp-json\/wp\/v2\/product_tag?post=61409"}],"curies":[{"name":"wp","href":"https:\/\/api.w.org\/{rel}","templated":true}]}}