{"id":61407,"date":"2024-07-08T08:00:24","date_gmt":"2024-07-08T11:00:24","guid":{"rendered":"https:\/\/www.ritzbrasil.com\/produtos\/sin%20categor\u00eda\/puesta-a-tierra-temporal-para-redes-subterraneas-mt\/"},"modified":"2026-02-25T17:15:43","modified_gmt":"2026-02-25T20:15:43","slug":"puesta-a-tierra-temporal-para-redes-subterraneas-mt","status":"publish","type":"product","link":"https:\/\/www.ritzbrasil.com\/es\/produtos\/toma-de-tierra-temporal\/conjunto-de-puesta-a-tierra-temporal-para-redes-subterraneas-mt\/puesta-a-tierra-temporal-para-redes-subterraneas-mt\/","title":{"rendered":"Puesta a tierra temporal para redes subterr\u00e1neas (MT)"},"content":{"rendered":"<div class=\"wpb-content-wrapper\"><p>[vc_row][vc_column][vc_column_text css=\u00bb.vc_custom_1721219955176{margin-top: 20px !important;}\u00bb]<\/p>\n<h4><span style=\"color: #ff9900;\"><strong>ATR20231-1-1 Conjunto de puesta a tierra temporal para redes subterr\u00e1neas (MT)<\/strong><\/span><\/h4>\n<p>[\/vc_column_text][vc_column_text css=\u00bb.vc_custom_1721220019574{margin-top: -20px !important;}\u00bb]\n<div id=\"tablepress-ATR20231-1-1-scroll-wrapper\" class=\"tablepress-scroll-wrapper\">\n<table id=\"tablepress-ATR20231-1-1\" class=\"tablepress tablepress-id-ATR20231-1-1 tablepress-responsive\">\n<thead>\n<tr class=\"row-1\">\n\t<td class=\"column-1\"><\/td><th class=\"column-2\">Refer\u00eancia<\/th><th class=\"column-3\">Descri\u00e7\u00e3o<\/th><td class=\"column-4\"><\/td><td class=\"column-5\"><\/td>\n<\/tr>\n<\/thead>\n<tbody class=\"row-striping row-hover\">\n<tr class=\"row-2\">\n\t<td class=\"column-1\"><img decoding=\"async\" src=\"https:\/\/www.ritzbrasil.com\/wp-content\/uploads\/2024\/07\/atr20231-1-1-conjunto-aterramento-temporario-redes-subterraneas-mt-150x150-1.jpg\" \/><\/td><td class=\"column-2\">ATR20231-1-1 <\/td><td class=\"column-3\">Corrente m\u00e1xima de curto-circuito: 10 ciclos - 10 kA<\/td><td class=\"column-4\">    <button class=\"add-to-budget\" data-table-id=\"ATR20231-1-1 \" data-reference=\"ATR20231-1-1 \" data-description=\"Conjunto de Aterramento Tempor\u00e1rio para redes subterr\u00e2neas (MT)\" style=\"color:#ff4d00;\">\n        <img decoding=\"async\" src=\"https:\/\/www.ritzbrasil.com\/\/wp-content\/uploads\/2024\/07\/orcar-compras-tabela-new-1.png\" alt=\"Solicitar cotizaci\u00f3n\" title=\"Solicitar cotizaci\u00f3n\" \/>\n    <\/button>\n    <\/td><td class=\"column-5\"><a href=\"https:\/\/lojasritz.com.br\/catalogsearch\/result\/?q=ATR20231-1-1 \" target=\"_blank\" rel=\"noopener\"><img decoding=\"async\" src=\"https:\/\/www.ritzbrasil.com\/wp-content\/uploads\/2024\/07\/carrinho-compras-tabela.png\"  \/><\/a><\/td>\n<\/tr>\n<\/tbody>\n<\/table>\n<\/div>\n[\/vc_column_text][vc_column_text css=\u00bb\u00bb]Juego compuesto por: 01 ud. Borne desconectable red subterr\u00e1nea TDC DB 15kV 50-70mm\u00b2 (1001009), 01 ud. Conector para borne desconectable red subterr\u00e1nea TDC DB 15kV 50 70mm\u00b2 (1001010); 5,5 m de cable de cobre extraflexible, secci\u00f3n nominal 50mm\u00b2 aislamiento compuesto eastom\u00e9rico, 1 tramo de 5,5m (CTPE-50); 01 ud. terminal de cobre liso para cable de 50 mm\u00b2 (RC600-2631); 01 ud. termo retr\u00e1ctil (ATR17923); 01 ud. pinza de puesta a tierra para punto de tierra con terminal en T Conexi\u00f3n de bus (ATR11627-2); 01 ud. bolsa tipo cubo para embalar el juego de puesta a tierra (ATR14484-2).[\/vc_column_text][vc_separator border_width=\u00bb2&#8243; css=\u00bb\u00bb][\/vc_column][\/vc_row][vc_row][vc_column][vc_column_text css=\u00bb.vc_custom_1721220553180{margin-top: 20px !important;}\u00bb]<\/p>\n<h4><span style=\"color: #ff9900;\"><strong>ATR20232-1-3 Conjunto de puesta a tierra temporal para redes subterr\u00e1neas (MT)<\/strong><\/span><\/h4>\n<p>[\/vc_column_text][vc_column_text css=\u00bb.vc_custom_1721220564500{margin-top: -20px !important;}\u00bb]\n<div id=\"tablepress-ATR20232-1-3-scroll-wrapper\" class=\"tablepress-scroll-wrapper\">\n<table id=\"tablepress-ATR20232-1-3\" class=\"tablepress tablepress-id-ATR20232-1-3 tablepress-responsive\">\n<thead>\n<tr class=\"row-1\">\n\t<td class=\"column-1\"><\/td><th class=\"column-2\">Refer\u00eancia<\/th><th class=\"column-3\">Descri\u00e7\u00e3o<\/th><td class=\"column-4\"><\/td><td class=\"column-5\"><\/td>\n<\/tr>\n<\/thead>\n<tbody class=\"row-striping row-hover\">\n<tr class=\"row-2\">\n\t<td class=\"column-1\"><img decoding=\"async\" src=\"https:\/\/www.ritzbrasil.com\/wp-content\/uploads\/2024\/07\/atr20232-1-3-conjunto-aterramento-temporario-redes-subterraneas-mt-150x150-1.jpg\" \/><\/td><td class=\"column-2\">ATR20232-1-3<\/td><td class=\"column-3\">Corrente m\u00e1xima de curto-circuito: 10 ciclos - 10 kA<\/td><td class=\"column-4\">    <button class=\"add-to-budget\" data-table-id=\"ATR20232-1-3 \" data-reference=\"ATR20232-1-3\" data-description=\"Conjunto de Aterramento Tempor\u00e1rio para redes subterr\u00e2neas (MT)\" style=\"color:#ff4d00;\">\n        <img decoding=\"async\" src=\"https:\/\/www.ritzbrasil.com\/\/wp-content\/uploads\/2024\/07\/orcar-compras-tabela-new-1.png\" alt=\"Solicitar cotizaci\u00f3n\" title=\"Solicitar cotizaci\u00f3n\" \/>\n    <\/button>\n    <\/td><td class=\"column-5\"><a href=\"https:\/\/lojasritz.com.br\/catalogsearch\/result\/?q=ATR20232-1-3\" target=\"_blank\" rel=\"noopener\"><img decoding=\"async\" src=\"https:\/\/www.ritzbrasil.com\/wp-content\/uploads\/2024\/07\/carrinho-compras-tabela.png\"  \/><\/a><\/td>\n<\/tr>\n<\/tbody>\n<\/table>\n<\/div>\n[\/vc_column_text][vc_column_text css=\u00bb\u00bb]Juego compuesto por: 03 unidades Terminal desconectable TDC red subterr\u00e1nea DB 15kV 50-70mm\u00b2 (1001009); 03 unidades Conector para terminal desconectable TDC red subterr\u00e1nea DB 15kV 50 70mm\u00b2 (1001010); 8,5 m Cable de cobre extraflexible, secci\u00f3n nominal 50mm\u00b2 aislamiento compuesto eastomeric, de los cuales 3<br \/>\ntramos de 1,5 m y 1 4 m (CTPE-50); 01 ud. regleta termopl\u00e1stica para ATR (ATR17574-1); 04 ud. borne largo de cobre esta\u00f1ado para cable de 50 mm\u00b2 (ATR26446-4); 01 ud. borne liso de cobre para cable de 50 mm\u00b2 (RC600-2631) 05 ud. termo retr\u00e1ctil (ATR17923); 01 ud. pinza de puesta a tierra para punto de tierra con terminal en T Conexi\u00f3n de barras colectoras (ATR11627-2); 01 ud. bolsa tipo cubo para embalar el juego de puesta a tierra (ATR14484-1).[\/vc_column_text][vc_separator border_width=\u00bb2&#8243; css=\u00bb\u00bb][\/vc_column][\/vc_row]<\/p>\n<\/div>","protected":false},"excerpt":{"rendered":"<p><strong>Conjunto de puesta a tierra temporal para redes subterr\u00e1neas (MT)<\/strong><\/p>\n<p>La puesta a tierra temporal para redes subterr\u00e1neas es un sistema de protecci\u00f3n utilizado durante el mantenimiento o la intervenci\u00f3n en redes el\u00e9ctricas subterr\u00e1neas.<\/p>\n<p>Consiste en la conexi\u00f3n temporal de componentes conductores a tierra en c\u00e1maras de transformadores y cajas de inspecci\u00f3n, creando una v\u00eda segura para la corriente el\u00e9ctrica en caso de aver\u00eda o cortocircuito, protegiendo a los operarios de las descargas el\u00e9ctricas.<\/p>\n<p>Este sistema incluye cables de alta capacidad con aislamiento elastom\u00e9rico y pinzas espec\u00edficas para terminales TDC, siguiendo las normas y reglamentos t\u00e9cnicos, para garantizar la seguridad y eficacia de las operaciones.<\/p>\n","protected":false},"featured_media":56755,"template":"","meta":[],"product_brand":[],"product_cat":[1662,1661],"product_tag":[4050,4051,1664,1663],"class_list":{"0":"post-61407","1":"product","2":"type-product","3":"status-publish","4":"has-post-thumbnail","6":"product_cat-conjunto-de-puesta-a-tierra-temporal-para-redes-subterraneas-mt","7":"product_cat-toma-de-tierra-temporal","8":"product_tag-atr20231-1-1","9":"product_tag-atr20232-1-3","10":"product_tag-puesta-a-tierra-temporal-para-redes-subterraneas-mt","11":"product_tag-set-de-puesta-a-tierra-temporal","12":"description-off","14":"first","15":"instock","16":"virtual","17":"product-type-simple"},"yoast_head":"<!-- This site is optimized with the Yoast SEO plugin v27.1.1 - https:\/\/yoast.com\/product\/yoast-seo-wordpress\/ -->\n<title>Puesta a tierra temporal para redes subterr\u00e1neas (MT)<\/title>\n<meta name=\"description\" content=\"La puesta a tierra temporal para redes subterr\u00e1neas es un sistema de protecci\u00f3n utilizado durante el mantenimiento o la intervenci\u00f3n en redes el\u00e9ctricas subterr\u00e1neas.\" \/>\n<meta name=\"robots\" content=\"index, follow, max-snippet:-1, max-image-preview:large, max-video-preview:-1\" \/>\n<link rel=\"canonical\" href=\"https:\/\/www.ritzbrasil.com\/es\/produtos\/toma-de-tierra-temporal\/conjunto-de-puesta-a-tierra-temporal-para-redes-subterraneas-mt\/puesta-a-tierra-temporal-para-redes-subterraneas-mt\/\" \/>\n<meta property=\"og:locale\" content=\"es_ES\" \/>\n<meta property=\"og:type\" content=\"article\" \/>\n<meta property=\"og:title\" content=\"Puesta a tierra temporal para redes subterr\u00e1neas (MT)\" \/>\n<meta property=\"og:description\" content=\"La puesta a tierra temporal para redes subterr\u00e1neas es un sistema de protecci\u00f3n utilizado durante el mantenimiento o la intervenci\u00f3n en redes el\u00e9ctricas subterr\u00e1neas.\" \/>\n<meta property=\"og:url\" content=\"https:\/\/www.ritzbrasil.com\/es\/produtos\/toma-de-tierra-temporal\/conjunto-de-puesta-a-tierra-temporal-para-redes-subterraneas-mt\/puesta-a-tierra-temporal-para-redes-subterraneas-mt\/\" \/>\n<meta property=\"og:site_name\" content=\"Equipamentos de Manuten\u00e7\u00e3o e Seguran\u00e7a para o Setor El\u00e9trico - Ritz Brasil\" \/>\n<meta property=\"article:modified_time\" content=\"2026-02-25T20:15:43+00:00\" \/>\n<meta property=\"og:image\" content=\"https:\/\/www.ritzbrasil.com\/wp-content\/uploads\/2024\/07\/atr20231-1-1-conjunto-aterramento-temporario-redes-subterraneas-mt.jpg\" \/>\n\t<meta property=\"og:image:width\" content=\"1200\" \/>\n\t<meta property=\"og:image:height\" content=\"1200\" \/>\n\t<meta property=\"og:image:type\" content=\"image\/jpeg\" \/>\n<meta name=\"twitter:card\" content=\"summary_large_image\" \/>\n<meta name=\"twitter:label1\" content=\"Tiempo de lectura\" \/>\n\t<meta name=\"twitter:data1\" content=\"2 minutos\" \/>\n<script type=\"application\/ld+json\" class=\"yoast-schema-graph\">{\"@context\":\"https:\/\/schema.org\",\"@graph\":[{\"@type\":\"WebPage\",\"@id\":\"https:\/\/www.ritzbrasil.com\/es\/produtos\/toma-de-tierra-temporal\/conjunto-de-puesta-a-tierra-temporal-para-redes-subterraneas-mt\/puesta-a-tierra-temporal-para-redes-subterraneas-mt\/\",\"url\":\"https:\/\/www.ritzbrasil.com\/es\/produtos\/toma-de-tierra-temporal\/conjunto-de-puesta-a-tierra-temporal-para-redes-subterraneas-mt\/puesta-a-tierra-temporal-para-redes-subterraneas-mt\/\",\"name\":\"Puesta a tierra temporal para redes subterr\u00e1neas (MT)\",\"isPartOf\":{\"@id\":\"https:\/\/www.ritzbrasil.com\/es\/#website\"},\"primaryImageOfPage\":{\"@id\":\"https:\/\/www.ritzbrasil.com\/es\/produtos\/toma-de-tierra-temporal\/conjunto-de-puesta-a-tierra-temporal-para-redes-subterraneas-mt\/puesta-a-tierra-temporal-para-redes-subterraneas-mt\/#primaryimage\"},\"image\":{\"@id\":\"https:\/\/www.ritzbrasil.com\/es\/produtos\/toma-de-tierra-temporal\/conjunto-de-puesta-a-tierra-temporal-para-redes-subterraneas-mt\/puesta-a-tierra-temporal-para-redes-subterraneas-mt\/#primaryimage\"},\"thumbnailUrl\":\"https:\/\/www.ritzbrasil.com\/wp-content\/uploads\/2024\/07\/atr20231-1-1-conjunto-aterramento-temporario-redes-subterraneas-mt.jpg\",\"datePublished\":\"2024-07-08T11:00:24+00:00\",\"dateModified\":\"2026-02-25T20:15:43+00:00\",\"description\":\"La puesta a tierra temporal para redes subterr\u00e1neas es un sistema de protecci\u00f3n utilizado durante el mantenimiento o la intervenci\u00f3n en redes el\u00e9ctricas subterr\u00e1neas.\",\"breadcrumb\":{\"@id\":\"https:\/\/www.ritzbrasil.com\/es\/produtos\/toma-de-tierra-temporal\/conjunto-de-puesta-a-tierra-temporal-para-redes-subterraneas-mt\/puesta-a-tierra-temporal-para-redes-subterraneas-mt\/#breadcrumb\"},\"inLanguage\":\"es\",\"potentialAction\":[{\"@type\":\"ReadAction\",\"target\":[\"https:\/\/www.ritzbrasil.com\/es\/produtos\/toma-de-tierra-temporal\/conjunto-de-puesta-a-tierra-temporal-para-redes-subterraneas-mt\/puesta-a-tierra-temporal-para-redes-subterraneas-mt\/\"]}]},{\"@type\":\"ImageObject\",\"inLanguage\":\"es\",\"@id\":\"https:\/\/www.ritzbrasil.com\/es\/produtos\/toma-de-tierra-temporal\/conjunto-de-puesta-a-tierra-temporal-para-redes-subterraneas-mt\/puesta-a-tierra-temporal-para-redes-subterraneas-mt\/#primaryimage\",\"url\":\"https:\/\/www.ritzbrasil.com\/wp-content\/uploads\/2024\/07\/atr20231-1-1-conjunto-aterramento-temporario-redes-subterraneas-mt.jpg\",\"contentUrl\":\"https:\/\/www.ritzbrasil.com\/wp-content\/uploads\/2024\/07\/atr20231-1-1-conjunto-aterramento-temporario-redes-subterraneas-mt.jpg\",\"width\":1200,\"height\":1200,\"caption\":\"ATR20231-1-1 Conjunto de puesta a tierra temporal para redes subterr\u00e1neas (MT)\"},{\"@type\":\"BreadcrumbList\",\"@id\":\"https:\/\/www.ritzbrasil.com\/es\/produtos\/toma-de-tierra-temporal\/conjunto-de-puesta-a-tierra-temporal-para-redes-subterraneas-mt\/puesta-a-tierra-temporal-para-redes-subterraneas-mt\/#breadcrumb\",\"itemListElement\":[{\"@type\":\"ListItem\",\"position\":1,\"name\":\"In\u00edcio\",\"item\":\"https:\/\/www.ritzbrasil.com\/es\/\"},{\"@type\":\"ListItem\",\"position\":2,\"name\":\"Tienda\",\"item\":\"https:\/\/www.ritzbrasil.com\/es\/tienda\/\"},{\"@type\":\"ListItem\",\"position\":3,\"name\":\"Puesta a tierra temporal para redes subterr\u00e1neas (MT)\"}]},{\"@type\":\"WebSite\",\"@id\":\"https:\/\/www.ritzbrasil.com\/es\/#website\",\"url\":\"https:\/\/www.ritzbrasil.com\/es\/\",\"name\":\"Equipamentos de Manuten\u00e7\u00e3o e Seguran\u00e7a para o Setor El\u00e9trico - Ritz Brasil\",\"description\":\"\",\"potentialAction\":[{\"@type\":\"SearchAction\",\"target\":{\"@type\":\"EntryPoint\",\"urlTemplate\":\"https:\/\/www.ritzbrasil.com\/es\/?s={search_term_string}\"},\"query-input\":{\"@type\":\"PropertyValueSpecification\",\"valueRequired\":true,\"valueName\":\"search_term_string\"}}],\"inLanguage\":\"es\"}]}<\/script>\n<!-- \/ Yoast SEO plugin. -->","yoast_head_json":{"title":"Puesta a tierra temporal para redes subterr\u00e1neas (MT)","description":"La puesta a tierra temporal para redes subterr\u00e1neas es un sistema de protecci\u00f3n utilizado durante el mantenimiento o la intervenci\u00f3n en redes el\u00e9ctricas subterr\u00e1neas.","robots":{"index":"index","follow":"follow","max-snippet":"max-snippet:-1","max-image-preview":"max-image-preview:large","max-video-preview":"max-video-preview:-1"},"canonical":"https:\/\/www.ritzbrasil.com\/es\/produtos\/toma-de-tierra-temporal\/conjunto-de-puesta-a-tierra-temporal-para-redes-subterraneas-mt\/puesta-a-tierra-temporal-para-redes-subterraneas-mt\/","og_locale":"es_ES","og_type":"article","og_title":"Puesta a tierra temporal para redes subterr\u00e1neas (MT)","og_description":"La puesta a tierra temporal para redes subterr\u00e1neas es un sistema de protecci\u00f3n utilizado durante el mantenimiento o la intervenci\u00f3n en redes el\u00e9ctricas subterr\u00e1neas.","og_url":"https:\/\/www.ritzbrasil.com\/es\/produtos\/toma-de-tierra-temporal\/conjunto-de-puesta-a-tierra-temporal-para-redes-subterraneas-mt\/puesta-a-tierra-temporal-para-redes-subterraneas-mt\/","og_site_name":"Equipamentos de Manuten\u00e7\u00e3o e Seguran\u00e7a para o Setor El\u00e9trico - Ritz Brasil","article_modified_time":"2026-02-25T20:15:43+00:00","og_image":[{"width":1200,"height":1200,"url":"https:\/\/www.ritzbrasil.com\/wp-content\/uploads\/2024\/07\/atr20231-1-1-conjunto-aterramento-temporario-redes-subterraneas-mt.jpg","type":"image\/jpeg"}],"twitter_card":"summary_large_image","twitter_misc":{"Tiempo de lectura":"2 minutos"},"schema":{"@context":"https:\/\/schema.org","@graph":[{"@type":"WebPage","@id":"https:\/\/www.ritzbrasil.com\/es\/produtos\/toma-de-tierra-temporal\/conjunto-de-puesta-a-tierra-temporal-para-redes-subterraneas-mt\/puesta-a-tierra-temporal-para-redes-subterraneas-mt\/","url":"https:\/\/www.ritzbrasil.com\/es\/produtos\/toma-de-tierra-temporal\/conjunto-de-puesta-a-tierra-temporal-para-redes-subterraneas-mt\/puesta-a-tierra-temporal-para-redes-subterraneas-mt\/","name":"Puesta a tierra temporal para redes subterr\u00e1neas (MT)","isPartOf":{"@id":"https:\/\/www.ritzbrasil.com\/es\/#website"},"primaryImageOfPage":{"@id":"https:\/\/www.ritzbrasil.com\/es\/produtos\/toma-de-tierra-temporal\/conjunto-de-puesta-a-tierra-temporal-para-redes-subterraneas-mt\/puesta-a-tierra-temporal-para-redes-subterraneas-mt\/#primaryimage"},"image":{"@id":"https:\/\/www.ritzbrasil.com\/es\/produtos\/toma-de-tierra-temporal\/conjunto-de-puesta-a-tierra-temporal-para-redes-subterraneas-mt\/puesta-a-tierra-temporal-para-redes-subterraneas-mt\/#primaryimage"},"thumbnailUrl":"https:\/\/www.ritzbrasil.com\/wp-content\/uploads\/2024\/07\/atr20231-1-1-conjunto-aterramento-temporario-redes-subterraneas-mt.jpg","datePublished":"2024-07-08T11:00:24+00:00","dateModified":"2026-02-25T20:15:43+00:00","description":"La puesta a tierra temporal para redes subterr\u00e1neas es un sistema de protecci\u00f3n utilizado durante el mantenimiento o la intervenci\u00f3n en redes el\u00e9ctricas subterr\u00e1neas.","breadcrumb":{"@id":"https:\/\/www.ritzbrasil.com\/es\/produtos\/toma-de-tierra-temporal\/conjunto-de-puesta-a-tierra-temporal-para-redes-subterraneas-mt\/puesta-a-tierra-temporal-para-redes-subterraneas-mt\/#breadcrumb"},"inLanguage":"es","potentialAction":[{"@type":"ReadAction","target":["https:\/\/www.ritzbrasil.com\/es\/produtos\/toma-de-tierra-temporal\/conjunto-de-puesta-a-tierra-temporal-para-redes-subterraneas-mt\/puesta-a-tierra-temporal-para-redes-subterraneas-mt\/"]}]},{"@type":"ImageObject","inLanguage":"es","@id":"https:\/\/www.ritzbrasil.com\/es\/produtos\/toma-de-tierra-temporal\/conjunto-de-puesta-a-tierra-temporal-para-redes-subterraneas-mt\/puesta-a-tierra-temporal-para-redes-subterraneas-mt\/#primaryimage","url":"https:\/\/www.ritzbrasil.com\/wp-content\/uploads\/2024\/07\/atr20231-1-1-conjunto-aterramento-temporario-redes-subterraneas-mt.jpg","contentUrl":"https:\/\/www.ritzbrasil.com\/wp-content\/uploads\/2024\/07\/atr20231-1-1-conjunto-aterramento-temporario-redes-subterraneas-mt.jpg","width":1200,"height":1200,"caption":"ATR20231-1-1 Conjunto de puesta a tierra temporal para redes subterr\u00e1neas (MT)"},{"@type":"BreadcrumbList","@id":"https:\/\/www.ritzbrasil.com\/es\/produtos\/toma-de-tierra-temporal\/conjunto-de-puesta-a-tierra-temporal-para-redes-subterraneas-mt\/puesta-a-tierra-temporal-para-redes-subterraneas-mt\/#breadcrumb","itemListElement":[{"@type":"ListItem","position":1,"name":"In\u00edcio","item":"https:\/\/www.ritzbrasil.com\/es\/"},{"@type":"ListItem","position":2,"name":"Tienda","item":"https:\/\/www.ritzbrasil.com\/es\/tienda\/"},{"@type":"ListItem","position":3,"name":"Puesta a tierra temporal para redes subterr\u00e1neas (MT)"}]},{"@type":"WebSite","@id":"https:\/\/www.ritzbrasil.com\/es\/#website","url":"https:\/\/www.ritzbrasil.com\/es\/","name":"Equipamentos de Manuten\u00e7\u00e3o e Seguran\u00e7a para o Setor El\u00e9trico - Ritz Brasil","description":"","potentialAction":[{"@type":"SearchAction","target":{"@type":"EntryPoint","urlTemplate":"https:\/\/www.ritzbrasil.com\/es\/?s={search_term_string}"},"query-input":{"@type":"PropertyValueSpecification","valueRequired":true,"valueName":"search_term_string"}}],"inLanguage":"es"}]}},"_links":{"self":[{"href":"https:\/\/www.ritzbrasil.com\/es\/wp-json\/wp\/v2\/product\/61407","targetHints":{"allow":["GET"]}}],"collection":[{"href":"https:\/\/www.ritzbrasil.com\/es\/wp-json\/wp\/v2\/product"}],"about":[{"href":"https:\/\/www.ritzbrasil.com\/es\/wp-json\/wp\/v2\/types\/product"}],"wp:featuredmedia":[{"embeddable":true,"href":"https:\/\/www.ritzbrasil.com\/es\/wp-json\/wp\/v2\/media\/56755"}],"wp:attachment":[{"href":"https:\/\/www.ritzbrasil.com\/es\/wp-json\/wp\/v2\/media?parent=61407"}],"wp:term":[{"taxonomy":"product_brand","embeddable":true,"href":"https:\/\/www.ritzbrasil.com\/es\/wp-json\/wp\/v2\/product_brand?post=61407"},{"taxonomy":"product_cat","embeddable":true,"href":"https:\/\/www.ritzbrasil.com\/es\/wp-json\/wp\/v2\/product_cat?post=61407"},{"taxonomy":"product_tag","embeddable":true,"href":"https:\/\/www.ritzbrasil.com\/es\/wp-json\/wp\/v2\/product_tag?post=61407"}],"curies":[{"name":"wp","href":"https:\/\/api.w.org\/{rel}","templated":true}]}}