{"id":61406,"date":"2024-07-08T07:50:43","date_gmt":"2024-07-08T10:50:43","guid":{"rendered":"https:\/\/www.ritzbrasil.com\/produtos\/sin%20categor\u00eda\/puesta-a-tierra-temporal-del-vehiculo-mt\/"},"modified":"2026-02-25T17:15:49","modified_gmt":"2026-02-25T20:15:49","slug":"puesta-a-tierra-temporal-del-vehiculo-mt","status":"publish","type":"product","link":"https:\/\/www.ritzbrasil.com\/es\/produtos\/toma-de-tierra-temporal\/puesta-a-tierra-temporal-del-vehiculo\/puesta-a-tierra-temporal-del-vehiculo-mt\/","title":{"rendered":"Puesta a tierra temporal del veh\u00edculo (MT)"},"content":{"rendered":"<div class=\"wpb-content-wrapper\"><p>[vc_row][vc_column][vc_column_text css=\u00bb.vc_custom_1721153025791{margin-top: 20px !important;}\u00bb]<\/p>\n<h4><span style=\"color: #ff9900;\"><strong>ATR17440-2 Juego de toma de tierra temporal para veh\u00edculos con pasador esf\u00e9rico (MT)<\/strong><\/span><\/h4>\n<p>[\/vc_column_text][vc_column_text css=\u00bb.vc_custom_1721152933357{margin-top: -20px !important;}\u00bb]\n<div id=\"tablepress-ATR17440-2-scroll-wrapper\" class=\"tablepress-scroll-wrapper\">\n<table id=\"tablepress-ATR17440-2\" class=\"tablepress tablepress-id-ATR17440-2 tablepress-responsive\">\n<thead>\n<tr class=\"row-1\">\n\t<td class=\"column-1\"><\/td><th class=\"column-2\">Refer\u00eancia<\/th><th class=\"column-3\">Descri\u00e7\u00e3o<\/th><td class=\"column-4\"><\/td><td class=\"column-5\"><\/td>\n<\/tr>\n<\/thead>\n<tbody class=\"row-striping row-hover\">\n<tr class=\"row-2\">\n\t<td class=\"column-1\"><img decoding=\"async\" src=\"https:\/\/www.ritzbrasil.com\/wp-content\/uploads\/2024\/07\/atr17440-2-conjunto-aterramento-temporario-veiculo-pino-bola-mt-150x150-1.jpg\" \/><\/td><td class=\"column-2\">ATR17440-2<\/td><td class=\"column-3\">Corrente m\u00e1xima de curto-circuito: 60 ciclos - 8 kA<\/td><td class=\"column-4\">    <button class=\"add-to-budget\" data-table-id=\"ATR17440-2\" data-reference=\"ATR17440-2\" data-description=\"Conjunto de Aterramento Tempor\u00e1rio para Ve\u00edculo com Pino Bola (MT)\" style=\"color:#ff4d00;\">\n        <img decoding=\"async\" src=\"https:\/\/www.ritzbrasil.com\/\/wp-content\/uploads\/2024\/07\/orcar-compras-tabela-new-1.png\" alt=\"Solicitar cotizaci\u00f3n\" title=\"Solicitar cotizaci\u00f3n\" \/>\n    <\/button>\n    <\/td><td class=\"column-5\"><a href=\"https:\/\/lojasritz.com.br\/catalogsearch\/result\/?q=ATR17440-2\" target=\"_blank\" rel=\"noopener\"><img decoding=\"async\" src=\"https:\/\/www.ritzbrasil.com\/wp-content\/uploads\/2024\/07\/carrinho-compras-tabela.png\"  \/><\/a><\/td>\n<\/tr>\n<\/tbody>\n<\/table>\n<\/div>\n[\/vc_column_text][vc_column_text css=\u00bb\u00bb]Juego compuesto por: 01 ud. pinza de toma de tierra Concha-Bola con tornillo en \u00abT\u00bb para conexi\u00f3n al esp\u00e1rrago esf\u00e9rico (RT600-2321); 01 ud. pinza de toma de tierra, con tornillo en \u00abT\u00bb para conexi\u00f3n al punto de toma de tierra (RG3403T); 10 m de cable de cobre extra flexible, secci\u00f3n nominal 35 mm\u00b2, con aislamiento de PVC transparente, 1 tramo de 10 m (CTC-35); 01 ud. esp\u00e1rrago esf\u00e9rico para punto de toma de tierra en el veh\u00edculo (M12 x 60 mm) (ATR08969-2); 02 ud. terminal liso de aluminio para cable de 35 mm\u00b2 (RC600-2626); 02 ud. termo retr\u00e1ctil (ATR17923); 01 ud. barrena de puesta a tierra \u00d8 19 mm x 1 m, con varilla de acero galvanizado en caliente, secci\u00f3n hexagonal y mango de acero soldado (ATR08814-1); 01 ud. bolsa para embalar y transportar la barrena (ATR1628-1); 01 ud. bolsa para embalar y transportar el juego de puesta a tierra (ATR16843-7).[\/vc_column_text][vc_separator border_width=\u00bb2&#8243; css=\u00bb\u00bb][\/vc_column][\/vc_row][vc_row][vc_column][vc_column_text css=\u00bb.vc_custom_1721153086902{margin-top: 20px !important;}\u00bb]<\/p>\n<h4><span style=\"color: #ff9900;\"><strong>ATR17440-3 Juego de toma de tierra temporal para veh\u00edculos (MT)<\/strong><\/span><\/h4>\n<p>[\/vc_column_text][vc_column_text css=\u00bb.vc_custom_1721152954354{margin-top: -20px !important;}\u00bb]\n<div id=\"tablepress-ATR17440-3-scroll-wrapper\" class=\"tablepress-scroll-wrapper\">\n<table id=\"tablepress-ATR17440-3\" class=\"tablepress tablepress-id-ATR17440-3 tablepress-responsive\">\n<thead>\n<tr class=\"row-1\">\n\t<td class=\"column-1\"><\/td><th class=\"column-2\">Refer\u00eancia<\/th><th class=\"column-3\">Descri\u00e7\u00e3o<\/th><td class=\"column-4\"><\/td><td class=\"column-5\"><\/td>\n<\/tr>\n<\/thead>\n<tbody class=\"row-striping row-hover\">\n<tr class=\"row-2\">\n\t<td class=\"column-1\"><img decoding=\"async\" src=\"https:\/\/www.ritzbrasil.com\/wp-content\/uploads\/2024\/07\/atr17440-3-conjunto-aterramento-temporario-veiculo-mt-150x150-1.jpg\" \/><\/td><td class=\"column-2\">ATR17440-3<\/td><td class=\"column-3\">Corrente m\u00e1xima de curto-circuito: 60 ciclos - 5 kA<\/td><td class=\"column-4\">    <button class=\"add-to-budget\" data-table-id=\"ATR17440-3\" data-reference=\"ATR17440-3\" data-description=\"Conjunto de Aterramento Tempor\u00e1rio para Ve\u00edculo (MT)\" style=\"color:#ff4d00;\">\n        <img decoding=\"async\" src=\"https:\/\/www.ritzbrasil.com\/\/wp-content\/uploads\/2024\/07\/orcar-compras-tabela-new-1.png\" alt=\"Solicitar cotizaci\u00f3n\" title=\"Solicitar cotizaci\u00f3n\" \/>\n    <\/button>\n    <\/td><td class=\"column-5\"><a href=\"https:\/\/lojasritz.com.br\/catalogsearch\/result\/?q=ATR17440-3\" target=\"_blank\" rel=\"noopener\"><img decoding=\"async\" src=\"https:\/\/www.ritzbrasil.com\/wp-content\/uploads\/2024\/07\/carrinho-compras-tabela.png\"  \/><\/a><\/td>\n<\/tr>\n<\/tbody>\n<\/table>\n<\/div>\n[\/vc_column_text][vc_column_text css=\u00bb\u00bb]Conjunto compuesto por: 01 ud. pinza de toma de tierra con tornillo en \u00abT\u00bb (RG3363-1); 01 ud. pinza de toma de tierra, con tornillo en \u00abT\u00bb para conexi\u00f3n al punto de toma de tierra (RG3403T); 10 m de cable de cobre extra flexible, secci\u00f3n nominal de 25 mm\u00b2, con aislamiento de PVC transparente, 1 tramo de 10 m (CTC-25); 02 ud. terminal liso de aluminio para cable de 25 mm\u00b2 (ATR13036-2); 02 uds. termo retr\u00e1ctil (ATR17923); 01 ud. bolsa para embalaje y transporte del juego de puesta a tierra (ATR16843-7); 01 ud. barrena de puesta a tierra \u00d8 19 mm x 1 m, con varilla de acero galvanizado en caliente, secci\u00f3n hexagonal y mango de acero soldado (ATR08814-1); 01 ud. bolsa para embalaje y transporte de la barrena (ATR1628-1).[\/vc_column_text][vc_separator border_width=\u00bb2&#8243; css=\u00bb\u00bb][\/vc_column][\/vc_row][vc_row][vc_column][vc_column_text css=\u00bb.vc_custom_1721153139669{margin-top: 20px !important;}\u00bb]<\/p>\n<h4><span style=\"color: #ff9900;\"><strong>ATR17440-4 Juego de toma de tierra temporal para veh\u00edculos (MT)<\/strong><\/span><\/h4>\n<p>[\/vc_column_text][vc_column_text css=\u00bb.vc_custom_1721219067616{margin-top: -20px !important;}\u00bb]\n<div id=\"tablepress-ATR17440-4-scroll-wrapper\" class=\"tablepress-scroll-wrapper\">\n<table id=\"tablepress-ATR17440-4\" class=\"tablepress tablepress-id-ATR17440-4 tablepress-responsive\">\n<thead>\n<tr class=\"row-1\">\n\t<td class=\"column-1\"><\/td><th class=\"column-2\">Refer\u00eancia<\/th><th class=\"column-3\">Descri\u00e7\u00e3o<\/th><td class=\"column-4\"><\/td><td class=\"column-5\"><\/td>\n<\/tr>\n<\/thead>\n<tbody class=\"row-striping row-hover\">\n<tr class=\"row-2\">\n\t<td class=\"column-1\"><img decoding=\"async\" src=\"https:\/\/www.ritzbrasil.com\/wp-content\/uploads\/2024\/07\/atr17440-3-conjunto-aterramento-temporario-veiculo-mt-150x150-1.jpg\" \/><\/td><td class=\"column-2\">ATR17440-4<\/td><td class=\"column-3\">Corrente m\u00e1xima de curto-circuito: 60 ciclos - 5 kA<\/td><td class=\"column-4\">    <button class=\"add-to-budget\" data-table-id=\"ATR17440-4\" data-reference=\"ATR17440-4\" data-description=\"Conjunto de Aterramento Tempor\u00e1rio para Ve\u00edculo (MT)\" style=\"color:#ff4d00;\">\n        <img decoding=\"async\" src=\"https:\/\/www.ritzbrasil.com\/\/wp-content\/uploads\/2024\/07\/orcar-compras-tabela-new-1.png\" alt=\"Solicitar cotizaci\u00f3n\" title=\"Solicitar cotizaci\u00f3n\" \/>\n    <\/button>\n    <\/td><td class=\"column-5\"><a href=\"https:\/\/lojasritz.com.br\/catalogsearch\/result\/?q=ATR17440-4\" target=\"_blank\" rel=\"noopener\"><img decoding=\"async\" src=\"https:\/\/www.ritzbrasil.com\/wp-content\/uploads\/2024\/07\/carrinho-compras-tabela.png\"  \/><\/a><\/td>\n<\/tr>\n<\/tbody>\n<\/table>\n<\/div>\n[\/vc_column_text][vc_separator border_width=\u00bb2&#8243; css=\u00bb\u00bb][vc_column_text css=\u00bb\u00bb]Conjunto compuesto por: 01 ud. pinza de toma de tierra con tornillo en \u00abT\u00bb (RG3363-1); 01 ud. pinza de toma de tierra, con tornillo en \u00abT\u00bb para conexi\u00f3n al punto de toma de tierra (RG3403T); 10 m de cable de cobre extra flexible, secci\u00f3n nominal de 25 mm\u00b2, con aislamiento de PVC transparente, 1 tramo de 10 m (CTC-25); 01 ud. terminal de cobre liso para cable de 25 mm\u00b2 (ATR13036-2); 01 ud. termo retr\u00e1ctil (ATR17923); 01 ud. bolsa para embalar y transportar el kit de toma de tierra (ATR16843-7).[\/vc_column_text][\/vc_column][\/vc_row]<\/p>\n<\/div>","protected":false},"excerpt":{"rendered":"<h4>Juego de toma de tierra temporal para veh\u00edculos (MT)<\/h4>\n<p>La puesta a tierra temporal para veh\u00edculos es un sistema de seguridad utilizado para drenar las cargas est\u00e1ticas de los veh\u00edculos y protegerlos de posibles descargas el\u00e9ctricas durante las operaciones de mantenimiento de las redes a\u00e9reas. Este sistema garantiza la protecci\u00f3n de los operarios que est\u00e1n en tierra ayudando en las actividades, evitando riesgos y descargas el\u00e9ctricas.<\/p>\n<p>El Juego de Toma de Tierra Temporal para Veh\u00edculos Ritz est\u00e1 fabricado con materiales de alta calidad, que garantizan eficacia y fiabilidad en todas las condiciones de trabajo.<\/p>\n","protected":false},"featured_media":56723,"template":"","meta":[],"product_brand":[],"product_cat":[4043,1661],"product_tag":[4047,4048,4049,4045,4046,4044],"class_list":{"0":"post-61406","1":"product","2":"type-product","3":"status-publish","4":"has-post-thumbnail","6":"product_cat-puesta-a-tierra-temporal-del-vehiculo","7":"product_cat-toma-de-tierra-temporal","8":"product_tag-atr17440-2","9":"product_tag-atr17440-3","10":"product_tag-atr17440-4","11":"product_tag-media-tension","12":"product_tag-puesta-a-tierra-temporal-del-vehiculo","13":"product_tag-toma-de-tierra-temporal","14":"description-off","16":"first","17":"instock","18":"virtual","19":"product-type-simple"},"yoast_head":"<!-- This site is optimized with the Yoast SEO plugin v27.1.1 - https:\/\/yoast.com\/product\/yoast-seo-wordpress\/ -->\n<title>Puesta a tierra temporal del veh\u00edculo<\/title>\n<meta name=\"description\" content=\"Puesta a tierra temporal de veh\u00edculos, sistema de seguridad para drenar las cargas est\u00e1ticas de los veh\u00edculos y protegerlos de posibles descargas el\u00e9ctricas durante las operaciones de mantenimiento de la red a\u00e9rea.\" \/>\n<meta name=\"robots\" content=\"index, follow, max-snippet:-1, max-image-preview:large, max-video-preview:-1\" \/>\n<link rel=\"canonical\" href=\"https:\/\/www.ritzbrasil.com\/es\/produtos\/toma-de-tierra-temporal\/puesta-a-tierra-temporal-del-vehiculo\/puesta-a-tierra-temporal-del-vehiculo-mt\/\" \/>\n<meta property=\"og:locale\" content=\"es_ES\" \/>\n<meta property=\"og:type\" content=\"article\" \/>\n<meta property=\"og:title\" content=\"Puesta a tierra temporal del veh\u00edculo\" \/>\n<meta property=\"og:description\" content=\"Puesta a tierra temporal de veh\u00edculos, sistema de seguridad para drenar las cargas est\u00e1ticas de los veh\u00edculos y protegerlos de posibles descargas el\u00e9ctricas durante las operaciones de mantenimiento de la red a\u00e9rea.\" \/>\n<meta property=\"og:url\" content=\"https:\/\/www.ritzbrasil.com\/es\/produtos\/toma-de-tierra-temporal\/puesta-a-tierra-temporal-del-vehiculo\/puesta-a-tierra-temporal-del-vehiculo-mt\/\" \/>\n<meta property=\"og:site_name\" content=\"Equipamentos de Manuten\u00e7\u00e3o e Seguran\u00e7a para o Setor El\u00e9trico - Ritz Brasil\" \/>\n<meta property=\"article:modified_time\" content=\"2026-02-25T20:15:49+00:00\" \/>\n<meta property=\"og:image\" content=\"https:\/\/www.ritzbrasil.com\/wp-content\/uploads\/2024\/07\/atr17440-2-conjunto-aterramento-temporario-veiculo-pino-bola-mt.jpg\" \/>\n\t<meta property=\"og:image:width\" content=\"1200\" \/>\n\t<meta property=\"og:image:height\" content=\"1200\" \/>\n\t<meta property=\"og:image:type\" content=\"image\/jpeg\" \/>\n<meta name=\"twitter:card\" content=\"summary_large_image\" \/>\n<meta name=\"twitter:label1\" content=\"Tiempo de lectura\" \/>\n\t<meta name=\"twitter:data1\" content=\"3 minutos\" \/>\n<script type=\"application\/ld+json\" class=\"yoast-schema-graph\">{\"@context\":\"https:\/\/schema.org\",\"@graph\":[{\"@type\":\"WebPage\",\"@id\":\"https:\/\/www.ritzbrasil.com\/es\/produtos\/toma-de-tierra-temporal\/puesta-a-tierra-temporal-del-vehiculo\/puesta-a-tierra-temporal-del-vehiculo-mt\/\",\"url\":\"https:\/\/www.ritzbrasil.com\/es\/produtos\/toma-de-tierra-temporal\/puesta-a-tierra-temporal-del-vehiculo\/puesta-a-tierra-temporal-del-vehiculo-mt\/\",\"name\":\"Puesta a tierra temporal del veh\u00edculo\",\"isPartOf\":{\"@id\":\"https:\/\/www.ritzbrasil.com\/es\/#website\"},\"primaryImageOfPage\":{\"@id\":\"https:\/\/www.ritzbrasil.com\/es\/produtos\/toma-de-tierra-temporal\/puesta-a-tierra-temporal-del-vehiculo\/puesta-a-tierra-temporal-del-vehiculo-mt\/#primaryimage\"},\"image\":{\"@id\":\"https:\/\/www.ritzbrasil.com\/es\/produtos\/toma-de-tierra-temporal\/puesta-a-tierra-temporal-del-vehiculo\/puesta-a-tierra-temporal-del-vehiculo-mt\/#primaryimage\"},\"thumbnailUrl\":\"https:\/\/www.ritzbrasil.com\/wp-content\/uploads\/2024\/07\/atr17440-2-conjunto-aterramento-temporario-veiculo-pino-bola-mt.jpg\",\"datePublished\":\"2024-07-08T10:50:43+00:00\",\"dateModified\":\"2026-02-25T20:15:49+00:00\",\"description\":\"Puesta a tierra temporal de veh\u00edculos, sistema de seguridad para drenar las cargas est\u00e1ticas de los veh\u00edculos y protegerlos de posibles descargas el\u00e9ctricas durante las operaciones de mantenimiento de la red a\u00e9rea.\",\"breadcrumb\":{\"@id\":\"https:\/\/www.ritzbrasil.com\/es\/produtos\/toma-de-tierra-temporal\/puesta-a-tierra-temporal-del-vehiculo\/puesta-a-tierra-temporal-del-vehiculo-mt\/#breadcrumb\"},\"inLanguage\":\"es\",\"potentialAction\":[{\"@type\":\"ReadAction\",\"target\":[\"https:\/\/www.ritzbrasil.com\/es\/produtos\/toma-de-tierra-temporal\/puesta-a-tierra-temporal-del-vehiculo\/puesta-a-tierra-temporal-del-vehiculo-mt\/\"]}]},{\"@type\":\"ImageObject\",\"inLanguage\":\"es\",\"@id\":\"https:\/\/www.ritzbrasil.com\/es\/produtos\/toma-de-tierra-temporal\/puesta-a-tierra-temporal-del-vehiculo\/puesta-a-tierra-temporal-del-vehiculo-mt\/#primaryimage\",\"url\":\"https:\/\/www.ritzbrasil.com\/wp-content\/uploads\/2024\/07\/atr17440-2-conjunto-aterramento-temporario-veiculo-pino-bola-mt.jpg\",\"contentUrl\":\"https:\/\/www.ritzbrasil.com\/wp-content\/uploads\/2024\/07\/atr17440-2-conjunto-aterramento-temporario-veiculo-pino-bola-mt.jpg\",\"width\":1200,\"height\":1200,\"caption\":\"ATR17440-2 Juego de toma de tierra temporal para veh\u00edculos con pasador esf\u00e9rico (MT)\"},{\"@type\":\"BreadcrumbList\",\"@id\":\"https:\/\/www.ritzbrasil.com\/es\/produtos\/toma-de-tierra-temporal\/puesta-a-tierra-temporal-del-vehiculo\/puesta-a-tierra-temporal-del-vehiculo-mt\/#breadcrumb\",\"itemListElement\":[{\"@type\":\"ListItem\",\"position\":1,\"name\":\"In\u00edcio\",\"item\":\"https:\/\/www.ritzbrasil.com\/es\/\"},{\"@type\":\"ListItem\",\"position\":2,\"name\":\"Tienda\",\"item\":\"https:\/\/www.ritzbrasil.com\/es\/tienda\/\"},{\"@type\":\"ListItem\",\"position\":3,\"name\":\"Puesta a tierra temporal del veh\u00edculo (MT)\"}]},{\"@type\":\"WebSite\",\"@id\":\"https:\/\/www.ritzbrasil.com\/es\/#website\",\"url\":\"https:\/\/www.ritzbrasil.com\/es\/\",\"name\":\"Equipamentos de Manuten\u00e7\u00e3o e Seguran\u00e7a para o Setor El\u00e9trico - Ritz Brasil\",\"description\":\"\",\"potentialAction\":[{\"@type\":\"SearchAction\",\"target\":{\"@type\":\"EntryPoint\",\"urlTemplate\":\"https:\/\/www.ritzbrasil.com\/es\/?s={search_term_string}\"},\"query-input\":{\"@type\":\"PropertyValueSpecification\",\"valueRequired\":true,\"valueName\":\"search_term_string\"}}],\"inLanguage\":\"es\"}]}<\/script>\n<!-- \/ Yoast SEO plugin. -->","yoast_head_json":{"title":"Puesta a tierra temporal del veh\u00edculo","description":"Puesta a tierra temporal de veh\u00edculos, sistema de seguridad para drenar las cargas est\u00e1ticas de los veh\u00edculos y protegerlos de posibles descargas el\u00e9ctricas durante las operaciones de mantenimiento de la red a\u00e9rea.","robots":{"index":"index","follow":"follow","max-snippet":"max-snippet:-1","max-image-preview":"max-image-preview:large","max-video-preview":"max-video-preview:-1"},"canonical":"https:\/\/www.ritzbrasil.com\/es\/produtos\/toma-de-tierra-temporal\/puesta-a-tierra-temporal-del-vehiculo\/puesta-a-tierra-temporal-del-vehiculo-mt\/","og_locale":"es_ES","og_type":"article","og_title":"Puesta a tierra temporal del veh\u00edculo","og_description":"Puesta a tierra temporal de veh\u00edculos, sistema de seguridad para drenar las cargas est\u00e1ticas de los veh\u00edculos y protegerlos de posibles descargas el\u00e9ctricas durante las operaciones de mantenimiento de la red a\u00e9rea.","og_url":"https:\/\/www.ritzbrasil.com\/es\/produtos\/toma-de-tierra-temporal\/puesta-a-tierra-temporal-del-vehiculo\/puesta-a-tierra-temporal-del-vehiculo-mt\/","og_site_name":"Equipamentos de Manuten\u00e7\u00e3o e Seguran\u00e7a para o Setor El\u00e9trico - Ritz Brasil","article_modified_time":"2026-02-25T20:15:49+00:00","og_image":[{"width":1200,"height":1200,"url":"https:\/\/www.ritzbrasil.com\/wp-content\/uploads\/2024\/07\/atr17440-2-conjunto-aterramento-temporario-veiculo-pino-bola-mt.jpg","type":"image\/jpeg"}],"twitter_card":"summary_large_image","twitter_misc":{"Tiempo de lectura":"3 minutos"},"schema":{"@context":"https:\/\/schema.org","@graph":[{"@type":"WebPage","@id":"https:\/\/www.ritzbrasil.com\/es\/produtos\/toma-de-tierra-temporal\/puesta-a-tierra-temporal-del-vehiculo\/puesta-a-tierra-temporal-del-vehiculo-mt\/","url":"https:\/\/www.ritzbrasil.com\/es\/produtos\/toma-de-tierra-temporal\/puesta-a-tierra-temporal-del-vehiculo\/puesta-a-tierra-temporal-del-vehiculo-mt\/","name":"Puesta a tierra temporal del veh\u00edculo","isPartOf":{"@id":"https:\/\/www.ritzbrasil.com\/es\/#website"},"primaryImageOfPage":{"@id":"https:\/\/www.ritzbrasil.com\/es\/produtos\/toma-de-tierra-temporal\/puesta-a-tierra-temporal-del-vehiculo\/puesta-a-tierra-temporal-del-vehiculo-mt\/#primaryimage"},"image":{"@id":"https:\/\/www.ritzbrasil.com\/es\/produtos\/toma-de-tierra-temporal\/puesta-a-tierra-temporal-del-vehiculo\/puesta-a-tierra-temporal-del-vehiculo-mt\/#primaryimage"},"thumbnailUrl":"https:\/\/www.ritzbrasil.com\/wp-content\/uploads\/2024\/07\/atr17440-2-conjunto-aterramento-temporario-veiculo-pino-bola-mt.jpg","datePublished":"2024-07-08T10:50:43+00:00","dateModified":"2026-02-25T20:15:49+00:00","description":"Puesta a tierra temporal de veh\u00edculos, sistema de seguridad para drenar las cargas est\u00e1ticas de los veh\u00edculos y protegerlos de posibles descargas el\u00e9ctricas durante las operaciones de mantenimiento de la red a\u00e9rea.","breadcrumb":{"@id":"https:\/\/www.ritzbrasil.com\/es\/produtos\/toma-de-tierra-temporal\/puesta-a-tierra-temporal-del-vehiculo\/puesta-a-tierra-temporal-del-vehiculo-mt\/#breadcrumb"},"inLanguage":"es","potentialAction":[{"@type":"ReadAction","target":["https:\/\/www.ritzbrasil.com\/es\/produtos\/toma-de-tierra-temporal\/puesta-a-tierra-temporal-del-vehiculo\/puesta-a-tierra-temporal-del-vehiculo-mt\/"]}]},{"@type":"ImageObject","inLanguage":"es","@id":"https:\/\/www.ritzbrasil.com\/es\/produtos\/toma-de-tierra-temporal\/puesta-a-tierra-temporal-del-vehiculo\/puesta-a-tierra-temporal-del-vehiculo-mt\/#primaryimage","url":"https:\/\/www.ritzbrasil.com\/wp-content\/uploads\/2024\/07\/atr17440-2-conjunto-aterramento-temporario-veiculo-pino-bola-mt.jpg","contentUrl":"https:\/\/www.ritzbrasil.com\/wp-content\/uploads\/2024\/07\/atr17440-2-conjunto-aterramento-temporario-veiculo-pino-bola-mt.jpg","width":1200,"height":1200,"caption":"ATR17440-2 Juego de toma de tierra temporal para veh\u00edculos con pasador esf\u00e9rico (MT)"},{"@type":"BreadcrumbList","@id":"https:\/\/www.ritzbrasil.com\/es\/produtos\/toma-de-tierra-temporal\/puesta-a-tierra-temporal-del-vehiculo\/puesta-a-tierra-temporal-del-vehiculo-mt\/#breadcrumb","itemListElement":[{"@type":"ListItem","position":1,"name":"In\u00edcio","item":"https:\/\/www.ritzbrasil.com\/es\/"},{"@type":"ListItem","position":2,"name":"Tienda","item":"https:\/\/www.ritzbrasil.com\/es\/tienda\/"},{"@type":"ListItem","position":3,"name":"Puesta a tierra temporal del veh\u00edculo (MT)"}]},{"@type":"WebSite","@id":"https:\/\/www.ritzbrasil.com\/es\/#website","url":"https:\/\/www.ritzbrasil.com\/es\/","name":"Equipamentos de Manuten\u00e7\u00e3o e Seguran\u00e7a para o Setor El\u00e9trico - Ritz Brasil","description":"","potentialAction":[{"@type":"SearchAction","target":{"@type":"EntryPoint","urlTemplate":"https:\/\/www.ritzbrasil.com\/es\/?s={search_term_string}"},"query-input":{"@type":"PropertyValueSpecification","valueRequired":true,"valueName":"search_term_string"}}],"inLanguage":"es"}]}},"_links":{"self":[{"href":"https:\/\/www.ritzbrasil.com\/es\/wp-json\/wp\/v2\/product\/61406","targetHints":{"allow":["GET"]}}],"collection":[{"href":"https:\/\/www.ritzbrasil.com\/es\/wp-json\/wp\/v2\/product"}],"about":[{"href":"https:\/\/www.ritzbrasil.com\/es\/wp-json\/wp\/v2\/types\/product"}],"wp:featuredmedia":[{"embeddable":true,"href":"https:\/\/www.ritzbrasil.com\/es\/wp-json\/wp\/v2\/media\/56723"}],"wp:attachment":[{"href":"https:\/\/www.ritzbrasil.com\/es\/wp-json\/wp\/v2\/media?parent=61406"}],"wp:term":[{"taxonomy":"product_brand","embeddable":true,"href":"https:\/\/www.ritzbrasil.com\/es\/wp-json\/wp\/v2\/product_brand?post=61406"},{"taxonomy":"product_cat","embeddable":true,"href":"https:\/\/www.ritzbrasil.com\/es\/wp-json\/wp\/v2\/product_cat?post=61406"},{"taxonomy":"product_tag","embeddable":true,"href":"https:\/\/www.ritzbrasil.com\/es\/wp-json\/wp\/v2\/product_tag?post=61406"}],"curies":[{"name":"wp","href":"https:\/\/api.w.org\/{rel}","templated":true}]}}