{"id":61397,"date":"2024-08-14T10:11:51","date_gmt":"2024-08-14T13:11:51","guid":{"rendered":"https:\/\/www.ritzbrasil.com\/produtos\/sin%20categor\u00eda\/varilla-de-encaje-flexible\/"},"modified":"2026-02-25T17:11:12","modified_gmt":"2026-02-25T20:11:12","slug":"varilla-de-encaje-flexible","status":"publish","type":"product","link":"https:\/\/www.ritzbrasil.com\/es\/produtos\/productos\/pertigas-herramientas-universales\/varilla-de-encaje-flexible\/","title":{"rendered":"Varilla de encaje flexible"},"content":{"rendered":"<div class=\"wpb-content-wrapper\"><p>[vc_row][vc_column][vc_column_text css=\u00bb.vc_custom_1723641989788{margin-top: 20px !important;}\u00bb]<\/p>\n<h4><span style=\"color: #ff9900;\"><strong>Varilla de encaje flexible<\/strong><\/span><\/h4>\n<p>[\/vc_column_text][vc_column_text css=\u00bb.vc_custom_1723643361089{margin-top: -20px !important;}\u00bb]\n<div id=\"tablepress-Bastao-Soquete-Flexivel-scroll-wrapper\" class=\"tablepress-scroll-wrapper\">\n<table id=\"tablepress-Bastao-Soquete-Flexivel\" class=\"tablepress tablepress-id-Bastao-Soquete-Flexivel tablepress-responsive\">\n<thead>\n<tr class=\"row-1\">\n\t<td class=\"column-1\"><\/td><th class=\"column-2\">  Refer\u00eancias<\/th><th class=\"column-3\">Caracter\u00edstica<\/th><td class=\"column-4\"><\/td><td class=\"column-5\"><\/td>\n<\/tr>\n<\/thead>\n<tbody class=\"row-striping row-hover\">\n<tr class=\"row-2\">\n\t<td class=\"column-1\"><img decoding=\"async\" src=\"https:\/\/www.ritzbrasil.com\/wp-content\/uploads\/2024\/08\/rh1891-2-bastao-soquete-flexivel-150x150-1.jpg\" \/><\/td><td class=\"column-2\">RC403-2136<\/td><td class=\"column-3\">Bast\u00e3o com Soquete flex\u00edvel e<br \/>\nsoquete fixo tipo f\u00eamea<\/td><td class=\"column-4\">    <button class=\"add-to-budget\" data-table-id=\"Bastao-Soquete-Flexivel\" data-reference=\"RC403-2136\" data-description=\"Bast\u00e3o Soquete Flex\u00edvel\" style=\"color:#ff4d00;\">\n        <img decoding=\"async\" src=\"https:\/\/www.ritzbrasil.com\/\/wp-content\/uploads\/2024\/07\/orcar-compras-tabela-new-1.png\" alt=\"Solicitar cotizaci\u00f3n\" title=\"Solicitar cotizaci\u00f3n\" \/>\n    <\/button>\n    <\/td><td class=\"column-5\"><a href=\"https:\/\/lojasritz.com.br\/catalogsearch\/result\/?q=RC403-2136\" target=\"_blank\" rel=\"noopener\"><img decoding=\"async\" src=\"https:\/\/www.ritzbrasil.com\/wp-content\/uploads\/2024\/07\/carrinho-compras-tabela.png\"  \/><\/a><\/td>\n<\/tr>\n<tr class=\"row-3\">\n\t<td class=\"column-1\"><img decoding=\"async\" src=\"https:\/\/www.ritzbrasil.com\/wp-content\/uploads\/2024\/08\/rh1891-2-bastao-soquete-flexivel-150x150-1.jpg\" \/><\/td><td class=\"column-2\">RH1891-2<\/td><td class=\"column-3\">Bast\u00e3o com Soquete flex\u00edvel e<br \/>\nsoquete fixo tipo macho<\/td><td class=\"column-4\">    <button class=\"add-to-budget\" data-table-id=\"Bastao-Soquete-Flexivel\" data-reference=\"RH1891-2\" data-description=\"Bast\u00e3o Soquete Flex\u00edvel\" style=\"color:#ff4d00;\">\n        <img decoding=\"async\" src=\"https:\/\/www.ritzbrasil.com\/\/wp-content\/uploads\/2024\/07\/orcar-compras-tabela-new-1.png\" alt=\"Solicitar cotizaci\u00f3n\" title=\"Solicitar cotizaci\u00f3n\" \/>\n    <\/button>\n    <\/td><td class=\"column-5\"><a href=\"https:\/\/lojasritz.com.br\/catalogsearch\/result\/?q=RH1891-2\" target=\"_blank\" rel=\"noopener\"><img decoding=\"async\" src=\"https:\/\/www.ritzbrasil.com\/wp-content\/uploads\/2024\/07\/carrinho-compras-tabela.png\"  \/><\/a><\/td>\n<\/tr>\n<tr class=\"row-4\">\n\t<td class=\"column-1\"><img decoding=\"async\" src=\"https:\/\/www.ritzbrasil.com\/wp-content\/uploads\/2024\/08\/rh1891-2-bastao-soquete-flexivel-150x150-1.jpg\" \/><\/td><td class=\"column-2\">RH1891-3<\/td><td class=\"column-3\">Bast\u00e3o com Soquete flex\u00edvel e<br \/>\nsoquete fixo tipo macho<\/td><td class=\"column-4\">    <button class=\"add-to-budget\" data-table-id=\"Bastao-Soquete-Flexivel\" data-reference=\"RH1891-3\" data-description=\"Bast\u00e3o Soquete Flex\u00edvel\" style=\"color:#ff4d00;\">\n        <img decoding=\"async\" src=\"https:\/\/www.ritzbrasil.com\/\/wp-content\/uploads\/2024\/07\/orcar-compras-tabela-new-1.png\" alt=\"Solicitar cotizaci\u00f3n\" title=\"Solicitar cotizaci\u00f3n\" \/>\n    <\/button>\n    <\/td><td class=\"column-5\"><a href=\"https:\/\/lojasritz.com.br\/catalogsearch\/result\/?q=RH1891-3\" target=\"_blank\" rel=\"noopener\"><img decoding=\"async\" src=\"https:\/\/www.ritzbrasil.com\/wp-content\/uploads\/2024\/07\/carrinho-compras-tabela.png\"  \/><\/a><\/td>\n<\/tr>\n<tr class=\"row-5\">\n\t<td class=\"column-1\"><img decoding=\"async\" src=\"https:\/\/www.ritzbrasil.com\/wp-content\/uploads\/2024\/08\/rh1891-2-bastao-soquete-flexivel-150x150-1.jpg\" \/><\/td><td class=\"column-2\">RH1891-6<\/td><td class=\"column-3\">Bast\u00e3o com Soquete flex\u00edvel e<br \/>\ncabe\u00e7ote universal<\/td><td class=\"column-4\">    <button class=\"add-to-budget\" data-table-id=\"Bastao-Soquete-Flexivel\" data-reference=\"RH1891-6\" data-description=\"Bast\u00e3o Soquete Flex\u00edvel\" style=\"color:#ff4d00;\">\n        <img decoding=\"async\" src=\"https:\/\/www.ritzbrasil.com\/\/wp-content\/uploads\/2024\/07\/orcar-compras-tabela-new-1.png\" alt=\"Solicitar cotizaci\u00f3n\" title=\"Solicitar cotizaci\u00f3n\" \/>\n    <\/button>\n    <\/td><td class=\"column-5\"><a href=\"https:\/\/lojasritz.com.br\/catalogsearch\/result\/?q=RH1891-6\" target=\"_blank\" rel=\"noopener\"><img decoding=\"async\" src=\"https:\/\/www.ritzbrasil.com\/wp-content\/uploads\/2024\/07\/carrinho-compras-tabela.png\"  \/><\/a><\/td>\n<\/tr>\n<\/tbody>\n<\/table>\n<\/div>\n[\/vc_column_text][vc_separator border_width=\u00bb2&#8243; css=\u00bb\u00bb][\/vc_column][\/vc_row][vc_row][vc_column][vc_column_text css=\u00bb.vc_custom_1723642294308{margin-top: 20px !important;}\u00bb]<\/p>\n<h4><span style=\"color: #ff9900;\"><strong>Accesorios<\/strong><\/span><\/h4>\n<p>[\/vc_column_text][vc_column_text css=\u00bb.vc_custom_1723643719800{margin-top: -20px !important;}\u00bb]\n<div id=\"tablepress-Bastao-Soquete-Flexivel-Acessorios-scroll-wrapper\" class=\"tablepress-scroll-wrapper\">\n<table id=\"tablepress-Bastao-Soquete-Flexivel-Acessorios\" class=\"tablepress tablepress-id-Bastao-Soquete-Flexivel-Acessorios tablepress-responsive\">\n<thead>\n<tr class=\"row-1\">\n\t<td class=\"column-1\"><\/td><th class=\"column-2\">  Refer\u00eancias<\/th><th class=\"column-3\">Caracter\u00edstica<\/th><td class=\"column-4\"><\/td><td class=\"column-5\"><\/td>\n<\/tr>\n<\/thead>\n<tbody class=\"row-striping row-hover\">\n<tr class=\"row-2\">\n\t<td class=\"column-1\"><img decoding=\"async\" src=\"https:\/\/www.ritzbrasil.com\/wp-content\/uploads\/2024\/08\/r066780-chave-catraca-manual-150x150-1.jpg\" \/><\/td><td class=\"column-2\">R066780<\/td><td class=\"column-3\">Chave catraca manual para soquete macho e f\u00eamea de 1\/2\u201d<\/td><td class=\"column-4\">    <button class=\"add-to-budget\" data-table-id=\"Bastao-Soquete-Flexivel-Acessorios\" data-reference=\"R066780\" data-description=\"Bast\u00e3o Soquete Flex\u00edvel\" style=\"color:#ff4d00;\">\n        <img decoding=\"async\" src=\"https:\/\/www.ritzbrasil.com\/\/wp-content\/uploads\/2024\/07\/orcar-compras-tabela-new-1.png\" alt=\"Solicitar cotizaci\u00f3n\" title=\"Solicitar cotizaci\u00f3n\" \/>\n    <\/button>\n    <\/td><td class=\"column-5\"><a href=\"https:\/\/lojasritz.com.br\/catalogsearch\/result\/?q=R066780\" target=\"_blank\" rel=\"noopener\"><img decoding=\"async\" src=\"https:\/\/www.ritzbrasil.com\/wp-content\/uploads\/2024\/07\/carrinho-compras-tabela.png\"  \/><\/a><\/td>\n<\/tr>\n<tr class=\"row-3\">\n\t<td class=\"column-1\"><img decoding=\"async\" src=\"https:\/\/www.ritzbrasil.com\/wp-content\/uploads\/2024\/08\/rc403-1085m-jogo-10-soquetes-longos-aco-150x150-1.jpg\" \/><\/td><td class=\"column-2\">RC403-1085<\/td><td class=\"column-3\">Jogo com 11 soquetes longos em a\u00e7o, nas medidas:<br \/>\n\u00bd\u201d, 9\/16\u201d, 5\/8\u201d, 11\/16\u201d, 3\/4\u201d, 13\/16\u201d, 7\/8\u201d,15\/16\u201d, 1\u201d,1.1\/16\u201d,<br \/>\n1.1\/8\u201d acondicionados em estojo<\/td><td class=\"column-4\">    <button class=\"add-to-budget\" data-table-id=\"Bastao-Soquete-Flexivel-Acessorios\" data-reference=\"RC403-1085\" data-description=\"Bast\u00e3o Soquete Flex\u00edvel\" style=\"color:#ff4d00;\">\n        <img decoding=\"async\" src=\"https:\/\/www.ritzbrasil.com\/\/wp-content\/uploads\/2024\/07\/orcar-compras-tabela-new-1.png\" alt=\"Solicitar cotizaci\u00f3n\" title=\"Solicitar cotizaci\u00f3n\" \/>\n    <\/button>\n    <\/td><td class=\"column-5\"><a href=\"https:\/\/lojasritz.com.br\/catalogsearch\/result\/?q=RC403-1085\" target=\"_blank\" rel=\"noopener\"><img decoding=\"async\" src=\"https:\/\/www.ritzbrasil.com\/wp-content\/uploads\/2024\/07\/carrinho-compras-tabela.png\"  \/><\/a><\/td>\n<\/tr>\n<tr class=\"row-4\">\n\t<td class=\"column-1\"><img decoding=\"async\" src=\"https:\/\/www.ritzbrasil.com\/wp-content\/uploads\/2024\/08\/rc403-1085m-jogo-10-soquetes-longos-aco-150x150-1.jpg\" \/><\/td><td class=\"column-2\">RC403-1085M<\/td><td class=\"column-3\">Jogo com 10 soquetes longos em a\u00e7o, nas medidas:<br \/>\n10 mm, 11 mm, 12 mm, 13 mm, 14 mm, 15 mm, 16 mm, 17<br \/>\nmm, 18 mm, 19 mm, acondicionados em estojo<\/td><td class=\"column-4\">    <button class=\"add-to-budget\" data-table-id=\"Bastao-Soquete-Flexivel-Acessorios\" data-reference=\"RC403-1085M\" data-description=\"Bast\u00e3o Soquete Flex\u00edvel\" style=\"color:#ff4d00;\">\n        <img decoding=\"async\" src=\"https:\/\/www.ritzbrasil.com\/\/wp-content\/uploads\/2024\/07\/orcar-compras-tabela-new-1.png\" alt=\"Solicitar cotizaci\u00f3n\" title=\"Solicitar cotizaci\u00f3n\" \/>\n    <\/button>\n    <\/td><td class=\"column-5\"><a href=\"https:\/\/lojasritz.com.br\/catalogsearch\/result\/?q=RC403-1085M\" target=\"_blank\" rel=\"noopener\"><img decoding=\"async\" src=\"https:\/\/www.ritzbrasil.com\/wp-content\/uploads\/2024\/07\/carrinho-compras-tabela.png\"  \/><\/a><\/td>\n<\/tr>\n<\/tbody>\n<\/table>\n<\/div>\n[\/vc_column_text][vc_separator border_width=\u00bb2&#8243; css=\u00bb\u00bb][vc_column_text css=\u00bb\u00bb]El juego de llaves de vaso hexagonales se compone de 11 unidades, con medidas en pulgadas o 10 unidades con medidas m\u00e9tricas, y est\u00e1 pensado para apretar junto con la varilla de encaje flexible cuando se trabaja en l\u00edneas energizadas.<\/p>\n<p>Su encaje hembra cuadrado permite adaptarlo a otras llaves de vaso manuales o varillas de encaje aislantes.<\/p>\n<p>Las llaves de vaso hexagonales se suministran en un estuche y est\u00e1n ordenadas por tama\u00f1os para facilitar la selecci\u00f3n.[\/vc_column_text][\/vc_column][\/vc_row]<\/p>\n<\/div>","protected":false},"excerpt":{"rendered":"<p>Dispone de un dispositivo para recibir herramientas destinadas a apretar tuercas de equipos en instalaciones energizadas.<\/p>\n<p>La toma flexible acoplada a la varilla proporciona al electricista una mayor flexibilidad en cuanto a la herramienta, especialmente en<br \/>\n\u00e1ngulos m\u00e1s pronunciados. La toma macho fija en un extremo de las varillas RH1891-2 y RH1891-3 permite acoplar la llave de carraca<br \/>\n(R066780) para facilitar la aplicaci\u00f3n del par de apriete necesario.<\/p>\n<p>El cabezal universal instalado en un extremo del bast\u00f3n RH1891-6 permite acoplar herramientas universales.<br \/>\n<span style=\"color: #ff9900;\"><strong>|<\/strong><\/span> Par motor m\u00e1x.: 5,5 daN.m (40 ft-lb)<\/p>\n<p>La p\u00e9rtiga aislante de toma flexible RC403-2136 tiene una toma hembra en un extremo (que permite acoplar la llave R066780) y una toma macho de 1\/2&#8243; en el otro.<\/p>\n<p>Como resultado, esta herramienta es muy vers\u00e1til porque puede intercambiar los dos tipos de herraje.<br \/>\n<span style=\"color: #ff9900;\"><strong>|<\/strong><\/span> Par m\u00e1x.: 10 daN.m (75 ft-lb)<\/p>\n","protected":false},"featured_media":57307,"template":"","meta":[],"product_brand":[],"product_cat":[2245],"product_tag":[4029,4030,4031,4025,4026,4027,4028,4024],"class_list":{"0":"post-61397","1":"product","2":"type-product","3":"status-publish","4":"has-post-thumbnail","6":"product_cat-pertigas-herramientas-universales","7":"product_tag-r066780-es","8":"product_tag-rc403-1085-es","9":"product_tag-rc403-1085m-es","10":"product_tag-rc403-2136-es","11":"product_tag-rh1891-2-es","12":"product_tag-rh1891-3-es","13":"product_tag-rh1891-6-es","14":"product_tag-varilla-de-encaje-flexible","15":"description-off","17":"first","18":"instock","19":"virtual","20":"product-type-simple"},"yoast_head":"<!-- This site is optimized with the Yoast SEO plugin v27.1.1 - https:\/\/yoast.com\/product\/yoast-seo-wordpress\/ -->\n<title>Varilla de encaje flexible<\/title>\n<meta name=\"description\" content=\"La varilla de encaje flexible est\u00e1 dise\u00f1ada para recibir herramientas utilizadas para apretar tuercas de equipos en instalaciones energizadas.\" \/>\n<meta name=\"robots\" content=\"index, follow, max-snippet:-1, max-image-preview:large, max-video-preview:-1\" \/>\n<link rel=\"canonical\" href=\"https:\/\/www.ritzbrasil.com\/es\/produtos\/productos\/pertigas-herramientas-universales\/varilla-de-encaje-flexible\/\" \/>\n<meta property=\"og:locale\" content=\"es_ES\" \/>\n<meta property=\"og:type\" content=\"article\" \/>\n<meta property=\"og:title\" content=\"Varilla de encaje flexible\" \/>\n<meta property=\"og:description\" content=\"La varilla de encaje flexible est\u00e1 dise\u00f1ada para recibir herramientas utilizadas para apretar tuercas de equipos en instalaciones energizadas.\" \/>\n<meta property=\"og:url\" content=\"https:\/\/www.ritzbrasil.com\/es\/produtos\/productos\/pertigas-herramientas-universales\/varilla-de-encaje-flexible\/\" \/>\n<meta property=\"og:site_name\" content=\"Equipamentos de Manuten\u00e7\u00e3o e Seguran\u00e7a para o Setor El\u00e9trico - Ritz Brasil\" \/>\n<meta property=\"article:modified_time\" content=\"2026-02-25T20:11:12+00:00\" \/>\n<meta property=\"og:image\" content=\"https:\/\/www.ritzbrasil.com\/wp-content\/uploads\/2024\/08\/rh1891-2-bastao-soquete-flexivel.jpg\" \/>\n\t<meta property=\"og:image:width\" content=\"1200\" \/>\n\t<meta property=\"og:image:height\" content=\"1200\" \/>\n\t<meta property=\"og:image:type\" content=\"image\/jpeg\" \/>\n<meta name=\"twitter:card\" content=\"summary_large_image\" \/>\n<meta name=\"twitter:label1\" content=\"Tiempo de lectura\" \/>\n\t<meta name=\"twitter:data1\" content=\"1 minuto\" \/>\n<script type=\"application\/ld+json\" class=\"yoast-schema-graph\">{\"@context\":\"https:\/\/schema.org\",\"@graph\":[{\"@type\":\"WebPage\",\"@id\":\"https:\/\/www.ritzbrasil.com\/es\/produtos\/productos\/pertigas-herramientas-universales\/varilla-de-encaje-flexible\/\",\"url\":\"https:\/\/www.ritzbrasil.com\/es\/produtos\/productos\/pertigas-herramientas-universales\/varilla-de-encaje-flexible\/\",\"name\":\"Varilla de encaje flexible\",\"isPartOf\":{\"@id\":\"https:\/\/www.ritzbrasil.com\/es\/#website\"},\"primaryImageOfPage\":{\"@id\":\"https:\/\/www.ritzbrasil.com\/es\/produtos\/productos\/pertigas-herramientas-universales\/varilla-de-encaje-flexible\/#primaryimage\"},\"image\":{\"@id\":\"https:\/\/www.ritzbrasil.com\/es\/produtos\/productos\/pertigas-herramientas-universales\/varilla-de-encaje-flexible\/#primaryimage\"},\"thumbnailUrl\":\"https:\/\/www.ritzbrasil.com\/wp-content\/uploads\/2024\/08\/rh1891-2-bastao-soquete-flexivel.jpg\",\"datePublished\":\"2024-08-14T13:11:51+00:00\",\"dateModified\":\"2026-02-25T20:11:12+00:00\",\"description\":\"La varilla de encaje flexible est\u00e1 dise\u00f1ada para recibir herramientas utilizadas para apretar tuercas de equipos en instalaciones energizadas.\",\"breadcrumb\":{\"@id\":\"https:\/\/www.ritzbrasil.com\/es\/produtos\/productos\/pertigas-herramientas-universales\/varilla-de-encaje-flexible\/#breadcrumb\"},\"inLanguage\":\"es\",\"potentialAction\":[{\"@type\":\"ReadAction\",\"target\":[\"https:\/\/www.ritzbrasil.com\/es\/produtos\/productos\/pertigas-herramientas-universales\/varilla-de-encaje-flexible\/\"]}]},{\"@type\":\"ImageObject\",\"inLanguage\":\"es\",\"@id\":\"https:\/\/www.ritzbrasil.com\/es\/produtos\/productos\/pertigas-herramientas-universales\/varilla-de-encaje-flexible\/#primaryimage\",\"url\":\"https:\/\/www.ritzbrasil.com\/wp-content\/uploads\/2024\/08\/rh1891-2-bastao-soquete-flexivel.jpg\",\"contentUrl\":\"https:\/\/www.ritzbrasil.com\/wp-content\/uploads\/2024\/08\/rh1891-2-bastao-soquete-flexivel.jpg\",\"width\":1200,\"height\":1200,\"caption\":\"RH1891-6 Enchufe flexible y cabeza universal\"},{\"@type\":\"BreadcrumbList\",\"@id\":\"https:\/\/www.ritzbrasil.com\/es\/produtos\/productos\/pertigas-herramientas-universales\/varilla-de-encaje-flexible\/#breadcrumb\",\"itemListElement\":[{\"@type\":\"ListItem\",\"position\":1,\"name\":\"In\u00edcio\",\"item\":\"https:\/\/www.ritzbrasil.com\/es\/\"},{\"@type\":\"ListItem\",\"position\":2,\"name\":\"Tienda\",\"item\":\"https:\/\/www.ritzbrasil.com\/es\/tienda\/\"},{\"@type\":\"ListItem\",\"position\":3,\"name\":\"Varilla de encaje flexible\"}]},{\"@type\":\"WebSite\",\"@id\":\"https:\/\/www.ritzbrasil.com\/es\/#website\",\"url\":\"https:\/\/www.ritzbrasil.com\/es\/\",\"name\":\"Equipamentos de Manuten\u00e7\u00e3o e Seguran\u00e7a para o Setor El\u00e9trico - Ritz Brasil\",\"description\":\"\",\"potentialAction\":[{\"@type\":\"SearchAction\",\"target\":{\"@type\":\"EntryPoint\",\"urlTemplate\":\"https:\/\/www.ritzbrasil.com\/es\/?s={search_term_string}\"},\"query-input\":{\"@type\":\"PropertyValueSpecification\",\"valueRequired\":true,\"valueName\":\"search_term_string\"}}],\"inLanguage\":\"es\"}]}<\/script>\n<!-- \/ Yoast SEO plugin. -->","yoast_head_json":{"title":"Varilla de encaje flexible","description":"La varilla de encaje flexible est\u00e1 dise\u00f1ada para recibir herramientas utilizadas para apretar tuercas de equipos en instalaciones energizadas.","robots":{"index":"index","follow":"follow","max-snippet":"max-snippet:-1","max-image-preview":"max-image-preview:large","max-video-preview":"max-video-preview:-1"},"canonical":"https:\/\/www.ritzbrasil.com\/es\/produtos\/productos\/pertigas-herramientas-universales\/varilla-de-encaje-flexible\/","og_locale":"es_ES","og_type":"article","og_title":"Varilla de encaje flexible","og_description":"La varilla de encaje flexible est\u00e1 dise\u00f1ada para recibir herramientas utilizadas para apretar tuercas de equipos en instalaciones energizadas.","og_url":"https:\/\/www.ritzbrasil.com\/es\/produtos\/productos\/pertigas-herramientas-universales\/varilla-de-encaje-flexible\/","og_site_name":"Equipamentos de Manuten\u00e7\u00e3o e Seguran\u00e7a para o Setor El\u00e9trico - Ritz Brasil","article_modified_time":"2026-02-25T20:11:12+00:00","og_image":[{"width":1200,"height":1200,"url":"https:\/\/www.ritzbrasil.com\/wp-content\/uploads\/2024\/08\/rh1891-2-bastao-soquete-flexivel.jpg","type":"image\/jpeg"}],"twitter_card":"summary_large_image","twitter_misc":{"Tiempo de lectura":"1 minuto"},"schema":{"@context":"https:\/\/schema.org","@graph":[{"@type":"WebPage","@id":"https:\/\/www.ritzbrasil.com\/es\/produtos\/productos\/pertigas-herramientas-universales\/varilla-de-encaje-flexible\/","url":"https:\/\/www.ritzbrasil.com\/es\/produtos\/productos\/pertigas-herramientas-universales\/varilla-de-encaje-flexible\/","name":"Varilla de encaje flexible","isPartOf":{"@id":"https:\/\/www.ritzbrasil.com\/es\/#website"},"primaryImageOfPage":{"@id":"https:\/\/www.ritzbrasil.com\/es\/produtos\/productos\/pertigas-herramientas-universales\/varilla-de-encaje-flexible\/#primaryimage"},"image":{"@id":"https:\/\/www.ritzbrasil.com\/es\/produtos\/productos\/pertigas-herramientas-universales\/varilla-de-encaje-flexible\/#primaryimage"},"thumbnailUrl":"https:\/\/www.ritzbrasil.com\/wp-content\/uploads\/2024\/08\/rh1891-2-bastao-soquete-flexivel.jpg","datePublished":"2024-08-14T13:11:51+00:00","dateModified":"2026-02-25T20:11:12+00:00","description":"La varilla de encaje flexible est\u00e1 dise\u00f1ada para recibir herramientas utilizadas para apretar tuercas de equipos en instalaciones energizadas.","breadcrumb":{"@id":"https:\/\/www.ritzbrasil.com\/es\/produtos\/productos\/pertigas-herramientas-universales\/varilla-de-encaje-flexible\/#breadcrumb"},"inLanguage":"es","potentialAction":[{"@type":"ReadAction","target":["https:\/\/www.ritzbrasil.com\/es\/produtos\/productos\/pertigas-herramientas-universales\/varilla-de-encaje-flexible\/"]}]},{"@type":"ImageObject","inLanguage":"es","@id":"https:\/\/www.ritzbrasil.com\/es\/produtos\/productos\/pertigas-herramientas-universales\/varilla-de-encaje-flexible\/#primaryimage","url":"https:\/\/www.ritzbrasil.com\/wp-content\/uploads\/2024\/08\/rh1891-2-bastao-soquete-flexivel.jpg","contentUrl":"https:\/\/www.ritzbrasil.com\/wp-content\/uploads\/2024\/08\/rh1891-2-bastao-soquete-flexivel.jpg","width":1200,"height":1200,"caption":"RH1891-6 Enchufe flexible y cabeza universal"},{"@type":"BreadcrumbList","@id":"https:\/\/www.ritzbrasil.com\/es\/produtos\/productos\/pertigas-herramientas-universales\/varilla-de-encaje-flexible\/#breadcrumb","itemListElement":[{"@type":"ListItem","position":1,"name":"In\u00edcio","item":"https:\/\/www.ritzbrasil.com\/es\/"},{"@type":"ListItem","position":2,"name":"Tienda","item":"https:\/\/www.ritzbrasil.com\/es\/tienda\/"},{"@type":"ListItem","position":3,"name":"Varilla de encaje flexible"}]},{"@type":"WebSite","@id":"https:\/\/www.ritzbrasil.com\/es\/#website","url":"https:\/\/www.ritzbrasil.com\/es\/","name":"Equipamentos de Manuten\u00e7\u00e3o e Seguran\u00e7a para o Setor El\u00e9trico - Ritz Brasil","description":"","potentialAction":[{"@type":"SearchAction","target":{"@type":"EntryPoint","urlTemplate":"https:\/\/www.ritzbrasil.com\/es\/?s={search_term_string}"},"query-input":{"@type":"PropertyValueSpecification","valueRequired":true,"valueName":"search_term_string"}}],"inLanguage":"es"}]}},"_links":{"self":[{"href":"https:\/\/www.ritzbrasil.com\/es\/wp-json\/wp\/v2\/product\/61397","targetHints":{"allow":["GET"]}}],"collection":[{"href":"https:\/\/www.ritzbrasil.com\/es\/wp-json\/wp\/v2\/product"}],"about":[{"href":"https:\/\/www.ritzbrasil.com\/es\/wp-json\/wp\/v2\/types\/product"}],"wp:featuredmedia":[{"embeddable":true,"href":"https:\/\/www.ritzbrasil.com\/es\/wp-json\/wp\/v2\/media\/57307"}],"wp:attachment":[{"href":"https:\/\/www.ritzbrasil.com\/es\/wp-json\/wp\/v2\/media?parent=61397"}],"wp:term":[{"taxonomy":"product_brand","embeddable":true,"href":"https:\/\/www.ritzbrasil.com\/es\/wp-json\/wp\/v2\/product_brand?post=61397"},{"taxonomy":"product_cat","embeddable":true,"href":"https:\/\/www.ritzbrasil.com\/es\/wp-json\/wp\/v2\/product_cat?post=61397"},{"taxonomy":"product_tag","embeddable":true,"href":"https:\/\/www.ritzbrasil.com\/es\/wp-json\/wp\/v2\/product_tag?post=61397"}],"curies":[{"name":"wp","href":"https:\/\/api.w.org\/{rel}","templated":true}]}}