{"id":61390,"date":"2024-08-21T11:30:12","date_gmt":"2024-08-21T14:30:12","guid":{"rendered":"https:\/\/www.ritzbrasil.com\/produtos\/sin%20categor\u00eda\/alicates\/"},"modified":"2026-02-25T17:09:10","modified_gmt":"2026-02-25T20:09:10","slug":"alicates","status":"publish","type":"product","link":"https:\/\/www.ritzbrasil.com\/es\/produtos\/productos\/pertigas-herramientas-universales\/alicates\/","title":{"rendered":"Alicates"},"content":{"rendered":"<div class=\"wpb-content-wrapper\"><p>[vc_row][vc_column][vc_column_text css=\u00bb.vc_custom_1724250294463{margin-top: 20px !important;}\u00bb]<\/p>\n<h4><span style=\"color: #ff9900;\"><strong>Cortacables tipo esposas<\/strong><\/span><\/h4>\n<p>[\/vc_column_text][vc_column_text css=\u00bb.vc_custom_1724329093728{margin-top: -20px !important;}\u00bb]\n<div id=\"tablepress-Alicate-Corte-Cabo-Tipo-Algema-scroll-wrapper\" class=\"tablepress-scroll-wrapper\">\n<table id=\"tablepress-Alicate-Corte-Cabo-Tipo-Algema\" class=\"tablepress tablepress-id-Alicate-Corte-Cabo-Tipo-Algema tablepress-responsive\">\n<thead>\n<tr class=\"row-1\">\n\t<td class=\"column-1\"><\/td><th class=\"column-2\">  Refer\u00eancias<\/th><th class=\"column-3\">Caracter\u00edstica<\/th><td class=\"column-4\"><\/td><td class=\"column-5\"><\/td>\n<\/tr>\n<\/thead>\n<tbody class=\"row-striping row-hover\">\n<tr class=\"row-2\">\n\t<td class=\"column-1\"><img decoding=\"async\" src=\"https:\/\/www.ritzbrasil.com\/wp-content\/uploads\/2024\/08\/fvr31874-1-alicate-150x150-1.jpg\" \/><\/td><td class=\"column-2\">FVR31874-1<\/td><td class=\"column-3\">Peso aprox.: 0,82 kg (1,81 lb)<\/td><td class=\"column-4\">    <button class=\"add-to-budget\" data-table-id=\"Alicate-Corte-Cabo-Tipo-Algema\" data-reference=\"FVR31874-1\" data-description=\"Alicate de Corte de Cabo Tipo Algema\" style=\"color:#ff4d00;\">\n        <img decoding=\"async\" src=\"https:\/\/www.ritzbrasil.com\/\/wp-content\/uploads\/2024\/07\/orcar-compras-tabela-new-1.png\" alt=\"Solicitar cotizaci\u00f3n\" title=\"Solicitar cotizaci\u00f3n\" \/>\n    <\/button>\n    <\/td><td class=\"column-5\"><a href=\"https:\/\/lojasritz.com.br\/catalogsearch\/result\/?q=FVR31874-1\" target=\"_blank\" rel=\"noopener\"><img decoding=\"async\" src=\"https:\/\/www.ritzbrasil.com\/wp-content\/uploads\/2024\/07\/carrinho-compras-tabela.png\"  \/><\/a><\/td>\n<\/tr>\n<\/tbody>\n<\/table>\n<\/div>\n[\/vc_column_text][vc_separator border_width=\u00bb2&#8243; css=\u00bb\u00bb][\/vc_column][\/vc_row][vc_row][vc_column][vc_column_text css=\u00bb.vc_custom_1724250720087{margin-top: 20px !important;}\u00bb]<\/p>\n<h4><span style=\"color: #ff9900;\"><strong>Alicates de corte<\/strong><\/span><\/h4>\n<p>[\/vc_column_text][vc_column_text css=\u00bb\u00bb]Herramienta dise\u00f1ada para crimpar conectores, manguitos de empalme y terminales de aleaciones de cobre o aluminio.[\/vc_column_text][vc_column_text css=\u00bb.vc_custom_1724329208686{margin-top: -20px !important;}\u00bb]\n<div id=\"tablepress-Alicate-Crimpador-scroll-wrapper\" class=\"tablepress-scroll-wrapper\">\n<table id=\"tablepress-Alicate-Crimpador\" class=\"tablepress tablepress-id-Alicate-Crimpador tablepress-responsive\">\n<thead>\n<tr class=\"row-1\">\n\t<td class=\"column-1\"><\/td><th class=\"column-2\">  Refer\u00eancias<\/th><th class=\"column-3\">Caracter\u00edstica<\/th><td class=\"column-4\"><\/td><td class=\"column-5\"><\/td>\n<\/tr>\n<\/thead>\n<tbody class=\"row-striping row-hover\">\n<tr class=\"row-2\">\n\t<td class=\"column-1\"><img decoding=\"async\" src=\"https:\/\/www.ritzbrasil.com\/wp-content\/uploads\/2024\/08\/fvr410-12-hidraulico-manual-150x150-1.jpg\" \/><\/td><td class=\"column-2\">FVR410-12<\/td><td class=\"column-3\">Hidr\u00e1ulico Manual (sem conjunto de matrizes)<\/td><td class=\"column-4\">    <button class=\"add-to-budget\" data-table-id=\"Alicate-Crimpador\" data-reference=\"FVR410-12\" data-description=\"Alicate  Crimpador\" style=\"color:#ff4d00;\">\n        <img decoding=\"async\" src=\"https:\/\/www.ritzbrasil.com\/\/wp-content\/uploads\/2024\/07\/orcar-compras-tabela-new-1.png\" alt=\"Solicitar cotizaci\u00f3n\" title=\"Solicitar cotizaci\u00f3n\" \/>\n    <\/button>\n    <\/td><td class=\"column-5\"><a href=\"https:\/\/lojasritz.com.br\/catalogsearch\/result\/?q=FVR410-12\" target=\"_blank\" rel=\"noopener\"><img decoding=\"async\" src=\"https:\/\/www.ritzbrasil.com\/wp-content\/uploads\/2024\/07\/carrinho-compras-tabela.png\"  \/><\/a><\/td>\n<\/tr>\n<\/tbody>\n<\/table>\n<\/div>\n[\/vc_column_text][vc_column_text css=\u00bb\u00bb]Dispone de un sistema de bombeo de dos etapas con avance r\u00e1pido, que acelera el proceso de crimpado. Cabezal articulado de acero forjado, con articulaci\u00f3n de 180\u00b0, compatible con matrices en U y hexagonales, fabricado para su uso con herramientas de 12 toneladas.<\/p>\n<p>Peso aprox.: 6,5 kg (14,35 lb)<\/p>\n<p><strong>CARACTER\u00cdSTICAS T\u00c9CNICAS<\/strong><br \/>\n&#8211; Fuerza de prensado: 12 toneladas;<br \/>\n&#8211; Presi\u00f3n m\u00e1xima de prensado: 700 kgf\/cm\u00b2;<br \/>\n&#8211; Secci\u00f3n de prensado: 35 &#8211; 300 mm\u00b2;<br \/>\n&#8211; Tipo de prensado: Compatible con matrices de tipo U y hexagonales;<br \/>\n&#8211; Capacidad de aceite: 145 cm\u00b3;<br \/>\n&#8211; Carrera: 32 mm;<br \/>\n&#8211; Sistema de accionamiento: Tubos aislados con fibra de vidrio que soportan una tensi\u00f3n de 20 kV durante 5 minutos;<br \/>\n&#8211; Embalaje: Caja de pl\u00e1stico.[\/vc_column_text][vc_separator border_width=\u00bb2&#8243; css=\u00bb\u00bb][\/vc_column][\/vc_row][vc_row][vc_column][vc_column_text css=\u00bb.vc_custom_1724329458142{margin-top: -20px !important;}\u00bb]\n<div id=\"tablepress-FVR400-12P-EH-scroll-wrapper\" class=\"tablepress-scroll-wrapper\">\n<table id=\"tablepress-FVR400-12P-EH\" class=\"tablepress tablepress-id-FVR400-12P-EH tablepress-responsive\">\n<thead>\n<tr class=\"row-1\">\n\t<td class=\"column-1\"><\/td><th class=\"column-2\">  Refer\u00eancias<\/th><th class=\"column-3\">Caracter\u00edstica<\/th><td class=\"column-4\"><\/td><td class=\"column-5\"><\/td>\n<\/tr>\n<\/thead>\n<tbody class=\"row-striping row-hover\">\n<tr class=\"row-2\">\n\t<td class=\"column-1\"><img decoding=\"async\" src=\"https:\/\/www.ritzbrasil.com\/wp-content\/uploads\/2024\/08\/fvr400-12p-eh-eletro-hidraulico-150x150-1.jpg\" \/><\/td><td class=\"column-2\">FVR400-12P-EH<\/td><td class=\"column-3\">Eletro-Hidr\u00e1ulico (sem conjunto de matrizes)<\/td><td class=\"column-4\">    <button class=\"add-to-budget\" data-table-id=\"FVR400-12P-EH\" data-reference=\"FVR400-12P-EH\" data-description=\"Alicate  Crimpador\" style=\"color:#ff4d00;\">\n        <img decoding=\"async\" src=\"https:\/\/www.ritzbrasil.com\/\/wp-content\/uploads\/2024\/07\/orcar-compras-tabela-new-1.png\" alt=\"Solicitar cotizaci\u00f3n\" title=\"Solicitar cotizaci\u00f3n\" \/>\n    <\/button>\n    <\/td><td class=\"column-5\"><a href=\"https:\/\/lojasritz.com.br\/catalogsearch\/result\/?q=FVR400-12P-EH\" target=\"_blank\" rel=\"noopener\"><img decoding=\"async\" src=\"https:\/\/www.ritzbrasil.com\/wp-content\/uploads\/2024\/07\/carrinho-compras-tabela.png\"  \/><\/a><\/td>\n<\/tr>\n<\/tbody>\n<\/table>\n<\/div>\n[\/vc_column_text][vc_column_text css=\u00bb\u00bb]Herramienta hidr\u00e1ulica con avance r\u00e1pido y retorno autom\u00e1tico tras la compresi\u00f3n, con ojal situado en la parte superior del cuerpo para la correa de hombro, que proporciona una sujeci\u00f3n superior durante el uso.<\/p>\n<p>Dispone de un cabezal portamatrices de acero forjado, que destaca por su robustez y versatilidad, con 350\u00ba de articulaci\u00f3n.<\/p>\n<p>El enchufe es compatible con matrices dise\u00f1adas para herramientas de 12 toneladas (matrices no incluidas).<\/p>\n<p>Para proporcionar autonom\u00eda y eficacia, se suministra con dos bater\u00edas de iones de litio Makita de 18 V y 5,0 Ah, modelo BL1850B, acompa\u00f1adas de un cargador de bater\u00edas Makita compatible.<\/p>\n<p>Peso aprox. (con bater\u00eda): 7,20 kg (15,90 lb)<\/p>\n<p><strong>CARACTER\u00cdSTICAS T\u00c9CNICAS<\/strong><br \/>\n&#8211; Fuerza de prensado: 12 kN;<br \/>\n&#8211; Apertura de la boquilla: 42 mm;<br \/>\n&#8211; Secci\u00f3n de prensado: 16 &#8211; 400 mm\u00b2;<br \/>\n&#8211; Velocidad del ciclo de prensado: 6-10 segundos;<br \/>\n&#8211; Ciclos de prensado por carga: 120 veces;<br \/>\n&#8211; Tipo de prensado: Compatible con matrices tipo U y hexagonales;<br \/>\n&#8211; Bater\u00eda: 18V 5.0Ah Li-ion<br \/>\n&#8211; Embalaje: Estuche de pl\u00e1stico.[\/vc_column_text][\/vc_column][\/vc_row]<\/p>\n<\/div>","protected":false},"excerpt":{"rendered":"<p>Dise\u00f1ada para ser pr\u00e1ctica y eficaz, su estructura ligera y su dise\u00f1o ergon\u00f3mico la convierten en la herramienta manual perfecta para el corte preciso con una sola mano de conductores de cobre o aluminio en redes de distribuci\u00f3n, ideal para trabajar en espacios reducidos.<\/p>\n<p>Estos alicates garantizan un corte limpio, suave y firme de los conductores, sin riesgo de aplastamiento. Su versatilidad le permite cortar completamente conductores con n\u00facleo de cobre o aluminio, con un di\u00e1metro m\u00e1ximo de \u00d848mm\/400mm\u00b2. La cuchilla de corte est\u00e1 fabricada en acero especial, que proporciona una durabilidad excepcional. Su portabilidad hace que sea f\u00e1cil de guardar en tu bolsa de herramientas.<\/p>\n<p>La funcionalidad adicional del ojal estrat\u00e9gicamente situado en la herramienta no s\u00f3lo facilita la apertura del grillete, sino que tambi\u00e9n permite visualizar claramente la operaci\u00f3n de corte.<\/p>\n","protected":false},"featured_media":57715,"template":"","meta":[],"product_brand":[],"product_cat":[2245],"product_tag":[3911,3912,3914,3913],"class_list":{"0":"post-61390","1":"product","2":"type-product","3":"status-publish","4":"has-post-thumbnail","6":"product_cat-pertigas-herramientas-universales","7":"product_tag-alicates-es","8":"product_tag-fvr31874-1-es","9":"product_tag-fvr400-12p-eh-es","10":"product_tag-fvr410-12-es","11":"description-off","13":"first","14":"instock","15":"virtual","16":"product-type-simple"},"yoast_head":"<!-- This site is optimized with the Yoast SEO plugin v27.1.1 - https:\/\/yoast.com\/product\/yoast-seo-wordpress\/ -->\n<title>Alicates<\/title>\n<meta name=\"description\" content=\"Alicates ligeros y ergon\u00f3micos para cortar con precisi\u00f3n conductores de cobre o aluminio en redes de distribuci\u00f3n, ideales para espacios reducidos y para utilizar con una sola mano.\" \/>\n<meta name=\"robots\" content=\"index, follow, max-snippet:-1, max-image-preview:large, max-video-preview:-1\" \/>\n<link rel=\"canonical\" href=\"https:\/\/www.ritzbrasil.com\/es\/produtos\/productos\/pertigas-herramientas-universales\/alicates\/\" \/>\n<meta property=\"og:locale\" content=\"es_ES\" \/>\n<meta property=\"og:type\" content=\"article\" \/>\n<meta property=\"og:title\" content=\"Alicates\" \/>\n<meta property=\"og:description\" content=\"Alicates ligeros y ergon\u00f3micos para cortar con precisi\u00f3n conductores de cobre o aluminio en redes de distribuci\u00f3n, ideales para espacios reducidos y para utilizar con una sola mano.\" \/>\n<meta property=\"og:url\" content=\"https:\/\/www.ritzbrasil.com\/es\/produtos\/productos\/pertigas-herramientas-universales\/alicates\/\" \/>\n<meta property=\"og:site_name\" content=\"Equipamentos de Manuten\u00e7\u00e3o e Seguran\u00e7a para o Setor El\u00e9trico - Ritz Brasil\" \/>\n<meta property=\"article:modified_time\" content=\"2026-02-25T20:09:10+00:00\" \/>\n<meta property=\"og:image\" content=\"https:\/\/www.ritzbrasil.com\/wp-content\/uploads\/2024\/08\/fvr31874-1-alicate.jpg\" \/>\n\t<meta property=\"og:image:width\" content=\"1200\" \/>\n\t<meta property=\"og:image:height\" content=\"1200\" \/>\n\t<meta property=\"og:image:type\" content=\"image\/jpeg\" \/>\n<meta name=\"twitter:card\" content=\"summary_large_image\" \/>\n<meta name=\"twitter:label1\" content=\"Tiempo de lectura\" \/>\n\t<meta name=\"twitter:data1\" content=\"2 minutos\" \/>\n<script type=\"application\/ld+json\" class=\"yoast-schema-graph\">{\"@context\":\"https:\/\/schema.org\",\"@graph\":[{\"@type\":\"WebPage\",\"@id\":\"https:\/\/www.ritzbrasil.com\/es\/produtos\/productos\/pertigas-herramientas-universales\/alicates\/\",\"url\":\"https:\/\/www.ritzbrasil.com\/es\/produtos\/productos\/pertigas-herramientas-universales\/alicates\/\",\"name\":\"Alicates\",\"isPartOf\":{\"@id\":\"https:\/\/www.ritzbrasil.com\/es\/#website\"},\"primaryImageOfPage\":{\"@id\":\"https:\/\/www.ritzbrasil.com\/es\/produtos\/productos\/pertigas-herramientas-universales\/alicates\/#primaryimage\"},\"image\":{\"@id\":\"https:\/\/www.ritzbrasil.com\/es\/produtos\/productos\/pertigas-herramientas-universales\/alicates\/#primaryimage\"},\"thumbnailUrl\":\"https:\/\/www.ritzbrasil.com\/wp-content\/uploads\/2024\/08\/fvr31874-1-alicate.jpg\",\"datePublished\":\"2024-08-21T14:30:12+00:00\",\"dateModified\":\"2026-02-25T20:09:10+00:00\",\"description\":\"Alicates ligeros y ergon\u00f3micos para cortar con precisi\u00f3n conductores de cobre o aluminio en redes de distribuci\u00f3n, ideales para espacios reducidos y para utilizar con una sola mano.\",\"breadcrumb\":{\"@id\":\"https:\/\/www.ritzbrasil.com\/es\/produtos\/productos\/pertigas-herramientas-universales\/alicates\/#breadcrumb\"},\"inLanguage\":\"es\",\"potentialAction\":[{\"@type\":\"ReadAction\",\"target\":[\"https:\/\/www.ritzbrasil.com\/es\/produtos\/productos\/pertigas-herramientas-universales\/alicates\/\"]}]},{\"@type\":\"ImageObject\",\"inLanguage\":\"es\",\"@id\":\"https:\/\/www.ritzbrasil.com\/es\/produtos\/productos\/pertigas-herramientas-universales\/alicates\/#primaryimage\",\"url\":\"https:\/\/www.ritzbrasil.com\/wp-content\/uploads\/2024\/08\/fvr31874-1-alicate.jpg\",\"contentUrl\":\"https:\/\/www.ritzbrasil.com\/wp-content\/uploads\/2024\/08\/fvr31874-1-alicate.jpg\",\"width\":1200,\"height\":1200,\"caption\":\"FVR31874-1 Alicates\"},{\"@type\":\"BreadcrumbList\",\"@id\":\"https:\/\/www.ritzbrasil.com\/es\/produtos\/productos\/pertigas-herramientas-universales\/alicates\/#breadcrumb\",\"itemListElement\":[{\"@type\":\"ListItem\",\"position\":1,\"name\":\"In\u00edcio\",\"item\":\"https:\/\/www.ritzbrasil.com\/es\/\"},{\"@type\":\"ListItem\",\"position\":2,\"name\":\"Tienda\",\"item\":\"https:\/\/www.ritzbrasil.com\/es\/tienda\/\"},{\"@type\":\"ListItem\",\"position\":3,\"name\":\"Alicates\"}]},{\"@type\":\"WebSite\",\"@id\":\"https:\/\/www.ritzbrasil.com\/es\/#website\",\"url\":\"https:\/\/www.ritzbrasil.com\/es\/\",\"name\":\"Equipamentos de Manuten\u00e7\u00e3o e Seguran\u00e7a para o Setor El\u00e9trico - Ritz Brasil\",\"description\":\"\",\"potentialAction\":[{\"@type\":\"SearchAction\",\"target\":{\"@type\":\"EntryPoint\",\"urlTemplate\":\"https:\/\/www.ritzbrasil.com\/es\/?s={search_term_string}\"},\"query-input\":{\"@type\":\"PropertyValueSpecification\",\"valueRequired\":true,\"valueName\":\"search_term_string\"}}],\"inLanguage\":\"es\"}]}<\/script>\n<!-- \/ Yoast SEO plugin. -->","yoast_head_json":{"title":"Alicates","description":"Alicates ligeros y ergon\u00f3micos para cortar con precisi\u00f3n conductores de cobre o aluminio en redes de distribuci\u00f3n, ideales para espacios reducidos y para utilizar con una sola mano.","robots":{"index":"index","follow":"follow","max-snippet":"max-snippet:-1","max-image-preview":"max-image-preview:large","max-video-preview":"max-video-preview:-1"},"canonical":"https:\/\/www.ritzbrasil.com\/es\/produtos\/productos\/pertigas-herramientas-universales\/alicates\/","og_locale":"es_ES","og_type":"article","og_title":"Alicates","og_description":"Alicates ligeros y ergon\u00f3micos para cortar con precisi\u00f3n conductores de cobre o aluminio en redes de distribuci\u00f3n, ideales para espacios reducidos y para utilizar con una sola mano.","og_url":"https:\/\/www.ritzbrasil.com\/es\/produtos\/productos\/pertigas-herramientas-universales\/alicates\/","og_site_name":"Equipamentos de Manuten\u00e7\u00e3o e Seguran\u00e7a para o Setor El\u00e9trico - Ritz Brasil","article_modified_time":"2026-02-25T20:09:10+00:00","og_image":[{"width":1200,"height":1200,"url":"https:\/\/www.ritzbrasil.com\/wp-content\/uploads\/2024\/08\/fvr31874-1-alicate.jpg","type":"image\/jpeg"}],"twitter_card":"summary_large_image","twitter_misc":{"Tiempo de lectura":"2 minutos"},"schema":{"@context":"https:\/\/schema.org","@graph":[{"@type":"WebPage","@id":"https:\/\/www.ritzbrasil.com\/es\/produtos\/productos\/pertigas-herramientas-universales\/alicates\/","url":"https:\/\/www.ritzbrasil.com\/es\/produtos\/productos\/pertigas-herramientas-universales\/alicates\/","name":"Alicates","isPartOf":{"@id":"https:\/\/www.ritzbrasil.com\/es\/#website"},"primaryImageOfPage":{"@id":"https:\/\/www.ritzbrasil.com\/es\/produtos\/productos\/pertigas-herramientas-universales\/alicates\/#primaryimage"},"image":{"@id":"https:\/\/www.ritzbrasil.com\/es\/produtos\/productos\/pertigas-herramientas-universales\/alicates\/#primaryimage"},"thumbnailUrl":"https:\/\/www.ritzbrasil.com\/wp-content\/uploads\/2024\/08\/fvr31874-1-alicate.jpg","datePublished":"2024-08-21T14:30:12+00:00","dateModified":"2026-02-25T20:09:10+00:00","description":"Alicates ligeros y ergon\u00f3micos para cortar con precisi\u00f3n conductores de cobre o aluminio en redes de distribuci\u00f3n, ideales para espacios reducidos y para utilizar con una sola mano.","breadcrumb":{"@id":"https:\/\/www.ritzbrasil.com\/es\/produtos\/productos\/pertigas-herramientas-universales\/alicates\/#breadcrumb"},"inLanguage":"es","potentialAction":[{"@type":"ReadAction","target":["https:\/\/www.ritzbrasil.com\/es\/produtos\/productos\/pertigas-herramientas-universales\/alicates\/"]}]},{"@type":"ImageObject","inLanguage":"es","@id":"https:\/\/www.ritzbrasil.com\/es\/produtos\/productos\/pertigas-herramientas-universales\/alicates\/#primaryimage","url":"https:\/\/www.ritzbrasil.com\/wp-content\/uploads\/2024\/08\/fvr31874-1-alicate.jpg","contentUrl":"https:\/\/www.ritzbrasil.com\/wp-content\/uploads\/2024\/08\/fvr31874-1-alicate.jpg","width":1200,"height":1200,"caption":"FVR31874-1 Alicates"},{"@type":"BreadcrumbList","@id":"https:\/\/www.ritzbrasil.com\/es\/produtos\/productos\/pertigas-herramientas-universales\/alicates\/#breadcrumb","itemListElement":[{"@type":"ListItem","position":1,"name":"In\u00edcio","item":"https:\/\/www.ritzbrasil.com\/es\/"},{"@type":"ListItem","position":2,"name":"Tienda","item":"https:\/\/www.ritzbrasil.com\/es\/tienda\/"},{"@type":"ListItem","position":3,"name":"Alicates"}]},{"@type":"WebSite","@id":"https:\/\/www.ritzbrasil.com\/es\/#website","url":"https:\/\/www.ritzbrasil.com\/es\/","name":"Equipamentos de Manuten\u00e7\u00e3o e Seguran\u00e7a para o Setor El\u00e9trico - Ritz Brasil","description":"","potentialAction":[{"@type":"SearchAction","target":{"@type":"EntryPoint","urlTemplate":"https:\/\/www.ritzbrasil.com\/es\/?s={search_term_string}"},"query-input":{"@type":"PropertyValueSpecification","valueRequired":true,"valueName":"search_term_string"}}],"inLanguage":"es"}]}},"_links":{"self":[{"href":"https:\/\/www.ritzbrasil.com\/es\/wp-json\/wp\/v2\/product\/61390","targetHints":{"allow":["GET"]}}],"collection":[{"href":"https:\/\/www.ritzbrasil.com\/es\/wp-json\/wp\/v2\/product"}],"about":[{"href":"https:\/\/www.ritzbrasil.com\/es\/wp-json\/wp\/v2\/types\/product"}],"wp:featuredmedia":[{"embeddable":true,"href":"https:\/\/www.ritzbrasil.com\/es\/wp-json\/wp\/v2\/media\/57715"}],"wp:attachment":[{"href":"https:\/\/www.ritzbrasil.com\/es\/wp-json\/wp\/v2\/media?parent=61390"}],"wp:term":[{"taxonomy":"product_brand","embeddable":true,"href":"https:\/\/www.ritzbrasil.com\/es\/wp-json\/wp\/v2\/product_brand?post=61390"},{"taxonomy":"product_cat","embeddable":true,"href":"https:\/\/www.ritzbrasil.com\/es\/wp-json\/wp\/v2\/product_cat?post=61390"},{"taxonomy":"product_tag","embeddable":true,"href":"https:\/\/www.ritzbrasil.com\/es\/wp-json\/wp\/v2\/product_tag?post=61390"}],"curies":[{"name":"wp","href":"https:\/\/api.w.org\/{rel}","templated":true}]}}