{"id":61384,"date":"2024-08-20T15:43:35","date_gmt":"2024-08-20T18:43:35","guid":{"rendered":"https:\/\/www.ritzbrasil.com\/produtos\/sin%20categor\u00eda\/poste-de-poda\/"},"modified":"2026-02-25T17:11:03","modified_gmt":"2026-02-25T20:11:03","slug":"poste-de-poda","status":"publish","type":"product","link":"https:\/\/www.ritzbrasil.com\/es\/produtos\/varas-de-mano-varas-de-maniobra-y-herramientas-universales\/poste-de-poda\/","title":{"rendered":"Poste de poda"},"content":{"rendered":"<div class=\"wpb-content-wrapper\"><p>[vc_row][vc_column][vc_column_text css=\u00bb.vc_custom_1724177397884{margin-top: 20px !important;}\u00bb]<\/p>\n<h4><span style=\"color: #ff9900;\"><strong>Poste de poda<\/strong><\/span><\/h4>\n<p>[\/vc_column_text][vc_column_text css=\u00bb.vc_custom_1724244270973{margin-top: -20px !important;}\u00bb]\n<div id=\"tablepress-Bastao-Podador-scroll-wrapper\" class=\"tablepress-scroll-wrapper\">\n<table id=\"tablepress-Bastao-Podador\" class=\"tablepress tablepress-id-Bastao-Podador tablepress-responsive\">\n<thead>\n<tr class=\"row-1\">\n\t<td class=\"column-1\"><\/td><th class=\"column-2\">  Refer\u00eancias<\/th><th class=\"column-3\">Caracter\u00edstica<\/th><td class=\"column-4\"><\/td><td class=\"column-5\"><\/td>\n<\/tr>\n<\/thead>\n<tbody class=\"row-striping row-hover\">\n<tr class=\"row-2\">\n\t<td class=\"column-1\"><img decoding=\"async\" src=\"https:\/\/www.ritzbrasil.com\/wp-content\/uploads\/2024\/08\/flv31519-1-podador-galho-cabecote-universal-150x150-1.jpg\" \/><\/td><td class=\"column-2\">FLV31519-1<\/td><td class=\"column-3\">Bast\u00e3o com Podador de galho com<br \/>\ncabe\u00e7ote universal<\/td><td class=\"column-4\">    <button class=\"add-to-budget\" data-table-id=\"Bastao-Podador\" data-reference=\"FLV31519-1\" data-description=\"Bast\u00e3o Podador\" style=\"color:#ff4d00;\">\n        <img decoding=\"async\" src=\"https:\/\/www.ritzbrasil.com\/\/wp-content\/uploads\/2024\/07\/orcar-compras-tabela-new-1.png\" alt=\"Solicitar cotizaci\u00f3n\" title=\"Solicitar cotizaci\u00f3n\" \/>\n    <\/button>\n    <\/td><td class=\"column-5\"><a href=\"https:\/\/lojasritz.com.br\/catalogsearch\/result\/?q=FLV31519-1\" target=\"_blank\" rel=\"noopener\"><img decoding=\"async\" src=\"https:\/\/www.ritzbrasil.com\/wp-content\/uploads\/2024\/07\/carrinho-compras-tabela.png\"  \/><\/a><\/td>\n<\/tr>\n<tr class=\"row-3\">\n\t<td class=\"column-1\"><img decoding=\"async\" src=\"https:\/\/www.ritzbrasil.com\/wp-content\/uploads\/2024\/08\/rh2106-podador-galho-engate-rapido-150x150-1.jpg\" \/><\/td><td class=\"column-2\">RH2106<\/td><td class=\"column-3\">Bast\u00e3o com Podador de galho com<br \/>\nengate r\u00e1pido<\/td><td class=\"column-4\">    <button class=\"add-to-budget\" data-table-id=\"Bastao-Podador\" data-reference=\"RH2106\" data-description=\"Bast\u00e3o Podador\" style=\"color:#ff4d00;\">\n        <img decoding=\"async\" src=\"https:\/\/www.ritzbrasil.com\/\/wp-content\/uploads\/2024\/07\/orcar-compras-tabela-new-1.png\" alt=\"Solicitar cotizaci\u00f3n\" title=\"Solicitar cotizaci\u00f3n\" \/>\n    <\/button>\n    <\/td><td class=\"column-5\"><a href=\"https:\/\/lojasritz.com.br\/catalogsearch\/result\/?q=RH2106\" target=\"_blank\" rel=\"noopener\"><img decoding=\"async\" src=\"https:\/\/www.ritzbrasil.com\/wp-content\/uploads\/2024\/07\/carrinho-compras-tabela.png\"  \/><\/a><\/td>\n<\/tr>\n<tr class=\"row-4\">\n\t<td class=\"column-1\"><img decoding=\"async\" src=\"https:\/\/www.ritzbrasil.com\/wp-content\/uploads\/2024\/08\/flv21137-1-podador-galho-engate-rapido-150x150-1.jpg\" \/><\/td><td class=\"column-2\">FLV21137-1<\/td><td class=\"column-3\">Bast\u00e3o com Podador de galho com<br \/>\nengate r\u00e1pido<\/td><td class=\"column-4\">    <button class=\"add-to-budget\" data-table-id=\"Bastao-Podador\" data-reference=\"FLV21137-1\" data-description=\"Bast\u00e3o Podador\" style=\"color:#ff4d00;\">\n        <img decoding=\"async\" src=\"https:\/\/www.ritzbrasil.com\/\/wp-content\/uploads\/2024\/07\/orcar-compras-tabela-new-1.png\" alt=\"Solicitar cotizaci\u00f3n\" title=\"Solicitar cotizaci\u00f3n\" \/>\n    <\/button>\n    <\/td><td class=\"column-5\"><a href=\"https:\/\/lojasritz.com.br\/catalogsearch\/result\/?q=FLV21137-1\" target=\"_blank\" rel=\"noopener\"><img decoding=\"async\" src=\"https:\/\/www.ritzbrasil.com\/wp-content\/uploads\/2024\/07\/carrinho-compras-tabela.png\"  \/><\/a><\/td>\n<\/tr>\n<\/tbody>\n<\/table>\n<\/div>\n[\/vc_column_text][vc_separator border_width=\u00bb2&#8243; css=\u00bb\u00bb][\/vc_column][\/vc_row][vc_row][vc_column][vc_column_text css=\u00bb.vc_custom_1724183166158{margin-top: 20px !important;}\u00bb]<\/p>\n<h4><span style=\"color: #ff9900;\"><strong>Sierra de podar<\/strong><\/span><\/h4>\n<p>[\/vc_column_text][vc_column_text css=\u00bb.vc_custom_1724244662482{margin-top: -20px !important;}\u00bb]\n<div id=\"tablepress-Serra-Poda-scroll-wrapper\" class=\"tablepress-scroll-wrapper\">\n<table id=\"tablepress-Serra-Poda\" class=\"tablepress tablepress-id-Serra-Poda tablepress-responsive\">\n<thead>\n<tr class=\"row-1\">\n\t<td class=\"column-1\"><\/td><th class=\"column-2\">  Refer\u00eancias<\/th><th class=\"column-3\">Caracter\u00edstica<\/th><td class=\"column-4\"><\/td><td class=\"column-5\"><\/td>\n<\/tr>\n<\/thead>\n<tbody class=\"row-striping row-hover\">\n<tr class=\"row-2\">\n\t<td class=\"column-1\"><img decoding=\"async\" src=\"https:\/\/www.ritzbrasil.com\/wp-content\/uploads\/2024\/08\/flv31479-2-serra-poda-150x150-1.jpg\" \/><\/td><td class=\"column-2\">FLV31479-2<\/td><td class=\"column-3\">Serra para poda<br \/>\nPermite serrar galhos de \u00e1rvores nas proximidades de instala\u00e7\u00f5es<br \/>\nenergizadas.<br \/>\nPeso aprox.: 0,36 kg (0,79 lb)<\/td><td class=\"column-4\">    <button class=\"add-to-budget\" data-table-id=\"Serra-Poda\" data-reference=\"FLV31479-2\" data-description=\"Serra para Poda\" style=\"color:#ff4d00;\">\n        <img decoding=\"async\" src=\"https:\/\/www.ritzbrasil.com\/\/wp-content\/uploads\/2024\/07\/orcar-compras-tabela-new-1.png\" alt=\"Solicitar cotizaci\u00f3n\" title=\"Solicitar cotizaci\u00f3n\" \/>\n    <\/button>\n    <\/td><td class=\"column-5\"><a href=\"https:\/\/lojasritz.com.br\/catalogsearch\/result\/?q=FLV31479-2\" target=\"_blank\" rel=\"noopener\"><img decoding=\"async\" src=\"https:\/\/www.ritzbrasil.com\/wp-content\/uploads\/2024\/07\/carrinho-compras-tabela.png\"  \/><\/a><\/td>\n<\/tr>\n<tr class=\"row-3\">\n\t<td class=\"column-1\"><img decoding=\"async\" src=\"https:\/\/www.ritzbrasil.com\/wp-content\/uploads\/2024\/08\/flv31800-1t-serra-poda-gancho-auxiliares-150x150-1.jpg\" \/><\/td><td class=\"column-2\">FLV31800-1T<\/td><td class=\"column-3\">Serra para poda com gancho auxiliares<br \/>\nPossui ganchos nas extremidades para auxiliar na remo\u00e7\u00e3o dos galhos<br \/>\ncortados.<br \/>\nPeso aprox.: 0,46 kg (1,02 lb)<\/td><td class=\"column-4\">    <button class=\"add-to-budget\" data-table-id=\"Serra-Poda\" data-reference=\"FLV31800-1T\" data-description=\"Serra para Poda\" style=\"color:#ff4d00;\">\n        <img decoding=\"async\" src=\"https:\/\/www.ritzbrasil.com\/\/wp-content\/uploads\/2024\/07\/orcar-compras-tabela-new-1.png\" alt=\"Solicitar cotizaci\u00f3n\" title=\"Solicitar cotizaci\u00f3n\" \/>\n    <\/button>\n    <\/td><td class=\"column-5\"><a href=\"https:\/\/lojasritz.com.br\/catalogsearch\/result\/?q=FLV31800-1T\" target=\"_blank\" rel=\"noopener\"><img decoding=\"async\" src=\"https:\/\/www.ritzbrasil.com\/wp-content\/uploads\/2024\/07\/carrinho-compras-tabela.png\"  \/><\/a><\/td>\n<\/tr>\n<\/tbody>\n<\/table>\n<\/div>\n[\/vc_column_text][vc_separator border_width=\u00bb2&#8243; css=\u00bb\u00bb][\/vc_column][\/vc_row]<\/p>\n<\/div>","protected":false},"excerpt":{"rendered":"<p>Dise\u00f1ada para cortar las ramas de los \u00e1rboles con precisi\u00f3n, la p\u00e9rtiga de poda es ideal para zonas pr\u00f3ximas a instalaciones el\u00e9ctricas, garantizando eficacia y seguridad durante la intervenci\u00f3n.<\/p>\n<p>Con afiladas cuchillas de acero forjado, la p\u00e9rtiga de poda es capaz de cortar ramas de hasta \u00d81&#8243;. Su sistema de poleas proporciona una ventaja mec\u00e1nica de 3&#215;1, facilitando el trabajo del operador. Por ejemplo, una fuerza de 4,5 daN (10 lb) en la cuerda se traducir\u00e1 en una fuerza de 13,5 daN (30 lb) en las cuchillas.<\/p>\n<p>La p\u00e9rtiga de poda tiene una cuerda de \u00d8 1\/4&#8243; con una longitud de 7,60 metros. Tambi\u00e9n tiene una toma universal junto a la hoja, que te permite instalar una sierra para podar ramas.<\/p>\n<p>La p\u00e9rtiga de poda ofrece versatilidad, ya que permite acoplar p\u00e9rtigas complementarias mediante el cabezal universal (FLV31519-1) o el sistema de acoplamiento r\u00e1pido (RH2106 &#8211; FLV21137-1), garantizando un trabajo eficaz y manteniendo la distancia m\u00ednima de seguridad.<\/p>\n","protected":false},"featured_media":57687,"template":"","meta":[],"product_brand":[],"product_cat":[2245],"product_tag":[3894,3823,3892,3824,3891,3893],"class_list":{"0":"post-61384","1":"product","2":"type-product","3":"status-publish","4":"has-post-thumbnail","6":"product_cat-varas-de-mano-varas-de-maniobra-y-herramientas-universales","7":"product_tag-flv21137-1-es","8":"product_tag-flv31479-2-es","9":"product_tag-flv31519-1-es","10":"product_tag-flv31800-1t-es","11":"product_tag-poste-de-poda","12":"product_tag-rh2106-es","13":"description-off","15":"first","16":"instock","17":"virtual","18":"product-type-simple"},"yoast_head":"<!-- This site is optimized with the Yoast SEO plugin v27.1.1 - https:\/\/yoast.com\/product\/yoast-seo-wordpress\/ -->\n<title>Poste de poda<\/title>\n<meta name=\"description\" content=\"La p\u00e9rtiga de poda ofrece precisi\u00f3n al cortar ramas y es ideal para zonas cercanas a instalaciones el\u00e9ctricas, con seguridad garantizada.\" \/>\n<meta name=\"robots\" content=\"index, follow, max-snippet:-1, max-image-preview:large, max-video-preview:-1\" \/>\n<link rel=\"canonical\" href=\"https:\/\/www.ritzbrasil.com\/es\/produtos\/varas-de-mano-varas-de-maniobra-y-herramientas-universales\/poste-de-poda\/\" \/>\n<meta property=\"og:locale\" content=\"es_ES\" \/>\n<meta property=\"og:type\" content=\"article\" \/>\n<meta property=\"og:title\" content=\"Poste de poda\" \/>\n<meta property=\"og:description\" content=\"La p\u00e9rtiga de poda ofrece precisi\u00f3n al cortar ramas y es ideal para zonas cercanas a instalaciones el\u00e9ctricas, con seguridad garantizada.\" \/>\n<meta property=\"og:url\" content=\"https:\/\/www.ritzbrasil.com\/es\/produtos\/varas-de-mano-varas-de-maniobra-y-herramientas-universales\/poste-de-poda\/\" \/>\n<meta property=\"og:site_name\" content=\"Equipamentos de Manuten\u00e7\u00e3o e Seguran\u00e7a para o Setor El\u00e9trico - Ritz Brasil\" \/>\n<meta property=\"article:modified_time\" content=\"2026-02-25T20:11:03+00:00\" \/>\n<meta property=\"og:image\" content=\"https:\/\/www.ritzbrasil.com\/wp-content\/uploads\/2024\/08\/flv31519-1-podador-galho-cabecote-universal.jpg\" \/>\n\t<meta property=\"og:image:width\" content=\"1200\" \/>\n\t<meta property=\"og:image:height\" content=\"1200\" \/>\n\t<meta property=\"og:image:type\" content=\"image\/jpeg\" \/>\n<meta name=\"twitter:card\" content=\"summary_large_image\" \/>\n<meta name=\"twitter:label1\" content=\"Tiempo de lectura\" \/>\n\t<meta name=\"twitter:data1\" content=\"1 minuto\" \/>\n<script type=\"application\/ld+json\" class=\"yoast-schema-graph\">{\"@context\":\"https:\/\/schema.org\",\"@graph\":[{\"@type\":\"WebPage\",\"@id\":\"https:\/\/www.ritzbrasil.com\/es\/produtos\/varas-de-mano-varas-de-maniobra-y-herramientas-universales\/poste-de-poda\/\",\"url\":\"https:\/\/www.ritzbrasil.com\/es\/produtos\/varas-de-mano-varas-de-maniobra-y-herramientas-universales\/poste-de-poda\/\",\"name\":\"Poste de poda\",\"isPartOf\":{\"@id\":\"https:\/\/www.ritzbrasil.com\/es\/#website\"},\"primaryImageOfPage\":{\"@id\":\"https:\/\/www.ritzbrasil.com\/es\/produtos\/varas-de-mano-varas-de-maniobra-y-herramientas-universales\/poste-de-poda\/#primaryimage\"},\"image\":{\"@id\":\"https:\/\/www.ritzbrasil.com\/es\/produtos\/varas-de-mano-varas-de-maniobra-y-herramientas-universales\/poste-de-poda\/#primaryimage\"},\"thumbnailUrl\":\"https:\/\/www.ritzbrasil.com\/wp-content\/uploads\/2024\/08\/flv31519-1-podador-galho-cabecote-universal.jpg\",\"datePublished\":\"2024-08-20T18:43:35+00:00\",\"dateModified\":\"2026-02-25T20:11:03+00:00\",\"description\":\"La p\u00e9rtiga de poda ofrece precisi\u00f3n al cortar ramas y es ideal para zonas cercanas a instalaciones el\u00e9ctricas, con seguridad garantizada.\",\"breadcrumb\":{\"@id\":\"https:\/\/www.ritzbrasil.com\/es\/produtos\/varas-de-mano-varas-de-maniobra-y-herramientas-universales\/poste-de-poda\/#breadcrumb\"},\"inLanguage\":\"es\",\"potentialAction\":[{\"@type\":\"ReadAction\",\"target\":[\"https:\/\/www.ritzbrasil.com\/es\/produtos\/varas-de-mano-varas-de-maniobra-y-herramientas-universales\/poste-de-poda\/\"]}]},{\"@type\":\"ImageObject\",\"inLanguage\":\"es\",\"@id\":\"https:\/\/www.ritzbrasil.com\/es\/produtos\/varas-de-mano-varas-de-maniobra-y-herramientas-universales\/poste-de-poda\/#primaryimage\",\"url\":\"https:\/\/www.ritzbrasil.com\/wp-content\/uploads\/2024\/08\/flv31519-1-podador-galho-cabecote-universal.jpg\",\"contentUrl\":\"https:\/\/www.ritzbrasil.com\/wp-content\/uploads\/2024\/08\/flv31519-1-podador-galho-cabecote-universal.jpg\",\"width\":1200,\"height\":1200,\"caption\":\"FLV31519-1 Podadora de ramas con cabezal universal\"},{\"@type\":\"BreadcrumbList\",\"@id\":\"https:\/\/www.ritzbrasil.com\/es\/produtos\/varas-de-mano-varas-de-maniobra-y-herramientas-universales\/poste-de-poda\/#breadcrumb\",\"itemListElement\":[{\"@type\":\"ListItem\",\"position\":1,\"name\":\"In\u00edcio\",\"item\":\"https:\/\/www.ritzbrasil.com\/es\/\"},{\"@type\":\"ListItem\",\"position\":2,\"name\":\"Tienda\",\"item\":\"https:\/\/www.ritzbrasil.com\/es\/tienda\/\"},{\"@type\":\"ListItem\",\"position\":3,\"name\":\"Poste de poda\"}]},{\"@type\":\"WebSite\",\"@id\":\"https:\/\/www.ritzbrasil.com\/es\/#website\",\"url\":\"https:\/\/www.ritzbrasil.com\/es\/\",\"name\":\"Equipamentos de Manuten\u00e7\u00e3o e Seguran\u00e7a para o Setor El\u00e9trico - Ritz Brasil\",\"description\":\"\",\"potentialAction\":[{\"@type\":\"SearchAction\",\"target\":{\"@type\":\"EntryPoint\",\"urlTemplate\":\"https:\/\/www.ritzbrasil.com\/es\/?s={search_term_string}\"},\"query-input\":{\"@type\":\"PropertyValueSpecification\",\"valueRequired\":true,\"valueName\":\"search_term_string\"}}],\"inLanguage\":\"es\"}]}<\/script>\n<!-- \/ Yoast SEO plugin. -->","yoast_head_json":{"title":"Poste de poda","description":"La p\u00e9rtiga de poda ofrece precisi\u00f3n al cortar ramas y es ideal para zonas cercanas a instalaciones el\u00e9ctricas, con seguridad garantizada.","robots":{"index":"index","follow":"follow","max-snippet":"max-snippet:-1","max-image-preview":"max-image-preview:large","max-video-preview":"max-video-preview:-1"},"canonical":"https:\/\/www.ritzbrasil.com\/es\/produtos\/varas-de-mano-varas-de-maniobra-y-herramientas-universales\/poste-de-poda\/","og_locale":"es_ES","og_type":"article","og_title":"Poste de poda","og_description":"La p\u00e9rtiga de poda ofrece precisi\u00f3n al cortar ramas y es ideal para zonas cercanas a instalaciones el\u00e9ctricas, con seguridad garantizada.","og_url":"https:\/\/www.ritzbrasil.com\/es\/produtos\/varas-de-mano-varas-de-maniobra-y-herramientas-universales\/poste-de-poda\/","og_site_name":"Equipamentos de Manuten\u00e7\u00e3o e Seguran\u00e7a para o Setor El\u00e9trico - Ritz Brasil","article_modified_time":"2026-02-25T20:11:03+00:00","og_image":[{"width":1200,"height":1200,"url":"https:\/\/www.ritzbrasil.com\/wp-content\/uploads\/2024\/08\/flv31519-1-podador-galho-cabecote-universal.jpg","type":"image\/jpeg"}],"twitter_card":"summary_large_image","twitter_misc":{"Tiempo de lectura":"1 minuto"},"schema":{"@context":"https:\/\/schema.org","@graph":[{"@type":"WebPage","@id":"https:\/\/www.ritzbrasil.com\/es\/produtos\/varas-de-mano-varas-de-maniobra-y-herramientas-universales\/poste-de-poda\/","url":"https:\/\/www.ritzbrasil.com\/es\/produtos\/varas-de-mano-varas-de-maniobra-y-herramientas-universales\/poste-de-poda\/","name":"Poste de poda","isPartOf":{"@id":"https:\/\/www.ritzbrasil.com\/es\/#website"},"primaryImageOfPage":{"@id":"https:\/\/www.ritzbrasil.com\/es\/produtos\/varas-de-mano-varas-de-maniobra-y-herramientas-universales\/poste-de-poda\/#primaryimage"},"image":{"@id":"https:\/\/www.ritzbrasil.com\/es\/produtos\/varas-de-mano-varas-de-maniobra-y-herramientas-universales\/poste-de-poda\/#primaryimage"},"thumbnailUrl":"https:\/\/www.ritzbrasil.com\/wp-content\/uploads\/2024\/08\/flv31519-1-podador-galho-cabecote-universal.jpg","datePublished":"2024-08-20T18:43:35+00:00","dateModified":"2026-02-25T20:11:03+00:00","description":"La p\u00e9rtiga de poda ofrece precisi\u00f3n al cortar ramas y es ideal para zonas cercanas a instalaciones el\u00e9ctricas, con seguridad garantizada.","breadcrumb":{"@id":"https:\/\/www.ritzbrasil.com\/es\/produtos\/varas-de-mano-varas-de-maniobra-y-herramientas-universales\/poste-de-poda\/#breadcrumb"},"inLanguage":"es","potentialAction":[{"@type":"ReadAction","target":["https:\/\/www.ritzbrasil.com\/es\/produtos\/varas-de-mano-varas-de-maniobra-y-herramientas-universales\/poste-de-poda\/"]}]},{"@type":"ImageObject","inLanguage":"es","@id":"https:\/\/www.ritzbrasil.com\/es\/produtos\/varas-de-mano-varas-de-maniobra-y-herramientas-universales\/poste-de-poda\/#primaryimage","url":"https:\/\/www.ritzbrasil.com\/wp-content\/uploads\/2024\/08\/flv31519-1-podador-galho-cabecote-universal.jpg","contentUrl":"https:\/\/www.ritzbrasil.com\/wp-content\/uploads\/2024\/08\/flv31519-1-podador-galho-cabecote-universal.jpg","width":1200,"height":1200,"caption":"FLV31519-1 Podadora de ramas con cabezal universal"},{"@type":"BreadcrumbList","@id":"https:\/\/www.ritzbrasil.com\/es\/produtos\/varas-de-mano-varas-de-maniobra-y-herramientas-universales\/poste-de-poda\/#breadcrumb","itemListElement":[{"@type":"ListItem","position":1,"name":"In\u00edcio","item":"https:\/\/www.ritzbrasil.com\/es\/"},{"@type":"ListItem","position":2,"name":"Tienda","item":"https:\/\/www.ritzbrasil.com\/es\/tienda\/"},{"@type":"ListItem","position":3,"name":"Poste de poda"}]},{"@type":"WebSite","@id":"https:\/\/www.ritzbrasil.com\/es\/#website","url":"https:\/\/www.ritzbrasil.com\/es\/","name":"Equipamentos de Manuten\u00e7\u00e3o e Seguran\u00e7a para o Setor El\u00e9trico - Ritz Brasil","description":"","potentialAction":[{"@type":"SearchAction","target":{"@type":"EntryPoint","urlTemplate":"https:\/\/www.ritzbrasil.com\/es\/?s={search_term_string}"},"query-input":{"@type":"PropertyValueSpecification","valueRequired":true,"valueName":"search_term_string"}}],"inLanguage":"es"}]}},"_links":{"self":[{"href":"https:\/\/www.ritzbrasil.com\/es\/wp-json\/wp\/v2\/product\/61384","targetHints":{"allow":["GET"]}}],"collection":[{"href":"https:\/\/www.ritzbrasil.com\/es\/wp-json\/wp\/v2\/product"}],"about":[{"href":"https:\/\/www.ritzbrasil.com\/es\/wp-json\/wp\/v2\/types\/product"}],"wp:featuredmedia":[{"embeddable":true,"href":"https:\/\/www.ritzbrasil.com\/es\/wp-json\/wp\/v2\/media\/57687"}],"wp:attachment":[{"href":"https:\/\/www.ritzbrasil.com\/es\/wp-json\/wp\/v2\/media?parent=61384"}],"wp:term":[{"taxonomy":"product_brand","embeddable":true,"href":"https:\/\/www.ritzbrasil.com\/es\/wp-json\/wp\/v2\/product_brand?post=61384"},{"taxonomy":"product_cat","embeddable":true,"href":"https:\/\/www.ritzbrasil.com\/es\/wp-json\/wp\/v2\/product_cat?post=61384"},{"taxonomy":"product_tag","embeddable":true,"href":"https:\/\/www.ritzbrasil.com\/es\/wp-json\/wp\/v2\/product_tag?post=61384"}],"curies":[{"name":"wp","href":"https:\/\/api.w.org\/{rel}","templated":true}]}}