{"id":61382,"date":"2024-08-20T08:34:04","date_gmt":"2024-08-20T11:34:04","guid":{"rendered":"https:\/\/www.ritzbrasil.com\/produtos\/sin%20categor\u00eda\/tijeras\/"},"modified":"2026-02-25T17:11:00","modified_gmt":"2026-02-25T20:11:00","slug":"tijeras","status":"publish","type":"product","link":"https:\/\/www.ritzbrasil.com\/es\/produtos\/varas-de-mano-varas-de-maniobra-y-herramientas-universales\/tijeras\/","title":{"rendered":"Tijeras"},"content":{"rendered":"<div class=\"wpb-content-wrapper\"><p>[vc_row][vc_column][vc_column_text css=\u00bb.vc_custom_1724153833990{margin-top: 20px !important;}\u00bb]<\/p>\n<h4><span style=\"color: #ff9900;\"><strong>Tijeras con mango articulado (Cortabarras)<\/strong><\/span><\/h4>\n<p>[\/vc_column_text][vc_column_text css=\u00bb.vc_custom_1724245141655{margin-top: -20px !important;}\u00bb]\n<div id=\"tablepress-Tesourao-Cabo-Articulado-Corta-Vergalhao-scroll-wrapper\" class=\"tablepress-scroll-wrapper\">\n<table id=\"tablepress-Tesourao-Cabo-Articulado-Corta-Vergalhao\" class=\"tablepress tablepress-id-Tesourao-Cabo-Articulado-Corta-Vergalhao tablepress-responsive\">\n<thead>\n<tr class=\"row-1\">\n\t<td class=\"column-1\"><\/td><th class=\"column-2\">  Refer\u00eancias<\/th><th class=\"column-3\">Caracter\u00edstica<\/th><td class=\"column-4\"><\/td><td class=\"column-5\"><\/td>\n<\/tr>\n<\/thead>\n<tbody class=\"row-striping row-hover\">\n<tr class=\"row-2\">\n\t<td class=\"column-1\"><img decoding=\"async\" src=\"https:\/\/www.ritzbrasil.com\/wp-content\/uploads\/2024\/08\/flv02818-2-tesourao-cabo-articulado-150x150-1.jpg\" \/><\/td><td class=\"column-2\">FLV02818-2<\/td><td class=\"column-3\"> Dimens\u00f5es \u00d8 32 mm, comprimento total 0,72m<\/td><td class=\"column-4\">    <button class=\"add-to-budget\" data-table-id=\"Tesourao-Cabo-Articulado-Corta-Vergalhao\" data-reference=\"FLV02818-2\" data-description=\"Tesour\u00e3o com Cabo Articulado (Corta Vergalh\u00e3o)\" style=\"color:#ff4d00;\">\n        <img decoding=\"async\" src=\"https:\/\/www.ritzbrasil.com\/\/wp-content\/uploads\/2024\/07\/orcar-compras-tabela-new-1.png\" alt=\"Solicitar cotizaci\u00f3n\" title=\"Solicitar cotizaci\u00f3n\" \/>\n    <\/button>\n    <\/td><td class=\"column-5\"><a href=\"https:\/\/lojasritz.com.br\/catalogsearch\/result\/?q=FLV02818-2\" target=\"_blank\" rel=\"noopener\"><img decoding=\"async\" src=\"https:\/\/www.ritzbrasil.com\/wp-content\/uploads\/2024\/07\/carrinho-compras-tabela.png\"  \/><\/a><\/td>\n<\/tr>\n<\/tbody>\n<\/table>\n<\/div>\n[\/vc_column_text][vc_column_text css=\u00bb\u00bb]Adecuada para cortes de bajo esfuerzo y dise\u00f1ada espec\u00edficamente para trabajos de contacto. La cizalla es ideal para cortar cables de aluminio con alma de acero (CAA), cables de aluminio (CA) y cables de cobre de hasta 1\/0 o \u00d8 10,11 mm.[\/vc_column_text][vc_separator border_width=\u00bb2&#8243; css=\u00bb\u00bb][\/vc_column][\/vc_row][vc_row][vc_column][vc_column_text css=\u00bb.vc_custom_1724153982155{margin-top: 20px !important;}\u00bb]<\/p>\n<h4><span style=\"color: #ff9900;\"><strong>Tijeras con un solo mango<\/strong><\/span><\/h4>\n<p>[\/vc_column_text][vc_column_text css=\u00bb.vc_custom_1724245490601{margin-top: -20px !important;}\u00bb]\n<div id=\"tablepress-Tesourao-Cabo-Simples-scroll-wrapper\" class=\"tablepress-scroll-wrapper\">\n<table id=\"tablepress-Tesourao-Cabo-Simples\" class=\"tablepress tablepress-id-Tesourao-Cabo-Simples tablepress-responsive\">\n<thead>\n<tr class=\"row-1\">\n\t<td class=\"column-1\"><\/td><th class=\"column-2\">  Refer\u00eancias<\/th><th class=\"column-3\">Caracter\u00edstica<\/th><td class=\"column-4\"><\/td><td class=\"column-5\"><\/td>\n<\/tr>\n<\/thead>\n<tbody class=\"row-striping row-hover\">\n<tr class=\"row-2\">\n\t<td class=\"column-1\"><img decoding=\"async\" src=\"https:\/\/www.ritzbrasil.com\/wp-content\/uploads\/2024\/08\/flv19245-1-tesourao-cabo-simples-150x150-1.jpg\" \/><\/td><td class=\"column-2\">FLV19245-1<\/td><td class=\"column-3\"> Dimens\u00f5es \u00d8 38 mm, comprimento total 0,84 m<\/td><td class=\"column-4\">    <button class=\"add-to-budget\" data-table-id=\"Tesourao-Cabo-Simples\" data-reference=\"FLV19245-1\" data-description=\"Tesour\u00e3o com Cabo Simples\" style=\"color:#ff4d00;\">\n        <img decoding=\"async\" src=\"https:\/\/www.ritzbrasil.com\/\/wp-content\/uploads\/2024\/07\/orcar-compras-tabela-new-1.png\" alt=\"Solicitar cotizaci\u00f3n\" title=\"Solicitar cotizaci\u00f3n\" \/>\n    <\/button>\n    <\/td><td class=\"column-5\"><a href=\"https:\/\/lojasritz.com.br\/catalogsearch\/result\/?q=FLV19245-1\" target=\"_blank\" rel=\"noopener\"><img decoding=\"async\" src=\"https:\/\/www.ritzbrasil.com\/wp-content\/uploads\/2024\/07\/carrinho-compras-tabela.png\"  \/><\/a><\/td>\n<\/tr>\n<\/tbody>\n<\/table>\n<\/div>\n[\/vc_column_text][vc_column_text css=\u00bb\u00bb]Desarrollada para cortar cables de aluminio ACSR de 556 MCM con di\u00e1metros de hasta \u00d8 23,5 mm. Dise\u00f1ado para cortes que requieren menos esfuerzo, este equipo est\u00e1 destinado exclusivamente a intervenciones que utilicen el m\u00e9todo de trabajo por contacto.[\/vc_column_text][vc_separator border_width=\u00bb2&#8243; css=\u00bb\u00bb][\/vc_column][\/vc_row][vc_row][vc_column][vc_column_text css=\u00bb.vc_custom_1724154792668{margin-top: 20px !important;}\u00bb]<\/p>\n<h4><span style=\"color: #ff9900;\"><strong>Tijeras de palanca<\/strong><\/span><\/h4>\n<p>[\/vc_column_text][vc_column_text css=\u00bb.vc_custom_1724245644464{margin-top: -20px !important;}\u00bb]\n<div id=\"tablepress-Tesourao-Acionamento-Alavanca-scroll-wrapper\" class=\"tablepress-scroll-wrapper\">\n<table id=\"tablepress-Tesourao-Acionamento-Alavanca\" class=\"tablepress tablepress-id-Tesourao-Acionamento-Alavanca tablepress-responsive\">\n<thead>\n<tr class=\"row-1\">\n\t<td class=\"column-1\"><\/td><th class=\"column-2\">  Refer\u00eancias<\/th><th class=\"column-3\">Caracter\u00edstica<\/th><td class=\"column-4\"><\/td><td class=\"column-5\"><\/td>\n<\/tr>\n<\/thead>\n<tbody class=\"row-striping row-hover\">\n<tr class=\"row-2\">\n\t<td class=\"column-1\"><img decoding=\"async\" src=\"https:\/\/www.ritzbrasil.com\/wp-content\/uploads\/2024\/08\/rh1871-4-tesourao-acionamento-alavanca-150x150-1.jpg\" \/><\/td><td class=\"column-2\">RH1871-4<\/td><td class=\"column-3\">Dimens\u00f5es \u00d8 32 mm, comprimento total 1,45 m. Para bitolas de cabos at\u00e9 1\/0 CAA (ACSR) \u00d8 10,11 mm<\/td><td class=\"column-4\">    <button class=\"add-to-budget\" data-table-id=\"Tesourao-Acionamento-Alavanca\" data-reference=\"RH1871-4\" data-description=\"Tesour\u00e3o com Acionamento por Alavanca\" style=\"color:#ff4d00;\">\n        <img decoding=\"async\" src=\"https:\/\/www.ritzbrasil.com\/\/wp-content\/uploads\/2024\/07\/orcar-compras-tabela-new-1.png\" alt=\"Solicitar cotizaci\u00f3n\" title=\"Solicitar cotizaci\u00f3n\" \/>\n    <\/button>\n    <\/td><td class=\"column-5\"><a href=\"https:\/\/lojasritz.com.br\/catalogsearch\/result\/?q=RH1871-4\" target=\"_blank\" rel=\"noopener\"><img decoding=\"async\" src=\"https:\/\/www.ritzbrasil.com\/wp-content\/uploads\/2024\/07\/carrinho-compras-tabela.png\"  \/><\/a><\/td>\n<\/tr>\n<tr class=\"row-3\">\n\t<td class=\"column-1\"><img decoding=\"async\" src=\"https:\/\/www.ritzbrasil.com\/wp-content\/uploads\/2024\/08\/rh1871-4-tesourao-acionamento-alavanca-150x150-1.jpg\" \/><\/td><td class=\"column-2\">RH1871-6<\/td><td class=\"column-3\">Dimens\u00f5es \u00d8 32 mm, comprimento total 2,00 m. Para bitolas de cabos at\u00e9 1\/0 CAA (ACSR) \u00d8 10,11 mm<\/td><td class=\"column-4\">    <button class=\"add-to-budget\" data-table-id=\"Tesourao-Acionamento-Alavanca\" data-reference=\"RH1871-6\" data-description=\"Tesour\u00e3o com Acionamento por Alavanca\" style=\"color:#ff4d00;\">\n        <img decoding=\"async\" src=\"https:\/\/www.ritzbrasil.com\/\/wp-content\/uploads\/2024\/07\/orcar-compras-tabela-new-1.png\" alt=\"Solicitar cotizaci\u00f3n\" title=\"Solicitar cotizaci\u00f3n\" \/>\n    <\/button>\n    <\/td><td class=\"column-5\"><a href=\"https:\/\/lojasritz.com.br\/catalogsearch\/result\/?q=RH1871-6\" target=\"_blank\" rel=\"noopener\"><img decoding=\"async\" src=\"https:\/\/www.ritzbrasil.com\/wp-content\/uploads\/2024\/07\/carrinho-compras-tabela.png\"  \/><\/a><\/td>\n<\/tr>\n<tr class=\"row-4\">\n\t<td class=\"column-1\"><img decoding=\"async\" src=\"https:\/\/www.ritzbrasil.com\/wp-content\/uploads\/2024\/08\/rh1871-4-tesourao-acionamento-alavanca-150x150-1.jpg\" \/><\/td><td class=\"column-2\">RH1873-4<\/td><td class=\"column-3\">Dimens\u00f5es \u00d8 38 mm, comprimento total 1,45 m. Para bitolas de cabos at\u00e9 4\/0 CAA \u00d8 14,31 mm<\/td><td class=\"column-4\">    <button class=\"add-to-budget\" data-table-id=\"Tesourao-Acionamento-Alavanca\" data-reference=\"RH1873-4\" data-description=\"Tesour\u00e3o com Acionamento por Alavanca\" style=\"color:#ff4d00;\">\n        <img decoding=\"async\" src=\"https:\/\/www.ritzbrasil.com\/\/wp-content\/uploads\/2024\/07\/orcar-compras-tabela-new-1.png\" alt=\"Solicitar cotizaci\u00f3n\" title=\"Solicitar cotizaci\u00f3n\" \/>\n    <\/button>\n    <\/td><td class=\"column-5\"><a href=\"https:\/\/lojasritz.com.br\/catalogsearch\/result\/?q=RH1873-4\" target=\"_blank\" rel=\"noopener\"><img decoding=\"async\" src=\"https:\/\/www.ritzbrasil.com\/wp-content\/uploads\/2024\/07\/carrinho-compras-tabela.png\"  \/><\/a><\/td>\n<\/tr>\n<tr class=\"row-5\">\n\t<td class=\"column-1\"><img decoding=\"async\" src=\"https:\/\/www.ritzbrasil.com\/wp-content\/uploads\/2024\/08\/rh1871-4-tesourao-acionamento-alavanca-150x150-1.jpg\" \/><\/td><td class=\"column-2\">RH1873-6<\/td><td class=\"column-3\">Dimens\u00f5es \u00d8 38 mm, comprimento total 2,00 m. Para bitolas de cabos at\u00e9 4\/0 CAA \u00d8 14,31 mm<\/td><td class=\"column-4\">    <button class=\"add-to-budget\" data-table-id=\"Tesourao-Acionamento-Alavanca\" data-reference=\"RH1873-6\" data-description=\"Tesour\u00e3o com Acionamento por Alavanca\" style=\"color:#ff4d00;\">\n        <img decoding=\"async\" src=\"https:\/\/www.ritzbrasil.com\/\/wp-content\/uploads\/2024\/07\/orcar-compras-tabela-new-1.png\" alt=\"Solicitar cotizaci\u00f3n\" title=\"Solicitar cotizaci\u00f3n\" \/>\n    <\/button>\n    <\/td><td class=\"column-5\"><a href=\"https:\/\/lojasritz.com.br\/catalogsearch\/result\/?q=RH1873-6\" target=\"_blank\" rel=\"noopener\"><img decoding=\"async\" src=\"https:\/\/www.ritzbrasil.com\/wp-content\/uploads\/2024\/07\/carrinho-compras-tabela.png\"  \/><\/a><\/td>\n<\/tr>\n<tr class=\"row-6\">\n\t<td class=\"column-1\"><img decoding=\"async\" src=\"https:\/\/www.ritzbrasil.com\/wp-content\/uploads\/2024\/08\/rh1871-4-tesourao-acionamento-alavanca-150x150-1.jpg\" \/><\/td><td class=\"column-2\">RH1875-4<\/td><td class=\"column-3\">Dimens\u00f5es \u00d8 38 mm, comprimento total 1,45 m. Para bitolas de cabos at\u00e9 336,8 MCM CAA \u00d8 18,83 mm<\/td><td class=\"column-4\">    <button class=\"add-to-budget\" data-table-id=\"Tesourao-Acionamento-Alavanca\" data-reference=\"RH1875-4\" data-description=\"Tesour\u00e3o com Acionamento por Alavanca\" style=\"color:#ff4d00;\">\n        <img decoding=\"async\" src=\"https:\/\/www.ritzbrasil.com\/\/wp-content\/uploads\/2024\/07\/orcar-compras-tabela-new-1.png\" alt=\"Solicitar cotizaci\u00f3n\" title=\"Solicitar cotizaci\u00f3n\" \/>\n    <\/button>\n    <\/td><td class=\"column-5\"><a href=\"https:\/\/lojasritz.com.br\/catalogsearch\/result\/?q=RH1875-4\" target=\"_blank\" rel=\"noopener\"><img decoding=\"async\" src=\"https:\/\/www.ritzbrasil.com\/wp-content\/uploads\/2024\/07\/carrinho-compras-tabela.png\"  \/><\/a><\/td>\n<\/tr>\n<tr class=\"row-7\">\n\t<td class=\"column-1\"><img decoding=\"async\" src=\"https:\/\/www.ritzbrasil.com\/wp-content\/uploads\/2024\/08\/rh1871-4-tesourao-acionamento-alavanca-150x150-1.jpg\" \/><\/td><td class=\"column-2\">RH1875-6<\/td><td class=\"column-3\">Dimens\u00f5es \u00d8 38 mm, comprimento total 2,00 m. Para bitolas de cabos at\u00e9 336,8 MCM CAA \u00d8 18,83 mm<\/td><td class=\"column-4\">    <button class=\"add-to-budget\" data-table-id=\"Tesourao-Acionamento-Alavanca\" data-reference=\"RH1875-6\" data-description=\"Tesour\u00e3o com Acionamento por Alavanca\" style=\"color:#ff4d00;\">\n        <img decoding=\"async\" src=\"https:\/\/www.ritzbrasil.com\/\/wp-content\/uploads\/2024\/07\/orcar-compras-tabela-new-1.png\" alt=\"Solicitar cotizaci\u00f3n\" title=\"Solicitar cotizaci\u00f3n\" \/>\n    <\/button>\n    <\/td><td class=\"column-5\"><a href=\"https:\/\/lojasritz.com.br\/catalogsearch\/result\/?q=RH1875-6\" target=\"_blank\" rel=\"noopener\"><img decoding=\"async\" src=\"https:\/\/www.ritzbrasil.com\/wp-content\/uploads\/2024\/07\/carrinho-compras-tabela.png\"  \/><\/a><\/td>\n<\/tr>\n<\/tbody>\n<\/table>\n<\/div>\n[\/vc_column_text][vc_column_text css=\u00bb\u00bb]Dise\u00f1ada para cortar con precisi\u00f3n cables de aluminio CAA, CA y cobre. Su mango recubierto de pl\u00e1stico incorpora una varilla reforzada con fibra de vidrio que acciona las cuchillas, proporcionando al operario una fuerza mec\u00e1nica adicional al cortar conductores.[\/vc_column_text][vc_separator border_width=\u00bb2&#8243; css=\u00bb\u00bb][\/vc_column][\/vc_row][vc_row][vc_column][vc_column_text css=\u00bb.vc_custom_1724154939245{margin-top: 20px !important;}\u00bb]<\/p>\n<h4><span style=\"color: #ff9900;\"><strong>Tijeras de carraca<\/strong><\/span><\/h4>\n<p>[\/vc_column_text][vc_column_text css=\u00bb.vc_custom_1724247052533{margin-top: -20px !important;}\u00bb]\n<div id=\"tablepress-Tesourao-Catraca-scroll-wrapper\" class=\"tablepress-scroll-wrapper\">\n<table id=\"tablepress-Tesourao-Catraca\" class=\"tablepress tablepress-id-Tesourao-Catraca tablepress-responsive\">\n<thead>\n<tr class=\"row-1\">\n\t<td class=\"column-1\"><\/td><th class=\"column-2\">  Refer\u00eancias<\/th><th class=\"column-3\">Caracter\u00edstica<\/th><td class=\"column-4\"><\/td><td class=\"column-5\"><\/td>\n<\/tr>\n<\/thead>\n<tbody class=\"row-striping row-hover\">\n<tr class=\"row-2\">\n\t<td class=\"column-1\"><img decoding=\"async\" src=\"https:\/\/www.ritzbrasil.com\/wp-content\/uploads\/2024\/08\/rc403-1382-tesourao-catraca-150x150-1.jpg\" \/><\/td><td class=\"column-2\">RC403-1382<\/td><td class=\"column-3\">Dimens\u00f5es \u00d8 38 mm, comprimento total 1,97 m<\/td><td class=\"column-4\">    <button class=\"add-to-budget\" data-table-id=\"TTesourao-Catraca\" data-reference=\"RC403-1382\" data-description=\"Tesour\u00e3o com Catraca\" style=\"color:#ff4d00;\">\n        <img decoding=\"async\" src=\"https:\/\/www.ritzbrasil.com\/\/wp-content\/uploads\/2024\/07\/orcar-compras-tabela-new-1.png\" alt=\"Solicitar cotizaci\u00f3n\" title=\"Solicitar cotizaci\u00f3n\" \/>\n    <\/button>\n    <\/td><td class=\"column-5\"><a href=\"https:\/\/lojasritz.com.br\/catalogsearch\/result\/?q=RC403-1382\" target=\"_blank\" rel=\"noopener\"><img decoding=\"async\" src=\"https:\/\/www.ritzbrasil.com\/wp-content\/uploads\/2024\/07\/carrinho-compras-tabela.png\"  \/><\/a><\/td>\n<\/tr>\n<tr class=\"row-3\">\n\t<td class=\"column-1\"><img decoding=\"async\" src=\"https:\/\/www.ritzbrasil.com\/wp-content\/uploads\/2024\/08\/rc403-1382-tesourao-catraca-150x150-1.jpg\" \/><\/td><td class=\"column-2\">RC403-1384<\/td><td class=\"column-3\">Dimens\u00f5es \u00d8 38 mm, comprimento total 2,58 m<\/td><td class=\"column-4\">    <button class=\"add-to-budget\" data-table-id=\"TTesourao-Catraca\" data-reference=\"RC403-1384\" data-description=\"Tesour\u00e3o com Catraca\" style=\"color:#ff4d00;\">\n        <img decoding=\"async\" src=\"https:\/\/www.ritzbrasil.com\/\/wp-content\/uploads\/2024\/07\/orcar-compras-tabela-new-1.png\" alt=\"Solicitar cotizaci\u00f3n\" title=\"Solicitar cotizaci\u00f3n\" \/>\n    <\/button>\n    <\/td><td class=\"column-5\"><a href=\"https:\/\/lojasritz.com.br\/catalogsearch\/result\/?q=RC403-1384\" target=\"_blank\" rel=\"noopener\"><img decoding=\"async\" src=\"https:\/\/www.ritzbrasil.com\/wp-content\/uploads\/2024\/07\/carrinho-compras-tabela.png\"  \/><\/a><\/td>\n<\/tr>\n<\/tbody>\n<\/table>\n<\/div>\n[\/vc_column_text][vc_column_text css=\u00bb\u00bb]Dise\u00f1ada para cortar cables de aluminio CAA y CA, la Cizalla de Carraca ofrece la posibilidad de cortar cables de mayor calibre, como el 556 MCM CAA \u00d823,5 mm. La estructura de esta cizalla, equipada con un sistema de ruedas de pl\u00e1stico, garantiza un desplazamiento suave al deslizarse sobre el tubo RITZGLAS\u00ae. La articulaci\u00f3n de los tirantes de fibra de vidrio reforzada tambi\u00e9n contribuye a un funcionamiento suave y eficaz.[\/vc_column_text][vc_separator border_width=\u00bb2&#8243; css=\u00bb\u00bb][\/vc_column][\/vc_row]<\/p>\n<\/div>","protected":false},"excerpt":{"rendered":"<p>Las cizallas Ritz est\u00e1n fabricadas con tubos aislados RITZGLAS\u00ae, que proporcionan seguridad al electricista durante los cortes. Las cuchillas est\u00e1n forjadas con acero especial y templadas adecuadamente, lo que da como resultado un mayor rendimiento y una durabilidad sin igual.<\/p>\n","protected":false},"featured_media":57671,"template":"","meta":[],"product_brand":[],"product_cat":[2245],"product_tag":[3870,3871,3878,3879,3872,3873,3874,3875,3876,3877,3869],"class_list":{"0":"post-61382","1":"product","2":"type-product","3":"status-publish","4":"has-post-thumbnail","6":"product_cat-varas-de-mano-varas-de-maniobra-y-herramientas-universales","7":"product_tag-flv02818-2-es","8":"product_tag-flv19245-1-es","9":"product_tag-rc403-1382-es","10":"product_tag-rc403-1384-es","11":"product_tag-rh1871-4-es","12":"product_tag-rh1871-6-es","13":"product_tag-rh1873-4-es","14":"product_tag-rh1873-6-es","15":"product_tag-rh1875-4-es","16":"product_tag-rh1875-6-es","17":"product_tag-tijeras","18":"description-off","20":"first","21":"instock","22":"virtual","23":"product-type-simple"},"yoast_head":"<!-- This site is optimized with the Yoast SEO plugin v27.1.1 - https:\/\/yoast.com\/product\/yoast-seo-wordpress\/ -->\n<title>Tijeras<\/title>\n<meta name=\"description\" content=\"Las tijeras Ritz est\u00e1n fabricadas con tubo aislante RITZGLAS\u00ae, que proporciona seguridad al electricista durante los cortes.\" \/>\n<meta name=\"robots\" content=\"index, follow, max-snippet:-1, max-image-preview:large, max-video-preview:-1\" \/>\n<link rel=\"canonical\" href=\"https:\/\/www.ritzbrasil.com\/es\/produtos\/varas-de-mano-varas-de-maniobra-y-herramientas-universales\/tijeras\/\" \/>\n<meta property=\"og:locale\" content=\"es_ES\" \/>\n<meta property=\"og:type\" content=\"article\" \/>\n<meta property=\"og:title\" content=\"Tijeras\" \/>\n<meta property=\"og:description\" content=\"Las tijeras Ritz est\u00e1n fabricadas con tubo aislante RITZGLAS\u00ae, que proporciona seguridad al electricista durante los cortes.\" \/>\n<meta property=\"og:url\" content=\"https:\/\/www.ritzbrasil.com\/es\/produtos\/varas-de-mano-varas-de-maniobra-y-herramientas-universales\/tijeras\/\" \/>\n<meta property=\"og:site_name\" content=\"Equipamentos de Manuten\u00e7\u00e3o e Seguran\u00e7a para o Setor El\u00e9trico - Ritz Brasil\" \/>\n<meta property=\"article:modified_time\" content=\"2026-02-25T20:11:00+00:00\" \/>\n<meta property=\"og:image\" content=\"https:\/\/www.ritzbrasil.com\/wp-content\/uploads\/2024\/08\/flv02818-2-tesourao-cabo-articulado.jpg\" \/>\n\t<meta property=\"og:image:width\" content=\"1200\" \/>\n\t<meta property=\"og:image:height\" content=\"1200\" \/>\n\t<meta property=\"og:image:type\" content=\"image\/jpeg\" \/>\n<meta name=\"twitter:card\" content=\"summary_large_image\" \/>\n<meta name=\"twitter:label1\" content=\"Tiempo de lectura\" \/>\n\t<meta name=\"twitter:data1\" content=\"2 minutos\" \/>\n<script type=\"application\/ld+json\" class=\"yoast-schema-graph\">{\"@context\":\"https:\/\/schema.org\",\"@graph\":[{\"@type\":\"WebPage\",\"@id\":\"https:\/\/www.ritzbrasil.com\/es\/produtos\/varas-de-mano-varas-de-maniobra-y-herramientas-universales\/tijeras\/\",\"url\":\"https:\/\/www.ritzbrasil.com\/es\/produtos\/varas-de-mano-varas-de-maniobra-y-herramientas-universales\/tijeras\/\",\"name\":\"Tijeras\",\"isPartOf\":{\"@id\":\"https:\/\/www.ritzbrasil.com\/es\/#website\"},\"primaryImageOfPage\":{\"@id\":\"https:\/\/www.ritzbrasil.com\/es\/produtos\/varas-de-mano-varas-de-maniobra-y-herramientas-universales\/tijeras\/#primaryimage\"},\"image\":{\"@id\":\"https:\/\/www.ritzbrasil.com\/es\/produtos\/varas-de-mano-varas-de-maniobra-y-herramientas-universales\/tijeras\/#primaryimage\"},\"thumbnailUrl\":\"https:\/\/www.ritzbrasil.com\/wp-content\/uploads\/2024\/08\/flv02818-2-tesourao-cabo-articulado.jpg\",\"datePublished\":\"2024-08-20T11:34:04+00:00\",\"dateModified\":\"2026-02-25T20:11:00+00:00\",\"description\":\"Las tijeras Ritz est\u00e1n fabricadas con tubo aislante RITZGLAS\u00ae, que proporciona seguridad al electricista durante los cortes.\",\"breadcrumb\":{\"@id\":\"https:\/\/www.ritzbrasil.com\/es\/produtos\/varas-de-mano-varas-de-maniobra-y-herramientas-universales\/tijeras\/#breadcrumb\"},\"inLanguage\":\"es\",\"potentialAction\":[{\"@type\":\"ReadAction\",\"target\":[\"https:\/\/www.ritzbrasil.com\/es\/produtos\/varas-de-mano-varas-de-maniobra-y-herramientas-universales\/tijeras\/\"]}]},{\"@type\":\"ImageObject\",\"inLanguage\":\"es\",\"@id\":\"https:\/\/www.ritzbrasil.com\/es\/produtos\/varas-de-mano-varas-de-maniobra-y-herramientas-universales\/tijeras\/#primaryimage\",\"url\":\"https:\/\/www.ritzbrasil.com\/wp-content\/uploads\/2024\/08\/flv02818-2-tesourao-cabo-articulado.jpg\",\"contentUrl\":\"https:\/\/www.ritzbrasil.com\/wp-content\/uploads\/2024\/08\/flv02818-2-tesourao-cabo-articulado.jpg\",\"width\":1200,\"height\":1200,\"caption\":\"FLV02818-2 Tijeras con mango articulado\"},{\"@type\":\"BreadcrumbList\",\"@id\":\"https:\/\/www.ritzbrasil.com\/es\/produtos\/varas-de-mano-varas-de-maniobra-y-herramientas-universales\/tijeras\/#breadcrumb\",\"itemListElement\":[{\"@type\":\"ListItem\",\"position\":1,\"name\":\"In\u00edcio\",\"item\":\"https:\/\/www.ritzbrasil.com\/es\/\"},{\"@type\":\"ListItem\",\"position\":2,\"name\":\"Tienda\",\"item\":\"https:\/\/www.ritzbrasil.com\/es\/tienda\/\"},{\"@type\":\"ListItem\",\"position\":3,\"name\":\"Tijeras\"}]},{\"@type\":\"WebSite\",\"@id\":\"https:\/\/www.ritzbrasil.com\/es\/#website\",\"url\":\"https:\/\/www.ritzbrasil.com\/es\/\",\"name\":\"Equipamentos de Manuten\u00e7\u00e3o e Seguran\u00e7a para o Setor El\u00e9trico - Ritz Brasil\",\"description\":\"\",\"potentialAction\":[{\"@type\":\"SearchAction\",\"target\":{\"@type\":\"EntryPoint\",\"urlTemplate\":\"https:\/\/www.ritzbrasil.com\/es\/?s={search_term_string}\"},\"query-input\":{\"@type\":\"PropertyValueSpecification\",\"valueRequired\":true,\"valueName\":\"search_term_string\"}}],\"inLanguage\":\"es\"}]}<\/script>\n<!-- \/ Yoast SEO plugin. -->","yoast_head_json":{"title":"Tijeras","description":"Las tijeras Ritz est\u00e1n fabricadas con tubo aislante RITZGLAS\u00ae, que proporciona seguridad al electricista durante los cortes.","robots":{"index":"index","follow":"follow","max-snippet":"max-snippet:-1","max-image-preview":"max-image-preview:large","max-video-preview":"max-video-preview:-1"},"canonical":"https:\/\/www.ritzbrasil.com\/es\/produtos\/varas-de-mano-varas-de-maniobra-y-herramientas-universales\/tijeras\/","og_locale":"es_ES","og_type":"article","og_title":"Tijeras","og_description":"Las tijeras Ritz est\u00e1n fabricadas con tubo aislante RITZGLAS\u00ae, que proporciona seguridad al electricista durante los cortes.","og_url":"https:\/\/www.ritzbrasil.com\/es\/produtos\/varas-de-mano-varas-de-maniobra-y-herramientas-universales\/tijeras\/","og_site_name":"Equipamentos de Manuten\u00e7\u00e3o e Seguran\u00e7a para o Setor El\u00e9trico - Ritz Brasil","article_modified_time":"2026-02-25T20:11:00+00:00","og_image":[{"width":1200,"height":1200,"url":"https:\/\/www.ritzbrasil.com\/wp-content\/uploads\/2024\/08\/flv02818-2-tesourao-cabo-articulado.jpg","type":"image\/jpeg"}],"twitter_card":"summary_large_image","twitter_misc":{"Tiempo de lectura":"2 minutos"},"schema":{"@context":"https:\/\/schema.org","@graph":[{"@type":"WebPage","@id":"https:\/\/www.ritzbrasil.com\/es\/produtos\/varas-de-mano-varas-de-maniobra-y-herramientas-universales\/tijeras\/","url":"https:\/\/www.ritzbrasil.com\/es\/produtos\/varas-de-mano-varas-de-maniobra-y-herramientas-universales\/tijeras\/","name":"Tijeras","isPartOf":{"@id":"https:\/\/www.ritzbrasil.com\/es\/#website"},"primaryImageOfPage":{"@id":"https:\/\/www.ritzbrasil.com\/es\/produtos\/varas-de-mano-varas-de-maniobra-y-herramientas-universales\/tijeras\/#primaryimage"},"image":{"@id":"https:\/\/www.ritzbrasil.com\/es\/produtos\/varas-de-mano-varas-de-maniobra-y-herramientas-universales\/tijeras\/#primaryimage"},"thumbnailUrl":"https:\/\/www.ritzbrasil.com\/wp-content\/uploads\/2024\/08\/flv02818-2-tesourao-cabo-articulado.jpg","datePublished":"2024-08-20T11:34:04+00:00","dateModified":"2026-02-25T20:11:00+00:00","description":"Las tijeras Ritz est\u00e1n fabricadas con tubo aislante RITZGLAS\u00ae, que proporciona seguridad al electricista durante los cortes.","breadcrumb":{"@id":"https:\/\/www.ritzbrasil.com\/es\/produtos\/varas-de-mano-varas-de-maniobra-y-herramientas-universales\/tijeras\/#breadcrumb"},"inLanguage":"es","potentialAction":[{"@type":"ReadAction","target":["https:\/\/www.ritzbrasil.com\/es\/produtos\/varas-de-mano-varas-de-maniobra-y-herramientas-universales\/tijeras\/"]}]},{"@type":"ImageObject","inLanguage":"es","@id":"https:\/\/www.ritzbrasil.com\/es\/produtos\/varas-de-mano-varas-de-maniobra-y-herramientas-universales\/tijeras\/#primaryimage","url":"https:\/\/www.ritzbrasil.com\/wp-content\/uploads\/2024\/08\/flv02818-2-tesourao-cabo-articulado.jpg","contentUrl":"https:\/\/www.ritzbrasil.com\/wp-content\/uploads\/2024\/08\/flv02818-2-tesourao-cabo-articulado.jpg","width":1200,"height":1200,"caption":"FLV02818-2 Tijeras con mango articulado"},{"@type":"BreadcrumbList","@id":"https:\/\/www.ritzbrasil.com\/es\/produtos\/varas-de-mano-varas-de-maniobra-y-herramientas-universales\/tijeras\/#breadcrumb","itemListElement":[{"@type":"ListItem","position":1,"name":"In\u00edcio","item":"https:\/\/www.ritzbrasil.com\/es\/"},{"@type":"ListItem","position":2,"name":"Tienda","item":"https:\/\/www.ritzbrasil.com\/es\/tienda\/"},{"@type":"ListItem","position":3,"name":"Tijeras"}]},{"@type":"WebSite","@id":"https:\/\/www.ritzbrasil.com\/es\/#website","url":"https:\/\/www.ritzbrasil.com\/es\/","name":"Equipamentos de Manuten\u00e7\u00e3o e Seguran\u00e7a para o Setor El\u00e9trico - Ritz Brasil","description":"","potentialAction":[{"@type":"SearchAction","target":{"@type":"EntryPoint","urlTemplate":"https:\/\/www.ritzbrasil.com\/es\/?s={search_term_string}"},"query-input":{"@type":"PropertyValueSpecification","valueRequired":true,"valueName":"search_term_string"}}],"inLanguage":"es"}]}},"_links":{"self":[{"href":"https:\/\/www.ritzbrasil.com\/es\/wp-json\/wp\/v2\/product\/61382","targetHints":{"allow":["GET"]}}],"collection":[{"href":"https:\/\/www.ritzbrasil.com\/es\/wp-json\/wp\/v2\/product"}],"about":[{"href":"https:\/\/www.ritzbrasil.com\/es\/wp-json\/wp\/v2\/types\/product"}],"wp:featuredmedia":[{"embeddable":true,"href":"https:\/\/www.ritzbrasil.com\/es\/wp-json\/wp\/v2\/media\/57671"}],"wp:attachment":[{"href":"https:\/\/www.ritzbrasil.com\/es\/wp-json\/wp\/v2\/media?parent=61382"}],"wp:term":[{"taxonomy":"product_brand","embeddable":true,"href":"https:\/\/www.ritzbrasil.com\/es\/wp-json\/wp\/v2\/product_brand?post=61382"},{"taxonomy":"product_cat","embeddable":true,"href":"https:\/\/www.ritzbrasil.com\/es\/wp-json\/wp\/v2\/product_cat?post=61382"},{"taxonomy":"product_tag","embeddable":true,"href":"https:\/\/www.ritzbrasil.com\/es\/wp-json\/wp\/v2\/product_tag?post=61382"}],"curies":[{"name":"wp","href":"https:\/\/api.w.org\/{rel}","templated":true}]}}