{"id":61377,"date":"2024-08-14T09:18:09","date_gmt":"2024-08-14T12:18:09","guid":{"rendered":"https:\/\/www.ritzbrasil.com\/produtos\/sin%20categor\u00eda\/palanca-de-amarre\/"},"modified":"2026-02-25T17:11:14","modified_gmt":"2026-02-25T20:11:14","slug":"palanca-de-amarre","status":"publish","type":"product","link":"https:\/\/www.ritzbrasil.com\/es\/produtos\/varas-de-mano-varas-de-maniobra-y-herramientas-universales\/palanca-de-amarre\/","title":{"rendered":"Palanca de amarre"},"content":{"rendered":"<div class=\"wpb-content-wrapper\"><p>[vc_row][vc_column][vc_column_text css=\u00bb.vc_custom_1723642267114{margin-top: 20px !important;}\u00bb]<\/p>\n<h4><span style=\"color: #ff9900;\"><strong>Palanca de amarre<\/strong><\/span><\/h4>\n<p>[\/vc_column_text][vc_column_text css=\u00bb.vc_custom_1723642460146{margin-top: -20px !important;}\u00bb]\n<div id=\"tablepress-Bastao-Amarracao-scroll-wrapper\" class=\"tablepress-scroll-wrapper\">\n<table id=\"tablepress-Bastao-Amarracao\" class=\"tablepress tablepress-id-Bastao-Amarracao tablepress-responsive\">\n<thead>\n<tr class=\"row-1\">\n\t<td class=\"column-1\"><\/td><th class=\"column-2\">  Refer\u00eancias<\/th><th class=\"column-3\">Caracter\u00edstica<\/th><td class=\"column-4\"><\/td><td class=\"column-5\"><\/td>\n<\/tr>\n<\/thead>\n<tbody class=\"row-striping row-hover\">\n<tr class=\"row-2\">\n\t<td class=\"column-1\"><img decoding=\"async\" src=\"https:\/\/www.ritzbrasil.com\/wp-content\/uploads\/2024\/08\/rh1855-25-bastao-amarracao-gancho-rotativo-150x150-1.jpg\" \/><\/td><td class=\"column-2\">RH1855-25<\/td><td class=\"column-3\">Com gancho rotativo<br \/>\ne l\u00e2mina rotativa<\/td><td class=\"column-4\">    <button class=\"add-to-budget\" data-table-id=\"Bastao-Amarracao\" data-reference=\"RH1855-25\" data-description=\"Bast\u00e3o de Amarra\u00e7\u00e3o\" style=\"color:#ff4d00;\">\n        <img decoding=\"async\" src=\"https:\/\/www.ritzbrasil.com\/\/wp-content\/uploads\/2024\/07\/orcar-compras-tabela-new-1.png\" alt=\"Solicitar cotizaci\u00f3n\" title=\"Solicitar cotizaci\u00f3n\" \/>\n    <\/button>\n    <\/td><td class=\"column-5\"><a href=\"https:\/\/lojasritz.com.br\/catalogsearch\/result\/?q=RH1855-25\" target=\"_blank\" rel=\"noopener\"><img decoding=\"async\" src=\"https:\/\/www.ritzbrasil.com\/wp-content\/uploads\/2024\/07\/carrinho-compras-tabela.png\"  \/><\/a><\/td>\n<\/tr>\n<tr class=\"row-3\">\n\t<td class=\"column-1\"><img decoding=\"async\" src=\"https:\/\/www.ritzbrasil.com\/wp-content\/uploads\/2024\/08\/rh1855-26-bastao-amarracao-lamina-rotativa-150x150-1.jpg\" \/><\/td><td class=\"column-2\">RH1855-26<\/td><td class=\"column-3\">Com l\u00e2mina rotativa<br \/>\ne cabe\u00e7ote universal<\/td><td class=\"column-4\">    <button class=\"add-to-budget\" data-table-id=\"Bastao-Amarracao\" data-reference=\"RH1855-26\" data-description=\"Bast\u00e3o de Amarra\u00e7\u00e3o\" style=\"color:#ff4d00;\">\n        <img decoding=\"async\" src=\"https:\/\/www.ritzbrasil.com\/\/wp-content\/uploads\/2024\/07\/orcar-compras-tabela-new-1.png\" alt=\"Solicitar cotizaci\u00f3n\" title=\"Solicitar cotizaci\u00f3n\" \/>\n    <\/button>\n    <\/td><td class=\"column-5\"><a href=\"https:\/\/lojasritz.com.br\/catalogsearch\/result\/?q=RH1855-26\" target=\"_blank\" rel=\"noopener\"><img decoding=\"async\" src=\"https:\/\/www.ritzbrasil.com\/wp-content\/uploads\/2024\/07\/carrinho-compras-tabela.png\"  \/><\/a><\/td>\n<\/tr>\n<\/tbody>\n<\/table>\n<\/div>\n[\/vc_column_text][vc_separator border_width=\u00bb2&#8243; css=\u00bb\u00bb][\/vc_column][\/vc_row]<\/p>\n<\/div>","protected":false},"excerpt":{"rendered":"<p>Existe una gran variedad de cabezales para adaptarse a diferentes aplicaciones o incluso a las preferencias personales de cada electricista.<\/p>\n<p>Las p\u00e9rtigas de gancho (giratorias o fijas) sirven para hacer y deshacer lazos de amarre con ojales en los extremos.<\/p>\n<p>La p\u00e9rtiga de cuchilla giratoria sirve para hacer y deshacer lazos de amarre sin ojales en los extremos.<\/p>\n","protected":false},"featured_media":57293,"template":"","meta":[],"product_brand":[],"product_cat":[2245],"product_tag":[3790,3791,3792],"class_list":{"0":"post-61377","1":"product","2":"type-product","3":"status-publish","4":"has-post-thumbnail","6":"product_cat-varas-de-mano-varas-de-maniobra-y-herramientas-universales","7":"product_tag-palanca-de-amarre","8":"product_tag-rh1855-25-es","9":"product_tag-rh1855-26-es","10":"description-off","12":"first","13":"instock","14":"virtual","15":"product-type-simple"},"yoast_head":"<!-- This site is optimized with the Yoast SEO plugin v27.1.1 - https:\/\/yoast.com\/product\/yoast-seo-wordpress\/ -->\n<title>Palanca de amarre<\/title>\n<meta name=\"description\" content=\"La p\u00e9rtiga de amarre tiene varias cabezas para adaptarse a distintas aplicaciones o incluso a las preferencias personales de cada electricista.\" \/>\n<meta name=\"robots\" content=\"index, follow, max-snippet:-1, max-image-preview:large, max-video-preview:-1\" \/>\n<link rel=\"canonical\" href=\"https:\/\/www.ritzbrasil.com\/es\/produtos\/varas-de-mano-varas-de-maniobra-y-herramientas-universales\/palanca-de-amarre\/\" \/>\n<meta property=\"og:locale\" content=\"es_ES\" \/>\n<meta property=\"og:type\" content=\"article\" \/>\n<meta property=\"og:title\" content=\"Palanca de amarre\" \/>\n<meta property=\"og:description\" content=\"La p\u00e9rtiga de amarre tiene varias cabezas para adaptarse a distintas aplicaciones o incluso a las preferencias personales de cada electricista.\" \/>\n<meta property=\"og:url\" content=\"https:\/\/www.ritzbrasil.com\/es\/produtos\/varas-de-mano-varas-de-maniobra-y-herramientas-universales\/palanca-de-amarre\/\" \/>\n<meta property=\"og:site_name\" content=\"Equipamentos de Manuten\u00e7\u00e3o e Seguran\u00e7a para o Setor El\u00e9trico - Ritz Brasil\" \/>\n<meta property=\"article:modified_time\" content=\"2026-02-25T20:11:14+00:00\" \/>\n<meta property=\"og:image\" content=\"https:\/\/www.ritzbrasil.com\/wp-content\/uploads\/2024\/08\/bastao-amarracao.jpg\" \/>\n\t<meta property=\"og:image:width\" content=\"1200\" \/>\n\t<meta property=\"og:image:height\" content=\"1200\" \/>\n\t<meta property=\"og:image:type\" content=\"image\/jpeg\" \/>\n<meta name=\"twitter:card\" content=\"summary_large_image\" \/>\n<meta name=\"twitter:label1\" content=\"Tiempo de lectura\" \/>\n\t<meta name=\"twitter:data1\" content=\"1 minuto\" \/>\n<script type=\"application\/ld+json\" class=\"yoast-schema-graph\">{\"@context\":\"https:\/\/schema.org\",\"@graph\":[{\"@type\":\"WebPage\",\"@id\":\"https:\/\/www.ritzbrasil.com\/es\/produtos\/varas-de-mano-varas-de-maniobra-y-herramientas-universales\/palanca-de-amarre\/\",\"url\":\"https:\/\/www.ritzbrasil.com\/es\/produtos\/varas-de-mano-varas-de-maniobra-y-herramientas-universales\/palanca-de-amarre\/\",\"name\":\"Palanca de amarre\",\"isPartOf\":{\"@id\":\"https:\/\/www.ritzbrasil.com\/es\/#website\"},\"primaryImageOfPage\":{\"@id\":\"https:\/\/www.ritzbrasil.com\/es\/produtos\/varas-de-mano-varas-de-maniobra-y-herramientas-universales\/palanca-de-amarre\/#primaryimage\"},\"image\":{\"@id\":\"https:\/\/www.ritzbrasil.com\/es\/produtos\/varas-de-mano-varas-de-maniobra-y-herramientas-universales\/palanca-de-amarre\/#primaryimage\"},\"thumbnailUrl\":\"https:\/\/www.ritzbrasil.com\/wp-content\/uploads\/2024\/08\/bastao-amarracao.jpg\",\"datePublished\":\"2024-08-14T12:18:09+00:00\",\"dateModified\":\"2026-02-25T20:11:14+00:00\",\"description\":\"La p\u00e9rtiga de amarre tiene varias cabezas para adaptarse a distintas aplicaciones o incluso a las preferencias personales de cada electricista.\",\"breadcrumb\":{\"@id\":\"https:\/\/www.ritzbrasil.com\/es\/produtos\/varas-de-mano-varas-de-maniobra-y-herramientas-universales\/palanca-de-amarre\/#breadcrumb\"},\"inLanguage\":\"es\",\"potentialAction\":[{\"@type\":\"ReadAction\",\"target\":[\"https:\/\/www.ritzbrasil.com\/es\/produtos\/varas-de-mano-varas-de-maniobra-y-herramientas-universales\/palanca-de-amarre\/\"]}]},{\"@type\":\"ImageObject\",\"inLanguage\":\"es\",\"@id\":\"https:\/\/www.ritzbrasil.com\/es\/produtos\/varas-de-mano-varas-de-maniobra-y-herramientas-universales\/palanca-de-amarre\/#primaryimage\",\"url\":\"https:\/\/www.ritzbrasil.com\/wp-content\/uploads\/2024\/08\/bastao-amarracao.jpg\",\"contentUrl\":\"https:\/\/www.ritzbrasil.com\/wp-content\/uploads\/2024\/08\/bastao-amarracao.jpg\",\"width\":1200,\"height\":1200,\"caption\":\"Palanca de amarre\"},{\"@type\":\"BreadcrumbList\",\"@id\":\"https:\/\/www.ritzbrasil.com\/es\/produtos\/varas-de-mano-varas-de-maniobra-y-herramientas-universales\/palanca-de-amarre\/#breadcrumb\",\"itemListElement\":[{\"@type\":\"ListItem\",\"position\":1,\"name\":\"In\u00edcio\",\"item\":\"https:\/\/www.ritzbrasil.com\/es\/\"},{\"@type\":\"ListItem\",\"position\":2,\"name\":\"Tienda\",\"item\":\"https:\/\/www.ritzbrasil.com\/es\/tienda\/\"},{\"@type\":\"ListItem\",\"position\":3,\"name\":\"Palanca de amarre\"}]},{\"@type\":\"WebSite\",\"@id\":\"https:\/\/www.ritzbrasil.com\/es\/#website\",\"url\":\"https:\/\/www.ritzbrasil.com\/es\/\",\"name\":\"Equipamentos de Manuten\u00e7\u00e3o e Seguran\u00e7a para o Setor El\u00e9trico - Ritz Brasil\",\"description\":\"\",\"potentialAction\":[{\"@type\":\"SearchAction\",\"target\":{\"@type\":\"EntryPoint\",\"urlTemplate\":\"https:\/\/www.ritzbrasil.com\/es\/?s={search_term_string}\"},\"query-input\":{\"@type\":\"PropertyValueSpecification\",\"valueRequired\":true,\"valueName\":\"search_term_string\"}}],\"inLanguage\":\"es\"}]}<\/script>\n<!-- \/ Yoast SEO plugin. -->","yoast_head_json":{"title":"Palanca de amarre","description":"La p\u00e9rtiga de amarre tiene varias cabezas para adaptarse a distintas aplicaciones o incluso a las preferencias personales de cada electricista.","robots":{"index":"index","follow":"follow","max-snippet":"max-snippet:-1","max-image-preview":"max-image-preview:large","max-video-preview":"max-video-preview:-1"},"canonical":"https:\/\/www.ritzbrasil.com\/es\/produtos\/varas-de-mano-varas-de-maniobra-y-herramientas-universales\/palanca-de-amarre\/","og_locale":"es_ES","og_type":"article","og_title":"Palanca de amarre","og_description":"La p\u00e9rtiga de amarre tiene varias cabezas para adaptarse a distintas aplicaciones o incluso a las preferencias personales de cada electricista.","og_url":"https:\/\/www.ritzbrasil.com\/es\/produtos\/varas-de-mano-varas-de-maniobra-y-herramientas-universales\/palanca-de-amarre\/","og_site_name":"Equipamentos de Manuten\u00e7\u00e3o e Seguran\u00e7a para o Setor El\u00e9trico - Ritz Brasil","article_modified_time":"2026-02-25T20:11:14+00:00","og_image":[{"width":1200,"height":1200,"url":"https:\/\/www.ritzbrasil.com\/wp-content\/uploads\/2024\/08\/bastao-amarracao.jpg","type":"image\/jpeg"}],"twitter_card":"summary_large_image","twitter_misc":{"Tiempo de lectura":"1 minuto"},"schema":{"@context":"https:\/\/schema.org","@graph":[{"@type":"WebPage","@id":"https:\/\/www.ritzbrasil.com\/es\/produtos\/varas-de-mano-varas-de-maniobra-y-herramientas-universales\/palanca-de-amarre\/","url":"https:\/\/www.ritzbrasil.com\/es\/produtos\/varas-de-mano-varas-de-maniobra-y-herramientas-universales\/palanca-de-amarre\/","name":"Palanca de amarre","isPartOf":{"@id":"https:\/\/www.ritzbrasil.com\/es\/#website"},"primaryImageOfPage":{"@id":"https:\/\/www.ritzbrasil.com\/es\/produtos\/varas-de-mano-varas-de-maniobra-y-herramientas-universales\/palanca-de-amarre\/#primaryimage"},"image":{"@id":"https:\/\/www.ritzbrasil.com\/es\/produtos\/varas-de-mano-varas-de-maniobra-y-herramientas-universales\/palanca-de-amarre\/#primaryimage"},"thumbnailUrl":"https:\/\/www.ritzbrasil.com\/wp-content\/uploads\/2024\/08\/bastao-amarracao.jpg","datePublished":"2024-08-14T12:18:09+00:00","dateModified":"2026-02-25T20:11:14+00:00","description":"La p\u00e9rtiga de amarre tiene varias cabezas para adaptarse a distintas aplicaciones o incluso a las preferencias personales de cada electricista.","breadcrumb":{"@id":"https:\/\/www.ritzbrasil.com\/es\/produtos\/varas-de-mano-varas-de-maniobra-y-herramientas-universales\/palanca-de-amarre\/#breadcrumb"},"inLanguage":"es","potentialAction":[{"@type":"ReadAction","target":["https:\/\/www.ritzbrasil.com\/es\/produtos\/varas-de-mano-varas-de-maniobra-y-herramientas-universales\/palanca-de-amarre\/"]}]},{"@type":"ImageObject","inLanguage":"es","@id":"https:\/\/www.ritzbrasil.com\/es\/produtos\/varas-de-mano-varas-de-maniobra-y-herramientas-universales\/palanca-de-amarre\/#primaryimage","url":"https:\/\/www.ritzbrasil.com\/wp-content\/uploads\/2024\/08\/bastao-amarracao.jpg","contentUrl":"https:\/\/www.ritzbrasil.com\/wp-content\/uploads\/2024\/08\/bastao-amarracao.jpg","width":1200,"height":1200,"caption":"Palanca de amarre"},{"@type":"BreadcrumbList","@id":"https:\/\/www.ritzbrasil.com\/es\/produtos\/varas-de-mano-varas-de-maniobra-y-herramientas-universales\/palanca-de-amarre\/#breadcrumb","itemListElement":[{"@type":"ListItem","position":1,"name":"In\u00edcio","item":"https:\/\/www.ritzbrasil.com\/es\/"},{"@type":"ListItem","position":2,"name":"Tienda","item":"https:\/\/www.ritzbrasil.com\/es\/tienda\/"},{"@type":"ListItem","position":3,"name":"Palanca de amarre"}]},{"@type":"WebSite","@id":"https:\/\/www.ritzbrasil.com\/es\/#website","url":"https:\/\/www.ritzbrasil.com\/es\/","name":"Equipamentos de Manuten\u00e7\u00e3o e Seguran\u00e7a para o Setor El\u00e9trico - Ritz Brasil","description":"","potentialAction":[{"@type":"SearchAction","target":{"@type":"EntryPoint","urlTemplate":"https:\/\/www.ritzbrasil.com\/es\/?s={search_term_string}"},"query-input":{"@type":"PropertyValueSpecification","valueRequired":true,"valueName":"search_term_string"}}],"inLanguage":"es"}]}},"_links":{"self":[{"href":"https:\/\/www.ritzbrasil.com\/es\/wp-json\/wp\/v2\/product\/61377","targetHints":{"allow":["GET"]}}],"collection":[{"href":"https:\/\/www.ritzbrasil.com\/es\/wp-json\/wp\/v2\/product"}],"about":[{"href":"https:\/\/www.ritzbrasil.com\/es\/wp-json\/wp\/v2\/types\/product"}],"wp:featuredmedia":[{"embeddable":true,"href":"https:\/\/www.ritzbrasil.com\/es\/wp-json\/wp\/v2\/media\/57293"}],"wp:attachment":[{"href":"https:\/\/www.ritzbrasil.com\/es\/wp-json\/wp\/v2\/media?parent=61377"}],"wp:term":[{"taxonomy":"product_brand","embeddable":true,"href":"https:\/\/www.ritzbrasil.com\/es\/wp-json\/wp\/v2\/product_brand?post=61377"},{"taxonomy":"product_cat","embeddable":true,"href":"https:\/\/www.ritzbrasil.com\/es\/wp-json\/wp\/v2\/product_cat?post=61377"},{"taxonomy":"product_tag","embeddable":true,"href":"https:\/\/www.ritzbrasil.com\/es\/wp-json\/wp\/v2\/product_tag?post=61377"}],"curies":[{"name":"wp","href":"https:\/\/api.w.org\/{rel}","templated":true}]}}