{"id":61372,"date":"2024-08-14T15:52:28","date_gmt":"2024-08-14T18:52:28","guid":{"rendered":"https:\/\/www.ritzbrasil.com\/produtos\/sin%20categor\u00eda\/varilla-voltimetro\/"},"modified":"2026-02-25T17:11:05","modified_gmt":"2026-02-25T20:11:05","slug":"varilla-voltimetro","status":"publish","type":"product","link":"https:\/\/www.ritzbrasil.com\/es\/produtos\/productos\/pertigas-herramientas-universales\/varilla-voltimetro\/","title":{"rendered":"Varilla volt\u00edmetro"},"content":{"rendered":"<div class=\"wpb-content-wrapper\"><p>[vc_row][vc_column][vc_column_text css=\u00bb.vc_custom_1723661412185{margin-top: 20px !important;}\u00bb]<\/p>\n<h4><span style=\"color: #ff9900;\"><strong>Varilla medidora de voltios y amperios<\/strong><\/span><\/h4>\n<p>[\/vc_column_text][vc_column_text css=\u00bb.vc_custom_1723812234966{margin-top: -20px !important;}\u00bb]\n<div id=\"tablepress-BastaoVolt-Ampermetro-scroll-wrapper\" class=\"tablepress-scroll-wrapper\">\n<table id=\"tablepress-BastaoVolt-Ampermetro\" class=\"tablepress tablepress-id-BastaoVolt-Ampermetro tablepress-responsive\">\n<thead>\n<tr class=\"row-1\">\n\t<td class=\"column-1\"><\/td><th class=\"column-2\">  Refer\u00eancias<\/th><th class=\"column-3\">Caracter\u00edstica<\/th><td class=\"column-4\"><\/td><td class=\"column-5\"><\/td>\n<\/tr>\n<\/thead>\n<tbody class=\"row-striping row-hover\">\n<tr class=\"row-2\">\n\t<td class=\"column-1\"><img decoding=\"async\" src=\"https:\/\/www.ritzbrasil.com\/wp-content\/uploads\/2024\/08\/bastao-volt-amperimetro-150x150-1.jpg\" \/><\/td><td class=\"column-2\">RH1968-8<\/td><td class=\"column-3\">Bast\u00e3o Volt-Amper\u00edmetro, \u00d8 32 mm, comprimento total 2,51 m<\/td><td class=\"column-4\">    <button class=\"add-to-budget\" data-table-id=\"BastaoVolt-Ampermetro\" data-reference=\"RH1968-8\" data-description=\"Bast\u00e3o Volt-Amper\u00edmetro\" style=\"color:#ff4d00;\">\n        <img decoding=\"async\" src=\"https:\/\/www.ritzbrasil.com\/\/wp-content\/uploads\/2024\/07\/orcar-compras-tabela-new-1.png\" alt=\"Solicitar cotizaci\u00f3n\" title=\"Solicitar cotizaci\u00f3n\" \/>\n    <\/button>\n    <\/td><td class=\"column-5\"><a href=\"https:\/\/lojasritz.com.br\/catalogsearch\/result\/?q=RH1968-8\" target=\"_blank\" rel=\"noopener\"><img decoding=\"async\" src=\"https:\/\/www.ritzbrasil.com\/wp-content\/uploads\/2024\/07\/carrinho-compras-tabela.png\"  \/><\/a><\/td>\n<\/tr>\n<tr class=\"row-3\">\n\t<td class=\"column-1\"><img decoding=\"async\" src=\"https:\/\/www.ritzbrasil.com\/wp-content\/uploads\/2024\/08\/rh1978-8-bastao-volt-amperimetro-150x150-1.jpg\" \/><\/td><td class=\"column-2\">RH1978-8<\/td><td class=\"column-3\">Bast\u00e3o Volt-Amper\u00edmetro dobr\u00e1vel, \u00d8 32 mm, comprimento total 2,51 m, dobrado 1,25 m<\/td><td class=\"column-4\">    <button class=\"add-to-budget\" data-table-id=\"BastaoVolt-Ampermetro\" data-reference=\"RH178-8\" data-description=\"Bast\u00e3o Volt-Amper\u00edmetro\" style=\"color:#ff4d00;\">\n        <img decoding=\"async\" src=\"https:\/\/www.ritzbrasil.com\/\/wp-content\/uploads\/2024\/07\/orcar-compras-tabela-new-1.png\" alt=\"Solicitar cotizaci\u00f3n\" title=\"Solicitar cotizaci\u00f3n\" \/>\n    <\/button>\n    <\/td><td class=\"column-5\"><a href=\"https:\/\/lojasritz.com.br\/catalogsearch\/result\/?q=RH1978-8\" target=\"_blank\" rel=\"noopener\"><img decoding=\"async\" src=\"https:\/\/www.ritzbrasil.com\/wp-content\/uploads\/2024\/07\/carrinho-compras-tabela.png\"  \/><\/a><\/td>\n<\/tr>\n<\/tbody>\n<\/table>\n<\/div>\n[\/vc_column_text][vc_separator border_width=\u00bb2&#8243; css=\u00bb\u00bb][\/vc_column][\/vc_row]<\/p>\n<\/div>","protected":false},"excerpt":{"rendered":"<p>Tiene un cabezal en el extremo que puede ajustarse para adaptarse a varios modelos de volt\u00edmetros de pinza, pero que tienen el gatillo en el lado izquierdo.<\/p>\n<p>El revestimiento de pl\u00e1stico del cabezal permite acomodar mejor el instrumento y evita que se da\u00f1e su superficie. Una vez acopladas a la p\u00e9rtiga, las pinzas voltamperom\u00e9tricas se accionan mediante una palanca situada en la zona de agarre, por lo que pueden utilizarse de forma segura, garantizada por el aislamiento del tubo y la varilla RITZGLAS\u00ae.<\/p>\n<p>Adem\u00e1s de las p\u00e9rtigas voltamperom\u00e9tricas de una sola pieza, disponemos de dos modelos con sistema plegable, que realizan la misma funci\u00f3n y eficacia porque son f\u00e1ciles de transportar.<\/p>\n","protected":false},"featured_media":57363,"template":"","meta":[],"product_brand":[],"product_cat":[2245],"product_tag":[3752,3751],"class_list":{"0":"post-61372","1":"product","2":"type-product","3":"status-publish","4":"has-post-thumbnail","6":"product_cat-pertigas-herramientas-universales","7":"product_tag-rh1968-8-es","8":"product_tag-varilla-medidora-de-voltios-y-amperios","9":"description-off","11":"first","12":"instock","13":"virtual","14":"product-type-simple"},"yoast_head":"<!-- This site is optimized with the Yoast SEO plugin v27.1.1 - https:\/\/yoast.com\/product\/yoast-seo-wordpress\/ -->\n<title>Varilla volt\u00edmetro<\/title>\n<meta name=\"description\" content=\"La varilla volt\u00edmetro tiene un cabezal ajustable compatible con los modelos que tienen el gatillo en el lado izquierdo.\" \/>\n<meta name=\"robots\" content=\"index, follow, max-snippet:-1, max-image-preview:large, max-video-preview:-1\" \/>\n<link rel=\"canonical\" href=\"https:\/\/www.ritzbrasil.com\/es\/produtos\/productos\/pertigas-herramientas-universales\/varilla-voltimetro\/\" \/>\n<meta property=\"og:locale\" content=\"es_ES\" \/>\n<meta property=\"og:type\" content=\"article\" \/>\n<meta property=\"og:title\" content=\"Varilla volt\u00edmetro\" \/>\n<meta property=\"og:description\" content=\"La varilla volt\u00edmetro tiene un cabezal ajustable compatible con los modelos que tienen el gatillo en el lado izquierdo.\" \/>\n<meta property=\"og:url\" content=\"https:\/\/www.ritzbrasil.com\/es\/produtos\/productos\/pertigas-herramientas-universales\/varilla-voltimetro\/\" \/>\n<meta property=\"og:site_name\" content=\"Equipamentos de Manuten\u00e7\u00e3o e Seguran\u00e7a para o Setor El\u00e9trico - Ritz Brasil\" \/>\n<meta property=\"article:modified_time\" content=\"2026-02-25T20:11:05+00:00\" \/>\n<meta property=\"og:image\" content=\"https:\/\/www.ritzbrasil.com\/wp-content\/uploads\/2024\/08\/bastao-volt-amperimetro.jpg\" \/>\n\t<meta property=\"og:image:width\" content=\"1200\" \/>\n\t<meta property=\"og:image:height\" content=\"1200\" \/>\n\t<meta property=\"og:image:type\" content=\"image\/jpeg\" \/>\n<meta name=\"twitter:card\" content=\"summary_large_image\" \/>\n<meta name=\"twitter:label1\" content=\"Tiempo de lectura\" \/>\n\t<meta name=\"twitter:data1\" content=\"1 minuto\" \/>\n<script type=\"application\/ld+json\" class=\"yoast-schema-graph\">{\"@context\":\"https:\/\/schema.org\",\"@graph\":[{\"@type\":\"WebPage\",\"@id\":\"https:\/\/www.ritzbrasil.com\/es\/produtos\/productos\/pertigas-herramientas-universales\/varilla-voltimetro\/\",\"url\":\"https:\/\/www.ritzbrasil.com\/es\/produtos\/productos\/pertigas-herramientas-universales\/varilla-voltimetro\/\",\"name\":\"Varilla volt\u00edmetro\",\"isPartOf\":{\"@id\":\"https:\/\/www.ritzbrasil.com\/es\/#website\"},\"primaryImageOfPage\":{\"@id\":\"https:\/\/www.ritzbrasil.com\/es\/produtos\/productos\/pertigas-herramientas-universales\/varilla-voltimetro\/#primaryimage\"},\"image\":{\"@id\":\"https:\/\/www.ritzbrasil.com\/es\/produtos\/productos\/pertigas-herramientas-universales\/varilla-voltimetro\/#primaryimage\"},\"thumbnailUrl\":\"https:\/\/www.ritzbrasil.com\/wp-content\/uploads\/2024\/08\/bastao-volt-amperimetro.jpg\",\"datePublished\":\"2024-08-14T18:52:28+00:00\",\"dateModified\":\"2026-02-25T20:11:05+00:00\",\"description\":\"La varilla volt\u00edmetro tiene un cabezal ajustable compatible con los modelos que tienen el gatillo en el lado izquierdo.\",\"breadcrumb\":{\"@id\":\"https:\/\/www.ritzbrasil.com\/es\/produtos\/productos\/pertigas-herramientas-universales\/varilla-voltimetro\/#breadcrumb\"},\"inLanguage\":\"es\",\"potentialAction\":[{\"@type\":\"ReadAction\",\"target\":[\"https:\/\/www.ritzbrasil.com\/es\/produtos\/productos\/pertigas-herramientas-universales\/varilla-voltimetro\/\"]}]},{\"@type\":\"ImageObject\",\"inLanguage\":\"es\",\"@id\":\"https:\/\/www.ritzbrasil.com\/es\/produtos\/productos\/pertigas-herramientas-universales\/varilla-voltimetro\/#primaryimage\",\"url\":\"https:\/\/www.ritzbrasil.com\/wp-content\/uploads\/2024\/08\/bastao-volt-amperimetro.jpg\",\"contentUrl\":\"https:\/\/www.ritzbrasil.com\/wp-content\/uploads\/2024\/08\/bastao-volt-amperimetro.jpg\",\"width\":1200,\"height\":1200,\"caption\":\"Varilla medidora de voltios y amperios\"},{\"@type\":\"BreadcrumbList\",\"@id\":\"https:\/\/www.ritzbrasil.com\/es\/produtos\/productos\/pertigas-herramientas-universales\/varilla-voltimetro\/#breadcrumb\",\"itemListElement\":[{\"@type\":\"ListItem\",\"position\":1,\"name\":\"In\u00edcio\",\"item\":\"https:\/\/www.ritzbrasil.com\/es\/\"},{\"@type\":\"ListItem\",\"position\":2,\"name\":\"Tienda\",\"item\":\"https:\/\/www.ritzbrasil.com\/es\/tienda\/\"},{\"@type\":\"ListItem\",\"position\":3,\"name\":\"Varilla volt\u00edmetro\"}]},{\"@type\":\"WebSite\",\"@id\":\"https:\/\/www.ritzbrasil.com\/es\/#website\",\"url\":\"https:\/\/www.ritzbrasil.com\/es\/\",\"name\":\"Equipamentos de Manuten\u00e7\u00e3o e Seguran\u00e7a para o Setor El\u00e9trico - Ritz Brasil\",\"description\":\"\",\"potentialAction\":[{\"@type\":\"SearchAction\",\"target\":{\"@type\":\"EntryPoint\",\"urlTemplate\":\"https:\/\/www.ritzbrasil.com\/es\/?s={search_term_string}\"},\"query-input\":{\"@type\":\"PropertyValueSpecification\",\"valueRequired\":true,\"valueName\":\"search_term_string\"}}],\"inLanguage\":\"es\"}]}<\/script>\n<!-- \/ Yoast SEO plugin. -->","yoast_head_json":{"title":"Varilla volt\u00edmetro","description":"La varilla volt\u00edmetro tiene un cabezal ajustable compatible con los modelos que tienen el gatillo en el lado izquierdo.","robots":{"index":"index","follow":"follow","max-snippet":"max-snippet:-1","max-image-preview":"max-image-preview:large","max-video-preview":"max-video-preview:-1"},"canonical":"https:\/\/www.ritzbrasil.com\/es\/produtos\/productos\/pertigas-herramientas-universales\/varilla-voltimetro\/","og_locale":"es_ES","og_type":"article","og_title":"Varilla volt\u00edmetro","og_description":"La varilla volt\u00edmetro tiene un cabezal ajustable compatible con los modelos que tienen el gatillo en el lado izquierdo.","og_url":"https:\/\/www.ritzbrasil.com\/es\/produtos\/productos\/pertigas-herramientas-universales\/varilla-voltimetro\/","og_site_name":"Equipamentos de Manuten\u00e7\u00e3o e Seguran\u00e7a para o Setor El\u00e9trico - Ritz Brasil","article_modified_time":"2026-02-25T20:11:05+00:00","og_image":[{"width":1200,"height":1200,"url":"https:\/\/www.ritzbrasil.com\/wp-content\/uploads\/2024\/08\/bastao-volt-amperimetro.jpg","type":"image\/jpeg"}],"twitter_card":"summary_large_image","twitter_misc":{"Tiempo de lectura":"1 minuto"},"schema":{"@context":"https:\/\/schema.org","@graph":[{"@type":"WebPage","@id":"https:\/\/www.ritzbrasil.com\/es\/produtos\/productos\/pertigas-herramientas-universales\/varilla-voltimetro\/","url":"https:\/\/www.ritzbrasil.com\/es\/produtos\/productos\/pertigas-herramientas-universales\/varilla-voltimetro\/","name":"Varilla volt\u00edmetro","isPartOf":{"@id":"https:\/\/www.ritzbrasil.com\/es\/#website"},"primaryImageOfPage":{"@id":"https:\/\/www.ritzbrasil.com\/es\/produtos\/productos\/pertigas-herramientas-universales\/varilla-voltimetro\/#primaryimage"},"image":{"@id":"https:\/\/www.ritzbrasil.com\/es\/produtos\/productos\/pertigas-herramientas-universales\/varilla-voltimetro\/#primaryimage"},"thumbnailUrl":"https:\/\/www.ritzbrasil.com\/wp-content\/uploads\/2024\/08\/bastao-volt-amperimetro.jpg","datePublished":"2024-08-14T18:52:28+00:00","dateModified":"2026-02-25T20:11:05+00:00","description":"La varilla volt\u00edmetro tiene un cabezal ajustable compatible con los modelos que tienen el gatillo en el lado izquierdo.","breadcrumb":{"@id":"https:\/\/www.ritzbrasil.com\/es\/produtos\/productos\/pertigas-herramientas-universales\/varilla-voltimetro\/#breadcrumb"},"inLanguage":"es","potentialAction":[{"@type":"ReadAction","target":["https:\/\/www.ritzbrasil.com\/es\/produtos\/productos\/pertigas-herramientas-universales\/varilla-voltimetro\/"]}]},{"@type":"ImageObject","inLanguage":"es","@id":"https:\/\/www.ritzbrasil.com\/es\/produtos\/productos\/pertigas-herramientas-universales\/varilla-voltimetro\/#primaryimage","url":"https:\/\/www.ritzbrasil.com\/wp-content\/uploads\/2024\/08\/bastao-volt-amperimetro.jpg","contentUrl":"https:\/\/www.ritzbrasil.com\/wp-content\/uploads\/2024\/08\/bastao-volt-amperimetro.jpg","width":1200,"height":1200,"caption":"Varilla medidora de voltios y amperios"},{"@type":"BreadcrumbList","@id":"https:\/\/www.ritzbrasil.com\/es\/produtos\/productos\/pertigas-herramientas-universales\/varilla-voltimetro\/#breadcrumb","itemListElement":[{"@type":"ListItem","position":1,"name":"In\u00edcio","item":"https:\/\/www.ritzbrasil.com\/es\/"},{"@type":"ListItem","position":2,"name":"Tienda","item":"https:\/\/www.ritzbrasil.com\/es\/tienda\/"},{"@type":"ListItem","position":3,"name":"Varilla volt\u00edmetro"}]},{"@type":"WebSite","@id":"https:\/\/www.ritzbrasil.com\/es\/#website","url":"https:\/\/www.ritzbrasil.com\/es\/","name":"Equipamentos de Manuten\u00e7\u00e3o e Seguran\u00e7a para o Setor El\u00e9trico - Ritz Brasil","description":"","potentialAction":[{"@type":"SearchAction","target":{"@type":"EntryPoint","urlTemplate":"https:\/\/www.ritzbrasil.com\/es\/?s={search_term_string}"},"query-input":{"@type":"PropertyValueSpecification","valueRequired":true,"valueName":"search_term_string"}}],"inLanguage":"es"}]}},"_links":{"self":[{"href":"https:\/\/www.ritzbrasil.com\/es\/wp-json\/wp\/v2\/product\/61372","targetHints":{"allow":["GET"]}}],"collection":[{"href":"https:\/\/www.ritzbrasil.com\/es\/wp-json\/wp\/v2\/product"}],"about":[{"href":"https:\/\/www.ritzbrasil.com\/es\/wp-json\/wp\/v2\/types\/product"}],"wp:featuredmedia":[{"embeddable":true,"href":"https:\/\/www.ritzbrasil.com\/es\/wp-json\/wp\/v2\/media\/57363"}],"wp:attachment":[{"href":"https:\/\/www.ritzbrasil.com\/es\/wp-json\/wp\/v2\/media?parent=61372"}],"wp:term":[{"taxonomy":"product_brand","embeddable":true,"href":"https:\/\/www.ritzbrasil.com\/es\/wp-json\/wp\/v2\/product_brand?post=61372"},{"taxonomy":"product_cat","embeddable":true,"href":"https:\/\/www.ritzbrasil.com\/es\/wp-json\/wp\/v2\/product_cat?post=61372"},{"taxonomy":"product_tag","embeddable":true,"href":"https:\/\/www.ritzbrasil.com\/es\/wp-json\/wp\/v2\/product_tag?post=61372"}],"curies":[{"name":"wp","href":"https:\/\/api.w.org\/{rel}","templated":true}]}}