{"id":61366,"date":"2024-08-21T15:59:56","date_gmt":"2024-08-21T18:59:56","guid":{"rendered":"https:\/\/www.ritzbrasil.com\/produtos\/sin%20categor\u00eda\/vara-de-medir-y-alargadera\/"},"modified":"2026-02-25T17:08:49","modified_gmt":"2026-02-25T20:08:49","slug":"vara-de-medir-y-alargadera","status":"publish","type":"product","link":"https:\/\/www.ritzbrasil.com\/es\/produtos\/productos\/pertigas-herramientas-universales\/vara-de-medir-y-alargadera\/","title":{"rendered":"Vara de medir y alargadera"},"content":{"rendered":"<div class=\"wpb-content-wrapper\"><p>[vc_row][vc_column][vc_column_text css=\u00bb.vc_custom_1724266753666{margin-top: 20px !important;}\u00bb]<\/p>\n<h4><span style=\"color: #ff9900;\"><strong>Vara de medir y alargadera<\/strong><\/span><\/h4>\n<p>[\/vc_column_text][vc_column_text css=\u00bb.vc_custom_1724349323110{margin-top: -20px !important;}\u00bb]\n<div id=\"tablepress-Bastao-Medicao-Extensao-scroll-wrapper\" class=\"tablepress-scroll-wrapper\">\n<table id=\"tablepress-Bastao-Medicao-Extensao\" class=\"tablepress tablepress-id-Bastao-Medicao-Extensao tablepress-responsive\">\n<thead>\n<tr class=\"row-1\">\n\t<td class=\"column-1\"><\/td><th class=\"column-2\">  Refer\u00eancias<\/th><th class=\"column-3\">Caracter\u00edstica<\/th><td class=\"column-4\"><\/td><td class=\"column-5\"><\/td>\n<\/tr>\n<\/thead>\n<tbody class=\"row-striping row-hover\">\n<tr class=\"row-2\">\n\t<td class=\"column-1\"><img decoding=\"async\" src=\"https:\/\/www.ritzbrasil.com\/wp-content\/uploads\/2024\/08\/flv16140-1-bastao-medicao-150x150-1.jpg\" \/><\/td><td class=\"column-2\">FLV16140-1<\/td><td class=\"column-3\">Bast\u00e3o de medi\u00e7\u00e3o<\/td><td class=\"column-4\">    <button class=\"add-to-budget\" data-table-id=\"Bastao-Medicao-Extensao\" data-reference=\"FLV16140-1\" data-description=\"Bast\u00e3o de Medi\u00e7\u00e3o e Extens\u00e3o\" style=\"color:#ff4d00;\">\n        <img decoding=\"async\" src=\"https:\/\/www.ritzbrasil.com\/\/wp-content\/uploads\/2024\/07\/orcar-compras-tabela-new-1.png\" alt=\"Solicitar cotizaci\u00f3n\" title=\"Solicitar cotizaci\u00f3n\" \/>\n    <\/button>\n    <\/td><td class=\"column-5\"><a href=\"https:\/\/lojasritz.com.br\/catalogsearch\/result\/?q=FLV16140-1\" target=\"_blank\" rel=\"noopener\"><img decoding=\"async\" src=\"https:\/\/www.ritzbrasil.com\/wp-content\/uploads\/2024\/07\/carrinho-compras-tabela.png\"  \/><\/a><\/td>\n<\/tr>\n<tr class=\"row-3\">\n\t<td class=\"column-1\"><img decoding=\"async\" src=\"https:\/\/www.ritzbrasil.com\/wp-content\/uploads\/2024\/08\/flv16146-1-extensao-150x150-1.jpg\" \/><\/td><td class=\"column-2\">FLV16146-1<\/td><td class=\"column-3\">Extens\u00e3o<\/td><td class=\"column-4\">    <button class=\"add-to-budget\" data-table-id=\"Bastao-Medicao-Extensao\" data-reference=\"FLV16146-1\" data-description=\"Bast\u00e3o de Medi\u00e7\u00e3o e Extens\u00e3o\" style=\"color:#ff4d00;\">\n        <img decoding=\"async\" src=\"https:\/\/www.ritzbrasil.com\/\/wp-content\/uploads\/2024\/07\/orcar-compras-tabela-new-1.png\" alt=\"Solicitar cotizaci\u00f3n\" title=\"Solicitar cotizaci\u00f3n\" \/>\n    <\/button>\n    <\/td><td class=\"column-5\"><a href=\"https:\/\/lojasritz.com.br\/catalogsearch\/result\/?q=FLV16146-1\" target=\"_blank\" rel=\"noopener\"><img decoding=\"async\" src=\"https:\/\/www.ritzbrasil.com\/wp-content\/uploads\/2024\/07\/carrinho-compras-tabela.png\"  \/><\/a><\/td>\n<\/tr>\n<\/tbody>\n<\/table>\n<\/div>\n[\/vc_column_text][\/vc_column][\/vc_row]<\/p>\n<\/div>","protected":false},"excerpt":{"rendered":"<p>La p\u00e9rtiga de medici\u00f3n y prolongaci\u00f3n se utiliza para medir longitudes y luces de hasta 3 m en sistemas energizados, cuando no es posible mantener las distancias m\u00ednimas de seguridad recomendadas.<\/p>\n<p>Consta de p\u00e9rtigas aislantes RITZGLAS\u00ae con marcas alternas de 10 cm en naranja y negro, ganchos y herrajes universales, de aleaci\u00f3n de aluminio y bronce.<\/p>\n<p>Tiene un dise\u00f1o vers\u00e1til, que permite realizar mediciones en \u00e1ngulos.<\/p>\n<p>F\u00e1cil de manejar, se puede utilizar en m\u00e9todos de contacto o a distancia mediante un bast\u00f3n de maniobra conectado a su cabezal universal.<\/p>\n<p>Para mediciones de longitudes superiores a 3 m, debe acoplarse al conjunto la extensi\u00f3n FLV16146-1.<\/p>\n","protected":false},"featured_media":57759,"template":"","meta":[],"product_brand":[],"product_cat":[2245],"product_tag":[3728,3729,3727],"class_list":{"0":"post-61366","1":"product","2":"type-product","3":"status-publish","4":"has-post-thumbnail","6":"product_cat-pertigas-herramientas-universales","7":"product_tag-flv16140-1-es","8":"product_tag-flv16146-1-es","9":"product_tag-vara-de-medir-y-alargadera","10":"description-off","12":"first","13":"instock","14":"virtual","15":"product-type-simple"},"yoast_head":"<!-- This site is optimized with the Yoast SEO plugin v27.1.1 - https:\/\/yoast.com\/product\/yoast-seo-wordpress\/ -->\n<title>Vara de medir y alargadera<\/title>\n<meta name=\"description\" content=\"P\u00e9rtiga de medici\u00f3n y extensi\u00f3n para medir longitudes y luces de hasta 3 m en sistemas energizados, garantizando la seguridad en zonas de dif\u00edcil acceso.\" \/>\n<meta name=\"robots\" content=\"index, follow, max-snippet:-1, max-image-preview:large, max-video-preview:-1\" \/>\n<link rel=\"canonical\" href=\"https:\/\/www.ritzbrasil.com\/es\/produtos\/productos\/pertigas-herramientas-universales\/vara-de-medir-y-alargadera\/\" \/>\n<meta property=\"og:locale\" content=\"es_ES\" \/>\n<meta property=\"og:type\" content=\"article\" \/>\n<meta property=\"og:title\" content=\"Vara de medir y alargadera\" \/>\n<meta property=\"og:description\" content=\"P\u00e9rtiga de medici\u00f3n y extensi\u00f3n para medir longitudes y luces de hasta 3 m en sistemas energizados, garantizando la seguridad en zonas de dif\u00edcil acceso.\" \/>\n<meta property=\"og:url\" content=\"https:\/\/www.ritzbrasil.com\/es\/produtos\/productos\/pertigas-herramientas-universales\/vara-de-medir-y-alargadera\/\" \/>\n<meta property=\"og:site_name\" content=\"Equipamentos de Manuten\u00e7\u00e3o e Seguran\u00e7a para o Setor El\u00e9trico - Ritz Brasil\" \/>\n<meta property=\"article:modified_time\" content=\"2026-02-25T20:08:49+00:00\" \/>\n<meta property=\"og:image\" content=\"https:\/\/www.ritzbrasil.com\/wp-content\/uploads\/2024\/08\/flv16140-1-bastao-medicao.jpg\" \/>\n\t<meta property=\"og:image:width\" content=\"1200\" \/>\n\t<meta property=\"og:image:height\" content=\"1200\" \/>\n\t<meta property=\"og:image:type\" content=\"image\/jpeg\" \/>\n<meta name=\"twitter:card\" content=\"summary_large_image\" \/>\n<meta name=\"twitter:label1\" content=\"Tiempo de lectura\" \/>\n\t<meta name=\"twitter:data1\" content=\"1 minuto\" \/>\n<script type=\"application\/ld+json\" class=\"yoast-schema-graph\">{\"@context\":\"https:\/\/schema.org\",\"@graph\":[{\"@type\":\"WebPage\",\"@id\":\"https:\/\/www.ritzbrasil.com\/es\/produtos\/productos\/pertigas-herramientas-universales\/vara-de-medir-y-alargadera\/\",\"url\":\"https:\/\/www.ritzbrasil.com\/es\/produtos\/productos\/pertigas-herramientas-universales\/vara-de-medir-y-alargadera\/\",\"name\":\"Vara de medir y alargadera\",\"isPartOf\":{\"@id\":\"https:\/\/www.ritzbrasil.com\/es\/#website\"},\"primaryImageOfPage\":{\"@id\":\"https:\/\/www.ritzbrasil.com\/es\/produtos\/productos\/pertigas-herramientas-universales\/vara-de-medir-y-alargadera\/#primaryimage\"},\"image\":{\"@id\":\"https:\/\/www.ritzbrasil.com\/es\/produtos\/productos\/pertigas-herramientas-universales\/vara-de-medir-y-alargadera\/#primaryimage\"},\"thumbnailUrl\":\"https:\/\/www.ritzbrasil.com\/wp-content\/uploads\/2024\/08\/flv16140-1-bastao-medicao.jpg\",\"datePublished\":\"2024-08-21T18:59:56+00:00\",\"dateModified\":\"2026-02-25T20:08:49+00:00\",\"description\":\"P\u00e9rtiga de medici\u00f3n y extensi\u00f3n para medir longitudes y luces de hasta 3 m en sistemas energizados, garantizando la seguridad en zonas de dif\u00edcil acceso.\",\"breadcrumb\":{\"@id\":\"https:\/\/www.ritzbrasil.com\/es\/produtos\/productos\/pertigas-herramientas-universales\/vara-de-medir-y-alargadera\/#breadcrumb\"},\"inLanguage\":\"es\",\"potentialAction\":[{\"@type\":\"ReadAction\",\"target\":[\"https:\/\/www.ritzbrasil.com\/es\/produtos\/productos\/pertigas-herramientas-universales\/vara-de-medir-y-alargadera\/\"]}]},{\"@type\":\"ImageObject\",\"inLanguage\":\"es\",\"@id\":\"https:\/\/www.ritzbrasil.com\/es\/produtos\/productos\/pertigas-herramientas-universales\/vara-de-medir-y-alargadera\/#primaryimage\",\"url\":\"https:\/\/www.ritzbrasil.com\/wp-content\/uploads\/2024\/08\/flv16140-1-bastao-medicao.jpg\",\"contentUrl\":\"https:\/\/www.ritzbrasil.com\/wp-content\/uploads\/2024\/08\/flv16140-1-bastao-medicao.jpg\",\"width\":1200,\"height\":1200,\"caption\":\"FLV16140-1 Vara de medir\"},{\"@type\":\"BreadcrumbList\",\"@id\":\"https:\/\/www.ritzbrasil.com\/es\/produtos\/productos\/pertigas-herramientas-universales\/vara-de-medir-y-alargadera\/#breadcrumb\",\"itemListElement\":[{\"@type\":\"ListItem\",\"position\":1,\"name\":\"In\u00edcio\",\"item\":\"https:\/\/www.ritzbrasil.com\/es\/\"},{\"@type\":\"ListItem\",\"position\":2,\"name\":\"Tienda\",\"item\":\"https:\/\/www.ritzbrasil.com\/es\/tienda\/\"},{\"@type\":\"ListItem\",\"position\":3,\"name\":\"Vara de medir y alargadera\"}]},{\"@type\":\"WebSite\",\"@id\":\"https:\/\/www.ritzbrasil.com\/es\/#website\",\"url\":\"https:\/\/www.ritzbrasil.com\/es\/\",\"name\":\"Equipamentos de Manuten\u00e7\u00e3o e Seguran\u00e7a para o Setor El\u00e9trico - Ritz Brasil\",\"description\":\"\",\"potentialAction\":[{\"@type\":\"SearchAction\",\"target\":{\"@type\":\"EntryPoint\",\"urlTemplate\":\"https:\/\/www.ritzbrasil.com\/es\/?s={search_term_string}\"},\"query-input\":{\"@type\":\"PropertyValueSpecification\",\"valueRequired\":true,\"valueName\":\"search_term_string\"}}],\"inLanguage\":\"es\"}]}<\/script>\n<!-- \/ Yoast SEO plugin. -->","yoast_head_json":{"title":"Vara de medir y alargadera","description":"P\u00e9rtiga de medici\u00f3n y extensi\u00f3n para medir longitudes y luces de hasta 3 m en sistemas energizados, garantizando la seguridad en zonas de dif\u00edcil acceso.","robots":{"index":"index","follow":"follow","max-snippet":"max-snippet:-1","max-image-preview":"max-image-preview:large","max-video-preview":"max-video-preview:-1"},"canonical":"https:\/\/www.ritzbrasil.com\/es\/produtos\/productos\/pertigas-herramientas-universales\/vara-de-medir-y-alargadera\/","og_locale":"es_ES","og_type":"article","og_title":"Vara de medir y alargadera","og_description":"P\u00e9rtiga de medici\u00f3n y extensi\u00f3n para medir longitudes y luces de hasta 3 m en sistemas energizados, garantizando la seguridad en zonas de dif\u00edcil acceso.","og_url":"https:\/\/www.ritzbrasil.com\/es\/produtos\/productos\/pertigas-herramientas-universales\/vara-de-medir-y-alargadera\/","og_site_name":"Equipamentos de Manuten\u00e7\u00e3o e Seguran\u00e7a para o Setor El\u00e9trico - Ritz Brasil","article_modified_time":"2026-02-25T20:08:49+00:00","og_image":[{"width":1200,"height":1200,"url":"https:\/\/www.ritzbrasil.com\/wp-content\/uploads\/2024\/08\/flv16140-1-bastao-medicao.jpg","type":"image\/jpeg"}],"twitter_card":"summary_large_image","twitter_misc":{"Tiempo de lectura":"1 minuto"},"schema":{"@context":"https:\/\/schema.org","@graph":[{"@type":"WebPage","@id":"https:\/\/www.ritzbrasil.com\/es\/produtos\/productos\/pertigas-herramientas-universales\/vara-de-medir-y-alargadera\/","url":"https:\/\/www.ritzbrasil.com\/es\/produtos\/productos\/pertigas-herramientas-universales\/vara-de-medir-y-alargadera\/","name":"Vara de medir y alargadera","isPartOf":{"@id":"https:\/\/www.ritzbrasil.com\/es\/#website"},"primaryImageOfPage":{"@id":"https:\/\/www.ritzbrasil.com\/es\/produtos\/productos\/pertigas-herramientas-universales\/vara-de-medir-y-alargadera\/#primaryimage"},"image":{"@id":"https:\/\/www.ritzbrasil.com\/es\/produtos\/productos\/pertigas-herramientas-universales\/vara-de-medir-y-alargadera\/#primaryimage"},"thumbnailUrl":"https:\/\/www.ritzbrasil.com\/wp-content\/uploads\/2024\/08\/flv16140-1-bastao-medicao.jpg","datePublished":"2024-08-21T18:59:56+00:00","dateModified":"2026-02-25T20:08:49+00:00","description":"P\u00e9rtiga de medici\u00f3n y extensi\u00f3n para medir longitudes y luces de hasta 3 m en sistemas energizados, garantizando la seguridad en zonas de dif\u00edcil acceso.","breadcrumb":{"@id":"https:\/\/www.ritzbrasil.com\/es\/produtos\/productos\/pertigas-herramientas-universales\/vara-de-medir-y-alargadera\/#breadcrumb"},"inLanguage":"es","potentialAction":[{"@type":"ReadAction","target":["https:\/\/www.ritzbrasil.com\/es\/produtos\/productos\/pertigas-herramientas-universales\/vara-de-medir-y-alargadera\/"]}]},{"@type":"ImageObject","inLanguage":"es","@id":"https:\/\/www.ritzbrasil.com\/es\/produtos\/productos\/pertigas-herramientas-universales\/vara-de-medir-y-alargadera\/#primaryimage","url":"https:\/\/www.ritzbrasil.com\/wp-content\/uploads\/2024\/08\/flv16140-1-bastao-medicao.jpg","contentUrl":"https:\/\/www.ritzbrasil.com\/wp-content\/uploads\/2024\/08\/flv16140-1-bastao-medicao.jpg","width":1200,"height":1200,"caption":"FLV16140-1 Vara de medir"},{"@type":"BreadcrumbList","@id":"https:\/\/www.ritzbrasil.com\/es\/produtos\/productos\/pertigas-herramientas-universales\/vara-de-medir-y-alargadera\/#breadcrumb","itemListElement":[{"@type":"ListItem","position":1,"name":"In\u00edcio","item":"https:\/\/www.ritzbrasil.com\/es\/"},{"@type":"ListItem","position":2,"name":"Tienda","item":"https:\/\/www.ritzbrasil.com\/es\/tienda\/"},{"@type":"ListItem","position":3,"name":"Vara de medir y alargadera"}]},{"@type":"WebSite","@id":"https:\/\/www.ritzbrasil.com\/es\/#website","url":"https:\/\/www.ritzbrasil.com\/es\/","name":"Equipamentos de Manuten\u00e7\u00e3o e Seguran\u00e7a para o Setor El\u00e9trico - Ritz Brasil","description":"","potentialAction":[{"@type":"SearchAction","target":{"@type":"EntryPoint","urlTemplate":"https:\/\/www.ritzbrasil.com\/es\/?s={search_term_string}"},"query-input":{"@type":"PropertyValueSpecification","valueRequired":true,"valueName":"search_term_string"}}],"inLanguage":"es"}]}},"_links":{"self":[{"href":"https:\/\/www.ritzbrasil.com\/es\/wp-json\/wp\/v2\/product\/61366","targetHints":{"allow":["GET"]}}],"collection":[{"href":"https:\/\/www.ritzbrasil.com\/es\/wp-json\/wp\/v2\/product"}],"about":[{"href":"https:\/\/www.ritzbrasil.com\/es\/wp-json\/wp\/v2\/types\/product"}],"wp:featuredmedia":[{"embeddable":true,"href":"https:\/\/www.ritzbrasil.com\/es\/wp-json\/wp\/v2\/media\/57759"}],"wp:attachment":[{"href":"https:\/\/www.ritzbrasil.com\/es\/wp-json\/wp\/v2\/media?parent=61366"}],"wp:term":[{"taxonomy":"product_brand","embeddable":true,"href":"https:\/\/www.ritzbrasil.com\/es\/wp-json\/wp\/v2\/product_brand?post=61366"},{"taxonomy":"product_cat","embeddable":true,"href":"https:\/\/www.ritzbrasil.com\/es\/wp-json\/wp\/v2\/product_cat?post=61366"},{"taxonomy":"product_tag","embeddable":true,"href":"https:\/\/www.ritzbrasil.com\/es\/wp-json\/wp\/v2\/product_tag?post=61366"}],"curies":[{"name":"wp","href":"https:\/\/api.w.org\/{rel}","templated":true}]}}