{"id":61363,"date":"2024-08-21T14:48:03","date_gmt":"2024-08-21T17:48:03","guid":{"rendered":"https:\/\/www.ritzbrasil.com\/produtos\/sin%20categor\u00eda\/pertiga-auxiliar-para-colocacion-de-pertigas\/"},"modified":"2026-02-25T17:08:58","modified_gmt":"2026-02-25T20:08:58","slug":"pertiga-auxiliar-para-colocacion-de-pertigas","status":"publish","type":"product","link":"https:\/\/www.ritzbrasil.com\/es\/produtos\/varas-de-mano-varas-de-maniobra-y-herramientas-universales\/pertiga-auxiliar-para-colocacion-de-pertigas\/","title":{"rendered":"P\u00e9rtiga auxiliar para colocaci\u00f3n de p\u00e9rtigas"},"content":{"rendered":"<div class=\"wpb-content-wrapper\"><p>[vc_row][vc_column][vc_column_text css=\u00bb.vc_custom_1724263269883{margin-top: 20px !important;}\u00bb]<\/p>\n<h4><span style=\"color: #ff9900;\"><strong>P\u00e9rtiga auxiliar para colocaci\u00f3n de p\u00e9rtigas<\/strong><\/span><\/h4>\n<p>[\/vc_column_text][vc_column_text css=\u00bb.vc_custom_1724334103714{margin-top: -20px !important;}\u00bb]\n<div id=\"tablepress-FLV30841-1-scroll-wrapper\" class=\"tablepress-scroll-wrapper\">\n<table id=\"tablepress-FLV30841-1\" class=\"tablepress tablepress-id-FLV30841-1 tablepress-responsive\">\n<thead>\n<tr class=\"row-1\">\n\t<td class=\"column-1\"><\/td><th class=\"column-2\">  Refer\u00eancias<\/th><th class=\"column-3\">Caracter\u00edstica<\/th><td class=\"column-4\"><\/td><td class=\"column-5\"><\/td>\n<\/tr>\n<\/thead>\n<tbody class=\"row-striping row-hover\">\n<tr class=\"row-2\">\n\t<td class=\"column-1\"><img decoding=\"async\" src=\"https:\/\/www.ritzbrasil.com\/wp-content\/uploads\/2024\/08\/flv30841-bastao-auxiliar-posicionamento-poste-150x150-1.jpg\" \/><\/td><td class=\"column-2\">FLV30841-1<\/td><td class=\"column-3\">Comprimento total 1,70 m para posicionamento de postes com \u00d8 de 250 a 300 mm<\/td><td class=\"column-4\">    <button class=\"add-to-budget\" data-table-id=\"FLV30841-1\" data-reference=\"FLV30841-1\" data-description=\"Bast\u00e3o Auxiliar para Posicionamento de Poste\" style=\"color:#ff4d00;\">\n        <img decoding=\"async\" src=\"https:\/\/www.ritzbrasil.com\/\/wp-content\/uploads\/2024\/07\/orcar-compras-tabela-new-1.png\" alt=\"Solicitar cotizaci\u00f3n\" title=\"Solicitar cotizaci\u00f3n\" \/>\n    <\/button>\n    <\/td><td class=\"column-5\"><a href=\"https:\/\/lojasritz.com.br\/catalogsearch\/result\/?q=FLV30841-1\" target=\"_blank\" rel=\"noopener\"><img decoding=\"async\" src=\"https:\/\/www.ritzbrasil.com\/wp-content\/uploads\/2024\/07\/carrinho-compras-tabela.png\"  \/><\/a><\/td>\n<\/tr>\n<\/tbody>\n<\/table>\n<\/div>\n[\/vc_column_text][vc_column_text css=\u00bb\u00bb]Con una varilla de accionamiento giratoria, un cabezal roscado fijo, un cabezal m\u00f3vil y una zapata de apoyo, este modelo permite reposicionar la herramienta de forma eficaz y sin esfuerzo adicional.[\/vc_column_text][\/vc_column][\/vc_row][vc_row][vc_column][vc_separator border_width=\u00bb2&#8243; css=\u00bb\u00bb][vc_column_text css=\u00bb.vc_custom_1724334334768{margin-top: -20px !important;}\u00bb]\n<div id=\"tablepress-FLV31428-scroll-wrapper\" class=\"tablepress-scroll-wrapper\">\n<table id=\"tablepress-FLV31428\" class=\"tablepress tablepress-id-FLV31428 tablepress-responsive\">\n<thead>\n<tr class=\"row-1\">\n\t<td class=\"column-1\"><\/td><th class=\"column-2\">  Refer\u00eancias<\/th><th class=\"column-3\">Caracter\u00edstica<\/th><td class=\"column-4\"><\/td><td class=\"column-5\"><\/td>\n<\/tr>\n<\/thead>\n<tbody class=\"row-striping row-hover\">\n<tr class=\"row-2\">\n\t<td class=\"column-1\"><img decoding=\"async\" src=\"https:\/\/www.ritzbrasil.com\/wp-content\/uploads\/2024\/08\/FLV31428-bastao-auxiliar-posicionamento-poste-150x150-1.jpg\" \/><\/td><td class=\"column-2\">FLV31428-1<\/td><td class=\"column-3\">Comprimento total 1,66 m para posicionamento de postes com \u00d8 de 250 a 350 mm<\/td><td class=\"column-4\">    <button class=\"add-to-budget\" data-table-id=\"FLV31428\" data-reference=\"FLV31428-1\" data-description=\"Bast\u00e3o Auxiliar para Posicionamento de Poste\" style=\"color:#ff4d00;\">\n        <img decoding=\"async\" src=\"https:\/\/www.ritzbrasil.com\/\/wp-content\/uploads\/2024\/07\/orcar-compras-tabela-new-1.png\" alt=\"Solicitar cotizaci\u00f3n\" title=\"Solicitar cotizaci\u00f3n\" \/>\n    <\/button>\n    <\/td><td class=\"column-5\"><a href=\"https:\/\/lojasritz.com.br\/catalogsearch\/result\/?q=FLV31428-1\" target=\"_blank\" rel=\"noopener\"><img decoding=\"async\" src=\"https:\/\/www.ritzbrasil.com\/wp-content\/uploads\/2024\/07\/carrinho-compras-tabela.png\"  \/><\/a><\/td>\n<\/tr>\n<tr class=\"row-3\">\n\t<td class=\"column-1\"><img decoding=\"async\" src=\"https:\/\/www.ritzbrasil.com\/wp-content\/uploads\/2024\/08\/FLV31428-bastao-auxiliar-posicionamento-poste-150x150-1.jpg\" \/><\/td><td class=\"column-2\">FLV31428-2<\/td><td class=\"column-3\">Comprimento total 1,83 m para posicionamento de postes com \u00d8 de 250 a 350 mm<\/td><td class=\"column-4\">    <button class=\"add-to-budget\" data-table-id=\"FLV31428\" data-reference=\"FLV31428-2\" data-description=\"Bast\u00e3o Auxiliar para Posicionamento de Poste\" style=\"color:#ff4d00;\">\n        <img decoding=\"async\" src=\"https:\/\/www.ritzbrasil.com\/\/wp-content\/uploads\/2024\/07\/orcar-compras-tabela-new-1.png\" alt=\"Solicitar cotizaci\u00f3n\" title=\"Solicitar cotizaci\u00f3n\" \/>\n    <\/button>\n    <\/td><td class=\"column-5\"><a href=\"https:\/\/lojasritz.com.br\/catalogsearch\/result\/?q=FLV31428-2\" target=\"_blank\" rel=\"noopener\"><img decoding=\"async\" src=\"https:\/\/www.ritzbrasil.com\/wp-content\/uploads\/2024\/07\/carrinho-compras-tabela.png\"  \/><\/a><\/td>\n<\/tr>\n<\/tbody>\n<\/table>\n<\/div>\n[\/vc_column_text][vc_column_text css=\u00bb\u00bb]Compuesta por un cabezal articulado y una zapata de apoyo articulada, esta versi\u00f3n est\u00e1 especialmente dise\u00f1ada para terrenos inclinados. La articulaci\u00f3n de la zapata permite a los electricistas posicionarse con seguridad, mientras que el sistema de articulaci\u00f3n suaviza los movimientos, facilitando el trabajo.[\/vc_column_text][\/vc_column][\/vc_row]<\/p>\n<\/div>","protected":false},"excerpt":{"rendered":"<p>Herramienta para garantizar la seguridad de los electricistas al instalar y retirar postes. Fabricada con tubo aislado RITZGLAS\u00ae (\u00d8 32 mm), esta p\u00e9rtiga est\u00e1 dise\u00f1ada para mantener a los profesionales alejados de cualquier riesgo<br \/>\nde descarga el\u00e9ctrica, manteni\u00e9ndoles seguros en todo momento.<\/p>\n<p>Equipado con una empu\u00f1adura antideslizante para garantizar un manejo seguro, el Bast\u00f3n de Ayuda para Posicionamiento en Postes viene con una correa de poli\u00e9ster con protector activada por trinquete que permite sujetarlo firmemente a la estructura del poste.<\/p>\n","protected":false},"featured_media":57739,"template":"","meta":[],"product_brand":[],"product_cat":[2245],"product_tag":[3716,3717,3718,3715],"class_list":{"0":"post-61363","1":"product","2":"type-product","3":"status-publish","4":"has-post-thumbnail","6":"product_cat-varas-de-mano-varas-de-maniobra-y-herramientas-universales","7":"product_tag-flv30841-1-es","8":"product_tag-flv31428-1-es","9":"product_tag-flv31428-2-es","10":"product_tag-pertiga-auxiliar-para-colocacion-de-pertigas","11":"description-off","13":"first","14":"instock","15":"virtual","16":"product-type-simple"},"yoast_head":"<!-- This site is optimized with the Yoast SEO plugin v27.1.1 - https:\/\/yoast.com\/product\/yoast-seo-wordpress\/ -->\n<title>P\u00e9rtiga auxiliar para colocaci\u00f3n de p\u00e9rtigas<\/title>\n<meta name=\"description\" content=\"Herramienta de seguridad para electricistas que instalan y retiran postes, fabricada con tubo aislante RITZGLAS\u00ae para proteger contra descargas el\u00e9ctricas.\" \/>\n<meta name=\"robots\" content=\"index, follow, max-snippet:-1, max-image-preview:large, max-video-preview:-1\" \/>\n<link rel=\"canonical\" href=\"https:\/\/www.ritzbrasil.com\/es\/produtos\/varas-de-mano-varas-de-maniobra-y-herramientas-universales\/pertiga-auxiliar-para-colocacion-de-pertigas\/\" \/>\n<meta property=\"og:locale\" content=\"es_ES\" \/>\n<meta property=\"og:type\" content=\"article\" \/>\n<meta property=\"og:title\" content=\"P\u00e9rtiga auxiliar para colocaci\u00f3n de p\u00e9rtigas\" \/>\n<meta property=\"og:description\" content=\"Herramienta de seguridad para electricistas que instalan y retiran postes, fabricada con tubo aislante RITZGLAS\u00ae para proteger contra descargas el\u00e9ctricas.\" \/>\n<meta property=\"og:url\" content=\"https:\/\/www.ritzbrasil.com\/es\/produtos\/varas-de-mano-varas-de-maniobra-y-herramientas-universales\/pertiga-auxiliar-para-colocacion-de-pertigas\/\" \/>\n<meta property=\"og:site_name\" content=\"Equipamentos de Manuten\u00e7\u00e3o e Seguran\u00e7a para o Setor El\u00e9trico - Ritz Brasil\" \/>\n<meta property=\"article:modified_time\" content=\"2026-02-25T20:08:58+00:00\" \/>\n<meta property=\"og:image\" content=\"https:\/\/www.ritzbrasil.com\/wp-content\/uploads\/2024\/08\/flv30841-bastao-auxiliar-posicionamento-poste.jpg\" \/>\n\t<meta property=\"og:image:width\" content=\"1200\" \/>\n\t<meta property=\"og:image:height\" content=\"1200\" \/>\n\t<meta property=\"og:image:type\" content=\"image\/jpeg\" \/>\n<meta name=\"twitter:card\" content=\"summary_large_image\" \/>\n<meta name=\"twitter:label1\" content=\"Tiempo de lectura\" \/>\n\t<meta name=\"twitter:data1\" content=\"1 minuto\" \/>\n<script type=\"application\/ld+json\" class=\"yoast-schema-graph\">{\"@context\":\"https:\/\/schema.org\",\"@graph\":[{\"@type\":\"WebPage\",\"@id\":\"https:\/\/www.ritzbrasil.com\/es\/produtos\/varas-de-mano-varas-de-maniobra-y-herramientas-universales\/pertiga-auxiliar-para-colocacion-de-pertigas\/\",\"url\":\"https:\/\/www.ritzbrasil.com\/es\/produtos\/varas-de-mano-varas-de-maniobra-y-herramientas-universales\/pertiga-auxiliar-para-colocacion-de-pertigas\/\",\"name\":\"P\u00e9rtiga auxiliar para colocaci\u00f3n de p\u00e9rtigas\",\"isPartOf\":{\"@id\":\"https:\/\/www.ritzbrasil.com\/es\/#website\"},\"primaryImageOfPage\":{\"@id\":\"https:\/\/www.ritzbrasil.com\/es\/produtos\/varas-de-mano-varas-de-maniobra-y-herramientas-universales\/pertiga-auxiliar-para-colocacion-de-pertigas\/#primaryimage\"},\"image\":{\"@id\":\"https:\/\/www.ritzbrasil.com\/es\/produtos\/varas-de-mano-varas-de-maniobra-y-herramientas-universales\/pertiga-auxiliar-para-colocacion-de-pertigas\/#primaryimage\"},\"thumbnailUrl\":\"https:\/\/www.ritzbrasil.com\/wp-content\/uploads\/2024\/08\/flv30841-bastao-auxiliar-posicionamento-poste.jpg\",\"datePublished\":\"2024-08-21T17:48:03+00:00\",\"dateModified\":\"2026-02-25T20:08:58+00:00\",\"description\":\"Herramienta de seguridad para electricistas que instalan y retiran postes, fabricada con tubo aislante RITZGLAS\u00ae para proteger contra descargas el\u00e9ctricas.\",\"breadcrumb\":{\"@id\":\"https:\/\/www.ritzbrasil.com\/es\/produtos\/varas-de-mano-varas-de-maniobra-y-herramientas-universales\/pertiga-auxiliar-para-colocacion-de-pertigas\/#breadcrumb\"},\"inLanguage\":\"es\",\"potentialAction\":[{\"@type\":\"ReadAction\",\"target\":[\"https:\/\/www.ritzbrasil.com\/es\/produtos\/varas-de-mano-varas-de-maniobra-y-herramientas-universales\/pertiga-auxiliar-para-colocacion-de-pertigas\/\"]}]},{\"@type\":\"ImageObject\",\"inLanguage\":\"es\",\"@id\":\"https:\/\/www.ritzbrasil.com\/es\/produtos\/varas-de-mano-varas-de-maniobra-y-herramientas-universales\/pertiga-auxiliar-para-colocacion-de-pertigas\/#primaryimage\",\"url\":\"https:\/\/www.ritzbrasil.com\/wp-content\/uploads\/2024\/08\/flv30841-bastao-auxiliar-posicionamento-poste.jpg\",\"contentUrl\":\"https:\/\/www.ritzbrasil.com\/wp-content\/uploads\/2024\/08\/flv30841-bastao-auxiliar-posicionamento-poste.jpg\",\"width\":1200,\"height\":1200,\"caption\":\"FLV30841 Palo de Posicionamiento de Postes Auxiliares\"},{\"@type\":\"BreadcrumbList\",\"@id\":\"https:\/\/www.ritzbrasil.com\/es\/produtos\/varas-de-mano-varas-de-maniobra-y-herramientas-universales\/pertiga-auxiliar-para-colocacion-de-pertigas\/#breadcrumb\",\"itemListElement\":[{\"@type\":\"ListItem\",\"position\":1,\"name\":\"In\u00edcio\",\"item\":\"https:\/\/www.ritzbrasil.com\/es\/\"},{\"@type\":\"ListItem\",\"position\":2,\"name\":\"Tienda\",\"item\":\"https:\/\/www.ritzbrasil.com\/es\/tienda\/\"},{\"@type\":\"ListItem\",\"position\":3,\"name\":\"P\u00e9rtiga auxiliar para colocaci\u00f3n de p\u00e9rtigas\"}]},{\"@type\":\"WebSite\",\"@id\":\"https:\/\/www.ritzbrasil.com\/es\/#website\",\"url\":\"https:\/\/www.ritzbrasil.com\/es\/\",\"name\":\"Equipamentos de Manuten\u00e7\u00e3o e Seguran\u00e7a para o Setor El\u00e9trico - Ritz Brasil\",\"description\":\"\",\"potentialAction\":[{\"@type\":\"SearchAction\",\"target\":{\"@type\":\"EntryPoint\",\"urlTemplate\":\"https:\/\/www.ritzbrasil.com\/es\/?s={search_term_string}\"},\"query-input\":{\"@type\":\"PropertyValueSpecification\",\"valueRequired\":true,\"valueName\":\"search_term_string\"}}],\"inLanguage\":\"es\"}]}<\/script>\n<!-- \/ Yoast SEO plugin. -->","yoast_head_json":{"title":"P\u00e9rtiga auxiliar para colocaci\u00f3n de p\u00e9rtigas","description":"Herramienta de seguridad para electricistas que instalan y retiran postes, fabricada con tubo aislante RITZGLAS\u00ae para proteger contra descargas el\u00e9ctricas.","robots":{"index":"index","follow":"follow","max-snippet":"max-snippet:-1","max-image-preview":"max-image-preview:large","max-video-preview":"max-video-preview:-1"},"canonical":"https:\/\/www.ritzbrasil.com\/es\/produtos\/varas-de-mano-varas-de-maniobra-y-herramientas-universales\/pertiga-auxiliar-para-colocacion-de-pertigas\/","og_locale":"es_ES","og_type":"article","og_title":"P\u00e9rtiga auxiliar para colocaci\u00f3n de p\u00e9rtigas","og_description":"Herramienta de seguridad para electricistas que instalan y retiran postes, fabricada con tubo aislante RITZGLAS\u00ae para proteger contra descargas el\u00e9ctricas.","og_url":"https:\/\/www.ritzbrasil.com\/es\/produtos\/varas-de-mano-varas-de-maniobra-y-herramientas-universales\/pertiga-auxiliar-para-colocacion-de-pertigas\/","og_site_name":"Equipamentos de Manuten\u00e7\u00e3o e Seguran\u00e7a para o Setor El\u00e9trico - Ritz Brasil","article_modified_time":"2026-02-25T20:08:58+00:00","og_image":[{"width":1200,"height":1200,"url":"https:\/\/www.ritzbrasil.com\/wp-content\/uploads\/2024\/08\/flv30841-bastao-auxiliar-posicionamento-poste.jpg","type":"image\/jpeg"}],"twitter_card":"summary_large_image","twitter_misc":{"Tiempo de lectura":"1 minuto"},"schema":{"@context":"https:\/\/schema.org","@graph":[{"@type":"WebPage","@id":"https:\/\/www.ritzbrasil.com\/es\/produtos\/varas-de-mano-varas-de-maniobra-y-herramientas-universales\/pertiga-auxiliar-para-colocacion-de-pertigas\/","url":"https:\/\/www.ritzbrasil.com\/es\/produtos\/varas-de-mano-varas-de-maniobra-y-herramientas-universales\/pertiga-auxiliar-para-colocacion-de-pertigas\/","name":"P\u00e9rtiga auxiliar para colocaci\u00f3n de p\u00e9rtigas","isPartOf":{"@id":"https:\/\/www.ritzbrasil.com\/es\/#website"},"primaryImageOfPage":{"@id":"https:\/\/www.ritzbrasil.com\/es\/produtos\/varas-de-mano-varas-de-maniobra-y-herramientas-universales\/pertiga-auxiliar-para-colocacion-de-pertigas\/#primaryimage"},"image":{"@id":"https:\/\/www.ritzbrasil.com\/es\/produtos\/varas-de-mano-varas-de-maniobra-y-herramientas-universales\/pertiga-auxiliar-para-colocacion-de-pertigas\/#primaryimage"},"thumbnailUrl":"https:\/\/www.ritzbrasil.com\/wp-content\/uploads\/2024\/08\/flv30841-bastao-auxiliar-posicionamento-poste.jpg","datePublished":"2024-08-21T17:48:03+00:00","dateModified":"2026-02-25T20:08:58+00:00","description":"Herramienta de seguridad para electricistas que instalan y retiran postes, fabricada con tubo aislante RITZGLAS\u00ae para proteger contra descargas el\u00e9ctricas.","breadcrumb":{"@id":"https:\/\/www.ritzbrasil.com\/es\/produtos\/varas-de-mano-varas-de-maniobra-y-herramientas-universales\/pertiga-auxiliar-para-colocacion-de-pertigas\/#breadcrumb"},"inLanguage":"es","potentialAction":[{"@type":"ReadAction","target":["https:\/\/www.ritzbrasil.com\/es\/produtos\/varas-de-mano-varas-de-maniobra-y-herramientas-universales\/pertiga-auxiliar-para-colocacion-de-pertigas\/"]}]},{"@type":"ImageObject","inLanguage":"es","@id":"https:\/\/www.ritzbrasil.com\/es\/produtos\/varas-de-mano-varas-de-maniobra-y-herramientas-universales\/pertiga-auxiliar-para-colocacion-de-pertigas\/#primaryimage","url":"https:\/\/www.ritzbrasil.com\/wp-content\/uploads\/2024\/08\/flv30841-bastao-auxiliar-posicionamento-poste.jpg","contentUrl":"https:\/\/www.ritzbrasil.com\/wp-content\/uploads\/2024\/08\/flv30841-bastao-auxiliar-posicionamento-poste.jpg","width":1200,"height":1200,"caption":"FLV30841 Palo de Posicionamiento de Postes Auxiliares"},{"@type":"BreadcrumbList","@id":"https:\/\/www.ritzbrasil.com\/es\/produtos\/varas-de-mano-varas-de-maniobra-y-herramientas-universales\/pertiga-auxiliar-para-colocacion-de-pertigas\/#breadcrumb","itemListElement":[{"@type":"ListItem","position":1,"name":"In\u00edcio","item":"https:\/\/www.ritzbrasil.com\/es\/"},{"@type":"ListItem","position":2,"name":"Tienda","item":"https:\/\/www.ritzbrasil.com\/es\/tienda\/"},{"@type":"ListItem","position":3,"name":"P\u00e9rtiga auxiliar para colocaci\u00f3n de p\u00e9rtigas"}]},{"@type":"WebSite","@id":"https:\/\/www.ritzbrasil.com\/es\/#website","url":"https:\/\/www.ritzbrasil.com\/es\/","name":"Equipamentos de Manuten\u00e7\u00e3o e Seguran\u00e7a para o Setor El\u00e9trico - Ritz Brasil","description":"","potentialAction":[{"@type":"SearchAction","target":{"@type":"EntryPoint","urlTemplate":"https:\/\/www.ritzbrasil.com\/es\/?s={search_term_string}"},"query-input":{"@type":"PropertyValueSpecification","valueRequired":true,"valueName":"search_term_string"}}],"inLanguage":"es"}]}},"_links":{"self":[{"href":"https:\/\/www.ritzbrasil.com\/es\/wp-json\/wp\/v2\/product\/61363","targetHints":{"allow":["GET"]}}],"collection":[{"href":"https:\/\/www.ritzbrasil.com\/es\/wp-json\/wp\/v2\/product"}],"about":[{"href":"https:\/\/www.ritzbrasil.com\/es\/wp-json\/wp\/v2\/types\/product"}],"wp:featuredmedia":[{"embeddable":true,"href":"https:\/\/www.ritzbrasil.com\/es\/wp-json\/wp\/v2\/media\/57739"}],"wp:attachment":[{"href":"https:\/\/www.ritzbrasil.com\/es\/wp-json\/wp\/v2\/media?parent=61363"}],"wp:term":[{"taxonomy":"product_brand","embeddable":true,"href":"https:\/\/www.ritzbrasil.com\/es\/wp-json\/wp\/v2\/product_brand?post=61363"},{"taxonomy":"product_cat","embeddable":true,"href":"https:\/\/www.ritzbrasil.com\/es\/wp-json\/wp\/v2\/product_cat?post=61363"},{"taxonomy":"product_tag","embeddable":true,"href":"https:\/\/www.ritzbrasil.com\/es\/wp-json\/wp\/v2\/product_tag?post=61363"}],"curies":[{"name":"wp","href":"https:\/\/api.w.org\/{rel}","templated":true}]}}