{"id":61361,"date":"2024-08-21T14:30:46","date_gmt":"2024-08-21T17:30:46","guid":{"rendered":"https:\/\/www.ritzbrasil.com\/produtos\/sin%20categor\u00eda\/varilla\/"},"modified":"2026-02-25T17:09:05","modified_gmt":"2026-02-25T20:09:05","slug":"varilla","status":"publish","type":"product","link":"https:\/\/www.ritzbrasil.com\/es\/produtos\/varas-de-mano-varas-de-maniobra-y-herramientas-universales\/varilla\/","title":{"rendered":"Varilla"},"content":{"rendered":"<div class=\"wpb-content-wrapper\"><p>[vc_row][vc_column][vc_column_text css=\u00bb.vc_custom_1724261692539{margin-top: 20px !important;}\u00bb]<\/p>\n<h4><span style=\"color: #ff9900;\"><strong>Varilla<\/strong><\/span><\/h4>\n<p>[\/vc_column_text][vc_column_text css=\u00bb.vc_custom_1724332147545{margin-top: -20px !important;}\u00bb]\n<div id=\"tablepress-Bastao-tira-pipa-scroll-wrapper\" class=\"tablepress-scroll-wrapper\">\n<table id=\"tablepress-Bastao-tira-pipa\" class=\"tablepress tablepress-id-Bastao-tira-pipa tablepress-responsive\">\n<thead>\n<tr class=\"row-1\">\n\t<td class=\"column-1\"><\/td><th class=\"column-2\">  Refer\u00eancias<\/th><th class=\"column-3\">Caracter\u00edstica<\/th><td class=\"column-4\"><\/td><td class=\"column-5\"><\/td>\n<\/tr>\n<\/thead>\n<tbody class=\"row-striping row-hover\">\n<tr class=\"row-2\">\n\t<td class=\"column-1\"><img decoding=\"async\" src=\"https:\/\/www.ritzbrasil.com\/wp-content\/uploads\/2024\/08\/flv13907-1-bastao-tira-pipa-150x150-1.jpg\" \/><\/td><td class=\"column-2\">FLV13907-1<\/td><td class=\"column-3\">Bast\u00e3o tira-pipa<\/td><td class=\"column-4\">    <button class=\"add-to-budget\" data-table-id=\"Bastao-tira-pipa\" data-reference=\"FLV13907-1\" data-description=\"Bast\u00e3o tira-pipa\" style=\"color:#ff4d00;\">\n        <img decoding=\"async\" src=\"https:\/\/www.ritzbrasil.com\/\/wp-content\/uploads\/2024\/07\/orcar-compras-tabela-new-1.png\" alt=\"Solicitar cotizaci\u00f3n\" title=\"Solicitar cotizaci\u00f3n\" \/>\n    <\/button>\n    <\/td><td class=\"column-5\"><a href=\"https:\/\/lojasritz.com.br\/catalogsearch\/result\/?q=FLV13907-1\" target=\"_blank\" rel=\"noopener\"><img decoding=\"async\" src=\"https:\/\/www.ritzbrasil.com\/wp-content\/uploads\/2024\/07\/carrinho-compras-tabela.png\"  \/><\/a><\/td>\n<\/tr>\n<\/tbody>\n<\/table>\n<\/div>\n[\/vc_column_text][vc_separator border_width=\u00bb2&#8243; css=\u00bb\u00bb][\/vc_column][\/vc_row][vc_row][vc_column][vc_column_text css=\u00bb.vc_custom_1724261738577{margin-top: 20px !important;}\u00bb]<\/p>\n<h4><span style=\"color: #ff9900;\"><strong>Accesorios<\/strong><\/span><\/h4>\n<p>[\/vc_column_text][vc_column_text css=\u00bb.vc_custom_1724332935186{margin-top: -20px !important;}\u00bb]\n<div id=\"tablepress-Bastao-tira-pipa-Acessorio-scroll-wrapper\" class=\"tablepress-scroll-wrapper\">\n<table id=\"tablepress-Bastao-tira-pipa-Acessorio\" class=\"tablepress tablepress-id-Bastao-tira-pipa-Acessorio tablepress-responsive\">\n<thead>\n<tr class=\"row-1\">\n\t<td class=\"column-1\"><\/td><th class=\"column-2\">  Refer\u00eancias<\/th><th class=\"column-3\">Caracter\u00edstica<\/th><td class=\"column-4\"><\/td><td class=\"column-5\"><\/td>\n<\/tr>\n<\/thead>\n<tbody class=\"row-striping row-hover\">\n<tr class=\"row-2\">\n\t<td class=\"column-1\"><img decoding=\"async\" src=\"https:\/\/www.ritzbrasil.com\/wp-content\/uploads\/2024\/08\/flv09311-1-cabecote-universal-tipo-alfanje-150x150-1.jpg\" \/><\/td><td class=\"column-2\">FLV09311-1<\/td><td class=\"column-3\">Cabe\u00e7ote universal tipo alfange<\/td><td class=\"column-4\">    <button class=\"add-to-budget\" data-table-id=\"Bastao-tira-pipa-Acessorio\" data-reference=\"FLV09311-1\" data-description=\"Bast\u00e3o tira-pipa Acess\u00f3rio\" style=\"color:#ff4d00;\">\n        <img decoding=\"async\" src=\"https:\/\/www.ritzbrasil.com\/\/wp-content\/uploads\/2024\/07\/orcar-compras-tabela-new-1.png\" alt=\"Solicitar cotizaci\u00f3n\" title=\"Solicitar cotizaci\u00f3n\" \/>\n    <\/button>\n    <\/td><td class=\"column-5\"><a href=\"https:\/\/lojasritz.com.br\/catalogsearch\/result\/?q=FLV09311-1\" target=\"_blank\" rel=\"noopener\"><img decoding=\"async\" src=\"https:\/\/www.ritzbrasil.com\/wp-content\/uploads\/2024\/07\/carrinho-compras-tabela.png\"  \/><\/a><\/td>\n<\/tr>\n<tr class=\"row-3\">\n\t<td class=\"column-1\"><img decoding=\"async\" src=\"https:\/\/www.ritzbrasil.com\/wp-content\/uploads\/2024\/08\/flv30173-1-cabecote-universal-com-lamina-150x150-1.jpg\" \/><\/td><td class=\"column-2\">FLV30173-1<\/td><td class=\"column-3\">Cabe\u00e7ote universal com l\u00e2mina<\/td><td class=\"column-4\">    <button class=\"add-to-budget\" data-table-id=\"Bastao-tira-pipa-Acessorio\" data-reference=\"FLV30173-1\" data-description=\"Bast\u00e3o tira-pipa Acess\u00f3rio\" style=\"color:#ff4d00;\">\n        <img decoding=\"async\" src=\"https:\/\/www.ritzbrasil.com\/\/wp-content\/uploads\/2024\/07\/orcar-compras-tabela-new-1.png\" alt=\"Solicitar cotizaci\u00f3n\" title=\"Solicitar cotizaci\u00f3n\" \/>\n    <\/button>\n    <\/td><td class=\"column-5\"><a href=\"https:\/\/lojasritz.com.br\/catalogsearch\/result\/?q=FLV30173-1\" target=\"_blank\" rel=\"noopener\"><img decoding=\"async\" src=\"https:\/\/www.ritzbrasil.com\/wp-content\/uploads\/2024\/07\/carrinho-compras-tabela.png\"  \/><\/a><\/td>\n<\/tr>\n<\/tbody>\n<\/table>\n<\/div>\n[\/vc_column_text][vc_column_text css=\u00bb\u00bb]El cabezal alfanum\u00e9rico (FLV09311-1) tiene un accesorio universal que permite trabajar a distancia. Es un accesorio para la p\u00e9rtiga de la lanza, donde se fija al extremo superior de la herramienta. Su afilada hoja de acero tiene un filo en la parte superior y otro en la parte inferior del otro extremo.<\/p>\n<p>El cabezal universal con cuchilla (FLV30173-1) tiene caracter\u00edsticas propias para cortar y retirar objetos de la red. Construido con un cabezal universal de aluminio y una cuchilla en forma de U, el filo de corte est\u00e1 situado en el interior para facilitar el corte.[\/vc_column_text][\/vc_column][\/vc_row]<\/p>\n<\/div>","protected":false},"excerpt":{"rendered":"<p>Pr\u00e1ctico para retirar cometas y cables enredados en las redes el\u00e9ctricas, especialmente en zonas urbanas, situaciones que provocan graves riesgos para el funcionamiento del sistema, adem\u00e1s de darle muy mal aspecto.<\/p>\n<p>El bast\u00f3n extractor se utiliza en el extremo de la p\u00e9rtiga de maniobra mediante su conexi\u00f3n al cabezal universal.<\/p>\n<p>Fabricado con tubo RITZGLAS\u00ae \u00d8 25 mm x 0,30 m, lleva en su cuerpo pasadores transversales de acero para unir los cables conectados a la red.<\/p>\n<p>Se pueden acoplar otros modelos de cabezal al extremo superior de esta herramienta para cortar y extraer objetos de las redes el\u00e9ctricas.<\/p>\n","protected":false},"featured_media":57727,"template":"","meta":[],"product_brand":[],"product_cat":[2245],"product_tag":[3709,3708,3710,3707],"class_list":{"0":"post-61361","1":"product","2":"type-product","3":"status-publish","4":"has-post-thumbnail","6":"product_cat-varas-de-mano-varas-de-maniobra-y-herramientas-universales","7":"product_tag-flv09311-1-es","8":"product_tag-flv13907-1-es","9":"product_tag-flv30173-1-es","10":"product_tag-varilla","11":"description-off","13":"first","14":"instock","15":"virtual","16":"product-type-simple"},"yoast_head":"<!-- This site is optimized with the Yoast SEO plugin v27.1.1 - https:\/\/yoast.com\/product\/yoast-seo-wordpress\/ -->\n<title>Varilla<\/title>\n<meta name=\"description\" content=\"Herramienta pr\u00e1ctica para eliminar cometas y cables enredados en las redes el\u00e9ctricas urbanas, evitando riesgos para el sistema y mejorando el aspecto visual.\" \/>\n<meta name=\"robots\" content=\"index, follow, max-snippet:-1, max-image-preview:large, max-video-preview:-1\" \/>\n<link rel=\"canonical\" href=\"https:\/\/www.ritzbrasil.com\/es\/produtos\/varas-de-mano-varas-de-maniobra-y-herramientas-universales\/varilla\/\" \/>\n<meta property=\"og:locale\" content=\"es_ES\" \/>\n<meta property=\"og:type\" content=\"article\" \/>\n<meta property=\"og:title\" content=\"Varilla\" \/>\n<meta property=\"og:description\" content=\"Herramienta pr\u00e1ctica para eliminar cometas y cables enredados en las redes el\u00e9ctricas urbanas, evitando riesgos para el sistema y mejorando el aspecto visual.\" \/>\n<meta property=\"og:url\" content=\"https:\/\/www.ritzbrasil.com\/es\/produtos\/varas-de-mano-varas-de-maniobra-y-herramientas-universales\/varilla\/\" \/>\n<meta property=\"og:site_name\" content=\"Equipamentos de Manuten\u00e7\u00e3o e Seguran\u00e7a para o Setor El\u00e9trico - Ritz Brasil\" \/>\n<meta property=\"article:modified_time\" content=\"2026-02-25T20:09:05+00:00\" \/>\n<meta property=\"og:image\" content=\"https:\/\/www.ritzbrasil.com\/wp-content\/uploads\/2024\/08\/flv13907-1-bastao-tira-pipa.jpg\" \/>\n\t<meta property=\"og:image:width\" content=\"1200\" \/>\n\t<meta property=\"og:image:height\" content=\"1200\" \/>\n\t<meta property=\"og:image:type\" content=\"image\/jpeg\" \/>\n<meta name=\"twitter:card\" content=\"summary_large_image\" \/>\n<meta name=\"twitter:label1\" content=\"Tiempo de lectura\" \/>\n\t<meta name=\"twitter:data1\" content=\"1 minuto\" \/>\n<script type=\"application\/ld+json\" class=\"yoast-schema-graph\">{\"@context\":\"https:\/\/schema.org\",\"@graph\":[{\"@type\":\"WebPage\",\"@id\":\"https:\/\/www.ritzbrasil.com\/es\/produtos\/varas-de-mano-varas-de-maniobra-y-herramientas-universales\/varilla\/\",\"url\":\"https:\/\/www.ritzbrasil.com\/es\/produtos\/varas-de-mano-varas-de-maniobra-y-herramientas-universales\/varilla\/\",\"name\":\"Varilla\",\"isPartOf\":{\"@id\":\"https:\/\/www.ritzbrasil.com\/es\/#website\"},\"primaryImageOfPage\":{\"@id\":\"https:\/\/www.ritzbrasil.com\/es\/produtos\/varas-de-mano-varas-de-maniobra-y-herramientas-universales\/varilla\/#primaryimage\"},\"image\":{\"@id\":\"https:\/\/www.ritzbrasil.com\/es\/produtos\/varas-de-mano-varas-de-maniobra-y-herramientas-universales\/varilla\/#primaryimage\"},\"thumbnailUrl\":\"https:\/\/www.ritzbrasil.com\/wp-content\/uploads\/2024\/08\/flv13907-1-bastao-tira-pipa.jpg\",\"datePublished\":\"2024-08-21T17:30:46+00:00\",\"dateModified\":\"2026-02-25T20:09:05+00:00\",\"description\":\"Herramienta pr\u00e1ctica para eliminar cometas y cables enredados en las redes el\u00e9ctricas urbanas, evitando riesgos para el sistema y mejorando el aspecto visual.\",\"breadcrumb\":{\"@id\":\"https:\/\/www.ritzbrasil.com\/es\/produtos\/varas-de-mano-varas-de-maniobra-y-herramientas-universales\/varilla\/#breadcrumb\"},\"inLanguage\":\"es\",\"potentialAction\":[{\"@type\":\"ReadAction\",\"target\":[\"https:\/\/www.ritzbrasil.com\/es\/produtos\/varas-de-mano-varas-de-maniobra-y-herramientas-universales\/varilla\/\"]}]},{\"@type\":\"ImageObject\",\"inLanguage\":\"es\",\"@id\":\"https:\/\/www.ritzbrasil.com\/es\/produtos\/varas-de-mano-varas-de-maniobra-y-herramientas-universales\/varilla\/#primaryimage\",\"url\":\"https:\/\/www.ritzbrasil.com\/wp-content\/uploads\/2024\/08\/flv13907-1-bastao-tira-pipa.jpg\",\"contentUrl\":\"https:\/\/www.ritzbrasil.com\/wp-content\/uploads\/2024\/08\/flv13907-1-bastao-tira-pipa.jpg\",\"width\":1200,\"height\":1200,\"caption\":\"FLV13907-1 Varilla de nivel\"},{\"@type\":\"BreadcrumbList\",\"@id\":\"https:\/\/www.ritzbrasil.com\/es\/produtos\/varas-de-mano-varas-de-maniobra-y-herramientas-universales\/varilla\/#breadcrumb\",\"itemListElement\":[{\"@type\":\"ListItem\",\"position\":1,\"name\":\"In\u00edcio\",\"item\":\"https:\/\/www.ritzbrasil.com\/es\/\"},{\"@type\":\"ListItem\",\"position\":2,\"name\":\"Tienda\",\"item\":\"https:\/\/www.ritzbrasil.com\/es\/tienda\/\"},{\"@type\":\"ListItem\",\"position\":3,\"name\":\"Varilla\"}]},{\"@type\":\"WebSite\",\"@id\":\"https:\/\/www.ritzbrasil.com\/es\/#website\",\"url\":\"https:\/\/www.ritzbrasil.com\/es\/\",\"name\":\"Equipamentos de Manuten\u00e7\u00e3o e Seguran\u00e7a para o Setor El\u00e9trico - Ritz Brasil\",\"description\":\"\",\"potentialAction\":[{\"@type\":\"SearchAction\",\"target\":{\"@type\":\"EntryPoint\",\"urlTemplate\":\"https:\/\/www.ritzbrasil.com\/es\/?s={search_term_string}\"},\"query-input\":{\"@type\":\"PropertyValueSpecification\",\"valueRequired\":true,\"valueName\":\"search_term_string\"}}],\"inLanguage\":\"es\"}]}<\/script>\n<!-- \/ Yoast SEO plugin. -->","yoast_head_json":{"title":"Varilla","description":"Herramienta pr\u00e1ctica para eliminar cometas y cables enredados en las redes el\u00e9ctricas urbanas, evitando riesgos para el sistema y mejorando el aspecto visual.","robots":{"index":"index","follow":"follow","max-snippet":"max-snippet:-1","max-image-preview":"max-image-preview:large","max-video-preview":"max-video-preview:-1"},"canonical":"https:\/\/www.ritzbrasil.com\/es\/produtos\/varas-de-mano-varas-de-maniobra-y-herramientas-universales\/varilla\/","og_locale":"es_ES","og_type":"article","og_title":"Varilla","og_description":"Herramienta pr\u00e1ctica para eliminar cometas y cables enredados en las redes el\u00e9ctricas urbanas, evitando riesgos para el sistema y mejorando el aspecto visual.","og_url":"https:\/\/www.ritzbrasil.com\/es\/produtos\/varas-de-mano-varas-de-maniobra-y-herramientas-universales\/varilla\/","og_site_name":"Equipamentos de Manuten\u00e7\u00e3o e Seguran\u00e7a para o Setor El\u00e9trico - Ritz Brasil","article_modified_time":"2026-02-25T20:09:05+00:00","og_image":[{"width":1200,"height":1200,"url":"https:\/\/www.ritzbrasil.com\/wp-content\/uploads\/2024\/08\/flv13907-1-bastao-tira-pipa.jpg","type":"image\/jpeg"}],"twitter_card":"summary_large_image","twitter_misc":{"Tiempo de lectura":"1 minuto"},"schema":{"@context":"https:\/\/schema.org","@graph":[{"@type":"WebPage","@id":"https:\/\/www.ritzbrasil.com\/es\/produtos\/varas-de-mano-varas-de-maniobra-y-herramientas-universales\/varilla\/","url":"https:\/\/www.ritzbrasil.com\/es\/produtos\/varas-de-mano-varas-de-maniobra-y-herramientas-universales\/varilla\/","name":"Varilla","isPartOf":{"@id":"https:\/\/www.ritzbrasil.com\/es\/#website"},"primaryImageOfPage":{"@id":"https:\/\/www.ritzbrasil.com\/es\/produtos\/varas-de-mano-varas-de-maniobra-y-herramientas-universales\/varilla\/#primaryimage"},"image":{"@id":"https:\/\/www.ritzbrasil.com\/es\/produtos\/varas-de-mano-varas-de-maniobra-y-herramientas-universales\/varilla\/#primaryimage"},"thumbnailUrl":"https:\/\/www.ritzbrasil.com\/wp-content\/uploads\/2024\/08\/flv13907-1-bastao-tira-pipa.jpg","datePublished":"2024-08-21T17:30:46+00:00","dateModified":"2026-02-25T20:09:05+00:00","description":"Herramienta pr\u00e1ctica para eliminar cometas y cables enredados en las redes el\u00e9ctricas urbanas, evitando riesgos para el sistema y mejorando el aspecto visual.","breadcrumb":{"@id":"https:\/\/www.ritzbrasil.com\/es\/produtos\/varas-de-mano-varas-de-maniobra-y-herramientas-universales\/varilla\/#breadcrumb"},"inLanguage":"es","potentialAction":[{"@type":"ReadAction","target":["https:\/\/www.ritzbrasil.com\/es\/produtos\/varas-de-mano-varas-de-maniobra-y-herramientas-universales\/varilla\/"]}]},{"@type":"ImageObject","inLanguage":"es","@id":"https:\/\/www.ritzbrasil.com\/es\/produtos\/varas-de-mano-varas-de-maniobra-y-herramientas-universales\/varilla\/#primaryimage","url":"https:\/\/www.ritzbrasil.com\/wp-content\/uploads\/2024\/08\/flv13907-1-bastao-tira-pipa.jpg","contentUrl":"https:\/\/www.ritzbrasil.com\/wp-content\/uploads\/2024\/08\/flv13907-1-bastao-tira-pipa.jpg","width":1200,"height":1200,"caption":"FLV13907-1 Varilla de nivel"},{"@type":"BreadcrumbList","@id":"https:\/\/www.ritzbrasil.com\/es\/produtos\/varas-de-mano-varas-de-maniobra-y-herramientas-universales\/varilla\/#breadcrumb","itemListElement":[{"@type":"ListItem","position":1,"name":"In\u00edcio","item":"https:\/\/www.ritzbrasil.com\/es\/"},{"@type":"ListItem","position":2,"name":"Tienda","item":"https:\/\/www.ritzbrasil.com\/es\/tienda\/"},{"@type":"ListItem","position":3,"name":"Varilla"}]},{"@type":"WebSite","@id":"https:\/\/www.ritzbrasil.com\/es\/#website","url":"https:\/\/www.ritzbrasil.com\/es\/","name":"Equipamentos de Manuten\u00e7\u00e3o e Seguran\u00e7a para o Setor El\u00e9trico - Ritz Brasil","description":"","potentialAction":[{"@type":"SearchAction","target":{"@type":"EntryPoint","urlTemplate":"https:\/\/www.ritzbrasil.com\/es\/?s={search_term_string}"},"query-input":{"@type":"PropertyValueSpecification","valueRequired":true,"valueName":"search_term_string"}}],"inLanguage":"es"}]}},"_links":{"self":[{"href":"https:\/\/www.ritzbrasil.com\/es\/wp-json\/wp\/v2\/product\/61361","targetHints":{"allow":["GET"]}}],"collection":[{"href":"https:\/\/www.ritzbrasil.com\/es\/wp-json\/wp\/v2\/product"}],"about":[{"href":"https:\/\/www.ritzbrasil.com\/es\/wp-json\/wp\/v2\/types\/product"}],"wp:featuredmedia":[{"embeddable":true,"href":"https:\/\/www.ritzbrasil.com\/es\/wp-json\/wp\/v2\/media\/57727"}],"wp:attachment":[{"href":"https:\/\/www.ritzbrasil.com\/es\/wp-json\/wp\/v2\/media?parent=61361"}],"wp:term":[{"taxonomy":"product_brand","embeddable":true,"href":"https:\/\/www.ritzbrasil.com\/es\/wp-json\/wp\/v2\/product_brand?post=61361"},{"taxonomy":"product_cat","embeddable":true,"href":"https:\/\/www.ritzbrasil.com\/es\/wp-json\/wp\/v2\/product_cat?post=61361"},{"taxonomy":"product_tag","embeddable":true,"href":"https:\/\/www.ritzbrasil.com\/es\/wp-json\/wp\/v2\/product_tag?post=61361"}],"curies":[{"name":"wp","href":"https:\/\/api.w.org\/{rel}","templated":true}]}}