{"id":61351,"date":"2024-08-21T16:37:33","date_gmt":"2024-08-21T19:37:33","guid":{"rendered":"https:\/\/www.ritzbrasil.com\/produtos\/sin%20categor\u00eda\/pertiga-de-rescate\/"},"modified":"2026-04-16T16:49:29","modified_gmt":"2026-04-16T19:49:29","slug":"pertiga-de-rescate","status":"publish","type":"product","link":"https:\/\/www.ritzbrasil.com\/es\/produtos\/productos\/pertigas-herramientas-universales\/pertiga-de-rescate\/","title":{"rendered":"P\u00e9rtiga de rescate"},"content":{"rendered":"<div class=\"wpb-content-wrapper\"><p>[vc_row][vc_column]<div id=\"ult-carousel-366970877669e5e3c4e4d03\" class=\"ult-carousel-wrapper   ult_horizontal\" data-gutter=\"15\" data-rtl=\"false\" ><div class=\"ult-carousel-139097795169e5e3c4e4c5e \" >[vc_single_image image=\u00bb62508&#8243; add_caption=\u00bbyes\u00bb alignment=\u00bbcenter\u00bb onclick=\u00bblink_image\u00bb css=\u00bb\u00bb][vc_single_image image=\u00bb62514&#8243; add_caption=\u00bbyes\u00bb alignment=\u00bbcenter\u00bb onclick=\u00bblink_image\u00bb css=\u00bb\u00bb][vc_single_image image=\u00bb62520&#8243; add_caption=\u00bbyes\u00bb alignment=\u00bbcenter\u00bb onclick=\u00bblink_image\u00bb css=\u00bb\u00bb][vc_single_image image=\u00bb62526&#8243; add_caption=\u00bbyes\u00bb alignment=\u00bbcenter\u00bb onclick=\u00bblink_image\u00bb css=\u00bb\u00bb][vc_single_image image=\u00bb62535&#8243; add_caption=\u00bbyes\u00bb alignment=\u00bbcenter\u00bb onclick=\u00bblink_image\u00bb css=\u00bb\u00bb][vc_single_image image=\u00bb62576&#8243; add_caption=\u00bbyes\u00bb alignment=\u00bbcenter\u00bb onclick=\u00bblink_image\u00bb css=\u00bb\u00bb]<\/div><\/div>\t\t\t<script type=\"text\/javascript\">\n\t\t\t\tjQuery(document).ready(function ($) {\n\t\t\t\t\tif( typeof jQuery('.ult-carousel-139097795169e5e3c4e4c5e').slick == \"function\"){\n\t\t\t\t\t\t$('.ult-carousel-139097795169e5e3c4e4c5e').slick({dots: false,autoplay: true,autoplaySpeed: \"3000\",speed: \"300\",infinite: true,arrows: true,nextArrow: '<button type=\"button\" role=\"button\" aria-label=\"Next\" style=\"color:#ff4d00; font-size:30px;\" class=\"slick-next default\"><i class=\"ultsl-arrow-right4\"><\/i><\/button>',prevArrow: '<button type=\"button\" role=\"button\" aria-label=\"Previous\" style=\"color:#ff4d00; font-size:30px;\" class=\"slick-prev default\"><i class=\"ultsl-arrow-left4\"><\/i><\/button>',slidesToScroll:5,slidesToShow:5,swipe: true,draggable: true,touchMove: true,pauseOnHover: true,pauseOnFocus: false,responsive: [\n\t\t\t\t\t\t\t{\n\t\t\t\t\t\t\t  breakpoint: 1026,\n\t\t\t\t\t\t\t  settings: {\n\t\t\t\t\t\t\t\tslidesToShow: 5,\n\t\t\t\t\t\t\t\tslidesToScroll: 5,  \n\t\t\t\t\t\t\t  }\n\t\t\t\t\t\t\t},\n\t\t\t\t\t\t\t{\n\t\t\t\t\t\t\t  breakpoint: 1025,\n\t\t\t\t\t\t\t  settings: {\n\t\t\t\t\t\t\t\tslidesToShow: 3,\n\t\t\t\t\t\t\t\tslidesToScroll: 3\n\t\t\t\t\t\t\t  }\n\t\t\t\t\t\t\t},\n\t\t\t\t\t\t\t{\n\t\t\t\t\t\t\t  breakpoint: 760,\n\t\t\t\t\t\t\t  settings: {\n\t\t\t\t\t\t\t\tslidesToShow: 2,\n\t\t\t\t\t\t\t\tslidesToScroll: 2\n\t\t\t\t\t\t\t  }\n\t\t\t\t\t\t\t}\n\t\t\t\t\t\t],pauseOnDotsHover: true,customPaging: function(slider, i) {\n                   return '<i type=\"button\" style= \"color:#333333;\" class=\"ultsl-record\" data-role=\"none\"><\/i>';\n                },});\n\t\t\t\t\t}\n\t\t\t\t});\n\t\t\t<\/script>\n\t\t\t[\/vc_column][\/vc_row][vc_row][vc_column][vc_column_text css=\u00bb.vc_custom_1724268414507{margin-top: 20px !important;}\u00bb]<\/p>\n<h4><span style=\"color: #ff9900;\"><strong>P\u00e9rtiga de rescate<\/strong><\/span><\/h4>\n<p>[\/vc_column_text][vc_column_text css=\u00bb.vc_custom_1724347492418{margin-top: -20px !important;}\u00bb]\n<div id=\"tablepress-Bastao-Resgate-scroll-wrapper\" class=\"tablepress-scroll-wrapper\">\n<table id=\"tablepress-Bastao-Resgate\" class=\"tablepress tablepress-id-Bastao-Resgate tablepress-responsive\">\n<thead>\n<tr class=\"row-1\">\n\t<td class=\"column-1\"><\/td><th class=\"column-2\">  Refer\u00eancias<\/th><th class=\"column-3\">Caracter\u00edstica<\/th><td class=\"column-4\"><\/td><td class=\"column-5\"><\/td>\n<\/tr>\n<\/thead>\n<tbody class=\"row-striping row-hover\">\n<tr class=\"row-2\">\n\t<td class=\"column-1\"><img decoding=\"async\" src=\"https:\/\/www.ritzbrasil.com\/wp-content\/uploads\/2026\/04\/flv09429-1-bastao-resgate-ritz-150x150-1.jpg\" \/><\/td><td class=\"column-2\">FLV09429-1<\/td><td class=\"column-3\">Dimens\u00f5es \u00d8 32 mm, comprimento total 2,25 m<\/td><td class=\"column-4\">    <button class=\"add-to-budget\" data-table-id=\"Bastao-Resgate\" data-reference=\"FLV09429-1\" data-description=\"Bast\u00e3o de Resgate\" style=\"color:#ff4d00;\">\n        <img decoding=\"async\" src=\"https:\/\/www.ritzbrasil.com\/\/wp-content\/uploads\/2024\/07\/orcar-compras-tabela-new-1.png\" alt=\"Solicitar cotizaci\u00f3n\" title=\"Solicitar cotizaci\u00f3n\" \/>\n    <\/button>\n    <\/td><td class=\"column-5\"><a href=\"https:\/\/lojasritz.com.br\/catalogsearch\/result\/?q=FLV09429-1\" target=\"_blank\" rel=\"noopener\"><img decoding=\"async\" src=\"https:\/\/www.ritzbrasil.com\/wp-content\/uploads\/2024\/07\/carrinho-compras-tabela.png\"  \/><\/a><\/td>\n<\/tr>\n<tr class=\"row-3\">\n\t<td class=\"column-1\"><img decoding=\"async\" src=\"https:\/\/www.ritzbrasil.com\/wp-content\/uploads\/2026\/04\/flv18759-2-bastao-resgate-dobrado-ritz-150x150-1.jpg\" \/><\/td><td class=\"column-2\">FLV18759-2<\/td><td class=\"column-3\">Modelo dobr\u00e1vel. Dimens\u00f5es \u00d8 32 mm, comprimento total 2,28 m, comprimento dobrado 1,32 m<\/td><td class=\"column-4\">    <button class=\"add-to-budget\" data-table-id=\"Bastao-Resgate\" data-reference=\"FLV18759-2\" data-description=\"Bast\u00e3o de Resgate\" style=\"color:#ff4d00;\">\n        <img decoding=\"async\" src=\"https:\/\/www.ritzbrasil.com\/\/wp-content\/uploads\/2024\/07\/orcar-compras-tabela-new-1.png\" alt=\"Solicitar cotizaci\u00f3n\" title=\"Solicitar cotizaci\u00f3n\" \/>\n    <\/button>\n    <\/td><td class=\"column-5\"><a href=\"https:\/\/lojasritz.com.br\/catalogsearch\/result\/?q=FLV18759-2\" target=\"_blank\" rel=\"noopener\"><img decoding=\"async\" src=\"https:\/\/www.ritzbrasil.com\/wp-content\/uploads\/2024\/07\/carrinho-compras-tabela.png\"  \/><\/a><\/td>\n<\/tr>\n<tr class=\"row-4\">\n\t<td class=\"column-1\"><img decoding=\"async\" src=\"https:\/\/www.ritzbrasil.com\/wp-content\/uploads\/2026\/04\/flv17154-2-bastao-resgate-ritz-150x150-1.jpg\" \/><\/td><td class=\"column-2\">FLV17154-2<\/td><td class=\"column-3\">Modelo com 1 gancho. Dimens\u00f5es \u00d8 32 mm, comprimento total 2,30 m<\/td><td class=\"column-4\">    <button class=\"add-to-budget\" data-table-id=\"Bastao-Resgate\" data-reference=\"FLV17154-2\" data-description=\"Bast\u00e3o de Resgate\" style=\"color:#ff4d00;\">\n        <img decoding=\"async\" src=\"https:\/\/www.ritzbrasil.com\/\/wp-content\/uploads\/2024\/07\/orcar-compras-tabela-new-1.png\" alt=\"Solicitar cotizaci\u00f3n\" title=\"Solicitar cotizaci\u00f3n\" \/>\n    <\/button>\n    <\/td><td class=\"column-5\"><a href=\"https:\/\/lojasritz.com.br\/catalogsearch\/result\/?q=FLV17154-2\" target=\"_blank\" rel=\"noopener\"><img decoding=\"async\" src=\"https:\/\/www.ritzbrasil.com\/wp-content\/uploads\/2024\/07\/carrinho-compras-tabela.png\"  \/><\/a><\/td>\n<\/tr>\n<tr class=\"row-5\">\n\t<td class=\"column-1\"><img decoding=\"async\" src=\"https:\/\/www.ritzbrasil.com\/wp-content\/uploads\/2026\/04\/flv31907-1-bastao-resgate-ritz-150x150-1.jpg\" \/><\/td><td class=\"column-2\">FLV31907-1<\/td><td class=\"column-3\">Modelo com 1 gancho dobr\u00e1vel. Dimens\u00f5es \u00d8 32 mm, comprimento total 1,85 m, comprimento dobrado 0,93 m<\/td><td class=\"column-4\">    <button class=\"add-to-budget\" data-table-id=\"Bastao-Resgate\" data-reference=\"FLV31907-1\" data-description=\"Bast\u00e3o de Resgate\" style=\"color:#ff4d00;\">\n        <img decoding=\"async\" src=\"https:\/\/www.ritzbrasil.com\/\/wp-content\/uploads\/2024\/07\/orcar-compras-tabela-new-1.png\" alt=\"Solicitar cotizaci\u00f3n\" title=\"Solicitar cotizaci\u00f3n\" \/>\n    <\/button>\n    <\/td><td class=\"column-5\"><a href=\"https:\/\/lojasritz.com.br\/catalogsearch\/result\/?q=FLV31907-1\" target=\"_blank\" rel=\"noopener\"><img decoding=\"async\" src=\"https:\/\/www.ritzbrasil.com\/wp-content\/uploads\/2024\/07\/carrinho-compras-tabela.png\"  \/><\/a><\/td>\n<\/tr>\n<tr class=\"row-6\">\n\t<td class=\"column-1\"><img decoding=\"async\" src=\"https:\/\/www.ritzbrasil.com\/wp-content\/uploads\/2026\/04\/flv31907-2-bastao-resgate-ritz-150x150-1.jpg\" \/><\/td><td class=\"column-2\">FLV31907-2<\/td><td class=\"column-3\">Modelo com 1 gancho dobr\u00e1vel. Dimens\u00f5es \u00d8 32 mm, comprimento total 2,50 m, comprimento dobrado 1,28 m<\/td><td class=\"column-4\">    <button class=\"add-to-budget\" data-table-id=\"Bastao-Resgate\" data-reference=\"FLV31907-2\" data-description=\"Bast\u00e3o de Resgate\" style=\"color:#ff4d00;\">\n        <img decoding=\"async\" src=\"https:\/\/www.ritzbrasil.com\/\/wp-content\/uploads\/2024\/07\/orcar-compras-tabela-new-1.png\" alt=\"Solicitar cotizaci\u00f3n\" title=\"Solicitar cotizaci\u00f3n\" \/>\n    <\/button>\n    <\/td><td class=\"column-5\"><a href=\"https:\/\/lojasritz.com.br\/catalogsearch\/result\/?q=FLV31907-2\" target=\"_blank\" rel=\"noopener\"><img decoding=\"async\" src=\"https:\/\/www.ritzbrasil.com\/wp-content\/uploads\/2024\/07\/carrinho-compras-tabela.png\"  \/><\/a><\/td>\n<\/tr>\n<\/tbody>\n<\/table>\n<\/div>\n[\/vc_column_text][\/vc_column][\/vc_row]<\/p>\n<\/div>","protected":false},"excerpt":{"rendered":"<p>Dise\u00f1ada para el rescate en accidentes el\u00e9ctricos en instalaciones de hasta 34,5 kV, esta p\u00e9rtiga con ganchos de dise\u00f1o anat\u00f3mico garantiza la distancia de seguridad y el aislamiento necesarios, haciendo que las intervenciones de emergencia<br \/>\nen condiciones adversas sean pr\u00e1cticas, r\u00e1pidas y seguras.<\/p>\n<p>Fabricado con tubo RITZGLAS\u00ae, el mismo que se utiliza en las herramientas de mantenimiento de l\u00edneas vivas. Tiene bajo peso, alta resistencia mec\u00e1nica y excelente rigidez diel\u00e9ctrica, caracter\u00edsticas esenciales que<br \/>\nhacen que sea f\u00e1cil de manejar y totalmente seguro.<\/p>\n<p>La p\u00e9rtiga de rescate RITZGLAS\u00ae s\u00f3lo debe utilizarse para retirar a la v\u00edctima de cualquier punto que pueda estar bajo tensi\u00f3n.<\/p>\n<p>La v\u00edctima debe estar lo suficientemente lejos para que los primeros auxilios puedan prestarse con seguridad.<\/p>\n","protected":false},"featured_media":62526,"template":"","meta":[],"product_brand":[],"product_cat":[2245],"product_tag":[3662,3664,3663,3665,3666,3661],"class_list":{"0":"post-61351","1":"product","2":"type-product","3":"status-publish","4":"has-post-thumbnail","6":"product_cat-pertigas-herramientas-universales","7":"product_tag-flv09429-1-es","8":"product_tag-flv17154-2-es","9":"product_tag-flv18759-2-es","10":"product_tag-flv31907-1-es","11":"product_tag-flv31907-2-es","12":"product_tag-pertiga-de-rescate","13":"description-off","15":"first","16":"instock","17":"featured","18":"virtual","19":"product-type-simple"},"yoast_head":"<!-- This site is optimized with the Yoast SEO plugin v27.1.1 - https:\/\/yoast.com\/product\/yoast-seo-wordpress\/ -->\n<title>P\u00e9rtiga de rescate<\/title>\n<meta name=\"description\" content=\"P\u00e9rtiga de rescate para accidentes el\u00e9ctricos de hasta 34,5 kV, con ganchos anat\u00f3micos que garantizan la seguridad y el aislamiento en caso de emergencia.\" \/>\n<meta name=\"robots\" content=\"index, follow, max-snippet:-1, max-image-preview:large, max-video-preview:-1\" \/>\n<link rel=\"canonical\" href=\"https:\/\/www.ritzbrasil.com\/es\/produtos\/productos\/pertigas-herramientas-universales\/pertiga-de-rescate\/\" \/>\n<meta property=\"og:locale\" content=\"es_ES\" \/>\n<meta property=\"og:type\" content=\"article\" \/>\n<meta property=\"og:title\" content=\"P\u00e9rtiga de rescate\" \/>\n<meta property=\"og:description\" content=\"P\u00e9rtiga de rescate para accidentes el\u00e9ctricos de hasta 34,5 kV, con ganchos anat\u00f3micos que garantizan la seguridad y el aislamiento en caso de emergencia.\" \/>\n<meta property=\"og:url\" content=\"https:\/\/www.ritzbrasil.com\/es\/produtos\/productos\/pertigas-herramientas-universales\/pertiga-de-rescate\/\" \/>\n<meta property=\"og:site_name\" content=\"Equipamentos de Manuten\u00e7\u00e3o e Seguran\u00e7a para o Setor El\u00e9trico - Ritz Brasil\" \/>\n<meta property=\"article:modified_time\" content=\"2026-04-16T19:49:29+00:00\" \/>\n<meta property=\"og:image\" content=\"https:\/\/www.ritzbrasil.com\/wp-content\/uploads\/2026\/04\/flv09429-1-bastao-resgate-ritz.jpg\" \/>\n\t<meta property=\"og:image:width\" content=\"1200\" \/>\n\t<meta property=\"og:image:height\" content=\"1200\" \/>\n\t<meta property=\"og:image:type\" content=\"image\/jpeg\" \/>\n<meta name=\"twitter:card\" content=\"summary_large_image\" \/>\n<meta name=\"twitter:label1\" content=\"Tiempo de lectura\" \/>\n\t<meta name=\"twitter:data1\" content=\"1 minuto\" \/>\n<script type=\"application\/ld+json\" class=\"yoast-schema-graph\">{\"@context\":\"https:\/\/schema.org\",\"@graph\":[{\"@type\":\"WebPage\",\"@id\":\"https:\/\/www.ritzbrasil.com\/es\/produtos\/productos\/pertigas-herramientas-universales\/pertiga-de-rescate\/\",\"url\":\"https:\/\/www.ritzbrasil.com\/es\/produtos\/productos\/pertigas-herramientas-universales\/pertiga-de-rescate\/\",\"name\":\"P\u00e9rtiga de rescate\",\"isPartOf\":{\"@id\":\"https:\/\/www.ritzbrasil.com\/es\/#website\"},\"primaryImageOfPage\":{\"@id\":\"https:\/\/www.ritzbrasil.com\/es\/produtos\/productos\/pertigas-herramientas-universales\/pertiga-de-rescate\/#primaryimage\"},\"image\":{\"@id\":\"https:\/\/www.ritzbrasil.com\/es\/produtos\/productos\/pertigas-herramientas-universales\/pertiga-de-rescate\/#primaryimage\"},\"thumbnailUrl\":\"https:\/\/www.ritzbrasil.com\/wp-content\/uploads\/2026\/04\/flv09429-1-bastao-resgate-ritz.jpg\",\"datePublished\":\"2024-08-21T19:37:33+00:00\",\"dateModified\":\"2026-04-16T19:49:29+00:00\",\"description\":\"P\u00e9rtiga de rescate para accidentes el\u00e9ctricos de hasta 34,5 kV, con ganchos anat\u00f3micos que garantizan la seguridad y el aislamiento en caso de emergencia.\",\"breadcrumb\":{\"@id\":\"https:\/\/www.ritzbrasil.com\/es\/produtos\/productos\/pertigas-herramientas-universales\/pertiga-de-rescate\/#breadcrumb\"},\"inLanguage\":\"es\",\"potentialAction\":[{\"@type\":\"ReadAction\",\"target\":[\"https:\/\/www.ritzbrasil.com\/es\/produtos\/productos\/pertigas-herramientas-universales\/pertiga-de-rescate\/\"]}]},{\"@type\":\"ImageObject\",\"inLanguage\":\"es\",\"@id\":\"https:\/\/www.ritzbrasil.com\/es\/produtos\/productos\/pertigas-herramientas-universales\/pertiga-de-rescate\/#primaryimage\",\"url\":\"https:\/\/www.ritzbrasil.com\/wp-content\/uploads\/2026\/04\/flv09429-1-bastao-resgate-ritz.jpg\",\"contentUrl\":\"https:\/\/www.ritzbrasil.com\/wp-content\/uploads\/2026\/04\/flv09429-1-bastao-resgate-ritz.jpg\",\"width\":1200,\"height\":1200,\"caption\":\"FLV09429-1\"},{\"@type\":\"BreadcrumbList\",\"@id\":\"https:\/\/www.ritzbrasil.com\/es\/produtos\/productos\/pertigas-herramientas-universales\/pertiga-de-rescate\/#breadcrumb\",\"itemListElement\":[{\"@type\":\"ListItem\",\"position\":1,\"name\":\"In\u00edcio\",\"item\":\"https:\/\/www.ritzbrasil.com\/es\/\"},{\"@type\":\"ListItem\",\"position\":2,\"name\":\"Tienda\",\"item\":\"https:\/\/www.ritzbrasil.com\/es\/tienda\/\"},{\"@type\":\"ListItem\",\"position\":3,\"name\":\"P\u00e9rtiga de rescate\"}]},{\"@type\":\"WebSite\",\"@id\":\"https:\/\/www.ritzbrasil.com\/es\/#website\",\"url\":\"https:\/\/www.ritzbrasil.com\/es\/\",\"name\":\"Equipamentos de Manuten\u00e7\u00e3o e Seguran\u00e7a para o Setor El\u00e9trico - Ritz Brasil\",\"description\":\"\",\"potentialAction\":[{\"@type\":\"SearchAction\",\"target\":{\"@type\":\"EntryPoint\",\"urlTemplate\":\"https:\/\/www.ritzbrasil.com\/es\/?s={search_term_string}\"},\"query-input\":{\"@type\":\"PropertyValueSpecification\",\"valueRequired\":true,\"valueName\":\"search_term_string\"}}],\"inLanguage\":\"es\"}]}<\/script>\n<!-- \/ Yoast SEO plugin. -->","yoast_head_json":{"title":"P\u00e9rtiga de rescate","description":"P\u00e9rtiga de rescate para accidentes el\u00e9ctricos de hasta 34,5 kV, con ganchos anat\u00f3micos que garantizan la seguridad y el aislamiento en caso de emergencia.","robots":{"index":"index","follow":"follow","max-snippet":"max-snippet:-1","max-image-preview":"max-image-preview:large","max-video-preview":"max-video-preview:-1"},"canonical":"https:\/\/www.ritzbrasil.com\/es\/produtos\/productos\/pertigas-herramientas-universales\/pertiga-de-rescate\/","og_locale":"es_ES","og_type":"article","og_title":"P\u00e9rtiga de rescate","og_description":"P\u00e9rtiga de rescate para accidentes el\u00e9ctricos de hasta 34,5 kV, con ganchos anat\u00f3micos que garantizan la seguridad y el aislamiento en caso de emergencia.","og_url":"https:\/\/www.ritzbrasil.com\/es\/produtos\/productos\/pertigas-herramientas-universales\/pertiga-de-rescate\/","og_site_name":"Equipamentos de Manuten\u00e7\u00e3o e Seguran\u00e7a para o Setor El\u00e9trico - Ritz Brasil","article_modified_time":"2026-04-16T19:49:29+00:00","og_image":[{"width":1200,"height":1200,"url":"https:\/\/www.ritzbrasil.com\/wp-content\/uploads\/2026\/04\/flv09429-1-bastao-resgate-ritz.jpg","type":"image\/jpeg"}],"twitter_card":"summary_large_image","twitter_misc":{"Tiempo de lectura":"1 minuto"},"schema":{"@context":"https:\/\/schema.org","@graph":[{"@type":"WebPage","@id":"https:\/\/www.ritzbrasil.com\/es\/produtos\/productos\/pertigas-herramientas-universales\/pertiga-de-rescate\/","url":"https:\/\/www.ritzbrasil.com\/es\/produtos\/productos\/pertigas-herramientas-universales\/pertiga-de-rescate\/","name":"P\u00e9rtiga de rescate","isPartOf":{"@id":"https:\/\/www.ritzbrasil.com\/es\/#website"},"primaryImageOfPage":{"@id":"https:\/\/www.ritzbrasil.com\/es\/produtos\/productos\/pertigas-herramientas-universales\/pertiga-de-rescate\/#primaryimage"},"image":{"@id":"https:\/\/www.ritzbrasil.com\/es\/produtos\/productos\/pertigas-herramientas-universales\/pertiga-de-rescate\/#primaryimage"},"thumbnailUrl":"https:\/\/www.ritzbrasil.com\/wp-content\/uploads\/2026\/04\/flv09429-1-bastao-resgate-ritz.jpg","datePublished":"2024-08-21T19:37:33+00:00","dateModified":"2026-04-16T19:49:29+00:00","description":"P\u00e9rtiga de rescate para accidentes el\u00e9ctricos de hasta 34,5 kV, con ganchos anat\u00f3micos que garantizan la seguridad y el aislamiento en caso de emergencia.","breadcrumb":{"@id":"https:\/\/www.ritzbrasil.com\/es\/produtos\/productos\/pertigas-herramientas-universales\/pertiga-de-rescate\/#breadcrumb"},"inLanguage":"es","potentialAction":[{"@type":"ReadAction","target":["https:\/\/www.ritzbrasil.com\/es\/produtos\/productos\/pertigas-herramientas-universales\/pertiga-de-rescate\/"]}]},{"@type":"ImageObject","inLanguage":"es","@id":"https:\/\/www.ritzbrasil.com\/es\/produtos\/productos\/pertigas-herramientas-universales\/pertiga-de-rescate\/#primaryimage","url":"https:\/\/www.ritzbrasil.com\/wp-content\/uploads\/2026\/04\/flv09429-1-bastao-resgate-ritz.jpg","contentUrl":"https:\/\/www.ritzbrasil.com\/wp-content\/uploads\/2026\/04\/flv09429-1-bastao-resgate-ritz.jpg","width":1200,"height":1200,"caption":"FLV09429-1"},{"@type":"BreadcrumbList","@id":"https:\/\/www.ritzbrasil.com\/es\/produtos\/productos\/pertigas-herramientas-universales\/pertiga-de-rescate\/#breadcrumb","itemListElement":[{"@type":"ListItem","position":1,"name":"In\u00edcio","item":"https:\/\/www.ritzbrasil.com\/es\/"},{"@type":"ListItem","position":2,"name":"Tienda","item":"https:\/\/www.ritzbrasil.com\/es\/tienda\/"},{"@type":"ListItem","position":3,"name":"P\u00e9rtiga de rescate"}]},{"@type":"WebSite","@id":"https:\/\/www.ritzbrasil.com\/es\/#website","url":"https:\/\/www.ritzbrasil.com\/es\/","name":"Equipamentos de Manuten\u00e7\u00e3o e Seguran\u00e7a para o Setor El\u00e9trico - Ritz Brasil","description":"","potentialAction":[{"@type":"SearchAction","target":{"@type":"EntryPoint","urlTemplate":"https:\/\/www.ritzbrasil.com\/es\/?s={search_term_string}"},"query-input":{"@type":"PropertyValueSpecification","valueRequired":true,"valueName":"search_term_string"}}],"inLanguage":"es"}]}},"_links":{"self":[{"href":"https:\/\/www.ritzbrasil.com\/es\/wp-json\/wp\/v2\/product\/61351","targetHints":{"allow":["GET"]}}],"collection":[{"href":"https:\/\/www.ritzbrasil.com\/es\/wp-json\/wp\/v2\/product"}],"about":[{"href":"https:\/\/www.ritzbrasil.com\/es\/wp-json\/wp\/v2\/types\/product"}],"wp:featuredmedia":[{"embeddable":true,"href":"https:\/\/www.ritzbrasil.com\/es\/wp-json\/wp\/v2\/media\/62526"}],"wp:attachment":[{"href":"https:\/\/www.ritzbrasil.com\/es\/wp-json\/wp\/v2\/media?parent=61351"}],"wp:term":[{"taxonomy":"product_brand","embeddable":true,"href":"https:\/\/www.ritzbrasil.com\/es\/wp-json\/wp\/v2\/product_brand?post=61351"},{"taxonomy":"product_cat","embeddable":true,"href":"https:\/\/www.ritzbrasil.com\/es\/wp-json\/wp\/v2\/product_cat?post=61351"},{"taxonomy":"product_tag","embeddable":true,"href":"https:\/\/www.ritzbrasil.com\/es\/wp-json\/wp\/v2\/product_tag?post=61351"}],"curies":[{"name":"wp","href":"https:\/\/api.w.org\/{rel}","templated":true}]}}