{"id":61302,"date":"2024-08-30T09:45:30","date_gmt":"2024-08-30T12:45:30","guid":{"rendered":"https:\/\/www.ritzbrasil.com\/produtos\/sin%20categor\u00eda\/tapa-del-casquillo-del-transformador\/"},"modified":"2026-02-25T17:05:11","modified_gmt":"2026-02-25T20:05:11","slug":"tapa-del-casquillo-del-transformador","status":"publish","type":"product","link":"https:\/\/www.ritzbrasil.com\/es\/produtos\/cubiertas-de-goma-protectoras-y-aislantes\/tapa-del-casquillo-del-transformador\/","title":{"rendered":"Tapa del casquillo del transformador"},"content":{"rendered":"<div class=\"wpb-content-wrapper\"><p>[vc_row][vc_column][vc_column_text css=\u00bb.vc_custom_1725021573556{margin-top: 20px !important;}\u00bb]<\/p>\n<h4><span style=\"color: #ff9900;\"><strong>Tapa del casquillo del transformador<\/strong><\/span><\/h4>\n<p>[\/vc_column_text][vc_column_text css=\u00bb.vc_custom_1725027988640{margin-top: -20px !important;}\u00bb]\n<div id=\"tablepress-Cobertura-Bucha-Transformador-scroll-wrapper\" class=\"tablepress-scroll-wrapper\">\n<table id=\"tablepress-Cobertura-Bucha-Transformador\" class=\"tablepress tablepress-id-Cobertura-Bucha-Transformador tablepress-responsive\">\n<thead>\n<tr class=\"row-1\">\n\t<td class=\"column-1\"><\/td><th class=\"column-2\">  Refer\u00eancias<\/th><th class=\"column-3\">Caracter\u00edstica<\/th><td class=\"column-4\"><\/td><td class=\"column-5\"><\/td>\n<\/tr>\n<\/thead>\n<tbody class=\"row-striping row-hover\">\n<tr class=\"row-2\">\n\t<td class=\"column-1\"><img decoding=\"async\" src=\"https:\/\/www.ritzbrasil.com\/wp-content\/uploads\/2024\/08\/cob30064-1-cobertura-bucha-transformador-150x150-1.jpg\" \/><\/td><td class=\"column-2\">COB30064-1<\/td><td class=\"column-3\">Utilizada para prote\u00e7\u00e3o isolante do conjunto bucha do transformador e jumper<br \/>\ntempor\u00e1rio para bucha de transformador. Cobertura protetora fabricada em<br \/>\npolietileno r\u00edgido de alta rigidez diel\u00e9trica, resistente ao oz\u00f4nio e raios UV.<br \/>\nPeso aprox. : 0,78 kg (1,70 lb)<\/td><td class=\"column-4\">    <button class=\"add-to-budget\" data-table-id=\"Cobertura-Bucha-Transformador\" data-reference=\"COB30064-1\" data-description=\"Cobertura para Bucha de Transformador\" style=\"color:#ff4d00;\">\n        <img decoding=\"async\" src=\"https:\/\/www.ritzbrasil.com\/\/wp-content\/uploads\/2024\/07\/orcar-compras-tabela-new-1.png\" alt=\"Solicitar cotizaci\u00f3n\" title=\"Solicitar cotizaci\u00f3n\" \/>\n    <\/button>\n    <\/td><td class=\"column-5\"><a href=\"https:\/\/lojasritz.com.br\/catalogsearch\/result\/?q=COB30064-1\" target=\"_blank\" rel=\"noopener\"><img decoding=\"async\" src=\"https:\/\/www.ritzbrasil.com\/wp-content\/uploads\/2024\/07\/carrinho-compras-tabela.png\"  \/><\/a><\/td>\n<\/tr>\n<\/tbody>\n<\/table>\n<\/div>\n[\/vc_column_text][vc_separator border_width=\u00bb2&#8243; css=\u00bb\u00bb][\/vc_column][\/vc_row]<\/p>\n<\/div>","protected":false},"excerpt":{"rendered":"<p>La cubierta del casquillo del transformador se utiliza para la protecci\u00f3n aislante del conjunto del casquillo del transformador y el puente temporal del casquillo del transformador. Cubierta protectora de polietileno r\u00edgido de alta rigidez diel\u00e9ctrica, resistente al ozono y a los rayos UV.Peso aproximado: 0,78 kg (1,70 lb)<\/p>\n","protected":false},"featured_media":58075,"template":"","meta":[],"product_brand":[],"product_cat":[3085],"product_tag":[3593,3594],"class_list":{"0":"post-61302","1":"product","2":"type-product","3":"status-publish","4":"has-post-thumbnail","6":"product_cat-cubiertas-de-goma-protectoras-y-aislantes","7":"product_tag-casquillo-del-transformador","8":"product_tag-cob30064-1-es","9":"description-off","11":"first","12":"instock","13":"virtual","14":"product-type-simple"},"yoast_head":"<!-- This site is optimized with the Yoast SEO plugin v27.1.1 - https:\/\/yoast.com\/product\/yoast-seo-wordpress\/ -->\n<title>Tapa del casquillo del transformador<\/title>\n<meta name=\"description\" content=\"Cubierta del casquillo del transformador. Se utiliza para la protecci\u00f3n aislante del conjunto del casquillo del transformador y el puente temporal del casquillo del transformador.\" \/>\n<meta name=\"robots\" content=\"index, follow, max-snippet:-1, max-image-preview:large, max-video-preview:-1\" \/>\n<link rel=\"canonical\" href=\"https:\/\/www.ritzbrasil.com\/es\/produtos\/cubiertas-de-goma-protectoras-y-aislantes\/tapa-del-casquillo-del-transformador\/\" \/>\n<meta property=\"og:locale\" content=\"es_ES\" \/>\n<meta property=\"og:type\" content=\"article\" \/>\n<meta property=\"og:title\" content=\"Tapa del casquillo del transformador\" \/>\n<meta property=\"og:description\" content=\"Cubierta del casquillo del transformador. Se utiliza para la protecci\u00f3n aislante del conjunto del casquillo del transformador y el puente temporal del casquillo del transformador.\" \/>\n<meta property=\"og:url\" content=\"https:\/\/www.ritzbrasil.com\/es\/produtos\/cubiertas-de-goma-protectoras-y-aislantes\/tapa-del-casquillo-del-transformador\/\" \/>\n<meta property=\"og:site_name\" content=\"Equipamentos de Manuten\u00e7\u00e3o e Seguran\u00e7a para o Setor El\u00e9trico - Ritz Brasil\" \/>\n<meta property=\"article:modified_time\" content=\"2026-02-25T20:05:11+00:00\" \/>\n<meta property=\"og:image\" content=\"https:\/\/www.ritzbrasil.com\/wp-content\/uploads\/2024\/08\/cob30064-1-cobertura-bucha-transformador.jpg\" \/>\n\t<meta property=\"og:image:width\" content=\"1200\" \/>\n\t<meta property=\"og:image:height\" content=\"1200\" \/>\n\t<meta property=\"og:image:type\" content=\"image\/jpeg\" \/>\n<meta name=\"twitter:card\" content=\"summary_large_image\" \/>\n<meta name=\"twitter:label1\" content=\"Tiempo de lectura\" \/>\n\t<meta name=\"twitter:data1\" content=\"1 minuto\" \/>\n<script type=\"application\/ld+json\" class=\"yoast-schema-graph\">{\"@context\":\"https:\/\/schema.org\",\"@graph\":[{\"@type\":\"WebPage\",\"@id\":\"https:\/\/www.ritzbrasil.com\/es\/produtos\/cubiertas-de-goma-protectoras-y-aislantes\/tapa-del-casquillo-del-transformador\/\",\"url\":\"https:\/\/www.ritzbrasil.com\/es\/produtos\/cubiertas-de-goma-protectoras-y-aislantes\/tapa-del-casquillo-del-transformador\/\",\"name\":\"Tapa del casquillo del transformador\",\"isPartOf\":{\"@id\":\"https:\/\/www.ritzbrasil.com\/es\/#website\"},\"primaryImageOfPage\":{\"@id\":\"https:\/\/www.ritzbrasil.com\/es\/produtos\/cubiertas-de-goma-protectoras-y-aislantes\/tapa-del-casquillo-del-transformador\/#primaryimage\"},\"image\":{\"@id\":\"https:\/\/www.ritzbrasil.com\/es\/produtos\/cubiertas-de-goma-protectoras-y-aislantes\/tapa-del-casquillo-del-transformador\/#primaryimage\"},\"thumbnailUrl\":\"https:\/\/www.ritzbrasil.com\/wp-content\/uploads\/2024\/08\/cob30064-1-cobertura-bucha-transformador.jpg\",\"datePublished\":\"2024-08-30T12:45:30+00:00\",\"dateModified\":\"2026-02-25T20:05:11+00:00\",\"description\":\"Cubierta del casquillo del transformador. Se utiliza para la protecci\u00f3n aislante del conjunto del casquillo del transformador y el puente temporal del casquillo del transformador.\",\"breadcrumb\":{\"@id\":\"https:\/\/www.ritzbrasil.com\/es\/produtos\/cubiertas-de-goma-protectoras-y-aislantes\/tapa-del-casquillo-del-transformador\/#breadcrumb\"},\"inLanguage\":\"es\",\"potentialAction\":[{\"@type\":\"ReadAction\",\"target\":[\"https:\/\/www.ritzbrasil.com\/es\/produtos\/cubiertas-de-goma-protectoras-y-aislantes\/tapa-del-casquillo-del-transformador\/\"]}]},{\"@type\":\"ImageObject\",\"inLanguage\":\"es\",\"@id\":\"https:\/\/www.ritzbrasil.com\/es\/produtos\/cubiertas-de-goma-protectoras-y-aislantes\/tapa-del-casquillo-del-transformador\/#primaryimage\",\"url\":\"https:\/\/www.ritzbrasil.com\/wp-content\/uploads\/2024\/08\/cob30064-1-cobertura-bucha-transformador.jpg\",\"contentUrl\":\"https:\/\/www.ritzbrasil.com\/wp-content\/uploads\/2024\/08\/cob30064-1-cobertura-bucha-transformador.jpg\",\"width\":1200,\"height\":1200,\"caption\":\"COB30064-1 Tapa del casquillo del transformador\"},{\"@type\":\"BreadcrumbList\",\"@id\":\"https:\/\/www.ritzbrasil.com\/es\/produtos\/cubiertas-de-goma-protectoras-y-aislantes\/tapa-del-casquillo-del-transformador\/#breadcrumb\",\"itemListElement\":[{\"@type\":\"ListItem\",\"position\":1,\"name\":\"In\u00edcio\",\"item\":\"https:\/\/www.ritzbrasil.com\/es\/\"},{\"@type\":\"ListItem\",\"position\":2,\"name\":\"Tienda\",\"item\":\"https:\/\/www.ritzbrasil.com\/es\/tienda\/\"},{\"@type\":\"ListItem\",\"position\":3,\"name\":\"Tapa del casquillo del transformador\"}]},{\"@type\":\"WebSite\",\"@id\":\"https:\/\/www.ritzbrasil.com\/es\/#website\",\"url\":\"https:\/\/www.ritzbrasil.com\/es\/\",\"name\":\"Equipamentos de Manuten\u00e7\u00e3o e Seguran\u00e7a para o Setor El\u00e9trico - Ritz Brasil\",\"description\":\"\",\"potentialAction\":[{\"@type\":\"SearchAction\",\"target\":{\"@type\":\"EntryPoint\",\"urlTemplate\":\"https:\/\/www.ritzbrasil.com\/es\/?s={search_term_string}\"},\"query-input\":{\"@type\":\"PropertyValueSpecification\",\"valueRequired\":true,\"valueName\":\"search_term_string\"}}],\"inLanguage\":\"es\"}]}<\/script>\n<!-- \/ Yoast SEO plugin. -->","yoast_head_json":{"title":"Tapa del casquillo del transformador","description":"Cubierta del casquillo del transformador. Se utiliza para la protecci\u00f3n aislante del conjunto del casquillo del transformador y el puente temporal del casquillo del transformador.","robots":{"index":"index","follow":"follow","max-snippet":"max-snippet:-1","max-image-preview":"max-image-preview:large","max-video-preview":"max-video-preview:-1"},"canonical":"https:\/\/www.ritzbrasil.com\/es\/produtos\/cubiertas-de-goma-protectoras-y-aislantes\/tapa-del-casquillo-del-transformador\/","og_locale":"es_ES","og_type":"article","og_title":"Tapa del casquillo del transformador","og_description":"Cubierta del casquillo del transformador. Se utiliza para la protecci\u00f3n aislante del conjunto del casquillo del transformador y el puente temporal del casquillo del transformador.","og_url":"https:\/\/www.ritzbrasil.com\/es\/produtos\/cubiertas-de-goma-protectoras-y-aislantes\/tapa-del-casquillo-del-transformador\/","og_site_name":"Equipamentos de Manuten\u00e7\u00e3o e Seguran\u00e7a para o Setor El\u00e9trico - Ritz Brasil","article_modified_time":"2026-02-25T20:05:11+00:00","og_image":[{"width":1200,"height":1200,"url":"https:\/\/www.ritzbrasil.com\/wp-content\/uploads\/2024\/08\/cob30064-1-cobertura-bucha-transformador.jpg","type":"image\/jpeg"}],"twitter_card":"summary_large_image","twitter_misc":{"Tiempo de lectura":"1 minuto"},"schema":{"@context":"https:\/\/schema.org","@graph":[{"@type":"WebPage","@id":"https:\/\/www.ritzbrasil.com\/es\/produtos\/cubiertas-de-goma-protectoras-y-aislantes\/tapa-del-casquillo-del-transformador\/","url":"https:\/\/www.ritzbrasil.com\/es\/produtos\/cubiertas-de-goma-protectoras-y-aislantes\/tapa-del-casquillo-del-transformador\/","name":"Tapa del casquillo del transformador","isPartOf":{"@id":"https:\/\/www.ritzbrasil.com\/es\/#website"},"primaryImageOfPage":{"@id":"https:\/\/www.ritzbrasil.com\/es\/produtos\/cubiertas-de-goma-protectoras-y-aislantes\/tapa-del-casquillo-del-transformador\/#primaryimage"},"image":{"@id":"https:\/\/www.ritzbrasil.com\/es\/produtos\/cubiertas-de-goma-protectoras-y-aislantes\/tapa-del-casquillo-del-transformador\/#primaryimage"},"thumbnailUrl":"https:\/\/www.ritzbrasil.com\/wp-content\/uploads\/2024\/08\/cob30064-1-cobertura-bucha-transformador.jpg","datePublished":"2024-08-30T12:45:30+00:00","dateModified":"2026-02-25T20:05:11+00:00","description":"Cubierta del casquillo del transformador. Se utiliza para la protecci\u00f3n aislante del conjunto del casquillo del transformador y el puente temporal del casquillo del transformador.","breadcrumb":{"@id":"https:\/\/www.ritzbrasil.com\/es\/produtos\/cubiertas-de-goma-protectoras-y-aislantes\/tapa-del-casquillo-del-transformador\/#breadcrumb"},"inLanguage":"es","potentialAction":[{"@type":"ReadAction","target":["https:\/\/www.ritzbrasil.com\/es\/produtos\/cubiertas-de-goma-protectoras-y-aislantes\/tapa-del-casquillo-del-transformador\/"]}]},{"@type":"ImageObject","inLanguage":"es","@id":"https:\/\/www.ritzbrasil.com\/es\/produtos\/cubiertas-de-goma-protectoras-y-aislantes\/tapa-del-casquillo-del-transformador\/#primaryimage","url":"https:\/\/www.ritzbrasil.com\/wp-content\/uploads\/2024\/08\/cob30064-1-cobertura-bucha-transformador.jpg","contentUrl":"https:\/\/www.ritzbrasil.com\/wp-content\/uploads\/2024\/08\/cob30064-1-cobertura-bucha-transformador.jpg","width":1200,"height":1200,"caption":"COB30064-1 Tapa del casquillo del transformador"},{"@type":"BreadcrumbList","@id":"https:\/\/www.ritzbrasil.com\/es\/produtos\/cubiertas-de-goma-protectoras-y-aislantes\/tapa-del-casquillo-del-transformador\/#breadcrumb","itemListElement":[{"@type":"ListItem","position":1,"name":"In\u00edcio","item":"https:\/\/www.ritzbrasil.com\/es\/"},{"@type":"ListItem","position":2,"name":"Tienda","item":"https:\/\/www.ritzbrasil.com\/es\/tienda\/"},{"@type":"ListItem","position":3,"name":"Tapa del casquillo del transformador"}]},{"@type":"WebSite","@id":"https:\/\/www.ritzbrasil.com\/es\/#website","url":"https:\/\/www.ritzbrasil.com\/es\/","name":"Equipamentos de Manuten\u00e7\u00e3o e Seguran\u00e7a para o Setor El\u00e9trico - Ritz Brasil","description":"","potentialAction":[{"@type":"SearchAction","target":{"@type":"EntryPoint","urlTemplate":"https:\/\/www.ritzbrasil.com\/es\/?s={search_term_string}"},"query-input":{"@type":"PropertyValueSpecification","valueRequired":true,"valueName":"search_term_string"}}],"inLanguage":"es"}]}},"_links":{"self":[{"href":"https:\/\/www.ritzbrasil.com\/es\/wp-json\/wp\/v2\/product\/61302","targetHints":{"allow":["GET"]}}],"collection":[{"href":"https:\/\/www.ritzbrasil.com\/es\/wp-json\/wp\/v2\/product"}],"about":[{"href":"https:\/\/www.ritzbrasil.com\/es\/wp-json\/wp\/v2\/types\/product"}],"wp:featuredmedia":[{"embeddable":true,"href":"https:\/\/www.ritzbrasil.com\/es\/wp-json\/wp\/v2\/media\/58075"}],"wp:attachment":[{"href":"https:\/\/www.ritzbrasil.com\/es\/wp-json\/wp\/v2\/media?parent=61302"}],"wp:term":[{"taxonomy":"product_brand","embeddable":true,"href":"https:\/\/www.ritzbrasil.com\/es\/wp-json\/wp\/v2\/product_brand?post=61302"},{"taxonomy":"product_cat","embeddable":true,"href":"https:\/\/www.ritzbrasil.com\/es\/wp-json\/wp\/v2\/product_cat?post=61302"},{"taxonomy":"product_tag","embeddable":true,"href":"https:\/\/www.ritzbrasil.com\/es\/wp-json\/wp\/v2\/product_tag?post=61302"}],"curies":[{"name":"wp","href":"https:\/\/api.w.org\/{rel}","templated":true}]}}