{"id":61300,"date":"2024-08-29T14:54:16","date_gmt":"2024-08-29T17:54:16","guid":{"rendered":"https:\/\/www.ritzbrasil.com\/produtos\/sin%20categor\u00eda\/cobertura-para-rdc-red-de-distribucion-compacta\/"},"modified":"2026-02-25T17:05:16","modified_gmt":"2026-02-25T20:05:16","slug":"cobertura-para-rdc-red-de-distribucion-compacta","status":"publish","type":"product","link":"https:\/\/www.ritzbrasil.com\/es\/produtos\/cubiertas-de-goma-protectoras-y-aislantes\/cobertura-para-rdc-red-de-distribucion-compacta\/","title":{"rendered":"Cobertura para Rdc (Red de Distribuci\u00f3n Compacta)"},"content":{"rendered":"<div class=\"wpb-content-wrapper\"><p>[vc_row][vc_column]<div id=\"ult-carousel-126666228869ddfc39afb03\" class=\"ult-carousel-wrapper   ult_horizontal\" data-gutter=\"15\" data-rtl=\"false\" ><div class=\"ult-carousel-233364754569ddfc39afa84 \" >[vc_single_image image=\u00bb58055&#8243; add_caption=\u00bbyes\u00bb alignment=\u00bbcenter\u00bb onclick=\u00bblink_image\u00bb css=\u00bb\u00bb][vc_single_image image=\u00bb58059&#8243; add_caption=\u00bbyes\u00bb alignment=\u00bbcenter\u00bb onclick=\u00bblink_image\u00bb css=\u00bb\u00bb][vc_single_image image=\u00bb58063&#8243; add_caption=\u00bbyes\u00bb alignment=\u00bbcenter\u00bb onclick=\u00bblink_image\u00bb css=\u00bb\u00bb][vc_single_image image=\u00bb58067&#8243; add_caption=\u00bbyes\u00bb alignment=\u00bbcenter\u00bb onclick=\u00bblink_image\u00bb css=\u00bb\u00bb][vc_single_image image=\u00bb58071&#8243; add_caption=\u00bbyes\u00bb alignment=\u00bbcenter\u00bb onclick=\u00bblink_image\u00bb css=\u00bb\u00bb]<\/div><\/div>\t\t\t<script type=\"text\/javascript\">\n\t\t\t\tjQuery(document).ready(function ($) {\n\t\t\t\t\tif( typeof jQuery('.ult-carousel-233364754569ddfc39afa84').slick == \"function\"){\n\t\t\t\t\t\t$('.ult-carousel-233364754569ddfc39afa84').slick({dots: false,autoplay: true,autoplaySpeed: \"3000\",speed: \"300\",infinite: true,arrows: true,nextArrow: '<button type=\"button\" role=\"button\" aria-label=\"Next\" style=\"color:#ff4d00; font-size:30px;\" class=\"slick-next default\"><i class=\"ultsl-arrow-right4\"><\/i><\/button>',prevArrow: '<button type=\"button\" role=\"button\" aria-label=\"Previous\" style=\"color:#ff4d00; font-size:30px;\" class=\"slick-prev default\"><i class=\"ultsl-arrow-left4\"><\/i><\/button>',slidesToScroll:5,slidesToShow:5,swipe: true,draggable: true,touchMove: true,pauseOnHover: true,pauseOnFocus: false,responsive: [\n\t\t\t\t\t\t\t{\n\t\t\t\t\t\t\t  breakpoint: 1026,\n\t\t\t\t\t\t\t  settings: {\n\t\t\t\t\t\t\t\tslidesToShow: 5,\n\t\t\t\t\t\t\t\tslidesToScroll: 5,  \n\t\t\t\t\t\t\t  }\n\t\t\t\t\t\t\t},\n\t\t\t\t\t\t\t{\n\t\t\t\t\t\t\t  breakpoint: 1025,\n\t\t\t\t\t\t\t  settings: {\n\t\t\t\t\t\t\t\tslidesToShow: 3,\n\t\t\t\t\t\t\t\tslidesToScroll: 3\n\t\t\t\t\t\t\t  }\n\t\t\t\t\t\t\t},\n\t\t\t\t\t\t\t{\n\t\t\t\t\t\t\t  breakpoint: 760,\n\t\t\t\t\t\t\t  settings: {\n\t\t\t\t\t\t\t\tslidesToShow: 2,\n\t\t\t\t\t\t\t\tslidesToScroll: 2\n\t\t\t\t\t\t\t  }\n\t\t\t\t\t\t\t}\n\t\t\t\t\t\t],pauseOnDotsHover: true,customPaging: function(slider, i) {\n                   return '<i type=\"button\" style= \"color:#333333;\" class=\"ultsl-record\" data-role=\"none\"><\/i>';\n                },});\n\t\t\t\t\t}\n\t\t\t\t});\n\t\t\t<\/script>\n\t\t\t[\/vc_column][\/vc_row][vc_row][vc_column][vc_column_text css=\u00bb.vc_custom_1724953336345{margin-top: 20px !important;}\u00bb]<\/p>\n<h4><span style=\"color: #ff9900;\"><strong>Cobertura de la Red de Distribuci\u00f3n Compacta (RDC)<\/strong><\/span><\/h4>\n<p>[\/vc_column_text][vc_column_text css=\u00bb.vc_custom_1725027265806{margin-top: -20px !important;}\u00bb]\n<div id=\"tablepress-Cobertura-Rdc-scroll-wrapper\" class=\"tablepress-scroll-wrapper\">\n<table id=\"tablepress-Cobertura-Rdc\" class=\"tablepress tablepress-id-Cobertura-Rdc tablepress-responsive\">\n<thead>\n<tr class=\"row-1\">\n\t<td class=\"column-1\"><\/td><th class=\"column-2\">  Refer\u00eancias<\/th><th class=\"column-3\">Caracter\u00edstica<\/th><td class=\"column-4\"><\/td><td class=\"column-5\"><\/td>\n<\/tr>\n<\/thead>\n<tbody class=\"row-striping row-hover\">\n<tr class=\"row-2\">\n\t<td class=\"column-1\"><img decoding=\"async\" src=\"https:\/\/www.ritzbrasil.com\/wp-content\/uploads\/2024\/08\/cob11147-1-cobertura-rdc-150x150-1.jpg\" \/><\/td><td class=\"column-2\">COB11147-1<\/td><td class=\"column-3\">Cobertura protetora para condutor com at\u00e9 \u00d8 25 mm.<br \/>\nComprimento aprox.: de 880 mm<br \/>\nPeso aprox. : 0,90 kg (1,98 lb)<\/td><td class=\"column-4\">    <button class=\"add-to-budget\" data-table-id=\"Cobertura-Condutor-Secund\u00e1rio-BT\" data-reference=\"COB11147-1\" data-description=\"Cobertura para Rdc\" style=\"color:#ff4d00;\">\n        <img decoding=\"async\" src=\"https:\/\/www.ritzbrasil.com\/\/wp-content\/uploads\/2024\/07\/orcar-compras-tabela-new-1.png\" alt=\"Solicitar cotizaci\u00f3n\" title=\"Solicitar cotizaci\u00f3n\" \/>\n    <\/button>\n    <\/td><td class=\"column-5\"><a href=\"https:\/\/lojasritz.com.br\/catalogsearch\/result\/?q=COB11147-1\" target=\"_blank\" rel=\"noopener\"><img decoding=\"async\" src=\"https:\/\/www.ritzbrasil.com\/wp-content\/uploads\/2024\/07\/carrinho-compras-tabela.png\"  \/><\/a><\/td>\n<\/tr>\n<tr class=\"row-3\">\n\t<td class=\"column-1\"><img decoding=\"async\" src=\"https:\/\/www.ritzbrasil.com\/wp-content\/uploads\/2024\/08\/cob11047-1-cobertura-rdc-150x150-1.jpg\" \/><\/td><td class=\"column-2\">COB11047-1<\/td><td class=\"column-3\">Cobertura protetora para suporte horizontal na troca de isoladores de pino .<br \/>\nComposto de duas pe\u00e7as, que s\u00e3o instaladas sobrepostas, proporcionando<br \/>\ntotal prote\u00e7\u00e3o dos suportes.<br \/>\nPeso aprox. : 1,25 kg (2,76 lb)<\/td><td class=\"column-4\">    <button class=\"add-to-budget\" data-table-id=\"Cobertura-Condutor-Secund\u00e1rio-BT\" data-reference=\"COB11047-1\" data-description=\"Cobertura para Rdc\" style=\"color:#ff4d00;\">\n        <img decoding=\"async\" src=\"https:\/\/www.ritzbrasil.com\/\/wp-content\/uploads\/2024\/07\/orcar-compras-tabela-new-1.png\" alt=\"Solicitar cotizaci\u00f3n\" title=\"Solicitar cotizaci\u00f3n\" \/>\n    <\/button>\n    <\/td><td class=\"column-5\"><a href=\"https:\/\/lojasritz.com.br\/catalogsearch\/result\/?q=COB11047-1\" target=\"_blank\" rel=\"noopener\"><img decoding=\"async\" src=\"https:\/\/www.ritzbrasil.com\/wp-content\/uploads\/2024\/07\/carrinho-compras-tabela.png\"  \/><\/a><\/td>\n<\/tr>\n<tr class=\"row-4\">\n\t<td class=\"column-1\"><img decoding=\"async\" src=\"https:\/\/www.ritzbrasil.com\/wp-content\/uploads\/2024\/08\/cob11170-1-cobertura-rdc-150x150-1.jpg\" \/><\/td><td class=\"column-2\">COB11170-1<\/td><td class=\"column-3\">Cobertura protetora para prote\u00e7\u00e3o dos suportes na troca de isoladores de<br \/>\npino. Aplicada em suporte tipo \u201cC\u201d. Composto de duas pe\u00e7as, que s\u00e3o<br \/>\ninstaladas sobrepostas, proporcionando total prote\u00e7\u00e3o dos suportes.<br \/>\nPeso aprox. : 1,10 kg (2,43 lb)<\/td><td class=\"column-4\">    <button class=\"add-to-budget\" data-table-id=\"Cobertura-Condutor-Secund\u00e1rio-BT\" data-reference=\"COB11170-1\" data-description=\"Cobertura para Rdc\" style=\"color:#ff4d00;\">\n        <img decoding=\"async\" src=\"https:\/\/www.ritzbrasil.com\/\/wp-content\/uploads\/2024\/07\/orcar-compras-tabela-new-1.png\" alt=\"Solicitar cotizaci\u00f3n\" title=\"Solicitar cotizaci\u00f3n\" \/>\n    <\/button>\n    <\/td><td class=\"column-5\"><a href=\"https:\/\/lojasritz.com.br\/catalogsearch\/result\/?q=COB11170-1\" target=\"_blank\" rel=\"noopener\"><img decoding=\"async\" src=\"https:\/\/www.ritzbrasil.com\/wp-content\/uploads\/2024\/07\/carrinho-compras-tabela.png\"  \/><\/a><\/td>\n<\/tr>\n<tr class=\"row-5\">\n\t<td class=\"column-1\"><img decoding=\"async\" src=\"https:\/\/www.ritzbrasil.com\/wp-content\/uploads\/2024\/08\/cob11170-2-cobertura-rdc-150x150-1.jpg\" \/><\/td><td class=\"column-2\">COB11170-2<\/td><td class=\"column-3\">Cobertura protetora para prote\u00e7\u00e3o dos suportes na troca de isoladores pilar.<br \/>\nAplicada em suporte tipo \u201cC\u201d. Composto de duas pe\u00e7as, que s\u00e3o instaladas<br \/>\nsobrepostas, proporcionando total prote\u00e7\u00e3o dos suportes.<br \/>\nPeso aprox. : 1,25 kg (2,76 lb)<\/td><td class=\"column-4\">    <button class=\"add-to-budget\" data-table-id=\"Cobertura-Condutor-Secund\u00e1rio-BT\" data-reference=\"COB11170-2\" data-description=\"Cobertura para Rdc\" style=\"color:#ff4d00;\">\n        <img decoding=\"async\" src=\"https:\/\/www.ritzbrasil.com\/\/wp-content\/uploads\/2024\/07\/orcar-compras-tabela-new-1.png\" alt=\"Solicitar cotizaci\u00f3n\" title=\"Solicitar cotizaci\u00f3n\" \/>\n    <\/button>\n    <\/td><td class=\"column-5\"><a href=\"https:\/\/lojasritz.com.br\/catalogsearch\/result\/?q=COB11170-2\" target=\"_blank\" rel=\"noopener\"><img decoding=\"async\" src=\"https:\/\/www.ritzbrasil.com\/wp-content\/uploads\/2024\/07\/carrinho-compras-tabela.png\"  \/><\/a><\/td>\n<\/tr>\n<tr class=\"row-6\">\n\t<td class=\"column-1\"><img decoding=\"async\" src=\"https:\/\/www.ritzbrasil.com\/wp-content\/uploads\/2024\/08\/cob11050-1-cobertura-rdc-150x150-1.jpg\" \/><\/td><td class=\"column-2\">COB11050-1<\/td><td class=\"column-3\">Cobertura protetora para espa\u00e7ador losangular, como fun\u00e7\u00e3o principal<br \/>\nproteger o condutor junto ao espa\u00e7ador losangular.<br \/>\nPeso aprox. : 0,70 kg (1,54 lb)<\/td><td class=\"column-4\">    <button class=\"add-to-budget\" data-table-id=\"Cobertura-Condutor-Secund\u00e1rio-BT\" data-reference=\"COB11050-1\" data-description=\"Cobertura para Rdc\" style=\"color:#ff4d00;\">\n        <img decoding=\"async\" src=\"https:\/\/www.ritzbrasil.com\/\/wp-content\/uploads\/2024\/07\/orcar-compras-tabela-new-1.png\" alt=\"Solicitar cotizaci\u00f3n\" title=\"Solicitar cotizaci\u00f3n\" \/>\n    <\/button>\n    <\/td><td class=\"column-5\"><a href=\"https:\/\/lojasritz.com.br\/catalogsearch\/result\/?q=COB11050-1\" target=\"_blank\" rel=\"noopener\"><img decoding=\"async\" src=\"https:\/\/www.ritzbrasil.com\/wp-content\/uploads\/2024\/07\/carrinho-compras-tabela.png\"  \/><\/a><\/td>\n<\/tr>\n<tr class=\"row-7\">\n\t<td class=\"column-1\"><img decoding=\"async\" src=\"https:\/\/www.ritzbrasil.com\/wp-content\/uploads\/2024\/08\/cob11051-1-cobertura-rdc-150x150-1.jpg\" \/><\/td><td class=\"column-2\">COB11051-1<\/td><td class=\"column-3\">Cobertura protetora para isolador de pino. Possui presilha e corda para<br \/>\nfixa\u00e7\u00e3o do conjunto evitando assim seu deslocamento acidental.<br \/>\nPeso aprox. : 0,80 kg (1,76 lb)<\/td><td class=\"column-4\">    <button class=\"add-to-budget\" data-table-id=\"Cobertura-Condutor-Secund\u00e1rio-BT\" data-reference=\"COB11051-1\" data-description=\"Cobertura para Rdc\" style=\"color:#ff4d00;\">\n        <img decoding=\"async\" src=\"https:\/\/www.ritzbrasil.com\/\/wp-content\/uploads\/2024\/07\/orcar-compras-tabela-new-1.png\" alt=\"Solicitar cotizaci\u00f3n\" title=\"Solicitar cotizaci\u00f3n\" \/>\n    <\/button>\n    <\/td><td class=\"column-5\"><a href=\"https:\/\/lojasritz.com.br\/catalogsearch\/result\/?q=COB11051-1\" target=\"_blank\" rel=\"noopener\"><img decoding=\"async\" src=\"https:\/\/www.ritzbrasil.com\/wp-content\/uploads\/2024\/07\/carrinho-compras-tabela.png\"  \/><\/a><\/td>\n<\/tr>\n<\/tbody>\n<\/table>\n<\/div>\n[\/vc_column_text][vc_separator border_width=\u00bb2&#8243; css=\u00bb\u00bb][\/vc_column][\/vc_row]<\/p>\n<\/div>","protected":false},"excerpt":{"rendered":"<p>La Cubierta de Conductor Secundario (BT) se ha desarrollado para su instalaci\u00f3n temporal en redes secundarias de hasta \u00d8 25 mm, con el fin de evitar el contacto accidental de personas o herramientas con los conductores de baja tensi\u00f3n durante el mantenimiento en las proximidades del poste o incluso durante trabajos de media tensi\u00f3n.<\/p>\n<p>Una de sus grandes ventajas es que es ligero y puede acoplarse a otras unidades del mismo tipo mediante su sistema de encaje macho-hembra en los extremos, lo que permite aislar a lo largo de una gran longitud.<\/p>\n<p>Esta cubierta no tiene clips, por lo que debe instalarse en la red mediante el m\u00e9todo de contacto.<\/p>\n<p>Longitud aprox. 1.320 mm<br \/>\nPeso aprox.: 0,45 kg (0,99 lb)<\/p>\n","protected":false},"featured_media":58051,"template":"","meta":[],"product_brand":[],"product_cat":[3085],"product_tag":[3581,3584,3585,3580,3582,3583,3579],"class_list":{"0":"post-61300","1":"product","2":"type-product","3":"status-publish","4":"has-post-thumbnail","6":"product_cat-cubiertas-de-goma-protectoras-y-aislantes","7":"product_tag-cob11047-1-es","8":"product_tag-cob11050-1-es","9":"product_tag-cob11051-1-es","10":"product_tag-cob11147-1-es","11":"product_tag-cob11170-1-es","12":"product_tag-cob11170-2-es","13":"product_tag-cobertura-para-rdc-es","14":"description-off","16":"first","17":"instock","18":"virtual","19":"product-type-simple"},"yoast_head":"<!-- This site is optimized with the Yoast SEO plugin v27.1.1 - https:\/\/yoast.com\/product\/yoast-seo-wordpress\/ -->\n<title>Cobertura de la Red de Distribuci\u00f3n Compacta (RDC)<\/title>\n<meta name=\"description\" content=\"Cubierta protectora para conductores y soportes de hasta 26,4 kV, ideal para cambiar aisladores de pines y pilares y separadores de diamante.\" \/>\n<meta name=\"robots\" content=\"index, follow, max-snippet:-1, max-image-preview:large, max-video-preview:-1\" \/>\n<link rel=\"canonical\" href=\"https:\/\/www.ritzbrasil.com\/es\/produtos\/cubiertas-de-goma-protectoras-y-aislantes\/cobertura-para-rdc-red-de-distribucion-compacta\/\" \/>\n<meta property=\"og:locale\" content=\"es_ES\" \/>\n<meta property=\"og:type\" content=\"article\" \/>\n<meta property=\"og:title\" content=\"Cobertura de la Red de Distribuci\u00f3n Compacta (RDC)\" \/>\n<meta property=\"og:description\" content=\"Cubierta protectora para conductores y soportes de hasta 26,4 kV, ideal para cambiar aisladores de pines y pilares y separadores de diamante.\" \/>\n<meta property=\"og:url\" content=\"https:\/\/www.ritzbrasil.com\/es\/produtos\/cubiertas-de-goma-protectoras-y-aislantes\/cobertura-para-rdc-red-de-distribucion-compacta\/\" \/>\n<meta property=\"og:site_name\" content=\"Equipamentos de Manuten\u00e7\u00e3o e Seguran\u00e7a para o Setor El\u00e9trico - Ritz Brasil\" \/>\n<meta property=\"article:modified_time\" content=\"2026-02-25T20:05:16+00:00\" \/>\n<meta property=\"og:image\" content=\"https:\/\/www.ritzbrasil.com\/wp-content\/uploads\/2024\/08\/cob11147-1-cobertura-rdc.jpg\" \/>\n\t<meta property=\"og:image:width\" content=\"1200\" \/>\n\t<meta property=\"og:image:height\" content=\"1200\" \/>\n\t<meta property=\"og:image:type\" content=\"image\/jpeg\" \/>\n<meta name=\"twitter:card\" content=\"summary_large_image\" \/>\n<meta name=\"twitter:label1\" content=\"Tiempo de lectura\" \/>\n\t<meta name=\"twitter:data1\" content=\"1 minuto\" \/>\n<script type=\"application\/ld+json\" class=\"yoast-schema-graph\">{\"@context\":\"https:\/\/schema.org\",\"@graph\":[{\"@type\":\"WebPage\",\"@id\":\"https:\/\/www.ritzbrasil.com\/es\/produtos\/cubiertas-de-goma-protectoras-y-aislantes\/cobertura-para-rdc-red-de-distribucion-compacta\/\",\"url\":\"https:\/\/www.ritzbrasil.com\/es\/produtos\/cubiertas-de-goma-protectoras-y-aislantes\/cobertura-para-rdc-red-de-distribucion-compacta\/\",\"name\":\"Cobertura de la Red de Distribuci\u00f3n Compacta (RDC)\",\"isPartOf\":{\"@id\":\"https:\/\/www.ritzbrasil.com\/es\/#website\"},\"primaryImageOfPage\":{\"@id\":\"https:\/\/www.ritzbrasil.com\/es\/produtos\/cubiertas-de-goma-protectoras-y-aislantes\/cobertura-para-rdc-red-de-distribucion-compacta\/#primaryimage\"},\"image\":{\"@id\":\"https:\/\/www.ritzbrasil.com\/es\/produtos\/cubiertas-de-goma-protectoras-y-aislantes\/cobertura-para-rdc-red-de-distribucion-compacta\/#primaryimage\"},\"thumbnailUrl\":\"https:\/\/www.ritzbrasil.com\/wp-content\/uploads\/2024\/08\/cob11147-1-cobertura-rdc.jpg\",\"datePublished\":\"2024-08-29T17:54:16+00:00\",\"dateModified\":\"2026-02-25T20:05:16+00:00\",\"description\":\"Cubierta protectora para conductores y soportes de hasta 26,4 kV, ideal para cambiar aisladores de pines y pilares y separadores de diamante.\",\"breadcrumb\":{\"@id\":\"https:\/\/www.ritzbrasil.com\/es\/produtos\/cubiertas-de-goma-protectoras-y-aislantes\/cobertura-para-rdc-red-de-distribucion-compacta\/#breadcrumb\"},\"inLanguage\":\"es\",\"potentialAction\":[{\"@type\":\"ReadAction\",\"target\":[\"https:\/\/www.ritzbrasil.com\/es\/produtos\/cubiertas-de-goma-protectoras-y-aislantes\/cobertura-para-rdc-red-de-distribucion-compacta\/\"]}]},{\"@type\":\"ImageObject\",\"inLanguage\":\"es\",\"@id\":\"https:\/\/www.ritzbrasil.com\/es\/produtos\/cubiertas-de-goma-protectoras-y-aislantes\/cobertura-para-rdc-red-de-distribucion-compacta\/#primaryimage\",\"url\":\"https:\/\/www.ritzbrasil.com\/wp-content\/uploads\/2024\/08\/cob11147-1-cobertura-rdc.jpg\",\"contentUrl\":\"https:\/\/www.ritzbrasil.com\/wp-content\/uploads\/2024\/08\/cob11147-1-cobertura-rdc.jpg\",\"width\":1200,\"height\":1200,\"caption\":\"COB11147-1 Cubierta RDC\"},{\"@type\":\"BreadcrumbList\",\"@id\":\"https:\/\/www.ritzbrasil.com\/es\/produtos\/cubiertas-de-goma-protectoras-y-aislantes\/cobertura-para-rdc-red-de-distribucion-compacta\/#breadcrumb\",\"itemListElement\":[{\"@type\":\"ListItem\",\"position\":1,\"name\":\"In\u00edcio\",\"item\":\"https:\/\/www.ritzbrasil.com\/es\/\"},{\"@type\":\"ListItem\",\"position\":2,\"name\":\"Tienda\",\"item\":\"https:\/\/www.ritzbrasil.com\/es\/tienda\/\"},{\"@type\":\"ListItem\",\"position\":3,\"name\":\"Cobertura para Rdc (Red de Distribuci\u00f3n Compacta)\"}]},{\"@type\":\"WebSite\",\"@id\":\"https:\/\/www.ritzbrasil.com\/es\/#website\",\"url\":\"https:\/\/www.ritzbrasil.com\/es\/\",\"name\":\"Equipamentos de Manuten\u00e7\u00e3o e Seguran\u00e7a para o Setor El\u00e9trico - Ritz Brasil\",\"description\":\"\",\"potentialAction\":[{\"@type\":\"SearchAction\",\"target\":{\"@type\":\"EntryPoint\",\"urlTemplate\":\"https:\/\/www.ritzbrasil.com\/es\/?s={search_term_string}\"},\"query-input\":{\"@type\":\"PropertyValueSpecification\",\"valueRequired\":true,\"valueName\":\"search_term_string\"}}],\"inLanguage\":\"es\"}]}<\/script>\n<!-- \/ Yoast SEO plugin. -->","yoast_head_json":{"title":"Cobertura de la Red de Distribuci\u00f3n Compacta (RDC)","description":"Cubierta protectora para conductores y soportes de hasta 26,4 kV, ideal para cambiar aisladores de pines y pilares y separadores de diamante.","robots":{"index":"index","follow":"follow","max-snippet":"max-snippet:-1","max-image-preview":"max-image-preview:large","max-video-preview":"max-video-preview:-1"},"canonical":"https:\/\/www.ritzbrasil.com\/es\/produtos\/cubiertas-de-goma-protectoras-y-aislantes\/cobertura-para-rdc-red-de-distribucion-compacta\/","og_locale":"es_ES","og_type":"article","og_title":"Cobertura de la Red de Distribuci\u00f3n Compacta (RDC)","og_description":"Cubierta protectora para conductores y soportes de hasta 26,4 kV, ideal para cambiar aisladores de pines y pilares y separadores de diamante.","og_url":"https:\/\/www.ritzbrasil.com\/es\/produtos\/cubiertas-de-goma-protectoras-y-aislantes\/cobertura-para-rdc-red-de-distribucion-compacta\/","og_site_name":"Equipamentos de Manuten\u00e7\u00e3o e Seguran\u00e7a para o Setor El\u00e9trico - Ritz Brasil","article_modified_time":"2026-02-25T20:05:16+00:00","og_image":[{"width":1200,"height":1200,"url":"https:\/\/www.ritzbrasil.com\/wp-content\/uploads\/2024\/08\/cob11147-1-cobertura-rdc.jpg","type":"image\/jpeg"}],"twitter_card":"summary_large_image","twitter_misc":{"Tiempo de lectura":"1 minuto"},"schema":{"@context":"https:\/\/schema.org","@graph":[{"@type":"WebPage","@id":"https:\/\/www.ritzbrasil.com\/es\/produtos\/cubiertas-de-goma-protectoras-y-aislantes\/cobertura-para-rdc-red-de-distribucion-compacta\/","url":"https:\/\/www.ritzbrasil.com\/es\/produtos\/cubiertas-de-goma-protectoras-y-aislantes\/cobertura-para-rdc-red-de-distribucion-compacta\/","name":"Cobertura de la Red de Distribuci\u00f3n Compacta (RDC)","isPartOf":{"@id":"https:\/\/www.ritzbrasil.com\/es\/#website"},"primaryImageOfPage":{"@id":"https:\/\/www.ritzbrasil.com\/es\/produtos\/cubiertas-de-goma-protectoras-y-aislantes\/cobertura-para-rdc-red-de-distribucion-compacta\/#primaryimage"},"image":{"@id":"https:\/\/www.ritzbrasil.com\/es\/produtos\/cubiertas-de-goma-protectoras-y-aislantes\/cobertura-para-rdc-red-de-distribucion-compacta\/#primaryimage"},"thumbnailUrl":"https:\/\/www.ritzbrasil.com\/wp-content\/uploads\/2024\/08\/cob11147-1-cobertura-rdc.jpg","datePublished":"2024-08-29T17:54:16+00:00","dateModified":"2026-02-25T20:05:16+00:00","description":"Cubierta protectora para conductores y soportes de hasta 26,4 kV, ideal para cambiar aisladores de pines y pilares y separadores de diamante.","breadcrumb":{"@id":"https:\/\/www.ritzbrasil.com\/es\/produtos\/cubiertas-de-goma-protectoras-y-aislantes\/cobertura-para-rdc-red-de-distribucion-compacta\/#breadcrumb"},"inLanguage":"es","potentialAction":[{"@type":"ReadAction","target":["https:\/\/www.ritzbrasil.com\/es\/produtos\/cubiertas-de-goma-protectoras-y-aislantes\/cobertura-para-rdc-red-de-distribucion-compacta\/"]}]},{"@type":"ImageObject","inLanguage":"es","@id":"https:\/\/www.ritzbrasil.com\/es\/produtos\/cubiertas-de-goma-protectoras-y-aislantes\/cobertura-para-rdc-red-de-distribucion-compacta\/#primaryimage","url":"https:\/\/www.ritzbrasil.com\/wp-content\/uploads\/2024\/08\/cob11147-1-cobertura-rdc.jpg","contentUrl":"https:\/\/www.ritzbrasil.com\/wp-content\/uploads\/2024\/08\/cob11147-1-cobertura-rdc.jpg","width":1200,"height":1200,"caption":"COB11147-1 Cubierta RDC"},{"@type":"BreadcrumbList","@id":"https:\/\/www.ritzbrasil.com\/es\/produtos\/cubiertas-de-goma-protectoras-y-aislantes\/cobertura-para-rdc-red-de-distribucion-compacta\/#breadcrumb","itemListElement":[{"@type":"ListItem","position":1,"name":"In\u00edcio","item":"https:\/\/www.ritzbrasil.com\/es\/"},{"@type":"ListItem","position":2,"name":"Tienda","item":"https:\/\/www.ritzbrasil.com\/es\/tienda\/"},{"@type":"ListItem","position":3,"name":"Cobertura para Rdc (Red de Distribuci\u00f3n Compacta)"}]},{"@type":"WebSite","@id":"https:\/\/www.ritzbrasil.com\/es\/#website","url":"https:\/\/www.ritzbrasil.com\/es\/","name":"Equipamentos de Manuten\u00e7\u00e3o e Seguran\u00e7a para o Setor El\u00e9trico - Ritz Brasil","description":"","potentialAction":[{"@type":"SearchAction","target":{"@type":"EntryPoint","urlTemplate":"https:\/\/www.ritzbrasil.com\/es\/?s={search_term_string}"},"query-input":{"@type":"PropertyValueSpecification","valueRequired":true,"valueName":"search_term_string"}}],"inLanguage":"es"}]}},"_links":{"self":[{"href":"https:\/\/www.ritzbrasil.com\/es\/wp-json\/wp\/v2\/product\/61300","targetHints":{"allow":["GET"]}}],"collection":[{"href":"https:\/\/www.ritzbrasil.com\/es\/wp-json\/wp\/v2\/product"}],"about":[{"href":"https:\/\/www.ritzbrasil.com\/es\/wp-json\/wp\/v2\/types\/product"}],"wp:featuredmedia":[{"embeddable":true,"href":"https:\/\/www.ritzbrasil.com\/es\/wp-json\/wp\/v2\/media\/58051"}],"wp:attachment":[{"href":"https:\/\/www.ritzbrasil.com\/es\/wp-json\/wp\/v2\/media?parent=61300"}],"wp:term":[{"taxonomy":"product_brand","embeddable":true,"href":"https:\/\/www.ritzbrasil.com\/es\/wp-json\/wp\/v2\/product_brand?post=61300"},{"taxonomy":"product_cat","embeddable":true,"href":"https:\/\/www.ritzbrasil.com\/es\/wp-json\/wp\/v2\/product_cat?post=61300"},{"taxonomy":"product_tag","embeddable":true,"href":"https:\/\/www.ritzbrasil.com\/es\/wp-json\/wp\/v2\/product_tag?post=61300"}],"curies":[{"name":"wp","href":"https:\/\/api.w.org\/{rel}","templated":true}]}}