{"id":61298,"date":"2024-08-29T14:37:55","date_gmt":"2024-08-29T17:37:55","guid":{"rendered":"https:\/\/www.ritzbrasil.com\/produtos\/sin%20categor\u00eda\/tapa-para-el-conductor-secundario-bt\/"},"modified":"2026-02-25T17:05:19","modified_gmt":"2026-02-25T20:05:19","slug":"tapa-para-el-conductor-secundario-bt","status":"publish","type":"product","link":"https:\/\/www.ritzbrasil.com\/es\/produtos\/productos\/cubiertas-protectoras-aislantes-goma\/tapa-para-el-conductor-secundario-bt\/","title":{"rendered":"Tapa para el conductor secundario (BT)"},"content":{"rendered":"<div class=\"wpb-content-wrapper\"><p>[vc_row][vc_column][vc_column_text css=\u00bb.vc_custom_1724952616900{margin-top: 20px !important;}\u00bb]<\/p>\n<h4><span style=\"color: #ff9900;\"><strong>Tapa para el conductor secundario (BT)<\/strong><\/span><\/h4>\n<p>[\/vc_column_text][vc_column_text css=\u00bb.vc_custom_1725027072008{margin-top: -20px !important;}\u00bb]\n<div id=\"tablepress-Cobertura-Condutor-Secundrio-BT-scroll-wrapper\" class=\"tablepress-scroll-wrapper\">\n<table id=\"tablepress-Cobertura-Condutor-Secundrio-BT\" class=\"tablepress tablepress-id-Cobertura-Condutor-Secundrio-BT tablepress-responsive\">\n<thead>\n<tr class=\"row-1\">\n\t<td class=\"column-1\"><\/td><th class=\"column-2\">  Refer\u00eancias<\/th><th class=\"column-3\">Caracter\u00edstica<\/th><td class=\"column-4\"><\/td><td class=\"column-5\"><\/td>\n<\/tr>\n<\/thead>\n<tbody class=\"row-striping row-hover\">\n<tr class=\"row-2\">\n\t<td class=\"column-1\"><img decoding=\"async\" src=\"https:\/\/www.ritzbrasil.com\/wp-content\/uploads\/2024\/08\/cob03333-1-cobertura-condutor-secundario-bt-150x150-1.jpg\" \/><\/td><td class=\"column-2\">COB03333-1<\/td><td class=\"column-3\">Comprimento aprox. 1.320 mm<br \/>\nPeso Aprox.: 0,45 kg (0,99 lb)<\/td><td class=\"column-4\">    <button class=\"add-to-budget\" data-table-id=\"Cobertura-Condutor-Secund\u00e1rio-BT\" data-reference=\"COB03333-1\" data-description=\"Cobertura para Condutor Secund\u00e1rio (BT)\" style=\"color:#ff4d00;\">\n        <img decoding=\"async\" src=\"https:\/\/www.ritzbrasil.com\/\/wp-content\/uploads\/2024\/07\/orcar-compras-tabela-new-1.png\" alt=\"Solicitar cotizaci\u00f3n\" title=\"Solicitar cotizaci\u00f3n\" \/>\n    <\/button>\n    <\/td><td class=\"column-5\"><a href=\"https:\/\/lojasritz.com.br\/catalogsearch\/result\/?q=COB03333-1\" target=\"_blank\" rel=\"noopener\"><img decoding=\"async\" src=\"https:\/\/www.ritzbrasil.com\/wp-content\/uploads\/2024\/07\/carrinho-compras-tabela.png\"  \/><\/a><\/td>\n<\/tr>\n<\/tbody>\n<\/table>\n<\/div>\n[\/vc_column_text][vc_separator border_width=\u00bb2&#8243; css=\u00bb\u00bb][\/vc_column][\/vc_row]<\/p>\n<\/div>","protected":false},"excerpt":{"rendered":"<p>La Cubierta de Conductor Secundario (BT) se ha desarrollado para su instalaci\u00f3n temporal en redes secundarias de hasta \u00d8 25 mm, con el fin de evitar el contacto accidental de personas o herramientas con los conductores de baja tensi\u00f3n durante el mantenimiento en las proximidades del poste o incluso durante trabajos de media tensi\u00f3n.<\/p>\n<p>Una de sus grandes ventajas es que es ligero y puede acoplarse a otras unidades del mismo tipo mediante su sistema de encaje macho-hembra en los extremos, lo que permite aislar a lo largo de una gran longitud.<\/p>\n<p>Esta cubierta no tiene clips, por lo que debe instalarse en la red mediante el m\u00e9todo de contacto.<\/p>\n<p>Longitud aprox. 1.320 mm<br \/>\nPeso aprox.: 0,45 kg (0,99 lb)<\/p>\n","protected":false},"featured_media":58045,"template":"","meta":[],"product_brand":[],"product_cat":[3085],"product_tag":[3576,3575],"class_list":{"0":"post-61298","1":"product","2":"type-product","3":"status-publish","4":"has-post-thumbnail","6":"product_cat-cubiertas-protectoras-aislantes-goma","7":"product_tag-cob03333-1-es","8":"product_tag-tapa-para-el-conductor-secundario-bt","9":"description-off","11":"first","12":"instock","13":"virtual","14":"product-type-simple"},"yoast_head":"<!-- This site is optimized with the Yoast SEO plugin v27.1.1 - https:\/\/yoast.com\/product\/yoast-seo-wordpress\/ -->\n<title>Tapa para el conductor secundario (BT)<\/title>\n<meta name=\"description\" content=\"Tapa para Conductor Secundario (BT) de hasta \u00d8 25 mm para evitar el contacto accidental con conductores de baja tensi\u00f3n durante el mantenimiento cercano.\" \/>\n<meta name=\"robots\" content=\"index, follow, max-snippet:-1, max-image-preview:large, max-video-preview:-1\" \/>\n<link rel=\"canonical\" href=\"https:\/\/www.ritzbrasil.com\/es\/produtos\/productos\/cubiertas-protectoras-aislantes-goma\/tapa-para-el-conductor-secundario-bt\/\" \/>\n<meta property=\"og:locale\" content=\"es_ES\" \/>\n<meta property=\"og:type\" content=\"article\" \/>\n<meta property=\"og:title\" content=\"Tapa para el conductor secundario (BT)\" \/>\n<meta property=\"og:description\" content=\"Tapa para Conductor Secundario (BT) de hasta \u00d8 25 mm para evitar el contacto accidental con conductores de baja tensi\u00f3n durante el mantenimiento cercano.\" \/>\n<meta property=\"og:url\" content=\"https:\/\/www.ritzbrasil.com\/es\/produtos\/productos\/cubiertas-protectoras-aislantes-goma\/tapa-para-el-conductor-secundario-bt\/\" \/>\n<meta property=\"og:site_name\" content=\"Equipamentos de Manuten\u00e7\u00e3o e Seguran\u00e7a para o Setor El\u00e9trico - Ritz Brasil\" \/>\n<meta property=\"article:modified_time\" content=\"2026-02-25T20:05:19+00:00\" \/>\n<meta property=\"og:image\" content=\"https:\/\/www.ritzbrasil.com\/wp-content\/uploads\/2024\/08\/cob03333-1-cobertura-condutor-secundario-bt.jpg\" \/>\n\t<meta property=\"og:image:width\" content=\"1200\" \/>\n\t<meta property=\"og:image:height\" content=\"1200\" \/>\n\t<meta property=\"og:image:type\" content=\"image\/jpeg\" \/>\n<meta name=\"twitter:card\" content=\"summary_large_image\" \/>\n<meta name=\"twitter:label1\" content=\"Tiempo de lectura\" \/>\n\t<meta name=\"twitter:data1\" content=\"1 minuto\" \/>\n<script type=\"application\/ld+json\" class=\"yoast-schema-graph\">{\"@context\":\"https:\/\/schema.org\",\"@graph\":[{\"@type\":\"WebPage\",\"@id\":\"https:\/\/www.ritzbrasil.com\/es\/produtos\/productos\/cubiertas-protectoras-aislantes-goma\/tapa-para-el-conductor-secundario-bt\/\",\"url\":\"https:\/\/www.ritzbrasil.com\/es\/produtos\/productos\/cubiertas-protectoras-aislantes-goma\/tapa-para-el-conductor-secundario-bt\/\",\"name\":\"Tapa para el conductor secundario (BT)\",\"isPartOf\":{\"@id\":\"https:\/\/www.ritzbrasil.com\/es\/#website\"},\"primaryImageOfPage\":{\"@id\":\"https:\/\/www.ritzbrasil.com\/es\/produtos\/productos\/cubiertas-protectoras-aislantes-goma\/tapa-para-el-conductor-secundario-bt\/#primaryimage\"},\"image\":{\"@id\":\"https:\/\/www.ritzbrasil.com\/es\/produtos\/productos\/cubiertas-protectoras-aislantes-goma\/tapa-para-el-conductor-secundario-bt\/#primaryimage\"},\"thumbnailUrl\":\"https:\/\/www.ritzbrasil.com\/wp-content\/uploads\/2024\/08\/cob03333-1-cobertura-condutor-secundario-bt.jpg\",\"datePublished\":\"2024-08-29T17:37:55+00:00\",\"dateModified\":\"2026-02-25T20:05:19+00:00\",\"description\":\"Tapa para Conductor Secundario (BT) de hasta \u00d8 25 mm para evitar el contacto accidental con conductores de baja tensi\u00f3n durante el mantenimiento cercano.\",\"breadcrumb\":{\"@id\":\"https:\/\/www.ritzbrasil.com\/es\/produtos\/productos\/cubiertas-protectoras-aislantes-goma\/tapa-para-el-conductor-secundario-bt\/#breadcrumb\"},\"inLanguage\":\"es\",\"potentialAction\":[{\"@type\":\"ReadAction\",\"target\":[\"https:\/\/www.ritzbrasil.com\/es\/produtos\/productos\/cubiertas-protectoras-aislantes-goma\/tapa-para-el-conductor-secundario-bt\/\"]}]},{\"@type\":\"ImageObject\",\"inLanguage\":\"es\",\"@id\":\"https:\/\/www.ritzbrasil.com\/es\/produtos\/productos\/cubiertas-protectoras-aislantes-goma\/tapa-para-el-conductor-secundario-bt\/#primaryimage\",\"url\":\"https:\/\/www.ritzbrasil.com\/wp-content\/uploads\/2024\/08\/cob03333-1-cobertura-condutor-secundario-bt.jpg\",\"contentUrl\":\"https:\/\/www.ritzbrasil.com\/wp-content\/uploads\/2024\/08\/cob03333-1-cobertura-condutor-secundario-bt.jpg\",\"width\":1200,\"height\":1200,\"caption\":\"COB03333-1 Tapa para conductor secundario (BT)\"},{\"@type\":\"BreadcrumbList\",\"@id\":\"https:\/\/www.ritzbrasil.com\/es\/produtos\/productos\/cubiertas-protectoras-aislantes-goma\/tapa-para-el-conductor-secundario-bt\/#breadcrumb\",\"itemListElement\":[{\"@type\":\"ListItem\",\"position\":1,\"name\":\"In\u00edcio\",\"item\":\"https:\/\/www.ritzbrasil.com\/es\/\"},{\"@type\":\"ListItem\",\"position\":2,\"name\":\"Tienda\",\"item\":\"https:\/\/www.ritzbrasil.com\/es\/tienda\/\"},{\"@type\":\"ListItem\",\"position\":3,\"name\":\"Tapa para el conductor secundario (BT)\"}]},{\"@type\":\"WebSite\",\"@id\":\"https:\/\/www.ritzbrasil.com\/es\/#website\",\"url\":\"https:\/\/www.ritzbrasil.com\/es\/\",\"name\":\"Equipamentos de Manuten\u00e7\u00e3o e Seguran\u00e7a para o Setor El\u00e9trico - Ritz Brasil\",\"description\":\"\",\"potentialAction\":[{\"@type\":\"SearchAction\",\"target\":{\"@type\":\"EntryPoint\",\"urlTemplate\":\"https:\/\/www.ritzbrasil.com\/es\/?s={search_term_string}\"},\"query-input\":{\"@type\":\"PropertyValueSpecification\",\"valueRequired\":true,\"valueName\":\"search_term_string\"}}],\"inLanguage\":\"es\"}]}<\/script>\n<!-- \/ Yoast SEO plugin. -->","yoast_head_json":{"title":"Tapa para el conductor secundario (BT)","description":"Tapa para Conductor Secundario (BT) de hasta \u00d8 25 mm para evitar el contacto accidental con conductores de baja tensi\u00f3n durante el mantenimiento cercano.","robots":{"index":"index","follow":"follow","max-snippet":"max-snippet:-1","max-image-preview":"max-image-preview:large","max-video-preview":"max-video-preview:-1"},"canonical":"https:\/\/www.ritzbrasil.com\/es\/produtos\/productos\/cubiertas-protectoras-aislantes-goma\/tapa-para-el-conductor-secundario-bt\/","og_locale":"es_ES","og_type":"article","og_title":"Tapa para el conductor secundario (BT)","og_description":"Tapa para Conductor Secundario (BT) de hasta \u00d8 25 mm para evitar el contacto accidental con conductores de baja tensi\u00f3n durante el mantenimiento cercano.","og_url":"https:\/\/www.ritzbrasil.com\/es\/produtos\/productos\/cubiertas-protectoras-aislantes-goma\/tapa-para-el-conductor-secundario-bt\/","og_site_name":"Equipamentos de Manuten\u00e7\u00e3o e Seguran\u00e7a para o Setor El\u00e9trico - Ritz Brasil","article_modified_time":"2026-02-25T20:05:19+00:00","og_image":[{"width":1200,"height":1200,"url":"https:\/\/www.ritzbrasil.com\/wp-content\/uploads\/2024\/08\/cob03333-1-cobertura-condutor-secundario-bt.jpg","type":"image\/jpeg"}],"twitter_card":"summary_large_image","twitter_misc":{"Tiempo de lectura":"1 minuto"},"schema":{"@context":"https:\/\/schema.org","@graph":[{"@type":"WebPage","@id":"https:\/\/www.ritzbrasil.com\/es\/produtos\/productos\/cubiertas-protectoras-aislantes-goma\/tapa-para-el-conductor-secundario-bt\/","url":"https:\/\/www.ritzbrasil.com\/es\/produtos\/productos\/cubiertas-protectoras-aislantes-goma\/tapa-para-el-conductor-secundario-bt\/","name":"Tapa para el conductor secundario (BT)","isPartOf":{"@id":"https:\/\/www.ritzbrasil.com\/es\/#website"},"primaryImageOfPage":{"@id":"https:\/\/www.ritzbrasil.com\/es\/produtos\/productos\/cubiertas-protectoras-aislantes-goma\/tapa-para-el-conductor-secundario-bt\/#primaryimage"},"image":{"@id":"https:\/\/www.ritzbrasil.com\/es\/produtos\/productos\/cubiertas-protectoras-aislantes-goma\/tapa-para-el-conductor-secundario-bt\/#primaryimage"},"thumbnailUrl":"https:\/\/www.ritzbrasil.com\/wp-content\/uploads\/2024\/08\/cob03333-1-cobertura-condutor-secundario-bt.jpg","datePublished":"2024-08-29T17:37:55+00:00","dateModified":"2026-02-25T20:05:19+00:00","description":"Tapa para Conductor Secundario (BT) de hasta \u00d8 25 mm para evitar el contacto accidental con conductores de baja tensi\u00f3n durante el mantenimiento cercano.","breadcrumb":{"@id":"https:\/\/www.ritzbrasil.com\/es\/produtos\/productos\/cubiertas-protectoras-aislantes-goma\/tapa-para-el-conductor-secundario-bt\/#breadcrumb"},"inLanguage":"es","potentialAction":[{"@type":"ReadAction","target":["https:\/\/www.ritzbrasil.com\/es\/produtos\/productos\/cubiertas-protectoras-aislantes-goma\/tapa-para-el-conductor-secundario-bt\/"]}]},{"@type":"ImageObject","inLanguage":"es","@id":"https:\/\/www.ritzbrasil.com\/es\/produtos\/productos\/cubiertas-protectoras-aislantes-goma\/tapa-para-el-conductor-secundario-bt\/#primaryimage","url":"https:\/\/www.ritzbrasil.com\/wp-content\/uploads\/2024\/08\/cob03333-1-cobertura-condutor-secundario-bt.jpg","contentUrl":"https:\/\/www.ritzbrasil.com\/wp-content\/uploads\/2024\/08\/cob03333-1-cobertura-condutor-secundario-bt.jpg","width":1200,"height":1200,"caption":"COB03333-1 Tapa para conductor secundario (BT)"},{"@type":"BreadcrumbList","@id":"https:\/\/www.ritzbrasil.com\/es\/produtos\/productos\/cubiertas-protectoras-aislantes-goma\/tapa-para-el-conductor-secundario-bt\/#breadcrumb","itemListElement":[{"@type":"ListItem","position":1,"name":"In\u00edcio","item":"https:\/\/www.ritzbrasil.com\/es\/"},{"@type":"ListItem","position":2,"name":"Tienda","item":"https:\/\/www.ritzbrasil.com\/es\/tienda\/"},{"@type":"ListItem","position":3,"name":"Tapa para el conductor secundario (BT)"}]},{"@type":"WebSite","@id":"https:\/\/www.ritzbrasil.com\/es\/#website","url":"https:\/\/www.ritzbrasil.com\/es\/","name":"Equipamentos de Manuten\u00e7\u00e3o e Seguran\u00e7a para o Setor El\u00e9trico - Ritz Brasil","description":"","potentialAction":[{"@type":"SearchAction","target":{"@type":"EntryPoint","urlTemplate":"https:\/\/www.ritzbrasil.com\/es\/?s={search_term_string}"},"query-input":{"@type":"PropertyValueSpecification","valueRequired":true,"valueName":"search_term_string"}}],"inLanguage":"es"}]}},"_links":{"self":[{"href":"https:\/\/www.ritzbrasil.com\/es\/wp-json\/wp\/v2\/product\/61298","targetHints":{"allow":["GET"]}}],"collection":[{"href":"https:\/\/www.ritzbrasil.com\/es\/wp-json\/wp\/v2\/product"}],"about":[{"href":"https:\/\/www.ritzbrasil.com\/es\/wp-json\/wp\/v2\/types\/product"}],"wp:featuredmedia":[{"embeddable":true,"href":"https:\/\/www.ritzbrasil.com\/es\/wp-json\/wp\/v2\/media\/58045"}],"wp:attachment":[{"href":"https:\/\/www.ritzbrasil.com\/es\/wp-json\/wp\/v2\/media?parent=61298"}],"wp:term":[{"taxonomy":"product_brand","embeddable":true,"href":"https:\/\/www.ritzbrasil.com\/es\/wp-json\/wp\/v2\/product_brand?post=61298"},{"taxonomy":"product_cat","embeddable":true,"href":"https:\/\/www.ritzbrasil.com\/es\/wp-json\/wp\/v2\/product_cat?post=61298"},{"taxonomy":"product_tag","embeddable":true,"href":"https:\/\/www.ritzbrasil.com\/es\/wp-json\/wp\/v2\/product_tag?post=61298"}],"curies":[{"name":"wp","href":"https:\/\/api.w.org\/{rel}","templated":true}]}}