{"id":61288,"date":"2024-08-29T09:26:46","date_gmt":"2024-08-29T12:26:46","guid":{"rendered":"https:\/\/www.ritzbrasil.com\/?post_type=product&#038;p=61288"},"modified":"2026-02-25T17:05:43","modified_gmt":"2026-02-25T20:05:43","slug":"tapa-superior-del-mastil-2","status":"publish","type":"product","link":"https:\/\/www.ritzbrasil.com\/es\/produtos\/cubiertas-de-goma-protectoras-y-aislantes\/tapa-superior-del-mastil-2\/","title":{"rendered":"Tapa superior del m\u00e1stil"},"content":{"rendered":"<div class=\"wpb-content-wrapper\"><p>[vc_row][vc_column][vc_column_text css=\u00bb.vc_custom_1724933893099{margin-top: 20px !important;}\u00bb]<\/p>\n<h4><span style=\"color: #ff9900;\"><strong>Tapa superior del m\u00e1stil<\/strong><\/span><\/h4>\n<p>[\/vc_column_text][vc_column_text css=\u00bb.vc_custom_1769524664400{margin-top: -20px !important;}\u00bb]\n<div id=\"tablepress-RC406-0097-ES-scroll-wrapper\" class=\"tablepress-scroll-wrapper\">\n<table id=\"tablepress-RC406-0097-ES\" class=\"tablepress tablepress-id-RC406-0097-ES tablepress-responsive\">\n<thead>\n<tr class=\"row-1\">\n\t<td class=\"column-1\"><\/td><th class=\"column-2\">Referencias<\/th><th class=\"column-3\">Caracter\u00edstica<\/th><td class=\"column-4\"><\/td>\n<\/tr>\n<\/thead>\n<tbody class=\"row-striping row-hover\">\n<tr class=\"row-2\">\n\t<td class=\"column-1\"><img decoding=\"async\" src=\"https:\/\/www.ritzbrasil.com\/wp-content\/uploads\/2024\/08\/rc406-0097-cobertura-topo-poste-150x150-1.jpg\" \/><\/td><td class=\"column-2\">RC406-0097<\/td><td class=\"column-3\">Se utiliza para proteger la parte superior del poste durante la instalaci\u00f3n y el desmontaje del lazo de amarre.<br \/>\n<br \/>\nCompatible con postes de hasta \u00d8 254 mm. Incluye un cord\u00f3n el\u00e1stico para facilitar su fijaci\u00f3n.<br \/>\n<br \/>\nPeso aproximado: 2,10 (4,63 lb)<\/td><td class=\"column-4\">    <button class=\"add-to-budget\" data-table-id=\"RC406-0097\" data-reference=\"RC406-0097\" data-description=\"Tapa superior del m\u00e1stil\" style=\"color:#ff4d00;\">\n        <img decoding=\"async\" src=\"https:\/\/www.ritzbrasil.com\/\/wp-content\/uploads\/2024\/07\/orcar-compras-tabela-new-1.png\" alt=\"Solicitar cotizaci\u00f3n\" title=\"Solicitar cotizaci\u00f3n\" \/>\n    <\/button>\n    <\/td>\n<\/tr>\n<\/tbody>\n<\/table>\n<\/div>\n[\/vc_column_text][vc_separator border_width=\u00bb2&#8243; css=\u00bb\u00bb][\/vc_column][\/vc_row]<\/p>\n<\/div>","protected":false},"excerpt":{"rendered":"<p>Se utiliza para proteger la parte superior del poste durante la instalaci\u00f3n y retirada del lazo de amarre.<br \/>\nSe adapta a postes de hasta \u00d8 254 mm. Tiene una cuerda el\u00e1stica para ayudar a fijarlo en su sitio.<\/p>\n","protected":false},"featured_media":57951,"template":"","meta":[],"product_brand":[],"product_cat":[3085],"product_tag":[3513,3512],"class_list":{"0":"post-61288","1":"product","2":"type-product","3":"status-publish","4":"has-post-thumbnail","6":"product_cat-cubiertas-de-goma-protectoras-y-aislantes","7":"product_tag-rc406-0097-es","8":"product_tag-tapa-superior-del-mastil","9":"description-off","11":"first","12":"instock","13":"virtual","14":"product-type-simple"},"yoast_head":"<!-- This site is optimized with the Yoast SEO plugin v27.1.1 - https:\/\/yoast.com\/product\/yoast-seo-wordpress\/ -->\n<title>Tapa superior del m\u00e1stil<\/title>\n<meta name=\"description\" content=\"Cubierta utilizada para proteger la parte superior del poste durante la instalaci\u00f3n y retirada del lazo de amarre. Se adapta a postes de hasta \u00d8 254 mm.\" \/>\n<meta name=\"robots\" content=\"index, follow, max-snippet:-1, max-image-preview:large, max-video-preview:-1\" \/>\n<link rel=\"canonical\" href=\"https:\/\/www.ritzbrasil.com\/es\/produtos\/cubiertas-de-goma-protectoras-y-aislantes\/tapa-superior-del-mastil-2\/\" \/>\n<meta property=\"og:locale\" content=\"es_ES\" \/>\n<meta property=\"og:type\" content=\"article\" \/>\n<meta property=\"og:title\" content=\"Tapa superior del m\u00e1stil\" \/>\n<meta property=\"og:description\" content=\"Cubierta utilizada para proteger la parte superior del poste durante la instalaci\u00f3n y retirada del lazo de amarre. Se adapta a postes de hasta \u00d8 254 mm.\" \/>\n<meta property=\"og:url\" content=\"https:\/\/www.ritzbrasil.com\/es\/produtos\/cubiertas-de-goma-protectoras-y-aislantes\/tapa-superior-del-mastil-2\/\" \/>\n<meta property=\"og:site_name\" content=\"Equipamentos de Manuten\u00e7\u00e3o e Seguran\u00e7a para o Setor El\u00e9trico - Ritz Brasil\" \/>\n<meta property=\"article:modified_time\" content=\"2026-02-25T20:05:43+00:00\" \/>\n<meta property=\"og:image\" content=\"https:\/\/www.ritzbrasil.com\/wp-content\/uploads\/2024\/08\/rc406-0097-cobertura-topo-poste.jpg\" \/>\n\t<meta property=\"og:image:width\" content=\"1200\" \/>\n\t<meta property=\"og:image:height\" content=\"1200\" \/>\n\t<meta property=\"og:image:type\" content=\"image\/jpeg\" \/>\n<meta name=\"twitter:card\" content=\"summary_large_image\" \/>\n<meta name=\"twitter:label1\" content=\"Tiempo de lectura\" \/>\n\t<meta name=\"twitter:data1\" content=\"1 minuto\" \/>\n<script type=\"application\/ld+json\" class=\"yoast-schema-graph\">{\"@context\":\"https:\/\/schema.org\",\"@graph\":[{\"@type\":\"WebPage\",\"@id\":\"https:\/\/www.ritzbrasil.com\/es\/produtos\/cubiertas-de-goma-protectoras-y-aislantes\/tapa-superior-del-mastil-2\/\",\"url\":\"https:\/\/www.ritzbrasil.com\/es\/produtos\/cubiertas-de-goma-protectoras-y-aislantes\/tapa-superior-del-mastil-2\/\",\"name\":\"Tapa superior del m\u00e1stil\",\"isPartOf\":{\"@id\":\"https:\/\/www.ritzbrasil.com\/es\/#website\"},\"primaryImageOfPage\":{\"@id\":\"https:\/\/www.ritzbrasil.com\/es\/produtos\/cubiertas-de-goma-protectoras-y-aislantes\/tapa-superior-del-mastil-2\/#primaryimage\"},\"image\":{\"@id\":\"https:\/\/www.ritzbrasil.com\/es\/produtos\/cubiertas-de-goma-protectoras-y-aislantes\/tapa-superior-del-mastil-2\/#primaryimage\"},\"thumbnailUrl\":\"https:\/\/www.ritzbrasil.com\/wp-content\/uploads\/2024\/08\/rc406-0097-cobertura-topo-poste.jpg\",\"datePublished\":\"2024-08-29T12:26:46+00:00\",\"dateModified\":\"2026-02-25T20:05:43+00:00\",\"description\":\"Cubierta utilizada para proteger la parte superior del poste durante la instalaci\u00f3n y retirada del lazo de amarre. Se adapta a postes de hasta \u00d8 254 mm.\",\"breadcrumb\":{\"@id\":\"https:\/\/www.ritzbrasil.com\/es\/produtos\/cubiertas-de-goma-protectoras-y-aislantes\/tapa-superior-del-mastil-2\/#breadcrumb\"},\"inLanguage\":\"es\",\"potentialAction\":[{\"@type\":\"ReadAction\",\"target\":[\"https:\/\/www.ritzbrasil.com\/es\/produtos\/cubiertas-de-goma-protectoras-y-aislantes\/tapa-superior-del-mastil-2\/\"]}]},{\"@type\":\"ImageObject\",\"inLanguage\":\"es\",\"@id\":\"https:\/\/www.ritzbrasil.com\/es\/produtos\/cubiertas-de-goma-protectoras-y-aislantes\/tapa-superior-del-mastil-2\/#primaryimage\",\"url\":\"https:\/\/www.ritzbrasil.com\/wp-content\/uploads\/2024\/08\/rc406-0097-cobertura-topo-poste.jpg\",\"contentUrl\":\"https:\/\/www.ritzbrasil.com\/wp-content\/uploads\/2024\/08\/rc406-0097-cobertura-topo-poste.jpg\",\"width\":1200,\"height\":1200,\"caption\":\"RC406-0097 Tapa superior del poste\"},{\"@type\":\"BreadcrumbList\",\"@id\":\"https:\/\/www.ritzbrasil.com\/es\/produtos\/cubiertas-de-goma-protectoras-y-aislantes\/tapa-superior-del-mastil-2\/#breadcrumb\",\"itemListElement\":[{\"@type\":\"ListItem\",\"position\":1,\"name\":\"In\u00edcio\",\"item\":\"https:\/\/www.ritzbrasil.com\/es\/\"},{\"@type\":\"ListItem\",\"position\":2,\"name\":\"Tienda\",\"item\":\"https:\/\/www.ritzbrasil.com\/es\/tienda\/\"},{\"@type\":\"ListItem\",\"position\":3,\"name\":\"Tapa superior del m\u00e1stil\"}]},{\"@type\":\"WebSite\",\"@id\":\"https:\/\/www.ritzbrasil.com\/es\/#website\",\"url\":\"https:\/\/www.ritzbrasil.com\/es\/\",\"name\":\"Equipamentos de Manuten\u00e7\u00e3o e Seguran\u00e7a para o Setor El\u00e9trico - Ritz Brasil\",\"description\":\"\",\"potentialAction\":[{\"@type\":\"SearchAction\",\"target\":{\"@type\":\"EntryPoint\",\"urlTemplate\":\"https:\/\/www.ritzbrasil.com\/es\/?s={search_term_string}\"},\"query-input\":{\"@type\":\"PropertyValueSpecification\",\"valueRequired\":true,\"valueName\":\"search_term_string\"}}],\"inLanguage\":\"es\"}]}<\/script>\n<!-- \/ Yoast SEO plugin. -->","yoast_head_json":{"title":"Tapa superior del m\u00e1stil","description":"Cubierta utilizada para proteger la parte superior del poste durante la instalaci\u00f3n y retirada del lazo de amarre. Se adapta a postes de hasta \u00d8 254 mm.","robots":{"index":"index","follow":"follow","max-snippet":"max-snippet:-1","max-image-preview":"max-image-preview:large","max-video-preview":"max-video-preview:-1"},"canonical":"https:\/\/www.ritzbrasil.com\/es\/produtos\/cubiertas-de-goma-protectoras-y-aislantes\/tapa-superior-del-mastil-2\/","og_locale":"es_ES","og_type":"article","og_title":"Tapa superior del m\u00e1stil","og_description":"Cubierta utilizada para proteger la parte superior del poste durante la instalaci\u00f3n y retirada del lazo de amarre. Se adapta a postes de hasta \u00d8 254 mm.","og_url":"https:\/\/www.ritzbrasil.com\/es\/produtos\/cubiertas-de-goma-protectoras-y-aislantes\/tapa-superior-del-mastil-2\/","og_site_name":"Equipamentos de Manuten\u00e7\u00e3o e Seguran\u00e7a para o Setor El\u00e9trico - Ritz Brasil","article_modified_time":"2026-02-25T20:05:43+00:00","og_image":[{"width":1200,"height":1200,"url":"https:\/\/www.ritzbrasil.com\/wp-content\/uploads\/2024\/08\/rc406-0097-cobertura-topo-poste.jpg","type":"image\/jpeg"}],"twitter_card":"summary_large_image","twitter_misc":{"Tiempo de lectura":"1 minuto"},"schema":{"@context":"https:\/\/schema.org","@graph":[{"@type":"WebPage","@id":"https:\/\/www.ritzbrasil.com\/es\/produtos\/cubiertas-de-goma-protectoras-y-aislantes\/tapa-superior-del-mastil-2\/","url":"https:\/\/www.ritzbrasil.com\/es\/produtos\/cubiertas-de-goma-protectoras-y-aislantes\/tapa-superior-del-mastil-2\/","name":"Tapa superior del m\u00e1stil","isPartOf":{"@id":"https:\/\/www.ritzbrasil.com\/es\/#website"},"primaryImageOfPage":{"@id":"https:\/\/www.ritzbrasil.com\/es\/produtos\/cubiertas-de-goma-protectoras-y-aislantes\/tapa-superior-del-mastil-2\/#primaryimage"},"image":{"@id":"https:\/\/www.ritzbrasil.com\/es\/produtos\/cubiertas-de-goma-protectoras-y-aislantes\/tapa-superior-del-mastil-2\/#primaryimage"},"thumbnailUrl":"https:\/\/www.ritzbrasil.com\/wp-content\/uploads\/2024\/08\/rc406-0097-cobertura-topo-poste.jpg","datePublished":"2024-08-29T12:26:46+00:00","dateModified":"2026-02-25T20:05:43+00:00","description":"Cubierta utilizada para proteger la parte superior del poste durante la instalaci\u00f3n y retirada del lazo de amarre. Se adapta a postes de hasta \u00d8 254 mm.","breadcrumb":{"@id":"https:\/\/www.ritzbrasil.com\/es\/produtos\/cubiertas-de-goma-protectoras-y-aislantes\/tapa-superior-del-mastil-2\/#breadcrumb"},"inLanguage":"es","potentialAction":[{"@type":"ReadAction","target":["https:\/\/www.ritzbrasil.com\/es\/produtos\/cubiertas-de-goma-protectoras-y-aislantes\/tapa-superior-del-mastil-2\/"]}]},{"@type":"ImageObject","inLanguage":"es","@id":"https:\/\/www.ritzbrasil.com\/es\/produtos\/cubiertas-de-goma-protectoras-y-aislantes\/tapa-superior-del-mastil-2\/#primaryimage","url":"https:\/\/www.ritzbrasil.com\/wp-content\/uploads\/2024\/08\/rc406-0097-cobertura-topo-poste.jpg","contentUrl":"https:\/\/www.ritzbrasil.com\/wp-content\/uploads\/2024\/08\/rc406-0097-cobertura-topo-poste.jpg","width":1200,"height":1200,"caption":"RC406-0097 Tapa superior del poste"},{"@type":"BreadcrumbList","@id":"https:\/\/www.ritzbrasil.com\/es\/produtos\/cubiertas-de-goma-protectoras-y-aislantes\/tapa-superior-del-mastil-2\/#breadcrumb","itemListElement":[{"@type":"ListItem","position":1,"name":"In\u00edcio","item":"https:\/\/www.ritzbrasil.com\/es\/"},{"@type":"ListItem","position":2,"name":"Tienda","item":"https:\/\/www.ritzbrasil.com\/es\/tienda\/"},{"@type":"ListItem","position":3,"name":"Tapa superior del m\u00e1stil"}]},{"@type":"WebSite","@id":"https:\/\/www.ritzbrasil.com\/es\/#website","url":"https:\/\/www.ritzbrasil.com\/es\/","name":"Equipamentos de Manuten\u00e7\u00e3o e Seguran\u00e7a para o Setor El\u00e9trico - Ritz Brasil","description":"","potentialAction":[{"@type":"SearchAction","target":{"@type":"EntryPoint","urlTemplate":"https:\/\/www.ritzbrasil.com\/es\/?s={search_term_string}"},"query-input":{"@type":"PropertyValueSpecification","valueRequired":true,"valueName":"search_term_string"}}],"inLanguage":"es"}]}},"_links":{"self":[{"href":"https:\/\/www.ritzbrasil.com\/es\/wp-json\/wp\/v2\/product\/61288","targetHints":{"allow":["GET"]}}],"collection":[{"href":"https:\/\/www.ritzbrasil.com\/es\/wp-json\/wp\/v2\/product"}],"about":[{"href":"https:\/\/www.ritzbrasil.com\/es\/wp-json\/wp\/v2\/types\/product"}],"wp:featuredmedia":[{"embeddable":true,"href":"https:\/\/www.ritzbrasil.com\/es\/wp-json\/wp\/v2\/media\/57951"}],"wp:attachment":[{"href":"https:\/\/www.ritzbrasil.com\/es\/wp-json\/wp\/v2\/media?parent=61288"}],"wp:term":[{"taxonomy":"product_brand","embeddable":true,"href":"https:\/\/www.ritzbrasil.com\/es\/wp-json\/wp\/v2\/product_brand?post=61288"},{"taxonomy":"product_cat","embeddable":true,"href":"https:\/\/www.ritzbrasil.com\/es\/wp-json\/wp\/v2\/product_cat?post=61288"},{"taxonomy":"product_tag","embeddable":true,"href":"https:\/\/www.ritzbrasil.com\/es\/wp-json\/wp\/v2\/product_tag?post=61288"}],"curies":[{"name":"wp","href":"https:\/\/api.w.org\/{rel}","templated":true}]}}