{"id":61280,"date":"2024-09-05T09:22:47","date_gmt":"2024-09-05T12:22:47","guid":{"rendered":"https:\/\/www.ritzbrasil.com\/produtos\/sin%20categor\u00eda\/escalera-a\/"},"modified":"2026-02-25T17:03:54","modified_gmt":"2026-02-25T20:03:54","slug":"escalera-a","status":"publish","type":"product","link":"https:\/\/www.ritzbrasil.com\/es\/produtos\/escaleras-plataformas-y-andamios-aislados\/escalera-a\/","title":{"rendered":"Escalera \u00abA"},"content":{"rendered":"<div class=\"wpb-content-wrapper\"><p>[vc_row][vc_column][vc_column_text css=\u00bb.vc_custom_1725538806653{margin-top: 20px !important;}\u00bb]<\/p>\n<h4><span style=\"color: #ff9900;\"><strong>Doble<\/strong><\/span><\/h4>\n<p>Con escalones a ambos lados.[\/vc_column_text][vc_column_text css=\u00bb.vc_custom_1725628892949{margin-top: -20px !important;}\u00bb]\n<div id=\"tablepress-Escada-em-A-dupla-scroll-wrapper\" class=\"tablepress-scroll-wrapper\">\n<table id=\"tablepress-Escada-em-A-dupla\" class=\"tablepress tablepress-id-Escada-em-A-dupla tablepress-responsive\">\n<thead>\n<tr class=\"row-1\">\n\t<td class=\"column-1\"><\/td><th class=\"column-2\">  Refer\u00eancias<\/th><th class=\"column-3\">Caracter\u00edstica<\/th><td class=\"column-4\"><\/td><td class=\"column-5\"><\/td>\n<\/tr>\n<\/thead>\n<tbody class=\"row-striping row-hover\">\n<tr class=\"row-2\">\n\t<td class=\"column-1\"><img decoding=\"async\" src=\"https:\/\/www.ritzbrasil.com\/wp-content\/uploads\/2024\/09\/escada-a-150x150-1.jpg\" \/><\/td><td class=\"column-2\">EA\/PR-12\/PD<\/td><td class=\"column-3\"><\/td><td class=\"column-4\">    <button class=\"add-to-budget\" data-table-id=\"Escada-em-A-dupla\" data-reference=\"EA\/PR-12\/PD\" data-description=\"Escada em \u201cA\u201d Dupla\" style=\"color:#ff4d00;\">\n        <img decoding=\"async\" src=\"https:\/\/www.ritzbrasil.com\/\/wp-content\/uploads\/2024\/07\/orcar-compras-tabela-new-1.png\" alt=\"Solicitar cotizaci\u00f3n\" title=\"Solicitar cotizaci\u00f3n\" \/>\n    <\/button>\n    <\/td><td class=\"column-5\"><a href=\"https:\/\/lojasritz.com.br\/catalogsearch\/result\/?q=EA\/PR-12\/PD\" target=\"_blank\" rel=\"noopener\"><img decoding=\"async\" src=\"https:\/\/www.ritzbrasil.com\/wp-content\/uploads\/2024\/07\/carrinho-compras-tabela.png\"  \/><\/a><\/td>\n<\/tr>\n<tr class=\"row-3\">\n\t<td class=\"column-1\"><img decoding=\"async\" src=\"https:\/\/www.ritzbrasil.com\/wp-content\/uploads\/2024\/09\/escada-a-150x150-1.jpg\" \/><\/td><td class=\"column-2\">EA\/PR-15\/PD<\/td><td class=\"column-3\"><\/td><td class=\"column-4\">    <button class=\"add-to-budget\" data-table-id=\"Escada-em-A-dupla\" data-reference=\"EA\/PR-15\/PD\" data-description=\"Escada em \u201cA\u201d Dupla\" style=\"color:#ff4d00;\">\n        <img decoding=\"async\" src=\"https:\/\/www.ritzbrasil.com\/\/wp-content\/uploads\/2024\/07\/orcar-compras-tabela-new-1.png\" alt=\"Solicitar cotizaci\u00f3n\" title=\"Solicitar cotizaci\u00f3n\" \/>\n    <\/button>\n    <\/td><td class=\"column-5\"><a href=\"https:\/\/lojasritz.com.br\/catalogsearch\/result\/?q=EA\/PR-15\/PD\" target=\"_blank\" rel=\"noopener\"><img decoding=\"async\" src=\"https:\/\/www.ritzbrasil.com\/wp-content\/uploads\/2024\/07\/carrinho-compras-tabela.png\"  \/><\/a><\/td>\n<\/tr>\n<tr class=\"row-4\">\n\t<td class=\"column-1\"><img decoding=\"async\" src=\"https:\/\/www.ritzbrasil.com\/wp-content\/uploads\/2024\/09\/escada-a-150x150-1.jpg\" \/><\/td><td class=\"column-2\">EA\/PR-21\/PD<\/td><td class=\"column-3\"><\/td><td class=\"column-4\">    <button class=\"add-to-budget\" data-table-id=\"Escada-em-A-dupla\" data-reference=\"EA\/PR-21\/PD\" data-description=\"Escada em \u201cA\u201d Dupla\" style=\"color:#ff4d00;\">\n        <img decoding=\"async\" src=\"https:\/\/www.ritzbrasil.com\/\/wp-content\/uploads\/2024\/07\/orcar-compras-tabela-new-1.png\" alt=\"Solicitar cotizaci\u00f3n\" title=\"Solicitar cotizaci\u00f3n\" \/>\n    <\/button>\n    <\/td><td class=\"column-5\"><a href=\"https:\/\/lojasritz.com.br\/catalogsearch\/result\/?q=EA\/PR-21\/PD\" target=\"_blank\" rel=\"noopener\"><img decoding=\"async\" src=\"https:\/\/www.ritzbrasil.com\/wp-content\/uploads\/2024\/07\/carrinho-compras-tabela.png\"  \/><\/a><\/td>\n<\/tr>\n<tr class=\"row-5\">\n\t<td class=\"column-1\"><img decoding=\"async\" src=\"https:\/\/www.ritzbrasil.com\/wp-content\/uploads\/2024\/09\/escada-a-150x150-1.jpg\" \/><\/td><td class=\"column-2\">EA\/PR-27\/PD<\/td><td class=\"column-3\"><\/td><td class=\"column-4\">    <button class=\"add-to-budget\" data-table-id=\"Escada-em-A-dupla\" data-reference=\"EA\/PR-27\/PD\" data-description=\"Escada em \u201cA\u201d Dupla\" style=\"color:#ff4d00;\">\n        <img decoding=\"async\" src=\"https:\/\/www.ritzbrasil.com\/\/wp-content\/uploads\/2024\/07\/orcar-compras-tabela-new-1.png\" alt=\"Solicitar cotizaci\u00f3n\" title=\"Solicitar cotizaci\u00f3n\" \/>\n    <\/button>\n    <\/td><td class=\"column-5\"><a href=\"https:\/\/lojasritz.com.br\/catalogsearch\/result\/?q=EA\/PR-27\/PD\" target=\"_blank\" rel=\"noopener\"><img decoding=\"async\" src=\"https:\/\/www.ritzbrasil.com\/wp-content\/uploads\/2024\/07\/carrinho-compras-tabela.png\"  \/><\/a><\/td>\n<\/tr>\n<tr class=\"row-6\">\n\t<td class=\"column-1\"><img decoding=\"async\" src=\"https:\/\/www.ritzbrasil.com\/wp-content\/uploads\/2024\/09\/escada-a-150x150-1.jpg\" \/><\/td><td class=\"column-2\">EA\/PR-34\/PD<\/td><td class=\"column-3\"><\/td><td class=\"column-4\">    <button class=\"add-to-budget\" data-table-id=\"Escada-em-A-dupla\" data-reference=\"EA\/PR-34\/PD\" data-description=\"Escada em \u201cA\u201d Dupla\" style=\"color:#ff4d00;\">\n        <img decoding=\"async\" src=\"https:\/\/www.ritzbrasil.com\/\/wp-content\/uploads\/2024\/07\/orcar-compras-tabela-new-1.png\" alt=\"Solicitar cotizaci\u00f3n\" title=\"Solicitar cotizaci\u00f3n\" \/>\n    <\/button>\n    <\/td><td class=\"column-5\"><a href=\"https:\/\/lojasritz.com.br\/catalogsearch\/result\/?q=EA\/PR-34\/PD\" target=\"_blank\" rel=\"noopener\"><img decoding=\"async\" src=\"https:\/\/www.ritzbrasil.com\/wp-content\/uploads\/2024\/07\/carrinho-compras-tabela.png\"  \/><\/a><\/td>\n<\/tr>\n<tr class=\"row-7\">\n\t<td class=\"column-1\"><img decoding=\"async\" src=\"https:\/\/www.ritzbrasil.com\/wp-content\/uploads\/2024\/09\/escada-a-150x150-1.jpg\" \/><\/td><td class=\"column-2\">EA\/PR-40\/PD<\/td><td class=\"column-3\"><\/td><td class=\"column-4\">    <button class=\"add-to-budget\" data-table-id=\"Escada-em-A-dupla\" data-reference=\"EA\/PR-40\/PD\" data-description=\"Escada em \u201cA\u201d Dupla\" style=\"color:#ff4d00;\">\n        <img decoding=\"async\" src=\"https:\/\/www.ritzbrasil.com\/\/wp-content\/uploads\/2024\/07\/orcar-compras-tabela-new-1.png\" alt=\"Solicitar cotizaci\u00f3n\" title=\"Solicitar cotizaci\u00f3n\" \/>\n    <\/button>\n    <\/td><td class=\"column-5\"><a href=\"https:\/\/lojasritz.com.br\/catalogsearch\/result\/?q=EA\/PR-40\/PD\" target=\"_blank\" rel=\"noopener\"><img decoding=\"async\" src=\"https:\/\/www.ritzbrasil.com\/wp-content\/uploads\/2024\/07\/carrinho-compras-tabela.png\"  \/><\/a><\/td>\n<\/tr>\n<tr class=\"row-8\">\n\t<td class=\"column-1\"><img decoding=\"async\" src=\"https:\/\/www.ritzbrasil.com\/wp-content\/uploads\/2024\/09\/escada-a-150x150-1.jpg\" \/><\/td><td class=\"column-2\">EA\/PR-52\/PD<\/td><td class=\"column-3\"><\/td><td class=\"column-4\">    <button class=\"add-to-budget\" data-table-id=\"Escada-em-A-dupla\" data-reference=\"EA\/PR-52\/PD\" data-description=\"Escada em \u201cA\u201d Dupla\" style=\"color:#ff4d00;\">\n        <img decoding=\"async\" src=\"https:\/\/www.ritzbrasil.com\/\/wp-content\/uploads\/2024\/07\/orcar-compras-tabela-new-1.png\" alt=\"Solicitar cotizaci\u00f3n\" title=\"Solicitar cotizaci\u00f3n\" \/>\n    <\/button>\n    <\/td><td class=\"column-5\"><a href=\"https:\/\/lojasritz.com.br\/catalogsearch\/result\/?q=EA\/PR-52\/PD\" target=\"_blank\" rel=\"noopener\"><img decoding=\"async\" src=\"https:\/\/www.ritzbrasil.com\/wp-content\/uploads\/2024\/07\/carrinho-compras-tabela.png\"  \/><\/a><\/td>\n<\/tr>\n<\/tbody>\n<\/table>\n<\/div>\n[\/vc_column_text][vc_column_text css=\u00bb.vc_custom_1725538839246{margin-top: -20px !important;}\u00bb]Distancia entre pelda\u00f1os: 305 mm[\/vc_column_text][vc_separator border_width=\u00bb2&#8243; css=\u00bb\u00bb][\/vc_column][\/vc_row]<\/p>\n<\/div>","protected":false},"excerpt":{"rendered":"<h4><span style=\"color: #ff9900;\"><strong>Escalera \u00abA<\/strong><\/span><\/h4>\n<p>Destinada a trabajos de mantenimiento en estructuras sin tensi\u00f3n. Formado por segmentos articulados en el extremo superior, con un limitador de apertura en. Dispone de un tablero en el extremo superior para colocar herramientas y otros objetos.<\/p>\n<p>Capacidad nominal de trabajo: 136 daN (300 lb)<br \/>\nPara las escaleras \u00abA\u00bb (categor\u00eda pesada) suministradas con tirantes de fibra de vidrio, con \u00d8 3\/8&#8243; en el centro de los pelda\u00f1os, hay que a\u00f1adir el sufijo \u00ab\/TR\u00bb a su referencia.<\/p>\n<p>Ejemplo: EA\/PR-21\/PD\/TR<\/p>\n","protected":false},"featured_media":58293,"template":"","meta":[],"product_brand":[],"product_cat":[2774],"product_tag":[3435,3436,3437,3438,3439,3440,3441],"class_list":{"0":"post-61280","1":"product","2":"type-product","3":"status-publish","4":"has-post-thumbnail","6":"product_cat-escaleras-plataformas-y-andamios-aislados","7":"product_tag-ea-pr-12-pd-es","8":"product_tag-ea-pr-15-pd-es","9":"product_tag-ea-pr-21-pd-es","10":"product_tag-ea-pr-27-pd-es","11":"product_tag-ea-pr-34-pd-es","12":"product_tag-ea-pr-40-pd-es","13":"product_tag-ea-pr-52-pd-es","14":"description-off","16":"first","17":"instock","18":"virtual","19":"product-type-simple"},"yoast_head":"<!-- This site is optimized with the Yoast SEO plugin v27.1.1 - https:\/\/yoast.com\/product\/yoast-seo-wordpress\/ -->\n<title>Escalera &quot;A<\/title>\n<meta name=\"description\" content=\"Escalera &quot;A&quot; articulada para trabajos de mantenimiento en estructuras sin tensi\u00f3n, con tablero de herramientas en el extremo superior y limitador de apertura.\" \/>\n<meta name=\"robots\" content=\"index, follow, max-snippet:-1, max-image-preview:large, max-video-preview:-1\" \/>\n<link rel=\"canonical\" href=\"https:\/\/www.ritzbrasil.com\/es\/produtos\/escaleras-plataformas-y-andamios-aislados\/escalera-a\/\" \/>\n<meta property=\"og:locale\" content=\"es_ES\" \/>\n<meta property=\"og:type\" content=\"article\" \/>\n<meta property=\"og:title\" content=\"Escalera &quot;A\" \/>\n<meta property=\"og:description\" content=\"Escalera &quot;A&quot; articulada para trabajos de mantenimiento en estructuras sin tensi\u00f3n, con tablero de herramientas en el extremo superior y limitador de apertura.\" \/>\n<meta property=\"og:url\" content=\"https:\/\/www.ritzbrasil.com\/es\/produtos\/escaleras-plataformas-y-andamios-aislados\/escalera-a\/\" \/>\n<meta property=\"og:site_name\" content=\"Equipamentos de Manuten\u00e7\u00e3o e Seguran\u00e7a para o Setor El\u00e9trico - Ritz Brasil\" \/>\n<meta property=\"article:modified_time\" content=\"2026-02-25T20:03:54+00:00\" \/>\n<meta property=\"og:image\" content=\"https:\/\/www.ritzbrasil.com\/wp-content\/uploads\/2024\/09\/escada-a.jpg\" \/>\n\t<meta property=\"og:image:width\" content=\"1200\" \/>\n\t<meta property=\"og:image:height\" content=\"1200\" \/>\n\t<meta property=\"og:image:type\" content=\"image\/jpeg\" \/>\n<meta name=\"twitter:card\" content=\"summary_large_image\" \/>\n<meta name=\"twitter:label1\" content=\"Tiempo de lectura\" \/>\n\t<meta name=\"twitter:data1\" content=\"1 minuto\" \/>\n<script type=\"application\/ld+json\" class=\"yoast-schema-graph\">{\"@context\":\"https:\/\/schema.org\",\"@graph\":[{\"@type\":\"WebPage\",\"@id\":\"https:\/\/www.ritzbrasil.com\/es\/produtos\/escaleras-plataformas-y-andamios-aislados\/escalera-a\/\",\"url\":\"https:\/\/www.ritzbrasil.com\/es\/produtos\/escaleras-plataformas-y-andamios-aislados\/escalera-a\/\",\"name\":\"Escalera \\\"A\",\"isPartOf\":{\"@id\":\"https:\/\/www.ritzbrasil.com\/es\/#website\"},\"primaryImageOfPage\":{\"@id\":\"https:\/\/www.ritzbrasil.com\/es\/produtos\/escaleras-plataformas-y-andamios-aislados\/escalera-a\/#primaryimage\"},\"image\":{\"@id\":\"https:\/\/www.ritzbrasil.com\/es\/produtos\/escaleras-plataformas-y-andamios-aislados\/escalera-a\/#primaryimage\"},\"thumbnailUrl\":\"https:\/\/www.ritzbrasil.com\/wp-content\/uploads\/2024\/09\/escada-a.jpg\",\"datePublished\":\"2024-09-05T12:22:47+00:00\",\"dateModified\":\"2026-02-25T20:03:54+00:00\",\"description\":\"Escalera \\\"A\\\" articulada para trabajos de mantenimiento en estructuras sin tensi\u00f3n, con tablero de herramientas en el extremo superior y limitador de apertura.\",\"breadcrumb\":{\"@id\":\"https:\/\/www.ritzbrasil.com\/es\/produtos\/escaleras-plataformas-y-andamios-aislados\/escalera-a\/#breadcrumb\"},\"inLanguage\":\"es\",\"potentialAction\":[{\"@type\":\"ReadAction\",\"target\":[\"https:\/\/www.ritzbrasil.com\/es\/produtos\/escaleras-plataformas-y-andamios-aislados\/escalera-a\/\"]}]},{\"@type\":\"ImageObject\",\"inLanguage\":\"es\",\"@id\":\"https:\/\/www.ritzbrasil.com\/es\/produtos\/escaleras-plataformas-y-andamios-aislados\/escalera-a\/#primaryimage\",\"url\":\"https:\/\/www.ritzbrasil.com\/wp-content\/uploads\/2024\/09\/escada-a.jpg\",\"contentUrl\":\"https:\/\/www.ritzbrasil.com\/wp-content\/uploads\/2024\/09\/escada-a.jpg\",\"width\":1200,\"height\":1200,\"caption\":\"Escalera \\\"A\"},{\"@type\":\"BreadcrumbList\",\"@id\":\"https:\/\/www.ritzbrasil.com\/es\/produtos\/escaleras-plataformas-y-andamios-aislados\/escalera-a\/#breadcrumb\",\"itemListElement\":[{\"@type\":\"ListItem\",\"position\":1,\"name\":\"In\u00edcio\",\"item\":\"https:\/\/www.ritzbrasil.com\/es\/\"},{\"@type\":\"ListItem\",\"position\":2,\"name\":\"Tienda\",\"item\":\"https:\/\/www.ritzbrasil.com\/es\/tienda\/\"},{\"@type\":\"ListItem\",\"position\":3,\"name\":\"Escalera &#8220;A\"}]},{\"@type\":\"WebSite\",\"@id\":\"https:\/\/www.ritzbrasil.com\/es\/#website\",\"url\":\"https:\/\/www.ritzbrasil.com\/es\/\",\"name\":\"Equipamentos de Manuten\u00e7\u00e3o e Seguran\u00e7a para o Setor El\u00e9trico - Ritz Brasil\",\"description\":\"\",\"potentialAction\":[{\"@type\":\"SearchAction\",\"target\":{\"@type\":\"EntryPoint\",\"urlTemplate\":\"https:\/\/www.ritzbrasil.com\/es\/?s={search_term_string}\"},\"query-input\":{\"@type\":\"PropertyValueSpecification\",\"valueRequired\":true,\"valueName\":\"search_term_string\"}}],\"inLanguage\":\"es\"}]}<\/script>\n<!-- \/ Yoast SEO plugin. -->","yoast_head_json":{"title":"Escalera \"A","description":"Escalera \"A\" articulada para trabajos de mantenimiento en estructuras sin tensi\u00f3n, con tablero de herramientas en el extremo superior y limitador de apertura.","robots":{"index":"index","follow":"follow","max-snippet":"max-snippet:-1","max-image-preview":"max-image-preview:large","max-video-preview":"max-video-preview:-1"},"canonical":"https:\/\/www.ritzbrasil.com\/es\/produtos\/escaleras-plataformas-y-andamios-aislados\/escalera-a\/","og_locale":"es_ES","og_type":"article","og_title":"Escalera \"A","og_description":"Escalera \"A\" articulada para trabajos de mantenimiento en estructuras sin tensi\u00f3n, con tablero de herramientas en el extremo superior y limitador de apertura.","og_url":"https:\/\/www.ritzbrasil.com\/es\/produtos\/escaleras-plataformas-y-andamios-aislados\/escalera-a\/","og_site_name":"Equipamentos de Manuten\u00e7\u00e3o e Seguran\u00e7a para o Setor El\u00e9trico - Ritz Brasil","article_modified_time":"2026-02-25T20:03:54+00:00","og_image":[{"width":1200,"height":1200,"url":"https:\/\/www.ritzbrasil.com\/wp-content\/uploads\/2024\/09\/escada-a.jpg","type":"image\/jpeg"}],"twitter_card":"summary_large_image","twitter_misc":{"Tiempo de lectura":"1 minuto"},"schema":{"@context":"https:\/\/schema.org","@graph":[{"@type":"WebPage","@id":"https:\/\/www.ritzbrasil.com\/es\/produtos\/escaleras-plataformas-y-andamios-aislados\/escalera-a\/","url":"https:\/\/www.ritzbrasil.com\/es\/produtos\/escaleras-plataformas-y-andamios-aislados\/escalera-a\/","name":"Escalera \"A","isPartOf":{"@id":"https:\/\/www.ritzbrasil.com\/es\/#website"},"primaryImageOfPage":{"@id":"https:\/\/www.ritzbrasil.com\/es\/produtos\/escaleras-plataformas-y-andamios-aislados\/escalera-a\/#primaryimage"},"image":{"@id":"https:\/\/www.ritzbrasil.com\/es\/produtos\/escaleras-plataformas-y-andamios-aislados\/escalera-a\/#primaryimage"},"thumbnailUrl":"https:\/\/www.ritzbrasil.com\/wp-content\/uploads\/2024\/09\/escada-a.jpg","datePublished":"2024-09-05T12:22:47+00:00","dateModified":"2026-02-25T20:03:54+00:00","description":"Escalera \"A\" articulada para trabajos de mantenimiento en estructuras sin tensi\u00f3n, con tablero de herramientas en el extremo superior y limitador de apertura.","breadcrumb":{"@id":"https:\/\/www.ritzbrasil.com\/es\/produtos\/escaleras-plataformas-y-andamios-aislados\/escalera-a\/#breadcrumb"},"inLanguage":"es","potentialAction":[{"@type":"ReadAction","target":["https:\/\/www.ritzbrasil.com\/es\/produtos\/escaleras-plataformas-y-andamios-aislados\/escalera-a\/"]}]},{"@type":"ImageObject","inLanguage":"es","@id":"https:\/\/www.ritzbrasil.com\/es\/produtos\/escaleras-plataformas-y-andamios-aislados\/escalera-a\/#primaryimage","url":"https:\/\/www.ritzbrasil.com\/wp-content\/uploads\/2024\/09\/escada-a.jpg","contentUrl":"https:\/\/www.ritzbrasil.com\/wp-content\/uploads\/2024\/09\/escada-a.jpg","width":1200,"height":1200,"caption":"Escalera \"A"},{"@type":"BreadcrumbList","@id":"https:\/\/www.ritzbrasil.com\/es\/produtos\/escaleras-plataformas-y-andamios-aislados\/escalera-a\/#breadcrumb","itemListElement":[{"@type":"ListItem","position":1,"name":"In\u00edcio","item":"https:\/\/www.ritzbrasil.com\/es\/"},{"@type":"ListItem","position":2,"name":"Tienda","item":"https:\/\/www.ritzbrasil.com\/es\/tienda\/"},{"@type":"ListItem","position":3,"name":"Escalera &#8220;A"}]},{"@type":"WebSite","@id":"https:\/\/www.ritzbrasil.com\/es\/#website","url":"https:\/\/www.ritzbrasil.com\/es\/","name":"Equipamentos de Manuten\u00e7\u00e3o e Seguran\u00e7a para o Setor El\u00e9trico - Ritz Brasil","description":"","potentialAction":[{"@type":"SearchAction","target":{"@type":"EntryPoint","urlTemplate":"https:\/\/www.ritzbrasil.com\/es\/?s={search_term_string}"},"query-input":{"@type":"PropertyValueSpecification","valueRequired":true,"valueName":"search_term_string"}}],"inLanguage":"es"}]}},"_links":{"self":[{"href":"https:\/\/www.ritzbrasil.com\/es\/wp-json\/wp\/v2\/product\/61280","targetHints":{"allow":["GET"]}}],"collection":[{"href":"https:\/\/www.ritzbrasil.com\/es\/wp-json\/wp\/v2\/product"}],"about":[{"href":"https:\/\/www.ritzbrasil.com\/es\/wp-json\/wp\/v2\/types\/product"}],"wp:featuredmedia":[{"embeddable":true,"href":"https:\/\/www.ritzbrasil.com\/es\/wp-json\/wp\/v2\/media\/58293"}],"wp:attachment":[{"href":"https:\/\/www.ritzbrasil.com\/es\/wp-json\/wp\/v2\/media?parent=61280"}],"wp:term":[{"taxonomy":"product_brand","embeddable":true,"href":"https:\/\/www.ritzbrasil.com\/es\/wp-json\/wp\/v2\/product_brand?post=61280"},{"taxonomy":"product_cat","embeddable":true,"href":"https:\/\/www.ritzbrasil.com\/es\/wp-json\/wp\/v2\/product_cat?post=61280"},{"taxonomy":"product_tag","embeddable":true,"href":"https:\/\/www.ritzbrasil.com\/es\/wp-json\/wp\/v2\/product_tag?post=61280"}],"curies":[{"name":"wp","href":"https:\/\/api.w.org\/{rel}","templated":true}]}}