{"id":61278,"date":"2024-09-05T09:13:19","date_gmt":"2024-09-05T12:13:19","guid":{"rendered":"https:\/\/www.ritzbrasil.com\/produtos\/sin%20categor\u00eda\/escalera-de-perfil-oblongo-ritzglas\/"},"modified":"2026-02-25T17:03:58","modified_gmt":"2026-02-25T20:03:58","slug":"escalera-de-perfil-oblongo-ritzglas","status":"publish","type":"product","link":"https:\/\/www.ritzbrasil.com\/es\/produtos\/escaleras-plataformas-y-andamios-aislados\/escalera-de-perfil-oblongo-ritzglas\/","title":{"rendered":"Escalera de perfil oblongo Ritzglas"},"content":{"rendered":"<div class=\"wpb-content-wrapper\"><p>[vc_row][vc_column][vc_column_text css=\u00bb.vc_custom_1725537213924{margin-top: 20px !important;}\u00bb]<\/p>\n<h4><span style=\"color: #ff9900;\"><strong>Escalera sencilla<\/strong><\/span><\/h4>\n<p>[\/vc_column_text][vc_column_text css=\u00bb.vc_custom_1725628268395{margin-top: -20px !important;}\u00bb]\n<div id=\"tablepress-Escada-Perfil-Oblongo-Escada-Simples-scroll-wrapper\" class=\"tablepress-scroll-wrapper\">\n<table id=\"tablepress-Escada-Perfil-Oblongo-Escada-Simples\" class=\"tablepress tablepress-id-Escada-Perfil-Oblongo-Escada-Simples tablepress-responsive\">\n<thead>\n<tr class=\"row-1\">\n\t<td class=\"column-1\"><\/td><th class=\"column-2\">  Refer\u00eancias<\/th><th class=\"column-3\">Caracter\u00edstica<\/th><td class=\"column-4\"><\/td><td class=\"column-5\"><\/td>\n<\/tr>\n<\/thead>\n<tbody class=\"row-striping row-hover\">\n<tr class=\"row-2\">\n\t<td class=\"column-1\"><img decoding=\"async\" src=\"https:\/\/www.ritzbrasil.com\/wp-content\/uploads\/2024\/09\/escada-simples-perfil-oblongo-ritzglas-150x150-1.jpg\" \/><\/td><td class=\"column-2\">ES\/PR-8\/27-CN-SM<\/td><td class=\"column-3\"><\/td><td class=\"column-4\">    <button class=\"add-to-budget\" data-table-id=\"Escada-Perfil-Oblongo-Escada-Simples\" data-reference=\"ES\/PR-8\/27-CN-SM\" data-description=\"Escada com Perfil Oblongo - Escada Simples\" style=\"color:#ff4d00;\">\n        <img decoding=\"async\" src=\"https:\/\/www.ritzbrasil.com\/\/wp-content\/uploads\/2024\/07\/orcar-compras-tabela-new-1.png\" alt=\"Solicitar cotizaci\u00f3n\" title=\"Solicitar cotizaci\u00f3n\" \/>\n    <\/button>\n    <\/td><td class=\"column-5\"><a href=\"https:\/\/lojasritz.com.br\/catalogsearch\/result\/?q=ES\/PR-8\/27-CN-SM\" target=\"_blank\" rel=\"noopener\"><img decoding=\"async\" src=\"https:\/\/www.ritzbrasil.com\/wp-content\/uploads\/2024\/07\/carrinho-compras-tabela.png\"  \/><\/a><\/td>\n<\/tr>\n<tr class=\"row-3\">\n\t<td class=\"column-1\"><img decoding=\"async\" src=\"https:\/\/www.ritzbrasil.com\/wp-content\/uploads\/2024\/09\/escada-simples-perfil-oblongo-ritzglas-150x150-1.jpg\" \/><\/td><td class=\"column-2\">ES\/PR-8\/40-CN-SM<\/td><td class=\"column-3\"><\/td><td class=\"column-4\">    <button class=\"add-to-budget\" data-table-id=\"Escada-Perfil-Oblongo-Escada-Simples\" data-reference=\"ES\/PR-8\/40-CN-SM\" data-description=\"Escada com Perfil Oblongo - Escada Simples\" style=\"color:#ff4d00;\">\n        <img decoding=\"async\" src=\"https:\/\/www.ritzbrasil.com\/\/wp-content\/uploads\/2024\/07\/orcar-compras-tabela-new-1.png\" alt=\"Solicitar cotizaci\u00f3n\" title=\"Solicitar cotizaci\u00f3n\" \/>\n    <\/button>\n    <\/td><td class=\"column-5\"><a href=\"https:\/\/lojasritz.com.br\/catalogsearch\/result\/?q=ES\/PR-8\/40-CN-SM\" target=\"_blank\" rel=\"noopener\"><img decoding=\"async\" src=\"https:\/\/www.ritzbrasil.com\/wp-content\/uploads\/2024\/07\/carrinho-compras-tabela.png\"  \/><\/a><\/td>\n<\/tr>\n<tr class=\"row-4\">\n\t<td class=\"column-1\"><img decoding=\"async\" src=\"https:\/\/www.ritzbrasil.com\/wp-content\/uploads\/2024\/09\/escada-simples-perfil-oblongo-ritzglas-150x150-1.jpg\" \/><\/td><td class=\"column-2\">ES\/PR-8\/46-CN-SM<\/td><td class=\"column-3\"><\/td><td class=\"column-4\">    <button class=\"add-to-budget\" data-table-id=\"Escada-Perfil-Oblongo-Escada-Simples\" data-reference=\"ES\/PR-8\/46-CN-SM\" data-description=\"Escada com Perfil Oblongo - Escada Simples\" style=\"color:#ff4d00;\">\n        <img decoding=\"async\" src=\"https:\/\/www.ritzbrasil.com\/\/wp-content\/uploads\/2024\/07\/orcar-compras-tabela-new-1.png\" alt=\"Solicitar cotizaci\u00f3n\" title=\"Solicitar cotizaci\u00f3n\" \/>\n    <\/button>\n    <\/td><td class=\"column-5\"><a href=\"https:\/\/lojasritz.com.br\/catalogsearch\/result\/?q=ES\/PR-8\/46-CN-SM\" target=\"_blank\" rel=\"noopener\"><img decoding=\"async\" src=\"https:\/\/www.ritzbrasil.com\/wp-content\/uploads\/2024\/07\/carrinho-compras-tabela.png\"  \/><\/a><\/td>\n<\/tr>\n<tr class=\"row-5\">\n\t<td class=\"column-1\"><img decoding=\"async\" src=\"https:\/\/www.ritzbrasil.com\/wp-content\/uploads\/2024\/09\/escada-simples-perfil-oblongo-ritzglas-150x150-1.jpg\" \/><\/td><td class=\"column-2\">ES\/PR-8\/58-CN-SM<\/td><td class=\"column-3\"><\/td><td class=\"column-4\">    <button class=\"add-to-budget\" data-table-id=\"Escada-Perfil-Oblongo-Escada-Simples\" data-reference=\"ES\/PR-8\/58-CN-SM\" data-description=\"Escada com Perfil Oblongo - Escada Simples\" style=\"color:#ff4d00;\">\n        <img decoding=\"async\" src=\"https:\/\/www.ritzbrasil.com\/\/wp-content\/uploads\/2024\/07\/orcar-compras-tabela-new-1.png\" alt=\"Solicitar cotizaci\u00f3n\" title=\"Solicitar cotizaci\u00f3n\" \/>\n    <\/button>\n    <\/td><td class=\"column-5\"><a href=\"https:\/\/lojasritz.com.br\/catalogsearch\/result\/?q=ES\/PR-8\/58-CN-SM\" target=\"_blank\" rel=\"noopener\"><img decoding=\"async\" src=\"https:\/\/www.ritzbrasil.com\/wp-content\/uploads\/2024\/07\/carrinho-compras-tabela.png\"  \/><\/a><\/td>\n<\/tr>\n<\/tbody>\n<\/table>\n<\/div>\n[\/vc_column_text][vc_column_text css=\u00bb.vc_custom_1725537254011{margin-top: -20px !important;}\u00bb]Anchura interior entre ra\u00edles: 305 mm<br \/>\nDistancia entre pelda\u00f1os: 305 mm[\/vc_column_text][vc_separator border_width=\u00bb2&#8243; css=\u00bb\u00bb][\/vc_column][\/vc_row][vc_row][vc_column][vc_column_text css=\u00bb.vc_custom_1725537280044{margin-top: 20px !important;}\u00bb]<\/p>\n<h4><span style=\"color: #ff9900;\"><strong>Escalera extensible<\/strong><\/span><\/h4>\n<p>[\/vc_column_text][vc_column_text css=\u00bb.vc_custom_1725628530489{margin-top: -20px !important;}\u00bb]\n<div id=\"tablepress-Escada-Perfil-Oblongo-Escada-extensivel-scroll-wrapper\" class=\"tablepress-scroll-wrapper\">\n<table id=\"tablepress-Escada-Perfil-Oblongo-Escada-extensivel\" class=\"tablepress tablepress-id-Escada-Perfil-Oblongo-Escada-extensivel tablepress-responsive\">\n<thead>\n<tr class=\"row-1\">\n\t<td class=\"column-1\"><\/td><th class=\"column-2\">  Refer\u00eancias<\/th><th class=\"column-3\">Caracter\u00edstica<\/th><td class=\"column-4\"><\/td><td class=\"column-5\"><\/td>\n<\/tr>\n<\/thead>\n<tbody class=\"row-striping row-hover\">\n<tr class=\"row-2\">\n\t<td class=\"column-1\"><img decoding=\"async\" src=\"https:\/\/www.ritzbrasil.com\/wp-content\/uploads\/2024\/09\/escada-extensivel-perfil-oblongo-ritzglas-150x150-1.jpg\" \/><\/td><td class=\"column-2\">EE\/PR-12\/58-CN-SM<\/td><td class=\"column-3\"><\/td><td class=\"column-4\">    <button class=\"add-to-budget\" data-table-id=\"Escada-Perfil-Oblongo-Escada-extensivel\" data-reference=\"EE\/PR-12\/58-CN-SM\" data-description=\"Escada com Perfil Oblongo - Escada Extens\u00edvel\" style=\"color:#ff4d00;\">\n        <img decoding=\"async\" src=\"https:\/\/www.ritzbrasil.com\/\/wp-content\/uploads\/2024\/07\/orcar-compras-tabela-new-1.png\" alt=\"Solicitar cotizaci\u00f3n\" title=\"Solicitar cotizaci\u00f3n\" \/>\n    <\/button>\n    <\/td><td class=\"column-5\"><a href=\"https:\/\/lojasritz.com.br\/catalogsearch\/result\/?q=EE\/PR-12\/58-CN-SM\" target=\"_blank\" rel=\"noopener\"><img decoding=\"async\" src=\"https:\/\/www.ritzbrasil.com\/wp-content\/uploads\/2024\/07\/carrinho-compras-tabela.png\"  \/><\/a><\/td>\n<\/tr>\n<tr class=\"row-3\">\n\t<td class=\"column-1\"><img decoding=\"async\" src=\"https:\/\/www.ritzbrasil.com\/wp-content\/uploads\/2024\/09\/escada-extensivel-perfil-oblongo-ritzglas-150x150-1.jpg\" \/><\/td><td class=\"column-2\">EE\/PR-12\/70-CN-SM<\/td><td class=\"column-3\"><\/td><td class=\"column-4\">    <button class=\"add-to-budget\" data-table-id=\"Escada-Perfil-Oblongo-Escada-extensivel\" data-reference=\"EE\/PR-12\/70-CN-SM\" data-description=\"Escada com Perfil Oblongo - Escada Extens\u00edvel\" style=\"color:#ff4d00;\">\n        <img decoding=\"async\" src=\"https:\/\/www.ritzbrasil.com\/\/wp-content\/uploads\/2024\/07\/orcar-compras-tabela-new-1.png\" alt=\"Solicitar cotizaci\u00f3n\" title=\"Solicitar cotizaci\u00f3n\" \/>\n    <\/button>\n    <\/td><td class=\"column-5\"><a href=\"https:\/\/lojasritz.com.br\/catalogsearch\/result\/?q=EE\/PR-12\/70-CN-SM\" target=\"_blank\" rel=\"noopener\"><img decoding=\"async\" src=\"https:\/\/www.ritzbrasil.com\/wp-content\/uploads\/2024\/07\/carrinho-compras-tabela.png\"  \/><\/a><\/td>\n<\/tr>\n<tr class=\"row-4\">\n\t<td class=\"column-1\"><img decoding=\"async\" src=\"https:\/\/www.ritzbrasil.com\/wp-content\/uploads\/2024\/09\/escada-extensivel-perfil-oblongo-ritzglas-150x150-1.jpg\" \/><\/td><td class=\"column-2\">EE\/PR-12\/82-CN-SM<\/td><td class=\"column-3\"><\/td><td class=\"column-4\">    <button class=\"add-to-budget\" data-table-id=\"Escada-Perfil-Oblongo-Escada-extensivel\" data-reference=\"EE\/PR-12\/82-CN-SM\" data-description=\"Escada com Perfil Oblongo - Escada Extens\u00edvel\" style=\"color:#ff4d00;\">\n        <img decoding=\"async\" src=\"https:\/\/www.ritzbrasil.com\/\/wp-content\/uploads\/2024\/07\/orcar-compras-tabela-new-1.png\" alt=\"Solicitar cotizaci\u00f3n\" title=\"Solicitar cotizaci\u00f3n\" \/>\n    <\/button>\n    <\/td><td class=\"column-5\"><a href=\"https:\/\/lojasritz.com.br\/catalogsearch\/result\/?q=EE\/PR-12\/82-CN-SM\" target=\"_blank\" rel=\"noopener\"><img decoding=\"async\" src=\"https:\/\/www.ritzbrasil.com\/wp-content\/uploads\/2024\/07\/carrinho-compras-tabela.png\"  \/><\/a><\/td>\n<\/tr>\n<tr class=\"row-5\">\n\t<td class=\"column-1\"><img decoding=\"async\" src=\"https:\/\/www.ritzbrasil.com\/wp-content\/uploads\/2024\/09\/escada-extensivel-perfil-oblongo-ritzglas-150x150-1.jpg\" \/><\/td><td class=\"column-2\">EE\/PR-15\/95-CN-SM<\/td><td class=\"column-3\"><\/td><td class=\"column-4\">    <button class=\"add-to-budget\" data-table-id=\"Escada-Perfil-Oblongo-Escada-extensivel\" data-reference=\"EE\/PR-15\/95-CN-SM\" data-description=\"Escada com Perfil Oblongo - Escada Extens\u00edvel\" style=\"color:#ff4d00;\">\n        <img decoding=\"async\" src=\"https:\/\/www.ritzbrasil.com\/\/wp-content\/uploads\/2024\/07\/orcar-compras-tabela-new-1.png\" alt=\"Solicitar cotizaci\u00f3n\" title=\"Solicitar cotizaci\u00f3n\" \/>\n    <\/button>\n    <\/td><td class=\"column-5\"><a href=\"https:\/\/lojasritz.com.br\/catalogsearch\/result\/?q=EE\/PR-15\/95-CN-SM\" target=\"_blank\" rel=\"noopener\"><img decoding=\"async\" src=\"https:\/\/www.ritzbrasil.com\/wp-content\/uploads\/2024\/07\/carrinho-compras-tabela.png\"  \/><\/a><\/td>\n<\/tr>\n<tr class=\"row-6\">\n\t<td class=\"column-1\"><img decoding=\"async\" src=\"https:\/\/www.ritzbrasil.com\/wp-content\/uploads\/2024\/09\/escada-extensivel-perfil-oblongo-ritzglas-150x150-1.jpg\" \/><\/td><td class=\"column-2\">EE\/PR-15\/10-CN-SM<\/td><td class=\"column-3\"><\/td><td class=\"column-4\">    <button class=\"add-to-budget\" data-table-id=\"Escada-Perfil-Oblongo-Escada-extensivel\" data-reference=\"EE\/PR-15\/10-CN-SM\" data-description=\"Escada com Perfil Oblongo - Escada Extens\u00edvel\" style=\"color:#ff4d00;\">\n        <img decoding=\"async\" src=\"https:\/\/www.ritzbrasil.com\/\/wp-content\/uploads\/2024\/07\/orcar-compras-tabela-new-1.png\" alt=\"Solicitar cotizaci\u00f3n\" title=\"Solicitar cotizaci\u00f3n\" \/>\n    <\/button>\n    <\/td><td class=\"column-5\"><a href=\"https:\/\/lojasritz.com.br\/catalogsearch\/result\/?q=EE\/PR-15\/10-CN-SM\" target=\"_blank\" rel=\"noopener\"><img decoding=\"async\" src=\"https:\/\/www.ritzbrasil.com\/wp-content\/uploads\/2024\/07\/carrinho-compras-tabela.png\"  \/><\/a><\/td>\n<\/tr>\n<tr class=\"row-7\">\n\t<td class=\"column-1\"><img decoding=\"async\" src=\"https:\/\/www.ritzbrasil.com\/wp-content\/uploads\/2024\/09\/escada-extensivel-perfil-oblongo-ritzglas-150x150-1.jpg\" \/><\/td><td class=\"column-2\">EE\/PR-15\/11-CN-SM<\/td><td class=\"column-3\"><\/td><td class=\"column-4\">    <button class=\"add-to-budget\" data-table-id=\"Escada-Perfil-Oblongo-Escada-extensivel\" data-reference=\"EE\/PR-15\/11-CN-SM\" data-description=\"Escada com Perfil Oblongo - Escada Extens\u00edvel\" style=\"color:#ff4d00;\">\n        <img decoding=\"async\" src=\"https:\/\/www.ritzbrasil.com\/\/wp-content\/uploads\/2024\/07\/orcar-compras-tabela-new-1.png\" alt=\"Solicitar cotizaci\u00f3n\" title=\"Solicitar cotizaci\u00f3n\" \/>\n    <\/button>\n    <\/td><td class=\"column-5\"><a href=\"https:\/\/lojasritz.com.br\/catalogsearch\/result\/?q=EE\/PR-15\/11-CN-SM\" target=\"_blank\" rel=\"noopener\"><img decoding=\"async\" src=\"https:\/\/www.ritzbrasil.com\/wp-content\/uploads\/2024\/07\/carrinho-compras-tabela.png\"  \/><\/a><\/td>\n<\/tr>\n<tr class=\"row-8\">\n\t<td class=\"column-1\"><img decoding=\"async\" src=\"https:\/\/www.ritzbrasil.com\/wp-content\/uploads\/2024\/09\/escada-extensivel-perfil-oblongo-ritzglas-150x150-1.jpg\" \/><\/td><td class=\"column-2\">EE\/PR-15\/14-CN-SM *<\/td><td class=\"column-3\"><\/td><td class=\"column-4\">    <button class=\"add-to-budget\" data-table-id=\"Escada-Perfil-Oblongo-Escada-extensivel\" data-reference=\"EE\/PR-15\/14-CN-SM *\" data-description=\"Escada com Perfil Oblongo - Escada Extens\u00edvel\" style=\"color:#ff4d00;\">\n        <img decoding=\"async\" src=\"https:\/\/www.ritzbrasil.com\/\/wp-content\/uploads\/2024\/07\/orcar-compras-tabela-new-1.png\" alt=\"Solicitar cotizaci\u00f3n\" title=\"Solicitar cotizaci\u00f3n\" \/>\n    <\/button>\n    <\/td><td class=\"column-5\"><a href=\"https:\/\/lojasritz.com.br\/catalogsearch\/result\/?q=EE\/PR-15\/14-CN-SM *\" target=\"_blank\" rel=\"noopener\"><img decoding=\"async\" src=\"https:\/\/www.ritzbrasil.com\/wp-content\/uploads\/2024\/07\/carrinho-compras-tabela.png\"  \/><\/a><\/td>\n<\/tr>\n<\/tbody>\n<\/table>\n<\/div>\n[\/vc_column_text][vc_column_text css=\u00bb.vc_custom_1725537347600{margin-top: -20px !important;}\u00bb]<em>* Debe ser arriostrado cuando est\u00e9 en uso mediante c\u00e1ncamos en el \u00faltimo pelda\u00f1o de la parte fija (base).<\/em>[\/vc_column_text][vc_column_text css=\u00bb.vc_custom_1725537366810{margin-top: -20px !important;}\u00bb]Anchura interior entre ra\u00edles: Base &#8211; 365 mm | Extremo &#8211; 305 mm<br \/>\nDistancia entre pelda\u00f1os: 305 mm[\/vc_column_text][vc_separator border_width=\u00bb2&#8243; css=\u00bb\u00bb][\/vc_column][\/vc_row]<\/p>\n<\/div>","protected":false},"excerpt":{"rendered":"<h4><span style=\"color: #ff9900;\"><strong>Escalera de perfil oblongo Ritzglas <\/strong><\/span><\/h4>\n<p>Escaleras extensibles sencillas, con largueros (forma oblonga) y pelda\u00f1os (redondos con antideslizante), fabricadas con tubos RITZGLAS\u00ae.<\/p>\n<p>Est\u00e1n acabados con pintura de esmalte de poliuretano y tienen una correa de respaldo de nailon engomado, zapatas m\u00f3viles o fijas de goma antideslizante, que cumplen la categor\u00eda IA de la norma ANSI A14.5.<\/p>\n<p>Los modelos extensibles tienen poleas de nailon (para un deslizamiento suave de las piezas), anillas met\u00e1licas en los pelda\u00f1os de la base, trinquetes de acero y gu\u00edas laterales plastificadas<br \/>\n.<\/p>\n<p>Estas escaleras est\u00e1n pensadas para el mantenimiento en estructuras sin tensi\u00f3n, o hasta un m\u00e1ximo de 15 kV utilizando el m\u00e9todo de trabajo a distancia (con el uso de p\u00e9rtigas aislantes<br \/>\n).<br \/>\nPara el mantenimiento de hasta 15 kV (utilizando el m\u00e9todo de trabajo por contacto) recomendamos el uso de escaleras de doble larguero con el separador de escalera aislante FLV14717-1 (consulta la p\u00e1gina espec\u00edfica de estos productos).<\/p>\n<p>Capacidad nominal de trabajo: 136 daN (300 lb)<\/p>\n","protected":false},"featured_media":58283,"template":"","meta":[],"product_brand":[],"product_cat":[2774],"product_tag":[3417,3418,3419,3421,3422,3423,3420,3413,3414,3415,3416],"class_list":{"0":"post-61278","1":"product","2":"type-product","3":"status-publish","4":"has-post-thumbnail","6":"product_cat-escaleras-plataformas-y-andamios-aislados","7":"product_tag-ee-pr-12-58-cn-sm-es","8":"product_tag-ee-pr-12-70-cn-sm-es","9":"product_tag-ee-pr-12-82-cn-sm-es","10":"product_tag-ee-pr-15-10-cn-sm-es","11":"product_tag-ee-pr-15-11-cn-sm-es","12":"product_tag-ee-pr-15-14-cn-sm-es","13":"product_tag-ee-pr-15-95-cn-sm-es","14":"product_tag-es-pr-8-27-cn-sm-es","15":"product_tag-es-pr-8-40-cn-sm-es","16":"product_tag-es-pr-8-46-cn-sm-es","17":"product_tag-es-pr-8-58-cn-sm-es","18":"description-off","20":"first","21":"instock","22":"virtual","23":"product-type-simple"},"yoast_head":"<!-- This site is optimized with the Yoast SEO plugin v27.1.1 - https:\/\/yoast.com\/product\/yoast-seo-wordpress\/ -->\n<title>Escalera de perfil oblongo Ritzglas<\/title>\n<meta name=\"description\" content=\"Escaleras sencillas y extensibles con largueros oblongos y pelda\u00f1os antideslizantes de tubos RITZGLAS\u00ae, correas de nailon, zapatas m\u00f3viles y fijas.\" \/>\n<meta name=\"robots\" content=\"index, follow, max-snippet:-1, max-image-preview:large, max-video-preview:-1\" \/>\n<link rel=\"canonical\" href=\"https:\/\/www.ritzbrasil.com\/es\/produtos\/escaleras-plataformas-y-andamios-aislados\/escalera-de-perfil-oblongo-ritzglas\/\" \/>\n<meta property=\"og:locale\" content=\"es_ES\" \/>\n<meta property=\"og:type\" content=\"article\" \/>\n<meta property=\"og:title\" content=\"Escalera de perfil oblongo Ritzglas\" \/>\n<meta property=\"og:description\" content=\"Escaleras sencillas y extensibles con largueros oblongos y pelda\u00f1os antideslizantes de tubos RITZGLAS\u00ae, correas de nailon, zapatas m\u00f3viles y fijas.\" \/>\n<meta property=\"og:url\" content=\"https:\/\/www.ritzbrasil.com\/es\/produtos\/escaleras-plataformas-y-andamios-aislados\/escalera-de-perfil-oblongo-ritzglas\/\" \/>\n<meta property=\"og:site_name\" content=\"Equipamentos de Manuten\u00e7\u00e3o e Seguran\u00e7a para o Setor El\u00e9trico - Ritz Brasil\" \/>\n<meta property=\"article:modified_time\" content=\"2026-02-25T20:03:58+00:00\" \/>\n<meta property=\"og:image\" content=\"https:\/\/www.ritzbrasil.com\/wp-content\/uploads\/2024\/09\/escada-simples-perfil-oblongo-ritzglas.jpg\" \/>\n\t<meta property=\"og:image:width\" content=\"1200\" \/>\n\t<meta property=\"og:image:height\" content=\"1200\" \/>\n\t<meta property=\"og:image:type\" content=\"image\/jpeg\" \/>\n<meta name=\"twitter:card\" content=\"summary_large_image\" \/>\n<meta name=\"twitter:label1\" content=\"Tiempo de lectura\" \/>\n\t<meta name=\"twitter:data1\" content=\"1 minuto\" \/>\n<script type=\"application\/ld+json\" class=\"yoast-schema-graph\">{\"@context\":\"https:\/\/schema.org\",\"@graph\":[{\"@type\":\"WebPage\",\"@id\":\"https:\/\/www.ritzbrasil.com\/es\/produtos\/escaleras-plataformas-y-andamios-aislados\/escalera-de-perfil-oblongo-ritzglas\/\",\"url\":\"https:\/\/www.ritzbrasil.com\/es\/produtos\/escaleras-plataformas-y-andamios-aislados\/escalera-de-perfil-oblongo-ritzglas\/\",\"name\":\"Escalera de perfil oblongo Ritzglas\",\"isPartOf\":{\"@id\":\"https:\/\/www.ritzbrasil.com\/es\/#website\"},\"primaryImageOfPage\":{\"@id\":\"https:\/\/www.ritzbrasil.com\/es\/produtos\/escaleras-plataformas-y-andamios-aislados\/escalera-de-perfil-oblongo-ritzglas\/#primaryimage\"},\"image\":{\"@id\":\"https:\/\/www.ritzbrasil.com\/es\/produtos\/escaleras-plataformas-y-andamios-aislados\/escalera-de-perfil-oblongo-ritzglas\/#primaryimage\"},\"thumbnailUrl\":\"https:\/\/www.ritzbrasil.com\/wp-content\/uploads\/2024\/09\/escada-simples-perfil-oblongo-ritzglas.jpg\",\"datePublished\":\"2024-09-05T12:13:19+00:00\",\"dateModified\":\"2026-02-25T20:03:58+00:00\",\"description\":\"Escaleras sencillas y extensibles con largueros oblongos y pelda\u00f1os antideslizantes de tubos RITZGLAS\u00ae, correas de nailon, zapatas m\u00f3viles y fijas.\",\"breadcrumb\":{\"@id\":\"https:\/\/www.ritzbrasil.com\/es\/produtos\/escaleras-plataformas-y-andamios-aislados\/escalera-de-perfil-oblongo-ritzglas\/#breadcrumb\"},\"inLanguage\":\"es\",\"potentialAction\":[{\"@type\":\"ReadAction\",\"target\":[\"https:\/\/www.ritzbrasil.com\/es\/produtos\/escaleras-plataformas-y-andamios-aislados\/escalera-de-perfil-oblongo-ritzglas\/\"]}]},{\"@type\":\"ImageObject\",\"inLanguage\":\"es\",\"@id\":\"https:\/\/www.ritzbrasil.com\/es\/produtos\/escaleras-plataformas-y-andamios-aislados\/escalera-de-perfil-oblongo-ritzglas\/#primaryimage\",\"url\":\"https:\/\/www.ritzbrasil.com\/wp-content\/uploads\/2024\/09\/escada-simples-perfil-oblongo-ritzglas.jpg\",\"contentUrl\":\"https:\/\/www.ritzbrasil.com\/wp-content\/uploads\/2024\/09\/escada-simples-perfil-oblongo-ritzglas.jpg\",\"width\":1200,\"height\":1200,\"caption\":\"Escalera simple Ritzglas\u00ae con perfil oblongo\"},{\"@type\":\"BreadcrumbList\",\"@id\":\"https:\/\/www.ritzbrasil.com\/es\/produtos\/escaleras-plataformas-y-andamios-aislados\/escalera-de-perfil-oblongo-ritzglas\/#breadcrumb\",\"itemListElement\":[{\"@type\":\"ListItem\",\"position\":1,\"name\":\"In\u00edcio\",\"item\":\"https:\/\/www.ritzbrasil.com\/es\/\"},{\"@type\":\"ListItem\",\"position\":2,\"name\":\"Tienda\",\"item\":\"https:\/\/www.ritzbrasil.com\/es\/tienda\/\"},{\"@type\":\"ListItem\",\"position\":3,\"name\":\"Escalera de perfil oblongo Ritzglas\"}]},{\"@type\":\"WebSite\",\"@id\":\"https:\/\/www.ritzbrasil.com\/es\/#website\",\"url\":\"https:\/\/www.ritzbrasil.com\/es\/\",\"name\":\"Equipamentos de Manuten\u00e7\u00e3o e Seguran\u00e7a para o Setor El\u00e9trico - Ritz Brasil\",\"description\":\"\",\"potentialAction\":[{\"@type\":\"SearchAction\",\"target\":{\"@type\":\"EntryPoint\",\"urlTemplate\":\"https:\/\/www.ritzbrasil.com\/es\/?s={search_term_string}\"},\"query-input\":{\"@type\":\"PropertyValueSpecification\",\"valueRequired\":true,\"valueName\":\"search_term_string\"}}],\"inLanguage\":\"es\"}]}<\/script>\n<!-- \/ Yoast SEO plugin. -->","yoast_head_json":{"title":"Escalera de perfil oblongo Ritzglas","description":"Escaleras sencillas y extensibles con largueros oblongos y pelda\u00f1os antideslizantes de tubos RITZGLAS\u00ae, correas de nailon, zapatas m\u00f3viles y fijas.","robots":{"index":"index","follow":"follow","max-snippet":"max-snippet:-1","max-image-preview":"max-image-preview:large","max-video-preview":"max-video-preview:-1"},"canonical":"https:\/\/www.ritzbrasil.com\/es\/produtos\/escaleras-plataformas-y-andamios-aislados\/escalera-de-perfil-oblongo-ritzglas\/","og_locale":"es_ES","og_type":"article","og_title":"Escalera de perfil oblongo Ritzglas","og_description":"Escaleras sencillas y extensibles con largueros oblongos y pelda\u00f1os antideslizantes de tubos RITZGLAS\u00ae, correas de nailon, zapatas m\u00f3viles y fijas.","og_url":"https:\/\/www.ritzbrasil.com\/es\/produtos\/escaleras-plataformas-y-andamios-aislados\/escalera-de-perfil-oblongo-ritzglas\/","og_site_name":"Equipamentos de Manuten\u00e7\u00e3o e Seguran\u00e7a para o Setor El\u00e9trico - Ritz Brasil","article_modified_time":"2026-02-25T20:03:58+00:00","og_image":[{"width":1200,"height":1200,"url":"https:\/\/www.ritzbrasil.com\/wp-content\/uploads\/2024\/09\/escada-simples-perfil-oblongo-ritzglas.jpg","type":"image\/jpeg"}],"twitter_card":"summary_large_image","twitter_misc":{"Tiempo de lectura":"1 minuto"},"schema":{"@context":"https:\/\/schema.org","@graph":[{"@type":"WebPage","@id":"https:\/\/www.ritzbrasil.com\/es\/produtos\/escaleras-plataformas-y-andamios-aislados\/escalera-de-perfil-oblongo-ritzglas\/","url":"https:\/\/www.ritzbrasil.com\/es\/produtos\/escaleras-plataformas-y-andamios-aislados\/escalera-de-perfil-oblongo-ritzglas\/","name":"Escalera de perfil oblongo Ritzglas","isPartOf":{"@id":"https:\/\/www.ritzbrasil.com\/es\/#website"},"primaryImageOfPage":{"@id":"https:\/\/www.ritzbrasil.com\/es\/produtos\/escaleras-plataformas-y-andamios-aislados\/escalera-de-perfil-oblongo-ritzglas\/#primaryimage"},"image":{"@id":"https:\/\/www.ritzbrasil.com\/es\/produtos\/escaleras-plataformas-y-andamios-aislados\/escalera-de-perfil-oblongo-ritzglas\/#primaryimage"},"thumbnailUrl":"https:\/\/www.ritzbrasil.com\/wp-content\/uploads\/2024\/09\/escada-simples-perfil-oblongo-ritzglas.jpg","datePublished":"2024-09-05T12:13:19+00:00","dateModified":"2026-02-25T20:03:58+00:00","description":"Escaleras sencillas y extensibles con largueros oblongos y pelda\u00f1os antideslizantes de tubos RITZGLAS\u00ae, correas de nailon, zapatas m\u00f3viles y fijas.","breadcrumb":{"@id":"https:\/\/www.ritzbrasil.com\/es\/produtos\/escaleras-plataformas-y-andamios-aislados\/escalera-de-perfil-oblongo-ritzglas\/#breadcrumb"},"inLanguage":"es","potentialAction":[{"@type":"ReadAction","target":["https:\/\/www.ritzbrasil.com\/es\/produtos\/escaleras-plataformas-y-andamios-aislados\/escalera-de-perfil-oblongo-ritzglas\/"]}]},{"@type":"ImageObject","inLanguage":"es","@id":"https:\/\/www.ritzbrasil.com\/es\/produtos\/escaleras-plataformas-y-andamios-aislados\/escalera-de-perfil-oblongo-ritzglas\/#primaryimage","url":"https:\/\/www.ritzbrasil.com\/wp-content\/uploads\/2024\/09\/escada-simples-perfil-oblongo-ritzglas.jpg","contentUrl":"https:\/\/www.ritzbrasil.com\/wp-content\/uploads\/2024\/09\/escada-simples-perfil-oblongo-ritzglas.jpg","width":1200,"height":1200,"caption":"Escalera simple Ritzglas\u00ae con perfil oblongo"},{"@type":"BreadcrumbList","@id":"https:\/\/www.ritzbrasil.com\/es\/produtos\/escaleras-plataformas-y-andamios-aislados\/escalera-de-perfil-oblongo-ritzglas\/#breadcrumb","itemListElement":[{"@type":"ListItem","position":1,"name":"In\u00edcio","item":"https:\/\/www.ritzbrasil.com\/es\/"},{"@type":"ListItem","position":2,"name":"Tienda","item":"https:\/\/www.ritzbrasil.com\/es\/tienda\/"},{"@type":"ListItem","position":3,"name":"Escalera de perfil oblongo Ritzglas"}]},{"@type":"WebSite","@id":"https:\/\/www.ritzbrasil.com\/es\/#website","url":"https:\/\/www.ritzbrasil.com\/es\/","name":"Equipamentos de Manuten\u00e7\u00e3o e Seguran\u00e7a para o Setor El\u00e9trico - Ritz Brasil","description":"","potentialAction":[{"@type":"SearchAction","target":{"@type":"EntryPoint","urlTemplate":"https:\/\/www.ritzbrasil.com\/es\/?s={search_term_string}"},"query-input":{"@type":"PropertyValueSpecification","valueRequired":true,"valueName":"search_term_string"}}],"inLanguage":"es"}]}},"_links":{"self":[{"href":"https:\/\/www.ritzbrasil.com\/es\/wp-json\/wp\/v2\/product\/61278","targetHints":{"allow":["GET"]}}],"collection":[{"href":"https:\/\/www.ritzbrasil.com\/es\/wp-json\/wp\/v2\/product"}],"about":[{"href":"https:\/\/www.ritzbrasil.com\/es\/wp-json\/wp\/v2\/types\/product"}],"wp:featuredmedia":[{"embeddable":true,"href":"https:\/\/www.ritzbrasil.com\/es\/wp-json\/wp\/v2\/media\/58283"}],"wp:attachment":[{"href":"https:\/\/www.ritzbrasil.com\/es\/wp-json\/wp\/v2\/media?parent=61278"}],"wp:term":[{"taxonomy":"product_brand","embeddable":true,"href":"https:\/\/www.ritzbrasil.com\/es\/wp-json\/wp\/v2\/product_brand?post=61278"},{"taxonomy":"product_cat","embeddable":true,"href":"https:\/\/www.ritzbrasil.com\/es\/wp-json\/wp\/v2\/product_cat?post=61278"},{"taxonomy":"product_tag","embeddable":true,"href":"https:\/\/www.ritzbrasil.com\/es\/wp-json\/wp\/v2\/product_tag?post=61278"}],"curies":[{"name":"wp","href":"https:\/\/api.w.org\/{rel}","templated":true}]}}