{"id":61259,"date":"2024-09-10T11:06:44","date_gmt":"2024-09-10T14:06:44","guid":{"rendered":"https:\/\/www.ritzbrasil.com\/produtos\/sin%20categor\u00eda\/escalera-con-doble-larguero\/"},"modified":"2026-02-25T16:58:52","modified_gmt":"2026-02-25T19:58:52","slug":"escalera-con-doble-larguero","status":"publish","type":"product","link":"https:\/\/www.ritzbrasil.com\/es\/produtos\/escaleras-plataformas-y-andamios-aislados\/escalera-con-doble-larguero\/","title":{"rendered":"Escalera con doble larguero"},"content":{"rendered":"<div class=\"wpb-content-wrapper\"><p>[vc_row][vc_column][vc_column_text css=\u00bb.vc_custom_1725977300751{margin-top: 20px !important;}\u00bb]<\/p>\n<h4><span style=\"color: #ff9900;\"><strong>Escalera sencilla<\/strong><\/span><\/h4>\n<p>[\/vc_column_text][vc_column_text css=\u00bb.vc_custom_1725985217521{margin-top: -20px !important;}\u00bb]\n<div id=\"tablepress-Escada-simples-Longarina-Dupla-scroll-wrapper\" class=\"tablepress-scroll-wrapper\">\n<table id=\"tablepress-Escada-simples-Longarina-Dupla\" class=\"tablepress tablepress-id-Escada-simples-Longarina-Dupla tablepress-responsive\">\n<thead>\n<tr class=\"row-1\">\n\t<td class=\"column-1\"><\/td><th class=\"column-2\">  Refer\u00eancias<\/th><th class=\"column-3\">Caracter\u00edstica<\/th><td class=\"column-4\"><\/td><td class=\"column-5\"><\/td>\n<\/tr>\n<\/thead>\n<tbody class=\"row-striping row-hover\">\n<tr class=\"row-2\">\n\t<td class=\"column-1\"><img decoding=\"async\" src=\"https:\/\/www.ritzbrasil.com\/wp-content\/uploads\/2024\/09\/es-lv-escada-simples-longarina-dupla-150x150-1.jpg\" \/><\/td><td class=\"column-2\">ES\/LV-28-CN-SB<\/td><td class=\"column-3\"><\/td><td class=\"column-4\">    <button class=\"add-to-budget\" data-table-id=\"Escada-simples-Longarina-Dupla\" data-reference=\"ES\/LV-28-CN-SB\" data-description=\"Escada Simples com Longarina Dupla\" style=\"color:#ff4d00;\">\n        <img decoding=\"async\" src=\"https:\/\/www.ritzbrasil.com\/\/wp-content\/uploads\/2024\/07\/orcar-compras-tabela-new-1.png\" alt=\"Solicitar cotizaci\u00f3n\" title=\"Solicitar cotizaci\u00f3n\" \/>\n    <\/button>\n    <\/td><td class=\"column-5\"><a href=\"https:\/\/lojasritz.com.br\/catalogsearch\/result\/?q=ES\/LV-28-CN-SB\" target=\"_blank\" rel=\"noopener\"><img decoding=\"async\" src=\"https:\/\/www.ritzbrasil.com\/wp-content\/uploads\/2024\/07\/carrinho-compras-tabela.png\"  \/><\/a><\/td>\n<\/tr>\n<tr class=\"row-3\">\n\t<td class=\"column-1\"><img decoding=\"async\" src=\"https:\/\/www.ritzbrasil.com\/wp-content\/uploads\/2024\/09\/es-lv-escada-simples-longarina-dupla-150x150-1.jpg\" \/><\/td><td class=\"column-2\">ES\/LV-37-CN-SB<\/td><td class=\"column-3\"><\/td><td class=\"column-4\">    <button class=\"add-to-budget\" data-table-id=\"Escada-simples-Longarina-Dupla\" data-reference=\"ES\/LV-37-CN-SB\" data-description=\"Escada Simples com Longarina Dupla\" style=\"color:#ff4d00;\">\n        <img decoding=\"async\" src=\"https:\/\/www.ritzbrasil.com\/\/wp-content\/uploads\/2024\/07\/orcar-compras-tabela-new-1.png\" alt=\"Solicitar cotizaci\u00f3n\" title=\"Solicitar cotizaci\u00f3n\" \/>\n    <\/button>\n    <\/td><td class=\"column-5\"><a href=\"https:\/\/lojasritz.com.br\/catalogsearch\/result\/?q=ES\/LV-37-CN-SB\" target=\"_blank\" rel=\"noopener\"><img decoding=\"async\" src=\"https:\/\/www.ritzbrasil.com\/wp-content\/uploads\/2024\/07\/carrinho-compras-tabela.png\"  \/><\/a><\/td>\n<\/tr>\n<tr class=\"row-4\">\n\t<td class=\"column-1\"><img decoding=\"async\" src=\"https:\/\/www.ritzbrasil.com\/wp-content\/uploads\/2024\/09\/es-lv-escada-simples-longarina-dupla-150x150-1.jpg\" \/><\/td><td class=\"column-2\">ES\/LV-46-CN-SB<\/td><td class=\"column-3\"><\/td><td class=\"column-4\">    <button class=\"add-to-budget\" data-table-id=\"Escada-simples-Longarina-Dupla\" data-reference=\"ES\/LV-46-CN-SB\" data-description=\"Escada Simples com Longarina Dupla\" style=\"color:#ff4d00;\">\n        <img decoding=\"async\" src=\"https:\/\/www.ritzbrasil.com\/\/wp-content\/uploads\/2024\/07\/orcar-compras-tabela-new-1.png\" alt=\"Solicitar cotizaci\u00f3n\" title=\"Solicitar cotizaci\u00f3n\" \/>\n    <\/button>\n    <\/td><td class=\"column-5\"><a href=\"https:\/\/lojasritz.com.br\/catalogsearch\/result\/?q=ES\/LV-46-CN-SB\" target=\"_blank\" rel=\"noopener\"><img decoding=\"async\" src=\"https:\/\/www.ritzbrasil.com\/wp-content\/uploads\/2024\/07\/carrinho-compras-tabela.png\"  \/><\/a><\/td>\n<\/tr>\n<tr class=\"row-5\">\n\t<td class=\"column-1\"><img decoding=\"async\" src=\"https:\/\/www.ritzbrasil.com\/wp-content\/uploads\/2024\/09\/es-lv-escada-simples-longarina-dupla-150x150-1.jpg\" \/><\/td><td class=\"column-2\">ES\/LV-59-CN-SB<\/td><td class=\"column-3\"><\/td><td class=\"column-4\">    <button class=\"add-to-budget\" data-table-id=\"Escada-simples-Longarina-Dupla\" data-reference=\"ES\/LV-59-CN-SB\" data-description=\"Escada Simples com Longarina Dupla\" style=\"color:#ff4d00;\">\n        <img decoding=\"async\" src=\"https:\/\/www.ritzbrasil.com\/\/wp-content\/uploads\/2024\/07\/orcar-compras-tabela-new-1.png\" alt=\"Solicitar cotizaci\u00f3n\" title=\"Solicitar cotizaci\u00f3n\" \/>\n    <\/button>\n    <\/td><td class=\"column-5\"><a href=\"https:\/\/lojasritz.com.br\/catalogsearch\/result\/?q=ES\/LV-59-CN-SB\" target=\"_blank\" rel=\"noopener\"><img decoding=\"async\" src=\"https:\/\/www.ritzbrasil.com\/wp-content\/uploads\/2024\/07\/carrinho-compras-tabela.png\"  \/><\/a><\/td>\n<\/tr>\n<\/tbody>\n<\/table>\n<\/div>\n[\/vc_column_text][vc_column_text css=\u00bb.vc_custom_1725977322679{margin-top: -20px !important;}\u00bb]Anchura interior entre ra\u00edles: 293 mm<br \/>\nDistancia entre pelda\u00f1os: 305 mm[\/vc_column_text][vc_separator border_width=\u00bb2&#8243; css=\u00bb\u00bb][\/vc_column][\/vc_row][vc_row][vc_column][vc_column_text css=\u00bb.vc_custom_1725985192813{margin-top: 20px !important;}\u00bb]<\/p>\n<h4><span style=\"color: #ff9900;\"><strong>Escalera extensible<\/strong><\/span><\/h4>\n<p>[\/vc_column_text][vc_column_text css=\u00bb.vc_custom_1726144811422{margin-top: -20px !important;}\u00bb]\n<div id=\"tablepress-Escada-Extensivel-Longarina-Dupla-scroll-wrapper\" class=\"tablepress-scroll-wrapper\">\n<table id=\"tablepress-Escada-Extensivel-Longarina-Dupla\" class=\"tablepress tablepress-id-Escada-Extensivel-Longarina-Dupla tablepress-responsive\">\n<thead>\n<tr class=\"row-1\">\n\t<td class=\"column-1\"><\/td><th class=\"column-2\">  Refer\u00eancias<\/th><th class=\"column-3\">Caracter\u00edstica<\/th><td class=\"column-4\"><\/td><td class=\"column-5\"><\/td>\n<\/tr>\n<\/thead>\n<tbody class=\"row-striping row-hover\">\n<tr class=\"row-2\">\n\t<td class=\"column-1\"><img decoding=\"async\" src=\"https:\/\/www.ritzbrasil.com\/wp-content\/uploads\/2024\/09\/ee-lv-escada-extensivel-longarina-dupla-150x150-1.jpg\" \/><\/td><td class=\"column-2\">EE\/LV-96-CN-SB<\/td><td class=\"column-3\"><\/td><td class=\"column-4\">    <button class=\"add-to-budget\" data-table-id=\"Escada-Extensivel-Longarina-Dupla\" data-reference=\"EE\/LV-96-CN-SB\" data-description=\"Escada Extens\u00edvel com Longarina Dupla\" style=\"color:#ff4d00;\">\n        <img decoding=\"async\" src=\"https:\/\/www.ritzbrasil.com\/\/wp-content\/uploads\/2024\/07\/orcar-compras-tabela-new-1.png\" alt=\"Solicitar cotizaci\u00f3n\" title=\"Solicitar cotizaci\u00f3n\" \/>\n    <\/button>\n    <\/td><td class=\"column-5\"><a href=\"https:\/\/lojasritz.com.br\/catalogsearch\/result\/?q=EE\/LV-96-CN-SB\" target=\"_blank\" rel=\"noopener\"><img decoding=\"async\" src=\"https:\/\/www.ritzbrasil.com\/wp-content\/uploads\/2024\/07\/carrinho-compras-tabela.png\"  \/><\/a><\/td>\n<\/tr>\n<tr class=\"row-3\">\n\t<td class=\"column-1\"><img decoding=\"async\" src=\"https:\/\/www.ritzbrasil.com\/wp-content\/uploads\/2024\/09\/ee-lv-escada-extensivel-longarina-dupla-150x150-1.jpg\" \/><\/td><td class=\"column-2\">EE\/LV-108-CN-SB<\/td><td class=\"column-3\"><\/td><td class=\"column-4\">    <button class=\"add-to-budget\" data-table-id=\"Escada-Extensivel-Longarina-Dupla\" data-reference=\"EE\/LV-108-CN-SB\" data-description=\"Escada Extens\u00edvel com Longarina Dupla\" style=\"color:#ff4d00;\">\n        <img decoding=\"async\" src=\"https:\/\/www.ritzbrasil.com\/\/wp-content\/uploads\/2024\/07\/orcar-compras-tabela-new-1.png\" alt=\"Solicitar cotizaci\u00f3n\" title=\"Solicitar cotizaci\u00f3n\" \/>\n    <\/button>\n    <\/td><td class=\"column-5\"><a href=\"https:\/\/lojasritz.com.br\/catalogsearch\/result\/?q=EE\/LV-108-CN-SB\" target=\"_blank\" rel=\"noopener\"><img decoding=\"async\" src=\"https:\/\/www.ritzbrasil.com\/wp-content\/uploads\/2024\/07\/carrinho-compras-tabela.png\"  \/><\/a><\/td>\n<\/tr>\n<tr class=\"row-4\">\n\t<td class=\"column-1\"><img decoding=\"async\" src=\"https:\/\/www.ritzbrasil.com\/wp-content\/uploads\/2024\/09\/ee-lv-escada-extensivel-longarina-dupla-150x150-1.jpg\" \/><\/td><td class=\"column-2\">EE\/LV-120-CN-SB<\/td><td class=\"column-3\"><\/td><td class=\"column-4\">    <button class=\"add-to-budget\" data-table-id=\"Escada-Extensivel-Longarina-Dupla\" data-reference=\"EE\/LV-120-CN-SB\" data-description=\"Escada Extens\u00edvel com Longarina Dupla\" style=\"color:#ff4d00;\">\n        <img decoding=\"async\" src=\"https:\/\/www.ritzbrasil.com\/\/wp-content\/uploads\/2024\/07\/orcar-compras-tabela-new-1.png\" alt=\"Solicitar cotizaci\u00f3n\" title=\"Solicitar cotizaci\u00f3n\" \/>\n    <\/button>\n    <\/td><td class=\"column-5\"><a href=\"https:\/\/lojasritz.com.br\/catalogsearch\/result\/?q=EE\/LV-120-CN-SB\" target=\"_blank\" rel=\"noopener\"><img decoding=\"async\" src=\"https:\/\/www.ritzbrasil.com\/wp-content\/uploads\/2024\/07\/carrinho-compras-tabela.png\"  \/><\/a><\/td>\n<\/tr>\n<\/tbody>\n<\/table>\n<\/div>\n[\/vc_column_text][vc_column_text css=\u00bb.vc_custom_1725985277339{margin-top: -20px !important;}\u00bb]Anchura interior entre ra\u00edles: Base &#8211; 293 mm | Punta &#8211; 295 mm<br \/>\nDistancia entre pelda\u00f1os: 305 mm[\/vc_column_text][vc_separator border_width=\u00bb2&#8243; css=\u00bb\u00bb][\/vc_column][\/vc_row][vc_row][vc_column][vc_column_text css=\u00bb.vc_custom_1725977989397{margin-top: 20px !important;}\u00bb]<\/p>\n<h4><span style=\"color: #ff9900;\"><strong>Escalera trapecio con gancho de suspensi\u00f3n de 8<\/strong><\/span><\/h4>\n<p>[\/vc_column_text][vc_column_text css=\u00bb.vc_custom_1726145185899{margin-top: -20px !important;}\u00bb]\n<div id=\"tablepress-Escada-Tipo-Trapezio-Gancho-8-Suspensao-scroll-wrapper\" class=\"tablepress-scroll-wrapper\">\n<table id=\"tablepress-Escada-Tipo-Trapezio-Gancho-8-Suspensao\" class=\"tablepress tablepress-id-Escada-Tipo-Trapezio-Gancho-8-Suspensao tablepress-responsive\">\n<thead>\n<tr class=\"row-1\">\n\t<td class=\"column-1\"><\/td><th class=\"column-2\">  Refer\u00eancias<\/th><th class=\"column-3\">Caracter\u00edstica<\/th><td class=\"column-4\"><\/td><td class=\"column-5\"><\/td>\n<\/tr>\n<\/thead>\n<tbody class=\"row-striping row-hover\">\n<tr class=\"row-2\">\n\t<td class=\"column-1\"><img decoding=\"async\" src=\"https:\/\/www.ritzbrasil.com\/wp-content\/uploads\/2024\/09\/et-lv-escada-tipo-trapezio-gancho-suspensao-150x150-1.jpg\" \/><\/td><td class=\"column-2\">ET\/LV-28<\/td><td class=\"column-3\"><\/td><td class=\"column-4\">    <button class=\"add-to-budget\" data-table-id=\"Escada-Tipo-Trapezio-Gancho-8-Suspensao\" data-reference=\"ET\/LV-28\" data-description=\"Escada Tipo Trap\u00e9zio com Gancho de 8\u201d para Suspens\u00e3o\" style=\"color:#ff4d00;\">\n        <img decoding=\"async\" src=\"https:\/\/www.ritzbrasil.com\/\/wp-content\/uploads\/2024\/07\/orcar-compras-tabela-new-1.png\" alt=\"Solicitar cotizaci\u00f3n\" title=\"Solicitar cotizaci\u00f3n\" \/>\n    <\/button>\n    <\/td><td class=\"column-5\"><a href=\"https:\/\/lojasritz.com.br\/catalogsearch\/result\/?q=ET\/LV-28\" target=\"_blank\" rel=\"noopener\"><img decoding=\"async\" src=\"https:\/\/www.ritzbrasil.com\/wp-content\/uploads\/2024\/07\/carrinho-compras-tabela.png\"  \/><\/a><\/td>\n<\/tr>\n<tr class=\"row-3\">\n\t<td class=\"column-1\"><img decoding=\"async\" src=\"https:\/\/www.ritzbrasil.com\/wp-content\/uploads\/2024\/09\/et-lv-escada-tipo-trapezio-gancho-suspensao-150x150-1.jpg\" \/><\/td><td class=\"column-2\">ET\/LV-37<\/td><td class=\"column-3\"><\/td><td class=\"column-4\">    <button class=\"add-to-budget\" data-table-id=\"Escada-Tipo-Trapezio-Gancho-8-Suspensao\" data-reference=\"ET\/LV-37\" data-description=\"Escada Tipo Trap\u00e9zio com Gancho de 8\u201d para Suspens\u00e3o\" style=\"color:#ff4d00;\">\n        <img decoding=\"async\" src=\"https:\/\/www.ritzbrasil.com\/\/wp-content\/uploads\/2024\/07\/orcar-compras-tabela-new-1.png\" alt=\"Solicitar cotizaci\u00f3n\" title=\"Solicitar cotizaci\u00f3n\" \/>\n    <\/button>\n    <\/td><td class=\"column-5\"><a href=\"https:\/\/lojasritz.com.br\/catalogsearch\/result\/?q=ET\/LV-37\" target=\"_blank\" rel=\"noopener\"><img decoding=\"async\" src=\"https:\/\/www.ritzbrasil.com\/wp-content\/uploads\/2024\/07\/carrinho-compras-tabela.png\"  \/><\/a><\/td>\n<\/tr>\n<tr class=\"row-4\">\n\t<td class=\"column-1\"><img decoding=\"async\" src=\"https:\/\/www.ritzbrasil.com\/wp-content\/uploads\/2024\/09\/et-lv-escada-tipo-trapezio-gancho-suspensao-150x150-1.jpg\" \/><\/td><td class=\"column-2\">ET\/LV-46<\/td><td class=\"column-3\"><\/td><td class=\"column-4\">    <button class=\"add-to-budget\" data-table-id=\"Escada-Tipo-Trapezio-Gancho-8-Suspensao\" data-reference=\"ET\/LV-46\" data-description=\"Escada Tipo Trap\u00e9zio com Gancho de 8\u201d para Suspens\u00e3o\" style=\"color:#ff4d00;\">\n        <img decoding=\"async\" src=\"https:\/\/www.ritzbrasil.com\/\/wp-content\/uploads\/2024\/07\/orcar-compras-tabela-new-1.png\" alt=\"Solicitar cotizaci\u00f3n\" title=\"Solicitar cotizaci\u00f3n\" \/>\n    <\/button>\n    <\/td><td class=\"column-5\"><a href=\"https:\/\/lojasritz.com.br\/catalogsearch\/result\/?q=ET\/LV-46\" target=\"_blank\" rel=\"noopener\"><img decoding=\"async\" src=\"https:\/\/www.ritzbrasil.com\/wp-content\/uploads\/2024\/07\/carrinho-compras-tabela.png\"  \/><\/a><\/td>\n<\/tr>\n<tr class=\"row-5\">\n\t<td class=\"column-1\"><img decoding=\"async\" src=\"https:\/\/www.ritzbrasil.com\/wp-content\/uploads\/2024\/09\/et-lv-escada-tipo-trapezio-gancho-suspensao-150x150-1.jpg\" \/><\/td><td class=\"column-2\">ET\/LV-59<\/td><td class=\"column-3\"><\/td><td class=\"column-4\">    <button class=\"add-to-budget\" data-table-id=\"Escada-Tipo-Trapezio-Gancho-8-Suspensao\" data-reference=\"ET\/LV-59\" data-description=\"Escada Tipo Trap\u00e9zio com Gancho de 8\u201d para Suspens\u00e3o\" style=\"color:#ff4d00;\">\n        <img decoding=\"async\" src=\"https:\/\/www.ritzbrasil.com\/\/wp-content\/uploads\/2024\/07\/orcar-compras-tabela-new-1.png\" alt=\"Solicitar cotizaci\u00f3n\" title=\"Solicitar cotizaci\u00f3n\" \/>\n    <\/button>\n    <\/td><td class=\"column-5\"><a href=\"https:\/\/lojasritz.com.br\/catalogsearch\/result\/?q=ET\/LV-59\" target=\"_blank\" rel=\"noopener\"><img decoding=\"async\" src=\"https:\/\/www.ritzbrasil.com\/wp-content\/uploads\/2024\/07\/carrinho-compras-tabela.png\"  \/><\/a><\/td>\n<\/tr>\n<\/tbody>\n<\/table>\n<\/div>\n[\/vc_column_text][vc_column_text css=\u00bb.vc_custom_1725978064580{margin-top: -20px !important;}\u00bb]Anchura interior entre ra\u00edles: 365 mm<br \/>\nDistancia entre pelda\u00f1os: 305 mm[\/vc_column_text][vc_separator border_width=\u00bb2&#8243; css=\u00bb\u00bb][\/vc_column][\/vc_row]<\/p>\n<\/div>","protected":false},"excerpt":{"rendered":"<h4><span style=\"color: #ff9900;\"><strong>Escalera con doble larguero<\/strong><\/span><\/h4>\n<p>Ensamblado con tubos RITZGLAS\u00ae, es apto para trabajar en l\u00edneas en tensi\u00f3n y puede utilizarse en instalaciones energizadas de hasta 500 kV.<\/p>\n<p>Las escaleras simples y extensibles est\u00e1n equipadas con una correa de respaldo de nailon engomado y almohadillas de goma fijas.<\/p>\n<p>Las escaleras trapezoidales tienen extremos de aluminio y ganchos de 8&#8243; para trabajos suspendidos. No deben utilizarse en posici\u00f3n horizontal.<\/p>\n<p>Todas las escaleras se suministran con bolsas para su transporte y embalaje.<\/p>\n<p><strong>NOTAS<\/strong><br \/>\n&#8211; Las escaleras de extensi\u00f3n deben estar arriostradas mediante c\u00e1ncamos fijados a la parte superior del elemento base.<br \/>\n&#8211; Cuando sea necesario, se realizar\u00e1n pruebas de flexi\u00f3n con una extensi\u00f3n m\u00e1xima de 8,50 metros.<\/p>\n","protected":false},"featured_media":58393,"template":"","meta":[],"product_brand":[],"product_cat":[2774],"product_tag":[3069,3070,3068,3064,3065,3066,3067,3071,3072,3073,3074],"class_list":{"0":"post-61259","1":"product","2":"type-product","3":"status-publish","4":"has-post-thumbnail","6":"product_cat-escaleras-plataformas-y-andamios-aislados","7":"product_tag-ee-lv-108-cn-sb-es","8":"product_tag-ee-lv-120-cn-sb-es","9":"product_tag-ee-lv-96-cn-sb-es","10":"product_tag-es-lv-28-cn-sb-es","11":"product_tag-es-lv-37-cn-sb-es","12":"product_tag-es-lv-46-cn-sb-es","13":"product_tag-es-lv-59-cn-sb-es","14":"product_tag-et-lv-28-es","15":"product_tag-et-lv-37-es","16":"product_tag-et-lv-46-es","17":"product_tag-et-lv-59-es","18":"description-off","20":"first","21":"instock","22":"virtual","23":"product-type-simple"},"yoast_head":"<!-- This site is optimized with the Yoast SEO plugin v27.1.1 - https:\/\/yoast.com\/product\/yoast-seo-wordpress\/ -->\n<title>Escalera con doble larguero<\/title>\n<meta name=\"description\" content=\"Escalera con doble larguero de RITZGLAS\u00ae, ideal para l\u00edneas en tensi\u00f3n de hasta 500 kV, con cinta de tope de nailon y zapatas de goma.\" \/>\n<meta name=\"robots\" content=\"index, follow, max-snippet:-1, max-image-preview:large, max-video-preview:-1\" \/>\n<link rel=\"canonical\" href=\"https:\/\/www.ritzbrasil.com\/es\/produtos\/escaleras-plataformas-y-andamios-aislados\/escalera-con-doble-larguero\/\" \/>\n<meta property=\"og:locale\" content=\"es_ES\" \/>\n<meta property=\"og:type\" content=\"article\" \/>\n<meta property=\"og:title\" content=\"Escalera con doble larguero\" \/>\n<meta property=\"og:description\" content=\"Escalera con doble larguero de RITZGLAS\u00ae, ideal para l\u00edneas en tensi\u00f3n de hasta 500 kV, con cinta de tope de nailon y zapatas de goma.\" \/>\n<meta property=\"og:url\" content=\"https:\/\/www.ritzbrasil.com\/es\/produtos\/escaleras-plataformas-y-andamios-aislados\/escalera-con-doble-larguero\/\" \/>\n<meta property=\"og:site_name\" content=\"Equipamentos de Manuten\u00e7\u00e3o e Seguran\u00e7a para o Setor El\u00e9trico - Ritz Brasil\" \/>\n<meta property=\"article:modified_time\" content=\"2026-02-25T19:58:52+00:00\" \/>\n<meta property=\"og:image\" content=\"https:\/\/www.ritzbrasil.com\/wp-content\/uploads\/2024\/09\/escada-linha-viva.jpg\" \/>\n\t<meta property=\"og:image:width\" content=\"1200\" \/>\n\t<meta property=\"og:image:height\" content=\"1200\" \/>\n\t<meta property=\"og:image:type\" content=\"image\/jpeg\" \/>\n<meta name=\"twitter:card\" content=\"summary_large_image\" \/>\n<meta name=\"twitter:label1\" content=\"Tiempo de lectura\" \/>\n\t<meta name=\"twitter:data1\" content=\"1 minuto\" \/>\n<script type=\"application\/ld+json\" class=\"yoast-schema-graph\">{\"@context\":\"https:\/\/schema.org\",\"@graph\":[{\"@type\":\"WebPage\",\"@id\":\"https:\/\/www.ritzbrasil.com\/es\/produtos\/escaleras-plataformas-y-andamios-aislados\/escalera-con-doble-larguero\/\",\"url\":\"https:\/\/www.ritzbrasil.com\/es\/produtos\/escaleras-plataformas-y-andamios-aislados\/escalera-con-doble-larguero\/\",\"name\":\"Escalera con doble larguero\",\"isPartOf\":{\"@id\":\"https:\/\/www.ritzbrasil.com\/es\/#website\"},\"primaryImageOfPage\":{\"@id\":\"https:\/\/www.ritzbrasil.com\/es\/produtos\/escaleras-plataformas-y-andamios-aislados\/escalera-con-doble-larguero\/#primaryimage\"},\"image\":{\"@id\":\"https:\/\/www.ritzbrasil.com\/es\/produtos\/escaleras-plataformas-y-andamios-aislados\/escalera-con-doble-larguero\/#primaryimage\"},\"thumbnailUrl\":\"https:\/\/www.ritzbrasil.com\/wp-content\/uploads\/2024\/09\/escada-linha-viva.jpg\",\"datePublished\":\"2024-09-10T14:06:44+00:00\",\"dateModified\":\"2026-02-25T19:58:52+00:00\",\"description\":\"Escalera con doble larguero de RITZGLAS\u00ae, ideal para l\u00edneas en tensi\u00f3n de hasta 500 kV, con cinta de tope de nailon y zapatas de goma.\",\"breadcrumb\":{\"@id\":\"https:\/\/www.ritzbrasil.com\/es\/produtos\/escaleras-plataformas-y-andamios-aislados\/escalera-con-doble-larguero\/#breadcrumb\"},\"inLanguage\":\"es\",\"potentialAction\":[{\"@type\":\"ReadAction\",\"target\":[\"https:\/\/www.ritzbrasil.com\/es\/produtos\/escaleras-plataformas-y-andamios-aislados\/escalera-con-doble-larguero\/\"]}]},{\"@type\":\"ImageObject\",\"inLanguage\":\"es\",\"@id\":\"https:\/\/www.ritzbrasil.com\/es\/produtos\/escaleras-plataformas-y-andamios-aislados\/escalera-con-doble-larguero\/#primaryimage\",\"url\":\"https:\/\/www.ritzbrasil.com\/wp-content\/uploads\/2024\/09\/escada-linha-viva.jpg\",\"contentUrl\":\"https:\/\/www.ritzbrasil.com\/wp-content\/uploads\/2024\/09\/escada-linha-viva.jpg\",\"width\":1200,\"height\":1200,\"caption\":\"Escalera de l\u00ednea viva\"},{\"@type\":\"BreadcrumbList\",\"@id\":\"https:\/\/www.ritzbrasil.com\/es\/produtos\/escaleras-plataformas-y-andamios-aislados\/escalera-con-doble-larguero\/#breadcrumb\",\"itemListElement\":[{\"@type\":\"ListItem\",\"position\":1,\"name\":\"In\u00edcio\",\"item\":\"https:\/\/www.ritzbrasil.com\/es\/\"},{\"@type\":\"ListItem\",\"position\":2,\"name\":\"Tienda\",\"item\":\"https:\/\/www.ritzbrasil.com\/es\/tienda\/\"},{\"@type\":\"ListItem\",\"position\":3,\"name\":\"Escalera con doble larguero\"}]},{\"@type\":\"WebSite\",\"@id\":\"https:\/\/www.ritzbrasil.com\/es\/#website\",\"url\":\"https:\/\/www.ritzbrasil.com\/es\/\",\"name\":\"Equipamentos de Manuten\u00e7\u00e3o e Seguran\u00e7a para o Setor El\u00e9trico - Ritz Brasil\",\"description\":\"\",\"potentialAction\":[{\"@type\":\"SearchAction\",\"target\":{\"@type\":\"EntryPoint\",\"urlTemplate\":\"https:\/\/www.ritzbrasil.com\/es\/?s={search_term_string}\"},\"query-input\":{\"@type\":\"PropertyValueSpecification\",\"valueRequired\":true,\"valueName\":\"search_term_string\"}}],\"inLanguage\":\"es\"}]}<\/script>\n<!-- \/ Yoast SEO plugin. -->","yoast_head_json":{"title":"Escalera con doble larguero","description":"Escalera con doble larguero de RITZGLAS\u00ae, ideal para l\u00edneas en tensi\u00f3n de hasta 500 kV, con cinta de tope de nailon y zapatas de goma.","robots":{"index":"index","follow":"follow","max-snippet":"max-snippet:-1","max-image-preview":"max-image-preview:large","max-video-preview":"max-video-preview:-1"},"canonical":"https:\/\/www.ritzbrasil.com\/es\/produtos\/escaleras-plataformas-y-andamios-aislados\/escalera-con-doble-larguero\/","og_locale":"es_ES","og_type":"article","og_title":"Escalera con doble larguero","og_description":"Escalera con doble larguero de RITZGLAS\u00ae, ideal para l\u00edneas en tensi\u00f3n de hasta 500 kV, con cinta de tope de nailon y zapatas de goma.","og_url":"https:\/\/www.ritzbrasil.com\/es\/produtos\/escaleras-plataformas-y-andamios-aislados\/escalera-con-doble-larguero\/","og_site_name":"Equipamentos de Manuten\u00e7\u00e3o e Seguran\u00e7a para o Setor El\u00e9trico - Ritz Brasil","article_modified_time":"2026-02-25T19:58:52+00:00","og_image":[{"width":1200,"height":1200,"url":"https:\/\/www.ritzbrasil.com\/wp-content\/uploads\/2024\/09\/escada-linha-viva.jpg","type":"image\/jpeg"}],"twitter_card":"summary_large_image","twitter_misc":{"Tiempo de lectura":"1 minuto"},"schema":{"@context":"https:\/\/schema.org","@graph":[{"@type":"WebPage","@id":"https:\/\/www.ritzbrasil.com\/es\/produtos\/escaleras-plataformas-y-andamios-aislados\/escalera-con-doble-larguero\/","url":"https:\/\/www.ritzbrasil.com\/es\/produtos\/escaleras-plataformas-y-andamios-aislados\/escalera-con-doble-larguero\/","name":"Escalera con doble larguero","isPartOf":{"@id":"https:\/\/www.ritzbrasil.com\/es\/#website"},"primaryImageOfPage":{"@id":"https:\/\/www.ritzbrasil.com\/es\/produtos\/escaleras-plataformas-y-andamios-aislados\/escalera-con-doble-larguero\/#primaryimage"},"image":{"@id":"https:\/\/www.ritzbrasil.com\/es\/produtos\/escaleras-plataformas-y-andamios-aislados\/escalera-con-doble-larguero\/#primaryimage"},"thumbnailUrl":"https:\/\/www.ritzbrasil.com\/wp-content\/uploads\/2024\/09\/escada-linha-viva.jpg","datePublished":"2024-09-10T14:06:44+00:00","dateModified":"2026-02-25T19:58:52+00:00","description":"Escalera con doble larguero de RITZGLAS\u00ae, ideal para l\u00edneas en tensi\u00f3n de hasta 500 kV, con cinta de tope de nailon y zapatas de goma.","breadcrumb":{"@id":"https:\/\/www.ritzbrasil.com\/es\/produtos\/escaleras-plataformas-y-andamios-aislados\/escalera-con-doble-larguero\/#breadcrumb"},"inLanguage":"es","potentialAction":[{"@type":"ReadAction","target":["https:\/\/www.ritzbrasil.com\/es\/produtos\/escaleras-plataformas-y-andamios-aislados\/escalera-con-doble-larguero\/"]}]},{"@type":"ImageObject","inLanguage":"es","@id":"https:\/\/www.ritzbrasil.com\/es\/produtos\/escaleras-plataformas-y-andamios-aislados\/escalera-con-doble-larguero\/#primaryimage","url":"https:\/\/www.ritzbrasil.com\/wp-content\/uploads\/2024\/09\/escada-linha-viva.jpg","contentUrl":"https:\/\/www.ritzbrasil.com\/wp-content\/uploads\/2024\/09\/escada-linha-viva.jpg","width":1200,"height":1200,"caption":"Escalera de l\u00ednea viva"},{"@type":"BreadcrumbList","@id":"https:\/\/www.ritzbrasil.com\/es\/produtos\/escaleras-plataformas-y-andamios-aislados\/escalera-con-doble-larguero\/#breadcrumb","itemListElement":[{"@type":"ListItem","position":1,"name":"In\u00edcio","item":"https:\/\/www.ritzbrasil.com\/es\/"},{"@type":"ListItem","position":2,"name":"Tienda","item":"https:\/\/www.ritzbrasil.com\/es\/tienda\/"},{"@type":"ListItem","position":3,"name":"Escalera con doble larguero"}]},{"@type":"WebSite","@id":"https:\/\/www.ritzbrasil.com\/es\/#website","url":"https:\/\/www.ritzbrasil.com\/es\/","name":"Equipamentos de Manuten\u00e7\u00e3o e Seguran\u00e7a para o Setor El\u00e9trico - Ritz Brasil","description":"","potentialAction":[{"@type":"SearchAction","target":{"@type":"EntryPoint","urlTemplate":"https:\/\/www.ritzbrasil.com\/es\/?s={search_term_string}"},"query-input":{"@type":"PropertyValueSpecification","valueRequired":true,"valueName":"search_term_string"}}],"inLanguage":"es"}]}},"_links":{"self":[{"href":"https:\/\/www.ritzbrasil.com\/es\/wp-json\/wp\/v2\/product\/61259","targetHints":{"allow":["GET"]}}],"collection":[{"href":"https:\/\/www.ritzbrasil.com\/es\/wp-json\/wp\/v2\/product"}],"about":[{"href":"https:\/\/www.ritzbrasil.com\/es\/wp-json\/wp\/v2\/types\/product"}],"wp:featuredmedia":[{"embeddable":true,"href":"https:\/\/www.ritzbrasil.com\/es\/wp-json\/wp\/v2\/media\/58393"}],"wp:attachment":[{"href":"https:\/\/www.ritzbrasil.com\/es\/wp-json\/wp\/v2\/media?parent=61259"}],"wp:term":[{"taxonomy":"product_brand","embeddable":true,"href":"https:\/\/www.ritzbrasil.com\/es\/wp-json\/wp\/v2\/product_brand?post=61259"},{"taxonomy":"product_cat","embeddable":true,"href":"https:\/\/www.ritzbrasil.com\/es\/wp-json\/wp\/v2\/product_cat?post=61259"},{"taxonomy":"product_tag","embeddable":true,"href":"https:\/\/www.ritzbrasil.com\/es\/wp-json\/wp\/v2\/product_tag?post=61259"}],"curies":[{"name":"wp","href":"https:\/\/api.w.org\/{rel}","templated":true}]}}