{"id":61246,"date":"2024-09-10T10:44:46","date_gmt":"2024-09-10T13:44:46","guid":{"rendered":"https:\/\/www.ritzbrasil.com\/produtos\/sin%20categor\u00eda\/gancho-ajustable-para-escaleras\/"},"modified":"2026-02-25T16:58:56","modified_gmt":"2026-02-25T19:58:56","slug":"gancho-ajustable-para-escaleras","status":"publish","type":"product","link":"https:\/\/www.ritzbrasil.com\/es\/produtos\/escaleras-plataformas-y-andamios-aislados\/gancho-ajustable-para-escaleras\/","title":{"rendered":"Gancho ajustable para escaleras"},"content":{"rendered":"<div class=\"wpb-content-wrapper\"><p>[vc_row][vc_column][vc_column_text css=\u00bb.vc_custom_1725975499890{margin-top: 20px !important;}\u00bb]<\/p>\n<h4><span style=\"color: #ff9900;\"><strong>Gancho ajustable para escaleras<\/strong><\/span><\/h4>\n<p>[\/vc_column_text][vc_column_text css=\u00bb.vc_custom_1725986139307{margin-top: -20px !important;}\u00bb]\n<div id=\"tablepress-Gancho-Ajustavel-Escadas-scroll-wrapper\" class=\"tablepress-scroll-wrapper\">\n<table id=\"tablepress-Gancho-Ajustavel-Escadas\" class=\"tablepress tablepress-id-Gancho-Ajustavel-Escadas tablepress-responsive\">\n<thead>\n<tr class=\"row-1\">\n\t<td class=\"column-1\"><\/td><th class=\"column-2\">  Refer\u00eancias<\/th><th class=\"column-3\">Caracter\u00edstica<\/th><td class=\"column-4\"><\/td><td class=\"column-5\"><\/td>\n<\/tr>\n<\/thead>\n<tbody class=\"row-striping row-hover\">\n<tr class=\"row-2\">\n\t<td class=\"column-1\"><img decoding=\"async\" src=\"https:\/\/www.ritzbrasil.com\/wp-content\/uploads\/2024\/09\/rh4905-1-gancho-ajustavel-escadas-150x150-1.jpg\" \/><\/td><td class=\"column-2\">RH4904-1<\/td><td class=\"column-3\">Gancho 8\u201d<br \/>\n(203 mm)<\/td><td class=\"column-4\">    <button class=\"add-to-budget\" data-table-id=\"Gancho-Ajustavel-Escadas\" data-reference=\"RH4904-1\" data-description=\"Gancho Ajust\u00e1vel para Escadas\" style=\"color:#ff4d00;\">\n        <img decoding=\"async\" src=\"https:\/\/www.ritzbrasil.com\/\/wp-content\/uploads\/2024\/07\/orcar-compras-tabela-new-1.png\" alt=\"Solicitar cotizaci\u00f3n\" title=\"Solicitar cotizaci\u00f3n\" \/>\n    <\/button>\n    <\/td><td class=\"column-5\"><a href=\"https:\/\/lojasritz.com.br\/catalogsearch\/result\/?q=RH4904-1\" target=\"_blank\" rel=\"noopener\"><img decoding=\"async\" src=\"https:\/\/www.ritzbrasil.com\/wp-content\/uploads\/2024\/07\/carrinho-compras-tabela.png\"  \/><\/a><\/td>\n<\/tr>\n<tr class=\"row-3\">\n\t<td class=\"column-1\"><img decoding=\"async\" src=\"https:\/\/www.ritzbrasil.com\/wp-content\/uploads\/2024\/09\/rh4905-1-gancho-ajustavel-escadas-150x150-1.jpg\" \/><\/td><td class=\"column-2\">RH4924-1<\/td><td class=\"column-3\">Gancho 14\u201d<br \/>\n(356 mm)<\/td><td class=\"column-4\">    <button class=\"add-to-budget\" data-table-id=\"Gancho-Ajustavel-Escadas\" data-reference=\"RH4924-1\" data-description=\"Gancho Ajust\u00e1vel para Escadas\" style=\"color:#ff4d00;\">\n        <img decoding=\"async\" src=\"https:\/\/www.ritzbrasil.com\/\/wp-content\/uploads\/2024\/07\/orcar-compras-tabela-new-1.png\" alt=\"Solicitar cotizaci\u00f3n\" title=\"Solicitar cotizaci\u00f3n\" \/>\n    <\/button>\n    <\/td><td class=\"column-5\"><a href=\"https:\/\/lojasritz.com.br\/catalogsearch\/result\/?q=RH4924-1\" target=\"_blank\" rel=\"noopener\"><img decoding=\"async\" src=\"https:\/\/www.ritzbrasil.com\/wp-content\/uploads\/2024\/07\/carrinho-compras-tabela.png\"  \/><\/a><\/td>\n<\/tr>\n<tr class=\"row-4\">\n\t<td class=\"column-1\"><img decoding=\"async\" src=\"https:\/\/www.ritzbrasil.com\/wp-content\/uploads\/2024\/09\/rh4905-1-gancho-ajustavel-escadas-150x150-1.jpg\" \/><\/td><td class=\"column-2\">RH4905-1<\/td><td class=\"column-3\">Gancho 8\u201d<br \/>\n(203 mm)<\/td><td class=\"column-4\">    <button class=\"add-to-budget\" data-table-id=\"Gancho-Ajustavel-Escadas\" data-reference=\"RH4905-1\" data-description=\"Gancho Ajust\u00e1vel para Escadas\" style=\"color:#ff4d00;\">\n        <img decoding=\"async\" src=\"https:\/\/www.ritzbrasil.com\/\/wp-content\/uploads\/2024\/07\/orcar-compras-tabela-new-1.png\" alt=\"Solicitar cotizaci\u00f3n\" title=\"Solicitar cotizaci\u00f3n\" \/>\n    <\/button>\n    <\/td><td class=\"column-5\"><a href=\"https:\/\/lojasritz.com.br\/catalogsearch\/result\/?q=RH4905-1\" target=\"_blank\" rel=\"noopener\"><img decoding=\"async\" src=\"https:\/\/www.ritzbrasil.com\/wp-content\/uploads\/2024\/07\/carrinho-compras-tabela.png\"  \/><\/a><\/td>\n<\/tr>\n<tr class=\"row-5\">\n\t<td class=\"column-1\"><img decoding=\"async\" src=\"https:\/\/www.ritzbrasil.com\/wp-content\/uploads\/2024\/09\/rh4905-1-gancho-ajustavel-escadas-150x150-1.jpg\" \/><\/td><td class=\"column-2\">RH4925-1<\/td><td class=\"column-3\">Gancho 14\u201d<br \/>\n(356 mm)<\/td><td class=\"column-4\">    <button class=\"add-to-budget\" data-table-id=\"Gancho-Ajustavel-Escadas\" data-reference=\"RH4925-1\" data-description=\"Gancho Ajust\u00e1vel para Escadas\" style=\"color:#ff4d00;\">\n        <img decoding=\"async\" src=\"https:\/\/www.ritzbrasil.com\/\/wp-content\/uploads\/2024\/07\/orcar-compras-tabela-new-1.png\" alt=\"Solicitar cotizaci\u00f3n\" title=\"Solicitar cotizaci\u00f3n\" \/>\n    <\/button>\n    <\/td><td class=\"column-5\"><a href=\"https:\/\/lojasritz.com.br\/catalogsearch\/result\/?q=RH4925-1\" target=\"_blank\" rel=\"noopener\"><img decoding=\"async\" src=\"https:\/\/www.ritzbrasil.com\/wp-content\/uploads\/2024\/07\/carrinho-compras-tabela.png\"  \/><\/a><\/td>\n<\/tr>\n<tr class=\"row-6\">\n\t<td class=\"column-1\"><img decoding=\"async\" src=\"https:\/\/www.ritzbrasil.com\/wp-content\/uploads\/2024\/09\/rh4905-1-gancho-ajustavel-escadas-150x150-1.jpg\" \/><\/td><td class=\"column-2\">RH4945-1<\/td><td class=\"column-3\">Gancho 18\u201d<br \/>\n(457 mm)<\/td><td class=\"column-4\">    <button class=\"add-to-budget\" data-table-id=\"Gancho-Ajustavel-Escadas\" data-reference=\"RH4945-1\" data-description=\"Gancho Ajust\u00e1vel para Escadas\" style=\"color:#ff4d00;\">\n        <img decoding=\"async\" src=\"https:\/\/www.ritzbrasil.com\/\/wp-content\/uploads\/2024\/07\/orcar-compras-tabela-new-1.png\" alt=\"Solicitar cotizaci\u00f3n\" title=\"Solicitar cotizaci\u00f3n\" \/>\n    <\/button>\n    <\/td><td class=\"column-5\"><a href=\"https:\/\/lojasritz.com.br\/catalogsearch\/result\/?q=RH4945-1\" target=\"_blank\" rel=\"noopener\"><img decoding=\"async\" src=\"https:\/\/www.ritzbrasil.com\/wp-content\/uploads\/2024\/07\/carrinho-compras-tabela.png\"  \/><\/a><\/td>\n<\/tr>\n<\/tbody>\n<\/table>\n<\/div>\n[\/vc_column_text][vc_separator border_width=\u00bb2&#8243; css=\u00bb\u00bb][\/vc_column][\/vc_row]<\/p>\n<\/div>","protected":false},"excerpt":{"rendered":"<h4><span style=\"color: #ff9900;\"><strong>Gancho ajustable para escaleras<\/strong><\/span><\/h4>\n<p>Se adapta f\u00e1cilmente al larguero de la escalera de l\u00ednea viva y a la plataforma de la escalera. Esta instalaci\u00f3n permite convertir una escalera con largueros de \u00d8 51 o 64 mm en una escalera con gancho o cuando la escalera se va a instalar en estructuras inclinadas.<\/p>\n<p>Los ganchos se instalan f\u00e1cilmente mediante sus collares y son giratorios, lo que permite colocarlos en la posici\u00f3n m\u00e1s conveniente de la estructura.<\/p>\n<p>De acero galvanizado, \u00d8 25,4 mm (1&#8243;) e instalado en un collar de aluminio. Las cadenas de acero que complementan el gancho tienen un dispositivo de bloqueo de seguridad.<\/p>\n","protected":false},"featured_media":58371,"template":"","meta":[],"product_brand":[],"product_cat":[2774],"product_tag":[2919,2920,2921,2922,2923],"class_list":{"0":"post-61246","1":"product","2":"type-product","3":"status-publish","4":"has-post-thumbnail","6":"product_cat-escaleras-plataformas-y-andamios-aislados","7":"product_tag-rh4904-1-es","8":"product_tag-rh4905-1-es","9":"product_tag-rh4924-1-es","10":"product_tag-rh4925-1-es","11":"product_tag-rh4945-1-es","12":"description-off","14":"first","15":"instock","16":"virtual","17":"product-type-simple"},"yoast_head":"<!-- This site is optimized with the Yoast SEO plugin v27.1.1 - https:\/\/yoast.com\/product\/yoast-seo-wordpress\/ -->\n<title>Gancho ajustable para escaleras<\/title>\n<meta name=\"description\" content=\"Gancho ajustable para escaleras de l\u00ednea viva, de acero galvanizado, adaptable a largueros de \u00d8 51 \u00f3 64 mm y estructuras inclinadas.\" \/>\n<meta name=\"robots\" content=\"index, follow, max-snippet:-1, max-image-preview:large, max-video-preview:-1\" \/>\n<link rel=\"canonical\" href=\"https:\/\/www.ritzbrasil.com\/es\/produtos\/escaleras-plataformas-y-andamios-aislados\/gancho-ajustable-para-escaleras\/\" \/>\n<meta property=\"og:locale\" content=\"es_ES\" \/>\n<meta property=\"og:type\" content=\"article\" \/>\n<meta property=\"og:title\" content=\"Gancho ajustable para escaleras\" \/>\n<meta property=\"og:description\" content=\"Gancho ajustable para escaleras de l\u00ednea viva, de acero galvanizado, adaptable a largueros de \u00d8 51 \u00f3 64 mm y estructuras inclinadas.\" \/>\n<meta property=\"og:url\" content=\"https:\/\/www.ritzbrasil.com\/es\/produtos\/escaleras-plataformas-y-andamios-aislados\/gancho-ajustable-para-escaleras\/\" \/>\n<meta property=\"og:site_name\" content=\"Equipamentos de Manuten\u00e7\u00e3o e Seguran\u00e7a para o Setor El\u00e9trico - Ritz Brasil\" \/>\n<meta property=\"article:modified_time\" content=\"2026-02-25T19:58:56+00:00\" \/>\n<meta property=\"og:image\" content=\"https:\/\/www.ritzbrasil.com\/wp-content\/uploads\/2024\/09\/rh4905-1-gancho-ajustavel-escadas.jpg\" \/>\n\t<meta property=\"og:image:width\" content=\"1200\" \/>\n\t<meta property=\"og:image:height\" content=\"1200\" \/>\n\t<meta property=\"og:image:type\" content=\"image\/jpeg\" \/>\n<meta name=\"twitter:card\" content=\"summary_large_image\" \/>\n<meta name=\"twitter:label1\" content=\"Tiempo de lectura\" \/>\n\t<meta name=\"twitter:data1\" content=\"1 minuto\" \/>\n<script type=\"application\/ld+json\" class=\"yoast-schema-graph\">{\"@context\":\"https:\/\/schema.org\",\"@graph\":[{\"@type\":\"WebPage\",\"@id\":\"https:\/\/www.ritzbrasil.com\/es\/produtos\/escaleras-plataformas-y-andamios-aislados\/gancho-ajustable-para-escaleras\/\",\"url\":\"https:\/\/www.ritzbrasil.com\/es\/produtos\/escaleras-plataformas-y-andamios-aislados\/gancho-ajustable-para-escaleras\/\",\"name\":\"Gancho ajustable para escaleras\",\"isPartOf\":{\"@id\":\"https:\/\/www.ritzbrasil.com\/es\/#website\"},\"primaryImageOfPage\":{\"@id\":\"https:\/\/www.ritzbrasil.com\/es\/produtos\/escaleras-plataformas-y-andamios-aislados\/gancho-ajustable-para-escaleras\/#primaryimage\"},\"image\":{\"@id\":\"https:\/\/www.ritzbrasil.com\/es\/produtos\/escaleras-plataformas-y-andamios-aislados\/gancho-ajustable-para-escaleras\/#primaryimage\"},\"thumbnailUrl\":\"https:\/\/www.ritzbrasil.com\/wp-content\/uploads\/2024\/09\/rh4905-1-gancho-ajustavel-escadas.jpg\",\"datePublished\":\"2024-09-10T13:44:46+00:00\",\"dateModified\":\"2026-02-25T19:58:56+00:00\",\"description\":\"Gancho ajustable para escaleras de l\u00ednea viva, de acero galvanizado, adaptable a largueros de \u00d8 51 \u00f3 64 mm y estructuras inclinadas.\",\"breadcrumb\":{\"@id\":\"https:\/\/www.ritzbrasil.com\/es\/produtos\/escaleras-plataformas-y-andamios-aislados\/gancho-ajustable-para-escaleras\/#breadcrumb\"},\"inLanguage\":\"es\",\"potentialAction\":[{\"@type\":\"ReadAction\",\"target\":[\"https:\/\/www.ritzbrasil.com\/es\/produtos\/escaleras-plataformas-y-andamios-aislados\/gancho-ajustable-para-escaleras\/\"]}]},{\"@type\":\"ImageObject\",\"inLanguage\":\"es\",\"@id\":\"https:\/\/www.ritzbrasil.com\/es\/produtos\/escaleras-plataformas-y-andamios-aislados\/gancho-ajustable-para-escaleras\/#primaryimage\",\"url\":\"https:\/\/www.ritzbrasil.com\/wp-content\/uploads\/2024\/09\/rh4905-1-gancho-ajustavel-escadas.jpg\",\"contentUrl\":\"https:\/\/www.ritzbrasil.com\/wp-content\/uploads\/2024\/09\/rh4905-1-gancho-ajustavel-escadas.jpg\",\"width\":1200,\"height\":1200,\"caption\":\"RH4905-1 Gancho de escalera ajustable\"},{\"@type\":\"BreadcrumbList\",\"@id\":\"https:\/\/www.ritzbrasil.com\/es\/produtos\/escaleras-plataformas-y-andamios-aislados\/gancho-ajustable-para-escaleras\/#breadcrumb\",\"itemListElement\":[{\"@type\":\"ListItem\",\"position\":1,\"name\":\"In\u00edcio\",\"item\":\"https:\/\/www.ritzbrasil.com\/es\/\"},{\"@type\":\"ListItem\",\"position\":2,\"name\":\"Tienda\",\"item\":\"https:\/\/www.ritzbrasil.com\/es\/tienda\/\"},{\"@type\":\"ListItem\",\"position\":3,\"name\":\"Gancho ajustable para escaleras\"}]},{\"@type\":\"WebSite\",\"@id\":\"https:\/\/www.ritzbrasil.com\/es\/#website\",\"url\":\"https:\/\/www.ritzbrasil.com\/es\/\",\"name\":\"Equipamentos de Manuten\u00e7\u00e3o e Seguran\u00e7a para o Setor El\u00e9trico - Ritz Brasil\",\"description\":\"\",\"potentialAction\":[{\"@type\":\"SearchAction\",\"target\":{\"@type\":\"EntryPoint\",\"urlTemplate\":\"https:\/\/www.ritzbrasil.com\/es\/?s={search_term_string}\"},\"query-input\":{\"@type\":\"PropertyValueSpecification\",\"valueRequired\":true,\"valueName\":\"search_term_string\"}}],\"inLanguage\":\"es\"}]}<\/script>\n<!-- \/ Yoast SEO plugin. -->","yoast_head_json":{"title":"Gancho ajustable para escaleras","description":"Gancho ajustable para escaleras de l\u00ednea viva, de acero galvanizado, adaptable a largueros de \u00d8 51 \u00f3 64 mm y estructuras inclinadas.","robots":{"index":"index","follow":"follow","max-snippet":"max-snippet:-1","max-image-preview":"max-image-preview:large","max-video-preview":"max-video-preview:-1"},"canonical":"https:\/\/www.ritzbrasil.com\/es\/produtos\/escaleras-plataformas-y-andamios-aislados\/gancho-ajustable-para-escaleras\/","og_locale":"es_ES","og_type":"article","og_title":"Gancho ajustable para escaleras","og_description":"Gancho ajustable para escaleras de l\u00ednea viva, de acero galvanizado, adaptable a largueros de \u00d8 51 \u00f3 64 mm y estructuras inclinadas.","og_url":"https:\/\/www.ritzbrasil.com\/es\/produtos\/escaleras-plataformas-y-andamios-aislados\/gancho-ajustable-para-escaleras\/","og_site_name":"Equipamentos de Manuten\u00e7\u00e3o e Seguran\u00e7a para o Setor El\u00e9trico - Ritz Brasil","article_modified_time":"2026-02-25T19:58:56+00:00","og_image":[{"width":1200,"height":1200,"url":"https:\/\/www.ritzbrasil.com\/wp-content\/uploads\/2024\/09\/rh4905-1-gancho-ajustavel-escadas.jpg","type":"image\/jpeg"}],"twitter_card":"summary_large_image","twitter_misc":{"Tiempo de lectura":"1 minuto"},"schema":{"@context":"https:\/\/schema.org","@graph":[{"@type":"WebPage","@id":"https:\/\/www.ritzbrasil.com\/es\/produtos\/escaleras-plataformas-y-andamios-aislados\/gancho-ajustable-para-escaleras\/","url":"https:\/\/www.ritzbrasil.com\/es\/produtos\/escaleras-plataformas-y-andamios-aislados\/gancho-ajustable-para-escaleras\/","name":"Gancho ajustable para escaleras","isPartOf":{"@id":"https:\/\/www.ritzbrasil.com\/es\/#website"},"primaryImageOfPage":{"@id":"https:\/\/www.ritzbrasil.com\/es\/produtos\/escaleras-plataformas-y-andamios-aislados\/gancho-ajustable-para-escaleras\/#primaryimage"},"image":{"@id":"https:\/\/www.ritzbrasil.com\/es\/produtos\/escaleras-plataformas-y-andamios-aislados\/gancho-ajustable-para-escaleras\/#primaryimage"},"thumbnailUrl":"https:\/\/www.ritzbrasil.com\/wp-content\/uploads\/2024\/09\/rh4905-1-gancho-ajustavel-escadas.jpg","datePublished":"2024-09-10T13:44:46+00:00","dateModified":"2026-02-25T19:58:56+00:00","description":"Gancho ajustable para escaleras de l\u00ednea viva, de acero galvanizado, adaptable a largueros de \u00d8 51 \u00f3 64 mm y estructuras inclinadas.","breadcrumb":{"@id":"https:\/\/www.ritzbrasil.com\/es\/produtos\/escaleras-plataformas-y-andamios-aislados\/gancho-ajustable-para-escaleras\/#breadcrumb"},"inLanguage":"es","potentialAction":[{"@type":"ReadAction","target":["https:\/\/www.ritzbrasil.com\/es\/produtos\/escaleras-plataformas-y-andamios-aislados\/gancho-ajustable-para-escaleras\/"]}]},{"@type":"ImageObject","inLanguage":"es","@id":"https:\/\/www.ritzbrasil.com\/es\/produtos\/escaleras-plataformas-y-andamios-aislados\/gancho-ajustable-para-escaleras\/#primaryimage","url":"https:\/\/www.ritzbrasil.com\/wp-content\/uploads\/2024\/09\/rh4905-1-gancho-ajustavel-escadas.jpg","contentUrl":"https:\/\/www.ritzbrasil.com\/wp-content\/uploads\/2024\/09\/rh4905-1-gancho-ajustavel-escadas.jpg","width":1200,"height":1200,"caption":"RH4905-1 Gancho de escalera ajustable"},{"@type":"BreadcrumbList","@id":"https:\/\/www.ritzbrasil.com\/es\/produtos\/escaleras-plataformas-y-andamios-aislados\/gancho-ajustable-para-escaleras\/#breadcrumb","itemListElement":[{"@type":"ListItem","position":1,"name":"In\u00edcio","item":"https:\/\/www.ritzbrasil.com\/es\/"},{"@type":"ListItem","position":2,"name":"Tienda","item":"https:\/\/www.ritzbrasil.com\/es\/tienda\/"},{"@type":"ListItem","position":3,"name":"Gancho ajustable para escaleras"}]},{"@type":"WebSite","@id":"https:\/\/www.ritzbrasil.com\/es\/#website","url":"https:\/\/www.ritzbrasil.com\/es\/","name":"Equipamentos de Manuten\u00e7\u00e3o e Seguran\u00e7a para o Setor El\u00e9trico - Ritz Brasil","description":"","potentialAction":[{"@type":"SearchAction","target":{"@type":"EntryPoint","urlTemplate":"https:\/\/www.ritzbrasil.com\/es\/?s={search_term_string}"},"query-input":{"@type":"PropertyValueSpecification","valueRequired":true,"valueName":"search_term_string"}}],"inLanguage":"es"}]}},"_links":{"self":[{"href":"https:\/\/www.ritzbrasil.com\/es\/wp-json\/wp\/v2\/product\/61246","targetHints":{"allow":["GET"]}}],"collection":[{"href":"https:\/\/www.ritzbrasil.com\/es\/wp-json\/wp\/v2\/product"}],"about":[{"href":"https:\/\/www.ritzbrasil.com\/es\/wp-json\/wp\/v2\/types\/product"}],"wp:featuredmedia":[{"embeddable":true,"href":"https:\/\/www.ritzbrasil.com\/es\/wp-json\/wp\/v2\/media\/58371"}],"wp:attachment":[{"href":"https:\/\/www.ritzbrasil.com\/es\/wp-json\/wp\/v2\/media?parent=61246"}],"wp:term":[{"taxonomy":"product_brand","embeddable":true,"href":"https:\/\/www.ritzbrasil.com\/es\/wp-json\/wp\/v2\/product_brand?post=61246"},{"taxonomy":"product_cat","embeddable":true,"href":"https:\/\/www.ritzbrasil.com\/es\/wp-json\/wp\/v2\/product_cat?post=61246"},{"taxonomy":"product_tag","embeddable":true,"href":"https:\/\/www.ritzbrasil.com\/es\/wp-json\/wp\/v2\/product_tag?post=61246"}],"curies":[{"name":"wp","href":"https:\/\/api.w.org\/{rel}","templated":true}]}}