{"id":61240,"date":"2024-09-18T09:26:41","date_gmt":"2024-09-18T12:26:41","guid":{"rendered":"https:\/\/www.ritzbrasil.com\/produtos\/sin%20categor\u00eda\/mastil-y-pluma-para-elevar-cargas\/"},"modified":"2026-02-25T16:57:33","modified_gmt":"2026-02-25T19:57:33","slug":"mastil-y-pluma-para-elevar-cargas","status":"publish","type":"product","link":"https:\/\/www.ritzbrasil.com\/es\/produtos\/herramientas-para-elevar-cargas-y-accesorios\/mastil-y-pluma-para-elevar-cargas\/","title":{"rendered":"M\u00e1stil y pluma para elevar cargas"},"content":{"rendered":"<div class=\"wpb-content-wrapper\"><p>[vc_row][vc_column][vc_column_text css=\u00bb.vc_custom_1726665685217{margin-top: 20px !important;}\u00bb]<\/p>\n<h4><span style=\"color: #ff9900;\"><strong>M\u00e1stil<\/strong><\/span><\/h4>\n<p>[\/vc_column_text][vc_column_text css=\u00bb.vc_custom_1726746214658{margin-top: -20px !important;}\u00bb]\n<div id=\"tablepress-Mastro-Lana-Icamento-Cargas-Bastao-Mastro-scroll-wrapper\" class=\"tablepress-scroll-wrapper\">\n<table id=\"tablepress-Mastro-Lana-Icamento-Cargas-Bastao-Mastro\" class=\"tablepress tablepress-id-Mastro-Lana-Icamento-Cargas-Bastao-Mastro tablepress-responsive\">\n<thead>\n<tr class=\"row-1\">\n\t<td class=\"column-1\"><\/td><th class=\"column-2\">  Refer\u00eancias<\/th><th class=\"column-3\">Caracter\u00edstica<\/th><td class=\"column-4\"><\/td><td class=\"column-5\"><\/td>\n<\/tr>\n<\/thead>\n<tbody class=\"row-striping row-hover\">\n<tr class=\"row-2\">\n\t<td class=\"column-1\"><img decoding=\"async\" src=\"https:\/\/www.ritzbrasil.com\/wp-content\/uploads\/2024\/09\/rc400-0470-bastao-mastro-150x150-1.jpg\" \/><\/td><td class=\"column-2\">RC400-0470<\/td><td class=\"column-3\"><\/td><td class=\"column-4\">    <button class=\"add-to-budget\" data-table-id=\"Mastro-Lana-Icamento-Cargas-Bastao-Mastro\" data-reference=\"RC400-0470\" data-description=\"Mastro e Lan\u00e7a para I\u00e7amento de Cargas -  Bast\u00e3o Mastro\" style=\"color:#ff4d00;\">\n        <img decoding=\"async\" src=\"https:\/\/www.ritzbrasil.com\/\/wp-content\/uploads\/2024\/07\/orcar-compras-tabela-new-1.png\" alt=\"Solicitar cotizaci\u00f3n\" title=\"Solicitar cotizaci\u00f3n\" \/>\n    <\/button>\n    <\/td><td class=\"column-5\"><a href=\"https:\/\/lojasritz.com.br\/catalogsearch\/result\/?q=RC400-0470\" target=\"_blank\" rel=\"noopener\"><img decoding=\"async\" src=\"https:\/\/www.ritzbrasil.com\/wp-content\/uploads\/2024\/07\/carrinho-compras-tabela.png\"  \/><\/a><\/td>\n<\/tr>\n<tr class=\"row-3\">\n\t<td class=\"column-1\"><img decoding=\"async\" src=\"https:\/\/www.ritzbrasil.com\/wp-content\/uploads\/2024\/09\/rc400-0472-bastao-mastro-150x150-1.jpg\" \/><\/td><td class=\"column-2\">RC400-0472<\/td><td class=\"column-3\"><\/td><td class=\"column-4\">    <button class=\"add-to-budget\" data-table-id=\"Mastro-Lana-Icamento-Cargas-Bastao-Mastro\" data-reference=\"RC400-0472\" data-description=\"Mastro e Lan\u00e7a para I\u00e7amento de Cargas -  Bast\u00e3o Mastro\" style=\"color:#ff4d00;\">\n        <img decoding=\"async\" src=\"https:\/\/www.ritzbrasil.com\/\/wp-content\/uploads\/2024\/07\/orcar-compras-tabela-new-1.png\" alt=\"Solicitar cotizaci\u00f3n\" title=\"Solicitar cotizaci\u00f3n\" \/>\n    <\/button>\n    <\/td><td class=\"column-5\"><a href=\"https:\/\/lojasritz.com.br\/catalogsearch\/result\/?q=RC400-0472\" target=\"_blank\" rel=\"noopener\"><img decoding=\"async\" src=\"https:\/\/www.ritzbrasil.com\/wp-content\/uploads\/2024\/07\/carrinho-compras-tabela.png\"  \/><\/a><\/td>\n<\/tr>\n<\/tbody>\n<\/table>\n<\/div>\n[\/vc_column_text][vc_separator border_width=\u00bb2&#8243; css=\u00bb\u00bb][\/vc_column][\/vc_row][vc_row][vc_column][vc_column_text css=\u00bb.vc_custom_1726665705916{margin-top: 20px !important;}\u00bb]<\/p>\n<h4><span style=\"color: #ff9900;\"><strong>Bast\u00f3n lanza<\/strong><\/span><\/h4>\n<p>[\/vc_column_text][vc_column_text css=\u00bb.vc_custom_1726746410803{margin-top: -20px !important;}\u00bb]\n<div id=\"tablepress-Mastro-Lana-Icamento-Cargas-Bastao-Lanca-scroll-wrapper\" class=\"tablepress-scroll-wrapper\">\n<table id=\"tablepress-Mastro-Lana-Icamento-Cargas-Bastao-Lanca\" class=\"tablepress tablepress-id-Mastro-Lana-Icamento-Cargas-Bastao-Lanca tablepress-responsive\">\n<thead>\n<tr class=\"row-1\">\n\t<td class=\"column-1\"><\/td><th class=\"column-2\">  Refer\u00eancias<\/th><th class=\"column-3\">Caracter\u00edstica<\/th><td class=\"column-4\"><\/td><td class=\"column-5\"><\/td>\n<\/tr>\n<\/thead>\n<tbody class=\"row-striping row-hover\">\n<tr class=\"row-2\">\n\t<td class=\"column-1\"><img decoding=\"async\" src=\"https:\/\/www.ritzbrasil.com\/wp-content\/uploads\/2024\/09\/rc400-0475-bastao-lanca-150x150-1.jpg\" \/><\/td><td class=\"column-2\">RC400-0475<\/td><td class=\"column-3\"><\/td><td class=\"column-4\">    <button class=\"add-to-budget\" data-table-id=\"Mastro-Lana-Icamento-Cargas-Bastao-Lanca\" data-reference=\"RC400-0475\" data-description=\"Mastro e Lan\u00e7a para I\u00e7amento de Cargas -  Bast\u00e3o Lan\u00e7a\" style=\"color:#ff4d00;\">\n        <img decoding=\"async\" src=\"https:\/\/www.ritzbrasil.com\/\/wp-content\/uploads\/2024\/07\/orcar-compras-tabela-new-1.png\" alt=\"Solicitar cotizaci\u00f3n\" title=\"Solicitar cotizaci\u00f3n\" \/>\n    <\/button>\n    <\/td><td class=\"column-5\"><a href=\"https:\/\/lojasritz.com.br\/catalogsearch\/result\/?q=RC400-0475\" target=\"_blank\" rel=\"noopener\"><img decoding=\"async\" src=\"https:\/\/www.ritzbrasil.com\/wp-content\/uploads\/2024\/07\/carrinho-compras-tabela.png\"  \/><\/a><\/td>\n<\/tr>\n<tr class=\"row-3\">\n\t<td class=\"column-1\"><img decoding=\"async\" src=\"https:\/\/www.ritzbrasil.com\/wp-content\/uploads\/2024\/09\/rc400-0483-bastao-lanca-150x150-1.jpg\" \/><\/td><td class=\"column-2\">RC400-0483<\/td><td class=\"column-3\"><\/td><td class=\"column-4\">    <button class=\"add-to-budget\" data-table-id=\"Mastro-Lana-Icamento-Cargas-Bastao-Lanca\" data-reference=\"RC400-0483\" data-description=\"Mastro e Lan\u00e7a para I\u00e7amento de Cargas -  Bast\u00e3o Lan\u00e7a\" style=\"color:#ff4d00;\">\n        <img decoding=\"async\" src=\"https:\/\/www.ritzbrasil.com\/\/wp-content\/uploads\/2024\/07\/orcar-compras-tabela-new-1.png\" alt=\"Solicitar cotizaci\u00f3n\" title=\"Solicitar cotizaci\u00f3n\" \/>\n    <\/button>\n    <\/td><td class=\"column-5\"><a href=\"https:\/\/lojasritz.com.br\/catalogsearch\/result\/?q=RC400-0483\" target=\"_blank\" rel=\"noopener\"><img decoding=\"async\" src=\"https:\/\/www.ritzbrasil.com\/wp-content\/uploads\/2024\/07\/carrinho-compras-tabela.png\"  \/><\/a><\/td>\n<\/tr>\n<\/tbody>\n<\/table>\n<\/div>\n[\/vc_column_text][vc_separator border_width=\u00bb2&#8243; css=\u00bb\u00bb][\/vc_column][\/vc_row][vc_row][vc_column][vc_column_text css=\u00bb.vc_custom_1726665755395{margin-top: 20px !important;}\u00bb]<\/p>\n<h4><span style=\"color: #ff9900;\"><strong>Pieza de recambio<\/strong><\/span><\/h4>\n<p>[\/vc_column_text][vc_column_text css=\u00bb.vc_custom_1726746545210{margin-top: -20px !important;}\u00bb]\n<div id=\"tablepress-Mastro-Lana-Icamento-Cargas-Peca-Reposicao-scroll-wrapper\" class=\"tablepress-scroll-wrapper\">\n<table id=\"tablepress-Mastro-Lana-Icamento-Cargas-Peca-Reposicao\" class=\"tablepress tablepress-id-Mastro-Lana-Icamento-Cargas-Peca-Reposicao tablepress-responsive\">\n<thead>\n<tr class=\"row-1\">\n\t<td class=\"column-1\"><\/td><th class=\"column-2\">  Refer\u00eancias<\/th><th class=\"column-3\">Caracter\u00edstica<\/th><td class=\"column-4\"><\/td><td class=\"column-5\"><\/td>\n<\/tr>\n<\/thead>\n<tbody class=\"row-striping row-hover\">\n<tr class=\"row-2\">\n\t<td class=\"column-1\"><img decoding=\"async\" src=\"https:\/\/www.ritzbrasil.com\/wp-content\/uploads\/2024\/09\/re400-0434-colar-quadrado-bastao-lanca-150x150-1.jpg\" \/><\/td><td class=\"column-2\">RE400-0434<\/td><td class=\"column-3\">Colar Quadrado para Bast\u00e3o Lan\u00e7a<\/td><td class=\"column-4\">    <button class=\"add-to-budget\" data-table-id=\"Mastro-Lan\u00e7a-Icamento-Cargas-Peca-Reposicao\" data-reference=\"RE400-0434\" data-description=\"Mastro e Lan\u00e7a para I\u00e7amento de Cargas -  Pe\u00e7a para Reposi\u00e7\u00e3o\" style=\"color:#ff4d00;\">\n        <img decoding=\"async\" src=\"https:\/\/www.ritzbrasil.com\/\/wp-content\/uploads\/2024\/07\/orcar-compras-tabela-new-1.png\" alt=\"Solicitar cotizaci\u00f3n\" title=\"Solicitar cotizaci\u00f3n\" \/>\n    <\/button>\n    <\/td><td class=\"column-5\"><a href=\"https:\/\/lojasritz.com.br\/catalogsearch\/result\/?q=RE400-0434\" target=\"_blank\" rel=\"noopener\"><img decoding=\"async\" src=\"https:\/\/www.ritzbrasil.com\/wp-content\/uploads\/2024\/07\/carrinho-compras-tabela.png\"  \/><\/a><\/td>\n<\/tr>\n<\/tbody>\n<\/table>\n<\/div>\n[\/vc_column_text][vc_separator border_width=\u00bb2&#8243; css=\u00bb\u00bb][\/vc_column][\/vc_row]<\/p>\n<\/div>","protected":false},"excerpt":{"rendered":"<h4><span style=\"color: #ff9900;\">M\u00e1stil y pluma para elevar cargas<\/span><\/h4>\n<p>El m\u00e1stil para elevar cargas pesadas est\u00e1 fabricado con tubo cuadrado RITZGLAS\u00ae y dispone de tres tensores de cadena con sus propios volantes para acoplarse a las estructuras.<\/p>\n<p>La cabeza cuadrada de la parte superior del poste tiene dos grilletes para facilitar la fijaci\u00f3n de cargas. Fijando un collar\u00edn al acoplamiento de la parte superior de este poste, puedes utilizar un poste de garra para una mejor estabilizaci\u00f3n.<\/p>\n<p>La pluma de elevaci\u00f3n de cargas tiene un collar cuadrado (RE400-0434) instalado cerca de su extremo. Este collar\u00edn puede ajustarse en tres posiciones para permitir el mejor posicionamiento de la carga de elevaci\u00f3n, as\u00ed como su respectiva retenci\u00f3n a la estructura.<\/p>\n<p>La silla de acoplamiento inferior articulada permite mover la p\u00e9rtiga del m\u00e1stil 90\u00b0, es decir, de horizontal a vertical y viceversa, as\u00ed como girarla 180\u00b0. Su cabeza superior es similar a la de la p\u00e9rtiga del m\u00e1stil.<\/p>\n<p><strong>NOTA<\/strong><br \/>\n<em>Las cargas nominales de trabajo incluyen la fuerza de tracci\u00f3n.<\/em><\/p>\n","protected":false},"featured_media":58703,"template":"","meta":[],"product_brand":[],"product_cat":[2666],"product_tag":[2828,2830,2831,2832,2829],"class_list":{"0":"post-61240","1":"product","2":"type-product","3":"status-publish","4":"has-post-thumbnail","6":"product_cat-herramientas-para-elevar-cargas-y-accesorios","7":"product_tag-rc400-0470-es","8":"product_tag-rc400-0472-es","9":"product_tag-rc400-0475-es","10":"product_tag-rc400-0483-es","11":"product_tag-re400-0434-es","12":"description-off","14":"first","15":"instock","16":"virtual","17":"product-type-simple"},"yoast_head":"<!-- This site is optimized with the Yoast SEO plugin v27.1.1 - https:\/\/yoast.com\/product\/yoast-seo-wordpress\/ -->\n<title>M\u00e1stil y pluma para elevar cargas<\/title>\n<meta name=\"description\" content=\"M\u00e1stil y pluma RITZGLAS\u00ae para elevar cargas pesadas, con tres tensores de cadena y volantes para facilitar la fijaci\u00f3n a estructuras.\" \/>\n<meta name=\"robots\" content=\"index, follow, max-snippet:-1, max-image-preview:large, max-video-preview:-1\" \/>\n<link rel=\"canonical\" href=\"https:\/\/www.ritzbrasil.com\/es\/produtos\/herramientas-para-elevar-cargas-y-accesorios\/mastil-y-pluma-para-elevar-cargas\/\" \/>\n<meta property=\"og:locale\" content=\"es_ES\" \/>\n<meta property=\"og:type\" content=\"article\" \/>\n<meta property=\"og:title\" content=\"M\u00e1stil y pluma para elevar cargas\" \/>\n<meta property=\"og:description\" content=\"M\u00e1stil y pluma RITZGLAS\u00ae para elevar cargas pesadas, con tres tensores de cadena y volantes para facilitar la fijaci\u00f3n a estructuras.\" \/>\n<meta property=\"og:url\" content=\"https:\/\/www.ritzbrasil.com\/es\/produtos\/herramientas-para-elevar-cargas-y-accesorios\/mastil-y-pluma-para-elevar-cargas\/\" \/>\n<meta property=\"og:site_name\" content=\"Equipamentos de Manuten\u00e7\u00e3o e Seguran\u00e7a para o Setor El\u00e9trico - Ritz Brasil\" \/>\n<meta property=\"article:modified_time\" content=\"2026-02-25T19:57:33+00:00\" \/>\n<meta property=\"og:image\" content=\"https:\/\/www.ritzbrasil.com\/wp-content\/uploads\/2024\/09\/rc400-0470-bastao-mastro.jpg\" \/>\n\t<meta property=\"og:image:width\" content=\"1200\" \/>\n\t<meta property=\"og:image:height\" content=\"1200\" \/>\n\t<meta property=\"og:image:type\" content=\"image\/jpeg\" \/>\n<meta name=\"twitter:card\" content=\"summary_large_image\" \/>\n<meta name=\"twitter:label1\" content=\"Tiempo de lectura\" \/>\n\t<meta name=\"twitter:data1\" content=\"1 minuto\" \/>\n<script type=\"application\/ld+json\" class=\"yoast-schema-graph\">{\"@context\":\"https:\/\/schema.org\",\"@graph\":[{\"@type\":\"WebPage\",\"@id\":\"https:\/\/www.ritzbrasil.com\/es\/produtos\/herramientas-para-elevar-cargas-y-accesorios\/mastil-y-pluma-para-elevar-cargas\/\",\"url\":\"https:\/\/www.ritzbrasil.com\/es\/produtos\/herramientas-para-elevar-cargas-y-accesorios\/mastil-y-pluma-para-elevar-cargas\/\",\"name\":\"M\u00e1stil y pluma para elevar cargas\",\"isPartOf\":{\"@id\":\"https:\/\/www.ritzbrasil.com\/es\/#website\"},\"primaryImageOfPage\":{\"@id\":\"https:\/\/www.ritzbrasil.com\/es\/produtos\/herramientas-para-elevar-cargas-y-accesorios\/mastil-y-pluma-para-elevar-cargas\/#primaryimage\"},\"image\":{\"@id\":\"https:\/\/www.ritzbrasil.com\/es\/produtos\/herramientas-para-elevar-cargas-y-accesorios\/mastil-y-pluma-para-elevar-cargas\/#primaryimage\"},\"thumbnailUrl\":\"https:\/\/www.ritzbrasil.com\/wp-content\/uploads\/2024\/09\/rc400-0470-bastao-mastro.jpg\",\"datePublished\":\"2024-09-18T12:26:41+00:00\",\"dateModified\":\"2026-02-25T19:57:33+00:00\",\"description\":\"M\u00e1stil y pluma RITZGLAS\u00ae para elevar cargas pesadas, con tres tensores de cadena y volantes para facilitar la fijaci\u00f3n a estructuras.\",\"breadcrumb\":{\"@id\":\"https:\/\/www.ritzbrasil.com\/es\/produtos\/herramientas-para-elevar-cargas-y-accesorios\/mastil-y-pluma-para-elevar-cargas\/#breadcrumb\"},\"inLanguage\":\"es\",\"potentialAction\":[{\"@type\":\"ReadAction\",\"target\":[\"https:\/\/www.ritzbrasil.com\/es\/produtos\/herramientas-para-elevar-cargas-y-accesorios\/mastil-y-pluma-para-elevar-cargas\/\"]}]},{\"@type\":\"ImageObject\",\"inLanguage\":\"es\",\"@id\":\"https:\/\/www.ritzbrasil.com\/es\/produtos\/herramientas-para-elevar-cargas-y-accesorios\/mastil-y-pluma-para-elevar-cargas\/#primaryimage\",\"url\":\"https:\/\/www.ritzbrasil.com\/wp-content\/uploads\/2024\/09\/rc400-0470-bastao-mastro.jpg\",\"contentUrl\":\"https:\/\/www.ritzbrasil.com\/wp-content\/uploads\/2024\/09\/rc400-0470-bastao-mastro.jpg\",\"width\":1200,\"height\":1200,\"caption\":\"RC400-0470 M\u00e1stil\"},{\"@type\":\"BreadcrumbList\",\"@id\":\"https:\/\/www.ritzbrasil.com\/es\/produtos\/herramientas-para-elevar-cargas-y-accesorios\/mastil-y-pluma-para-elevar-cargas\/#breadcrumb\",\"itemListElement\":[{\"@type\":\"ListItem\",\"position\":1,\"name\":\"In\u00edcio\",\"item\":\"https:\/\/www.ritzbrasil.com\/es\/\"},{\"@type\":\"ListItem\",\"position\":2,\"name\":\"Tienda\",\"item\":\"https:\/\/www.ritzbrasil.com\/es\/tienda\/\"},{\"@type\":\"ListItem\",\"position\":3,\"name\":\"M\u00e1stil y pluma para elevar cargas\"}]},{\"@type\":\"WebSite\",\"@id\":\"https:\/\/www.ritzbrasil.com\/es\/#website\",\"url\":\"https:\/\/www.ritzbrasil.com\/es\/\",\"name\":\"Equipamentos de Manuten\u00e7\u00e3o e Seguran\u00e7a para o Setor El\u00e9trico - Ritz Brasil\",\"description\":\"\",\"potentialAction\":[{\"@type\":\"SearchAction\",\"target\":{\"@type\":\"EntryPoint\",\"urlTemplate\":\"https:\/\/www.ritzbrasil.com\/es\/?s={search_term_string}\"},\"query-input\":{\"@type\":\"PropertyValueSpecification\",\"valueRequired\":true,\"valueName\":\"search_term_string\"}}],\"inLanguage\":\"es\"}]}<\/script>\n<!-- \/ Yoast SEO plugin. -->","yoast_head_json":{"title":"M\u00e1stil y pluma para elevar cargas","description":"M\u00e1stil y pluma RITZGLAS\u00ae para elevar cargas pesadas, con tres tensores de cadena y volantes para facilitar la fijaci\u00f3n a estructuras.","robots":{"index":"index","follow":"follow","max-snippet":"max-snippet:-1","max-image-preview":"max-image-preview:large","max-video-preview":"max-video-preview:-1"},"canonical":"https:\/\/www.ritzbrasil.com\/es\/produtos\/herramientas-para-elevar-cargas-y-accesorios\/mastil-y-pluma-para-elevar-cargas\/","og_locale":"es_ES","og_type":"article","og_title":"M\u00e1stil y pluma para elevar cargas","og_description":"M\u00e1stil y pluma RITZGLAS\u00ae para elevar cargas pesadas, con tres tensores de cadena y volantes para facilitar la fijaci\u00f3n a estructuras.","og_url":"https:\/\/www.ritzbrasil.com\/es\/produtos\/herramientas-para-elevar-cargas-y-accesorios\/mastil-y-pluma-para-elevar-cargas\/","og_site_name":"Equipamentos de Manuten\u00e7\u00e3o e Seguran\u00e7a para o Setor El\u00e9trico - Ritz Brasil","article_modified_time":"2026-02-25T19:57:33+00:00","og_image":[{"width":1200,"height":1200,"url":"https:\/\/www.ritzbrasil.com\/wp-content\/uploads\/2024\/09\/rc400-0470-bastao-mastro.jpg","type":"image\/jpeg"}],"twitter_card":"summary_large_image","twitter_misc":{"Tiempo de lectura":"1 minuto"},"schema":{"@context":"https:\/\/schema.org","@graph":[{"@type":"WebPage","@id":"https:\/\/www.ritzbrasil.com\/es\/produtos\/herramientas-para-elevar-cargas-y-accesorios\/mastil-y-pluma-para-elevar-cargas\/","url":"https:\/\/www.ritzbrasil.com\/es\/produtos\/herramientas-para-elevar-cargas-y-accesorios\/mastil-y-pluma-para-elevar-cargas\/","name":"M\u00e1stil y pluma para elevar cargas","isPartOf":{"@id":"https:\/\/www.ritzbrasil.com\/es\/#website"},"primaryImageOfPage":{"@id":"https:\/\/www.ritzbrasil.com\/es\/produtos\/herramientas-para-elevar-cargas-y-accesorios\/mastil-y-pluma-para-elevar-cargas\/#primaryimage"},"image":{"@id":"https:\/\/www.ritzbrasil.com\/es\/produtos\/herramientas-para-elevar-cargas-y-accesorios\/mastil-y-pluma-para-elevar-cargas\/#primaryimage"},"thumbnailUrl":"https:\/\/www.ritzbrasil.com\/wp-content\/uploads\/2024\/09\/rc400-0470-bastao-mastro.jpg","datePublished":"2024-09-18T12:26:41+00:00","dateModified":"2026-02-25T19:57:33+00:00","description":"M\u00e1stil y pluma RITZGLAS\u00ae para elevar cargas pesadas, con tres tensores de cadena y volantes para facilitar la fijaci\u00f3n a estructuras.","breadcrumb":{"@id":"https:\/\/www.ritzbrasil.com\/es\/produtos\/herramientas-para-elevar-cargas-y-accesorios\/mastil-y-pluma-para-elevar-cargas\/#breadcrumb"},"inLanguage":"es","potentialAction":[{"@type":"ReadAction","target":["https:\/\/www.ritzbrasil.com\/es\/produtos\/herramientas-para-elevar-cargas-y-accesorios\/mastil-y-pluma-para-elevar-cargas\/"]}]},{"@type":"ImageObject","inLanguage":"es","@id":"https:\/\/www.ritzbrasil.com\/es\/produtos\/herramientas-para-elevar-cargas-y-accesorios\/mastil-y-pluma-para-elevar-cargas\/#primaryimage","url":"https:\/\/www.ritzbrasil.com\/wp-content\/uploads\/2024\/09\/rc400-0470-bastao-mastro.jpg","contentUrl":"https:\/\/www.ritzbrasil.com\/wp-content\/uploads\/2024\/09\/rc400-0470-bastao-mastro.jpg","width":1200,"height":1200,"caption":"RC400-0470 M\u00e1stil"},{"@type":"BreadcrumbList","@id":"https:\/\/www.ritzbrasil.com\/es\/produtos\/herramientas-para-elevar-cargas-y-accesorios\/mastil-y-pluma-para-elevar-cargas\/#breadcrumb","itemListElement":[{"@type":"ListItem","position":1,"name":"In\u00edcio","item":"https:\/\/www.ritzbrasil.com\/es\/"},{"@type":"ListItem","position":2,"name":"Tienda","item":"https:\/\/www.ritzbrasil.com\/es\/tienda\/"},{"@type":"ListItem","position":3,"name":"M\u00e1stil y pluma para elevar cargas"}]},{"@type":"WebSite","@id":"https:\/\/www.ritzbrasil.com\/es\/#website","url":"https:\/\/www.ritzbrasil.com\/es\/","name":"Equipamentos de Manuten\u00e7\u00e3o e Seguran\u00e7a para o Setor El\u00e9trico - Ritz Brasil","description":"","potentialAction":[{"@type":"SearchAction","target":{"@type":"EntryPoint","urlTemplate":"https:\/\/www.ritzbrasil.com\/es\/?s={search_term_string}"},"query-input":{"@type":"PropertyValueSpecification","valueRequired":true,"valueName":"search_term_string"}}],"inLanguage":"es"}]}},"_links":{"self":[{"href":"https:\/\/www.ritzbrasil.com\/es\/wp-json\/wp\/v2\/product\/61240","targetHints":{"allow":["GET"]}}],"collection":[{"href":"https:\/\/www.ritzbrasil.com\/es\/wp-json\/wp\/v2\/product"}],"about":[{"href":"https:\/\/www.ritzbrasil.com\/es\/wp-json\/wp\/v2\/types\/product"}],"wp:featuredmedia":[{"embeddable":true,"href":"https:\/\/www.ritzbrasil.com\/es\/wp-json\/wp\/v2\/media\/58703"}],"wp:attachment":[{"href":"https:\/\/www.ritzbrasil.com\/es\/wp-json\/wp\/v2\/media?parent=61240"}],"wp:term":[{"taxonomy":"product_brand","embeddable":true,"href":"https:\/\/www.ritzbrasil.com\/es\/wp-json\/wp\/v2\/product_brand?post=61240"},{"taxonomy":"product_cat","embeddable":true,"href":"https:\/\/www.ritzbrasil.com\/es\/wp-json\/wp\/v2\/product_cat?post=61240"},{"taxonomy":"product_tag","embeddable":true,"href":"https:\/\/www.ritzbrasil.com\/es\/wp-json\/wp\/v2\/product_tag?post=61240"}],"curies":[{"name":"wp","href":"https:\/\/api.w.org\/{rel}","templated":true}]}}