{"id":61239,"date":"2024-09-18T08:57:34","date_gmt":"2024-09-18T11:57:34","guid":{"rendered":"https:\/\/www.ritzbrasil.com\/produtos\/sin%20categor\u00eda\/mastil-de-elevacion-de-cargas\/"},"modified":"2026-02-25T16:57:39","modified_gmt":"2026-02-25T19:57:39","slug":"mastil-de-elevacion-de-cargas","status":"publish","type":"product","link":"https:\/\/www.ritzbrasil.com\/es\/produtos\/herramientas-para-elevar-cargas-y-accesorios\/mastil-de-elevacion-de-cargas\/","title":{"rendered":"M\u00e1stil de elevaci\u00f3n de cargas"},"content":{"rendered":"<div class=\"wpb-content-wrapper\"><p>[vc_row][vc_column][vc_column_text css=\u00bb.vc_custom_1726664256980{margin-top: 20px !important;}\u00bb]<\/p>\n<h4><span style=\"color: #ff9900;\"><strong>M\u00e1stil de elevaci\u00f3n de cargas<\/strong><\/span><\/h4>\n<p>[\/vc_column_text][vc_column_text css=\u00bb.vc_custom_1726664384178{margin-top: -20px !important;}\u00bb]\n<div id=\"tablepress-Mastro-Icamento-Carga-scroll-wrapper\" class=\"tablepress-scroll-wrapper\">\n<table id=\"tablepress-Mastro-Icamento-Carga\" class=\"tablepress tablepress-id-Mastro-Icamento-Carga tablepress-responsive\">\n<thead>\n<tr class=\"row-1\">\n\t<td class=\"column-1\"><\/td><th class=\"column-2\">  Refer\u00eancias<\/th><th class=\"column-3\">Caracter\u00edstica<\/th><td class=\"column-4\"><\/td><td class=\"column-5\"><\/td>\n<\/tr>\n<\/thead>\n<tbody class=\"row-striping row-hover\">\n<tr class=\"row-2\">\n\t<td class=\"column-1\"><img decoding=\"async\" src=\"https:\/\/www.ritzbrasil.com\/wp-content\/uploads\/2024\/09\/rc400-0090-mastro-icamento-carga-150x150-1.jpg\" \/><\/td><td class=\"column-2\">RC400-0090<\/td><td class=\"column-3\">Com sela de fixa\u00e7\u00e3o ao poste atrav\u00e9s de corrente de 920 mm, permite<br \/>\nsomente montagens em \u00e1reas livres do poste (n\u00e3o possui sela<br \/>\ndistanciadora).<\/td><td class=\"column-4\">    <button class=\"add-to-budget\" data-table-id=\"Mastro-Icamento-Carga\" data-reference=\"RC400-0090\" data-description=\"Mastro para I\u00e7amento de Carga\" style=\"color:#ff4d00;\">\n        <img decoding=\"async\" src=\"https:\/\/www.ritzbrasil.com\/\/wp-content\/uploads\/2024\/07\/orcar-compras-tabela-new-1.png\" alt=\"Solicitar cotizaci\u00f3n\" title=\"Solicitar cotizaci\u00f3n\" \/>\n    <\/button>\n    <\/td><td class=\"column-5\"><a href=\"https:\/\/lojasritz.com.br\/catalogsearch\/result\/?q=RC400-0090\" target=\"_blank\" rel=\"noopener\"><img decoding=\"async\" src=\"https:\/\/www.ritzbrasil.com\/wp-content\/uploads\/2024\/07\/carrinho-compras-tabela.png\"  \/><\/a><\/td>\n<\/tr>\n<tr class=\"row-3\">\n\t<td class=\"column-1\"><img decoding=\"async\" src=\"https:\/\/www.ritzbrasil.com\/wp-content\/uploads\/2024\/09\/rc400-0315-mastro-icamento-carga-150x150-1.jpg\" \/><\/td><td class=\"column-2\">RC400-0315<\/td><td class=\"column-3\">Com sela distanciadora de 130 mm para fixa\u00e7\u00e3o ao poste atrav\u00e9s de corrente<br \/>\nde 920 mm, possui acoplamento com sela distanciadora, que permite a sua<br \/>\ninstala\u00e7\u00e3o inclusive ao lado de cruzetas. Seu acoplamento ao poste \u00e9 feito<br \/>\npor um esticador de corrente e aperto atrav\u00e9s de um volante manual.<\/td><td class=\"column-4\">    <button class=\"add-to-budget\" data-table-id=\"Mastro-Icamento-Carga\" data-reference=\"RC400-0315\" data-description=\"Mastro para I\u00e7amento de Carga\" style=\"color:#ff4d00;\">\n        <img decoding=\"async\" src=\"https:\/\/www.ritzbrasil.com\/\/wp-content\/uploads\/2024\/07\/orcar-compras-tabela-new-1.png\" alt=\"Solicitar cotizaci\u00f3n\" title=\"Solicitar cotizaci\u00f3n\" \/>\n    <\/button>\n    <\/td><td class=\"column-5\"><a href=\"https:\/\/lojasritz.com.br\/catalogsearch\/result\/?q=RC400-0315\" target=\"_blank\" rel=\"noopener\"><img decoding=\"async\" src=\"https:\/\/www.ritzbrasil.com\/wp-content\/uploads\/2024\/07\/carrinho-compras-tabela.png\"  \/><\/a><\/td>\n<\/tr>\n<tr class=\"row-4\">\n\t<td class=\"column-1\"><img decoding=\"async\" src=\"https:\/\/www.ritzbrasil.com\/wp-content\/uploads\/2024\/09\/rc400-0578-mastro-icamento-carga-150x150-1.jpg\" \/><\/td><td class=\"column-2\">RC400-0578<\/td><td class=\"column-3\">Com um sistema de fixa\u00e7\u00e3o direta, \u00e9 compat\u00edvel tanto com postes duplos \"T\"<br \/>\nquanto com postes circulares. Para postes duplos \"T\", a fixa\u00e7\u00e3o \u00e9 realizada<br \/>\natrav\u00e9s de dois parafusos com porca borboleta, utilizando os pr\u00f3prios furos<br \/>\ndo poste. Para postes circulares, a fixa\u00e7\u00e3o \u00e9 feita com o aux\u00edlio de duas cintas<br \/>\nmet\u00e1licas convencionais.<\/td><td class=\"column-4\">    <button class=\"add-to-budget\" data-table-id=\"Mastro-Icamento-Carga\" data-reference=\"RC400-0578\" data-description=\"Mastro para I\u00e7amento de Carga\" style=\"color:#ff4d00;\">\n        <img decoding=\"async\" src=\"https:\/\/www.ritzbrasil.com\/\/wp-content\/uploads\/2024\/07\/orcar-compras-tabela-new-1.png\" alt=\"Solicitar cotizaci\u00f3n\" title=\"Solicitar cotizaci\u00f3n\" \/>\n    <\/button>\n    <\/td><td class=\"column-5\"><a href=\"https:\/\/lojasritz.com.br\/catalogsearch\/result\/?q=RC400-0578\" target=\"_blank\" rel=\"noopener\"><img decoding=\"async\" src=\"https:\/\/www.ritzbrasil.com\/wp-content\/uploads\/2024\/07\/carrinho-compras-tabela.png\"  \/><\/a><\/td>\n<\/tr>\n<\/tbody>\n<\/table>\n<\/div>\n[\/vc_column_text][vc_separator border_width=\u00bb2&#8243; css=\u00bb\u00bb][\/vc_column][\/vc_row]<\/p>\n<\/div>","protected":false},"excerpt":{"rendered":"<h4><span style=\"color: #ff9900;\">M\u00e1stil de elevaci\u00f3n de cargas<\/span><\/h4>\n<p>Herramientas ligeras, resistentes mec\u00e1nicamente y f\u00e1ciles de instalar, que proporcionan importantes ganancias en seguridad y productividad al elevar equipos y materiales. Son ideales para construir y mantener redes a\u00e9reas de media tensi\u00f3n.<\/p>\n<p>Fabricados con componentes met\u00e1licos de aluminio fundido y tubos aislantes RITZGLAS\u00ae, nuestros m\u00e1stiles son sin\u00f3nimo de durabilidad y eficacia.<\/p>\n<p><strong>NOTAS<\/strong><br \/>\n<em>&#8211; Los m\u00e1stiles est\u00e1n dise\u00f1ados para aplicaciones de elevaci\u00f3n vertical. No son adecuados para tirar lateralmente de una cuerda de mano o de una carga desalineada. La direcci\u00f3n de la fuerza debe ser siempre paralela y estar alineada con el m\u00e1stil. <\/em><br \/>\n<em>&#8211; Al calcular la capacidad de carga, ten en cuenta una p\u00e9rdida del 10% debida a la fricci\u00f3n en los cables de tracci\u00f3n.<\/em><\/p>\n<p><em>Utilizando un sistema de polipasto de doble gancho, la carga m\u00e1xima a izar ser\u00e1 de 635 daN (1400 lb). Debe fijarse un carrete a la base de la estructura para pasar por \u00e9l la cuerda de mano del elevador de gancho. <\/em><\/p>\n<p><em>Con un sistema de elevaci\u00f3n sencillo, la carga m\u00e1xima ser\u00e1 de 408 daN (900 lb).<\/em><br \/>\n<em>La carga levantada m\u00e1s la fuerza de tracci\u00f3n y la fuerza de rozamiento es igual a la capacidad del m\u00e1stil.<\/em><\/p>\n<p>| <strong>RC400-0090<\/strong><br \/>\nCon montura de cadena de 920 mm para fijar al poste, s\u00f3lo se puede montar en las zonas libres del poste (no tiene montura separadora)<strong><br \/>\n<span style=\"color: #ff6600;\">.<\/span><br \/>\n<\/strong><\/p>\n<p>| <strong>RC400-0315<\/strong><br \/>\nCon un sill\u00edn separador de 130 mm para acoplarlo al poste mediante una cadena de 920 mm, dispone de un acoplamiento con sill\u00edn separador, que permite instalarlo incluso junto a crucetas. Se acopla al poste mediante un tensor de cadena y se aprieta con un volante.<\/p>\n<p>| <strong>RC400-0578<\/strong><br \/>\nCon un sistema de fijaci\u00f3n directa<strong><br \/>\n<span style=\"color: #ff6600;\">,<\/span><br \/>\n<\/strong> es compatible tanto con postes de doble \u00abT\u00bb como con postes circulares. En los postes de doble \u00abT\u00bb, la fijaci\u00f3n se realiza mediante dos tornillos con tuerca mariposa, utilizando los propios orificios del poste. Para los postes circulares, la fijaci\u00f3n se realiza mediante dos correas met\u00e1licas convencionales<br \/>\n.<\/p>\n<p>Con cuatro posiciones de fijaci\u00f3n disponibles, es importante respetar las siguientes capacidades nominales de trabajo para cada posici\u00f3n.<br \/>\n1er agujero: 100 daN (220 lb) en el lado de la base<br \/>\n2\u00ba agujero: 150 daN (330 lb)<br \/>\n3er agujero: 200 daN (440 lb)<br \/>\n4\u00ba agujero: 250 daN (550 lb) en el lado superior<\/p>\n","protected":false},"featured_media":58691,"template":"","meta":[],"product_brand":[],"product_cat":[2666],"product_tag":[2825,2826,2827],"class_list":{"0":"post-61239","1":"product","2":"type-product","3":"status-publish","4":"has-post-thumbnail","6":"product_cat-herramientas-para-elevar-cargas-y-accesorios","7":"product_tag-rc400-0090-es","8":"product_tag-rc400-0315-es","9":"product_tag-rc400-0578-es","10":"description-off","12":"first","13":"instock","14":"virtual","15":"product-type-simple"},"yoast_head":"<!-- This site is optimized with the Yoast SEO plugin v27.1.1 - https:\/\/yoast.com\/product\/yoast-seo-wordpress\/ -->\n<title>M\u00e1stil de elevaci\u00f3n de cargas<\/title>\n<meta name=\"description\" content=\"M\u00e1stil ligero y robusto para elevar cargas, ideal para la construcci\u00f3n y el mantenimiento de redes a\u00e9reas de media tensi\u00f3n. F\u00e1cil instalaci\u00f3n y mayor seguridad.\" \/>\n<meta name=\"robots\" content=\"index, follow, max-snippet:-1, max-image-preview:large, max-video-preview:-1\" \/>\n<link rel=\"canonical\" href=\"https:\/\/www.ritzbrasil.com\/es\/produtos\/herramientas-para-elevar-cargas-y-accesorios\/mastil-de-elevacion-de-cargas\/\" \/>\n<meta property=\"og:locale\" content=\"es_ES\" \/>\n<meta property=\"og:type\" content=\"article\" \/>\n<meta property=\"og:title\" content=\"M\u00e1stil de elevaci\u00f3n de cargas\" \/>\n<meta property=\"og:description\" content=\"M\u00e1stil ligero y robusto para elevar cargas, ideal para la construcci\u00f3n y el mantenimiento de redes a\u00e9reas de media tensi\u00f3n. F\u00e1cil instalaci\u00f3n y mayor seguridad.\" \/>\n<meta property=\"og:url\" content=\"https:\/\/www.ritzbrasil.com\/es\/produtos\/herramientas-para-elevar-cargas-y-accesorios\/mastil-de-elevacion-de-cargas\/\" \/>\n<meta property=\"og:site_name\" content=\"Equipamentos de Manuten\u00e7\u00e3o e Seguran\u00e7a para o Setor El\u00e9trico - Ritz Brasil\" \/>\n<meta property=\"article:modified_time\" content=\"2026-02-25T19:57:39+00:00\" \/>\n<meta property=\"og:image\" content=\"https:\/\/www.ritzbrasil.com\/wp-content\/uploads\/2024\/09\/rc400-0090-mastro-icamento-carga.jpg\" \/>\n\t<meta property=\"og:image:width\" content=\"1200\" \/>\n\t<meta property=\"og:image:height\" content=\"1200\" \/>\n\t<meta property=\"og:image:type\" content=\"image\/jpeg\" \/>\n<meta name=\"twitter:card\" content=\"summary_large_image\" \/>\n<meta name=\"twitter:label1\" content=\"Tiempo de lectura\" \/>\n\t<meta name=\"twitter:data1\" content=\"1 minuto\" \/>\n<script type=\"application\/ld+json\" class=\"yoast-schema-graph\">{\"@context\":\"https:\/\/schema.org\",\"@graph\":[{\"@type\":\"WebPage\",\"@id\":\"https:\/\/www.ritzbrasil.com\/es\/produtos\/herramientas-para-elevar-cargas-y-accesorios\/mastil-de-elevacion-de-cargas\/\",\"url\":\"https:\/\/www.ritzbrasil.com\/es\/produtos\/herramientas-para-elevar-cargas-y-accesorios\/mastil-de-elevacion-de-cargas\/\",\"name\":\"M\u00e1stil de elevaci\u00f3n de cargas\",\"isPartOf\":{\"@id\":\"https:\/\/www.ritzbrasil.com\/es\/#website\"},\"primaryImageOfPage\":{\"@id\":\"https:\/\/www.ritzbrasil.com\/es\/produtos\/herramientas-para-elevar-cargas-y-accesorios\/mastil-de-elevacion-de-cargas\/#primaryimage\"},\"image\":{\"@id\":\"https:\/\/www.ritzbrasil.com\/es\/produtos\/herramientas-para-elevar-cargas-y-accesorios\/mastil-de-elevacion-de-cargas\/#primaryimage\"},\"thumbnailUrl\":\"https:\/\/www.ritzbrasil.com\/wp-content\/uploads\/2024\/09\/rc400-0090-mastro-icamento-carga.jpg\",\"datePublished\":\"2024-09-18T11:57:34+00:00\",\"dateModified\":\"2026-02-25T19:57:39+00:00\",\"description\":\"M\u00e1stil ligero y robusto para elevar cargas, ideal para la construcci\u00f3n y el mantenimiento de redes a\u00e9reas de media tensi\u00f3n. F\u00e1cil instalaci\u00f3n y mayor seguridad.\",\"breadcrumb\":{\"@id\":\"https:\/\/www.ritzbrasil.com\/es\/produtos\/herramientas-para-elevar-cargas-y-accesorios\/mastil-de-elevacion-de-cargas\/#breadcrumb\"},\"inLanguage\":\"es\",\"potentialAction\":[{\"@type\":\"ReadAction\",\"target\":[\"https:\/\/www.ritzbrasil.com\/es\/produtos\/herramientas-para-elevar-cargas-y-accesorios\/mastil-de-elevacion-de-cargas\/\"]}]},{\"@type\":\"ImageObject\",\"inLanguage\":\"es\",\"@id\":\"https:\/\/www.ritzbrasil.com\/es\/produtos\/herramientas-para-elevar-cargas-y-accesorios\/mastil-de-elevacion-de-cargas\/#primaryimage\",\"url\":\"https:\/\/www.ritzbrasil.com\/wp-content\/uploads\/2024\/09\/rc400-0090-mastro-icamento-carga.jpg\",\"contentUrl\":\"https:\/\/www.ritzbrasil.com\/wp-content\/uploads\/2024\/09\/rc400-0090-mastro-icamento-carga.jpg\",\"width\":1200,\"height\":1200,\"caption\":\"RC400-0090 M\u00e1stil de elevaci\u00f3n de carga\"},{\"@type\":\"BreadcrumbList\",\"@id\":\"https:\/\/www.ritzbrasil.com\/es\/produtos\/herramientas-para-elevar-cargas-y-accesorios\/mastil-de-elevacion-de-cargas\/#breadcrumb\",\"itemListElement\":[{\"@type\":\"ListItem\",\"position\":1,\"name\":\"In\u00edcio\",\"item\":\"https:\/\/www.ritzbrasil.com\/es\/\"},{\"@type\":\"ListItem\",\"position\":2,\"name\":\"Tienda\",\"item\":\"https:\/\/www.ritzbrasil.com\/es\/tienda\/\"},{\"@type\":\"ListItem\",\"position\":3,\"name\":\"M\u00e1stil de elevaci\u00f3n de cargas\"}]},{\"@type\":\"WebSite\",\"@id\":\"https:\/\/www.ritzbrasil.com\/es\/#website\",\"url\":\"https:\/\/www.ritzbrasil.com\/es\/\",\"name\":\"Equipamentos de Manuten\u00e7\u00e3o e Seguran\u00e7a para o Setor El\u00e9trico - Ritz Brasil\",\"description\":\"\",\"potentialAction\":[{\"@type\":\"SearchAction\",\"target\":{\"@type\":\"EntryPoint\",\"urlTemplate\":\"https:\/\/www.ritzbrasil.com\/es\/?s={search_term_string}\"},\"query-input\":{\"@type\":\"PropertyValueSpecification\",\"valueRequired\":true,\"valueName\":\"search_term_string\"}}],\"inLanguage\":\"es\"}]}<\/script>\n<!-- \/ Yoast SEO plugin. -->","yoast_head_json":{"title":"M\u00e1stil de elevaci\u00f3n de cargas","description":"M\u00e1stil ligero y robusto para elevar cargas, ideal para la construcci\u00f3n y el mantenimiento de redes a\u00e9reas de media tensi\u00f3n. F\u00e1cil instalaci\u00f3n y mayor seguridad.","robots":{"index":"index","follow":"follow","max-snippet":"max-snippet:-1","max-image-preview":"max-image-preview:large","max-video-preview":"max-video-preview:-1"},"canonical":"https:\/\/www.ritzbrasil.com\/es\/produtos\/herramientas-para-elevar-cargas-y-accesorios\/mastil-de-elevacion-de-cargas\/","og_locale":"es_ES","og_type":"article","og_title":"M\u00e1stil de elevaci\u00f3n de cargas","og_description":"M\u00e1stil ligero y robusto para elevar cargas, ideal para la construcci\u00f3n y el mantenimiento de redes a\u00e9reas de media tensi\u00f3n. F\u00e1cil instalaci\u00f3n y mayor seguridad.","og_url":"https:\/\/www.ritzbrasil.com\/es\/produtos\/herramientas-para-elevar-cargas-y-accesorios\/mastil-de-elevacion-de-cargas\/","og_site_name":"Equipamentos de Manuten\u00e7\u00e3o e Seguran\u00e7a para o Setor El\u00e9trico - Ritz Brasil","article_modified_time":"2026-02-25T19:57:39+00:00","og_image":[{"width":1200,"height":1200,"url":"https:\/\/www.ritzbrasil.com\/wp-content\/uploads\/2024\/09\/rc400-0090-mastro-icamento-carga.jpg","type":"image\/jpeg"}],"twitter_card":"summary_large_image","twitter_misc":{"Tiempo de lectura":"1 minuto"},"schema":{"@context":"https:\/\/schema.org","@graph":[{"@type":"WebPage","@id":"https:\/\/www.ritzbrasil.com\/es\/produtos\/herramientas-para-elevar-cargas-y-accesorios\/mastil-de-elevacion-de-cargas\/","url":"https:\/\/www.ritzbrasil.com\/es\/produtos\/herramientas-para-elevar-cargas-y-accesorios\/mastil-de-elevacion-de-cargas\/","name":"M\u00e1stil de elevaci\u00f3n de cargas","isPartOf":{"@id":"https:\/\/www.ritzbrasil.com\/es\/#website"},"primaryImageOfPage":{"@id":"https:\/\/www.ritzbrasil.com\/es\/produtos\/herramientas-para-elevar-cargas-y-accesorios\/mastil-de-elevacion-de-cargas\/#primaryimage"},"image":{"@id":"https:\/\/www.ritzbrasil.com\/es\/produtos\/herramientas-para-elevar-cargas-y-accesorios\/mastil-de-elevacion-de-cargas\/#primaryimage"},"thumbnailUrl":"https:\/\/www.ritzbrasil.com\/wp-content\/uploads\/2024\/09\/rc400-0090-mastro-icamento-carga.jpg","datePublished":"2024-09-18T11:57:34+00:00","dateModified":"2026-02-25T19:57:39+00:00","description":"M\u00e1stil ligero y robusto para elevar cargas, ideal para la construcci\u00f3n y el mantenimiento de redes a\u00e9reas de media tensi\u00f3n. F\u00e1cil instalaci\u00f3n y mayor seguridad.","breadcrumb":{"@id":"https:\/\/www.ritzbrasil.com\/es\/produtos\/herramientas-para-elevar-cargas-y-accesorios\/mastil-de-elevacion-de-cargas\/#breadcrumb"},"inLanguage":"es","potentialAction":[{"@type":"ReadAction","target":["https:\/\/www.ritzbrasil.com\/es\/produtos\/herramientas-para-elevar-cargas-y-accesorios\/mastil-de-elevacion-de-cargas\/"]}]},{"@type":"ImageObject","inLanguage":"es","@id":"https:\/\/www.ritzbrasil.com\/es\/produtos\/herramientas-para-elevar-cargas-y-accesorios\/mastil-de-elevacion-de-cargas\/#primaryimage","url":"https:\/\/www.ritzbrasil.com\/wp-content\/uploads\/2024\/09\/rc400-0090-mastro-icamento-carga.jpg","contentUrl":"https:\/\/www.ritzbrasil.com\/wp-content\/uploads\/2024\/09\/rc400-0090-mastro-icamento-carga.jpg","width":1200,"height":1200,"caption":"RC400-0090 M\u00e1stil de elevaci\u00f3n de carga"},{"@type":"BreadcrumbList","@id":"https:\/\/www.ritzbrasil.com\/es\/produtos\/herramientas-para-elevar-cargas-y-accesorios\/mastil-de-elevacion-de-cargas\/#breadcrumb","itemListElement":[{"@type":"ListItem","position":1,"name":"In\u00edcio","item":"https:\/\/www.ritzbrasil.com\/es\/"},{"@type":"ListItem","position":2,"name":"Tienda","item":"https:\/\/www.ritzbrasil.com\/es\/tienda\/"},{"@type":"ListItem","position":3,"name":"M\u00e1stil de elevaci\u00f3n de cargas"}]},{"@type":"WebSite","@id":"https:\/\/www.ritzbrasil.com\/es\/#website","url":"https:\/\/www.ritzbrasil.com\/es\/","name":"Equipamentos de Manuten\u00e7\u00e3o e Seguran\u00e7a para o Setor El\u00e9trico - Ritz Brasil","description":"","potentialAction":[{"@type":"SearchAction","target":{"@type":"EntryPoint","urlTemplate":"https:\/\/www.ritzbrasil.com\/es\/?s={search_term_string}"},"query-input":{"@type":"PropertyValueSpecification","valueRequired":true,"valueName":"search_term_string"}}],"inLanguage":"es"}]}},"_links":{"self":[{"href":"https:\/\/www.ritzbrasil.com\/es\/wp-json\/wp\/v2\/product\/61239","targetHints":{"allow":["GET"]}}],"collection":[{"href":"https:\/\/www.ritzbrasil.com\/es\/wp-json\/wp\/v2\/product"}],"about":[{"href":"https:\/\/www.ritzbrasil.com\/es\/wp-json\/wp\/v2\/types\/product"}],"wp:featuredmedia":[{"embeddable":true,"href":"https:\/\/www.ritzbrasil.com\/es\/wp-json\/wp\/v2\/media\/58691"}],"wp:attachment":[{"href":"https:\/\/www.ritzbrasil.com\/es\/wp-json\/wp\/v2\/media?parent=61239"}],"wp:term":[{"taxonomy":"product_brand","embeddable":true,"href":"https:\/\/www.ritzbrasil.com\/es\/wp-json\/wp\/v2\/product_brand?post=61239"},{"taxonomy":"product_cat","embeddable":true,"href":"https:\/\/www.ritzbrasil.com\/es\/wp-json\/wp\/v2\/product_cat?post=61239"},{"taxonomy":"product_tag","embeddable":true,"href":"https:\/\/www.ritzbrasil.com\/es\/wp-json\/wp\/v2\/product_tag?post=61239"}],"curies":[{"name":"wp","href":"https:\/\/api.w.org\/{rel}","templated":true}]}}