{"id":61233,"date":"2024-09-16T08:58:06","date_gmt":"2024-09-16T11:58:06","guid":{"rendered":"https:\/\/www.ritzbrasil.com\/produtos\/sin%20categor\u00eda\/kit-de-ecualizacion-y-puesta-a-tierra-del-andamio\/"},"modified":"2026-02-25T16:58:33","modified_gmt":"2026-02-25T19:58:33","slug":"kit-de-ecualizacion-y-puesta-a-tierra-del-andamio","status":"publish","type":"product","link":"https:\/\/www.ritzbrasil.com\/es\/produtos\/escaleras-plataformas-y-andamios-aislados\/kit-de-ecualizacion-y-puesta-a-tierra-del-andamio\/","title":{"rendered":"Kit de ecualizaci\u00f3n y puesta a tierra del andamio"},"content":{"rendered":"<div class=\"wpb-content-wrapper\"><p>[vc_row][vc_column][vc_column_text css=\u00bb.vc_custom_1726487830644{margin-top: 20px !important;}\u00bb]<\/p>\n<h4><span style=\"color: #ff9900;\"><strong>Composici\u00f3n<\/strong><\/span><\/h4>\n<p>[\/vc_column_text][vc_column_text css=\u00bb.vc_custom_1726491015378{margin-top: -20px !important;}\u00bb]\n<div id=\"tablepress-Kit-Equalizacao-Aterramento-Andaime-Isolante-Composicao-scroll-wrapper\" class=\"tablepress-scroll-wrapper\">\n<table id=\"tablepress-Kit-Equalizacao-Aterramento-Andaime-Isolante-Composicao\" class=\"tablepress tablepress-id-Kit-Equalizacao-Aterramento-Andaime-Isolante-Composicao tablepress-responsive\">\n<thead>\n<tr class=\"row-1\">\n\t<td class=\"column-1\"><\/td><th class=\"column-2\">  Refer\u00eancias<\/th><th class=\"column-3\">Caracter\u00edstica<\/th><td class=\"column-4\"><\/td><td class=\"column-5\"><\/td>\n<\/tr>\n<\/thead>\n<tbody class=\"row-striping row-hover\">\n<tr class=\"row-2\">\n\t<td class=\"column-1\"><img decoding=\"async\" src=\"https:\/\/www.ritzbrasil.com\/wp-content\/uploads\/2024\/09\/flv30489-1-dispositivo-equalizacao-andaime-150x150-1.jpg\" \/><\/td><td class=\"column-2\">FLV30489-1<\/td><td class=\"column-3\">Dispositivo de equaliza\u00e7\u00e3o do andaime (toque ao potencial)<br \/>\nDispositivo com corpo fabricado e haste (1m de haste) fabricados em<br \/>\nalum\u00ednio, com sistema de aperto e regulagem nos tubos do andaime,<br \/>\npermitindo ajuste adequado para toque ao potencial energizado.<\/td><td class=\"column-4\">    <button class=\"add-to-budget\" data-table-id=\"Kit-Equalizacao-Aterramento-Andaime-Isolante-Composicao\" data-reference=\"FLV30489-1\" data-description=\"Kit de Equaliza\u00e7\u00e3o e Aterramento do Andaime Isolante - Composi\u00e7\u00e3o\" style=\"color:#ff4d00;\">\n        <img decoding=\"async\" src=\"https:\/\/www.ritzbrasil.com\/\/wp-content\/uploads\/2024\/07\/orcar-compras-tabela-new-1.png\" alt=\"Solicitar cotizaci\u00f3n\" title=\"Solicitar cotizaci\u00f3n\" \/>\n    <\/button>\n    <\/td><td class=\"column-5\"><a href=\"https:\/\/lojasritz.com.br\/catalogsearch\/result\/?q=FLV30489-1\" target=\"_blank\" rel=\"noopener\"><img decoding=\"async\" src=\"https:\/\/www.ritzbrasil.com\/wp-content\/uploads\/2024\/07\/carrinho-compras-tabela.png\"  \/><\/a><\/td>\n<\/tr>\n<tr class=\"row-3\">\n\t<td class=\"column-1\"><img decoding=\"async\" src=\"https:\/\/www.ritzbrasil.com\/wp-content\/uploads\/2024\/09\/flv30490-1-conjunto-aterramento-andaime-150x150-1.jpg\" \/><\/td><td class=\"column-2\">FLV30490-1<\/td><td class=\"column-3\">Conjunto de aterramento do andaime<br \/>\nCabo de aterramento composto por um grampo RG3363-1 e um grampo<br \/>\nATR04467-2 e 10m de cabo 25mm\u00b2 de cobre com terminais de alum\u00ednio lisos<br \/>\nem suas extremidades, permite o aterramento do conjunto do andaime<br \/>\n(base) a um barramento ou ponto terra da subesta\u00e7\u00e3o.<\/td><td class=\"column-4\">    <button class=\"add-to-budget\" data-table-id=\"Kit-Equalizacao-Aterramento-Andaime-Isolante-Composicao\" data-reference=\"FLV30490-1\" data-description=\"Kit de Equaliza\u00e7\u00e3o e Aterramento do Andaime Isolante - Composi\u00e7\u00e3o\" style=\"color:#ff4d00;\">\n        <img decoding=\"async\" src=\"https:\/\/www.ritzbrasil.com\/\/wp-content\/uploads\/2024\/07\/orcar-compras-tabela-new-1.png\" alt=\"Solicitar cotizaci\u00f3n\" title=\"Solicitar cotizaci\u00f3n\" \/>\n    <\/button>\n    <\/td><td class=\"column-5\"><a href=\"https:\/\/lojasritz.com.br\/catalogsearch\/result\/?q=FLV30490-1\" target=\"_blank\" rel=\"noopener\"><img decoding=\"async\" src=\"https:\/\/www.ritzbrasil.com\/wp-content\/uploads\/2024\/07\/carrinho-compras-tabela.png\"  \/><\/a><\/td>\n<\/tr>\n<tr class=\"row-4\">\n\t<td class=\"column-1\"><img decoding=\"async\" src=\"https:\/\/www.ritzbrasil.com\/wp-content\/uploads\/2024\/09\/flv30707-1-dispositivo-equalizacao-base-andaime-150x150-1.jpg\" \/><\/td><td class=\"column-2\">FLV30707-1<\/td><td class=\"column-3\">Dispositivo de equaliza\u00e7\u00e3o da base do andaime<br \/>\nComposto por 4 abra\u00e7adeiras met\u00e1licas, presas a base do andaime atrav\u00e9s<br \/>\nde parafusos borboletas, unidos entre si atrav\u00e9s de cabos coaxiais e em uma<br \/>\ndas extremidades com conector pr\u00f3prio para liga\u00e7\u00e3o e leitura da corrente de<br \/>\nfuga junto aos microamper\u00edmetros RC402-0288 ou MD800.<\/td><td class=\"column-4\">    <button class=\"add-to-budget\" data-table-id=\"Kit-Equalizacao-Aterramento-Andaime-Isolante-Composicao\" data-reference=\"FLV30707-1\" data-description=\"Kit de Equaliza\u00e7\u00e3o e Aterramento do Andaime Isolante - Composi\u00e7\u00e3o\" style=\"color:#ff4d00;\">\n        <img decoding=\"async\" src=\"https:\/\/www.ritzbrasil.com\/\/wp-content\/uploads\/2024\/07\/orcar-compras-tabela-new-1.png\" alt=\"Solicitar cotizaci\u00f3n\" title=\"Solicitar cotizaci\u00f3n\" \/>\n    <\/button>\n    <\/td><td class=\"column-5\"><a href=\"https:\/\/lojasritz.com.br\/catalogsearch\/result\/?q=FLV30707-1\" target=\"_blank\" rel=\"noopener\"><img decoding=\"async\" src=\"https:\/\/www.ritzbrasil.com\/wp-content\/uploads\/2024\/07\/carrinho-compras-tabela.png\"  \/><\/a><\/td>\n<\/tr>\n<\/tbody>\n<\/table>\n<\/div>\n[\/vc_column_text][vc_separator border_width=\u00bb2&#8243; css=\u00bb\u00bb][\/vc_column][\/vc_row]<\/p>\n<\/div>","protected":false},"excerpt":{"rendered":"<h4><span style=\"color: #ff9900;\"><strong>FLV30722-1 &#8211; Kit de ecualizaci\u00f3n y puesta a tierra del andamio aislante<\/strong><\/span><\/h4>\n<p>Se utiliza para poner en contacto, igualar y medir la corriente de fuga cuando se trabaja con andamios aislantes. S\u00f3lo debe utilizarse despu\u00e9s de haber comprobado el andamio con el comprobador Ritz. El objetivo del kit es garantizar que el andamio est\u00e1 en perfecto estado de funcionamiento, sin puntos de fuga entre el potencial energizado y tierra, para que el electricista o electricistas puedan entrar en el potencial.<\/p>\n","protected":false},"featured_media":58599,"template":"","meta":[],"product_brand":[],"product_cat":[2774],"product_tag":[2781,2782,2783,2780],"class_list":{"0":"post-61233","1":"product","2":"type-product","3":"status-publish","4":"has-post-thumbnail","6":"product_cat-escaleras-plataformas-y-andamios-aislados","7":"product_tag-flv30489-1-es","8":"product_tag-flv30490-1-es","9":"product_tag-flv30707-1-es","10":"product_tag-flv30722-1-es","11":"description-off","13":"first","14":"instock","15":"virtual","16":"product-type-simple"},"yoast_head":"<!-- This site is optimized with the Yoast SEO plugin v27.1.1 - https:\/\/yoast.com\/product\/yoast-seo-wordpress\/ -->\n<title>Kit de ecualizaci\u00f3n y puesta a tierra del andamio<\/title>\n<meta name=\"description\" content=\"Kit de ecualizaci\u00f3n y puesta a tierra para andamios aislantes, utilizado para garantizar la seguridad en las mediciones de corriente de fuga.\" \/>\n<meta name=\"robots\" content=\"index, follow, max-snippet:-1, max-image-preview:large, max-video-preview:-1\" \/>\n<link rel=\"canonical\" href=\"https:\/\/www.ritzbrasil.com\/es\/produtos\/escaleras-plataformas-y-andamios-aislados\/kit-de-ecualizacion-y-puesta-a-tierra-del-andamio\/\" \/>\n<meta property=\"og:locale\" content=\"es_ES\" \/>\n<meta property=\"og:type\" content=\"article\" \/>\n<meta property=\"og:title\" content=\"Kit de ecualizaci\u00f3n y puesta a tierra del andamio\" \/>\n<meta property=\"og:description\" content=\"Kit de ecualizaci\u00f3n y puesta a tierra para andamios aislantes, utilizado para garantizar la seguridad en las mediciones de corriente de fuga.\" \/>\n<meta property=\"og:url\" content=\"https:\/\/www.ritzbrasil.com\/es\/produtos\/escaleras-plataformas-y-andamios-aislados\/kit-de-ecualizacion-y-puesta-a-tierra-del-andamio\/\" \/>\n<meta property=\"og:site_name\" content=\"Equipamentos de Manuten\u00e7\u00e3o e Seguran\u00e7a para o Setor El\u00e9trico - Ritz Brasil\" \/>\n<meta property=\"article:modified_time\" content=\"2026-02-25T19:58:33+00:00\" \/>\n<meta property=\"og:image\" content=\"https:\/\/www.ritzbrasil.com\/wp-content\/uploads\/2024\/09\/kit-equalizacao-aterramento-andaime-isolante.jpg\" \/>\n\t<meta property=\"og:image:width\" content=\"1200\" \/>\n\t<meta property=\"og:image:height\" content=\"1200\" \/>\n\t<meta property=\"og:image:type\" content=\"image\/jpeg\" \/>\n<meta name=\"twitter:card\" content=\"summary_large_image\" \/>\n<meta name=\"twitter:label1\" content=\"Tiempo de lectura\" \/>\n\t<meta name=\"twitter:data1\" content=\"1 minuto\" \/>\n<script type=\"application\/ld+json\" class=\"yoast-schema-graph\">{\"@context\":\"https:\/\/schema.org\",\"@graph\":[{\"@type\":\"WebPage\",\"@id\":\"https:\/\/www.ritzbrasil.com\/es\/produtos\/escaleras-plataformas-y-andamios-aislados\/kit-de-ecualizacion-y-puesta-a-tierra-del-andamio\/\",\"url\":\"https:\/\/www.ritzbrasil.com\/es\/produtos\/escaleras-plataformas-y-andamios-aislados\/kit-de-ecualizacion-y-puesta-a-tierra-del-andamio\/\",\"name\":\"Kit de ecualizaci\u00f3n y puesta a tierra del andamio\",\"isPartOf\":{\"@id\":\"https:\/\/www.ritzbrasil.com\/es\/#website\"},\"primaryImageOfPage\":{\"@id\":\"https:\/\/www.ritzbrasil.com\/es\/produtos\/escaleras-plataformas-y-andamios-aislados\/kit-de-ecualizacion-y-puesta-a-tierra-del-andamio\/#primaryimage\"},\"image\":{\"@id\":\"https:\/\/www.ritzbrasil.com\/es\/produtos\/escaleras-plataformas-y-andamios-aislados\/kit-de-ecualizacion-y-puesta-a-tierra-del-andamio\/#primaryimage\"},\"thumbnailUrl\":\"https:\/\/www.ritzbrasil.com\/wp-content\/uploads\/2024\/09\/kit-equalizacao-aterramento-andaime-isolante.jpg\",\"datePublished\":\"2024-09-16T11:58:06+00:00\",\"dateModified\":\"2026-02-25T19:58:33+00:00\",\"description\":\"Kit de ecualizaci\u00f3n y puesta a tierra para andamios aislantes, utilizado para garantizar la seguridad en las mediciones de corriente de fuga.\",\"breadcrumb\":{\"@id\":\"https:\/\/www.ritzbrasil.com\/es\/produtos\/escaleras-plataformas-y-andamios-aislados\/kit-de-ecualizacion-y-puesta-a-tierra-del-andamio\/#breadcrumb\"},\"inLanguage\":\"es\",\"potentialAction\":[{\"@type\":\"ReadAction\",\"target\":[\"https:\/\/www.ritzbrasil.com\/es\/produtos\/escaleras-plataformas-y-andamios-aislados\/kit-de-ecualizacion-y-puesta-a-tierra-del-andamio\/\"]}]},{\"@type\":\"ImageObject\",\"inLanguage\":\"es\",\"@id\":\"https:\/\/www.ritzbrasil.com\/es\/produtos\/escaleras-plataformas-y-andamios-aislados\/kit-de-ecualizacion-y-puesta-a-tierra-del-andamio\/#primaryimage\",\"url\":\"https:\/\/www.ritzbrasil.com\/wp-content\/uploads\/2024\/09\/kit-equalizacao-aterramento-andaime-isolante.jpg\",\"contentUrl\":\"https:\/\/www.ritzbrasil.com\/wp-content\/uploads\/2024\/09\/kit-equalizacao-aterramento-andaime-isolante.jpg\",\"width\":1200,\"height\":1200,\"caption\":\"Kit de ecualizaci\u00f3n y puesta a tierra del andamio aislante\"},{\"@type\":\"BreadcrumbList\",\"@id\":\"https:\/\/www.ritzbrasil.com\/es\/produtos\/escaleras-plataformas-y-andamios-aislados\/kit-de-ecualizacion-y-puesta-a-tierra-del-andamio\/#breadcrumb\",\"itemListElement\":[{\"@type\":\"ListItem\",\"position\":1,\"name\":\"In\u00edcio\",\"item\":\"https:\/\/www.ritzbrasil.com\/es\/\"},{\"@type\":\"ListItem\",\"position\":2,\"name\":\"Tienda\",\"item\":\"https:\/\/www.ritzbrasil.com\/es\/tienda\/\"},{\"@type\":\"ListItem\",\"position\":3,\"name\":\"Kit de ecualizaci\u00f3n y puesta a tierra del andamio\"}]},{\"@type\":\"WebSite\",\"@id\":\"https:\/\/www.ritzbrasil.com\/es\/#website\",\"url\":\"https:\/\/www.ritzbrasil.com\/es\/\",\"name\":\"Equipamentos de Manuten\u00e7\u00e3o e Seguran\u00e7a para o Setor El\u00e9trico - Ritz Brasil\",\"description\":\"\",\"potentialAction\":[{\"@type\":\"SearchAction\",\"target\":{\"@type\":\"EntryPoint\",\"urlTemplate\":\"https:\/\/www.ritzbrasil.com\/es\/?s={search_term_string}\"},\"query-input\":{\"@type\":\"PropertyValueSpecification\",\"valueRequired\":true,\"valueName\":\"search_term_string\"}}],\"inLanguage\":\"es\"}]}<\/script>\n<!-- \/ Yoast SEO plugin. -->","yoast_head_json":{"title":"Kit de ecualizaci\u00f3n y puesta a tierra del andamio","description":"Kit de ecualizaci\u00f3n y puesta a tierra para andamios aislantes, utilizado para garantizar la seguridad en las mediciones de corriente de fuga.","robots":{"index":"index","follow":"follow","max-snippet":"max-snippet:-1","max-image-preview":"max-image-preview:large","max-video-preview":"max-video-preview:-1"},"canonical":"https:\/\/www.ritzbrasil.com\/es\/produtos\/escaleras-plataformas-y-andamios-aislados\/kit-de-ecualizacion-y-puesta-a-tierra-del-andamio\/","og_locale":"es_ES","og_type":"article","og_title":"Kit de ecualizaci\u00f3n y puesta a tierra del andamio","og_description":"Kit de ecualizaci\u00f3n y puesta a tierra para andamios aislantes, utilizado para garantizar la seguridad en las mediciones de corriente de fuga.","og_url":"https:\/\/www.ritzbrasil.com\/es\/produtos\/escaleras-plataformas-y-andamios-aislados\/kit-de-ecualizacion-y-puesta-a-tierra-del-andamio\/","og_site_name":"Equipamentos de Manuten\u00e7\u00e3o e Seguran\u00e7a para o Setor El\u00e9trico - Ritz Brasil","article_modified_time":"2026-02-25T19:58:33+00:00","og_image":[{"width":1200,"height":1200,"url":"https:\/\/www.ritzbrasil.com\/wp-content\/uploads\/2024\/09\/kit-equalizacao-aterramento-andaime-isolante.jpg","type":"image\/jpeg"}],"twitter_card":"summary_large_image","twitter_misc":{"Tiempo de lectura":"1 minuto"},"schema":{"@context":"https:\/\/schema.org","@graph":[{"@type":"WebPage","@id":"https:\/\/www.ritzbrasil.com\/es\/produtos\/escaleras-plataformas-y-andamios-aislados\/kit-de-ecualizacion-y-puesta-a-tierra-del-andamio\/","url":"https:\/\/www.ritzbrasil.com\/es\/produtos\/escaleras-plataformas-y-andamios-aislados\/kit-de-ecualizacion-y-puesta-a-tierra-del-andamio\/","name":"Kit de ecualizaci\u00f3n y puesta a tierra del andamio","isPartOf":{"@id":"https:\/\/www.ritzbrasil.com\/es\/#website"},"primaryImageOfPage":{"@id":"https:\/\/www.ritzbrasil.com\/es\/produtos\/escaleras-plataformas-y-andamios-aislados\/kit-de-ecualizacion-y-puesta-a-tierra-del-andamio\/#primaryimage"},"image":{"@id":"https:\/\/www.ritzbrasil.com\/es\/produtos\/escaleras-plataformas-y-andamios-aislados\/kit-de-ecualizacion-y-puesta-a-tierra-del-andamio\/#primaryimage"},"thumbnailUrl":"https:\/\/www.ritzbrasil.com\/wp-content\/uploads\/2024\/09\/kit-equalizacao-aterramento-andaime-isolante.jpg","datePublished":"2024-09-16T11:58:06+00:00","dateModified":"2026-02-25T19:58:33+00:00","description":"Kit de ecualizaci\u00f3n y puesta a tierra para andamios aislantes, utilizado para garantizar la seguridad en las mediciones de corriente de fuga.","breadcrumb":{"@id":"https:\/\/www.ritzbrasil.com\/es\/produtos\/escaleras-plataformas-y-andamios-aislados\/kit-de-ecualizacion-y-puesta-a-tierra-del-andamio\/#breadcrumb"},"inLanguage":"es","potentialAction":[{"@type":"ReadAction","target":["https:\/\/www.ritzbrasil.com\/es\/produtos\/escaleras-plataformas-y-andamios-aislados\/kit-de-ecualizacion-y-puesta-a-tierra-del-andamio\/"]}]},{"@type":"ImageObject","inLanguage":"es","@id":"https:\/\/www.ritzbrasil.com\/es\/produtos\/escaleras-plataformas-y-andamios-aislados\/kit-de-ecualizacion-y-puesta-a-tierra-del-andamio\/#primaryimage","url":"https:\/\/www.ritzbrasil.com\/wp-content\/uploads\/2024\/09\/kit-equalizacao-aterramento-andaime-isolante.jpg","contentUrl":"https:\/\/www.ritzbrasil.com\/wp-content\/uploads\/2024\/09\/kit-equalizacao-aterramento-andaime-isolante.jpg","width":1200,"height":1200,"caption":"Kit de ecualizaci\u00f3n y puesta a tierra del andamio aislante"},{"@type":"BreadcrumbList","@id":"https:\/\/www.ritzbrasil.com\/es\/produtos\/escaleras-plataformas-y-andamios-aislados\/kit-de-ecualizacion-y-puesta-a-tierra-del-andamio\/#breadcrumb","itemListElement":[{"@type":"ListItem","position":1,"name":"In\u00edcio","item":"https:\/\/www.ritzbrasil.com\/es\/"},{"@type":"ListItem","position":2,"name":"Tienda","item":"https:\/\/www.ritzbrasil.com\/es\/tienda\/"},{"@type":"ListItem","position":3,"name":"Kit de ecualizaci\u00f3n y puesta a tierra del andamio"}]},{"@type":"WebSite","@id":"https:\/\/www.ritzbrasil.com\/es\/#website","url":"https:\/\/www.ritzbrasil.com\/es\/","name":"Equipamentos de Manuten\u00e7\u00e3o e Seguran\u00e7a para o Setor El\u00e9trico - Ritz Brasil","description":"","potentialAction":[{"@type":"SearchAction","target":{"@type":"EntryPoint","urlTemplate":"https:\/\/www.ritzbrasil.com\/es\/?s={search_term_string}"},"query-input":{"@type":"PropertyValueSpecification","valueRequired":true,"valueName":"search_term_string"}}],"inLanguage":"es"}]}},"_links":{"self":[{"href":"https:\/\/www.ritzbrasil.com\/es\/wp-json\/wp\/v2\/product\/61233","targetHints":{"allow":["GET"]}}],"collection":[{"href":"https:\/\/www.ritzbrasil.com\/es\/wp-json\/wp\/v2\/product"}],"about":[{"href":"https:\/\/www.ritzbrasil.com\/es\/wp-json\/wp\/v2\/types\/product"}],"wp:featuredmedia":[{"embeddable":true,"href":"https:\/\/www.ritzbrasil.com\/es\/wp-json\/wp\/v2\/media\/58599"}],"wp:attachment":[{"href":"https:\/\/www.ritzbrasil.com\/es\/wp-json\/wp\/v2\/media?parent=61233"}],"wp:term":[{"taxonomy":"product_brand","embeddable":true,"href":"https:\/\/www.ritzbrasil.com\/es\/wp-json\/wp\/v2\/product_brand?post=61233"},{"taxonomy":"product_cat","embeddable":true,"href":"https:\/\/www.ritzbrasil.com\/es\/wp-json\/wp\/v2\/product_cat?post=61233"},{"taxonomy":"product_tag","embeddable":true,"href":"https:\/\/www.ritzbrasil.com\/es\/wp-json\/wp\/v2\/product_tag?post=61233"}],"curies":[{"name":"wp","href":"https:\/\/api.w.org\/{rel}","templated":true}]}}