{"id":61231,"date":"2024-09-11T10:35:11","date_gmt":"2024-09-11T13:35:11","guid":{"rendered":"https:\/\/www.ritzbrasil.com\/produtos\/sin%20categor\u00eda\/peldano-auxiliar-para-poste\/"},"modified":"2026-02-25T16:58:44","modified_gmt":"2026-02-25T19:58:44","slug":"peldano-auxiliar-para-poste","status":"publish","type":"product","link":"https:\/\/www.ritzbrasil.com\/es\/produtos\/escaleras-plataformas-y-andamios-aislados\/peldano-auxiliar-para-poste\/","title":{"rendered":"Pelda\u00f1o auxiliar para poste"},"content":{"rendered":"<div class=\"wpb-content-wrapper\"><p>[vc_row][vc_column][vc_column_text css=\u00bb.vc_custom_1736358115272{margin-top: 20px !important;}\u00bb]<\/p>\n<h4><span style=\"color: #ff9900;\"><strong>Pelda\u00f1o auxiliar para poste<\/strong><\/span><\/h4>\n<p>[\/vc_column_text][vc_column_text css=\u00bb.vc_custom_1736357740163{margin-top: -20px !important;}\u00bb]\n<div id=\"tablepress-Degrau-Auxiliar-Poste-scroll-wrapper\" class=\"tablepress-scroll-wrapper\">\n<table id=\"tablepress-Degrau-Auxiliar-Poste\" class=\"tablepress tablepress-id-Degrau-Auxiliar-Poste tablepress-responsive\">\n<thead>\n<tr class=\"row-1\">\n\t<td class=\"column-1\"><\/td><th class=\"column-2\">  Refer\u00eancias<\/th><th class=\"column-3\">Caracter\u00edstica<\/th><td class=\"column-4\"><\/td><td class=\"column-5\"><\/td>\n<\/tr>\n<\/thead>\n<tbody class=\"row-striping row-hover\">\n<tr class=\"row-2\">\n\t<td class=\"column-1\"><img decoding=\"async\" src=\"https:\/\/www.ritzbrasil.com\/wp-content\/uploads\/2025\/01\/FLV31854-1-Degrau-Auxiliar-Poste-150x150-1.jpg\" \/><\/td><td class=\"column-2\">FLV31854-1<\/td><td class=\"column-3\">Degrau auxiliar para poste<br \/>\nPeso Aprox.: 0,6 kg (1,32 lb)<\/td><td class=\"column-4\">    <button class=\"add-to-budget\" data-table-id=\"Degrau-Auxiliar-Poste\" data-reference=\"FLV31854-1\" data-description=\"Degrau Auxiliar para Poste\" style=\"color:#ff4d00;\">\n        <img decoding=\"async\" src=\"https:\/\/www.ritzbrasil.com\/\/wp-content\/uploads\/2024\/07\/orcar-compras-tabela-new-1.png\" alt=\"Solicitar cotizaci\u00f3n\" title=\"Solicitar cotizaci\u00f3n\" \/>\n    <\/button>\n    <\/td><td class=\"column-5\"><a href=\"https:\/\/lojasritz.com.br\/catalogsearch\/result\/?q=FLV31854-1\" target=\"_blank\" rel=\"noopener\"><img decoding=\"async\" src=\"https:\/\/www.ritzbrasil.com\/wp-content\/uploads\/2024\/07\/carrinho-compras-tabela.png\"  \/><\/a><\/td>\n<\/tr>\n<\/tbody>\n<\/table>\n<\/div>\n[\/vc_column_text][vc_separator border_width=\u00bb2&#8243; css=\u00bb\u00bb][\/vc_column][\/vc_row]<\/p>\n<\/div>","protected":false},"excerpt":{"rendered":"<h4><span style=\"color: #ff9900;\"><strong>Pelda\u00f1o auxiliar para poste<\/strong><\/span><\/h4>\n<p>Dise\u00f1ado para trepar por postes circulares, este equipo ofrece una seguridad y fiabilidad excepcionales.<\/p>\n<p>Fabricado en polietileno de color naranja, tiene una superficie antideslizante y en la parte posterior lleva una lona de goma antideslizante, que garantiza el m\u00e1ximo agarre. La correa de sujeci\u00f3n de poli\u00e9ster est\u00e1 equipada con un gancho y bucle de acero, que proporciona robustez y seguridad. Adem\u00e1s, las hombreras de pl\u00e1stico engomado garantizan una sujeci\u00f3n firme al bast\u00f3n.<\/p>\n<p>Capacidad nominal de trabajo: 160 daN<\/p>\n<p>Peso aproximado: 0,6 kg (1,32 lb)<\/p>\n","protected":false},"featured_media":60517,"template":"","meta":[],"product_brand":[],"product_cat":[2774],"product_tag":[2775,2776],"class_list":{"0":"post-61231","1":"product","2":"type-product","3":"status-publish","4":"has-post-thumbnail","6":"product_cat-escaleras-plataformas-y-andamios-aislados","7":"product_tag-flv31854-1-es","8":"product_tag-puesto-escalonado","9":"description-off","11":"first","12":"instock","13":"virtual","14":"product-type-simple"},"yoast_head":"<!-- This site is optimized with the Yoast SEO plugin v27.1.1 - https:\/\/yoast.com\/product\/yoast-seo-wordpress\/ -->\n<title>Taburete aislante<\/title>\n<meta name=\"description\" content=\"Taburete aislante para intervenciones seguras y duraderas en subestaciones, celdas y cuadros el\u00e9ctricos, garantizando una protecci\u00f3n eficaz.\" \/>\n<meta name=\"robots\" content=\"index, follow, max-snippet:-1, max-image-preview:large, max-video-preview:-1\" \/>\n<link rel=\"canonical\" href=\"https:\/\/www.ritzbrasil.com\/es\/produtos\/escaleras-plataformas-y-andamios-aislados\/peldano-auxiliar-para-poste\/\" \/>\n<meta property=\"og:locale\" content=\"es_ES\" \/>\n<meta property=\"og:type\" content=\"article\" \/>\n<meta property=\"og:title\" content=\"Taburete aislante\" \/>\n<meta property=\"og:description\" content=\"Taburete aislante para intervenciones seguras y duraderas en subestaciones, celdas y cuadros el\u00e9ctricos, garantizando una protecci\u00f3n eficaz.\" \/>\n<meta property=\"og:url\" content=\"https:\/\/www.ritzbrasil.com\/es\/produtos\/escaleras-plataformas-y-andamios-aislados\/peldano-auxiliar-para-poste\/\" \/>\n<meta property=\"og:site_name\" content=\"Equipamentos de Manuten\u00e7\u00e3o e Seguran\u00e7a para o Setor El\u00e9trico - Ritz Brasil\" \/>\n<meta property=\"article:modified_time\" content=\"2026-02-25T19:58:44+00:00\" \/>\n<meta property=\"og:image\" content=\"https:\/\/www.ritzbrasil.com\/wp-content\/uploads\/2025\/01\/FLV31854-1-Degrau-Auxiliar-Poste.jpg\" \/>\n\t<meta property=\"og:image:width\" content=\"1200\" \/>\n\t<meta property=\"og:image:height\" content=\"1200\" \/>\n\t<meta property=\"og:image:type\" content=\"image\/jpeg\" \/>\n<meta name=\"twitter:card\" content=\"summary_large_image\" \/>\n<meta name=\"twitter:label1\" content=\"Tiempo de lectura\" \/>\n\t<meta name=\"twitter:data1\" content=\"1 minuto\" \/>\n<script type=\"application\/ld+json\" class=\"yoast-schema-graph\">{\"@context\":\"https:\/\/schema.org\",\"@graph\":[{\"@type\":\"WebPage\",\"@id\":\"https:\/\/www.ritzbrasil.com\/es\/produtos\/escaleras-plataformas-y-andamios-aislados\/peldano-auxiliar-para-poste\/\",\"url\":\"https:\/\/www.ritzbrasil.com\/es\/produtos\/escaleras-plataformas-y-andamios-aislados\/peldano-auxiliar-para-poste\/\",\"name\":\"Taburete aislante\",\"isPartOf\":{\"@id\":\"https:\/\/www.ritzbrasil.com\/es\/#website\"},\"primaryImageOfPage\":{\"@id\":\"https:\/\/www.ritzbrasil.com\/es\/produtos\/escaleras-plataformas-y-andamios-aislados\/peldano-auxiliar-para-poste\/#primaryimage\"},\"image\":{\"@id\":\"https:\/\/www.ritzbrasil.com\/es\/produtos\/escaleras-plataformas-y-andamios-aislados\/peldano-auxiliar-para-poste\/#primaryimage\"},\"thumbnailUrl\":\"https:\/\/www.ritzbrasil.com\/wp-content\/uploads\/2025\/01\/FLV31854-1-Degrau-Auxiliar-Poste.jpg\",\"datePublished\":\"2024-09-11T13:35:11+00:00\",\"dateModified\":\"2026-02-25T19:58:44+00:00\",\"description\":\"Taburete aislante para intervenciones seguras y duraderas en subestaciones, celdas y cuadros el\u00e9ctricos, garantizando una protecci\u00f3n eficaz.\",\"breadcrumb\":{\"@id\":\"https:\/\/www.ritzbrasil.com\/es\/produtos\/escaleras-plataformas-y-andamios-aislados\/peldano-auxiliar-para-poste\/#breadcrumb\"},\"inLanguage\":\"es\",\"potentialAction\":[{\"@type\":\"ReadAction\",\"target\":[\"https:\/\/www.ritzbrasil.com\/es\/produtos\/escaleras-plataformas-y-andamios-aislados\/peldano-auxiliar-para-poste\/\"]}]},{\"@type\":\"ImageObject\",\"inLanguage\":\"es\",\"@id\":\"https:\/\/www.ritzbrasil.com\/es\/produtos\/escaleras-plataformas-y-andamios-aislados\/peldano-auxiliar-para-poste\/#primaryimage\",\"url\":\"https:\/\/www.ritzbrasil.com\/wp-content\/uploads\/2025\/01\/FLV31854-1-Degrau-Auxiliar-Poste.jpg\",\"contentUrl\":\"https:\/\/www.ritzbrasil.com\/wp-content\/uploads\/2025\/01\/FLV31854-1-Degrau-Auxiliar-Poste.jpg\",\"width\":1200,\"height\":1200,\"caption\":\"FLV31854-1 Escal\u00f3n auxiliar para poste\"},{\"@type\":\"BreadcrumbList\",\"@id\":\"https:\/\/www.ritzbrasil.com\/es\/produtos\/escaleras-plataformas-y-andamios-aislados\/peldano-auxiliar-para-poste\/#breadcrumb\",\"itemListElement\":[{\"@type\":\"ListItem\",\"position\":1,\"name\":\"In\u00edcio\",\"item\":\"https:\/\/www.ritzbrasil.com\/es\/\"},{\"@type\":\"ListItem\",\"position\":2,\"name\":\"Tienda\",\"item\":\"https:\/\/www.ritzbrasil.com\/es\/tienda\/\"},{\"@type\":\"ListItem\",\"position\":3,\"name\":\"Pelda\u00f1o auxiliar para poste\"}]},{\"@type\":\"WebSite\",\"@id\":\"https:\/\/www.ritzbrasil.com\/es\/#website\",\"url\":\"https:\/\/www.ritzbrasil.com\/es\/\",\"name\":\"Equipamentos de Manuten\u00e7\u00e3o e Seguran\u00e7a para o Setor El\u00e9trico - Ritz Brasil\",\"description\":\"\",\"potentialAction\":[{\"@type\":\"SearchAction\",\"target\":{\"@type\":\"EntryPoint\",\"urlTemplate\":\"https:\/\/www.ritzbrasil.com\/es\/?s={search_term_string}\"},\"query-input\":{\"@type\":\"PropertyValueSpecification\",\"valueRequired\":true,\"valueName\":\"search_term_string\"}}],\"inLanguage\":\"es\"}]}<\/script>\n<!-- \/ Yoast SEO plugin. -->","yoast_head_json":{"title":"Taburete aislante","description":"Taburete aislante para intervenciones seguras y duraderas en subestaciones, celdas y cuadros el\u00e9ctricos, garantizando una protecci\u00f3n eficaz.","robots":{"index":"index","follow":"follow","max-snippet":"max-snippet:-1","max-image-preview":"max-image-preview:large","max-video-preview":"max-video-preview:-1"},"canonical":"https:\/\/www.ritzbrasil.com\/es\/produtos\/escaleras-plataformas-y-andamios-aislados\/peldano-auxiliar-para-poste\/","og_locale":"es_ES","og_type":"article","og_title":"Taburete aislante","og_description":"Taburete aislante para intervenciones seguras y duraderas en subestaciones, celdas y cuadros el\u00e9ctricos, garantizando una protecci\u00f3n eficaz.","og_url":"https:\/\/www.ritzbrasil.com\/es\/produtos\/escaleras-plataformas-y-andamios-aislados\/peldano-auxiliar-para-poste\/","og_site_name":"Equipamentos de Manuten\u00e7\u00e3o e Seguran\u00e7a para o Setor El\u00e9trico - Ritz Brasil","article_modified_time":"2026-02-25T19:58:44+00:00","og_image":[{"width":1200,"height":1200,"url":"https:\/\/www.ritzbrasil.com\/wp-content\/uploads\/2025\/01\/FLV31854-1-Degrau-Auxiliar-Poste.jpg","type":"image\/jpeg"}],"twitter_card":"summary_large_image","twitter_misc":{"Tiempo de lectura":"1 minuto"},"schema":{"@context":"https:\/\/schema.org","@graph":[{"@type":"WebPage","@id":"https:\/\/www.ritzbrasil.com\/es\/produtos\/escaleras-plataformas-y-andamios-aislados\/peldano-auxiliar-para-poste\/","url":"https:\/\/www.ritzbrasil.com\/es\/produtos\/escaleras-plataformas-y-andamios-aislados\/peldano-auxiliar-para-poste\/","name":"Taburete aislante","isPartOf":{"@id":"https:\/\/www.ritzbrasil.com\/es\/#website"},"primaryImageOfPage":{"@id":"https:\/\/www.ritzbrasil.com\/es\/produtos\/escaleras-plataformas-y-andamios-aislados\/peldano-auxiliar-para-poste\/#primaryimage"},"image":{"@id":"https:\/\/www.ritzbrasil.com\/es\/produtos\/escaleras-plataformas-y-andamios-aislados\/peldano-auxiliar-para-poste\/#primaryimage"},"thumbnailUrl":"https:\/\/www.ritzbrasil.com\/wp-content\/uploads\/2025\/01\/FLV31854-1-Degrau-Auxiliar-Poste.jpg","datePublished":"2024-09-11T13:35:11+00:00","dateModified":"2026-02-25T19:58:44+00:00","description":"Taburete aislante para intervenciones seguras y duraderas en subestaciones, celdas y cuadros el\u00e9ctricos, garantizando una protecci\u00f3n eficaz.","breadcrumb":{"@id":"https:\/\/www.ritzbrasil.com\/es\/produtos\/escaleras-plataformas-y-andamios-aislados\/peldano-auxiliar-para-poste\/#breadcrumb"},"inLanguage":"es","potentialAction":[{"@type":"ReadAction","target":["https:\/\/www.ritzbrasil.com\/es\/produtos\/escaleras-plataformas-y-andamios-aislados\/peldano-auxiliar-para-poste\/"]}]},{"@type":"ImageObject","inLanguage":"es","@id":"https:\/\/www.ritzbrasil.com\/es\/produtos\/escaleras-plataformas-y-andamios-aislados\/peldano-auxiliar-para-poste\/#primaryimage","url":"https:\/\/www.ritzbrasil.com\/wp-content\/uploads\/2025\/01\/FLV31854-1-Degrau-Auxiliar-Poste.jpg","contentUrl":"https:\/\/www.ritzbrasil.com\/wp-content\/uploads\/2025\/01\/FLV31854-1-Degrau-Auxiliar-Poste.jpg","width":1200,"height":1200,"caption":"FLV31854-1 Escal\u00f3n auxiliar para poste"},{"@type":"BreadcrumbList","@id":"https:\/\/www.ritzbrasil.com\/es\/produtos\/escaleras-plataformas-y-andamios-aislados\/peldano-auxiliar-para-poste\/#breadcrumb","itemListElement":[{"@type":"ListItem","position":1,"name":"In\u00edcio","item":"https:\/\/www.ritzbrasil.com\/es\/"},{"@type":"ListItem","position":2,"name":"Tienda","item":"https:\/\/www.ritzbrasil.com\/es\/tienda\/"},{"@type":"ListItem","position":3,"name":"Pelda\u00f1o auxiliar para poste"}]},{"@type":"WebSite","@id":"https:\/\/www.ritzbrasil.com\/es\/#website","url":"https:\/\/www.ritzbrasil.com\/es\/","name":"Equipamentos de Manuten\u00e7\u00e3o e Seguran\u00e7a para o Setor El\u00e9trico - Ritz Brasil","description":"","potentialAction":[{"@type":"SearchAction","target":{"@type":"EntryPoint","urlTemplate":"https:\/\/www.ritzbrasil.com\/es\/?s={search_term_string}"},"query-input":{"@type":"PropertyValueSpecification","valueRequired":true,"valueName":"search_term_string"}}],"inLanguage":"es"}]}},"_links":{"self":[{"href":"https:\/\/www.ritzbrasil.com\/es\/wp-json\/wp\/v2\/product\/61231","targetHints":{"allow":["GET"]}}],"collection":[{"href":"https:\/\/www.ritzbrasil.com\/es\/wp-json\/wp\/v2\/product"}],"about":[{"href":"https:\/\/www.ritzbrasil.com\/es\/wp-json\/wp\/v2\/types\/product"}],"wp:featuredmedia":[{"embeddable":true,"href":"https:\/\/www.ritzbrasil.com\/es\/wp-json\/wp\/v2\/media\/60517"}],"wp:attachment":[{"href":"https:\/\/www.ritzbrasil.com\/es\/wp-json\/wp\/v2\/media?parent=61231"}],"wp:term":[{"taxonomy":"product_brand","embeddable":true,"href":"https:\/\/www.ritzbrasil.com\/es\/wp-json\/wp\/v2\/product_brand?post=61231"},{"taxonomy":"product_cat","embeddable":true,"href":"https:\/\/www.ritzbrasil.com\/es\/wp-json\/wp\/v2\/product_cat?post=61231"},{"taxonomy":"product_tag","embeddable":true,"href":"https:\/\/www.ritzbrasil.com\/es\/wp-json\/wp\/v2\/product_tag?post=61231"}],"curies":[{"name":"wp","href":"https:\/\/api.w.org\/{rel}","templated":true}]}}