{"id":61226,"date":"2024-09-17T14:23:44","date_gmt":"2024-09-17T17:23:44","guid":{"rendered":"https:\/\/www.ritzbrasil.com\/produtos\/sin%20categor\u00eda\/palo-con-gancho-para-polipastos-y-gruas\/"},"modified":"2026-02-25T16:58:18","modified_gmt":"2026-02-25T19:58:18","slug":"palo-con-gancho-para-polipastos-y-gruas","status":"publish","type":"product","link":"https:\/\/www.ritzbrasil.com\/es\/produtos\/herramientas-para-elevar-cargas-y-accesorios\/palo-con-gancho-para-polipastos-y-gruas\/","title":{"rendered":"Palo con gancho para polipastos y gr\u00faas"},"content":{"rendered":"<div class=\"wpb-content-wrapper\"><p>[vc_row][vc_column][vc_column_text css=\u00bb.vc_custom_1726593770969{margin-top: 20px !important;}\u00bb]<\/p>\n<h4><span style=\"color: #ff9900;\"><strong>Palo con gancho para polipastos y gr\u00faas<\/strong><\/span><\/h4>\n<p>[\/vc_column_text][vc_column_text css=\u00bb.vc_custom_1726663000428{margin-top: -20px !important;}\u00bb]\n<div id=\"tablepress-FLV30486-1-scroll-wrapper\" class=\"tablepress-scroll-wrapper\">\n<table id=\"tablepress-FLV30486-1\" class=\"tablepress tablepress-id-FLV30486-1 tablepress-responsive\">\n<thead>\n<tr class=\"row-1\">\n\t<td class=\"column-1\"><\/td><th class=\"column-2\">  Refer\u00eancias<\/th><th class=\"column-3\">Caracter\u00edstica<\/th><td class=\"column-4\"><\/td><td class=\"column-5\"><\/td>\n<\/tr>\n<\/thead>\n<tbody class=\"row-striping row-hover\">\n<tr class=\"row-2\">\n\t<td class=\"column-1\"><img decoding=\"async\" src=\"https:\/\/www.ritzbrasil.com\/wp-content\/uploads\/2024\/09\/flv30486-1-bastao-gancho-talhas-moitoes-150X150.jpg\" \/><\/td><td class=\"column-2\">FLV30486-1<\/td><td class=\"column-3\"><\/td><td class=\"column-4\">    <button class=\"add-to-budget\" data-table-id=\"FLV30486-1\" data-reference=\"FLV30486-1\" data-description=\"Bast\u00e3o com Gancho para Talhas e Moit\u00f5es\" style=\"color:#ff4d00;\">\n        <img decoding=\"async\" src=\"https:\/\/www.ritzbrasil.com\/\/wp-content\/uploads\/2024\/07\/orcar-compras-tabela-new-1.png\" alt=\"Solicitar cotizaci\u00f3n\" title=\"Solicitar cotizaci\u00f3n\" \/>\n    <\/button>\n    <\/td><td class=\"column-5\"><a href=\"https:\/\/lojasritz.com.br\/catalogsearch\/result\/?q=FLV30486-1\" target=\"_blank\" rel=\"noopener\"><img decoding=\"async\" src=\"https:\/\/www.ritzbrasil.com\/wp-content\/uploads\/2024\/07\/carrinho-compras-tabela.png\"  \/><\/a><\/td>\n<\/tr>\n<\/tbody>\n<\/table>\n<\/div>\n[\/vc_column_text][vc_separator border_width=\u00bb2&#8243; css=\u00bb\u00bb][\/vc_column][\/vc_row]<\/p>\n<\/div>","protected":false},"excerpt":{"rendered":"<h4><span style=\"color: #ff9900;\">Palo con gancho para polipastos y gr\u00faas<\/span><\/h4>\n<p>Se utilizan en diversos servicios de construcci\u00f3n y mantenimiento de instalaciones el\u00e9ctricas. Dispone de un dispositivo.<\/p>\n<p>Equipo dise\u00f1ado para fijarse a las crucetas de las l\u00edneas de distribuci\u00f3n, facilitando el arrastre de cargas en la estructura de trabajo. Es una herramienta indispensable para mover cargas y tirar de cables el\u00e9ctricos y telef\u00f3nicos.<\/p>\n<p>La p\u00e9rtiga de gancho est\u00e1 fabricada con tubo aislante RITZGLAS\u00ae de \u00d8 32 mm, lo que garantiza su seguridad y durabilidad. En un extremo, tiene un gancho de \u00d8 3\/4&#8243;, de acero resistente y recubierto de plastisol negro<br \/>\n(di\u00e1metro final \u00d8 25 mm), con una abertura de 127 mm, especialmente dise\u00f1ado para encajar perfectamente en las crucetas de los postes de distribuci\u00f3n.<\/p>\n<p>En el otro extremo, la p\u00e9rtiga est\u00e1 equipada con una argolla giratoria, de acero galvanizado, que permite acoplarla a polipastos y\/o camiones para arrastrar cargas, proporcionando mayor flexibilidad y<br \/>\nadaptabilidad en el lugar de trabajo. Adem\u00e1s, la p\u00e9rtiga dispone de una argolla de maniobra, que permite manipular la herramienta y colocarla a una distancia segura, garantizando que el trabajo pueda realizarse con eficacia y seguridad.<\/p>\n","protected":false},"featured_media":58659,"template":"","meta":[],"product_brand":[],"product_cat":[2666],"product_tag":[2763],"class_list":{"0":"post-61226","1":"product","2":"type-product","3":"status-publish","4":"has-post-thumbnail","6":"product_cat-herramientas-para-elevar-cargas-y-accesorios","7":"product_tag-flv30486-1-es","8":"description-off","10":"first","11":"instock","12":"virtual","13":"product-type-simple"},"yoast_head":"<!-- This site is optimized with the Yoast SEO plugin v27.1.1 - https:\/\/yoast.com\/product\/yoast-seo-wordpress\/ -->\n<title>P\u00e9rtiga con gancho para cuerdas y molduras<\/title>\n<meta name=\"description\" content=\"P\u00e9rtiga con gancho para polipastos y pescantes, ideal para fijar cruces a las l\u00edneas de distribuci\u00f3n y facilitar el arrastre de cargas.\" \/>\n<meta name=\"robots\" content=\"index, follow, max-snippet:-1, max-image-preview:large, max-video-preview:-1\" \/>\n<link rel=\"canonical\" href=\"https:\/\/www.ritzbrasil.com\/es\/produtos\/herramientas-para-elevar-cargas-y-accesorios\/palo-con-gancho-para-polipastos-y-gruas\/\" \/>\n<meta property=\"og:locale\" content=\"es_ES\" \/>\n<meta property=\"og:type\" content=\"article\" \/>\n<meta property=\"og:title\" content=\"P\u00e9rtiga con gancho para cuerdas y molduras\" \/>\n<meta property=\"og:description\" content=\"P\u00e9rtiga con gancho para polipastos y pescantes, ideal para fijar cruces a las l\u00edneas de distribuci\u00f3n y facilitar el arrastre de cargas.\" \/>\n<meta property=\"og:url\" content=\"https:\/\/www.ritzbrasil.com\/es\/produtos\/herramientas-para-elevar-cargas-y-accesorios\/palo-con-gancho-para-polipastos-y-gruas\/\" \/>\n<meta property=\"og:site_name\" content=\"Equipamentos de Manuten\u00e7\u00e3o e Seguran\u00e7a para o Setor El\u00e9trico - Ritz Brasil\" \/>\n<meta property=\"article:modified_time\" content=\"2026-02-25T19:58:18+00:00\" \/>\n<meta property=\"og:image\" content=\"https:\/\/www.ritzbrasil.com\/wp-content\/uploads\/2024\/09\/flv30486-1-bastao-gancho-talhas-moitoes.jpg\" \/>\n\t<meta property=\"og:image:width\" content=\"1200\" \/>\n\t<meta property=\"og:image:height\" content=\"1200\" \/>\n\t<meta property=\"og:image:type\" content=\"image\/jpeg\" \/>\n<meta name=\"twitter:card\" content=\"summary_large_image\" \/>\n<meta name=\"twitter:label1\" content=\"Tiempo de lectura\" \/>\n\t<meta name=\"twitter:data1\" content=\"1 minuto\" \/>\n<script type=\"application\/ld+json\" class=\"yoast-schema-graph\">{\"@context\":\"https:\/\/schema.org\",\"@graph\":[{\"@type\":\"WebPage\",\"@id\":\"https:\/\/www.ritzbrasil.com\/es\/produtos\/herramientas-para-elevar-cargas-y-accesorios\/palo-con-gancho-para-polipastos-y-gruas\/\",\"url\":\"https:\/\/www.ritzbrasil.com\/es\/produtos\/herramientas-para-elevar-cargas-y-accesorios\/palo-con-gancho-para-polipastos-y-gruas\/\",\"name\":\"P\u00e9rtiga con gancho para cuerdas y molduras\",\"isPartOf\":{\"@id\":\"https:\/\/www.ritzbrasil.com\/es\/#website\"},\"primaryImageOfPage\":{\"@id\":\"https:\/\/www.ritzbrasil.com\/es\/produtos\/herramientas-para-elevar-cargas-y-accesorios\/palo-con-gancho-para-polipastos-y-gruas\/#primaryimage\"},\"image\":{\"@id\":\"https:\/\/www.ritzbrasil.com\/es\/produtos\/herramientas-para-elevar-cargas-y-accesorios\/palo-con-gancho-para-polipastos-y-gruas\/#primaryimage\"},\"thumbnailUrl\":\"https:\/\/www.ritzbrasil.com\/wp-content\/uploads\/2024\/09\/flv30486-1-bastao-gancho-talhas-moitoes.jpg\",\"datePublished\":\"2024-09-17T17:23:44+00:00\",\"dateModified\":\"2026-02-25T19:58:18+00:00\",\"description\":\"P\u00e9rtiga con gancho para polipastos y pescantes, ideal para fijar cruces a las l\u00edneas de distribuci\u00f3n y facilitar el arrastre de cargas.\",\"breadcrumb\":{\"@id\":\"https:\/\/www.ritzbrasil.com\/es\/produtos\/herramientas-para-elevar-cargas-y-accesorios\/palo-con-gancho-para-polipastos-y-gruas\/#breadcrumb\"},\"inLanguage\":\"es\",\"potentialAction\":[{\"@type\":\"ReadAction\",\"target\":[\"https:\/\/www.ritzbrasil.com\/es\/produtos\/herramientas-para-elevar-cargas-y-accesorios\/palo-con-gancho-para-polipastos-y-gruas\/\"]}]},{\"@type\":\"ImageObject\",\"inLanguage\":\"es\",\"@id\":\"https:\/\/www.ritzbrasil.com\/es\/produtos\/herramientas-para-elevar-cargas-y-accesorios\/palo-con-gancho-para-polipastos-y-gruas\/#primaryimage\",\"url\":\"https:\/\/www.ritzbrasil.com\/wp-content\/uploads\/2024\/09\/flv30486-1-bastao-gancho-talhas-moitoes.jpg\",\"contentUrl\":\"https:\/\/www.ritzbrasil.com\/wp-content\/uploads\/2024\/09\/flv30486-1-bastao-gancho-talhas-moitoes.jpg\",\"width\":1200,\"height\":1200,\"caption\":\"FLV30486-1 Palanca de gancho para polipastos y plumas\"},{\"@type\":\"BreadcrumbList\",\"@id\":\"https:\/\/www.ritzbrasil.com\/es\/produtos\/herramientas-para-elevar-cargas-y-accesorios\/palo-con-gancho-para-polipastos-y-gruas\/#breadcrumb\",\"itemListElement\":[{\"@type\":\"ListItem\",\"position\":1,\"name\":\"In\u00edcio\",\"item\":\"https:\/\/www.ritzbrasil.com\/es\/\"},{\"@type\":\"ListItem\",\"position\":2,\"name\":\"Tienda\",\"item\":\"https:\/\/www.ritzbrasil.com\/es\/tienda\/\"},{\"@type\":\"ListItem\",\"position\":3,\"name\":\"Palo con gancho para polipastos y gr\u00faas\"}]},{\"@type\":\"WebSite\",\"@id\":\"https:\/\/www.ritzbrasil.com\/es\/#website\",\"url\":\"https:\/\/www.ritzbrasil.com\/es\/\",\"name\":\"Equipamentos de Manuten\u00e7\u00e3o e Seguran\u00e7a para o Setor El\u00e9trico - Ritz Brasil\",\"description\":\"\",\"potentialAction\":[{\"@type\":\"SearchAction\",\"target\":{\"@type\":\"EntryPoint\",\"urlTemplate\":\"https:\/\/www.ritzbrasil.com\/es\/?s={search_term_string}\"},\"query-input\":{\"@type\":\"PropertyValueSpecification\",\"valueRequired\":true,\"valueName\":\"search_term_string\"}}],\"inLanguage\":\"es\"}]}<\/script>\n<!-- \/ Yoast SEO plugin. -->","yoast_head_json":{"title":"P\u00e9rtiga con gancho para cuerdas y molduras","description":"P\u00e9rtiga con gancho para polipastos y pescantes, ideal para fijar cruces a las l\u00edneas de distribuci\u00f3n y facilitar el arrastre de cargas.","robots":{"index":"index","follow":"follow","max-snippet":"max-snippet:-1","max-image-preview":"max-image-preview:large","max-video-preview":"max-video-preview:-1"},"canonical":"https:\/\/www.ritzbrasil.com\/es\/produtos\/herramientas-para-elevar-cargas-y-accesorios\/palo-con-gancho-para-polipastos-y-gruas\/","og_locale":"es_ES","og_type":"article","og_title":"P\u00e9rtiga con gancho para cuerdas y molduras","og_description":"P\u00e9rtiga con gancho para polipastos y pescantes, ideal para fijar cruces a las l\u00edneas de distribuci\u00f3n y facilitar el arrastre de cargas.","og_url":"https:\/\/www.ritzbrasil.com\/es\/produtos\/herramientas-para-elevar-cargas-y-accesorios\/palo-con-gancho-para-polipastos-y-gruas\/","og_site_name":"Equipamentos de Manuten\u00e7\u00e3o e Seguran\u00e7a para o Setor El\u00e9trico - Ritz Brasil","article_modified_time":"2026-02-25T19:58:18+00:00","og_image":[{"width":1200,"height":1200,"url":"https:\/\/www.ritzbrasil.com\/wp-content\/uploads\/2024\/09\/flv30486-1-bastao-gancho-talhas-moitoes.jpg","type":"image\/jpeg"}],"twitter_card":"summary_large_image","twitter_misc":{"Tiempo de lectura":"1 minuto"},"schema":{"@context":"https:\/\/schema.org","@graph":[{"@type":"WebPage","@id":"https:\/\/www.ritzbrasil.com\/es\/produtos\/herramientas-para-elevar-cargas-y-accesorios\/palo-con-gancho-para-polipastos-y-gruas\/","url":"https:\/\/www.ritzbrasil.com\/es\/produtos\/herramientas-para-elevar-cargas-y-accesorios\/palo-con-gancho-para-polipastos-y-gruas\/","name":"P\u00e9rtiga con gancho para cuerdas y molduras","isPartOf":{"@id":"https:\/\/www.ritzbrasil.com\/es\/#website"},"primaryImageOfPage":{"@id":"https:\/\/www.ritzbrasil.com\/es\/produtos\/herramientas-para-elevar-cargas-y-accesorios\/palo-con-gancho-para-polipastos-y-gruas\/#primaryimage"},"image":{"@id":"https:\/\/www.ritzbrasil.com\/es\/produtos\/herramientas-para-elevar-cargas-y-accesorios\/palo-con-gancho-para-polipastos-y-gruas\/#primaryimage"},"thumbnailUrl":"https:\/\/www.ritzbrasil.com\/wp-content\/uploads\/2024\/09\/flv30486-1-bastao-gancho-talhas-moitoes.jpg","datePublished":"2024-09-17T17:23:44+00:00","dateModified":"2026-02-25T19:58:18+00:00","description":"P\u00e9rtiga con gancho para polipastos y pescantes, ideal para fijar cruces a las l\u00edneas de distribuci\u00f3n y facilitar el arrastre de cargas.","breadcrumb":{"@id":"https:\/\/www.ritzbrasil.com\/es\/produtos\/herramientas-para-elevar-cargas-y-accesorios\/palo-con-gancho-para-polipastos-y-gruas\/#breadcrumb"},"inLanguage":"es","potentialAction":[{"@type":"ReadAction","target":["https:\/\/www.ritzbrasil.com\/es\/produtos\/herramientas-para-elevar-cargas-y-accesorios\/palo-con-gancho-para-polipastos-y-gruas\/"]}]},{"@type":"ImageObject","inLanguage":"es","@id":"https:\/\/www.ritzbrasil.com\/es\/produtos\/herramientas-para-elevar-cargas-y-accesorios\/palo-con-gancho-para-polipastos-y-gruas\/#primaryimage","url":"https:\/\/www.ritzbrasil.com\/wp-content\/uploads\/2024\/09\/flv30486-1-bastao-gancho-talhas-moitoes.jpg","contentUrl":"https:\/\/www.ritzbrasil.com\/wp-content\/uploads\/2024\/09\/flv30486-1-bastao-gancho-talhas-moitoes.jpg","width":1200,"height":1200,"caption":"FLV30486-1 Palanca de gancho para polipastos y plumas"},{"@type":"BreadcrumbList","@id":"https:\/\/www.ritzbrasil.com\/es\/produtos\/herramientas-para-elevar-cargas-y-accesorios\/palo-con-gancho-para-polipastos-y-gruas\/#breadcrumb","itemListElement":[{"@type":"ListItem","position":1,"name":"In\u00edcio","item":"https:\/\/www.ritzbrasil.com\/es\/"},{"@type":"ListItem","position":2,"name":"Tienda","item":"https:\/\/www.ritzbrasil.com\/es\/tienda\/"},{"@type":"ListItem","position":3,"name":"Palo con gancho para polipastos y gr\u00faas"}]},{"@type":"WebSite","@id":"https:\/\/www.ritzbrasil.com\/es\/#website","url":"https:\/\/www.ritzbrasil.com\/es\/","name":"Equipamentos de Manuten\u00e7\u00e3o e Seguran\u00e7a para o Setor El\u00e9trico - Ritz Brasil","description":"","potentialAction":[{"@type":"SearchAction","target":{"@type":"EntryPoint","urlTemplate":"https:\/\/www.ritzbrasil.com\/es\/?s={search_term_string}"},"query-input":{"@type":"PropertyValueSpecification","valueRequired":true,"valueName":"search_term_string"}}],"inLanguage":"es"}]}},"_links":{"self":[{"href":"https:\/\/www.ritzbrasil.com\/es\/wp-json\/wp\/v2\/product\/61226","targetHints":{"allow":["GET"]}}],"collection":[{"href":"https:\/\/www.ritzbrasil.com\/es\/wp-json\/wp\/v2\/product"}],"about":[{"href":"https:\/\/www.ritzbrasil.com\/es\/wp-json\/wp\/v2\/types\/product"}],"wp:featuredmedia":[{"embeddable":true,"href":"https:\/\/www.ritzbrasil.com\/es\/wp-json\/wp\/v2\/media\/58659"}],"wp:attachment":[{"href":"https:\/\/www.ritzbrasil.com\/es\/wp-json\/wp\/v2\/media?parent=61226"}],"wp:term":[{"taxonomy":"product_brand","embeddable":true,"href":"https:\/\/www.ritzbrasil.com\/es\/wp-json\/wp\/v2\/product_brand?post=61226"},{"taxonomy":"product_cat","embeddable":true,"href":"https:\/\/www.ritzbrasil.com\/es\/wp-json\/wp\/v2\/product_cat?post=61226"},{"taxonomy":"product_tag","embeddable":true,"href":"https:\/\/www.ritzbrasil.com\/es\/wp-json\/wp\/v2\/product_tag?post=61226"}],"curies":[{"name":"wp","href":"https:\/\/api.w.org\/{rel}","templated":true}]}}