{"id":61222,"date":"2024-09-19T14:39:33","date_gmt":"2024-09-19T17:39:33","guid":{"rendered":"https:\/\/www.ritzbrasil.com\/produtos\/sin%20categor\u00eda\/carrete\/"},"modified":"2026-02-25T16:57:13","modified_gmt":"2026-02-25T19:57:13","slug":"carrete","status":"publish","type":"product","link":"https:\/\/www.ritzbrasil.com\/es\/produtos\/herramientas-para-elevar-cargas-y-accesorios\/carrete\/","title":{"rendered":"Carrete"},"content":{"rendered":"<div class=\"wpb-content-wrapper\"><p>[vc_row][vc_column][vc_column_text css=\u00bb.vc_custom_1726767726814{margin-top: 20px !important;}\u00bb]<\/p>\n<h4><span style=\"color: #ff9900;\"><strong>Bobina de aluminio<\/strong><\/span><\/h4>\n<p>[\/vc_column_text][vc_column_text css=\u00bb.vc_custom_1727097176930{margin-top: -20px !important;}\u00bb]\n<div id=\"tablepress-Carretilha-Aluminio-scroll-wrapper\" class=\"tablepress-scroll-wrapper\">\n<table id=\"tablepress-Carretilha-Aluminio\" class=\"tablepress tablepress-id-Carretilha-Aluminio tablepress-responsive\">\n<thead>\n<tr class=\"row-1\">\n\t<td class=\"column-1\"><\/td><th class=\"column-2\">  Refer\u00eancias<\/th><th class=\"column-3\">Caracter\u00edstica<\/th><td class=\"column-4\"><\/td><td class=\"column-5\"><\/td>\n<\/tr>\n<\/thead>\n<tbody class=\"row-striping row-hover\">\n<tr class=\"row-2\">\n\t<td class=\"column-1\"><img decoding=\"async\" src=\"https:\/\/www.ritzbrasil.com\/wp-content\/uploads\/2024\/09\/rc417-6067-carretilha-aluminio-150x150-1.jpg\" \/><\/td><td class=\"column-2\">RC417-6067<\/td><td class=\"column-3\">Para corda at\u00e9 \u00d8 5\/8\u201d, com gancho de<br \/>\na\u00e7o forjado e trava de seguran\u00e7a<\/td><td class=\"column-4\">    <button class=\"add-to-budget\" data-table-id=\"Carretilha-Aluminio\" data-reference=\"RC417-6067\" data-description=\"Carretilha de Alum\u00ednio\" style=\"color:#ff4d00;\">\n        <img decoding=\"async\" src=\"https:\/\/www.ritzbrasil.com\/\/wp-content\/uploads\/2024\/07\/orcar-compras-tabela-new-1.png\" alt=\"Solicitar cotizaci\u00f3n\" title=\"Solicitar cotizaci\u00f3n\" \/>\n    <\/button>\n    <\/td><td class=\"column-5\"><a href=\"https:\/\/lojasritz.com.br\/catalogsearch\/result\/?q=RC417-6067\" target=\"_blank\" rel=\"noopener\"><img decoding=\"async\" src=\"https:\/\/www.ritzbrasil.com\/wp-content\/uploads\/2024\/07\/carrinho-compras-tabela.png\"  \/><\/a><\/td>\n<\/tr>\n<tr class=\"row-3\">\n\t<td class=\"column-1\"><img decoding=\"async\" src=\"https:\/\/www.ritzbrasil.com\/wp-content\/uploads\/2024\/09\/r2230-1-carretilha-aluminio-150x150-1.jpg\" \/><\/td><td class=\"column-2\">R2230-1<\/td><td class=\"column-3\">Para corda at\u00e9 \u00d8 5\/8\u201d, com gancho de<br \/>\na\u00e7o forjado e trava de seguran\u00e7a<\/td><td class=\"column-4\">    <button class=\"add-to-budget\" data-table-id=\"Carretilha-Aluminio\" data-reference=\"R2230-1\" data-description=\"Carretilha de Alum\u00ednio\" style=\"color:#ff4d00;\">\n        <img decoding=\"async\" src=\"https:\/\/www.ritzbrasil.com\/\/wp-content\/uploads\/2024\/07\/orcar-compras-tabela-new-1.png\" alt=\"Solicitar cotizaci\u00f3n\" title=\"Solicitar cotizaci\u00f3n\" \/>\n    <\/button>\n    <\/td><td class=\"column-5\"><a href=\"https:\/\/lojasritz.com.br\/catalogsearch\/result\/?q=R2230-1\" target=\"_blank\" rel=\"noopener\"><img decoding=\"async\" src=\"https:\/\/www.ritzbrasil.com\/wp-content\/uploads\/2024\/07\/carrinho-compras-tabela.png\"  \/><\/a><\/td>\n<\/tr>\n<tr class=\"row-4\">\n\t<td class=\"column-1\"><img decoding=\"async\" src=\"https:\/\/www.ritzbrasil.com\/wp-content\/uploads\/2024\/09\/r2230-2-carretilha-aluminio-150x150-1.jpg\" \/><\/td><td class=\"column-2\">R2230-2<\/td><td class=\"column-3\">Para corda at\u00e9 \u00d8 5\/8\u201d, com gancho de<br \/>\na\u00e7o trefilado<\/td><td class=\"column-4\">    <button class=\"add-to-budget\" data-table-id=\"Carretilha-Aluminio\" data-reference=\"R2230-2\" data-description=\"Carretilha de Alum\u00ednio\" style=\"color:#ff4d00;\">\n        <img decoding=\"async\" src=\"https:\/\/www.ritzbrasil.com\/\/wp-content\/uploads\/2024\/07\/orcar-compras-tabela-new-1.png\" alt=\"Solicitar cotizaci\u00f3n\" title=\"Solicitar cotizaci\u00f3n\" \/>\n    <\/button>\n    <\/td><td class=\"column-5\"><a href=\"https:\/\/lojasritz.com.br\/catalogsearch\/result\/?q=R2230-2\" target=\"_blank\" rel=\"noopener\"><img decoding=\"async\" src=\"https:\/\/www.ritzbrasil.com\/wp-content\/uploads\/2024\/07\/carrinho-compras-tabela.png\"  \/><\/a><\/td>\n<\/tr>\n<\/tbody>\n<\/table>\n<\/div>\n[\/vc_column_text][vc_separator border_width=\u00bb2&#8243; css=\u00bb\u00bb][\/vc_column][\/vc_row][vc_row][vc_column][vc_column_text css=\u00bb.vc_custom_1726767794414{margin-top: 20px !important;}\u00bb]<\/p>\n<h4><span style=\"color: #ff9900;\"><strong>Fijaci\u00f3n del carrete<\/strong><\/span><\/h4>\n<p>[\/vc_column_text][vc_column_text css=\u00bb.vc_custom_1726767819201{margin-top: -20px !important;}\u00bb]\n<div id=\"tablepress-Acessorio-Carretilha-scroll-wrapper\" class=\"tablepress-scroll-wrapper\">\n<table id=\"tablepress-Acessorio-Carretilha\" class=\"tablepress tablepress-id-Acessorio-Carretilha tablepress-responsive\">\n<thead>\n<tr class=\"row-1\">\n\t<td class=\"column-1\"><\/td><th class=\"column-2\">  Refer\u00eancias<\/th><th class=\"column-3\">Caracter\u00edstica<\/th><td class=\"column-4\"><\/td><td class=\"column-5\"><\/td>\n<\/tr>\n<\/thead>\n<tbody class=\"row-striping row-hover\">\n<tr class=\"row-2\">\n\t<td class=\"column-1\"><img decoding=\"async\" src=\"https:\/\/www.ritzbrasil.com\/wp-content\/uploads\/2024\/09\/rm1849-acessorio-carretilha-150x150-1.jpg\" \/><\/td><td class=\"column-2\">RM1849<\/td><td class=\"column-3\">Gancho suporte para amarra\u00e7\u00e3o com<br \/>\ndois furos para fixa\u00e7\u00e3o da corda em<br \/>\nliga a\u00e7o inox.<\/td><td class=\"column-4\">    <button class=\"add-to-budget\" data-table-id=\"Acessorio-Carretilha\" data-reference=\"RM1849\" data-description=\"Acess\u00f3rio para Carretilha\" style=\"color:#ff4d00;\">\n        <img decoding=\"async\" src=\"https:\/\/www.ritzbrasil.com\/\/wp-content\/uploads\/2024\/07\/orcar-compras-tabela-new-1.png\" alt=\"Solicitar cotizaci\u00f3n\" title=\"Solicitar cotizaci\u00f3n\" \/>\n    <\/button>\n    <\/td><td class=\"column-5\"><a href=\"https:\/\/lojasritz.com.br\/catalogsearch\/result\/?q=RM1849\" target=\"_blank\" rel=\"noopener\"><img decoding=\"async\" src=\"https:\/\/www.ritzbrasil.com\/wp-content\/uploads\/2024\/07\/carrinho-compras-tabela.png\"  \/><\/a><\/td>\n<\/tr>\n<tr class=\"row-3\">\n\t<td class=\"column-1\"><img decoding=\"async\" src=\"https:\/\/www.ritzbrasil.com\/wp-content\/uploads\/2024\/09\/flv29635-1-acessorio-carretilha-150x150-1.jpg\" \/><\/td><td class=\"column-2\">FLV29635-1<\/td><td class=\"column-3\">Gancho suporte para amarra\u00e7\u00e3o com<br \/>\ndois furos para fixa\u00e7\u00e3o da corda em liga<br \/>\na\u00e7o inox com mola trava de seguran\u00e7a.<\/td><td class=\"column-4\">    <button class=\"add-to-budget\" data-table-id=\"Acessorio-Carretilha\" data-reference=\"FLV29635-1\" data-description=\"Acess\u00f3rio para Carretilha\" style=\"color:#ff4d00;\">\n        <img decoding=\"async\" src=\"https:\/\/www.ritzbrasil.com\/\/wp-content\/uploads\/2024\/07\/orcar-compras-tabela-new-1.png\" alt=\"Solicitar cotizaci\u00f3n\" title=\"Solicitar cotizaci\u00f3n\" \/>\n    <\/button>\n    <\/td><td class=\"column-5\"><a href=\"https:\/\/lojasritz.com.br\/catalogsearch\/result\/?q=FLV29635-1\" target=\"_blank\" rel=\"noopener\"><img decoding=\"async\" src=\"https:\/\/www.ritzbrasil.com\/wp-content\/uploads\/2024\/07\/carrinho-compras-tabela.png\"  \/><\/a><\/td>\n<\/tr>\n<tr class=\"row-4\">\n\t<td class=\"column-1\"><img decoding=\"async\" src=\"https:\/\/www.ritzbrasil.com\/wp-content\/uploads\/2024\/09\/rm1979-acessorio-carretilha-150x150-1.jpg\" \/><\/td><td class=\"column-2\">RM1979<\/td><td class=\"column-3\">Suporte para carretilha de alum\u00ednio<br \/>\ncom fixa\u00e7\u00e3o para estrutura met\u00e1lica e<br \/>\ncom abas de 76 x 76 mm e<br \/>\ncomprimento total 475 mm<\/td><td class=\"column-4\">    <button class=\"add-to-budget\" data-table-id=\"Acessorio-Carretilha\" data-reference=\"RM1979\" data-description=\"Acess\u00f3rio para Carretilha\" style=\"color:#ff4d00;\">\n        <img decoding=\"async\" src=\"https:\/\/www.ritzbrasil.com\/\/wp-content\/uploads\/2024\/07\/orcar-compras-tabela-new-1.png\" alt=\"Solicitar cotizaci\u00f3n\" title=\"Solicitar cotizaci\u00f3n\" \/>\n    <\/button>\n    <\/td><td class=\"column-5\"><a href=\"https:\/\/lojasritz.com.br\/catalogsearch\/result\/?q=RM1979\" target=\"_blank\" rel=\"noopener\"><img decoding=\"async\" src=\"https:\/\/www.ritzbrasil.com\/wp-content\/uploads\/2024\/07\/carrinho-compras-tabela.png\"  \/><\/a><\/td>\n<\/tr>\n<\/tbody>\n<\/table>\n<\/div>\n[\/vc_column_text][vc_separator border_width=\u00bb2&#8243; css=\u00bb\u00bb][\/vc_column][\/vc_row]<\/p>\n<\/div>","protected":false},"excerpt":{"rendered":"<h4><span style=\"color: #ff9900;\">Carrete<\/span><\/h4>\n<p>Equipo imprescindible para mover y elevar cargas en trabajos de construcci\u00f3n y mantenimiento de instalaciones el\u00e9ctricas y telef\u00f3nicas.<\/p>\n<p>Las dos versiones de ganchos disponibles (de acero estirado o forjado) facilitan la fijaci\u00f3n de los carretes.<\/p>\n<p>El cuerpo y la polea son de aleaci\u00f3n de aluminio con tratamiento t\u00e9rmico y tienen un dispositivo de plegado que permite insertar la cuerda de servicio de liberaci\u00f3n r\u00e1pida en la polea.<\/p>\n<p>El RC417-6067 y el R2230-1 tienen ganchos de acero forjado con cierre de seguridad y el R2230-2 tiene un gancho de acero estirado sin cierre de seguridad.<\/p>\n<p>El gancho para cuerda es de acero inoxidable y est\u00e1 dise\u00f1ado para facilitar la elevaci\u00f3n de cargas o herramientas. Tiene dos orificios para fijar la cuerda y su punta est\u00e1 ligeramente curvada para facilitar la inserci\u00f3n de herramientas.<\/p>\n<p><strong>NOTAS<\/strong><br \/>\n<em>&#8211; Por razones de seguridad, el equipo izado debe estar siempre sentado en la plataforma del gancho durante el transporte.<br \/>\n&#8211; El portacarretes (RM1979) est\u00e1 fabricado con soportes angulares, c\u00e1ncamos de acero forjado con r\u00f3tula continua para sujetar el carrete, garras de bronce, dos tornillos de acero y tuercas mariposa para fijarlo a la estructura met\u00e1lica.<br \/>\n&#8211; Los cinco orificios del portabobinas permiten ajustarlo a estructuras met\u00e1licas de distintos tama\u00f1os.<\/em><\/p>\n","protected":false},"featured_media":58813,"template":"","meta":[],"product_brand":[],"product_cat":[2666],"product_tag":[2735,2732,2733,2731,2734,2736],"class_list":{"0":"post-61222","1":"product","2":"type-product","3":"status-publish","4":"has-post-thumbnail","6":"product_cat-herramientas-para-elevar-cargas-y-accesorios","7":"product_tag-flv29635-1-es","8":"product_tag-r2230-1-es","9":"product_tag-r2230-2-es","10":"product_tag-rc417-6067-es","11":"product_tag-rm1849-es","12":"product_tag-rm1979-es","13":"description-off","15":"first","16":"instock","17":"virtual","18":"product-type-simple"},"yoast_head":"<!-- This site is optimized with the Yoast SEO plugin v27.1.1 - https:\/\/yoast.com\/product\/yoast-seo-wordpress\/ -->\n<title>Carrete<\/title>\n<meta name=\"description\" content=\"Enrollador para manipulaci\u00f3n y elevaci\u00f3n de cargas en instalaciones el\u00e9ctricas y telef\u00f3nicas, con ganchos de acero trefilado o forjado.\" \/>\n<meta name=\"robots\" content=\"index, follow, max-snippet:-1, max-image-preview:large, max-video-preview:-1\" \/>\n<link rel=\"canonical\" href=\"https:\/\/www.ritzbrasil.com\/es\/produtos\/herramientas-para-elevar-cargas-y-accesorios\/carrete\/\" \/>\n<meta property=\"og:locale\" content=\"es_ES\" \/>\n<meta property=\"og:type\" content=\"article\" \/>\n<meta property=\"og:title\" content=\"Carrete\" \/>\n<meta property=\"og:description\" content=\"Enrollador para manipulaci\u00f3n y elevaci\u00f3n de cargas en instalaciones el\u00e9ctricas y telef\u00f3nicas, con ganchos de acero trefilado o forjado.\" \/>\n<meta property=\"og:url\" content=\"https:\/\/www.ritzbrasil.com\/es\/produtos\/herramientas-para-elevar-cargas-y-accesorios\/carrete\/\" \/>\n<meta property=\"og:site_name\" content=\"Equipamentos de Manuten\u00e7\u00e3o e Seguran\u00e7a para o Setor El\u00e9trico - Ritz Brasil\" \/>\n<meta property=\"article:modified_time\" content=\"2026-02-25T19:57:13+00:00\" \/>\n<meta property=\"og:image\" content=\"https:\/\/www.ritzbrasil.com\/wp-content\/uploads\/2024\/09\/rc417-6067-carretilha-aluminio.jpg\" \/>\n\t<meta property=\"og:image:width\" content=\"1200\" \/>\n\t<meta property=\"og:image:height\" content=\"1200\" \/>\n\t<meta property=\"og:image:type\" content=\"image\/jpeg\" \/>\n<meta name=\"twitter:card\" content=\"summary_large_image\" \/>\n<meta name=\"twitter:label1\" content=\"Tiempo de lectura\" \/>\n\t<meta name=\"twitter:data1\" content=\"1 minuto\" \/>\n<script type=\"application\/ld+json\" class=\"yoast-schema-graph\">{\"@context\":\"https:\/\/schema.org\",\"@graph\":[{\"@type\":\"WebPage\",\"@id\":\"https:\/\/www.ritzbrasil.com\/es\/produtos\/herramientas-para-elevar-cargas-y-accesorios\/carrete\/\",\"url\":\"https:\/\/www.ritzbrasil.com\/es\/produtos\/herramientas-para-elevar-cargas-y-accesorios\/carrete\/\",\"name\":\"Carrete\",\"isPartOf\":{\"@id\":\"https:\/\/www.ritzbrasil.com\/es\/#website\"},\"primaryImageOfPage\":{\"@id\":\"https:\/\/www.ritzbrasil.com\/es\/produtos\/herramientas-para-elevar-cargas-y-accesorios\/carrete\/#primaryimage\"},\"image\":{\"@id\":\"https:\/\/www.ritzbrasil.com\/es\/produtos\/herramientas-para-elevar-cargas-y-accesorios\/carrete\/#primaryimage\"},\"thumbnailUrl\":\"https:\/\/www.ritzbrasil.com\/wp-content\/uploads\/2024\/09\/rc417-6067-carretilha-aluminio.jpg\",\"datePublished\":\"2024-09-19T17:39:33+00:00\",\"dateModified\":\"2026-02-25T19:57:13+00:00\",\"description\":\"Enrollador para manipulaci\u00f3n y elevaci\u00f3n de cargas en instalaciones el\u00e9ctricas y telef\u00f3nicas, con ganchos de acero trefilado o forjado.\",\"breadcrumb\":{\"@id\":\"https:\/\/www.ritzbrasil.com\/es\/produtos\/herramientas-para-elevar-cargas-y-accesorios\/carrete\/#breadcrumb\"},\"inLanguage\":\"es\",\"potentialAction\":[{\"@type\":\"ReadAction\",\"target\":[\"https:\/\/www.ritzbrasil.com\/es\/produtos\/herramientas-para-elevar-cargas-y-accesorios\/carrete\/\"]}]},{\"@type\":\"ImageObject\",\"inLanguage\":\"es\",\"@id\":\"https:\/\/www.ritzbrasil.com\/es\/produtos\/herramientas-para-elevar-cargas-y-accesorios\/carrete\/#primaryimage\",\"url\":\"https:\/\/www.ritzbrasil.com\/wp-content\/uploads\/2024\/09\/rc417-6067-carretilha-aluminio.jpg\",\"contentUrl\":\"https:\/\/www.ritzbrasil.com\/wp-content\/uploads\/2024\/09\/rc417-6067-carretilha-aluminio.jpg\",\"width\":1200,\"height\":1200,\"caption\":\"RC417-6067 Bobina de aluminio\"},{\"@type\":\"BreadcrumbList\",\"@id\":\"https:\/\/www.ritzbrasil.com\/es\/produtos\/herramientas-para-elevar-cargas-y-accesorios\/carrete\/#breadcrumb\",\"itemListElement\":[{\"@type\":\"ListItem\",\"position\":1,\"name\":\"In\u00edcio\",\"item\":\"https:\/\/www.ritzbrasil.com\/es\/\"},{\"@type\":\"ListItem\",\"position\":2,\"name\":\"Tienda\",\"item\":\"https:\/\/www.ritzbrasil.com\/es\/tienda\/\"},{\"@type\":\"ListItem\",\"position\":3,\"name\":\"Carrete\"}]},{\"@type\":\"WebSite\",\"@id\":\"https:\/\/www.ritzbrasil.com\/es\/#website\",\"url\":\"https:\/\/www.ritzbrasil.com\/es\/\",\"name\":\"Equipamentos de Manuten\u00e7\u00e3o e Seguran\u00e7a para o Setor El\u00e9trico - Ritz Brasil\",\"description\":\"\",\"potentialAction\":[{\"@type\":\"SearchAction\",\"target\":{\"@type\":\"EntryPoint\",\"urlTemplate\":\"https:\/\/www.ritzbrasil.com\/es\/?s={search_term_string}\"},\"query-input\":{\"@type\":\"PropertyValueSpecification\",\"valueRequired\":true,\"valueName\":\"search_term_string\"}}],\"inLanguage\":\"es\"}]}<\/script>\n<!-- \/ Yoast SEO plugin. -->","yoast_head_json":{"title":"Carrete","description":"Enrollador para manipulaci\u00f3n y elevaci\u00f3n de cargas en instalaciones el\u00e9ctricas y telef\u00f3nicas, con ganchos de acero trefilado o forjado.","robots":{"index":"index","follow":"follow","max-snippet":"max-snippet:-1","max-image-preview":"max-image-preview:large","max-video-preview":"max-video-preview:-1"},"canonical":"https:\/\/www.ritzbrasil.com\/es\/produtos\/herramientas-para-elevar-cargas-y-accesorios\/carrete\/","og_locale":"es_ES","og_type":"article","og_title":"Carrete","og_description":"Enrollador para manipulaci\u00f3n y elevaci\u00f3n de cargas en instalaciones el\u00e9ctricas y telef\u00f3nicas, con ganchos de acero trefilado o forjado.","og_url":"https:\/\/www.ritzbrasil.com\/es\/produtos\/herramientas-para-elevar-cargas-y-accesorios\/carrete\/","og_site_name":"Equipamentos de Manuten\u00e7\u00e3o e Seguran\u00e7a para o Setor El\u00e9trico - Ritz Brasil","article_modified_time":"2026-02-25T19:57:13+00:00","og_image":[{"width":1200,"height":1200,"url":"https:\/\/www.ritzbrasil.com\/wp-content\/uploads\/2024\/09\/rc417-6067-carretilha-aluminio.jpg","type":"image\/jpeg"}],"twitter_card":"summary_large_image","twitter_misc":{"Tiempo de lectura":"1 minuto"},"schema":{"@context":"https:\/\/schema.org","@graph":[{"@type":"WebPage","@id":"https:\/\/www.ritzbrasil.com\/es\/produtos\/herramientas-para-elevar-cargas-y-accesorios\/carrete\/","url":"https:\/\/www.ritzbrasil.com\/es\/produtos\/herramientas-para-elevar-cargas-y-accesorios\/carrete\/","name":"Carrete","isPartOf":{"@id":"https:\/\/www.ritzbrasil.com\/es\/#website"},"primaryImageOfPage":{"@id":"https:\/\/www.ritzbrasil.com\/es\/produtos\/herramientas-para-elevar-cargas-y-accesorios\/carrete\/#primaryimage"},"image":{"@id":"https:\/\/www.ritzbrasil.com\/es\/produtos\/herramientas-para-elevar-cargas-y-accesorios\/carrete\/#primaryimage"},"thumbnailUrl":"https:\/\/www.ritzbrasil.com\/wp-content\/uploads\/2024\/09\/rc417-6067-carretilha-aluminio.jpg","datePublished":"2024-09-19T17:39:33+00:00","dateModified":"2026-02-25T19:57:13+00:00","description":"Enrollador para manipulaci\u00f3n y elevaci\u00f3n de cargas en instalaciones el\u00e9ctricas y telef\u00f3nicas, con ganchos de acero trefilado o forjado.","breadcrumb":{"@id":"https:\/\/www.ritzbrasil.com\/es\/produtos\/herramientas-para-elevar-cargas-y-accesorios\/carrete\/#breadcrumb"},"inLanguage":"es","potentialAction":[{"@type":"ReadAction","target":["https:\/\/www.ritzbrasil.com\/es\/produtos\/herramientas-para-elevar-cargas-y-accesorios\/carrete\/"]}]},{"@type":"ImageObject","inLanguage":"es","@id":"https:\/\/www.ritzbrasil.com\/es\/produtos\/herramientas-para-elevar-cargas-y-accesorios\/carrete\/#primaryimage","url":"https:\/\/www.ritzbrasil.com\/wp-content\/uploads\/2024\/09\/rc417-6067-carretilha-aluminio.jpg","contentUrl":"https:\/\/www.ritzbrasil.com\/wp-content\/uploads\/2024\/09\/rc417-6067-carretilha-aluminio.jpg","width":1200,"height":1200,"caption":"RC417-6067 Bobina de aluminio"},{"@type":"BreadcrumbList","@id":"https:\/\/www.ritzbrasil.com\/es\/produtos\/herramientas-para-elevar-cargas-y-accesorios\/carrete\/#breadcrumb","itemListElement":[{"@type":"ListItem","position":1,"name":"In\u00edcio","item":"https:\/\/www.ritzbrasil.com\/es\/"},{"@type":"ListItem","position":2,"name":"Tienda","item":"https:\/\/www.ritzbrasil.com\/es\/tienda\/"},{"@type":"ListItem","position":3,"name":"Carrete"}]},{"@type":"WebSite","@id":"https:\/\/www.ritzbrasil.com\/es\/#website","url":"https:\/\/www.ritzbrasil.com\/es\/","name":"Equipamentos de Manuten\u00e7\u00e3o e Seguran\u00e7a para o Setor El\u00e9trico - Ritz Brasil","description":"","potentialAction":[{"@type":"SearchAction","target":{"@type":"EntryPoint","urlTemplate":"https:\/\/www.ritzbrasil.com\/es\/?s={search_term_string}"},"query-input":{"@type":"PropertyValueSpecification","valueRequired":true,"valueName":"search_term_string"}}],"inLanguage":"es"}]}},"_links":{"self":[{"href":"https:\/\/www.ritzbrasil.com\/es\/wp-json\/wp\/v2\/product\/61222","targetHints":{"allow":["GET"]}}],"collection":[{"href":"https:\/\/www.ritzbrasil.com\/es\/wp-json\/wp\/v2\/product"}],"about":[{"href":"https:\/\/www.ritzbrasil.com\/es\/wp-json\/wp\/v2\/types\/product"}],"wp:featuredmedia":[{"embeddable":true,"href":"https:\/\/www.ritzbrasil.com\/es\/wp-json\/wp\/v2\/media\/58813"}],"wp:attachment":[{"href":"https:\/\/www.ritzbrasil.com\/es\/wp-json\/wp\/v2\/media?parent=61222"}],"wp:term":[{"taxonomy":"product_brand","embeddable":true,"href":"https:\/\/www.ritzbrasil.com\/es\/wp-json\/wp\/v2\/product_brand?post=61222"},{"taxonomy":"product_cat","embeddable":true,"href":"https:\/\/www.ritzbrasil.com\/es\/wp-json\/wp\/v2\/product_cat?post=61222"},{"taxonomy":"product_tag","embeddable":true,"href":"https:\/\/www.ritzbrasil.com\/es\/wp-json\/wp\/v2\/product_tag?post=61222"}],"curies":[{"name":"wp","href":"https:\/\/api.w.org\/{rel}","templated":true}]}}