{"id":61215,"date":"2024-09-24T06:14:22","date_gmt":"2024-09-24T09:14:22","guid":{"rendered":"https:\/\/www.ritzbrasil.com\/produtos\/sin%20categor\u00eda\/separador-aislante-de-cordones\/"},"modified":"2026-02-25T16:57:02","modified_gmt":"2026-02-25T19:57:02","slug":"separador-aislante-de-cordones","status":"publish","type":"product","link":"https:\/\/www.ritzbrasil.com\/es\/produtos\/herramientas-para-elevar-cargas-y-accesorios\/separador-aislante-de-cordones\/","title":{"rendered":"Separador aislante de cordones"},"content":{"rendered":"<div class=\"wpb-content-wrapper\"><p>[vc_row][vc_column][vc_column_text css=\u00bb.vc_custom_1727168861461{margin-top: 20px !important;}\u00bb]<\/p>\n<h4><span style=\"color: #ff9900;\"><strong>Separador aislante de cordones<\/strong><\/span><\/h4>\n<p>[\/vc_column_text][vc_column_text css=\u00bb.vc_custom_1727179044353{margin-top: -20px !important;}\u00bb]\n<div id=\"tablepress-Separador-Isolante-Cordas-scroll-wrapper\" class=\"tablepress-scroll-wrapper\">\n<table id=\"tablepress-Separador-Isolante-Cordas\" class=\"tablepress tablepress-id-Separador-Isolante-Cordas tablepress-responsive\">\n<thead>\n<tr class=\"row-1\">\n\t<td class=\"column-1\"><\/td><th class=\"column-2\">  Refer\u00eancias<\/th><th class=\"column-3\">Caracter\u00edstica<\/th><td class=\"column-4\"><\/td><td class=\"column-5\"><\/td>\n<\/tr>\n<\/thead>\n<tbody class=\"row-striping row-hover\">\n<tr class=\"row-2\">\n\t<td class=\"column-1\"><img decoding=\"async\" src=\"https:\/\/www.ritzbrasil.com\/wp-content\/uploads\/2024\/09\/flv04803-1-separador-isolante-cordas-150x150-1.jpg\" \/><\/td><td class=\"column-2\">FLV04803-1<\/td><td class=\"column-3\"><\/td><td class=\"column-4\">    <button class=\"add-to-budget\" data-table-id=\"Separador-Isolante-Cordas\" data-reference=\"FLV04803-1\" data-description=\"Separador Isolante de Cordas\" style=\"color:#ff4d00;\">\n        <img decoding=\"async\" src=\"https:\/\/www.ritzbrasil.com\/\/wp-content\/uploads\/2024\/07\/orcar-compras-tabela-new-1.png\" alt=\"Solicitar cotizaci\u00f3n\" title=\"Solicitar cotizaci\u00f3n\" \/>\n    <\/button>\n    <\/td><td class=\"column-5\"><a href=\"https:\/\/lojasritz.com.br\/catalogsearch\/result\/?q=FLV04803-1\" target=\"_blank\" rel=\"noopener\"><img decoding=\"async\" src=\"https:\/\/www.ritzbrasil.com\/wp-content\/uploads\/2024\/07\/carrinho-compras-tabela.png\"  \/><\/a><\/td>\n<\/tr>\n<tr class=\"row-3\">\n\t<td class=\"column-1\"><img decoding=\"async\" src=\"https:\/\/www.ritzbrasil.com\/wp-content\/uploads\/2024\/09\/flv04803-2-separador-isolante-cordas-150x150-1.jpg\" \/><\/td><td class=\"column-2\">FLV04803-2<\/td><td class=\"column-3\"><\/td><td class=\"column-4\">    <button class=\"add-to-budget\" data-table-id=\"Separador-Isolante-Cordas\" data-reference=\"FLV04803-2\" data-description=\"Separador Isolante de Cordas\" style=\"color:#ff4d00;\">\n        <img decoding=\"async\" src=\"https:\/\/www.ritzbrasil.com\/\/wp-content\/uploads\/2024\/07\/orcar-compras-tabela-new-1.png\" alt=\"Solicitar cotizaci\u00f3n\" title=\"Solicitar cotizaci\u00f3n\" \/>\n    <\/button>\n    <\/td><td class=\"column-5\"><a href=\"https:\/\/lojasritz.com.br\/catalogsearch\/result\/?q=FLV04803-2\" target=\"_blank\" rel=\"noopener\"><img decoding=\"async\" src=\"https:\/\/www.ritzbrasil.com\/wp-content\/uploads\/2024\/07\/carrinho-compras-tabela.png\"  \/><\/a><\/td>\n<\/tr>\n<tr class=\"row-4\">\n\t<td class=\"column-1\"><img decoding=\"async\" src=\"https:\/\/www.ritzbrasil.com\/wp-content\/uploads\/2024\/09\/flv04803-3-separador-isolante-cordas-150x150-1.jpg\" \/><\/td><td class=\"column-2\">FLV04803-3<\/td><td class=\"column-3\"><\/td><td class=\"column-4\">    <button class=\"add-to-budget\" data-table-id=\"Separador-Isolante-Cordas\" data-reference=\"FLV04803-3\" data-description=\"Separador Isolante de Cordas\" style=\"color:#ff4d00;\">\n        <img decoding=\"async\" src=\"https:\/\/www.ritzbrasil.com\/\/wp-content\/uploads\/2024\/07\/orcar-compras-tabela-new-1.png\" alt=\"Solicitar cotizaci\u00f3n\" title=\"Solicitar cotizaci\u00f3n\" \/>\n    <\/button>\n    <\/td><td class=\"column-5\"><a href=\"https:\/\/lojasritz.com.br\/catalogsearch\/result\/?q=FLV04803-3\" target=\"_blank\" rel=\"noopener\"><img decoding=\"async\" src=\"https:\/\/www.ritzbrasil.com\/wp-content\/uploads\/2024\/07\/carrinho-compras-tabela.png\"  \/><\/a><\/td>\n<\/tr>\n<\/tbody>\n<\/table>\n<\/div>\n[\/vc_column_text][vc_separator border_width=\u00bb2&#8243; css=\u00bb\u00bb][\/vc_column][\/vc_row]<\/p>\n<\/div>","protected":false},"excerpt":{"rendered":"<h4><span style=\"color: #ff9900;\">Separador aislante de cordones<\/span><\/h4>\n<p>Se utiliza en serie con la cuerda de polipropileno cuando es probable que entre en contacto directo con partes energizadas de la instalaci\u00f3n.<\/p>\n<p>Se construy\u00f3 con tubos RITZGLAS\u00ae, cabezas de aleaci\u00f3n de aluminio con tratamiento t\u00e9rmico y orejetas giratorias de acero forjado.<\/p>\n","protected":false},"featured_media":58897,"template":"","meta":[],"product_brand":[],"product_cat":[2666],"product_tag":[2671,2672,2057],"class_list":{"0":"post-61215","1":"product","2":"type-product","3":"status-publish","4":"has-post-thumbnail","6":"product_cat-herramientas-para-elevar-cargas-y-accesorios","7":"product_tag-flv04803-1-es","8":"product_tag-flv04803-2-es","9":"product_tag-flv04803-3-es","10":"description-off","12":"first","13":"instock","14":"virtual","15":"product-type-simple"},"yoast_head":"<!-- This site is optimized with the Yoast SEO plugin v27.1.1 - https:\/\/yoast.com\/product\/yoast-seo-wordpress\/ -->\n<title>Separador aislante de cordones<\/title>\n<meta name=\"description\" content=\"El separador de cuerda aislante, utilizado en serie con la cuerda de polipropileno, evita el contacto con las piezas bajo tensi\u00f3n. RITZGLAS\u00ae y anillas giratorias de acero.\" \/>\n<meta name=\"robots\" content=\"index, follow, max-snippet:-1, max-image-preview:large, max-video-preview:-1\" \/>\n<link rel=\"canonical\" href=\"https:\/\/www.ritzbrasil.com\/es\/produtos\/herramientas-para-elevar-cargas-y-accesorios\/separador-aislante-de-cordones\/\" \/>\n<meta property=\"og:locale\" content=\"es_ES\" \/>\n<meta property=\"og:type\" content=\"article\" \/>\n<meta property=\"og:title\" content=\"Separador aislante de cordones\" \/>\n<meta property=\"og:description\" content=\"El separador de cuerda aislante, utilizado en serie con la cuerda de polipropileno, evita el contacto con las piezas bajo tensi\u00f3n. RITZGLAS\u00ae y anillas giratorias de acero.\" \/>\n<meta property=\"og:url\" content=\"https:\/\/www.ritzbrasil.com\/es\/produtos\/herramientas-para-elevar-cargas-y-accesorios\/separador-aislante-de-cordones\/\" \/>\n<meta property=\"og:site_name\" content=\"Equipamentos de Manuten\u00e7\u00e3o e Seguran\u00e7a para o Setor El\u00e9trico - Ritz Brasil\" \/>\n<meta property=\"article:modified_time\" content=\"2026-02-25T19:57:02+00:00\" \/>\n<meta property=\"og:image\" content=\"https:\/\/www.ritzbrasil.com\/wp-content\/uploads\/2024\/09\/flv04803-1-separador-isolante-cordas.jpg\" \/>\n\t<meta property=\"og:image:width\" content=\"1200\" \/>\n\t<meta property=\"og:image:height\" content=\"1200\" \/>\n\t<meta property=\"og:image:type\" content=\"image\/jpeg\" \/>\n<meta name=\"twitter:card\" content=\"summary_large_image\" \/>\n<meta name=\"twitter:label1\" content=\"Tiempo de lectura\" \/>\n\t<meta name=\"twitter:data1\" content=\"1 minuto\" \/>\n<script type=\"application\/ld+json\" class=\"yoast-schema-graph\">{\"@context\":\"https:\/\/schema.org\",\"@graph\":[{\"@type\":\"WebPage\",\"@id\":\"https:\/\/www.ritzbrasil.com\/es\/produtos\/herramientas-para-elevar-cargas-y-accesorios\/separador-aislante-de-cordones\/\",\"url\":\"https:\/\/www.ritzbrasil.com\/es\/produtos\/herramientas-para-elevar-cargas-y-accesorios\/separador-aislante-de-cordones\/\",\"name\":\"Separador aislante de cordones\",\"isPartOf\":{\"@id\":\"https:\/\/www.ritzbrasil.com\/es\/#website\"},\"primaryImageOfPage\":{\"@id\":\"https:\/\/www.ritzbrasil.com\/es\/produtos\/herramientas-para-elevar-cargas-y-accesorios\/separador-aislante-de-cordones\/#primaryimage\"},\"image\":{\"@id\":\"https:\/\/www.ritzbrasil.com\/es\/produtos\/herramientas-para-elevar-cargas-y-accesorios\/separador-aislante-de-cordones\/#primaryimage\"},\"thumbnailUrl\":\"https:\/\/www.ritzbrasil.com\/wp-content\/uploads\/2024\/09\/flv04803-1-separador-isolante-cordas.jpg\",\"datePublished\":\"2024-09-24T09:14:22+00:00\",\"dateModified\":\"2026-02-25T19:57:02+00:00\",\"description\":\"El separador de cuerda aislante, utilizado en serie con la cuerda de polipropileno, evita el contacto con las piezas bajo tensi\u00f3n. RITZGLAS\u00ae y anillas giratorias de acero.\",\"breadcrumb\":{\"@id\":\"https:\/\/www.ritzbrasil.com\/es\/produtos\/herramientas-para-elevar-cargas-y-accesorios\/separador-aislante-de-cordones\/#breadcrumb\"},\"inLanguage\":\"es\",\"potentialAction\":[{\"@type\":\"ReadAction\",\"target\":[\"https:\/\/www.ritzbrasil.com\/es\/produtos\/herramientas-para-elevar-cargas-y-accesorios\/separador-aislante-de-cordones\/\"]}]},{\"@type\":\"ImageObject\",\"inLanguage\":\"es\",\"@id\":\"https:\/\/www.ritzbrasil.com\/es\/produtos\/herramientas-para-elevar-cargas-y-accesorios\/separador-aislante-de-cordones\/#primaryimage\",\"url\":\"https:\/\/www.ritzbrasil.com\/wp-content\/uploads\/2024\/09\/flv04803-1-separador-isolante-cordas.jpg\",\"contentUrl\":\"https:\/\/www.ritzbrasil.com\/wp-content\/uploads\/2024\/09\/flv04803-1-separador-isolante-cordas.jpg\",\"width\":1200,\"height\":1200,\"caption\":\"FLV04803-1 Separador aislante de cadenas\"},{\"@type\":\"BreadcrumbList\",\"@id\":\"https:\/\/www.ritzbrasil.com\/es\/produtos\/herramientas-para-elevar-cargas-y-accesorios\/separador-aislante-de-cordones\/#breadcrumb\",\"itemListElement\":[{\"@type\":\"ListItem\",\"position\":1,\"name\":\"In\u00edcio\",\"item\":\"https:\/\/www.ritzbrasil.com\/es\/\"},{\"@type\":\"ListItem\",\"position\":2,\"name\":\"Tienda\",\"item\":\"https:\/\/www.ritzbrasil.com\/es\/tienda\/\"},{\"@type\":\"ListItem\",\"position\":3,\"name\":\"Separador aislante de cordones\"}]},{\"@type\":\"WebSite\",\"@id\":\"https:\/\/www.ritzbrasil.com\/es\/#website\",\"url\":\"https:\/\/www.ritzbrasil.com\/es\/\",\"name\":\"Equipamentos de Manuten\u00e7\u00e3o e Seguran\u00e7a para o Setor El\u00e9trico - Ritz Brasil\",\"description\":\"\",\"potentialAction\":[{\"@type\":\"SearchAction\",\"target\":{\"@type\":\"EntryPoint\",\"urlTemplate\":\"https:\/\/www.ritzbrasil.com\/es\/?s={search_term_string}\"},\"query-input\":{\"@type\":\"PropertyValueSpecification\",\"valueRequired\":true,\"valueName\":\"search_term_string\"}}],\"inLanguage\":\"es\"}]}<\/script>\n<!-- \/ Yoast SEO plugin. -->","yoast_head_json":{"title":"Separador aislante de cordones","description":"El separador de cuerda aislante, utilizado en serie con la cuerda de polipropileno, evita el contacto con las piezas bajo tensi\u00f3n. RITZGLAS\u00ae y anillas giratorias de acero.","robots":{"index":"index","follow":"follow","max-snippet":"max-snippet:-1","max-image-preview":"max-image-preview:large","max-video-preview":"max-video-preview:-1"},"canonical":"https:\/\/www.ritzbrasil.com\/es\/produtos\/herramientas-para-elevar-cargas-y-accesorios\/separador-aislante-de-cordones\/","og_locale":"es_ES","og_type":"article","og_title":"Separador aislante de cordones","og_description":"El separador de cuerda aislante, utilizado en serie con la cuerda de polipropileno, evita el contacto con las piezas bajo tensi\u00f3n. RITZGLAS\u00ae y anillas giratorias de acero.","og_url":"https:\/\/www.ritzbrasil.com\/es\/produtos\/herramientas-para-elevar-cargas-y-accesorios\/separador-aislante-de-cordones\/","og_site_name":"Equipamentos de Manuten\u00e7\u00e3o e Seguran\u00e7a para o Setor El\u00e9trico - Ritz Brasil","article_modified_time":"2026-02-25T19:57:02+00:00","og_image":[{"width":1200,"height":1200,"url":"https:\/\/www.ritzbrasil.com\/wp-content\/uploads\/2024\/09\/flv04803-1-separador-isolante-cordas.jpg","type":"image\/jpeg"}],"twitter_card":"summary_large_image","twitter_misc":{"Tiempo de lectura":"1 minuto"},"schema":{"@context":"https:\/\/schema.org","@graph":[{"@type":"WebPage","@id":"https:\/\/www.ritzbrasil.com\/es\/produtos\/herramientas-para-elevar-cargas-y-accesorios\/separador-aislante-de-cordones\/","url":"https:\/\/www.ritzbrasil.com\/es\/produtos\/herramientas-para-elevar-cargas-y-accesorios\/separador-aislante-de-cordones\/","name":"Separador aislante de cordones","isPartOf":{"@id":"https:\/\/www.ritzbrasil.com\/es\/#website"},"primaryImageOfPage":{"@id":"https:\/\/www.ritzbrasil.com\/es\/produtos\/herramientas-para-elevar-cargas-y-accesorios\/separador-aislante-de-cordones\/#primaryimage"},"image":{"@id":"https:\/\/www.ritzbrasil.com\/es\/produtos\/herramientas-para-elevar-cargas-y-accesorios\/separador-aislante-de-cordones\/#primaryimage"},"thumbnailUrl":"https:\/\/www.ritzbrasil.com\/wp-content\/uploads\/2024\/09\/flv04803-1-separador-isolante-cordas.jpg","datePublished":"2024-09-24T09:14:22+00:00","dateModified":"2026-02-25T19:57:02+00:00","description":"El separador de cuerda aislante, utilizado en serie con la cuerda de polipropileno, evita el contacto con las piezas bajo tensi\u00f3n. RITZGLAS\u00ae y anillas giratorias de acero.","breadcrumb":{"@id":"https:\/\/www.ritzbrasil.com\/es\/produtos\/herramientas-para-elevar-cargas-y-accesorios\/separador-aislante-de-cordones\/#breadcrumb"},"inLanguage":"es","potentialAction":[{"@type":"ReadAction","target":["https:\/\/www.ritzbrasil.com\/es\/produtos\/herramientas-para-elevar-cargas-y-accesorios\/separador-aislante-de-cordones\/"]}]},{"@type":"ImageObject","inLanguage":"es","@id":"https:\/\/www.ritzbrasil.com\/es\/produtos\/herramientas-para-elevar-cargas-y-accesorios\/separador-aislante-de-cordones\/#primaryimage","url":"https:\/\/www.ritzbrasil.com\/wp-content\/uploads\/2024\/09\/flv04803-1-separador-isolante-cordas.jpg","contentUrl":"https:\/\/www.ritzbrasil.com\/wp-content\/uploads\/2024\/09\/flv04803-1-separador-isolante-cordas.jpg","width":1200,"height":1200,"caption":"FLV04803-1 Separador aislante de cadenas"},{"@type":"BreadcrumbList","@id":"https:\/\/www.ritzbrasil.com\/es\/produtos\/herramientas-para-elevar-cargas-y-accesorios\/separador-aislante-de-cordones\/#breadcrumb","itemListElement":[{"@type":"ListItem","position":1,"name":"In\u00edcio","item":"https:\/\/www.ritzbrasil.com\/es\/"},{"@type":"ListItem","position":2,"name":"Tienda","item":"https:\/\/www.ritzbrasil.com\/es\/tienda\/"},{"@type":"ListItem","position":3,"name":"Separador aislante de cordones"}]},{"@type":"WebSite","@id":"https:\/\/www.ritzbrasil.com\/es\/#website","url":"https:\/\/www.ritzbrasil.com\/es\/","name":"Equipamentos de Manuten\u00e7\u00e3o e Seguran\u00e7a para o Setor El\u00e9trico - Ritz Brasil","description":"","potentialAction":[{"@type":"SearchAction","target":{"@type":"EntryPoint","urlTemplate":"https:\/\/www.ritzbrasil.com\/es\/?s={search_term_string}"},"query-input":{"@type":"PropertyValueSpecification","valueRequired":true,"valueName":"search_term_string"}}],"inLanguage":"es"}]}},"_links":{"self":[{"href":"https:\/\/www.ritzbrasil.com\/es\/wp-json\/wp\/v2\/product\/61215","targetHints":{"allow":["GET"]}}],"collection":[{"href":"https:\/\/www.ritzbrasil.com\/es\/wp-json\/wp\/v2\/product"}],"about":[{"href":"https:\/\/www.ritzbrasil.com\/es\/wp-json\/wp\/v2\/types\/product"}],"wp:featuredmedia":[{"embeddable":true,"href":"https:\/\/www.ritzbrasil.com\/es\/wp-json\/wp\/v2\/media\/58897"}],"wp:attachment":[{"href":"https:\/\/www.ritzbrasil.com\/es\/wp-json\/wp\/v2\/media?parent=61215"}],"wp:term":[{"taxonomy":"product_brand","embeddable":true,"href":"https:\/\/www.ritzbrasil.com\/es\/wp-json\/wp\/v2\/product_brand?post=61215"},{"taxonomy":"product_cat","embeddable":true,"href":"https:\/\/www.ritzbrasil.com\/es\/wp-json\/wp\/v2\/product_cat?post=61215"},{"taxonomy":"product_tag","embeddable":true,"href":"https:\/\/www.ritzbrasil.com\/es\/wp-json\/wp\/v2\/product_tag?post=61215"}],"curies":[{"name":"wp","href":"https:\/\/api.w.org\/{rel}","templated":true}]}}