{"id":61211,"date":"2024-09-24T07:41:36","date_gmt":"2024-09-24T10:41:36","guid":{"rendered":"https:\/\/www.ritzbrasil.com\/produtos\/sin%20categor\u00eda\/kit-de-rescate-con-cesta-neumatica\/"},"modified":"2026-02-25T16:56:46","modified_gmt":"2026-02-25T19:56:46","slug":"kit-de-rescate-con-cesta-neumatica","status":"publish","type":"product","link":"https:\/\/www.ritzbrasil.com\/es\/produtos\/herramientas-para-elevar-cargas-y-accesorios\/kit-de-rescate-con-cesta-neumatica\/","title":{"rendered":"Kit de rescate con cesta neum\u00e1tica"},"content":{"rendered":"<div class=\"wpb-content-wrapper\"><p>[vc_row][vc_column][vc_column_text css=\u00bb.vc_custom_1727174352041{margin-top: 20px !important;}\u00bb]<\/p>\n<h4><span style=\"color: #ff9900;\"><strong>Kit de rescate con cesta a\u00e9rea<\/strong><\/span><\/h4>\n<p>[\/vc_column_text][vc_column_text css=\u00bb.vc_custom_1727180852539{margin-top: -20px !important;}\u00bb]\n<div id=\"tablepress-Kit-Resgate-Cesto-Aereo-scroll-wrapper\" class=\"tablepress-scroll-wrapper\">\n<table id=\"tablepress-Kit-Resgate-Cesto-Aereo\" class=\"tablepress tablepress-id-Kit-Resgate-Cesto-Aereo tablepress-responsive\">\n<thead>\n<tr class=\"row-1\">\n\t<td class=\"column-1\"><\/td><th class=\"column-2\">  Refer\u00eancias<\/th><th class=\"column-3\">Caracter\u00edstica<\/th><td class=\"column-4\"><\/td><td class=\"column-5\"><\/td>\n<\/tr>\n<\/thead>\n<tbody class=\"row-striping row-hover\">\n<tr class=\"row-2\">\n\t<td class=\"column-1\"><img decoding=\"async\" src=\"https:\/\/www.ritzbrasil.com\/wp-content\/uploads\/2024\/09\/rtz31540-1-kit-resgate-cesto-aereo-150x150-1.jpg\" \/><\/td><td class=\"column-2\">RTZ31540-1<\/td><td class=\"column-3\">Dispositivo para Resgate em equipamentos com bra\u00e7os retangulares ou circulares.<br \/>\nPeso Aprox.: 7,82kg<\/td><td class=\"column-4\">    <button class=\"add-to-budget\" data-table-id=\"Kit-Resgate-Cesto-Aereo\" data-reference=\"RTZ31540-1\" data-description=\"Kit de Resgate em Cesto A\u00e9reo\" style=\"color:#ff4d00;\">\n        <img decoding=\"async\" src=\"https:\/\/www.ritzbrasil.com\/\/wp-content\/uploads\/2024\/07\/orcar-compras-tabela-new-1.png\" alt=\"Solicitar cotizaci\u00f3n\" title=\"Solicitar cotizaci\u00f3n\" \/>\n    <\/button>\n    <\/td><td class=\"column-5\"><a href=\"https:\/\/lojasritz.com.br\/catalogsearch\/result\/?q=RTZ31540-1\" target=\"_blank\" rel=\"noopener\"><img decoding=\"async\" src=\"https:\/\/www.ritzbrasil.com\/wp-content\/uploads\/2024\/07\/carrinho-compras-tabela.png\"  \/><\/a><\/td>\n<\/tr>\n<\/tbody>\n<\/table>\n<\/div>\n[\/vc_column_text][vc_separator border_width=\u00bb2&#8243; css=\u00bb\u00bb][\/vc_column][\/vc_row]<\/p>\n<\/div>","protected":false},"excerpt":{"rendered":"<h4><span style=\"color: #ff9900;\">Kit de rescate con cesta neum\u00e1tica<\/span><\/h4>\n<p>El <strong>Kit de Rescate con Cesta A\u00e9rea Ritz<\/strong> ha sido dise\u00f1ado para garantizar <strong>la m\u00e1xima seguridad<\/strong> y eficacia operativa en situaciones de rescate en altura. Ideal para equipos que no tienen articulaci\u00f3n completa con el suelo, el kit ofrece soluciones fiables, pr\u00e1cticas y certificadas.<\/p>\n<p>Con una <strong>relaci\u00f3n de fuerza avanzada de 5:1<\/strong>, el sistema reduce significativamente el esfuerzo f\u00edsico necesario durante el rescate, lo que permite realizar la operaci\u00f3n m\u00e1s r\u00e1pidamente y con menos esfuerzo para el operador.<\/p>\n<p>El kit est\u00e1 equipado con un sistema de accionamiento a distancia que, con el uso de una p\u00e9rtiga telesc\u00f3pica de maniobra (no incluida), proporciona mayor versatilidad y seguridad en situaciones de emergencia.<\/p>\n<p>&nbsp;<\/p>\n<p><strong>Especificaciones T\u00e9cnicas del Kit de Rescate Ritz<\/strong><br \/>\n&#8211; 1 Polea de Bloqueo Autom\u00e1tico: Garantiza un rescate controlado y seguro.<br \/>\n&#8211; 2 Asas: Facilita el movimiento y reduce el esfuerzo f\u00edsico.<br \/>\n&#8211; 1 Gancho: Robusto y fiable para sujetarse a diferentes estructuras.<br \/>\n&#8211; 1 Longitud de Cuerda Semiest\u00e1tica (31 metros): Alta resistencia, ideal para descensos controlados.<br \/>\n&#8211; 1 Bolsa con trinquetes de sujeci\u00f3n: F\u00e1cil adaptaci\u00f3n a los brazos regulares o circulares de las cestas a\u00e9reas.<\/p>\n<p>Peso total del kit: Aproximadamente 7,82 kg<\/p>\n","protected":false},"featured_media":58979,"template":"","meta":[],"product_brand":[],"product_cat":[2666],"product_tag":[2667],"class_list":{"0":"post-61211","1":"product","2":"type-product","3":"status-publish","4":"has-post-thumbnail","6":"product_cat-herramientas-para-elevar-cargas-y-accesorios","7":"product_tag-rtz31540-1-es","8":"description-off","10":"first","11":"instock","12":"virtual","13":"product-type-simple"},"yoast_head":"<!-- This site is optimized with the Yoast SEO plugin v27.1.1 - https:\/\/yoast.com\/product\/yoast-seo-wordpress\/ -->\n<title>Kit de rescate con cesta a\u00e9rea<\/title>\n<meta name=\"description\" content=\"Kit de rescate de cesta a\u00e9rea con relaci\u00f3n de potencia 5:1. Sistema de accionamiento a distancia con p\u00e9rtiga telesc\u00f3pica, que garantiza seguridad y eficacia.\" \/>\n<meta name=\"robots\" content=\"index, follow, max-snippet:-1, max-image-preview:large, max-video-preview:-1\" \/>\n<link rel=\"canonical\" href=\"https:\/\/www.ritzbrasil.com\/es\/produtos\/herramientas-para-elevar-cargas-y-accesorios\/kit-de-rescate-con-cesta-neumatica\/\" \/>\n<meta property=\"og:locale\" content=\"es_ES\" \/>\n<meta property=\"og:type\" content=\"article\" \/>\n<meta property=\"og:title\" content=\"Kit de rescate con cesta a\u00e9rea\" \/>\n<meta property=\"og:description\" content=\"Kit de rescate de cesta a\u00e9rea con relaci\u00f3n de potencia 5:1. Sistema de accionamiento a distancia con p\u00e9rtiga telesc\u00f3pica, que garantiza seguridad y eficacia.\" \/>\n<meta property=\"og:url\" content=\"https:\/\/www.ritzbrasil.com\/es\/produtos\/herramientas-para-elevar-cargas-y-accesorios\/kit-de-rescate-con-cesta-neumatica\/\" \/>\n<meta property=\"og:site_name\" content=\"Equipamentos de Manuten\u00e7\u00e3o e Seguran\u00e7a para o Setor El\u00e9trico - Ritz Brasil\" \/>\n<meta property=\"article:modified_time\" content=\"2026-02-25T19:56:46+00:00\" \/>\n<meta property=\"og:image\" content=\"https:\/\/www.ritzbrasil.com\/wp-content\/uploads\/2024\/09\/rtz31540-1-kit-resgate-cesto-aereo-detalhe.jpg\" \/>\n\t<meta property=\"og:image:width\" content=\"1200\" \/>\n\t<meta property=\"og:image:height\" content=\"1200\" \/>\n\t<meta property=\"og:image:type\" content=\"image\/jpeg\" \/>\n<meta name=\"twitter:card\" content=\"summary_large_image\" \/>\n<meta name=\"twitter:label1\" content=\"Tiempo de lectura\" \/>\n\t<meta name=\"twitter:data1\" content=\"1 minuto\" \/>\n<script type=\"application\/ld+json\" class=\"yoast-schema-graph\">{\"@context\":\"https:\/\/schema.org\",\"@graph\":[{\"@type\":\"WebPage\",\"@id\":\"https:\/\/www.ritzbrasil.com\/es\/produtos\/herramientas-para-elevar-cargas-y-accesorios\/kit-de-rescate-con-cesta-neumatica\/\",\"url\":\"https:\/\/www.ritzbrasil.com\/es\/produtos\/herramientas-para-elevar-cargas-y-accesorios\/kit-de-rescate-con-cesta-neumatica\/\",\"name\":\"Kit de rescate con cesta a\u00e9rea\",\"isPartOf\":{\"@id\":\"https:\/\/www.ritzbrasil.com\/es\/#website\"},\"primaryImageOfPage\":{\"@id\":\"https:\/\/www.ritzbrasil.com\/es\/produtos\/herramientas-para-elevar-cargas-y-accesorios\/kit-de-rescate-con-cesta-neumatica\/#primaryimage\"},\"image\":{\"@id\":\"https:\/\/www.ritzbrasil.com\/es\/produtos\/herramientas-para-elevar-cargas-y-accesorios\/kit-de-rescate-con-cesta-neumatica\/#primaryimage\"},\"thumbnailUrl\":\"https:\/\/www.ritzbrasil.com\/wp-content\/uploads\/2024\/09\/rtz31540-1-kit-resgate-cesto-aereo-detalhe.jpg\",\"datePublished\":\"2024-09-24T10:41:36+00:00\",\"dateModified\":\"2026-02-25T19:56:46+00:00\",\"description\":\"Kit de rescate de cesta a\u00e9rea con relaci\u00f3n de potencia 5:1. Sistema de accionamiento a distancia con p\u00e9rtiga telesc\u00f3pica, que garantiza seguridad y eficacia.\",\"breadcrumb\":{\"@id\":\"https:\/\/www.ritzbrasil.com\/es\/produtos\/herramientas-para-elevar-cargas-y-accesorios\/kit-de-rescate-con-cesta-neumatica\/#breadcrumb\"},\"inLanguage\":\"es\",\"potentialAction\":[{\"@type\":\"ReadAction\",\"target\":[\"https:\/\/www.ritzbrasil.com\/es\/produtos\/herramientas-para-elevar-cargas-y-accesorios\/kit-de-rescate-con-cesta-neumatica\/\"]}]},{\"@type\":\"ImageObject\",\"inLanguage\":\"es\",\"@id\":\"https:\/\/www.ritzbrasil.com\/es\/produtos\/herramientas-para-elevar-cargas-y-accesorios\/kit-de-rescate-con-cesta-neumatica\/#primaryimage\",\"url\":\"https:\/\/www.ritzbrasil.com\/wp-content\/uploads\/2024\/09\/rtz31540-1-kit-resgate-cesto-aereo-detalhe.jpg\",\"contentUrl\":\"https:\/\/www.ritzbrasil.com\/wp-content\/uploads\/2024\/09\/rtz31540-1-kit-resgate-cesto-aereo-detalhe.jpg\",\"width\":1200,\"height\":1200,\"caption\":\"RTZ31540-1 Kit de rescate con cesta a\u00e9rea - Detalle\"},{\"@type\":\"BreadcrumbList\",\"@id\":\"https:\/\/www.ritzbrasil.com\/es\/produtos\/herramientas-para-elevar-cargas-y-accesorios\/kit-de-rescate-con-cesta-neumatica\/#breadcrumb\",\"itemListElement\":[{\"@type\":\"ListItem\",\"position\":1,\"name\":\"In\u00edcio\",\"item\":\"https:\/\/www.ritzbrasil.com\/es\/\"},{\"@type\":\"ListItem\",\"position\":2,\"name\":\"Tienda\",\"item\":\"https:\/\/www.ritzbrasil.com\/es\/tienda\/\"},{\"@type\":\"ListItem\",\"position\":3,\"name\":\"Kit de rescate con cesta neum\u00e1tica\"}]},{\"@type\":\"WebSite\",\"@id\":\"https:\/\/www.ritzbrasil.com\/es\/#website\",\"url\":\"https:\/\/www.ritzbrasil.com\/es\/\",\"name\":\"Equipamentos de Manuten\u00e7\u00e3o e Seguran\u00e7a para o Setor El\u00e9trico - Ritz Brasil\",\"description\":\"\",\"potentialAction\":[{\"@type\":\"SearchAction\",\"target\":{\"@type\":\"EntryPoint\",\"urlTemplate\":\"https:\/\/www.ritzbrasil.com\/es\/?s={search_term_string}\"},\"query-input\":{\"@type\":\"PropertyValueSpecification\",\"valueRequired\":true,\"valueName\":\"search_term_string\"}}],\"inLanguage\":\"es\"}]}<\/script>\n<!-- \/ Yoast SEO plugin. -->","yoast_head_json":{"title":"Kit de rescate con cesta a\u00e9rea","description":"Kit de rescate de cesta a\u00e9rea con relaci\u00f3n de potencia 5:1. Sistema de accionamiento a distancia con p\u00e9rtiga telesc\u00f3pica, que garantiza seguridad y eficacia.","robots":{"index":"index","follow":"follow","max-snippet":"max-snippet:-1","max-image-preview":"max-image-preview:large","max-video-preview":"max-video-preview:-1"},"canonical":"https:\/\/www.ritzbrasil.com\/es\/produtos\/herramientas-para-elevar-cargas-y-accesorios\/kit-de-rescate-con-cesta-neumatica\/","og_locale":"es_ES","og_type":"article","og_title":"Kit de rescate con cesta a\u00e9rea","og_description":"Kit de rescate de cesta a\u00e9rea con relaci\u00f3n de potencia 5:1. Sistema de accionamiento a distancia con p\u00e9rtiga telesc\u00f3pica, que garantiza seguridad y eficacia.","og_url":"https:\/\/www.ritzbrasil.com\/es\/produtos\/herramientas-para-elevar-cargas-y-accesorios\/kit-de-rescate-con-cesta-neumatica\/","og_site_name":"Equipamentos de Manuten\u00e7\u00e3o e Seguran\u00e7a para o Setor El\u00e9trico - Ritz Brasil","article_modified_time":"2026-02-25T19:56:46+00:00","og_image":[{"width":1200,"height":1200,"url":"https:\/\/www.ritzbrasil.com\/wp-content\/uploads\/2024\/09\/rtz31540-1-kit-resgate-cesto-aereo-detalhe.jpg","type":"image\/jpeg"}],"twitter_card":"summary_large_image","twitter_misc":{"Tiempo de lectura":"1 minuto"},"schema":{"@context":"https:\/\/schema.org","@graph":[{"@type":"WebPage","@id":"https:\/\/www.ritzbrasil.com\/es\/produtos\/herramientas-para-elevar-cargas-y-accesorios\/kit-de-rescate-con-cesta-neumatica\/","url":"https:\/\/www.ritzbrasil.com\/es\/produtos\/herramientas-para-elevar-cargas-y-accesorios\/kit-de-rescate-con-cesta-neumatica\/","name":"Kit de rescate con cesta a\u00e9rea","isPartOf":{"@id":"https:\/\/www.ritzbrasil.com\/es\/#website"},"primaryImageOfPage":{"@id":"https:\/\/www.ritzbrasil.com\/es\/produtos\/herramientas-para-elevar-cargas-y-accesorios\/kit-de-rescate-con-cesta-neumatica\/#primaryimage"},"image":{"@id":"https:\/\/www.ritzbrasil.com\/es\/produtos\/herramientas-para-elevar-cargas-y-accesorios\/kit-de-rescate-con-cesta-neumatica\/#primaryimage"},"thumbnailUrl":"https:\/\/www.ritzbrasil.com\/wp-content\/uploads\/2024\/09\/rtz31540-1-kit-resgate-cesto-aereo-detalhe.jpg","datePublished":"2024-09-24T10:41:36+00:00","dateModified":"2026-02-25T19:56:46+00:00","description":"Kit de rescate de cesta a\u00e9rea con relaci\u00f3n de potencia 5:1. Sistema de accionamiento a distancia con p\u00e9rtiga telesc\u00f3pica, que garantiza seguridad y eficacia.","breadcrumb":{"@id":"https:\/\/www.ritzbrasil.com\/es\/produtos\/herramientas-para-elevar-cargas-y-accesorios\/kit-de-rescate-con-cesta-neumatica\/#breadcrumb"},"inLanguage":"es","potentialAction":[{"@type":"ReadAction","target":["https:\/\/www.ritzbrasil.com\/es\/produtos\/herramientas-para-elevar-cargas-y-accesorios\/kit-de-rescate-con-cesta-neumatica\/"]}]},{"@type":"ImageObject","inLanguage":"es","@id":"https:\/\/www.ritzbrasil.com\/es\/produtos\/herramientas-para-elevar-cargas-y-accesorios\/kit-de-rescate-con-cesta-neumatica\/#primaryimage","url":"https:\/\/www.ritzbrasil.com\/wp-content\/uploads\/2024\/09\/rtz31540-1-kit-resgate-cesto-aereo-detalhe.jpg","contentUrl":"https:\/\/www.ritzbrasil.com\/wp-content\/uploads\/2024\/09\/rtz31540-1-kit-resgate-cesto-aereo-detalhe.jpg","width":1200,"height":1200,"caption":"RTZ31540-1 Kit de rescate con cesta a\u00e9rea - Detalle"},{"@type":"BreadcrumbList","@id":"https:\/\/www.ritzbrasil.com\/es\/produtos\/herramientas-para-elevar-cargas-y-accesorios\/kit-de-rescate-con-cesta-neumatica\/#breadcrumb","itemListElement":[{"@type":"ListItem","position":1,"name":"In\u00edcio","item":"https:\/\/www.ritzbrasil.com\/es\/"},{"@type":"ListItem","position":2,"name":"Tienda","item":"https:\/\/www.ritzbrasil.com\/es\/tienda\/"},{"@type":"ListItem","position":3,"name":"Kit de rescate con cesta neum\u00e1tica"}]},{"@type":"WebSite","@id":"https:\/\/www.ritzbrasil.com\/es\/#website","url":"https:\/\/www.ritzbrasil.com\/es\/","name":"Equipamentos de Manuten\u00e7\u00e3o e Seguran\u00e7a para o Setor El\u00e9trico - Ritz Brasil","description":"","potentialAction":[{"@type":"SearchAction","target":{"@type":"EntryPoint","urlTemplate":"https:\/\/www.ritzbrasil.com\/es\/?s={search_term_string}"},"query-input":{"@type":"PropertyValueSpecification","valueRequired":true,"valueName":"search_term_string"}}],"inLanguage":"es"}]}},"_links":{"self":[{"href":"https:\/\/www.ritzbrasil.com\/es\/wp-json\/wp\/v2\/product\/61211","targetHints":{"allow":["GET"]}}],"collection":[{"href":"https:\/\/www.ritzbrasil.com\/es\/wp-json\/wp\/v2\/product"}],"about":[{"href":"https:\/\/www.ritzbrasil.com\/es\/wp-json\/wp\/v2\/types\/product"}],"wp:featuredmedia":[{"embeddable":true,"href":"https:\/\/www.ritzbrasil.com\/es\/wp-json\/wp\/v2\/media\/58979"}],"wp:attachment":[{"href":"https:\/\/www.ritzbrasil.com\/es\/wp-json\/wp\/v2\/media?parent=61211"}],"wp:term":[{"taxonomy":"product_brand","embeddable":true,"href":"https:\/\/www.ritzbrasil.com\/es\/wp-json\/wp\/v2\/product_brand?post=61211"},{"taxonomy":"product_cat","embeddable":true,"href":"https:\/\/www.ritzbrasil.com\/es\/wp-json\/wp\/v2\/product_cat?post=61211"},{"taxonomy":"product_tag","embeddable":true,"href":"https:\/\/www.ritzbrasil.com\/es\/wp-json\/wp\/v2\/product_tag?post=61211"}],"curies":[{"name":"wp","href":"https:\/\/api.w.org\/{rel}","templated":true}]}}