{"id":61208,"date":"2024-09-26T08:52:01","date_gmt":"2024-09-26T11:52:01","guid":{"rendered":"https:\/\/www.ritzbrasil.com\/produtos\/sin%20categor\u00eda\/sillin-para-estructuras-metalicas\/"},"modified":"2026-02-25T16:54:26","modified_gmt":"2026-02-25T19:54:26","slug":"sillin-para-estructuras-metalicas","status":"publish","type":"product","link":"https:\/\/www.ritzbrasil.com\/es\/produtos\/herramientas-de-traccion-locomocion-y-apoyo\/sillin-para-estructuras-metalicas\/","title":{"rendered":"Sill\u00edn para estructuras met\u00e1licas"},"content":{"rendered":"<div class=\"wpb-content-wrapper\"><p>[vc_row][vc_column][vc_column_text css=\u00bb.vc_custom_1727351601912{margin-top: 20px !important;}\u00bb]<\/p>\n<h4><span style=\"color: #ff9900;\"><strong>Sill\u00edn para estructuras met\u00e1licas<\/strong><\/span><\/h4>\n<p>[\/vc_column_text][vc_column_text css=\u00bb.vc_custom_1727351636613{margin-top: -20px !important;}\u00bb]\n<div id=\"tablepress-Sela-Estrutura-Metalica-scroll-wrapper\" class=\"tablepress-scroll-wrapper\">\n<table id=\"tablepress-Sela-Estrutura-Metalica\" class=\"tablepress tablepress-id-Sela-Estrutura-Metalica tablepress-responsive\">\n<thead>\n<tr class=\"row-1\">\n\t<td class=\"column-1\"><\/td><th class=\"column-2\">  Refer\u00eancias<\/th><th class=\"column-3\">Caracter\u00edstica<\/th><td class=\"column-4\"><\/td><td class=\"column-5\"><\/td>\n<\/tr>\n<\/thead>\n<tbody class=\"row-striping row-hover\">\n<tr class=\"row-2\">\n\t<td class=\"column-1\"><img decoding=\"async\" src=\"https:\/\/www.ritzbrasil.com\/wp-content\/uploads\/2024\/09\/rm4742-sela-sem-colar-150x150-1.jpg\" \/><\/td><td class=\"column-2\">RM4742<\/td><td class=\"column-3\">Sela sem colar<\/td><td class=\"column-4\">    <button class=\"add-to-budget\" data-table-id=\"Sela-Estrutura-Metalica\" data-reference=\"RM4742\" data-description=\"Sela para Estrutura Met\u00e1lica\" style=\"color:#ff4d00;\">\n        <img decoding=\"async\" src=\"https:\/\/www.ritzbrasil.com\/\/wp-content\/uploads\/2024\/07\/orcar-compras-tabela-new-1.png\" alt=\"Solicitar cotizaci\u00f3n\" title=\"Solicitar cotizaci\u00f3n\" \/>\n    <\/button>\n    <\/td><td class=\"column-5\"><a href=\"https:\/\/lojasritz.com.br\/catalogsearch\/result\/?q=RM4742\" target=\"_blank\" rel=\"noopener\"><img decoding=\"async\" src=\"https:\/\/www.ritzbrasil.com\/wp-content\/uploads\/2024\/07\/carrinho-compras-tabela.png\"  \/><\/a><\/td>\n<\/tr>\n<tr class=\"row-3\">\n\t<td class=\"column-1\"><img decoding=\"async\" src=\"https:\/\/www.ritzbrasil.com\/wp-content\/uploads\/2024\/09\/rm4742-1-sela-colar-38mm-150x150-1.jpg\" \/><\/td><td class=\"column-2\">RM4742-1<\/td><td class=\"column-3\">Sela com colar de 38 mm<\/td><td class=\"column-4\">    <button class=\"add-to-budget\" data-table-id=\"Sela-Estrutura-Metalica\" data-reference=\"RM4742-1\" data-description=\"Sela para Estrutura Met\u00e1lica\" style=\"color:#ff4d00;\">\n        <img decoding=\"async\" src=\"https:\/\/www.ritzbrasil.com\/\/wp-content\/uploads\/2024\/07\/orcar-compras-tabela-new-1.png\" alt=\"Solicitar cotizaci\u00f3n\" title=\"Solicitar cotizaci\u00f3n\" \/>\n    <\/button>\n    <\/td><td class=\"column-5\"><a href=\"https:\/\/lojasritz.com.br\/catalogsearch\/result\/?q=RM4742-1\" target=\"_blank\" rel=\"noopener\"><img decoding=\"async\" src=\"https:\/\/www.ritzbrasil.com\/wp-content\/uploads\/2024\/07\/carrinho-compras-tabela.png\"  \/><\/a><\/td>\n<\/tr>\n<tr class=\"row-4\">\n\t<td class=\"column-1\"><img decoding=\"async\" src=\"https:\/\/www.ritzbrasil.com\/wp-content\/uploads\/2024\/09\/rm4742-2-sela-colar-51mm-150x150-1.jpg\" \/><\/td><td class=\"column-2\">RM4742-2<\/td><td class=\"column-3\">Sela com colar de 51 mm<\/td><td class=\"column-4\">    <button class=\"add-to-budget\" data-table-id=\"Sela-Estrutura-Metalica\" data-reference=\"RM4742-2\" data-description=\"Sela para Estrutura Met\u00e1lica\" style=\"color:#ff4d00;\">\n        <img decoding=\"async\" src=\"https:\/\/www.ritzbrasil.com\/\/wp-content\/uploads\/2024\/07\/orcar-compras-tabela-new-1.png\" alt=\"Solicitar cotizaci\u00f3n\" title=\"Solicitar cotizaci\u00f3n\" \/>\n    <\/button>\n    <\/td><td class=\"column-5\"><a href=\"https:\/\/lojasritz.com.br\/catalogsearch\/result\/?q=RM4742-2\" target=\"_blank\" rel=\"noopener\"><img decoding=\"async\" src=\"https:\/\/www.ritzbrasil.com\/wp-content\/uploads\/2024\/07\/carrinho-compras-tabela.png\"  \/><\/a><\/td>\n<\/tr>\n<tr class=\"row-5\">\n\t<td class=\"column-1\"><img decoding=\"async\" src=\"https:\/\/www.ritzbrasil.com\/wp-content\/uploads\/2024\/09\/rm4742-3-sela-colar-64mm-150x150-1.jpg\" \/><\/td><td class=\"column-2\">RM4742-3<\/td><td class=\"column-3\">Sela com colar de 64 mm<\/td><td class=\"column-4\">    <button class=\"add-to-budget\" data-table-id=\"Sela-Estrutura-Metalica\" data-reference=\"RM4742-3\" data-description=\"Sela para Estrutura Met\u00e1lica\" style=\"color:#ff4d00;\">\n        <img decoding=\"async\" src=\"https:\/\/www.ritzbrasil.com\/\/wp-content\/uploads\/2024\/07\/orcar-compras-tabela-new-1.png\" alt=\"Solicitar cotizaci\u00f3n\" title=\"Solicitar cotizaci\u00f3n\" \/>\n    <\/button>\n    <\/td><td class=\"column-5\"><a href=\"https:\/\/lojasritz.com.br\/catalogsearch\/result\/?q=RM4742-3\" target=\"_blank\" rel=\"noopener\"><img decoding=\"async\" src=\"https:\/\/www.ritzbrasil.com\/wp-content\/uploads\/2024\/07\/carrinho-compras-tabela.png\"  \/><\/a><\/td>\n<\/tr>\n<tr class=\"row-6\">\n\t<td class=\"column-1\"><img decoding=\"async\" src=\"https:\/\/www.ritzbrasil.com\/wp-content\/uploads\/2024\/09\/rt400-1413-sela-sem-colar-150x150-1.jpg\" \/><\/td><td class=\"column-2\">RT400-1413<\/td><td class=\"column-3\">Sela sem colar, possui 2 garras de fixa\u00e7\u00e3o pequenas<br \/>\ne 2 grandes<\/td><td class=\"column-4\">    <button class=\"add-to-budget\" data-table-id=\"Sela-Estrutura-Metalica\" data-reference=\"RT400-1413\" data-description=\"Sela para Estrutura Met\u00e1lica\" style=\"color:#ff4d00;\">\n        <img decoding=\"async\" src=\"https:\/\/www.ritzbrasil.com\/\/wp-content\/uploads\/2024\/07\/orcar-compras-tabela-new-1.png\" alt=\"Solicitar cotizaci\u00f3n\" title=\"Solicitar cotizaci\u00f3n\" \/>\n    <\/button>\n    <\/td><td class=\"column-5\"><a href=\"https:\/\/lojasritz.com.br\/catalogsearch\/result\/?q=RT400-1413\" target=\"_blank\" rel=\"noopener\"><img decoding=\"async\" src=\"https:\/\/www.ritzbrasil.com\/wp-content\/uploads\/2024\/07\/carrinho-compras-tabela.png\"  \/><\/a><\/td>\n<\/tr>\n<\/tbody>\n<\/table>\n<\/div>\n[\/vc_column_text][vc_separator border_width=\u00bb2&#8243; css=\u00bb\u00bb][\/vc_column][\/vc_row]<\/p>\n<\/div>","protected":false},"excerpt":{"rendered":"<h4><span style=\"color: #ff9900;\">Sill\u00edn para estructuras met\u00e1licas<\/span><\/h4>\n<p>Se utilizan para sostener el poste de la barra, la pluma, el m\u00e1stil, el gancho o el polipasto para mover las cadenas del aislador en la estructura met\u00e1lica.<\/p>\n<p>Se acoplan firmemente a las esquinas de las estructuras met\u00e1licas mediante tornillos y garras con tuercas de mariposa.<\/p>\n<p>Cumple los requisitos de la norma IEC61236.<\/p>\n<p><strong>Sill\u00edn com\u00fan<br \/>\n<\/strong>El RM4742 tiene un grillete de bronce colocado en el cuerpo del sill\u00edn que, mediante un acoplamiento giratorio, permite el anclaje del sill\u00edn.<\/p>\n<p>Los modelos RM4742-1 a RM4742-4 tienen collares de distintos di\u00e1metros para fijarse a los postes con seguridad y favorablemente en cualquier \u00e1ngulo.<\/p>\n<p>El RT400-1413 es similar al RM4742, diferenci\u00e1ndose \u00fanicamente en el tama\u00f1o de las mordazas, que est\u00e1n dise\u00f1adas para pesta\u00f1as angulares m\u00e1s grandes en estructuras met\u00e1licas de mayor tama\u00f1o.<strong><br \/>\n<\/strong><\/p>\n<p><strong>Sill\u00edn ligero<\/strong><br \/>\nTienen las mismas caracter\u00edsticas que los sillines normales. Sin embargo, son de aleaci\u00f3n de aluminio, lo que los hace m\u00e1s pr\u00e1cticos y f\u00e1ciles de instalar.<\/p>\n<p>Los sillines normales pueden sustituirse completamente por sillines ligeros.<\/p>\n<p>&nbsp;<\/p>\n","protected":false},"featured_media":59053,"template":"","meta":[],"product_brand":[],"product_cat":[2104],"product_tag":[2651,2652,2653,2654,2655],"class_list":{"0":"post-61208","1":"product","2":"type-product","3":"status-publish","4":"has-post-thumbnail","6":"product_cat-herramientas-de-traccion-locomocion-y-apoyo","7":"product_tag-rm4742-es","8":"product_tag-rm4742-1-es","9":"product_tag-rm4742-2-es","10":"product_tag-rm4742-3-es","11":"product_tag-rt400-1413-es","12":"description-off","14":"first","15":"instock","16":"virtual","17":"product-type-simple"},"yoast_head":"<!-- This site is optimized with the Yoast SEO plugin v27.1.1 - https:\/\/yoast.com\/product\/yoast-seo-wordpress\/ -->\n<title>Sill\u00edn para estructuras met\u00e1licas<\/title>\n<meta name=\"description\" content=\"Soporte para estructura met\u00e1lica con fijaci\u00f3n segura para p\u00e9rtiga, pluma o polipasto, acoplado con garras y tuerca mariposa.\" \/>\n<meta name=\"robots\" content=\"index, follow, max-snippet:-1, max-image-preview:large, max-video-preview:-1\" \/>\n<link rel=\"canonical\" href=\"https:\/\/www.ritzbrasil.com\/es\/produtos\/herramientas-de-traccion-locomocion-y-apoyo\/sillin-para-estructuras-metalicas\/\" \/>\n<meta property=\"og:locale\" content=\"es_ES\" \/>\n<meta property=\"og:type\" content=\"article\" \/>\n<meta property=\"og:title\" content=\"Sill\u00edn para estructuras met\u00e1licas\" \/>\n<meta property=\"og:description\" content=\"Soporte para estructura met\u00e1lica con fijaci\u00f3n segura para p\u00e9rtiga, pluma o polipasto, acoplado con garras y tuerca mariposa.\" \/>\n<meta property=\"og:url\" content=\"https:\/\/www.ritzbrasil.com\/es\/produtos\/herramientas-de-traccion-locomocion-y-apoyo\/sillin-para-estructuras-metalicas\/\" \/>\n<meta property=\"og:site_name\" content=\"Equipamentos de Manuten\u00e7\u00e3o e Seguran\u00e7a para o Setor El\u00e9trico - Ritz Brasil\" \/>\n<meta property=\"article:modified_time\" content=\"2026-02-25T19:54:26+00:00\" \/>\n<meta property=\"og:image\" content=\"https:\/\/www.ritzbrasil.com\/wp-content\/uploads\/2024\/09\/rm4742-sela-sem-colar.jpg\" \/>\n\t<meta property=\"og:image:width\" content=\"1200\" \/>\n\t<meta property=\"og:image:height\" content=\"1200\" \/>\n\t<meta property=\"og:image:type\" content=\"image\/jpeg\" \/>\n<meta name=\"twitter:card\" content=\"summary_large_image\" \/>\n<meta name=\"twitter:label1\" content=\"Tiempo de lectura\" \/>\n\t<meta name=\"twitter:data1\" content=\"1 minuto\" \/>\n<script type=\"application\/ld+json\" class=\"yoast-schema-graph\">{\"@context\":\"https:\/\/schema.org\",\"@graph\":[{\"@type\":\"WebPage\",\"@id\":\"https:\/\/www.ritzbrasil.com\/es\/produtos\/herramientas-de-traccion-locomocion-y-apoyo\/sillin-para-estructuras-metalicas\/\",\"url\":\"https:\/\/www.ritzbrasil.com\/es\/produtos\/herramientas-de-traccion-locomocion-y-apoyo\/sillin-para-estructuras-metalicas\/\",\"name\":\"Sill\u00edn para estructuras met\u00e1licas\",\"isPartOf\":{\"@id\":\"https:\/\/www.ritzbrasil.com\/es\/#website\"},\"primaryImageOfPage\":{\"@id\":\"https:\/\/www.ritzbrasil.com\/es\/produtos\/herramientas-de-traccion-locomocion-y-apoyo\/sillin-para-estructuras-metalicas\/#primaryimage\"},\"image\":{\"@id\":\"https:\/\/www.ritzbrasil.com\/es\/produtos\/herramientas-de-traccion-locomocion-y-apoyo\/sillin-para-estructuras-metalicas\/#primaryimage\"},\"thumbnailUrl\":\"https:\/\/www.ritzbrasil.com\/wp-content\/uploads\/2024\/09\/rm4742-sela-sem-colar.jpg\",\"datePublished\":\"2024-09-26T11:52:01+00:00\",\"dateModified\":\"2026-02-25T19:54:26+00:00\",\"description\":\"Soporte para estructura met\u00e1lica con fijaci\u00f3n segura para p\u00e9rtiga, pluma o polipasto, acoplado con garras y tuerca mariposa.\",\"breadcrumb\":{\"@id\":\"https:\/\/www.ritzbrasil.com\/es\/produtos\/herramientas-de-traccion-locomocion-y-apoyo\/sillin-para-estructuras-metalicas\/#breadcrumb\"},\"inLanguage\":\"es\",\"potentialAction\":[{\"@type\":\"ReadAction\",\"target\":[\"https:\/\/www.ritzbrasil.com\/es\/produtos\/herramientas-de-traccion-locomocion-y-apoyo\/sillin-para-estructuras-metalicas\/\"]}]},{\"@type\":\"ImageObject\",\"inLanguage\":\"es\",\"@id\":\"https:\/\/www.ritzbrasil.com\/es\/produtos\/herramientas-de-traccion-locomocion-y-apoyo\/sillin-para-estructuras-metalicas\/#primaryimage\",\"url\":\"https:\/\/www.ritzbrasil.com\/wp-content\/uploads\/2024\/09\/rm4742-sela-sem-colar.jpg\",\"contentUrl\":\"https:\/\/www.ritzbrasil.com\/wp-content\/uploads\/2024\/09\/rm4742-sela-sem-colar.jpg\",\"width\":1200,\"height\":1200,\"caption\":\"RM4742 Silla de montar sin collar\u00edn\"},{\"@type\":\"BreadcrumbList\",\"@id\":\"https:\/\/www.ritzbrasil.com\/es\/produtos\/herramientas-de-traccion-locomocion-y-apoyo\/sillin-para-estructuras-metalicas\/#breadcrumb\",\"itemListElement\":[{\"@type\":\"ListItem\",\"position\":1,\"name\":\"In\u00edcio\",\"item\":\"https:\/\/www.ritzbrasil.com\/es\/\"},{\"@type\":\"ListItem\",\"position\":2,\"name\":\"Tienda\",\"item\":\"https:\/\/www.ritzbrasil.com\/es\/tienda\/\"},{\"@type\":\"ListItem\",\"position\":3,\"name\":\"Sill\u00edn para estructuras met\u00e1licas\"}]},{\"@type\":\"WebSite\",\"@id\":\"https:\/\/www.ritzbrasil.com\/es\/#website\",\"url\":\"https:\/\/www.ritzbrasil.com\/es\/\",\"name\":\"Equipamentos de Manuten\u00e7\u00e3o e Seguran\u00e7a para o Setor El\u00e9trico - Ritz Brasil\",\"description\":\"\",\"potentialAction\":[{\"@type\":\"SearchAction\",\"target\":{\"@type\":\"EntryPoint\",\"urlTemplate\":\"https:\/\/www.ritzbrasil.com\/es\/?s={search_term_string}\"},\"query-input\":{\"@type\":\"PropertyValueSpecification\",\"valueRequired\":true,\"valueName\":\"search_term_string\"}}],\"inLanguage\":\"es\"}]}<\/script>\n<!-- \/ Yoast SEO plugin. -->","yoast_head_json":{"title":"Sill\u00edn para estructuras met\u00e1licas","description":"Soporte para estructura met\u00e1lica con fijaci\u00f3n segura para p\u00e9rtiga, pluma o polipasto, acoplado con garras y tuerca mariposa.","robots":{"index":"index","follow":"follow","max-snippet":"max-snippet:-1","max-image-preview":"max-image-preview:large","max-video-preview":"max-video-preview:-1"},"canonical":"https:\/\/www.ritzbrasil.com\/es\/produtos\/herramientas-de-traccion-locomocion-y-apoyo\/sillin-para-estructuras-metalicas\/","og_locale":"es_ES","og_type":"article","og_title":"Sill\u00edn para estructuras met\u00e1licas","og_description":"Soporte para estructura met\u00e1lica con fijaci\u00f3n segura para p\u00e9rtiga, pluma o polipasto, acoplado con garras y tuerca mariposa.","og_url":"https:\/\/www.ritzbrasil.com\/es\/produtos\/herramientas-de-traccion-locomocion-y-apoyo\/sillin-para-estructuras-metalicas\/","og_site_name":"Equipamentos de Manuten\u00e7\u00e3o e Seguran\u00e7a para o Setor El\u00e9trico - Ritz Brasil","article_modified_time":"2026-02-25T19:54:26+00:00","og_image":[{"width":1200,"height":1200,"url":"https:\/\/www.ritzbrasil.com\/wp-content\/uploads\/2024\/09\/rm4742-sela-sem-colar.jpg","type":"image\/jpeg"}],"twitter_card":"summary_large_image","twitter_misc":{"Tiempo de lectura":"1 minuto"},"schema":{"@context":"https:\/\/schema.org","@graph":[{"@type":"WebPage","@id":"https:\/\/www.ritzbrasil.com\/es\/produtos\/herramientas-de-traccion-locomocion-y-apoyo\/sillin-para-estructuras-metalicas\/","url":"https:\/\/www.ritzbrasil.com\/es\/produtos\/herramientas-de-traccion-locomocion-y-apoyo\/sillin-para-estructuras-metalicas\/","name":"Sill\u00edn para estructuras met\u00e1licas","isPartOf":{"@id":"https:\/\/www.ritzbrasil.com\/es\/#website"},"primaryImageOfPage":{"@id":"https:\/\/www.ritzbrasil.com\/es\/produtos\/herramientas-de-traccion-locomocion-y-apoyo\/sillin-para-estructuras-metalicas\/#primaryimage"},"image":{"@id":"https:\/\/www.ritzbrasil.com\/es\/produtos\/herramientas-de-traccion-locomocion-y-apoyo\/sillin-para-estructuras-metalicas\/#primaryimage"},"thumbnailUrl":"https:\/\/www.ritzbrasil.com\/wp-content\/uploads\/2024\/09\/rm4742-sela-sem-colar.jpg","datePublished":"2024-09-26T11:52:01+00:00","dateModified":"2026-02-25T19:54:26+00:00","description":"Soporte para estructura met\u00e1lica con fijaci\u00f3n segura para p\u00e9rtiga, pluma o polipasto, acoplado con garras y tuerca mariposa.","breadcrumb":{"@id":"https:\/\/www.ritzbrasil.com\/es\/produtos\/herramientas-de-traccion-locomocion-y-apoyo\/sillin-para-estructuras-metalicas\/#breadcrumb"},"inLanguage":"es","potentialAction":[{"@type":"ReadAction","target":["https:\/\/www.ritzbrasil.com\/es\/produtos\/herramientas-de-traccion-locomocion-y-apoyo\/sillin-para-estructuras-metalicas\/"]}]},{"@type":"ImageObject","inLanguage":"es","@id":"https:\/\/www.ritzbrasil.com\/es\/produtos\/herramientas-de-traccion-locomocion-y-apoyo\/sillin-para-estructuras-metalicas\/#primaryimage","url":"https:\/\/www.ritzbrasil.com\/wp-content\/uploads\/2024\/09\/rm4742-sela-sem-colar.jpg","contentUrl":"https:\/\/www.ritzbrasil.com\/wp-content\/uploads\/2024\/09\/rm4742-sela-sem-colar.jpg","width":1200,"height":1200,"caption":"RM4742 Silla de montar sin collar\u00edn"},{"@type":"BreadcrumbList","@id":"https:\/\/www.ritzbrasil.com\/es\/produtos\/herramientas-de-traccion-locomocion-y-apoyo\/sillin-para-estructuras-metalicas\/#breadcrumb","itemListElement":[{"@type":"ListItem","position":1,"name":"In\u00edcio","item":"https:\/\/www.ritzbrasil.com\/es\/"},{"@type":"ListItem","position":2,"name":"Tienda","item":"https:\/\/www.ritzbrasil.com\/es\/tienda\/"},{"@type":"ListItem","position":3,"name":"Sill\u00edn para estructuras met\u00e1licas"}]},{"@type":"WebSite","@id":"https:\/\/www.ritzbrasil.com\/es\/#website","url":"https:\/\/www.ritzbrasil.com\/es\/","name":"Equipamentos de Manuten\u00e7\u00e3o e Seguran\u00e7a para o Setor El\u00e9trico - Ritz Brasil","description":"","potentialAction":[{"@type":"SearchAction","target":{"@type":"EntryPoint","urlTemplate":"https:\/\/www.ritzbrasil.com\/es\/?s={search_term_string}"},"query-input":{"@type":"PropertyValueSpecification","valueRequired":true,"valueName":"search_term_string"}}],"inLanguage":"es"}]}},"_links":{"self":[{"href":"https:\/\/www.ritzbrasil.com\/es\/wp-json\/wp\/v2\/product\/61208","targetHints":{"allow":["GET"]}}],"collection":[{"href":"https:\/\/www.ritzbrasil.com\/es\/wp-json\/wp\/v2\/product"}],"about":[{"href":"https:\/\/www.ritzbrasil.com\/es\/wp-json\/wp\/v2\/types\/product"}],"wp:featuredmedia":[{"embeddable":true,"href":"https:\/\/www.ritzbrasil.com\/es\/wp-json\/wp\/v2\/media\/59053"}],"wp:attachment":[{"href":"https:\/\/www.ritzbrasil.com\/es\/wp-json\/wp\/v2\/media?parent=61208"}],"wp:term":[{"taxonomy":"product_brand","embeddable":true,"href":"https:\/\/www.ritzbrasil.com\/es\/wp-json\/wp\/v2\/product_brand?post=61208"},{"taxonomy":"product_cat","embeddable":true,"href":"https:\/\/www.ritzbrasil.com\/es\/wp-json\/wp\/v2\/product_cat?post=61208"},{"taxonomy":"product_tag","embeddable":true,"href":"https:\/\/www.ritzbrasil.com\/es\/wp-json\/wp\/v2\/product_tag?post=61208"}],"curies":[{"name":"wp","href":"https:\/\/api.w.org\/{rel}","templated":true}]}}