{"id":61199,"date":"2024-09-25T09:45:09","date_gmt":"2024-09-25T12:45:09","guid":{"rendered":"https:\/\/www.ritzbrasil.com\/?post_type=product&#038;p=61199"},"modified":"2026-02-25T16:54:40","modified_gmt":"2026-02-25T19:54:40","slug":"cuello-de-palo","status":"publish","type":"product","link":"https:\/\/www.ritzbrasil.com\/es\/produtos\/herramientas-de-traccion-locomocion-y-apoyo\/cuello-de-palo\/","title":{"rendered":"Cuello de palo"},"content":{"rendered":"<div class=\"wpb-content-wrapper\"><p>[vc_row][vc_column][vc_column_text css=\u00bb.vc_custom_1727267514196{margin-top: 20px !important;}\u00bb]<\/p>\n<h4><span style=\"color: #ff9900;\"><strong>Cuello de palo<\/strong><\/span><\/h4>\n<p>[\/vc_column_text][vc_column_text css=\u00bb.vc_custom_1769524952802{margin-top: -20px !important;}\u00bb]\n<div id=\"tablepress-ColarinhoparaBasto-ES-scroll-wrapper\" class=\"tablepress-scroll-wrapper\">\n<table id=\"tablepress-ColarinhoparaBasto-ES\" class=\"tablepress tablepress-id-ColarinhoparaBasto-ES tablepress-responsive\">\n<thead>\n<tr class=\"row-1\">\n\t<td class=\"column-1\"><\/td><th class=\"column-2\">  Referencias<\/th><th class=\"column-3\">Caracter\u00edstica<\/th><td class=\"column-4\"><\/td>\n<\/tr>\n<\/thead>\n<tbody class=\"row-striping row-hover\">\n<tr class=\"row-2\">\n\t<td class=\"column-1\"><img decoding=\"async\" src=\"https:\/\/www.ritzbrasil.com\/wp-content\/uploads\/2024\/09\/flv16599-1-colarinho-bastao-150x150-1.jpg\" \/><\/td><td class=\"column-2\">FLV16599-1<\/td><td class=\"column-3\"><\/td><td class=\"column-4\">    <button class=\"add-to-budget\" data-table-id=\"Colarinho-Bastao\" data-reference=\"FLV16599-1\" data-description=\"Cuello de palo&lt;br \/&gt;\n\" style=\"color:#ff4d00;\">\n        <img decoding=\"async\" src=\"https:\/\/www.ritzbrasil.com\/\/wp-content\/uploads\/2024\/07\/orcar-compras-tabela-new-1.png\" alt=\"Solicitar cotizaci\u00f3n\" title=\"Solicitar cotizaci\u00f3n\" \/>\n    <\/button>\n    <\/td>\n<\/tr>\n<tr class=\"row-3\">\n\t<td class=\"column-1\"><img decoding=\"async\" src=\"https:\/\/www.ritzbrasil.com\/wp-content\/uploads\/2024\/09\/rm4745-colarinho-para-bastao-150x150-1.jpg\" \/><\/td><td class=\"column-2\">RM4745<\/td><td class=\"column-3\"><\/td><td class=\"column-4\">    <button class=\"add-to-budget\" data-table-id=\"Colarinho-Bastao\" data-reference=\"RM4745\" data-description=\"Cuello de palo&lt;br \/&gt;\n\" style=\"color:#ff4d00;\">\n        <img decoding=\"async\" src=\"https:\/\/www.ritzbrasil.com\/\/wp-content\/uploads\/2024\/07\/orcar-compras-tabela-new-1.png\" alt=\"Solicitar cotizaci\u00f3n\" title=\"Solicitar cotizaci\u00f3n\" \/>\n    <\/button>\n    <\/td>\n<\/tr>\n<tr class=\"row-4\">\n\t<td class=\"column-1\"><img decoding=\"async\" src=\"https:\/\/www.ritzbrasil.com\/wp-content\/uploads\/2024\/09\/rm4745-1-colarinho-para-bastao-150x150-1.jpg\" \/><\/td><td class=\"column-2\">RM4745-1<\/td><td class=\"column-3\"><\/td><td class=\"column-4\">    <button class=\"add-to-budget\" data-table-id=\"Colarinho-Bastao\" data-reference=\"RM4745-1\" data-description=\"Cuello de palo&lt;br \/&gt;\n\" style=\"color:#ff4d00;\">\n        <img decoding=\"async\" src=\"https:\/\/www.ritzbrasil.com\/\/wp-content\/uploads\/2024\/07\/orcar-compras-tabela-new-1.png\" alt=\"Solicitar cotizaci\u00f3n\" title=\"Solicitar cotizaci\u00f3n\" \/>\n    <\/button>\n    <\/td>\n<\/tr>\n<tr class=\"row-5\">\n\t<td class=\"column-1\"><img decoding=\"async\" src=\"https:\/\/www.ritzbrasil.com\/wp-content\/uploads\/2024\/09\/rm4745-2-colarinho-para-bastao-150x150-1.jpg\" \/><\/td><td class=\"column-2\">RM4745-2<\/td><td class=\"column-3\"><\/td><td class=\"column-4\">    <button class=\"add-to-budget\" data-table-id=\"Colarinho-Bastao\" data-reference=\"RM4745-2\" data-description=\"Cuello de palo&lt;br \/&gt;\n\" style=\"color:#ff4d00;\">\n        <img decoding=\"async\" src=\"https:\/\/www.ritzbrasil.com\/\/wp-content\/uploads\/2024\/07\/orcar-compras-tabela-new-1.png\" alt=\"Solicitar cotizaci\u00f3n\" title=\"Solicitar cotizaci\u00f3n\" \/>\n    <\/button>\n    <\/td>\n<\/tr>\n<\/tbody>\n<\/table>\n<\/div>\n[\/vc_column_text][vc_separator border_width=\u00bb2&#8243; css=\u00bb\u00bb][\/vc_column][\/vc_row]<\/p>\n<\/div>","protected":false},"excerpt":{"rendered":"<h4><span style=\"color: #ff9900;\">Cuello de palo<\/span><\/h4>\n<p>Herramienta \u00fatil para desplazar con seguridad al conductor disponiendo dos p\u00e9rtigas de agarre.<\/p>\n<p>El Collar\u00edn de Bast\u00f3n est\u00e1 disponible en cuatro di\u00e1metros diferentes. La estructura de la pieza consta de una anilla para el contacto directo con el bast\u00f3n, un grillete, ambos de aleaci\u00f3n de aluminio, y asas circulares de aleaci\u00f3n de bronce.<\/p>\n<p>El anillo de contacto se instala en el cuerpo de la cabeza de la varilla, que se acopla al conductor. La otra varilla se acopla al mango del collar\u00edn para formar un conjunto articulado, de modo que el collar\u00edn impide que dos varillas conectadas al mismo cable conductor se retuerzan o incluso se rompan.<\/p>\n<p>Cumple los requisitos de la norma IEC61236.<\/p>\n","protected":false},"featured_media":59033,"template":"","meta":[],"product_brand":[],"product_cat":[2104],"product_tag":[2548,2549,2550,2551],"class_list":{"0":"post-61199","1":"product","2":"type-product","3":"status-publish","4":"has-post-thumbnail","6":"product_cat-herramientas-de-traccion-locomocion-y-apoyo","7":"product_tag-flv16599-1-es","8":"product_tag-rm4745-es","9":"product_tag-rm4745-1-es","10":"product_tag-rm4745-2-es","11":"description-off","13":"first","14":"instock","15":"virtual","16":"product-type-simple"},"yoast_head":"<!-- This site is optimized with the Yoast SEO plugin v27.1.1 - https:\/\/yoast.com\/product\/yoast-seo-wordpress\/ -->\n<title>Cuello de palo<\/title>\n<meta name=\"description\" content=\"Un collar\u00edn de p\u00e9rtiga utilizado para el desplazamiento seguro del conductor, junto con dos p\u00e9rtigas de agarre, en actividades de mantenimiento.\" \/>\n<meta name=\"robots\" content=\"index, follow, max-snippet:-1, max-image-preview:large, max-video-preview:-1\" \/>\n<link rel=\"canonical\" href=\"https:\/\/www.ritzbrasil.com\/es\/produtos\/herramientas-de-traccion-locomocion-y-apoyo\/cuello-de-palo\/\" \/>\n<meta property=\"og:locale\" content=\"es_ES\" \/>\n<meta property=\"og:type\" content=\"article\" \/>\n<meta property=\"og:title\" content=\"Cuello de palo\" \/>\n<meta property=\"og:description\" content=\"Un collar\u00edn de p\u00e9rtiga utilizado para el desplazamiento seguro del conductor, junto con dos p\u00e9rtigas de agarre, en actividades de mantenimiento.\" \/>\n<meta property=\"og:url\" content=\"https:\/\/www.ritzbrasil.com\/es\/produtos\/herramientas-de-traccion-locomocion-y-apoyo\/cuello-de-palo\/\" \/>\n<meta property=\"og:site_name\" content=\"Equipamentos de Manuten\u00e7\u00e3o e Seguran\u00e7a para o Setor El\u00e9trico - Ritz Brasil\" \/>\n<meta property=\"article:modified_time\" content=\"2026-02-25T19:54:40+00:00\" \/>\n<meta property=\"og:image\" content=\"https:\/\/www.ritzbrasil.com\/wp-content\/uploads\/2024\/09\/rm4745-colarinho-para-bastao.jpg\" \/>\n\t<meta property=\"og:image:width\" content=\"1200\" \/>\n\t<meta property=\"og:image:height\" content=\"1200\" \/>\n\t<meta property=\"og:image:type\" content=\"image\/jpeg\" \/>\n<meta name=\"twitter:card\" content=\"summary_large_image\" \/>\n<meta name=\"twitter:label1\" content=\"Tiempo de lectura\" \/>\n\t<meta name=\"twitter:data1\" content=\"1 minuto\" \/>\n<script type=\"application\/ld+json\" class=\"yoast-schema-graph\">{\"@context\":\"https:\/\/schema.org\",\"@graph\":[{\"@type\":\"WebPage\",\"@id\":\"https:\/\/www.ritzbrasil.com\/es\/produtos\/herramientas-de-traccion-locomocion-y-apoyo\/cuello-de-palo\/\",\"url\":\"https:\/\/www.ritzbrasil.com\/es\/produtos\/herramientas-de-traccion-locomocion-y-apoyo\/cuello-de-palo\/\",\"name\":\"Cuello de palo\",\"isPartOf\":{\"@id\":\"https:\/\/www.ritzbrasil.com\/es\/#website\"},\"primaryImageOfPage\":{\"@id\":\"https:\/\/www.ritzbrasil.com\/es\/produtos\/herramientas-de-traccion-locomocion-y-apoyo\/cuello-de-palo\/#primaryimage\"},\"image\":{\"@id\":\"https:\/\/www.ritzbrasil.com\/es\/produtos\/herramientas-de-traccion-locomocion-y-apoyo\/cuello-de-palo\/#primaryimage\"},\"thumbnailUrl\":\"https:\/\/www.ritzbrasil.com\/wp-content\/uploads\/2024\/09\/rm4745-colarinho-para-bastao.jpg\",\"datePublished\":\"2024-09-25T12:45:09+00:00\",\"dateModified\":\"2026-02-25T19:54:40+00:00\",\"description\":\"Un collar\u00edn de p\u00e9rtiga utilizado para el desplazamiento seguro del conductor, junto con dos p\u00e9rtigas de agarre, en actividades de mantenimiento.\",\"breadcrumb\":{\"@id\":\"https:\/\/www.ritzbrasil.com\/es\/produtos\/herramientas-de-traccion-locomocion-y-apoyo\/cuello-de-palo\/#breadcrumb\"},\"inLanguage\":\"es\",\"potentialAction\":[{\"@type\":\"ReadAction\",\"target\":[\"https:\/\/www.ritzbrasil.com\/es\/produtos\/herramientas-de-traccion-locomocion-y-apoyo\/cuello-de-palo\/\"]}]},{\"@type\":\"ImageObject\",\"inLanguage\":\"es\",\"@id\":\"https:\/\/www.ritzbrasil.com\/es\/produtos\/herramientas-de-traccion-locomocion-y-apoyo\/cuello-de-palo\/#primaryimage\",\"url\":\"https:\/\/www.ritzbrasil.com\/wp-content\/uploads\/2024\/09\/rm4745-colarinho-para-bastao.jpg\",\"contentUrl\":\"https:\/\/www.ritzbrasil.com\/wp-content\/uploads\/2024\/09\/rm4745-colarinho-para-bastao.jpg\",\"width\":1200,\"height\":1200,\"caption\":\"RM4745 Cuello de palo\"},{\"@type\":\"BreadcrumbList\",\"@id\":\"https:\/\/www.ritzbrasil.com\/es\/produtos\/herramientas-de-traccion-locomocion-y-apoyo\/cuello-de-palo\/#breadcrumb\",\"itemListElement\":[{\"@type\":\"ListItem\",\"position\":1,\"name\":\"In\u00edcio\",\"item\":\"https:\/\/www.ritzbrasil.com\/es\/\"},{\"@type\":\"ListItem\",\"position\":2,\"name\":\"Tienda\",\"item\":\"https:\/\/www.ritzbrasil.com\/es\/tienda\/\"},{\"@type\":\"ListItem\",\"position\":3,\"name\":\"Cuello de palo\"}]},{\"@type\":\"WebSite\",\"@id\":\"https:\/\/www.ritzbrasil.com\/es\/#website\",\"url\":\"https:\/\/www.ritzbrasil.com\/es\/\",\"name\":\"Equipamentos de Manuten\u00e7\u00e3o e Seguran\u00e7a para o Setor El\u00e9trico - Ritz Brasil\",\"description\":\"\",\"potentialAction\":[{\"@type\":\"SearchAction\",\"target\":{\"@type\":\"EntryPoint\",\"urlTemplate\":\"https:\/\/www.ritzbrasil.com\/es\/?s={search_term_string}\"},\"query-input\":{\"@type\":\"PropertyValueSpecification\",\"valueRequired\":true,\"valueName\":\"search_term_string\"}}],\"inLanguage\":\"es\"}]}<\/script>\n<!-- \/ Yoast SEO plugin. -->","yoast_head_json":{"title":"Cuello de palo","description":"Un collar\u00edn de p\u00e9rtiga utilizado para el desplazamiento seguro del conductor, junto con dos p\u00e9rtigas de agarre, en actividades de mantenimiento.","robots":{"index":"index","follow":"follow","max-snippet":"max-snippet:-1","max-image-preview":"max-image-preview:large","max-video-preview":"max-video-preview:-1"},"canonical":"https:\/\/www.ritzbrasil.com\/es\/produtos\/herramientas-de-traccion-locomocion-y-apoyo\/cuello-de-palo\/","og_locale":"es_ES","og_type":"article","og_title":"Cuello de palo","og_description":"Un collar\u00edn de p\u00e9rtiga utilizado para el desplazamiento seguro del conductor, junto con dos p\u00e9rtigas de agarre, en actividades de mantenimiento.","og_url":"https:\/\/www.ritzbrasil.com\/es\/produtos\/herramientas-de-traccion-locomocion-y-apoyo\/cuello-de-palo\/","og_site_name":"Equipamentos de Manuten\u00e7\u00e3o e Seguran\u00e7a para o Setor El\u00e9trico - Ritz Brasil","article_modified_time":"2026-02-25T19:54:40+00:00","og_image":[{"width":1200,"height":1200,"url":"https:\/\/www.ritzbrasil.com\/wp-content\/uploads\/2024\/09\/rm4745-colarinho-para-bastao.jpg","type":"image\/jpeg"}],"twitter_card":"summary_large_image","twitter_misc":{"Tiempo de lectura":"1 minuto"},"schema":{"@context":"https:\/\/schema.org","@graph":[{"@type":"WebPage","@id":"https:\/\/www.ritzbrasil.com\/es\/produtos\/herramientas-de-traccion-locomocion-y-apoyo\/cuello-de-palo\/","url":"https:\/\/www.ritzbrasil.com\/es\/produtos\/herramientas-de-traccion-locomocion-y-apoyo\/cuello-de-palo\/","name":"Cuello de palo","isPartOf":{"@id":"https:\/\/www.ritzbrasil.com\/es\/#website"},"primaryImageOfPage":{"@id":"https:\/\/www.ritzbrasil.com\/es\/produtos\/herramientas-de-traccion-locomocion-y-apoyo\/cuello-de-palo\/#primaryimage"},"image":{"@id":"https:\/\/www.ritzbrasil.com\/es\/produtos\/herramientas-de-traccion-locomocion-y-apoyo\/cuello-de-palo\/#primaryimage"},"thumbnailUrl":"https:\/\/www.ritzbrasil.com\/wp-content\/uploads\/2024\/09\/rm4745-colarinho-para-bastao.jpg","datePublished":"2024-09-25T12:45:09+00:00","dateModified":"2026-02-25T19:54:40+00:00","description":"Un collar\u00edn de p\u00e9rtiga utilizado para el desplazamiento seguro del conductor, junto con dos p\u00e9rtigas de agarre, en actividades de mantenimiento.","breadcrumb":{"@id":"https:\/\/www.ritzbrasil.com\/es\/produtos\/herramientas-de-traccion-locomocion-y-apoyo\/cuello-de-palo\/#breadcrumb"},"inLanguage":"es","potentialAction":[{"@type":"ReadAction","target":["https:\/\/www.ritzbrasil.com\/es\/produtos\/herramientas-de-traccion-locomocion-y-apoyo\/cuello-de-palo\/"]}]},{"@type":"ImageObject","inLanguage":"es","@id":"https:\/\/www.ritzbrasil.com\/es\/produtos\/herramientas-de-traccion-locomocion-y-apoyo\/cuello-de-palo\/#primaryimage","url":"https:\/\/www.ritzbrasil.com\/wp-content\/uploads\/2024\/09\/rm4745-colarinho-para-bastao.jpg","contentUrl":"https:\/\/www.ritzbrasil.com\/wp-content\/uploads\/2024\/09\/rm4745-colarinho-para-bastao.jpg","width":1200,"height":1200,"caption":"RM4745 Cuello de palo"},{"@type":"BreadcrumbList","@id":"https:\/\/www.ritzbrasil.com\/es\/produtos\/herramientas-de-traccion-locomocion-y-apoyo\/cuello-de-palo\/#breadcrumb","itemListElement":[{"@type":"ListItem","position":1,"name":"In\u00edcio","item":"https:\/\/www.ritzbrasil.com\/es\/"},{"@type":"ListItem","position":2,"name":"Tienda","item":"https:\/\/www.ritzbrasil.com\/es\/tienda\/"},{"@type":"ListItem","position":3,"name":"Cuello de palo"}]},{"@type":"WebSite","@id":"https:\/\/www.ritzbrasil.com\/es\/#website","url":"https:\/\/www.ritzbrasil.com\/es\/","name":"Equipamentos de Manuten\u00e7\u00e3o e Seguran\u00e7a para o Setor El\u00e9trico - Ritz Brasil","description":"","potentialAction":[{"@type":"SearchAction","target":{"@type":"EntryPoint","urlTemplate":"https:\/\/www.ritzbrasil.com\/es\/?s={search_term_string}"},"query-input":{"@type":"PropertyValueSpecification","valueRequired":true,"valueName":"search_term_string"}}],"inLanguage":"es"}]}},"_links":{"self":[{"href":"https:\/\/www.ritzbrasil.com\/es\/wp-json\/wp\/v2\/product\/61199","targetHints":{"allow":["GET"]}}],"collection":[{"href":"https:\/\/www.ritzbrasil.com\/es\/wp-json\/wp\/v2\/product"}],"about":[{"href":"https:\/\/www.ritzbrasil.com\/es\/wp-json\/wp\/v2\/types\/product"}],"wp:featuredmedia":[{"embeddable":true,"href":"https:\/\/www.ritzbrasil.com\/es\/wp-json\/wp\/v2\/media\/59033"}],"wp:attachment":[{"href":"https:\/\/www.ritzbrasil.com\/es\/wp-json\/wp\/v2\/media?parent=61199"}],"wp:term":[{"taxonomy":"product_brand","embeddable":true,"href":"https:\/\/www.ritzbrasil.com\/es\/wp-json\/wp\/v2\/product_brand?post=61199"},{"taxonomy":"product_cat","embeddable":true,"href":"https:\/\/www.ritzbrasil.com\/es\/wp-json\/wp\/v2\/product_cat?post=61199"},{"taxonomy":"product_tag","embeddable":true,"href":"https:\/\/www.ritzbrasil.com\/es\/wp-json\/wp\/v2\/product_tag?post=61199"}],"curies":[{"name":"wp","href":"https:\/\/api.w.org\/{rel}","templated":true}]}}