{"id":61184,"date":"2024-10-08T11:18:43","date_gmt":"2024-10-08T14:18:43","guid":{"rendered":"https:\/\/www.ritzbrasil.com\/produtos\/sin%20categor\u00eda\/cruceta-auxiliar\/"},"modified":"2026-02-25T16:54:16","modified_gmt":"2026-02-25T19:54:16","slug":"cruceta-auxiliar","status":"publish","type":"product","link":"https:\/\/www.ritzbrasil.com\/es\/produtos\/herramientas-de-traccion-locomocion-y-apoyo\/cruceta-auxiliar\/","title":{"rendered":"Cruceta auxiliar"},"content":{"rendered":"<div class=\"wpb-content-wrapper\"><p>[vc_row][vc_column][vc_column_text css=\u00bb.vc_custom_1728397884776{margin-top: 20px !important;}\u00bb]<\/p>\n<h4><span style=\"color: #ff9900;\"><strong>RH4862-6 &#8211; Cruceta auxiliar<\/strong><\/span><\/h4>\n<p>[\/vc_column_text][vc_column_text css=\u00bb.vc_custom_1728476411955{margin-top: -20px !important;}\u00bb]\n<div id=\"tablepress-RH4862-6-Cruzeta-Auxiliar-scroll-wrapper\" class=\"tablepress-scroll-wrapper\">\n<table id=\"tablepress-RH4862-6-Cruzeta-Auxiliar\" class=\"tablepress tablepress-id-RH4862-6-Cruzeta-Auxiliar tablepress-responsive\">\n<thead>\n<tr class=\"row-1\">\n\t<td class=\"column-1\"><\/td><th class=\"column-2\">  Refer\u00eancias<\/th><th class=\"column-3\">Caracter\u00edstica<\/th><td class=\"column-4\"><\/td><td class=\"column-5\"><\/td>\n<\/tr>\n<\/thead>\n<tbody class=\"row-striping row-hover\">\n<tr class=\"row-2\">\n\t<td class=\"column-1\"><img decoding=\"async\" src=\"https:\/\/www.ritzbrasil.com\/wp-content\/uploads\/2024\/10\/rh4862-6-cruzeta-auxiliar-150x150-1.jpg\" \/><\/td><td class=\"column-2\">RH4862-6<\/td><td class=\"column-3\"><\/td><td class=\"column-4\">    <button class=\"add-to-budget\" data-table-id=\"RH4862-6-Cruzeta-Auxiliar\" data-reference=\"RH4862-6\" data-description=\"Cruzeta Auxiliar\" style=\"color:#ff4d00;\">\n        <img decoding=\"async\" src=\"https:\/\/www.ritzbrasil.com\/\/wp-content\/uploads\/2024\/07\/orcar-compras-tabela-new-1.png\" alt=\"Solicitar cotizaci\u00f3n\" title=\"Solicitar cotizaci\u00f3n\" \/>\n    <\/button>\n    <\/td><td class=\"column-5\"><a href=\"https:\/\/lojasritz.com.br\/catalogsearch\/result\/?q=RH4862-6\" target=\"_blank\" rel=\"noopener\"><img decoding=\"async\" src=\"https:\/\/www.ritzbrasil.com\/wp-content\/uploads\/2024\/07\/carrinho-compras-tabela.png\"  \/><\/a><\/td>\n<\/tr>\n<\/tbody>\n<\/table>\n<\/div>\n[\/vc_column_text][vc_column_text css=\u00bb.vc_custom_1728398130038{margin-top: -20px !important;}\u00bb]Juego compuesto por: 01 ud. FLV21310-1 Columna transversal \u00d8 64 mm x 1,78 m de longitud aislante; 01 ud. FLV17928-1 Columna de m\u00e1stil \u00d8 64 mm x 1,35 m de longitud aislante; 01 ud. FLV05613-1 Cabeza de ojal para conectar la columna de m\u00e1stil a la columna transversal; 04 ud. RM4805-16 Pinza de suspensi\u00f3n sin aislante.[\/vc_column_text][vc_separator border_width=\u00bb2&#8243; css=\u00bb\u00bb][\/vc_column][\/vc_row][vc_row][vc_column][vc_column_text css=\u00bb.vc_custom_1728412430419{margin-top: 20px !important;}\u00bb]<\/p>\n<h4><span style=\"color: #ff9900;\"><strong>RH4862-8 &#8211; Cruceta auxiliar<\/strong><\/span><\/h4>\n<p>[\/vc_column_text][vc_column_text css=\u00bb.vc_custom_1728412443046{margin-top: -20px !important;}\u00bb]\n<div id=\"tablepress-RH4862-8-Cruzeta-Auxiliar-scroll-wrapper\" class=\"tablepress-scroll-wrapper\">\n<table id=\"tablepress-RH4862-8-Cruzeta-Auxiliar\" class=\"tablepress tablepress-id-RH4862-8-Cruzeta-Auxiliar tablepress-responsive\">\n<thead>\n<tr class=\"row-1\">\n\t<td class=\"column-1\"><\/td><th class=\"column-2\">  Refer\u00eancias<\/th><th class=\"column-3\">Caracter\u00edstica<\/th><td class=\"column-4\"><\/td><td class=\"column-5\"><\/td>\n<\/tr>\n<\/thead>\n<tbody class=\"row-striping row-hover\">\n<tr class=\"row-2\">\n\t<td class=\"column-1\"><img decoding=\"async\" src=\"https:\/\/www.ritzbrasil.com\/wp-content\/uploads\/2024\/10\/rh4862-8-cruzeta-auxiliar-150x150-1.jpg\" \/><\/td><td class=\"column-2\">RH4862-8<\/td><td class=\"column-3\"><\/td><td class=\"column-4\">    <button class=\"add-to-budget\" data-table-id=\"RH4862-8-Cruzeta-Auxiliar\" data-reference=\"RH4862-8\" data-description=\"Cruzeta Auxiliar\" style=\"color:#ff4d00;\">\n        <img decoding=\"async\" src=\"https:\/\/www.ritzbrasil.com\/\/wp-content\/uploads\/2024\/07\/orcar-compras-tabela-new-1.png\" alt=\"Solicitar cotizaci\u00f3n\" title=\"Solicitar cotizaci\u00f3n\" \/>\n    <\/button>\n    <\/td><td class=\"column-5\"><a href=\"https:\/\/lojasritz.com.br\/catalogsearch\/result\/?q=RH4862-8\" target=\"_blank\" rel=\"noopener\"><img decoding=\"async\" src=\"https:\/\/www.ritzbrasil.com\/wp-content\/uploads\/2024\/07\/carrinho-compras-tabela.png\"  \/><\/a><\/td>\n<\/tr>\n<\/tbody>\n<\/table>\n<\/div>\n[\/vc_column_text][vc_column_text css=\u00bb.vc_custom_1728412920043{margin-top: -20px !important;}\u00bb]Juego compuesto por: 01 ud. FLV21310-2 Columna transversal \u00d8 64 mm x 2,39 m de longitud aislante; 01 ud. FLV17928-1 Columna de m\u00e1stil \u00d8 64 mm x 1,35 m de longitud aislante; 01 ud. FLV05613-1 Cabeza de ojal para conectar la columna de m\u00e1stil a la columna transversal; 04 ud. RM4805-16 Pinza de suspensi\u00f3n sin aislante.[\/vc_column_text][vc_separator border_width=\u00bb2&#8243; css=\u00bb\u00bb][\/vc_column][\/vc_row][vc_row][vc_column][vc_column_text css=\u00bb.vc_custom_1728412682563{margin-top: 20px !important;}\u00bb]<\/p>\n<h4><span style=\"color: #ff9900;\"><strong>RH4862-51 &#8211; M\u00e1stil<\/strong><\/span><\/h4>\n<p>[\/vc_column_text][vc_column_text css=\u00bb.vc_custom_1728412708782{margin-top: -20px !important;}\u00bb]\n<div id=\"tablepress-RH4862-51-Bastao-Mastro-scroll-wrapper\" class=\"tablepress-scroll-wrapper\">\n<table id=\"tablepress-RH4862-51-Bastao-Mastro\" class=\"tablepress tablepress-id-RH4862-51-Bastao-Mastro tablepress-responsive\">\n<thead>\n<tr class=\"row-1\">\n\t<td class=\"column-1\"><\/td><th class=\"column-2\">  Refer\u00eancias<\/th><th class=\"column-3\">Caracter\u00edstica<\/th><td class=\"column-4\"><\/td><td class=\"column-5\"><\/td>\n<\/tr>\n<\/thead>\n<tbody class=\"row-striping row-hover\">\n<tr class=\"row-2\">\n\t<td class=\"column-1\"><img decoding=\"async\" src=\"https:\/\/www.ritzbrasil.com\/wp-content\/uploads\/2024\/10\/rh4862-51-bastao-mastro-150x150-1.jpg\" \/><\/td><td class=\"column-2\">RH4862-51<\/td><td class=\"column-3\"><\/td><td class=\"column-4\">    <button class=\"add-to-budget\" data-table-id=\"RH4862-51-Bastao-Mastro\" data-reference=\"RH4862-51\" data-description=\"Cruzeta Auxiliar\" style=\"color:#ff4d00;\">\n        <img decoding=\"async\" src=\"https:\/\/www.ritzbrasil.com\/\/wp-content\/uploads\/2024\/07\/orcar-compras-tabela-new-1.png\" alt=\"Solicitar cotizaci\u00f3n\" title=\"Solicitar cotizaci\u00f3n\" \/>\n    <\/button>\n    <\/td><td class=\"column-5\"><a href=\"https:\/\/lojasritz.com.br\/catalogsearch\/result\/?q=RH4862-51\" target=\"_blank\" rel=\"noopener\"><img decoding=\"async\" src=\"https:\/\/www.ritzbrasil.com\/wp-content\/uploads\/2024\/07\/carrinho-compras-tabela.png\"  \/><\/a><\/td>\n<\/tr>\n<\/tbody>\n<\/table>\n<\/div>\n[\/vc_column_text][vc_column_text css=\u00bb.vc_custom_1728412877365{margin-top: -20px !important;}\u00bb]Juego compuesto por: 01 ud. FLV17928-2 M\u00e1stil \u00d8 64 mm x 2,83 m de longitud aislada; 02 ud. FLV03457-13 Soporte \u00d8 38 mm x 2,03 m de longitud aislada; 02 ud. RM4741-3 Collar\u00edn \u00d8 64 mm; 01 ud. RM1728-5 Correa \u00d8 64 mm para mano francesa; 01 ud. FLV05613-1 Cabeza de ojal para conectar el m\u00e1stil al poste transversal. [\/vc_column_text][vc_separator border_width=\u00bb2&#8243; css=\u00bb\u00bb][\/vc_column][\/vc_row][vc_row][vc_column][vc_column_text css=\u00bb.vc_custom_1728476463593{margin-top: 20px !important;}\u00bb]<\/p>\n<h4><span style=\"color: #ff9900;\"><strong>RH4863-10<\/strong><\/span><\/h4>\n<p>[\/vc_column_text][vc_column_text css=\u00bb.vc_custom_1728476479406{margin-top: -20px !important;}\u00bb]\n<div id=\"tablepress-RH4863-10-scroll-wrapper\" class=\"tablepress-scroll-wrapper\">\n<table id=\"tablepress-RH4863-10\" class=\"tablepress tablepress-id-RH4863-10 tablepress-responsive\">\n<thead>\n<tr class=\"row-1\">\n\t<td class=\"column-1\"><\/td><th class=\"column-2\">  Refer\u00eancias<\/th><th class=\"column-3\">Caracter\u00edstica<\/th><td class=\"column-4\"><\/td><td class=\"column-5\"><\/td>\n<\/tr>\n<\/thead>\n<tbody class=\"row-striping row-hover\">\n<tr class=\"row-2\">\n\t<td class=\"column-1\"><img decoding=\"async\" src=\"https:\/\/www.ritzbrasil.com\/wp-content\/uploads\/2024\/10\/rh4863-10-cruzeta-auxiliar-150x150-1.jpg\" \/><\/td><td class=\"column-2\">RH4863-10<\/td><td class=\"column-3\"><\/td><td class=\"column-4\">    <button class=\"add-to-budget\" data-table-id=\"RH4863-10\" data-reference=\"RH4863-10\" data-description=\"Cruzeta Auxiliar\" style=\"color:#ff4d00;\">\n        <img decoding=\"async\" src=\"https:\/\/www.ritzbrasil.com\/\/wp-content\/uploads\/2024\/07\/orcar-compras-tabela-new-1.png\" alt=\"Solicitar cotizaci\u00f3n\" title=\"Solicitar cotizaci\u00f3n\" \/>\n    <\/button>\n    <\/td><td class=\"column-5\"><a href=\"https:\/\/lojasritz.com.br\/catalogsearch\/result\/?q=RH4863-10\" target=\"_blank\" rel=\"noopener\"><img decoding=\"async\" src=\"https:\/\/www.ritzbrasil.com\/wp-content\/uploads\/2024\/07\/carrinho-compras-tabela.png\"  \/><\/a><\/td>\n<\/tr>\n<\/tbody>\n<\/table>\n<\/div>\n[\/vc_column_text][vc_separator border_width=\u00bb2&#8243; css=\u00bb\u00bb][\/vc_column][\/vc_row][vc_row][vc_column][vc_column_text css=\u00bb.vc_custom_1728413324702{margin-top: 20px !important;}\u00bb]<\/p>\n<h4><span style=\"color: #ff9900;\"><strong>Accesorios<\/strong><\/span><\/h4>\n<p>[\/vc_column_text][vc_column_text css=\u00bb.vc_custom_1728413363548{margin-top: -20px !important;}\u00bb]\n<div id=\"tablepress-Acessorios-cruzeta-auxiliar-scroll-wrapper\" class=\"tablepress-scroll-wrapper\">\n<table id=\"tablepress-Acessorios-cruzeta-auxiliar\" class=\"tablepress tablepress-id-Acessorios-cruzeta-auxiliar tablepress-responsive\">\n<thead>\n<tr class=\"row-1\">\n\t<td class=\"column-1\"><\/td><th class=\"column-2\">  Refer\u00eancias<\/th><th class=\"column-3\">Caracter\u00edstica<\/th><td class=\"column-4\"><\/td><td class=\"column-5\"><\/td>\n<\/tr>\n<\/thead>\n<tbody class=\"row-striping row-hover\">\n<tr class=\"row-2\">\n\t<td class=\"column-1\"><img decoding=\"async\" src=\"https:\/\/www.ritzbrasil.com\/wp-content\/uploads\/2024\/10\/rc400-0268-presilha-elevacao-150x150-1.jpg\" \/><\/td><td class=\"column-2\">RC400-0268<\/td><td class=\"column-3\">Presilha de eleva\u00e7\u00e3o com roletes para instala\u00e7\u00e3o na<br \/>\ncruzeta auxiliar do guindauto ou outro ve\u00edculo<br \/>\nsemelhante abertura 1-3\/4\"<\/td><td class=\"column-4\">    <button class=\"add-to-budget\" data-table-id=\"Acessorios-cruzeta-auxiliar\" data-reference=\"RC400-0268\" data-description=\"Cruzeta Auxiliar Acess\u00f3rios\" style=\"color:#ff4d00;\">\n        <img decoding=\"async\" src=\"https:\/\/www.ritzbrasil.com\/\/wp-content\/uploads\/2024\/07\/orcar-compras-tabela-new-1.png\" alt=\"Solicitar cotizaci\u00f3n\" title=\"Solicitar cotizaci\u00f3n\" \/>\n    <\/button>\n    <\/td><td class=\"column-5\"><a href=\"https:\/\/lojasritz.com.br\/catalogsearch\/result\/?q=RC400-0268\" target=\"_blank\" rel=\"noopener\"><img decoding=\"async\" src=\"https:\/\/www.ritzbrasil.com\/wp-content\/uploads\/2024\/07\/carrinho-compras-tabela.png\"  \/><\/a><\/td>\n<\/tr>\n<tr class=\"row-3\">\n\t<td class=\"column-1\"><img decoding=\"async\" src=\"https:\/\/www.ritzbrasil.com\/wp-content\/uploads\/2024\/10\/RC400-0269-presilha-elevacao-150x150-1.jpg\" \/><\/td><td class=\"column-2\">RC400-0269<\/td><td class=\"column-3\">Presilha de eleva\u00e7\u00e3o com roletes para instala\u00e7\u00e3o na<br \/>\ncruzeta auxiliar com isolador RM4805-7, abertura 2\"<\/td><td class=\"column-4\">    <button class=\"add-to-budget\" data-table-id=\"Acessorios-cruzeta-auxiliar\" data-reference=\"RC400-0269\" data-description=\"Cruzeta Auxiliar Acess\u00f3rios\" style=\"color:#ff4d00;\">\n        <img decoding=\"async\" src=\"https:\/\/www.ritzbrasil.com\/\/wp-content\/uploads\/2024\/07\/orcar-compras-tabela-new-1.png\" alt=\"Solicitar cotizaci\u00f3n\" title=\"Solicitar cotizaci\u00f3n\" \/>\n    <\/button>\n    <\/td><td class=\"column-5\"><a href=\"https:\/\/lojasritz.com.br\/catalogsearch\/result\/?q=RC400-0269\" target=\"_blank\" rel=\"noopener\"><img decoding=\"async\" src=\"https:\/\/www.ritzbrasil.com\/wp-content\/uploads\/2024\/07\/carrinho-compras-tabela.png\"  \/><\/a><\/td>\n<\/tr>\n<\/tbody>\n<\/table>\n<\/div>\n[\/vc_column_text][vc_separator border_width=\u00bb2&#8243; css=\u00bb\u00bb][\/vc_column][\/vc_row]<\/p>\n<\/div>","protected":false},"excerpt":{"rendered":"<h4><span style=\"color: #ff9900;\">Cruceta auxiliar<\/span><\/h4>\n<p>Equipo utilizado en construcci\u00f3n o mantenimiento para manipular conductores al sustituir crucetas, aisladores o postes en tramos cortos de l\u00edneas a\u00e9reas de media tensi\u00f3n de hasta 15 kV fase\/fase.<\/p>\n<p>Para los modelos RH4862-6, RH4862-8 y RH4862-51, es necesario a\u00f1adir dos monturas (FLV4740-5W) para instalar el m\u00e1stil transversal auxiliar en el m\u00e1stil. Las monturas deben adquirirse por separado.<\/p>\n<p>Tiene una capacidad de carga de 272 daN (600 lb) con los cuatro conductores en equilibrio y de 68 daN (150 lb) en cada cornamusa en desequilibrio.<\/p>\n<p>| <strong>RH4863-10<\/strong><br \/>\nConstruido con un m\u00e1stil especial RITZGLAS\u00ae<strong><br \/>\n<span style=\"color: #ff6600;\">,<\/span><br \/>\n<\/strong> formado por dos postes de soporte de \u00d8 64 mm, fijados a una montura con ajuste de inclinaci\u00f3n mediante 7 orificios, separados 15 grados entre s\u00ed, para acoplar a plumas cuadradas o rectangulares ajustables para dimensiones de 127 x 178 mm a 254 x 254 mm de la cesta a\u00e9rea o equipos similares.<\/p>\n<p>La capacidad m\u00e1xima de carga vertical equilibrada en los tres tacos del travesa\u00f1o es de 454 daN (1000 lb).<\/p>\n<p>Dise\u00f1ada para soportar una carga m\u00e1xima desequilibrada de 90 daN (200 lb) en cada una de las cornamusas. Cada cornamusa de elevaci\u00f3n de rodillo<br \/>\n(RC400-0268) utilizada en este travesa\u00f1o auxiliar tiene una capacidad de carga lateral de 45 daN (100 lb). Por tanto, es esencial que esta cruceta auxiliar s\u00f3lo se monte en equipos con una capacidad de elevaci\u00f3n de carga superior a 907 daN (2000 lb).<\/p>\n<p>Peso aprox.: 48 kg (105,8 lb)<\/p>\n","protected":false},"featured_media":59213,"template":"","meta":[],"product_brand":[],"product_cat":[2104],"product_tag":[2480,2474,2473,2479,2472,2477,2482,2483,2476,2478,2471,2481,2470,2469,2475],"class_list":{"0":"post-61184","1":"product","2":"type-product","3":"status-publish","4":"has-post-thumbnail","6":"product_cat-herramientas-de-traccion-locomocion-y-apoyo","7":"product_tag-flv03457-13-es","8":"product_tag-flv05613-1-es","9":"product_tag-flv17928-1-es","10":"product_tag-flv17928-2-es","11":"product_tag-flv21310-1-es","12":"product_tag-flv21310-2-es","13":"product_tag-rc400-0268-es","14":"product_tag-rc400-0269-es","15":"product_tag-rh4862-es","16":"product_tag-rh4862-51-es","17":"product_tag-rh4862-6-es","18":"product_tag-rh4863-10-es","19":"product_tag-rm1728-5-es","20":"product_tag-rm4741-3-es","21":"product_tag-rm4805-16-es","22":"description-off","24":"first","25":"instock","26":"virtual","27":"product-type-simple"},"yoast_head":"<!-- This site is optimized with the Yoast SEO plugin v27.1.1 - https:\/\/yoast.com\/product\/yoast-seo-wordpress\/ -->\n<title>Cruceta auxiliar<\/title>\n<meta name=\"description\" content=\"Travesa\u00f1o auxiliar para mantenimiento y construcci\u00f3n en tramos cortos de redes a\u00e9reas de hasta 15 kV, utilizado para manipular conductores, aisladores y postes.\" \/>\n<meta name=\"robots\" content=\"index, follow, max-snippet:-1, max-image-preview:large, max-video-preview:-1\" \/>\n<link rel=\"canonical\" href=\"https:\/\/www.ritzbrasil.com\/es\/produtos\/herramientas-de-traccion-locomocion-y-apoyo\/cruceta-auxiliar\/\" \/>\n<meta property=\"og:locale\" content=\"es_ES\" \/>\n<meta property=\"og:type\" content=\"article\" \/>\n<meta property=\"og:title\" content=\"Cruceta auxiliar\" \/>\n<meta property=\"og:description\" content=\"Travesa\u00f1o auxiliar para mantenimiento y construcci\u00f3n en tramos cortos de redes a\u00e9reas de hasta 15 kV, utilizado para manipular conductores, aisladores y postes.\" \/>\n<meta property=\"og:url\" content=\"https:\/\/www.ritzbrasil.com\/es\/produtos\/herramientas-de-traccion-locomocion-y-apoyo\/cruceta-auxiliar\/\" \/>\n<meta property=\"og:site_name\" content=\"Equipamentos de Manuten\u00e7\u00e3o e Seguran\u00e7a para o Setor El\u00e9trico - Ritz Brasil\" \/>\n<meta property=\"article:modified_time\" content=\"2026-02-25T19:54:16+00:00\" \/>\n<meta property=\"og:image\" content=\"https:\/\/www.ritzbrasil.com\/wp-content\/uploads\/2024\/10\/rh4862-6-cruzeta-auxiliar.jpg\" \/>\n\t<meta property=\"og:image:width\" content=\"1200\" \/>\n\t<meta property=\"og:image:height\" content=\"1200\" \/>\n\t<meta property=\"og:image:type\" content=\"image\/jpeg\" \/>\n<meta name=\"twitter:card\" content=\"summary_large_image\" \/>\n<meta name=\"twitter:label1\" content=\"Tiempo de lectura\" \/>\n\t<meta name=\"twitter:data1\" content=\"2 minutos\" \/>\n<script type=\"application\/ld+json\" class=\"yoast-schema-graph\">{\"@context\":\"https:\/\/schema.org\",\"@graph\":[{\"@type\":\"WebPage\",\"@id\":\"https:\/\/www.ritzbrasil.com\/es\/produtos\/herramientas-de-traccion-locomocion-y-apoyo\/cruceta-auxiliar\/\",\"url\":\"https:\/\/www.ritzbrasil.com\/es\/produtos\/herramientas-de-traccion-locomocion-y-apoyo\/cruceta-auxiliar\/\",\"name\":\"Cruceta auxiliar\",\"isPartOf\":{\"@id\":\"https:\/\/www.ritzbrasil.com\/es\/#website\"},\"primaryImageOfPage\":{\"@id\":\"https:\/\/www.ritzbrasil.com\/es\/produtos\/herramientas-de-traccion-locomocion-y-apoyo\/cruceta-auxiliar\/#primaryimage\"},\"image\":{\"@id\":\"https:\/\/www.ritzbrasil.com\/es\/produtos\/herramientas-de-traccion-locomocion-y-apoyo\/cruceta-auxiliar\/#primaryimage\"},\"thumbnailUrl\":\"https:\/\/www.ritzbrasil.com\/wp-content\/uploads\/2024\/10\/rh4862-6-cruzeta-auxiliar.jpg\",\"datePublished\":\"2024-10-08T14:18:43+00:00\",\"dateModified\":\"2026-02-25T19:54:16+00:00\",\"description\":\"Travesa\u00f1o auxiliar para mantenimiento y construcci\u00f3n en tramos cortos de redes a\u00e9reas de hasta 15 kV, utilizado para manipular conductores, aisladores y postes.\",\"breadcrumb\":{\"@id\":\"https:\/\/www.ritzbrasil.com\/es\/produtos\/herramientas-de-traccion-locomocion-y-apoyo\/cruceta-auxiliar\/#breadcrumb\"},\"inLanguage\":\"es\",\"potentialAction\":[{\"@type\":\"ReadAction\",\"target\":[\"https:\/\/www.ritzbrasil.com\/es\/produtos\/herramientas-de-traccion-locomocion-y-apoyo\/cruceta-auxiliar\/\"]}]},{\"@type\":\"ImageObject\",\"inLanguage\":\"es\",\"@id\":\"https:\/\/www.ritzbrasil.com\/es\/produtos\/herramientas-de-traccion-locomocion-y-apoyo\/cruceta-auxiliar\/#primaryimage\",\"url\":\"https:\/\/www.ritzbrasil.com\/wp-content\/uploads\/2024\/10\/rh4862-6-cruzeta-auxiliar.jpg\",\"contentUrl\":\"https:\/\/www.ritzbrasil.com\/wp-content\/uploads\/2024\/10\/rh4862-6-cruzeta-auxiliar.jpg\",\"width\":1200,\"height\":1200,\"caption\":\"RH4862-6 Cruceta auxiliar\"},{\"@type\":\"BreadcrumbList\",\"@id\":\"https:\/\/www.ritzbrasil.com\/es\/produtos\/herramientas-de-traccion-locomocion-y-apoyo\/cruceta-auxiliar\/#breadcrumb\",\"itemListElement\":[{\"@type\":\"ListItem\",\"position\":1,\"name\":\"In\u00edcio\",\"item\":\"https:\/\/www.ritzbrasil.com\/es\/\"},{\"@type\":\"ListItem\",\"position\":2,\"name\":\"Tienda\",\"item\":\"https:\/\/www.ritzbrasil.com\/es\/tienda\/\"},{\"@type\":\"ListItem\",\"position\":3,\"name\":\"Cruceta auxiliar\"}]},{\"@type\":\"WebSite\",\"@id\":\"https:\/\/www.ritzbrasil.com\/es\/#website\",\"url\":\"https:\/\/www.ritzbrasil.com\/es\/\",\"name\":\"Equipamentos de Manuten\u00e7\u00e3o e Seguran\u00e7a para o Setor El\u00e9trico - Ritz Brasil\",\"description\":\"\",\"potentialAction\":[{\"@type\":\"SearchAction\",\"target\":{\"@type\":\"EntryPoint\",\"urlTemplate\":\"https:\/\/www.ritzbrasil.com\/es\/?s={search_term_string}\"},\"query-input\":{\"@type\":\"PropertyValueSpecification\",\"valueRequired\":true,\"valueName\":\"search_term_string\"}}],\"inLanguage\":\"es\"}]}<\/script>\n<!-- \/ Yoast SEO plugin. -->","yoast_head_json":{"title":"Cruceta auxiliar","description":"Travesa\u00f1o auxiliar para mantenimiento y construcci\u00f3n en tramos cortos de redes a\u00e9reas de hasta 15 kV, utilizado para manipular conductores, aisladores y postes.","robots":{"index":"index","follow":"follow","max-snippet":"max-snippet:-1","max-image-preview":"max-image-preview:large","max-video-preview":"max-video-preview:-1"},"canonical":"https:\/\/www.ritzbrasil.com\/es\/produtos\/herramientas-de-traccion-locomocion-y-apoyo\/cruceta-auxiliar\/","og_locale":"es_ES","og_type":"article","og_title":"Cruceta auxiliar","og_description":"Travesa\u00f1o auxiliar para mantenimiento y construcci\u00f3n en tramos cortos de redes a\u00e9reas de hasta 15 kV, utilizado para manipular conductores, aisladores y postes.","og_url":"https:\/\/www.ritzbrasil.com\/es\/produtos\/herramientas-de-traccion-locomocion-y-apoyo\/cruceta-auxiliar\/","og_site_name":"Equipamentos de Manuten\u00e7\u00e3o e Seguran\u00e7a para o Setor El\u00e9trico - Ritz Brasil","article_modified_time":"2026-02-25T19:54:16+00:00","og_image":[{"width":1200,"height":1200,"url":"https:\/\/www.ritzbrasil.com\/wp-content\/uploads\/2024\/10\/rh4862-6-cruzeta-auxiliar.jpg","type":"image\/jpeg"}],"twitter_card":"summary_large_image","twitter_misc":{"Tiempo de lectura":"2 minutos"},"schema":{"@context":"https:\/\/schema.org","@graph":[{"@type":"WebPage","@id":"https:\/\/www.ritzbrasil.com\/es\/produtos\/herramientas-de-traccion-locomocion-y-apoyo\/cruceta-auxiliar\/","url":"https:\/\/www.ritzbrasil.com\/es\/produtos\/herramientas-de-traccion-locomocion-y-apoyo\/cruceta-auxiliar\/","name":"Cruceta auxiliar","isPartOf":{"@id":"https:\/\/www.ritzbrasil.com\/es\/#website"},"primaryImageOfPage":{"@id":"https:\/\/www.ritzbrasil.com\/es\/produtos\/herramientas-de-traccion-locomocion-y-apoyo\/cruceta-auxiliar\/#primaryimage"},"image":{"@id":"https:\/\/www.ritzbrasil.com\/es\/produtos\/herramientas-de-traccion-locomocion-y-apoyo\/cruceta-auxiliar\/#primaryimage"},"thumbnailUrl":"https:\/\/www.ritzbrasil.com\/wp-content\/uploads\/2024\/10\/rh4862-6-cruzeta-auxiliar.jpg","datePublished":"2024-10-08T14:18:43+00:00","dateModified":"2026-02-25T19:54:16+00:00","description":"Travesa\u00f1o auxiliar para mantenimiento y construcci\u00f3n en tramos cortos de redes a\u00e9reas de hasta 15 kV, utilizado para manipular conductores, aisladores y postes.","breadcrumb":{"@id":"https:\/\/www.ritzbrasil.com\/es\/produtos\/herramientas-de-traccion-locomocion-y-apoyo\/cruceta-auxiliar\/#breadcrumb"},"inLanguage":"es","potentialAction":[{"@type":"ReadAction","target":["https:\/\/www.ritzbrasil.com\/es\/produtos\/herramientas-de-traccion-locomocion-y-apoyo\/cruceta-auxiliar\/"]}]},{"@type":"ImageObject","inLanguage":"es","@id":"https:\/\/www.ritzbrasil.com\/es\/produtos\/herramientas-de-traccion-locomocion-y-apoyo\/cruceta-auxiliar\/#primaryimage","url":"https:\/\/www.ritzbrasil.com\/wp-content\/uploads\/2024\/10\/rh4862-6-cruzeta-auxiliar.jpg","contentUrl":"https:\/\/www.ritzbrasil.com\/wp-content\/uploads\/2024\/10\/rh4862-6-cruzeta-auxiliar.jpg","width":1200,"height":1200,"caption":"RH4862-6 Cruceta auxiliar"},{"@type":"BreadcrumbList","@id":"https:\/\/www.ritzbrasil.com\/es\/produtos\/herramientas-de-traccion-locomocion-y-apoyo\/cruceta-auxiliar\/#breadcrumb","itemListElement":[{"@type":"ListItem","position":1,"name":"In\u00edcio","item":"https:\/\/www.ritzbrasil.com\/es\/"},{"@type":"ListItem","position":2,"name":"Tienda","item":"https:\/\/www.ritzbrasil.com\/es\/tienda\/"},{"@type":"ListItem","position":3,"name":"Cruceta auxiliar"}]},{"@type":"WebSite","@id":"https:\/\/www.ritzbrasil.com\/es\/#website","url":"https:\/\/www.ritzbrasil.com\/es\/","name":"Equipamentos de Manuten\u00e7\u00e3o e Seguran\u00e7a para o Setor El\u00e9trico - Ritz Brasil","description":"","potentialAction":[{"@type":"SearchAction","target":{"@type":"EntryPoint","urlTemplate":"https:\/\/www.ritzbrasil.com\/es\/?s={search_term_string}"},"query-input":{"@type":"PropertyValueSpecification","valueRequired":true,"valueName":"search_term_string"}}],"inLanguage":"es"}]}},"_links":{"self":[{"href":"https:\/\/www.ritzbrasil.com\/es\/wp-json\/wp\/v2\/product\/61184","targetHints":{"allow":["GET"]}}],"collection":[{"href":"https:\/\/www.ritzbrasil.com\/es\/wp-json\/wp\/v2\/product"}],"about":[{"href":"https:\/\/www.ritzbrasil.com\/es\/wp-json\/wp\/v2\/types\/product"}],"wp:featuredmedia":[{"embeddable":true,"href":"https:\/\/www.ritzbrasil.com\/es\/wp-json\/wp\/v2\/media\/59213"}],"wp:attachment":[{"href":"https:\/\/www.ritzbrasil.com\/es\/wp-json\/wp\/v2\/media?parent=61184"}],"wp:term":[{"taxonomy":"product_brand","embeddable":true,"href":"https:\/\/www.ritzbrasil.com\/es\/wp-json\/wp\/v2\/product_brand?post=61184"},{"taxonomy":"product_cat","embeddable":true,"href":"https:\/\/www.ritzbrasil.com\/es\/wp-json\/wp\/v2\/product_cat?post=61184"},{"taxonomy":"product_tag","embeddable":true,"href":"https:\/\/www.ritzbrasil.com\/es\/wp-json\/wp\/v2\/product_tag?post=61184"}],"curies":[{"name":"wp","href":"https:\/\/api.w.org\/{rel}","templated":true}]}}