{"id":61182,"date":"2024-10-16T08:26:43","date_gmt":"2024-10-16T11:26:43","guid":{"rendered":"https:\/\/www.ritzbrasil.com\/produtos\/sin%20categor\u00eda\/tensor-doble-para-distribucion\/"},"modified":"2026-02-25T16:53:23","modified_gmt":"2026-02-25T19:53:23","slug":"tensor-doble-para-distribucion","status":"publish","type":"product","link":"https:\/\/www.ritzbrasil.com\/es\/produtos\/herramientas-de-traccion-locomocion-y-apoyo\/tensor-doble-para-distribucion\/","title":{"rendered":"Tensor doble para distribuci\u00f3n"},"content":{"rendered":"<div class=\"wpb-content-wrapper\"><p>[vc_row][vc_column][vc_column_text css=\u00bb.vc_custom_1729087195152{margin-top: 20px !important;}\u00bb]<\/p>\n<h4><span style=\"color: #ff9900;\"><strong>Tensor doble para distribuci\u00f3n<\/strong><\/span><\/h4>\n<p>[\/vc_column_text][vc_column_text css=\u00bb.vc_custom_1729087224749{margin-top: -20px !important;}\u00bb]\n<div id=\"tablepress-Tensionador-Duplo-Distribuicao-scroll-wrapper\" class=\"tablepress-scroll-wrapper\">\n<table id=\"tablepress-Tensionador-Duplo-Distribuicao\" class=\"tablepress tablepress-id-Tensionador-Duplo-Distribuicao tablepress-responsive\">\n<thead>\n<tr class=\"row-1\">\n\t<td class=\"column-1\"><\/td><th class=\"column-2\">  Refer\u00eancias<\/th><th class=\"column-3\">Caracter\u00edstica<\/th><td class=\"column-4\"><\/td><td class=\"column-5\"><\/td>\n<\/tr>\n<\/thead>\n<tbody class=\"row-striping row-hover\">\n<tr class=\"row-2\">\n\t<td class=\"column-1\"><img decoding=\"async\" src=\"https:\/\/www.ritzbrasil.com\/wp-content\/uploads\/2024\/10\/rc401-0411-tensionador-duplo-distribuicao-150x150-1.jpg\" \/><\/td><td class=\"column-2\">RC401-0411<\/td><td class=\"column-3\"><\/td><td class=\"column-4\">    <button class=\"add-to-budget\" data-table-id=\"Tensionador-Duplo-Distribuicao\" data-reference=\"RC401-0411\" data-description=\"Tensionador Duplo para Distribui\u00e7\u00e3o\" style=\"color:#ff4d00;\">\n        <img decoding=\"async\" src=\"https:\/\/www.ritzbrasil.com\/\/wp-content\/uploads\/2024\/07\/orcar-compras-tabela-new-1.png\" alt=\"Solicitar cotizaci\u00f3n\" title=\"Solicitar cotizaci\u00f3n\" \/>\n    <\/button>\n    <\/td><td class=\"column-5\"><a href=\"https:\/\/lojasritz.com.br\/catalogsearch\/result\/?q=RC401-0411\" target=\"_blank\" rel=\"noopener\"><img decoding=\"async\" src=\"https:\/\/www.ritzbrasil.com\/wp-content\/uploads\/2024\/07\/carrinho-compras-tabela.png\"  \/><\/a><\/td>\n<\/tr>\n<tr class=\"row-3\">\n\t<td class=\"column-1\"><img decoding=\"async\" src=\"https:\/\/www.ritzbrasil.com\/wp-content\/uploads\/2024\/10\/rc401-0410-tensionador-duplo-distribuicao-150x150-1.jpg\" \/><\/td><td class=\"column-2\">RC401-0410<\/td><td class=\"column-3\"><\/td><td class=\"column-4\">    <button class=\"add-to-budget\" data-table-id=\"Tensionador-Duplo-Distribuicao\" data-reference=\"RC401-0410\" data-description=\"Tensionador Duplo para Distribui\u00e7\u00e3o\" style=\"color:#ff4d00;\">\n        <img decoding=\"async\" src=\"https:\/\/www.ritzbrasil.com\/\/wp-content\/uploads\/2024\/07\/orcar-compras-tabela-new-1.png\" alt=\"Solicitar cotizaci\u00f3n\" title=\"Solicitar cotizaci\u00f3n\" \/>\n    <\/button>\n    <\/td><td class=\"column-5\"><a href=\"https:\/\/lojasritz.com.br\/catalogsearch\/result\/?q=RC401-0410\" target=\"_blank\" rel=\"noopener\"><img decoding=\"async\" src=\"https:\/\/www.ritzbrasil.com\/wp-content\/uploads\/2024\/07\/carrinho-compras-tabela.png\"  \/><\/a><\/td>\n<\/tr>\n<\/tbody>\n<\/table>\n<\/div>\n[\/vc_column_text][vc_column_text css=\u00bb.vc_custom_1729098234669{margin-top: -20px !important;}\u00bb]<em>Capacidad nominal de trabajo: 2948 daN (6500 lb) para cadenas de distribuci\u00f3n entre 69 y 145 kV.<\/em>[\/vc_column_text][vc_separator border_width=\u00bb2&#8243; css=\u00bb\u00bb][\/vc_column][\/vc_row][vc_row][vc_column][vc_column_text css=\u00bb.vc_custom_1729087254537{margin-top: 20px !important;}\u00bb]<\/p>\n<h4><span style=\"color: #ff9900;\"><strong>Varilla tensora<\/strong><\/span><\/h4>\n<p>[\/vc_column_text][vc_column_text css=\u00bb.vc_custom_1729087283783{margin-top: -20px !important;}\u00bb]\n<div id=\"tablepress-Bastao-Tensor-Tensionador-Duplo-scroll-wrapper\" class=\"tablepress-scroll-wrapper\">\n<table id=\"tablepress-Bastao-Tensor-Tensionador-Duplo\" class=\"tablepress tablepress-id-Bastao-Tensor-Tensionador-Duplo tablepress-responsive\">\n<thead>\n<tr class=\"row-1\">\n\t<td class=\"column-1\"><\/td><th class=\"column-2\">  Refer\u00eancias<\/th><th class=\"column-3\">Caracter\u00edstica<\/th><td class=\"column-4\"><\/td><td class=\"column-5\"><\/td>\n<\/tr>\n<\/thead>\n<tbody class=\"row-striping row-hover\">\n<tr class=\"row-2\">\n\t<td class=\"column-1\"><img decoding=\"async\" src=\"https:\/\/www.ritzbrasil.com\/wp-content\/uploads\/2024\/10\/flv12240-2-bastao-tensor-150x150-2.jpg\" \/><\/td><td class=\"column-2\">FLV12240-2<\/td><td class=\"column-3\"><\/td><td class=\"column-4\">    <button class=\"add-to-budget\" data-table-id=\"Bastao-Tensor-Tensionador-Duplo\" data-reference=\"FLV12240-2\" data-description=\"Bast\u00e3o Tensor - Tensionador Duplo para Distribui\u00e7\u00e3o\" style=\"color:#ff4d00;\">\n        <img decoding=\"async\" src=\"https:\/\/www.ritzbrasil.com\/\/wp-content\/uploads\/2024\/07\/orcar-compras-tabela-new-1.png\" alt=\"Solicitar cotizaci\u00f3n\" title=\"Solicitar cotizaci\u00f3n\" \/>\n    <\/button>\n    <\/td><td class=\"column-5\"><a href=\"https:\/\/lojasritz.com.br\/catalogsearch\/result\/?q=FLV12240-2\" target=\"_blank\" rel=\"noopener\"><img decoding=\"async\" src=\"https:\/\/www.ritzbrasil.com\/wp-content\/uploads\/2024\/07\/carrinho-compras-tabela.png\"  \/><\/a><\/td>\n<\/tr>\n<tr class=\"row-3\">\n\t<td class=\"column-1\"><img decoding=\"async\" src=\"https:\/\/www.ritzbrasil.com\/wp-content\/uploads\/2024\/10\/flv12240-1-bastao-tensor-150x150-1.jpg\" \/><\/td><td class=\"column-2\">FLV12240-1<\/td><td class=\"column-3\"><\/td><td class=\"column-4\">    <button class=\"add-to-budget\" data-table-id=\"Bastao-Tensor-Tensionador-Duplo\" data-reference=\"FLV12240-1\" data-description=\"Bast\u00e3o Tensor - Tensionador Duplo para Distribui\u00e7\u00e3o\" style=\"color:#ff4d00;\">\n        <img decoding=\"async\" src=\"https:\/\/www.ritzbrasil.com\/\/wp-content\/uploads\/2024\/07\/orcar-compras-tabela-new-1.png\" alt=\"Solicitar cotizaci\u00f3n\" title=\"Solicitar cotizaci\u00f3n\" \/>\n    <\/button>\n    <\/td><td class=\"column-5\"><a href=\"https:\/\/lojasritz.com.br\/catalogsearch\/result\/?q=FLV12240-1\" target=\"_blank\" rel=\"noopener\"><img decoding=\"async\" src=\"https:\/\/www.ritzbrasil.com\/wp-content\/uploads\/2024\/07\/carrinho-compras-tabela.png\"  \/><\/a><\/td>\n<\/tr>\n<\/tbody>\n<\/table>\n<\/div>\n[\/vc_column_text][vc_separator border_width=\u00bb2&#8243; css=\u00bb\u00bb][\/vc_column][\/vc_row]<\/p>\n<\/div>","protected":false},"excerpt":{"rendered":"<h4><span style=\"color: #ff9900;\">Tensor doble para distribuci\u00f3n<\/span><\/h4>\n<p>El Tensor de Distribuci\u00f3n Doble RC401-0411 y RC401-0410 alivia la tensi\u00f3n de la cadena del aislador de anclaje para poder retirarla de la l\u00ednea energizada. Tiene un yugo en el lado bajo tensi\u00f3n equipado con mordazas que se fijan al conductor mediante una acci\u00f3n de compresi\u00f3n, apret\u00e1ndose cada vez que aumenta la carga de tracci\u00f3n.<\/p>\n<p>Estas mordazas permiten sujetar conductores de \u00d8 7,40 a 20,50 mm (2 a 397,5 CAA). El otro extremo del conjunto est\u00e1 equipado con un yugo y una cadena con gancho para el anclaje a la estructura. Los pernos de acero especial, de 305 mm de longitud y con un solo mu\u00f1\u00f3n, permiten tensar el conjunto de manera uniforme.<\/p>\n<p><strong>COMPOSICI\u00d3N DEL CONJUNTO<\/strong><br \/>\nLos tensores dobles para distribuci\u00f3n se suministran con los siguientes componentes:<br \/>\n&#8211; 02 Varillas RITZGLAS\u00ae \u00d8 32 mm, que permiten el ajuste del yugo mediante los 05 pasadores de acero de cada varilla y el ajuste cada 152 mm.<br \/>\n&#8211; 01 Yugo FLV12239-1 para anclar el conjunto a la estructura mediante la cadena (RM19239-1). 01 yugo FLV12192-1 para instalar en el lado energizado.<br \/>\n&#8211; 01 yugo FLV12239-1 para anclar el conjunto a la estructura mediante la cadena (RM1942) que viene con el conjunto.<br \/>\n&#8211; 02 tornillos tensores RE401-1998 (305 mm).<br \/>\n&#8211; 02 mu\u00f1ones simples RE401-2068. Los tornillos tensores, los mu\u00f1ones y los yugos pueden adquirirse por separado como piezas de recambio.<\/p>\n","protected":false},"featured_media":59487,"template":"","meta":[],"product_brand":[],"product_cat":[2104],"product_tag":[2437,2457,2462,2460,2461,2459,2458],"class_list":{"0":"post-61182","1":"product","2":"type-product","3":"status-publish","4":"has-post-thumbnail","6":"product_cat-herramientas-de-traccion-locomocion-y-apoyo","7":"product_tag-flv12192-1-es","8":"product_tag-flv12239-1-es","9":"product_tag-flv12240-1-es","10":"product_tag-flv12240-2-es","11":"product_tag-rc401-0410-es","12":"product_tag-rc401-0411-es","13":"product_tag-rm1942-es","14":"description-off","16":"first","17":"instock","18":"virtual","19":"product-type-simple"},"yoast_head":"<!-- This site is optimized with the Yoast SEO plugin v27.1.1 - https:\/\/yoast.com\/product\/yoast-seo-wordpress\/ -->\n<title>Tensor doble para distribuci\u00f3n<\/title>\n<meta name=\"description\" content=\"El Tensor de Doble Distribuci\u00f3n alivia la tensi\u00f3n de la cadena del aislador de anclaje, permitiendo retirarla con seguridad de una l\u00ednea energizada.\" \/>\n<meta name=\"robots\" content=\"index, follow, max-snippet:-1, max-image-preview:large, max-video-preview:-1\" \/>\n<link rel=\"canonical\" href=\"https:\/\/www.ritzbrasil.com\/es\/produtos\/herramientas-de-traccion-locomocion-y-apoyo\/tensor-doble-para-distribucion\/\" \/>\n<meta property=\"og:locale\" content=\"es_ES\" \/>\n<meta property=\"og:type\" content=\"article\" \/>\n<meta property=\"og:title\" content=\"Tensor doble para distribuci\u00f3n\" \/>\n<meta property=\"og:description\" content=\"El Tensor de Doble Distribuci\u00f3n alivia la tensi\u00f3n de la cadena del aislador de anclaje, permitiendo retirarla con seguridad de una l\u00ednea energizada.\" \/>\n<meta property=\"og:url\" content=\"https:\/\/www.ritzbrasil.com\/es\/produtos\/herramientas-de-traccion-locomocion-y-apoyo\/tensor-doble-para-distribucion\/\" \/>\n<meta property=\"og:site_name\" content=\"Equipamentos de Manuten\u00e7\u00e3o e Seguran\u00e7a para o Setor El\u00e9trico - Ritz Brasil\" \/>\n<meta property=\"article:modified_time\" content=\"2026-02-25T19:53:23+00:00\" \/>\n<meta property=\"og:image\" content=\"https:\/\/www.ritzbrasil.com\/wp-content\/uploads\/2024\/10\/rc401-0411-tensionador-duplo-distribuicao.jpg\" \/>\n\t<meta property=\"og:image:width\" content=\"1200\" \/>\n\t<meta property=\"og:image:height\" content=\"1200\" \/>\n\t<meta property=\"og:image:type\" content=\"image\/jpeg\" \/>\n<meta name=\"twitter:card\" content=\"summary_large_image\" \/>\n<meta name=\"twitter:label1\" content=\"Tiempo de lectura\" \/>\n\t<meta name=\"twitter:data1\" content=\"1 minuto\" \/>\n<script type=\"application\/ld+json\" class=\"yoast-schema-graph\">{\"@context\":\"https:\/\/schema.org\",\"@graph\":[{\"@type\":\"WebPage\",\"@id\":\"https:\/\/www.ritzbrasil.com\/es\/produtos\/herramientas-de-traccion-locomocion-y-apoyo\/tensor-doble-para-distribucion\/\",\"url\":\"https:\/\/www.ritzbrasil.com\/es\/produtos\/herramientas-de-traccion-locomocion-y-apoyo\/tensor-doble-para-distribucion\/\",\"name\":\"Tensor doble para distribuci\u00f3n\",\"isPartOf\":{\"@id\":\"https:\/\/www.ritzbrasil.com\/es\/#website\"},\"primaryImageOfPage\":{\"@id\":\"https:\/\/www.ritzbrasil.com\/es\/produtos\/herramientas-de-traccion-locomocion-y-apoyo\/tensor-doble-para-distribucion\/#primaryimage\"},\"image\":{\"@id\":\"https:\/\/www.ritzbrasil.com\/es\/produtos\/herramientas-de-traccion-locomocion-y-apoyo\/tensor-doble-para-distribucion\/#primaryimage\"},\"thumbnailUrl\":\"https:\/\/www.ritzbrasil.com\/wp-content\/uploads\/2024\/10\/rc401-0411-tensionador-duplo-distribuicao.jpg\",\"datePublished\":\"2024-10-16T11:26:43+00:00\",\"dateModified\":\"2026-02-25T19:53:23+00:00\",\"description\":\"El Tensor de Doble Distribuci\u00f3n alivia la tensi\u00f3n de la cadena del aislador de anclaje, permitiendo retirarla con seguridad de una l\u00ednea energizada.\",\"breadcrumb\":{\"@id\":\"https:\/\/www.ritzbrasil.com\/es\/produtos\/herramientas-de-traccion-locomocion-y-apoyo\/tensor-doble-para-distribucion\/#breadcrumb\"},\"inLanguage\":\"es\",\"potentialAction\":[{\"@type\":\"ReadAction\",\"target\":[\"https:\/\/www.ritzbrasil.com\/es\/produtos\/herramientas-de-traccion-locomocion-y-apoyo\/tensor-doble-para-distribucion\/\"]}]},{\"@type\":\"ImageObject\",\"inLanguage\":\"es\",\"@id\":\"https:\/\/www.ritzbrasil.com\/es\/produtos\/herramientas-de-traccion-locomocion-y-apoyo\/tensor-doble-para-distribucion\/#primaryimage\",\"url\":\"https:\/\/www.ritzbrasil.com\/wp-content\/uploads\/2024\/10\/rc401-0411-tensionador-duplo-distribuicao.jpg\",\"contentUrl\":\"https:\/\/www.ritzbrasil.com\/wp-content\/uploads\/2024\/10\/rc401-0411-tensionador-duplo-distribuicao.jpg\",\"width\":1200,\"height\":1200,\"caption\":\"RC401-0411 Tensor doble para distribuci\u00f3n\"},{\"@type\":\"BreadcrumbList\",\"@id\":\"https:\/\/www.ritzbrasil.com\/es\/produtos\/herramientas-de-traccion-locomocion-y-apoyo\/tensor-doble-para-distribucion\/#breadcrumb\",\"itemListElement\":[{\"@type\":\"ListItem\",\"position\":1,\"name\":\"In\u00edcio\",\"item\":\"https:\/\/www.ritzbrasil.com\/es\/\"},{\"@type\":\"ListItem\",\"position\":2,\"name\":\"Tienda\",\"item\":\"https:\/\/www.ritzbrasil.com\/es\/tienda\/\"},{\"@type\":\"ListItem\",\"position\":3,\"name\":\"Tensor doble para distribuci\u00f3n\"}]},{\"@type\":\"WebSite\",\"@id\":\"https:\/\/www.ritzbrasil.com\/es\/#website\",\"url\":\"https:\/\/www.ritzbrasil.com\/es\/\",\"name\":\"Equipamentos de Manuten\u00e7\u00e3o e Seguran\u00e7a para o Setor El\u00e9trico - Ritz Brasil\",\"description\":\"\",\"potentialAction\":[{\"@type\":\"SearchAction\",\"target\":{\"@type\":\"EntryPoint\",\"urlTemplate\":\"https:\/\/www.ritzbrasil.com\/es\/?s={search_term_string}\"},\"query-input\":{\"@type\":\"PropertyValueSpecification\",\"valueRequired\":true,\"valueName\":\"search_term_string\"}}],\"inLanguage\":\"es\"}]}<\/script>\n<!-- \/ Yoast SEO plugin. -->","yoast_head_json":{"title":"Tensor doble para distribuci\u00f3n","description":"El Tensor de Doble Distribuci\u00f3n alivia la tensi\u00f3n de la cadena del aislador de anclaje, permitiendo retirarla con seguridad de una l\u00ednea energizada.","robots":{"index":"index","follow":"follow","max-snippet":"max-snippet:-1","max-image-preview":"max-image-preview:large","max-video-preview":"max-video-preview:-1"},"canonical":"https:\/\/www.ritzbrasil.com\/es\/produtos\/herramientas-de-traccion-locomocion-y-apoyo\/tensor-doble-para-distribucion\/","og_locale":"es_ES","og_type":"article","og_title":"Tensor doble para distribuci\u00f3n","og_description":"El Tensor de Doble Distribuci\u00f3n alivia la tensi\u00f3n de la cadena del aislador de anclaje, permitiendo retirarla con seguridad de una l\u00ednea energizada.","og_url":"https:\/\/www.ritzbrasil.com\/es\/produtos\/herramientas-de-traccion-locomocion-y-apoyo\/tensor-doble-para-distribucion\/","og_site_name":"Equipamentos de Manuten\u00e7\u00e3o e Seguran\u00e7a para o Setor El\u00e9trico - Ritz Brasil","article_modified_time":"2026-02-25T19:53:23+00:00","og_image":[{"width":1200,"height":1200,"url":"https:\/\/www.ritzbrasil.com\/wp-content\/uploads\/2024\/10\/rc401-0411-tensionador-duplo-distribuicao.jpg","type":"image\/jpeg"}],"twitter_card":"summary_large_image","twitter_misc":{"Tiempo de lectura":"1 minuto"},"schema":{"@context":"https:\/\/schema.org","@graph":[{"@type":"WebPage","@id":"https:\/\/www.ritzbrasil.com\/es\/produtos\/herramientas-de-traccion-locomocion-y-apoyo\/tensor-doble-para-distribucion\/","url":"https:\/\/www.ritzbrasil.com\/es\/produtos\/herramientas-de-traccion-locomocion-y-apoyo\/tensor-doble-para-distribucion\/","name":"Tensor doble para distribuci\u00f3n","isPartOf":{"@id":"https:\/\/www.ritzbrasil.com\/es\/#website"},"primaryImageOfPage":{"@id":"https:\/\/www.ritzbrasil.com\/es\/produtos\/herramientas-de-traccion-locomocion-y-apoyo\/tensor-doble-para-distribucion\/#primaryimage"},"image":{"@id":"https:\/\/www.ritzbrasil.com\/es\/produtos\/herramientas-de-traccion-locomocion-y-apoyo\/tensor-doble-para-distribucion\/#primaryimage"},"thumbnailUrl":"https:\/\/www.ritzbrasil.com\/wp-content\/uploads\/2024\/10\/rc401-0411-tensionador-duplo-distribuicao.jpg","datePublished":"2024-10-16T11:26:43+00:00","dateModified":"2026-02-25T19:53:23+00:00","description":"El Tensor de Doble Distribuci\u00f3n alivia la tensi\u00f3n de la cadena del aislador de anclaje, permitiendo retirarla con seguridad de una l\u00ednea energizada.","breadcrumb":{"@id":"https:\/\/www.ritzbrasil.com\/es\/produtos\/herramientas-de-traccion-locomocion-y-apoyo\/tensor-doble-para-distribucion\/#breadcrumb"},"inLanguage":"es","potentialAction":[{"@type":"ReadAction","target":["https:\/\/www.ritzbrasil.com\/es\/produtos\/herramientas-de-traccion-locomocion-y-apoyo\/tensor-doble-para-distribucion\/"]}]},{"@type":"ImageObject","inLanguage":"es","@id":"https:\/\/www.ritzbrasil.com\/es\/produtos\/herramientas-de-traccion-locomocion-y-apoyo\/tensor-doble-para-distribucion\/#primaryimage","url":"https:\/\/www.ritzbrasil.com\/wp-content\/uploads\/2024\/10\/rc401-0411-tensionador-duplo-distribuicao.jpg","contentUrl":"https:\/\/www.ritzbrasil.com\/wp-content\/uploads\/2024\/10\/rc401-0411-tensionador-duplo-distribuicao.jpg","width":1200,"height":1200,"caption":"RC401-0411 Tensor doble para distribuci\u00f3n"},{"@type":"BreadcrumbList","@id":"https:\/\/www.ritzbrasil.com\/es\/produtos\/herramientas-de-traccion-locomocion-y-apoyo\/tensor-doble-para-distribucion\/#breadcrumb","itemListElement":[{"@type":"ListItem","position":1,"name":"In\u00edcio","item":"https:\/\/www.ritzbrasil.com\/es\/"},{"@type":"ListItem","position":2,"name":"Tienda","item":"https:\/\/www.ritzbrasil.com\/es\/tienda\/"},{"@type":"ListItem","position":3,"name":"Tensor doble para distribuci\u00f3n"}]},{"@type":"WebSite","@id":"https:\/\/www.ritzbrasil.com\/es\/#website","url":"https:\/\/www.ritzbrasil.com\/es\/","name":"Equipamentos de Manuten\u00e7\u00e3o e Seguran\u00e7a para o Setor El\u00e9trico - Ritz Brasil","description":"","potentialAction":[{"@type":"SearchAction","target":{"@type":"EntryPoint","urlTemplate":"https:\/\/www.ritzbrasil.com\/es\/?s={search_term_string}"},"query-input":{"@type":"PropertyValueSpecification","valueRequired":true,"valueName":"search_term_string"}}],"inLanguage":"es"}]}},"_links":{"self":[{"href":"https:\/\/www.ritzbrasil.com\/es\/wp-json\/wp\/v2\/product\/61182","targetHints":{"allow":["GET"]}}],"collection":[{"href":"https:\/\/www.ritzbrasil.com\/es\/wp-json\/wp\/v2\/product"}],"about":[{"href":"https:\/\/www.ritzbrasil.com\/es\/wp-json\/wp\/v2\/types\/product"}],"wp:featuredmedia":[{"embeddable":true,"href":"https:\/\/www.ritzbrasil.com\/es\/wp-json\/wp\/v2\/media\/59487"}],"wp:attachment":[{"href":"https:\/\/www.ritzbrasil.com\/es\/wp-json\/wp\/v2\/media?parent=61182"}],"wp:term":[{"taxonomy":"product_brand","embeddable":true,"href":"https:\/\/www.ritzbrasil.com\/es\/wp-json\/wp\/v2\/product_brand?post=61182"},{"taxonomy":"product_cat","embeddable":true,"href":"https:\/\/www.ritzbrasil.com\/es\/wp-json\/wp\/v2\/product_cat?post=61182"},{"taxonomy":"product_tag","embeddable":true,"href":"https:\/\/www.ritzbrasil.com\/es\/wp-json\/wp\/v2\/product_tag?post=61182"}],"curies":[{"name":"wp","href":"https:\/\/api.w.org\/{rel}","templated":true}]}}