{"id":61178,"date":"2024-10-10T17:34:26","date_gmt":"2024-10-10T20:34:26","guid":{"rendered":"https:\/\/www.ritzbrasil.com\/produtos\/sin%20categor\u00eda\/barra-tensora-seccionable-con-manguito-de-empalme\/"},"modified":"2026-02-25T16:53:35","modified_gmt":"2026-02-25T19:53:35","slug":"barra-tensora-seccionable-con-manguito-de-empalme","status":"publish","type":"product","link":"https:\/\/www.ritzbrasil.com\/es\/produtos\/herramientas-de-traccion-locomocion-y-apoyo\/barra-tensora-seccionable-con-manguito-de-empalme\/","title":{"rendered":"Barra tensora seccionable (con manguito de empalme)"},"content":{"rendered":"<div class=\"wpb-content-wrapper\"><p>[vc_row][vc_column][vc_column_text css=\u00bb.vc_custom_1728592299200{margin-top: 20px !important;}\u00bb]<\/p>\n<h4><span style=\"color: #ff9900;\"><strong>Barra tensora seccionable (con manguito de empalme)<\/strong><\/span><\/h4>\n<p>[\/vc_column_text][vc_column_text css=\u00bb.vc_custom_1728592879740{margin-top: -20px !important;}\u00bb]\n<div id=\"tablepress-RC401-0758-Bastao-Tensor-Secionavel-Luva-Emenda-scroll-wrapper\" class=\"tablepress-scroll-wrapper\">\n<table id=\"tablepress-RC401-0758-Bastao-Tensor-Secionavel-Luva-Emenda\" class=\"tablepress tablepress-id-RC401-0758-Bastao-Tensor-Secionavel-Luva-Emenda tablepress-responsive\">\n<thead>\n<tr class=\"row-1\">\n\t<td class=\"column-1\"><\/td><th class=\"column-2\">  Refer\u00eancias<\/th><th class=\"column-3\">Caracter\u00edstica<\/th><td class=\"column-4\"><\/td><td class=\"column-5\"><\/td>\n<\/tr>\n<\/thead>\n<tbody class=\"row-striping row-hover\">\n<tr class=\"row-2\">\n\t<td class=\"column-1\"><img decoding=\"async\" src=\"https:\/\/www.ritzbrasil.com\/wp-content\/uploads\/2024\/10\/rc401-0758-bastao-tensor-secionavel-com-luva-emenda-150x150-1.jpg\" \/><\/td><td class=\"column-2\">RC401-0758<\/td><td class=\"column-3\">Comprimento: m\u00ednimo 3,15 m | m\u00e1ximo 3,75 m<br \/>\nCapacidade nominal de trabalho: 4536 daN (10000 lb)<br \/>\nPeso aprox.: 13,90 kg (30,64 lb)<\/td><td class=\"column-4\">    <button class=\"add-to-budget\" data-table-id=\"RC401-0758-Bastao-Tensor-Secionavel-Luva-Emenda\" data-reference=\"RC401-0758\" data-description=\"Bast\u00e3o Tensor Secion\u00e1vel (Com Luva de Emenda)\" style=\"color:#ff4d00;\">\n        <img decoding=\"async\" src=\"https:\/\/www.ritzbrasil.com\/\/wp-content\/uploads\/2024\/07\/orcar-compras-tabela-new-1.png\" alt=\"Solicitar cotizaci\u00f3n\" title=\"Solicitar cotizaci\u00f3n\" \/>\n    <\/button>\n    <\/td><td class=\"column-5\"><a href=\"https:\/\/lojasritz.com.br\/catalogsearch\/result\/?q=RC401-0758\" target=\"_blank\" rel=\"noopener\"><img decoding=\"async\" src=\"https:\/\/www.ritzbrasil.com\/wp-content\/uploads\/2024\/07\/carrinho-compras-tabela.png\"  \/><\/a><\/td>\n<\/tr>\n<\/tbody>\n<\/table>\n<\/div>\n[\/vc_column_text][vc_separator border_width=\u00bb2&#8243; css=\u00bb\u00bb][\/vc_column][\/vc_row]<\/p>\n<\/div>","protected":false},"excerpt":{"rendered":"<h4><span style=\"color: #ff9900;\">Barra tensora seccionable (con manguito de empalme)<\/span><\/h4>\n<p>Dise\u00f1adas para soportar la tracci\u00f3n mec\u00e1nica de los cables conductores durante el mantenimiento de las cadenas aislantes de suspensi\u00f3n o anclaje, cuando sus longitudes difieren de las normas convencionales.<\/p>\n<p>Esta varilla se compone de tres partes: la varilla viva (energizada), la varilla muerta (desenergizada) y el manguito de empalme de fibra de vidrio, que es el tubo central encargado de unir las varillas viva y muerta.<\/p>\n<p>Fabricados con tubo RITZGLAS\u00ae de \u00d8 51 mm, cada uno tiene una cabeza de aleaci\u00f3n de bronce tipo horquilla para su conexi\u00f3n a los yugos. El manguito de empalme se fabrica mediante un proceso especial con fibra de vidrio reforzada, \u00d8 76 mm exterior y tiene 8 orificios equidistantes cada 100 mm, lo que permite montar las barras vivas y muertas, dentro de las longitudes preestablecidas.<\/p>\n<p>Las p\u00e9rtigas tambi\u00e9n pueden combinarse con tornillos tensores en longitudes de 305, 610 y 915 mm para obtener un aumento adicional de la longitud total.<\/p>\n<p>Las p\u00e9rtigas vivas o muertas, los manguitos de empalme, los tornillos tensores o las chavetas pueden adquirirse por separado como piezas de recambio.<\/p>\n<p>Longitud: m\u00ednimo 3,15 m | m\u00e1ximo 3,75 m<br \/>\nCapacidad nominal de trabajo: 4536 daN (10000 lb)<br \/>\nPeso aproximado: 13,90 kg (30,64 lb)<\/p>\n<p><strong>NOTA<\/strong><br \/>\n<em>Aunque el manguito de empalme se fabrica con una longitud est\u00e1ndar de 1,12 metros, los polos vivos y muertos pueden adquirirse en longitudes especiales para adaptarse a los tipos y tensiones de las redes de cada empresa. Para estos suministros, que depender\u00e1n de la disposici\u00f3n de las cadenas, los planos deben enviarse a nuestro departamento de ingenier\u00eda para que se analice la viabilidad t\u00e9cnica. <\/em><\/p>\n<p><strong>COMPOSICI\u00d3N DEL JUEGO<\/strong><br \/>\n&#8211; 01 Varilla RITZGLAS\u00ae, lado vivo, con cabeza de aleaci\u00f3n de bronce tipo horquilla y pasador y chaveta de acero;<br \/>\n&#8211; 01 Varilla RITZGLAS\u00ae, lado muerto, con cabeza de aleaci\u00f3n de bronce tipo horquilla y pasador y chaveta de acero;<br \/>\n&#8211; 01 Manguito de empalme de fibra de vidrio, de 1,12 m de longitud y dos juegos de pasadores y chavetas de acero.<\/p>\n","protected":false},"featured_media":59415,"template":"","meta":[],"product_brand":[],"product_cat":[2104],"product_tag":[],"class_list":{"0":"post-61178","1":"product","2":"type-product","3":"status-publish","4":"has-post-thumbnail","6":"product_cat-herramientas-de-traccion-locomocion-y-apoyo","7":"description-off","9":"first","10":"instock","11":"virtual","12":"product-type-simple"},"yoast_head":"<!-- This site is optimized with the Yoast SEO plugin v27.1.1 - https:\/\/yoast.com\/product\/yoast-seo-wordpress\/ -->\n<title>Barra tensora seccionable (con manguito de empalme)<\/title>\n<meta name=\"description\" content=\"Varilla tensora seccionable con manguito de empalme, dise\u00f1ada para soportar la tracci\u00f3n del cable en el mantenimiento de aisladores de suspensi\u00f3n o anclaje.\" \/>\n<meta name=\"robots\" content=\"index, follow, max-snippet:-1, max-image-preview:large, max-video-preview:-1\" \/>\n<link rel=\"canonical\" href=\"https:\/\/www.ritzbrasil.com\/es\/produtos\/herramientas-de-traccion-locomocion-y-apoyo\/barra-tensora-seccionable-con-manguito-de-empalme\/\" \/>\n<meta property=\"og:locale\" content=\"es_ES\" \/>\n<meta property=\"og:type\" content=\"article\" \/>\n<meta property=\"og:title\" content=\"Barra tensora seccionable (con manguito de empalme)\" \/>\n<meta property=\"og:description\" content=\"Varilla tensora seccionable con manguito de empalme, dise\u00f1ada para soportar la tracci\u00f3n del cable en el mantenimiento de aisladores de suspensi\u00f3n o anclaje.\" \/>\n<meta property=\"og:url\" content=\"https:\/\/www.ritzbrasil.com\/es\/produtos\/herramientas-de-traccion-locomocion-y-apoyo\/barra-tensora-seccionable-con-manguito-de-empalme\/\" \/>\n<meta property=\"og:site_name\" content=\"Equipamentos de Manuten\u00e7\u00e3o e Seguran\u00e7a para o Setor El\u00e9trico - Ritz Brasil\" \/>\n<meta property=\"article:modified_time\" content=\"2026-02-25T19:53:35+00:00\" \/>\n<meta property=\"og:image\" content=\"https:\/\/www.ritzbrasil.com\/wp-content\/uploads\/2024\/10\/rc401-0758-bastao-tensor-secionavel-com-luva-emenda.jpg\" \/>\n\t<meta property=\"og:image:width\" content=\"1200\" \/>\n\t<meta property=\"og:image:height\" content=\"1200\" \/>\n\t<meta property=\"og:image:type\" content=\"image\/jpeg\" \/>\n<meta name=\"twitter:card\" content=\"summary_large_image\" \/>\n<meta name=\"twitter:label1\" content=\"Tiempo de lectura\" \/>\n\t<meta name=\"twitter:data1\" content=\"1 minuto\" \/>\n<script type=\"application\/ld+json\" class=\"yoast-schema-graph\">{\"@context\":\"https:\/\/schema.org\",\"@graph\":[{\"@type\":\"WebPage\",\"@id\":\"https:\/\/www.ritzbrasil.com\/es\/produtos\/herramientas-de-traccion-locomocion-y-apoyo\/barra-tensora-seccionable-con-manguito-de-empalme\/\",\"url\":\"https:\/\/www.ritzbrasil.com\/es\/produtos\/herramientas-de-traccion-locomocion-y-apoyo\/barra-tensora-seccionable-con-manguito-de-empalme\/\",\"name\":\"Barra tensora seccionable (con manguito de empalme)\",\"isPartOf\":{\"@id\":\"https:\/\/www.ritzbrasil.com\/es\/#website\"},\"primaryImageOfPage\":{\"@id\":\"https:\/\/www.ritzbrasil.com\/es\/produtos\/herramientas-de-traccion-locomocion-y-apoyo\/barra-tensora-seccionable-con-manguito-de-empalme\/#primaryimage\"},\"image\":{\"@id\":\"https:\/\/www.ritzbrasil.com\/es\/produtos\/herramientas-de-traccion-locomocion-y-apoyo\/barra-tensora-seccionable-con-manguito-de-empalme\/#primaryimage\"},\"thumbnailUrl\":\"https:\/\/www.ritzbrasil.com\/wp-content\/uploads\/2024\/10\/rc401-0758-bastao-tensor-secionavel-com-luva-emenda.jpg\",\"datePublished\":\"2024-10-10T20:34:26+00:00\",\"dateModified\":\"2026-02-25T19:53:35+00:00\",\"description\":\"Varilla tensora seccionable con manguito de empalme, dise\u00f1ada para soportar la tracci\u00f3n del cable en el mantenimiento de aisladores de suspensi\u00f3n o anclaje.\",\"breadcrumb\":{\"@id\":\"https:\/\/www.ritzbrasil.com\/es\/produtos\/herramientas-de-traccion-locomocion-y-apoyo\/barra-tensora-seccionable-con-manguito-de-empalme\/#breadcrumb\"},\"inLanguage\":\"es\",\"potentialAction\":[{\"@type\":\"ReadAction\",\"target\":[\"https:\/\/www.ritzbrasil.com\/es\/produtos\/herramientas-de-traccion-locomocion-y-apoyo\/barra-tensora-seccionable-con-manguito-de-empalme\/\"]}]},{\"@type\":\"ImageObject\",\"inLanguage\":\"es\",\"@id\":\"https:\/\/www.ritzbrasil.com\/es\/produtos\/herramientas-de-traccion-locomocion-y-apoyo\/barra-tensora-seccionable-con-manguito-de-empalme\/#primaryimage\",\"url\":\"https:\/\/www.ritzbrasil.com\/wp-content\/uploads\/2024\/10\/rc401-0758-bastao-tensor-secionavel-com-luva-emenda.jpg\",\"contentUrl\":\"https:\/\/www.ritzbrasil.com\/wp-content\/uploads\/2024\/10\/rc401-0758-bastao-tensor-secionavel-com-luva-emenda.jpg\",\"width\":1200,\"height\":1200,\"caption\":\"RC401-0758 Barra tensora seccionable (con manguito de empalme)\"},{\"@type\":\"BreadcrumbList\",\"@id\":\"https:\/\/www.ritzbrasil.com\/es\/produtos\/herramientas-de-traccion-locomocion-y-apoyo\/barra-tensora-seccionable-con-manguito-de-empalme\/#breadcrumb\",\"itemListElement\":[{\"@type\":\"ListItem\",\"position\":1,\"name\":\"In\u00edcio\",\"item\":\"https:\/\/www.ritzbrasil.com\/es\/\"},{\"@type\":\"ListItem\",\"position\":2,\"name\":\"Tienda\",\"item\":\"https:\/\/www.ritzbrasil.com\/es\/tienda\/\"},{\"@type\":\"ListItem\",\"position\":3,\"name\":\"Barra tensora seccionable (con manguito de empalme)\"}]},{\"@type\":\"WebSite\",\"@id\":\"https:\/\/www.ritzbrasil.com\/es\/#website\",\"url\":\"https:\/\/www.ritzbrasil.com\/es\/\",\"name\":\"Equipamentos de Manuten\u00e7\u00e3o e Seguran\u00e7a para o Setor El\u00e9trico - Ritz Brasil\",\"description\":\"\",\"potentialAction\":[{\"@type\":\"SearchAction\",\"target\":{\"@type\":\"EntryPoint\",\"urlTemplate\":\"https:\/\/www.ritzbrasil.com\/es\/?s={search_term_string}\"},\"query-input\":{\"@type\":\"PropertyValueSpecification\",\"valueRequired\":true,\"valueName\":\"search_term_string\"}}],\"inLanguage\":\"es\"}]}<\/script>\n<!-- \/ Yoast SEO plugin. -->","yoast_head_json":{"title":"Barra tensora seccionable (con manguito de empalme)","description":"Varilla tensora seccionable con manguito de empalme, dise\u00f1ada para soportar la tracci\u00f3n del cable en el mantenimiento de aisladores de suspensi\u00f3n o anclaje.","robots":{"index":"index","follow":"follow","max-snippet":"max-snippet:-1","max-image-preview":"max-image-preview:large","max-video-preview":"max-video-preview:-1"},"canonical":"https:\/\/www.ritzbrasil.com\/es\/produtos\/herramientas-de-traccion-locomocion-y-apoyo\/barra-tensora-seccionable-con-manguito-de-empalme\/","og_locale":"es_ES","og_type":"article","og_title":"Barra tensora seccionable (con manguito de empalme)","og_description":"Varilla tensora seccionable con manguito de empalme, dise\u00f1ada para soportar la tracci\u00f3n del cable en el mantenimiento de aisladores de suspensi\u00f3n o anclaje.","og_url":"https:\/\/www.ritzbrasil.com\/es\/produtos\/herramientas-de-traccion-locomocion-y-apoyo\/barra-tensora-seccionable-con-manguito-de-empalme\/","og_site_name":"Equipamentos de Manuten\u00e7\u00e3o e Seguran\u00e7a para o Setor El\u00e9trico - Ritz Brasil","article_modified_time":"2026-02-25T19:53:35+00:00","og_image":[{"width":1200,"height":1200,"url":"https:\/\/www.ritzbrasil.com\/wp-content\/uploads\/2024\/10\/rc401-0758-bastao-tensor-secionavel-com-luva-emenda.jpg","type":"image\/jpeg"}],"twitter_card":"summary_large_image","twitter_misc":{"Tiempo de lectura":"1 minuto"},"schema":{"@context":"https:\/\/schema.org","@graph":[{"@type":"WebPage","@id":"https:\/\/www.ritzbrasil.com\/es\/produtos\/herramientas-de-traccion-locomocion-y-apoyo\/barra-tensora-seccionable-con-manguito-de-empalme\/","url":"https:\/\/www.ritzbrasil.com\/es\/produtos\/herramientas-de-traccion-locomocion-y-apoyo\/barra-tensora-seccionable-con-manguito-de-empalme\/","name":"Barra tensora seccionable (con manguito de empalme)","isPartOf":{"@id":"https:\/\/www.ritzbrasil.com\/es\/#website"},"primaryImageOfPage":{"@id":"https:\/\/www.ritzbrasil.com\/es\/produtos\/herramientas-de-traccion-locomocion-y-apoyo\/barra-tensora-seccionable-con-manguito-de-empalme\/#primaryimage"},"image":{"@id":"https:\/\/www.ritzbrasil.com\/es\/produtos\/herramientas-de-traccion-locomocion-y-apoyo\/barra-tensora-seccionable-con-manguito-de-empalme\/#primaryimage"},"thumbnailUrl":"https:\/\/www.ritzbrasil.com\/wp-content\/uploads\/2024\/10\/rc401-0758-bastao-tensor-secionavel-com-luva-emenda.jpg","datePublished":"2024-10-10T20:34:26+00:00","dateModified":"2026-02-25T19:53:35+00:00","description":"Varilla tensora seccionable con manguito de empalme, dise\u00f1ada para soportar la tracci\u00f3n del cable en el mantenimiento de aisladores de suspensi\u00f3n o anclaje.","breadcrumb":{"@id":"https:\/\/www.ritzbrasil.com\/es\/produtos\/herramientas-de-traccion-locomocion-y-apoyo\/barra-tensora-seccionable-con-manguito-de-empalme\/#breadcrumb"},"inLanguage":"es","potentialAction":[{"@type":"ReadAction","target":["https:\/\/www.ritzbrasil.com\/es\/produtos\/herramientas-de-traccion-locomocion-y-apoyo\/barra-tensora-seccionable-con-manguito-de-empalme\/"]}]},{"@type":"ImageObject","inLanguage":"es","@id":"https:\/\/www.ritzbrasil.com\/es\/produtos\/herramientas-de-traccion-locomocion-y-apoyo\/barra-tensora-seccionable-con-manguito-de-empalme\/#primaryimage","url":"https:\/\/www.ritzbrasil.com\/wp-content\/uploads\/2024\/10\/rc401-0758-bastao-tensor-secionavel-com-luva-emenda.jpg","contentUrl":"https:\/\/www.ritzbrasil.com\/wp-content\/uploads\/2024\/10\/rc401-0758-bastao-tensor-secionavel-com-luva-emenda.jpg","width":1200,"height":1200,"caption":"RC401-0758 Barra tensora seccionable (con manguito de empalme)"},{"@type":"BreadcrumbList","@id":"https:\/\/www.ritzbrasil.com\/es\/produtos\/herramientas-de-traccion-locomocion-y-apoyo\/barra-tensora-seccionable-con-manguito-de-empalme\/#breadcrumb","itemListElement":[{"@type":"ListItem","position":1,"name":"In\u00edcio","item":"https:\/\/www.ritzbrasil.com\/es\/"},{"@type":"ListItem","position":2,"name":"Tienda","item":"https:\/\/www.ritzbrasil.com\/es\/tienda\/"},{"@type":"ListItem","position":3,"name":"Barra tensora seccionable (con manguito de empalme)"}]},{"@type":"WebSite","@id":"https:\/\/www.ritzbrasil.com\/es\/#website","url":"https:\/\/www.ritzbrasil.com\/es\/","name":"Equipamentos de Manuten\u00e7\u00e3o e Seguran\u00e7a para o Setor El\u00e9trico - Ritz Brasil","description":"","potentialAction":[{"@type":"SearchAction","target":{"@type":"EntryPoint","urlTemplate":"https:\/\/www.ritzbrasil.com\/es\/?s={search_term_string}"},"query-input":{"@type":"PropertyValueSpecification","valueRequired":true,"valueName":"search_term_string"}}],"inLanguage":"es"}]}},"_links":{"self":[{"href":"https:\/\/www.ritzbrasil.com\/es\/wp-json\/wp\/v2\/product\/61178","targetHints":{"allow":["GET"]}}],"collection":[{"href":"https:\/\/www.ritzbrasil.com\/es\/wp-json\/wp\/v2\/product"}],"about":[{"href":"https:\/\/www.ritzbrasil.com\/es\/wp-json\/wp\/v2\/types\/product"}],"wp:featuredmedia":[{"embeddable":true,"href":"https:\/\/www.ritzbrasil.com\/es\/wp-json\/wp\/v2\/media\/59415"}],"wp:attachment":[{"href":"https:\/\/www.ritzbrasil.com\/es\/wp-json\/wp\/v2\/media?parent=61178"}],"wp:term":[{"taxonomy":"product_brand","embeddable":true,"href":"https:\/\/www.ritzbrasil.com\/es\/wp-json\/wp\/v2\/product_brand?post=61178"},{"taxonomy":"product_cat","embeddable":true,"href":"https:\/\/www.ritzbrasil.com\/es\/wp-json\/wp\/v2\/product_cat?post=61178"},{"taxonomy":"product_tag","embeddable":true,"href":"https:\/\/www.ritzbrasil.com\/es\/wp-json\/wp\/v2\/product_tag?post=61178"}],"curies":[{"name":"wp","href":"https:\/\/api.w.org\/{rel}","templated":true}]}}