{"id":61174,"date":"2024-10-09T13:56:23","date_gmt":"2024-10-09T16:56:23","guid":{"rendered":"https:\/\/www.ritzbrasil.com\/produtos\/sin%20categor\u00eda\/varilla-tensora-de-horquilla-horquilla-garp\/"},"modified":"2026-02-25T16:53:44","modified_gmt":"2026-02-25T19:53:44","slug":"varilla-tensora-de-horquilla-horquilla-garp","status":"publish","type":"product","link":"https:\/\/www.ritzbrasil.com\/es\/produtos\/herramientas-de-traccion-locomocion-y-apoyo\/varilla-tensora-de-horquilla-horquilla-garp\/","title":{"rendered":"Varilla tensora de horquilla \/ Horquilla-Garp"},"content":{"rendered":"<div class=\"wpb-content-wrapper\"><p>[vc_row][vc_column][vc_column_text css=\u00bb.vc_custom_1728493237016{margin-top: 20px !important;}\u00bb]<\/p>\n<h4><span style=\"color: #ff9900;\"><strong>Varilla tensora de horquilla<\/strong><\/span><\/h4>\n<p>[\/vc_column_text][vc_column_text css=\u00bb.vc_custom_1728493274989{margin-top: -20px !important;}\u00bb]\n<div id=\"tablepress-Bastao-Tensor-Garfo-Olhal-scroll-wrapper\" class=\"tablepress-scroll-wrapper\">\n<table id=\"tablepress-Bastao-Tensor-Garfo-Olhal\" class=\"tablepress tablepress-id-Bastao-Tensor-Garfo-Olhal tablepress-responsive\">\n<thead>\n<tr class=\"row-1\">\n\t<td class=\"column-1\"><\/td><th class=\"column-2\">  Refer\u00eancias<\/th><th class=\"column-3\">Caracter\u00edstica<\/th><td class=\"column-4\"><\/td><td class=\"column-5\"><\/td>\n<\/tr>\n<\/thead>\n<tbody class=\"row-striping row-hover\">\n<tr class=\"row-2\">\n\t<td class=\"column-1\"><img decoding=\"async\" src=\"https:\/\/www.ritzbrasil.com\/wp-content\/uploads\/2024\/10\/rc400-0612-bastao-tensor-garfo-olhal-150x150-1.jpg\" \/><\/td><td class=\"column-2\">RC400-0612<\/td><td class=\"column-3\">Com cabe\u00e7ote garfo em liga de bronze (tipo forquilha),<br \/>\nabertura interna 27 mm e pino olhal para travamento<\/td><td class=\"column-4\">    <button class=\"add-to-budget\" data-table-id=\"Bastao-Tensor-Garfo-Olhal\" data-reference=\"RC400-0612\" data-description=\"Bast\u00e3o Tensor Garfo-Olhal\" style=\"color:#ff4d00;\">\n        <img decoding=\"async\" src=\"https:\/\/www.ritzbrasil.com\/\/wp-content\/uploads\/2024\/07\/orcar-compras-tabela-new-1.png\" alt=\"Solicitar cotizaci\u00f3n\" title=\"Solicitar cotizaci\u00f3n\" \/>\n    <\/button>\n    <\/td><td class=\"column-5\"><a href=\"https:\/\/lojasritz.com.br\/catalogsearch\/result\/?q=RC400-0612\" target=\"_blank\" rel=\"noopener\"><img decoding=\"async\" src=\"https:\/\/www.ritzbrasil.com\/wp-content\/uploads\/2024\/07\/carrinho-compras-tabela.png\"  \/><\/a><\/td>\n<\/tr>\n<tr class=\"row-3\">\n\t<td class=\"column-1\"><img decoding=\"async\" src=\"https:\/\/www.ritzbrasil.com\/wp-content\/uploads\/2024\/10\/rc400-0613-bastao-tensor-garfo-olhal-150x150-1.jpg\" \/><\/td><td class=\"column-2\">RC400-0613<\/td><td class=\"column-3\">Com cabe\u00e7ote garfo em liga de bronze (tipo forquilha),<br \/>\nabertura interna 27 mm e pino olhal para travamento<\/td><td class=\"column-4\">    <button class=\"add-to-budget\" data-table-id=\"Bastao-Tensor-Garfo-Olhal\" data-reference=\"RC400-0613\" data-description=\"Bast\u00e3o Tensor Garfo-Olhal\" style=\"color:#ff4d00;\">\n        <img decoding=\"async\" src=\"https:\/\/www.ritzbrasil.com\/\/wp-content\/uploads\/2024\/07\/orcar-compras-tabela-new-1.png\" alt=\"Solicitar cotizaci\u00f3n\" title=\"Solicitar cotizaci\u00f3n\" \/>\n    <\/button>\n    <\/td><td class=\"column-5\"><a href=\"https:\/\/lojasritz.com.br\/catalogsearch\/result\/?q=RC400-0613\" target=\"_blank\" rel=\"noopener\"><img decoding=\"async\" src=\"https:\/\/www.ritzbrasil.com\/wp-content\/uploads\/2024\/07\/carrinho-compras-tabela.png\"  \/><\/a><\/td>\n<\/tr>\n<\/tbody>\n<\/table>\n<\/div>\n[\/vc_column_text][vc_separator border_width=\u00bb2&#8243; css=\u00bb\u00bb][\/vc_column][\/vc_row][vc_row][vc_column][vc_column_text css=\u00bb.vc_custom_1728493298286{margin-top: 20px !important;}\u00bb]<\/p>\n<h4><span style=\"color: #ff9900;\"><strong>Varilla tensora de horquilla<\/strong><\/span><\/h4>\n<p>[\/vc_column_text][vc_column_text css=\u00bb.vc_custom_1728493324909{margin-top: -20px !important;}\u00bb]\n<div id=\"tablepress-Bastao-Tensor-Garfo-Garfo-scroll-wrapper\" class=\"tablepress-scroll-wrapper\">\n<table id=\"tablepress-Bastao-Tensor-Garfo-Garfo\" class=\"tablepress tablepress-id-Bastao-Tensor-Garfo-Garfo tablepress-responsive\">\n<thead>\n<tr class=\"row-1\">\n\t<td class=\"column-1\"><\/td><th class=\"column-2\">  Refer\u00eancias<\/th><th class=\"column-3\">Caracter\u00edstica<\/th><td class=\"column-4\"><\/td><td class=\"column-5\"><\/td>\n<\/tr>\n<\/thead>\n<tbody class=\"row-striping row-hover\">\n<tr class=\"row-2\">\n\t<td class=\"column-1\"><img decoding=\"async\" src=\"https:\/\/www.ritzbrasil.com\/wp-content\/uploads\/2024\/10\/flv29023-1-bastao-tensor-garfo-garfo-150x150-1.jpg\" \/><\/td><td class=\"column-2\">FLV29023-1<\/td><td class=\"column-3\">Com cabe\u00e7ote garfo em liga de bronze (tipo forquilha),<br \/>\nabertura interna 27 mm e pino olhal para travamento<\/td><td class=\"column-4\">    <button class=\"add-to-budget\" data-table-id=\"Bastao-Tensor-Garfo-Garfo\" data-reference=\"FLV29023-1\" data-description=\"Bast\u00e3o Tensor Garfo-Garfo\" style=\"color:#ff4d00;\">\n        <img decoding=\"async\" src=\"https:\/\/www.ritzbrasil.com\/\/wp-content\/uploads\/2024\/07\/orcar-compras-tabela-new-1.png\" alt=\"Solicitar cotizaci\u00f3n\" title=\"Solicitar cotizaci\u00f3n\" \/>\n    <\/button>\n    <\/td><td class=\"column-5\"><a href=\"https:\/\/lojasritz.com.br\/catalogsearch\/result\/?q=FLV29023-1\" target=\"_blank\" rel=\"noopener\"><img decoding=\"async\" src=\"https:\/\/www.ritzbrasil.com\/wp-content\/uploads\/2024\/07\/carrinho-compras-tabela.png\"  \/><\/a><\/td>\n<\/tr>\n<tr class=\"row-3\">\n\t<td class=\"column-1\"><img decoding=\"async\" src=\"https:\/\/www.ritzbrasil.com\/wp-content\/uploads\/2024\/10\/flv29023-2-bastao-tensor-garfo-garfo-150x150-1.jpg\" \/><\/td><td class=\"column-2\">FLV29023-2<\/td><td class=\"column-3\">Com cabe\u00e7ote garfo em liga de bronze (tipo forquilha),<br \/>\nabertura interna 27 mm e pino olhal para travamento<\/td><td class=\"column-4\">    <button class=\"add-to-budget\" data-table-id=\"Bastao-Tensor-Garfo-Garfo\" data-reference=\"FLV29023-2\" data-description=\"Bast\u00e3o Tensor Garfo-Garfo\" style=\"color:#ff4d00;\">\n        <img decoding=\"async\" src=\"https:\/\/www.ritzbrasil.com\/\/wp-content\/uploads\/2024\/07\/orcar-compras-tabela-new-1.png\" alt=\"Solicitar cotizaci\u00f3n\" title=\"Solicitar cotizaci\u00f3n\" \/>\n    <\/button>\n    <\/td><td class=\"column-5\"><a href=\"https:\/\/lojasritz.com.br\/catalogsearch\/result\/?q=FLV29023-2\" target=\"_blank\" rel=\"noopener\"><img decoding=\"async\" src=\"https:\/\/www.ritzbrasil.com\/wp-content\/uploads\/2024\/07\/carrinho-compras-tabela.png\"  \/><\/a><\/td>\n<\/tr>\n<tr class=\"row-4\">\n\t<td class=\"column-1\"><img decoding=\"async\" src=\"https:\/\/www.ritzbrasil.com\/wp-content\/uploads\/2024\/10\/flv29023-3-bastao-tensor-garfo-garfo-150x150-1.jpg\" \/><\/td><td class=\"column-2\">FLV29023-3<\/td><td class=\"column-3\">Com cabe\u00e7ote garfo em liga de bronze (tipo forquilha),<br \/>\nabertura interna 27 mm e pino olhal para travamento<\/td><td class=\"column-4\">    <button class=\"add-to-budget\" data-table-id=\"Bastao-Tensor-Garfo-Garfo\" data-reference=\"FLV29023-3\" data-description=\"Bast\u00e3o Tensor Garfo-Garfo\" style=\"color:#ff4d00;\">\n        <img decoding=\"async\" src=\"https:\/\/www.ritzbrasil.com\/\/wp-content\/uploads\/2024\/07\/orcar-compras-tabela-new-1.png\" alt=\"Solicitar cotizaci\u00f3n\" title=\"Solicitar cotizaci\u00f3n\" \/>\n    <\/button>\n    <\/td><td class=\"column-5\"><a href=\"https:\/\/lojasritz.com.br\/catalogsearch\/result\/?q=FLV29023-3\" target=\"_blank\" rel=\"noopener\"><img decoding=\"async\" src=\"https:\/\/www.ritzbrasil.com\/wp-content\/uploads\/2024\/07\/carrinho-compras-tabela.png\"  \/><\/a><\/td>\n<\/tr>\n<tr class=\"row-5\">\n\t<td class=\"column-1\"><img decoding=\"async\" src=\"https:\/\/www.ritzbrasil.com\/wp-content\/uploads\/2024\/10\/flv29023-4-bastao-tensor-garfo-garfo-150x150-1.jpg\" \/><\/td><td class=\"column-2\">FLV29023-4<\/td><td class=\"column-3\">Com cabe\u00e7ote garfo em liga de bronze (tipo forquilha),<br \/>\nabertura interna 27 mm e pino olhal para travamento<\/td><td class=\"column-4\">    <button class=\"add-to-budget\" data-table-id=\"Bastao-Tensor-Garfo-Garfo\" data-reference=\"FLV29023-4\" data-description=\"Bast\u00e3o Tensor Garfo-Garfo\" style=\"color:#ff4d00;\">\n        <img decoding=\"async\" src=\"https:\/\/www.ritzbrasil.com\/\/wp-content\/uploads\/2024\/07\/orcar-compras-tabela-new-1.png\" alt=\"Solicitar cotizaci\u00f3n\" title=\"Solicitar cotizaci\u00f3n\" \/>\n    <\/button>\n    <\/td><td class=\"column-5\"><a href=\"https:\/\/lojasritz.com.br\/catalogsearch\/result\/?q=FLV29023-4\" target=\"_blank\" rel=\"noopener\"><img decoding=\"async\" src=\"https:\/\/www.ritzbrasil.com\/wp-content\/uploads\/2024\/07\/carrinho-compras-tabela.png\"  \/><\/a><\/td>\n<\/tr>\n<tr class=\"row-6\">\n\t<td class=\"column-1\"><img decoding=\"async\" src=\"https:\/\/www.ritzbrasil.com\/wp-content\/uploads\/2024\/10\/flv29023-5-bastao-tensor-garfo-garfo-150x150-1.jpg\" \/><\/td><td class=\"column-2\">FLV29023-5<\/td><td class=\"column-3\">Com cabe\u00e7ote garfo em liga de bronze (tipo forquilha),<br \/>\nabertura interna 27 mm e pino olhal para travamento<\/td><td class=\"column-4\">    <button class=\"add-to-budget\" data-table-id=\"Bastao-Tensor-Garfo-Garfo\" data-reference=\"FLV29023-5\" data-description=\"Bast\u00e3o Tensor Garfo-Garfo\" style=\"color:#ff4d00;\">\n        <img decoding=\"async\" src=\"https:\/\/www.ritzbrasil.com\/\/wp-content\/uploads\/2024\/07\/orcar-compras-tabela-new-1.png\" alt=\"Solicitar cotizaci\u00f3n\" title=\"Solicitar cotizaci\u00f3n\" \/>\n    <\/button>\n    <\/td><td class=\"column-5\"><a href=\"https:\/\/lojasritz.com.br\/catalogsearch\/result\/?q=FLV29023-5\" target=\"_blank\" rel=\"noopener\"><img decoding=\"async\" src=\"https:\/\/www.ritzbrasil.com\/wp-content\/uploads\/2024\/07\/carrinho-compras-tabela.png\"  \/><\/a><\/td>\n<\/tr>\n<\/tbody>\n<\/table>\n<\/div>\n[\/vc_column_text][vc_separator border_width=\u00bb2&#8243; css=\u00bb\u00bb][\/vc_column][\/vc_row]<\/p>\n<\/div>","protected":false},"excerpt":{"rendered":"<h4><span style=\"color: #ff9900;\">Varilla tensora de horquilla \/ Horquilla-Garp<\/span><\/h4>\n<p>Est\u00e1n dise\u00f1ados para utilizarse en cadenas de suspensi\u00f3n o de anclaje, en disposiciones simples o m\u00faltiples. Tambi\u00e9n se utilizan en cadenas en \u00abV\u00bb, acopladas directamente al orificio del balanc\u00edn, y permiten aliviar la carga de ambas cadenas simult\u00e1neamente.<\/p>\n<p>Fabricados con tubo RITZGLAS\u00ae, tienen una cabeza de ojo de aleaci\u00f3n de aluminio no giratoria y pueden adaptarse a una amplia gama de formas de yugo de chapa de aluminio mediante cabezas de horquilla de aleaci\u00f3n de bronce.<\/p>\n","protected":false},"featured_media":59357,"template":"","meta":[],"product_brand":[],"product_cat":[2104],"product_tag":[2409,2410,2411,2412,2413,2407,2408],"class_list":{"0":"post-61174","1":"product","2":"type-product","3":"status-publish","4":"has-post-thumbnail","6":"product_cat-herramientas-de-traccion-locomocion-y-apoyo","7":"product_tag-flv29023-1-es","8":"product_tag-flv29023-2-es","9":"product_tag-flv29023-3-es","10":"product_tag-flv29023-4-es","11":"product_tag-flv29023-5-es","12":"product_tag-rc400-0612-es","13":"product_tag-rc400-0613-es","14":"description-off","16":"first","17":"instock","18":"virtual","19":"product-type-simple"},"yoast_head":"<!-- This site is optimized with the Yoast SEO plugin v27.1.1 - https:\/\/yoast.com\/product\/yoast-seo-wordpress\/ -->\n<title>Varilla tensora de horquilla \/ Horquilla-Garp<\/title>\n<meta name=\"description\" content=\"Varilla tensora de horquilla \/ eslab\u00f3n de horquilla para cadenas de suspensi\u00f3n o anclaje, ideal para disposiciones simples, m\u00faltiples o en &quot;V&quot;, aliviando la carga simult\u00e1nea\" \/>\n<meta name=\"robots\" content=\"index, follow, max-snippet:-1, max-image-preview:large, max-video-preview:-1\" \/>\n<link rel=\"canonical\" href=\"https:\/\/www.ritzbrasil.com\/es\/produtos\/herramientas-de-traccion-locomocion-y-apoyo\/varilla-tensora-de-horquilla-horquilla-garp\/\" \/>\n<meta property=\"og:locale\" content=\"es_ES\" \/>\n<meta property=\"og:type\" content=\"article\" \/>\n<meta property=\"og:title\" content=\"Varilla tensora de horquilla \/ Horquilla-Garp\" \/>\n<meta property=\"og:description\" content=\"Varilla tensora de horquilla \/ eslab\u00f3n de horquilla para cadenas de suspensi\u00f3n o anclaje, ideal para disposiciones simples, m\u00faltiples o en &quot;V&quot;, aliviando la carga simult\u00e1nea\" \/>\n<meta property=\"og:url\" content=\"https:\/\/www.ritzbrasil.com\/es\/produtos\/herramientas-de-traccion-locomocion-y-apoyo\/varilla-tensora-de-horquilla-horquilla-garp\/\" \/>\n<meta property=\"og:site_name\" content=\"Equipamentos de Manuten\u00e7\u00e3o e Seguran\u00e7a para o Setor El\u00e9trico - Ritz Brasil\" \/>\n<meta property=\"article:modified_time\" content=\"2026-02-25T19:53:44+00:00\" \/>\n<meta property=\"og:image\" content=\"https:\/\/www.ritzbrasil.com\/wp-content\/uploads\/2024\/10\/rc400-0612-bastao-tensor-garfo-olhal.jpg\" \/>\n\t<meta property=\"og:image:width\" content=\"1200\" \/>\n\t<meta property=\"og:image:height\" content=\"1200\" \/>\n\t<meta property=\"og:image:type\" content=\"image\/jpeg\" \/>\n<meta name=\"twitter:card\" content=\"summary_large_image\" \/>\n<meta name=\"twitter:label1\" content=\"Tiempo de lectura\" \/>\n\t<meta name=\"twitter:data1\" content=\"1 minuto\" \/>\n<script type=\"application\/ld+json\" class=\"yoast-schema-graph\">{\"@context\":\"https:\/\/schema.org\",\"@graph\":[{\"@type\":\"WebPage\",\"@id\":\"https:\/\/www.ritzbrasil.com\/es\/produtos\/herramientas-de-traccion-locomocion-y-apoyo\/varilla-tensora-de-horquilla-horquilla-garp\/\",\"url\":\"https:\/\/www.ritzbrasil.com\/es\/produtos\/herramientas-de-traccion-locomocion-y-apoyo\/varilla-tensora-de-horquilla-horquilla-garp\/\",\"name\":\"Varilla tensora de horquilla \/ Horquilla-Garp\",\"isPartOf\":{\"@id\":\"https:\/\/www.ritzbrasil.com\/es\/#website\"},\"primaryImageOfPage\":{\"@id\":\"https:\/\/www.ritzbrasil.com\/es\/produtos\/herramientas-de-traccion-locomocion-y-apoyo\/varilla-tensora-de-horquilla-horquilla-garp\/#primaryimage\"},\"image\":{\"@id\":\"https:\/\/www.ritzbrasil.com\/es\/produtos\/herramientas-de-traccion-locomocion-y-apoyo\/varilla-tensora-de-horquilla-horquilla-garp\/#primaryimage\"},\"thumbnailUrl\":\"https:\/\/www.ritzbrasil.com\/wp-content\/uploads\/2024\/10\/rc400-0612-bastao-tensor-garfo-olhal.jpg\",\"datePublished\":\"2024-10-09T16:56:23+00:00\",\"dateModified\":\"2026-02-25T19:53:44+00:00\",\"description\":\"Varilla tensora de horquilla \/ eslab\u00f3n de horquilla para cadenas de suspensi\u00f3n o anclaje, ideal para disposiciones simples, m\u00faltiples o en \\\"V\\\", aliviando la carga simult\u00e1nea\",\"breadcrumb\":{\"@id\":\"https:\/\/www.ritzbrasil.com\/es\/produtos\/herramientas-de-traccion-locomocion-y-apoyo\/varilla-tensora-de-horquilla-horquilla-garp\/#breadcrumb\"},\"inLanguage\":\"es\",\"potentialAction\":[{\"@type\":\"ReadAction\",\"target\":[\"https:\/\/www.ritzbrasil.com\/es\/produtos\/herramientas-de-traccion-locomocion-y-apoyo\/varilla-tensora-de-horquilla-horquilla-garp\/\"]}]},{\"@type\":\"ImageObject\",\"inLanguage\":\"es\",\"@id\":\"https:\/\/www.ritzbrasil.com\/es\/produtos\/herramientas-de-traccion-locomocion-y-apoyo\/varilla-tensora-de-horquilla-horquilla-garp\/#primaryimage\",\"url\":\"https:\/\/www.ritzbrasil.com\/wp-content\/uploads\/2024\/10\/rc400-0612-bastao-tensor-garfo-olhal.jpg\",\"contentUrl\":\"https:\/\/www.ritzbrasil.com\/wp-content\/uploads\/2024\/10\/rc400-0612-bastao-tensor-garfo-olhal.jpg\",\"width\":1200,\"height\":1200,\"caption\":\"RC400-0612 Varilla tensora de horquilla\"},{\"@type\":\"BreadcrumbList\",\"@id\":\"https:\/\/www.ritzbrasil.com\/es\/produtos\/herramientas-de-traccion-locomocion-y-apoyo\/varilla-tensora-de-horquilla-horquilla-garp\/#breadcrumb\",\"itemListElement\":[{\"@type\":\"ListItem\",\"position\":1,\"name\":\"In\u00edcio\",\"item\":\"https:\/\/www.ritzbrasil.com\/es\/\"},{\"@type\":\"ListItem\",\"position\":2,\"name\":\"Tienda\",\"item\":\"https:\/\/www.ritzbrasil.com\/es\/tienda\/\"},{\"@type\":\"ListItem\",\"position\":3,\"name\":\"Varilla tensora de horquilla \/ Horquilla-Garp\"}]},{\"@type\":\"WebSite\",\"@id\":\"https:\/\/www.ritzbrasil.com\/es\/#website\",\"url\":\"https:\/\/www.ritzbrasil.com\/es\/\",\"name\":\"Equipamentos de Manuten\u00e7\u00e3o e Seguran\u00e7a para o Setor El\u00e9trico - Ritz Brasil\",\"description\":\"\",\"potentialAction\":[{\"@type\":\"SearchAction\",\"target\":{\"@type\":\"EntryPoint\",\"urlTemplate\":\"https:\/\/www.ritzbrasil.com\/es\/?s={search_term_string}\"},\"query-input\":{\"@type\":\"PropertyValueSpecification\",\"valueRequired\":true,\"valueName\":\"search_term_string\"}}],\"inLanguage\":\"es\"}]}<\/script>\n<!-- \/ Yoast SEO plugin. -->","yoast_head_json":{"title":"Varilla tensora de horquilla \/ Horquilla-Garp","description":"Varilla tensora de horquilla \/ eslab\u00f3n de horquilla para cadenas de suspensi\u00f3n o anclaje, ideal para disposiciones simples, m\u00faltiples o en \"V\", aliviando la carga simult\u00e1nea","robots":{"index":"index","follow":"follow","max-snippet":"max-snippet:-1","max-image-preview":"max-image-preview:large","max-video-preview":"max-video-preview:-1"},"canonical":"https:\/\/www.ritzbrasil.com\/es\/produtos\/herramientas-de-traccion-locomocion-y-apoyo\/varilla-tensora-de-horquilla-horquilla-garp\/","og_locale":"es_ES","og_type":"article","og_title":"Varilla tensora de horquilla \/ Horquilla-Garp","og_description":"Varilla tensora de horquilla \/ eslab\u00f3n de horquilla para cadenas de suspensi\u00f3n o anclaje, ideal para disposiciones simples, m\u00faltiples o en \"V\", aliviando la carga simult\u00e1nea","og_url":"https:\/\/www.ritzbrasil.com\/es\/produtos\/herramientas-de-traccion-locomocion-y-apoyo\/varilla-tensora-de-horquilla-horquilla-garp\/","og_site_name":"Equipamentos de Manuten\u00e7\u00e3o e Seguran\u00e7a para o Setor El\u00e9trico - Ritz Brasil","article_modified_time":"2026-02-25T19:53:44+00:00","og_image":[{"width":1200,"height":1200,"url":"https:\/\/www.ritzbrasil.com\/wp-content\/uploads\/2024\/10\/rc400-0612-bastao-tensor-garfo-olhal.jpg","type":"image\/jpeg"}],"twitter_card":"summary_large_image","twitter_misc":{"Tiempo de lectura":"1 minuto"},"schema":{"@context":"https:\/\/schema.org","@graph":[{"@type":"WebPage","@id":"https:\/\/www.ritzbrasil.com\/es\/produtos\/herramientas-de-traccion-locomocion-y-apoyo\/varilla-tensora-de-horquilla-horquilla-garp\/","url":"https:\/\/www.ritzbrasil.com\/es\/produtos\/herramientas-de-traccion-locomocion-y-apoyo\/varilla-tensora-de-horquilla-horquilla-garp\/","name":"Varilla tensora de horquilla \/ Horquilla-Garp","isPartOf":{"@id":"https:\/\/www.ritzbrasil.com\/es\/#website"},"primaryImageOfPage":{"@id":"https:\/\/www.ritzbrasil.com\/es\/produtos\/herramientas-de-traccion-locomocion-y-apoyo\/varilla-tensora-de-horquilla-horquilla-garp\/#primaryimage"},"image":{"@id":"https:\/\/www.ritzbrasil.com\/es\/produtos\/herramientas-de-traccion-locomocion-y-apoyo\/varilla-tensora-de-horquilla-horquilla-garp\/#primaryimage"},"thumbnailUrl":"https:\/\/www.ritzbrasil.com\/wp-content\/uploads\/2024\/10\/rc400-0612-bastao-tensor-garfo-olhal.jpg","datePublished":"2024-10-09T16:56:23+00:00","dateModified":"2026-02-25T19:53:44+00:00","description":"Varilla tensora de horquilla \/ eslab\u00f3n de horquilla para cadenas de suspensi\u00f3n o anclaje, ideal para disposiciones simples, m\u00faltiples o en \"V\", aliviando la carga simult\u00e1nea","breadcrumb":{"@id":"https:\/\/www.ritzbrasil.com\/es\/produtos\/herramientas-de-traccion-locomocion-y-apoyo\/varilla-tensora-de-horquilla-horquilla-garp\/#breadcrumb"},"inLanguage":"es","potentialAction":[{"@type":"ReadAction","target":["https:\/\/www.ritzbrasil.com\/es\/produtos\/herramientas-de-traccion-locomocion-y-apoyo\/varilla-tensora-de-horquilla-horquilla-garp\/"]}]},{"@type":"ImageObject","inLanguage":"es","@id":"https:\/\/www.ritzbrasil.com\/es\/produtos\/herramientas-de-traccion-locomocion-y-apoyo\/varilla-tensora-de-horquilla-horquilla-garp\/#primaryimage","url":"https:\/\/www.ritzbrasil.com\/wp-content\/uploads\/2024\/10\/rc400-0612-bastao-tensor-garfo-olhal.jpg","contentUrl":"https:\/\/www.ritzbrasil.com\/wp-content\/uploads\/2024\/10\/rc400-0612-bastao-tensor-garfo-olhal.jpg","width":1200,"height":1200,"caption":"RC400-0612 Varilla tensora de horquilla"},{"@type":"BreadcrumbList","@id":"https:\/\/www.ritzbrasil.com\/es\/produtos\/herramientas-de-traccion-locomocion-y-apoyo\/varilla-tensora-de-horquilla-horquilla-garp\/#breadcrumb","itemListElement":[{"@type":"ListItem","position":1,"name":"In\u00edcio","item":"https:\/\/www.ritzbrasil.com\/es\/"},{"@type":"ListItem","position":2,"name":"Tienda","item":"https:\/\/www.ritzbrasil.com\/es\/tienda\/"},{"@type":"ListItem","position":3,"name":"Varilla tensora de horquilla \/ Horquilla-Garp"}]},{"@type":"WebSite","@id":"https:\/\/www.ritzbrasil.com\/es\/#website","url":"https:\/\/www.ritzbrasil.com\/es\/","name":"Equipamentos de Manuten\u00e7\u00e3o e Seguran\u00e7a para o Setor El\u00e9trico - Ritz Brasil","description":"","potentialAction":[{"@type":"SearchAction","target":{"@type":"EntryPoint","urlTemplate":"https:\/\/www.ritzbrasil.com\/es\/?s={search_term_string}"},"query-input":{"@type":"PropertyValueSpecification","valueRequired":true,"valueName":"search_term_string"}}],"inLanguage":"es"}]}},"_links":{"self":[{"href":"https:\/\/www.ritzbrasil.com\/es\/wp-json\/wp\/v2\/product\/61174","targetHints":{"allow":["GET"]}}],"collection":[{"href":"https:\/\/www.ritzbrasil.com\/es\/wp-json\/wp\/v2\/product"}],"about":[{"href":"https:\/\/www.ritzbrasil.com\/es\/wp-json\/wp\/v2\/types\/product"}],"wp:featuredmedia":[{"embeddable":true,"href":"https:\/\/www.ritzbrasil.com\/es\/wp-json\/wp\/v2\/media\/59357"}],"wp:attachment":[{"href":"https:\/\/www.ritzbrasil.com\/es\/wp-json\/wp\/v2\/media?parent=61174"}],"wp:term":[{"taxonomy":"product_brand","embeddable":true,"href":"https:\/\/www.ritzbrasil.com\/es\/wp-json\/wp\/v2\/product_brand?post=61174"},{"taxonomy":"product_cat","embeddable":true,"href":"https:\/\/www.ritzbrasil.com\/es\/wp-json\/wp\/v2\/product_cat?post=61174"},{"taxonomy":"product_tag","embeddable":true,"href":"https:\/\/www.ritzbrasil.com\/es\/wp-json\/wp\/v2\/product_tag?post=61174"}],"curies":[{"name":"wp","href":"https:\/\/api.w.org\/{rel}","templated":true}]}}