{"id":61165,"date":"2024-10-17T14:49:32","date_gmt":"2024-10-17T17:49:32","guid":{"rendered":"https:\/\/www.ritzbrasil.com\/produtos\/sin%20categor\u00eda\/tensor-auxiliar\/"},"modified":"2026-02-25T16:53:09","modified_gmt":"2026-02-25T19:53:09","slug":"tensor-auxiliar","status":"publish","type":"product","link":"https:\/\/www.ritzbrasil.com\/es\/produtos\/herramientas-de-traccion-locomocion-y-apoyo\/tensor-auxiliar\/","title":{"rendered":"Tensor auxiliar"},"content":{"rendered":"<div class=\"wpb-content-wrapper\"><p>[vc_row][vc_column][vc_column_text css=\u00bb.vc_custom_1729187286195{margin-top: 20px !important;}\u00bb]<\/p>\n<h4><span style=\"color: #ff9900;\"><strong>Tensor auxiliar<\/strong><\/span><\/h4>\n<p>[\/vc_column_text][vc_column_text css=\u00bb.vc_custom_1729508630094{margin-top: -20px !important;}\u00bb]\n<div id=\"tablepress-Tensionador-Auxiliar-scroll-wrapper\" class=\"tablepress-scroll-wrapper\">\n<table id=\"tablepress-Tensionador-Auxiliar\" class=\"tablepress tablepress-id-Tensionador-Auxiliar tablepress-responsive\">\n<thead>\n<tr class=\"row-1\">\n\t<td class=\"column-1\"><\/td><th class=\"column-2\">  Refer\u00eancias<\/th><th class=\"column-3\">Caracter\u00edstica<\/th><td class=\"column-4\"><\/td><td class=\"column-5\"><\/td>\n<\/tr>\n<\/thead>\n<tbody class=\"row-striping row-hover\">\n<tr class=\"row-2\">\n\t<td class=\"column-1\"><img decoding=\"async\" src=\"https:\/\/www.ritzbrasil.com\/wp-content\/uploads\/2024\/10\/flv11537-1-tensionador-auxiliar-150x150-1.jpg\" \/><\/td><td class=\"column-2\">FLV11537-1<\/td><td class=\"column-3\">Possui jugos em alum\u00ednio fundido, dois munh\u00f5es e dois parafusos tensores.<br \/>\nCapacidade nominal de trabalho: 600 daN (1322 lb)<br \/>\nPeso aprox.: 8,15 kg (17,95 lb)<\/td><td class=\"column-4\">    <button class=\"add-to-budget\" data-table-id=\"Tensionador-Auxiliar\" data-reference=\"FLV11537-1\" data-description=\"Tensionador Auxiliar\" style=\"color:#ff4d00;\">\n        <img decoding=\"async\" src=\"https:\/\/www.ritzbrasil.com\/\/wp-content\/uploads\/2024\/07\/orcar-compras-tabela-new-1.png\" alt=\"Solicitar cotizaci\u00f3n\" title=\"Solicitar cotizaci\u00f3n\" \/>\n    <\/button>\n    <\/td><td class=\"column-5\"><a href=\"https:\/\/lojasritz.com.br\/catalogsearch\/result\/?q=FLV11537-1\" target=\"_blank\" rel=\"noopener\"><img decoding=\"async\" src=\"https:\/\/www.ritzbrasil.com\/wp-content\/uploads\/2024\/07\/carrinho-compras-tabela.png\"  \/><\/a><\/td>\n<\/tr>\n<tr class=\"row-3\">\n\t<td class=\"column-1\"><img decoding=\"async\" src=\"https:\/\/www.ritzbrasil.com\/wp-content\/uploads\/2024\/10\/flv30577-3-tensionador-auxiliar-150x150-1.jpg\" \/><\/td><td class=\"column-2\">FLV30577-3<\/td><td class=\"column-3\">Possui dois jugos que se acoplam nas respectivas camp\u00e2nula dos isoladores<br \/>\ncom o aux\u00edlio de castanhas (adquiridas separadamente) de acordo com o<br \/>\nmodelo do isolador, fabricados em liga de alum\u00ednio fundida, al\u00e9m de dois<br \/>\nmunh\u00f5es e dois parafusos tensores.<br \/>\nCapacidade nominal de trabalho: 600 daN (1322 lb)<br \/>\nPeso aprox.: 10,40 kg (22,92 lb)<\/td><td class=\"column-4\">    <button class=\"add-to-budget\" data-table-id=\"Tensionador-Auxiliar\" data-reference=\"FLV30577-3\" data-description=\"Tensionador Auxiliar\" style=\"color:#ff4d00;\">\n        <img decoding=\"async\" src=\"https:\/\/www.ritzbrasil.com\/\/wp-content\/uploads\/2024\/07\/orcar-compras-tabela-new-1.png\" alt=\"Solicitar cotizaci\u00f3n\" title=\"Solicitar cotizaci\u00f3n\" \/>\n    <\/button>\n    <\/td><td class=\"column-5\"><a href=\"https:\/\/lojasritz.com.br\/catalogsearch\/result\/?q=FLV30577-3\" target=\"_blank\" rel=\"noopener\"><img decoding=\"async\" src=\"https:\/\/www.ritzbrasil.com\/wp-content\/uploads\/2024\/07\/carrinho-compras-tabela.png\"  \/><\/a><\/td>\n<\/tr>\n<tr class=\"row-4\">\n\t<td class=\"column-1\"><img decoding=\"async\" src=\"https:\/\/www.ritzbrasil.com\/wp-content\/uploads\/2024\/10\/flv30577-4-tensionador-auxiliar-150x150-1.jpg\" \/><\/td><td class=\"column-2\">FLV30577-4<\/td><td class=\"column-3\">Possui dois jugos que se acoplam nas respectivas camp\u00e2nula dos isoladores<br \/>\ncom o aux\u00edlio de castanhas (adquiridas separadamente) de acordo com o<br \/>\nmodelo do isolador, fabricados em liga de alum\u00ednio fundida, al\u00e9m de dois<br \/>\nmunh\u00f5es e dois parafusos tensores.<br \/>\nCapacidade nominal de trabalho: 600 daN (1322 lb)<br \/>\nPeso aprox.: 10,20 kg (22,48 lb)<\/td><td class=\"column-4\">    <button class=\"add-to-budget\" data-table-id=\"Tensionador-Auxiliar\" data-reference=\"FLV30577-4\" data-description=\"Tensionador Auxiliar\" style=\"color:#ff4d00;\">\n        <img decoding=\"async\" src=\"https:\/\/www.ritzbrasil.com\/\/wp-content\/uploads\/2024\/07\/orcar-compras-tabela-new-1.png\" alt=\"Solicitar cotizaci\u00f3n\" title=\"Solicitar cotizaci\u00f3n\" \/>\n    <\/button>\n    <\/td><td class=\"column-5\"><a href=\"https:\/\/lojasritz.com.br\/catalogsearch\/result\/?q=FLV30577-4\" target=\"_blank\" rel=\"noopener\"><img decoding=\"async\" src=\"https:\/\/www.ritzbrasil.com\/wp-content\/uploads\/2024\/07\/carrinho-compras-tabela.png\"  \/><\/a><\/td>\n<\/tr>\n<\/tbody>\n<\/table>\n<\/div>\n[\/vc_column_text][vc_column_text css=\u00bb.vc_custom_1729161424238{margin-top: -20px !important;}\u00bb]<em>Capacidad nominal de trabajo: 6804 daN (15000 lb)<\/em>[\/vc_column_text][vc_separator border_width=\u00bb2&#8243; css=\u00bb\u00bb][\/vc_column][\/vc_row][vc_row][vc_column][vc_column_text css=\u00bb.vc_custom_1729188638325{margin-top: 20px !important;}\u00bb]<\/p>\n<h4><span style=\"color: #ff9900;\"><strong>Casta\u00f1as<\/strong><\/span><\/h4>\n<p>[\/vc_column_text][vc_column_text css=\u00bb.vc_custom_1729188705690{margin-top: -20px !important;}\u00bb]\n<div id=\"tablepress-Castanhas-Tensionador-Auxiliar-scroll-wrapper\" class=\"tablepress-scroll-wrapper\">\n<table id=\"tablepress-Castanhas-Tensionador-Auxiliar\" class=\"tablepress tablepress-id-Castanhas-Tensionador-Auxiliar tablepress-responsive\">\n<thead>\n<tr class=\"row-1\">\n\t<td class=\"column-1\"><\/td><th class=\"column-2\">  Refer\u00eancias<\/th><th class=\"column-3\">Caracter\u00edstica<\/th><td class=\"column-4\"><\/td><td class=\"column-5\"><\/td>\n<\/tr>\n<\/thead>\n<tbody class=\"row-striping row-hover\">\n<tr class=\"row-2\">\n\t<td class=\"column-1\"><img decoding=\"async\" src=\"https:\/\/www.ritzbrasil.com\/wp-content\/uploads\/2024\/10\/flv30669-1-castanha.jpg\" \/><\/td><td class=\"column-2\">FLV30669-1<\/td><td class=\"column-3\"><\/td><td class=\"column-4\">    <button class=\"add-to-budget\" data-table-id=\"Castanhas-Tensionador-Auxiliar\" data-reference=\"FLV30669-1\" data-description=\"Castanhas - Tensionador Auxiliar\" style=\"color:#ff4d00;\">\n        <img decoding=\"async\" src=\"https:\/\/www.ritzbrasil.com\/\/wp-content\/uploads\/2024\/07\/orcar-compras-tabela-new-1.png\" alt=\"Solicitar cotizaci\u00f3n\" title=\"Solicitar cotizaci\u00f3n\" \/>\n    <\/button>\n    <\/td><td class=\"column-5\"><a href=\"https:\/\/lojasritz.com.br\/catalogsearch\/result\/?q=FLV30669-1\" target=\"_blank\" rel=\"noopener\"><img decoding=\"async\" src=\"https:\/\/www.ritzbrasil.com\/wp-content\/uploads\/2024\/07\/carrinho-compras-tabela.png\"  \/><\/a><\/td>\n<\/tr>\n<tr class=\"row-3\">\n\t<td class=\"column-1\"><img decoding=\"async\" src=\"https:\/\/www.ritzbrasil.com\/wp-content\/uploads\/2024\/10\/flv31349-1-castanha-150x150-1.jpg\" \/><\/td><td class=\"column-2\">FLV31349-1<\/td><td class=\"column-3\"><\/td><td class=\"column-4\">    <button class=\"add-to-budget\" data-table-id=\"Castanhas-Tensionador-Auxiliar\" data-reference=\"FLV31349-1\" data-description=\"Castanhas - Tensionador Auxiliar\" style=\"color:#ff4d00;\">\n        <img decoding=\"async\" src=\"https:\/\/www.ritzbrasil.com\/\/wp-content\/uploads\/2024\/07\/orcar-compras-tabela-new-1.png\" alt=\"Solicitar cotizaci\u00f3n\" title=\"Solicitar cotizaci\u00f3n\" \/>\n    <\/button>\n    <\/td><td class=\"column-5\"><a href=\"https:\/\/lojasritz.com.br\/catalogsearch\/result\/?q=FLV31349-1\" target=\"_blank\" rel=\"noopener\"><img decoding=\"async\" src=\"https:\/\/www.ritzbrasil.com\/wp-content\/uploads\/2024\/07\/carrinho-compras-tabela.png\"  \/><\/a><\/td>\n<\/tr>\n<tr class=\"row-4\">\n\t<td class=\"column-1\"><img decoding=\"async\" src=\"https:\/\/www.ritzbrasil.com\/wp-content\/uploads\/2024\/10\/flv31351-1-castanha-150x150-1.jpg\" \/><\/td><td class=\"column-2\">FLV31351-1<\/td><td class=\"column-3\"><\/td><td class=\"column-4\">    <button class=\"add-to-budget\" data-table-id=\"Castanhas-Tensionador-Auxiliar\" data-reference=\"FLV31351-1\" data-description=\"Castanhas - Tensionador Auxiliar\" style=\"color:#ff4d00;\">\n        <img decoding=\"async\" src=\"https:\/\/www.ritzbrasil.com\/\/wp-content\/uploads\/2024\/07\/orcar-compras-tabela-new-1.png\" alt=\"Solicitar cotizaci\u00f3n\" title=\"Solicitar cotizaci\u00f3n\" \/>\n    <\/button>\n    <\/td><td class=\"column-5\"><a href=\"https:\/\/lojasritz.com.br\/catalogsearch\/result\/?q=FLV31351-1\" target=\"_blank\" rel=\"noopener\"><img decoding=\"async\" src=\"https:\/\/www.ritzbrasil.com\/wp-content\/uploads\/2024\/07\/carrinho-compras-tabela.png\"  \/><\/a><\/td>\n<\/tr>\n<\/tbody>\n<\/table>\n<\/div>\n[\/vc_column_text][vc_column_text css=\u00bb.vc_custom_1729188679800{margin-top: -20px !important;}\u00bb]<strong>NOTA<\/strong><br \/>\n<em>Las tuercas desmontables (se adquieren por separado) se modifican para adaptarse a distintos tipos de aisladores. Cuando los modelos disponibles en este cat\u00e1logo no se ajusten a las especificaciones del aislador, deber\u00e1 facilitarse el plano del aislador para que nuestro departamento de ingenier\u00eda lo eval\u00fae y desarrolle la tuerca adecuada. <\/em>[\/vc_column_text][vc_separator border_width=\u00bb2&#8243; css=\u00bb\u00bb][\/vc_column][\/vc_row]<\/p>\n<\/div>","protected":false},"excerpt":{"rendered":"<h4><span style=\"color: #ff9900;\">Tensor auxiliar<\/span><\/h4>\n<p>Herramienta ligera y port\u00e1til dise\u00f1ada para acelerar la sustituci\u00f3n de aisladores da\u00f1ados en cadenas de suspensi\u00f3n sin tensi\u00f3n, especialmente cuando el n\u00famero de aisladores da\u00f1ados no justifica desmontar y bajar toda la cadena para sustituirlos en el suelo.<\/p>\n<p><strong>PROCEDIMIENTOS DE SEGURIDAD<\/strong><br \/>\nAl cambiar los aisladores de las cadenas de suspensi\u00f3n sin tensi\u00f3n, la manipulaci\u00f3n del Tensor Auxiliar requiere una atenci\u00f3n especial en cuanto a su instalaci\u00f3n en la red para evitar accidentes.<br \/>\n1 Esta herramienta s\u00f3lo se utiliza en redes sin tensi\u00f3n.<br \/>\n2. Antes de instalar el Tensor Auxiliar, el electricista tendr\u00e1 que instalar un juego completo de tensores (yugo y varillas tensoras) adecuado para la cadena del aislador sobre la que se va a trabajar, con el fin de aliviar la tensi\u00f3n mec\u00e1nica de la cadena y permitir el desacoplamiento del aislador.<br \/>\n3. Despu\u00e9s de esto, la tuerca y el Tensor Auxiliar se montar\u00e1n en el aislador inmediatamente superior al que se va a sustituir (la sustituci\u00f3n se realiza en un aislador cada vez).<br \/>\n4. Al acoplar, aseg\u00farate de que la campana del aislador s\u00f3lo se apoya en la base superior del yugo cuando utilices el modelo<br \/>\nFLV11537-1, o en la tuerca cuando utilices los modelos FLV30577.<\/p>\n","protected":false},"featured_media":59545,"template":"","meta":[],"product_brand":[],"product_cat":[2104],"product_tag":[2317,2318,2319,2320,2321,2322],"class_list":{"0":"post-61165","1":"product","2":"type-product","3":"status-publish","4":"has-post-thumbnail","6":"product_cat-herramientas-de-traccion-locomocion-y-apoyo","7":"product_tag-flv11537-1-es","8":"product_tag-flv30577-3-es","9":"product_tag-flv30577-4-es","10":"product_tag-flv30669-1-es","11":"product_tag-flv31349-1-es","12":"product_tag-flv31351-1-es","13":"description-off","15":"first","16":"instock","17":"virtual","18":"product-type-simple"},"yoast_head":"<!-- This site is optimized with the Yoast SEO plugin v27.1.1 - https:\/\/yoast.com\/product\/yoast-seo-wordpress\/ -->\n<title>Tensor auxiliar<\/title>\n<meta name=\"description\" content=\"Tensor auxiliar ligero y port\u00e1til, acelera la sustituci\u00f3n de aisladores da\u00f1ados en cadenas de suspensi\u00f3n sin tensi\u00f3n sin desmontar toda la cadena.\" \/>\n<meta name=\"robots\" content=\"index, follow, max-snippet:-1, max-image-preview:large, max-video-preview:-1\" \/>\n<link rel=\"canonical\" href=\"https:\/\/www.ritzbrasil.com\/es\/produtos\/herramientas-de-traccion-locomocion-y-apoyo\/tensor-auxiliar\/\" \/>\n<meta property=\"og:locale\" content=\"es_ES\" \/>\n<meta property=\"og:type\" content=\"article\" \/>\n<meta property=\"og:title\" content=\"Tensor auxiliar\" \/>\n<meta property=\"og:description\" content=\"Tensor auxiliar ligero y port\u00e1til, acelera la sustituci\u00f3n de aisladores da\u00f1ados en cadenas de suspensi\u00f3n sin tensi\u00f3n sin desmontar toda la cadena.\" \/>\n<meta property=\"og:url\" content=\"https:\/\/www.ritzbrasil.com\/es\/produtos\/herramientas-de-traccion-locomocion-y-apoyo\/tensor-auxiliar\/\" \/>\n<meta property=\"og:site_name\" content=\"Equipamentos de Manuten\u00e7\u00e3o e Seguran\u00e7a para o Setor El\u00e9trico - Ritz Brasil\" \/>\n<meta property=\"article:modified_time\" content=\"2026-02-25T19:53:09+00:00\" \/>\n<meta property=\"og:image\" content=\"https:\/\/www.ritzbrasil.com\/wp-content\/uploads\/2024\/10\/flv11537-1-tensionador-auxiliar.jpg\" \/>\n\t<meta property=\"og:image:width\" content=\"1200\" \/>\n\t<meta property=\"og:image:height\" content=\"1200\" \/>\n\t<meta property=\"og:image:type\" content=\"image\/jpeg\" \/>\n<meta name=\"twitter:card\" content=\"summary_large_image\" \/>\n<meta name=\"twitter:label1\" content=\"Tiempo de lectura\" \/>\n\t<meta name=\"twitter:data1\" content=\"1 minuto\" \/>\n<script type=\"application\/ld+json\" class=\"yoast-schema-graph\">{\"@context\":\"https:\/\/schema.org\",\"@graph\":[{\"@type\":\"WebPage\",\"@id\":\"https:\/\/www.ritzbrasil.com\/es\/produtos\/herramientas-de-traccion-locomocion-y-apoyo\/tensor-auxiliar\/\",\"url\":\"https:\/\/www.ritzbrasil.com\/es\/produtos\/herramientas-de-traccion-locomocion-y-apoyo\/tensor-auxiliar\/\",\"name\":\"Tensor auxiliar\",\"isPartOf\":{\"@id\":\"https:\/\/www.ritzbrasil.com\/es\/#website\"},\"primaryImageOfPage\":{\"@id\":\"https:\/\/www.ritzbrasil.com\/es\/produtos\/herramientas-de-traccion-locomocion-y-apoyo\/tensor-auxiliar\/#primaryimage\"},\"image\":{\"@id\":\"https:\/\/www.ritzbrasil.com\/es\/produtos\/herramientas-de-traccion-locomocion-y-apoyo\/tensor-auxiliar\/#primaryimage\"},\"thumbnailUrl\":\"https:\/\/www.ritzbrasil.com\/wp-content\/uploads\/2024\/10\/flv11537-1-tensionador-auxiliar.jpg\",\"datePublished\":\"2024-10-17T17:49:32+00:00\",\"dateModified\":\"2026-02-25T19:53:09+00:00\",\"description\":\"Tensor auxiliar ligero y port\u00e1til, acelera la sustituci\u00f3n de aisladores da\u00f1ados en cadenas de suspensi\u00f3n sin tensi\u00f3n sin desmontar toda la cadena.\",\"breadcrumb\":{\"@id\":\"https:\/\/www.ritzbrasil.com\/es\/produtos\/herramientas-de-traccion-locomocion-y-apoyo\/tensor-auxiliar\/#breadcrumb\"},\"inLanguage\":\"es\",\"potentialAction\":[{\"@type\":\"ReadAction\",\"target\":[\"https:\/\/www.ritzbrasil.com\/es\/produtos\/herramientas-de-traccion-locomocion-y-apoyo\/tensor-auxiliar\/\"]}]},{\"@type\":\"ImageObject\",\"inLanguage\":\"es\",\"@id\":\"https:\/\/www.ritzbrasil.com\/es\/produtos\/herramientas-de-traccion-locomocion-y-apoyo\/tensor-auxiliar\/#primaryimage\",\"url\":\"https:\/\/www.ritzbrasil.com\/wp-content\/uploads\/2024\/10\/flv11537-1-tensionador-auxiliar.jpg\",\"contentUrl\":\"https:\/\/www.ritzbrasil.com\/wp-content\/uploads\/2024\/10\/flv11537-1-tensionador-auxiliar.jpg\",\"width\":1200,\"height\":1200,\"caption\":\"FLV11537-1 Tensor auxiliar\"},{\"@type\":\"BreadcrumbList\",\"@id\":\"https:\/\/www.ritzbrasil.com\/es\/produtos\/herramientas-de-traccion-locomocion-y-apoyo\/tensor-auxiliar\/#breadcrumb\",\"itemListElement\":[{\"@type\":\"ListItem\",\"position\":1,\"name\":\"In\u00edcio\",\"item\":\"https:\/\/www.ritzbrasil.com\/es\/\"},{\"@type\":\"ListItem\",\"position\":2,\"name\":\"Tienda\",\"item\":\"https:\/\/www.ritzbrasil.com\/es\/tienda\/\"},{\"@type\":\"ListItem\",\"position\":3,\"name\":\"Tensor auxiliar\"}]},{\"@type\":\"WebSite\",\"@id\":\"https:\/\/www.ritzbrasil.com\/es\/#website\",\"url\":\"https:\/\/www.ritzbrasil.com\/es\/\",\"name\":\"Equipamentos de Manuten\u00e7\u00e3o e Seguran\u00e7a para o Setor El\u00e9trico - Ritz Brasil\",\"description\":\"\",\"potentialAction\":[{\"@type\":\"SearchAction\",\"target\":{\"@type\":\"EntryPoint\",\"urlTemplate\":\"https:\/\/www.ritzbrasil.com\/es\/?s={search_term_string}\"},\"query-input\":{\"@type\":\"PropertyValueSpecification\",\"valueRequired\":true,\"valueName\":\"search_term_string\"}}],\"inLanguage\":\"es\"}]}<\/script>\n<!-- \/ Yoast SEO plugin. -->","yoast_head_json":{"title":"Tensor auxiliar","description":"Tensor auxiliar ligero y port\u00e1til, acelera la sustituci\u00f3n de aisladores da\u00f1ados en cadenas de suspensi\u00f3n sin tensi\u00f3n sin desmontar toda la cadena.","robots":{"index":"index","follow":"follow","max-snippet":"max-snippet:-1","max-image-preview":"max-image-preview:large","max-video-preview":"max-video-preview:-1"},"canonical":"https:\/\/www.ritzbrasil.com\/es\/produtos\/herramientas-de-traccion-locomocion-y-apoyo\/tensor-auxiliar\/","og_locale":"es_ES","og_type":"article","og_title":"Tensor auxiliar","og_description":"Tensor auxiliar ligero y port\u00e1til, acelera la sustituci\u00f3n de aisladores da\u00f1ados en cadenas de suspensi\u00f3n sin tensi\u00f3n sin desmontar toda la cadena.","og_url":"https:\/\/www.ritzbrasil.com\/es\/produtos\/herramientas-de-traccion-locomocion-y-apoyo\/tensor-auxiliar\/","og_site_name":"Equipamentos de Manuten\u00e7\u00e3o e Seguran\u00e7a para o Setor El\u00e9trico - Ritz Brasil","article_modified_time":"2026-02-25T19:53:09+00:00","og_image":[{"width":1200,"height":1200,"url":"https:\/\/www.ritzbrasil.com\/wp-content\/uploads\/2024\/10\/flv11537-1-tensionador-auxiliar.jpg","type":"image\/jpeg"}],"twitter_card":"summary_large_image","twitter_misc":{"Tiempo de lectura":"1 minuto"},"schema":{"@context":"https:\/\/schema.org","@graph":[{"@type":"WebPage","@id":"https:\/\/www.ritzbrasil.com\/es\/produtos\/herramientas-de-traccion-locomocion-y-apoyo\/tensor-auxiliar\/","url":"https:\/\/www.ritzbrasil.com\/es\/produtos\/herramientas-de-traccion-locomocion-y-apoyo\/tensor-auxiliar\/","name":"Tensor auxiliar","isPartOf":{"@id":"https:\/\/www.ritzbrasil.com\/es\/#website"},"primaryImageOfPage":{"@id":"https:\/\/www.ritzbrasil.com\/es\/produtos\/herramientas-de-traccion-locomocion-y-apoyo\/tensor-auxiliar\/#primaryimage"},"image":{"@id":"https:\/\/www.ritzbrasil.com\/es\/produtos\/herramientas-de-traccion-locomocion-y-apoyo\/tensor-auxiliar\/#primaryimage"},"thumbnailUrl":"https:\/\/www.ritzbrasil.com\/wp-content\/uploads\/2024\/10\/flv11537-1-tensionador-auxiliar.jpg","datePublished":"2024-10-17T17:49:32+00:00","dateModified":"2026-02-25T19:53:09+00:00","description":"Tensor auxiliar ligero y port\u00e1til, acelera la sustituci\u00f3n de aisladores da\u00f1ados en cadenas de suspensi\u00f3n sin tensi\u00f3n sin desmontar toda la cadena.","breadcrumb":{"@id":"https:\/\/www.ritzbrasil.com\/es\/produtos\/herramientas-de-traccion-locomocion-y-apoyo\/tensor-auxiliar\/#breadcrumb"},"inLanguage":"es","potentialAction":[{"@type":"ReadAction","target":["https:\/\/www.ritzbrasil.com\/es\/produtos\/herramientas-de-traccion-locomocion-y-apoyo\/tensor-auxiliar\/"]}]},{"@type":"ImageObject","inLanguage":"es","@id":"https:\/\/www.ritzbrasil.com\/es\/produtos\/herramientas-de-traccion-locomocion-y-apoyo\/tensor-auxiliar\/#primaryimage","url":"https:\/\/www.ritzbrasil.com\/wp-content\/uploads\/2024\/10\/flv11537-1-tensionador-auxiliar.jpg","contentUrl":"https:\/\/www.ritzbrasil.com\/wp-content\/uploads\/2024\/10\/flv11537-1-tensionador-auxiliar.jpg","width":1200,"height":1200,"caption":"FLV11537-1 Tensor auxiliar"},{"@type":"BreadcrumbList","@id":"https:\/\/www.ritzbrasil.com\/es\/produtos\/herramientas-de-traccion-locomocion-y-apoyo\/tensor-auxiliar\/#breadcrumb","itemListElement":[{"@type":"ListItem","position":1,"name":"In\u00edcio","item":"https:\/\/www.ritzbrasil.com\/es\/"},{"@type":"ListItem","position":2,"name":"Tienda","item":"https:\/\/www.ritzbrasil.com\/es\/tienda\/"},{"@type":"ListItem","position":3,"name":"Tensor auxiliar"}]},{"@type":"WebSite","@id":"https:\/\/www.ritzbrasil.com\/es\/#website","url":"https:\/\/www.ritzbrasil.com\/es\/","name":"Equipamentos de Manuten\u00e7\u00e3o e Seguran\u00e7a para o Setor El\u00e9trico - Ritz Brasil","description":"","potentialAction":[{"@type":"SearchAction","target":{"@type":"EntryPoint","urlTemplate":"https:\/\/www.ritzbrasil.com\/es\/?s={search_term_string}"},"query-input":{"@type":"PropertyValueSpecification","valueRequired":true,"valueName":"search_term_string"}}],"inLanguage":"es"}]}},"_links":{"self":[{"href":"https:\/\/www.ritzbrasil.com\/es\/wp-json\/wp\/v2\/product\/61165","targetHints":{"allow":["GET"]}}],"collection":[{"href":"https:\/\/www.ritzbrasil.com\/es\/wp-json\/wp\/v2\/product"}],"about":[{"href":"https:\/\/www.ritzbrasil.com\/es\/wp-json\/wp\/v2\/types\/product"}],"wp:featuredmedia":[{"embeddable":true,"href":"https:\/\/www.ritzbrasil.com\/es\/wp-json\/wp\/v2\/media\/59545"}],"wp:attachment":[{"href":"https:\/\/www.ritzbrasil.com\/es\/wp-json\/wp\/v2\/media?parent=61165"}],"wp:term":[{"taxonomy":"product_brand","embeddable":true,"href":"https:\/\/www.ritzbrasil.com\/es\/wp-json\/wp\/v2\/product_brand?post=61165"},{"taxonomy":"product_cat","embeddable":true,"href":"https:\/\/www.ritzbrasil.com\/es\/wp-json\/wp\/v2\/product_cat?post=61165"},{"taxonomy":"product_tag","embeddable":true,"href":"https:\/\/www.ritzbrasil.com\/es\/wp-json\/wp\/v2\/product_tag?post=61165"}],"curies":[{"name":"wp","href":"https:\/\/api.w.org\/{rel}","templated":true}]}}