{"id":60988,"date":"2024-10-28T15:44:41","date_gmt":"2024-10-28T18:44:41","guid":{"rendered":"https:\/\/bisque-bison-688002.hostingersite.com\/produtos\/sin%20categor\u00eda\/palo-de-rail\/"},"modified":"2026-02-03T10:23:07","modified_gmt":"2026-02-03T13:23:07","slug":"palo-de-rail","status":"publish","type":"product","link":"https:\/\/www.ritzbrasil.com\/es\/produtos\/herramientas-de-traccion-locomocion-y-apoyo\/palo-de-rail\/","title":{"rendered":"Palo de ra\u00edl"},"content":{"rendered":"<div class=\"wpb-content-wrapper\"><p>[vc_row][vc_column][vc_column_text css=\u00bb.vc_custom_1730208148002{margin-top: 20px !important;}\u00bb]<\/p>\n<h4><span style=\"color: #ff9900;\"><strong>Palo de ra\u00edl<\/strong><\/span><\/h4>\n<p>[\/vc_column_text][vc_column_text css=\u00bb.vc_custom_1770124778140{margin-top: -20px !important;}\u00bb]\n<div id=\"tablepress-Bastao-Trilho-ES-scroll-wrapper\" class=\"tablepress-scroll-wrapper\">\n<table id=\"tablepress-Bastao-Trilho-ES\" class=\"tablepress tablepress-id-Bastao-Trilho-ES tablepress-responsive\">\n<thead>\n<tr class=\"row-1\">\n\t<td class=\"column-1\"><\/td><th class=\"column-2\">  Referencias<\/th><th class=\"column-3\">Caracter\u00edstica<\/th><td class=\"column-4\"><\/td>\n<\/tr>\n<\/thead>\n<tbody class=\"row-striping row-hover\">\n<tr class=\"row-2\">\n\t<td class=\"column-1\"><img decoding=\"async\" src=\"https:\/\/www.ritzbrasil.com\/wp-content\/uploads\/2024\/10\/rh4721-112-bastao-trilho-150x150-1.jpg\" \/><\/td><td class=\"column-2\">RH4721-112<\/td><td class=\"column-3\"><\/td><td class=\"column-4\">    <button class=\"add-to-budget\" data-table-id=\"Bastao-Trilho\" data-reference=\"RH4721-112\" data-description=\"Palo de ra\u00edl\" style=\"color:#ff4d00;\">\n        <img decoding=\"async\" src=\"https:\/\/www.ritzbrasil.com\/\/wp-content\/uploads\/2024\/07\/orcar-compras-tabela-new-1.png\" alt=\"Solicitar cotizaci\u00f3n\" title=\"Solicitar cotizaci\u00f3n\" \/>\n    <\/button>\n    <\/td>\n<\/tr>\n<tr class=\"row-3\">\n\t<td class=\"column-1\"><img decoding=\"async\" src=\"https:\/\/www.ritzbrasil.com\/wp-content\/uploads\/2024\/10\/rc400-0546-bastao-trilho-150x150-1.jpg\" \/><\/td><td class=\"column-2\">RC400-0546<\/td><td class=\"column-3\"><\/td><td class=\"column-4\">    <button class=\"add-to-budget\" data-table-id=\"Bastao-Trilho\" data-reference=\"RC400-0546\" data-description=\"Palo de ra\u00edl\" style=\"color:#ff4d00;\">\n        <img decoding=\"async\" src=\"https:\/\/www.ritzbrasil.com\/\/wp-content\/uploads\/2024\/07\/orcar-compras-tabela-new-1.png\" alt=\"Solicitar cotizaci\u00f3n\" title=\"Solicitar cotizaci\u00f3n\" \/>\n    <\/button>\n    <\/td>\n<\/tr>\n<\/tbody>\n<\/table>\n<\/div>\n[\/vc_column_text][vc_separator border_width=\u00bb2&#8243; css=\u00bb\u00bb][\/vc_column][\/vc_row][vc_row][vc_column][vc_column_text css=\u00bb.vc_custom_1730208446632{margin-top: 20px !important;}\u00bb]<\/p>\n<h4><span style=\"color: #ff9900;\"><strong>Componente<\/strong><\/span><\/h4>\n<p>[\/vc_column_text][vc_column_text css=\u00bb.vc_custom_1770124984623{margin-top: -20px !important;}\u00bb]\n<div id=\"tablepress-Bastao-Trilho-Componente-ES-scroll-wrapper\" class=\"tablepress-scroll-wrapper\">\n<table id=\"tablepress-Bastao-Trilho-Componente-ES\" class=\"tablepress tablepress-id-Bastao-Trilho-Componente-ES tablepress-responsive\">\n<thead>\n<tr class=\"row-1\">\n\t<td class=\"column-1\"><\/td><th class=\"column-2\">  Refer\u00eancias<\/th><th class=\"column-3\">Caracter\u00edstica<\/th><td class=\"column-4\"><\/td>\n<\/tr>\n<\/thead>\n<tbody class=\"row-striping row-hover\">\n<tr class=\"row-2\">\n\t<td class=\"column-1\"><img decoding=\"async\" src=\"https:\/\/www.ritzbrasil.com\/wp-content\/uploads\/2024\/10\/rh4723-2-colher-bastao-trilho-150x150-1.jpg\" \/><\/td><td class=\"column-2\">RH4723-2<\/td><td class=\"column-3\">Cuchara para barra de direcci\u00f3n \u00d8 64 mm<\/td><td class=\"column-4\">    <button class=\"add-to-budget\" data-table-id=\"Bastao-Trilho-Componente\" data-reference=\"RH4723-2\" data-description=\"Palo de ra\u00edl - Componente\" style=\"color:#ff4d00;\">\n        <img decoding=\"async\" src=\"https:\/\/www.ritzbrasil.com\/\/wp-content\/uploads\/2024\/07\/orcar-compras-tabela-new-1.png\" alt=\"Solicitar cotizaci\u00f3n\" title=\"Solicitar cotizaci\u00f3n\" \/>\n    <\/button>\n    <\/td>\n<\/tr>\n<tr class=\"row-3\">\n\t<td class=\"column-1\"><img decoding=\"async\" src=\"https:\/\/www.ritzbrasil.com\/wp-content\/uploads\/2024\/10\/rh4723-4-roldana-simples-colar-150x150-1.jpg\" \/><\/td><td class=\"column-2\">RH4723-4<\/td><td class=\"column-3\">Polea simple con collar\u00edn de \u00d8 64 mm para varilla de riel de \u00d8 64 mm<\/td><td class=\"column-4\">Table ID, reference or description not provided.<\/td>\n<\/tr>\n<tr class=\"row-4\">\n\t<td class=\"column-1\"><img decoding=\"async\" src=\"https:\/\/www.ritzbrasil.com\/wp-content\/uploads\/2024\/10\/rc400-0152-roldana-dupla-colar-150x150-1.jpg\" \/><\/td><td class=\"column-2\">RC400-0152<\/td><td class=\"column-3\">Polea doble con collar\u00edn de \u00d8 64 mm para barra de direcci\u00f3n de \u00d8 64 mm<\/td><td class=\"column-4\">Table ID, reference or description not provided.<\/td>\n<\/tr>\n<\/tbody>\n<\/table>\n<\/div>\n[\/vc_column_text][vc_separator border_width=\u00bb2&#8243; css=\u00bb\u00bb][\/vc_column][\/vc_row]<\/p>\n<\/div>","protected":false},"excerpt":{"rendered":"<h4><span style=\"color: #ff9900;\">Palo de ra\u00edl<\/span><\/h4>\n<p>Se utiliza para transportar la cadena de aisladores de suspensi\u00f3n a la estructura.<\/p>\n<p>Construido con tubo RITZGLAS\u00ae y piezas met\u00e1licas de aluminio y acero, el ra\u00edl puede instalarse horizontalmente bajo la aguja de la torre utilizando la montura met\u00e1lica.<\/p>\n<p>La cuchara (RH4723-2), que se adapta a aisladores de \u00d8 267 a 273 mm, se acopla a una p\u00e9rtiga de \u00d8 64 mm o 76 mm con un ojo giratorio y una polea simple o doble. Esta \u00faltima se utiliza para cadenas grandes o aisladores pesados, formando as\u00ed el conjunto de p\u00e9rtiga de ra\u00edl. <\/p>\n<p>La cuchara unida al poste se instala debajo del primer aislador de cadena superior para retirarla y moverla horizontalmente a<br \/>\nmantenimiento y volver a la posici\u00f3n original.<\/p>\n<p><strong>NOTA<\/strong><br \/>\n<em>CADENA DE SUSPENSI\u00d3N<\/em> &#8211; El conjunto de barra de cuchara, polea doble y barra de carril est\u00e1 dise\u00f1ado para una carga nominal de hasta 400 daN (880 lb), pero deben observarse los siguientes procedimientos en su aplicaci\u00f3n<br \/>\n:<\/p>\n<p>1. Utiliza siempre una polea doble con collar\u00edn de 64 mm (RC400-0152).<br \/>\n2. La p\u00e9rtiga de ra\u00edl recomendada para esta carga es de \u00d8 64 mm (RH4721-112).<br \/>\n3. La distancia m\u00e1xima entre los puntos de fijaci\u00f3n de la p\u00e9rtiga de ra\u00edl en la estructura para evitar una flexi\u00f3n excesiva es de 2 m.<br \/>\n4. El collar\u00edn de \u00d8 64 mm de la polea doble debe acoplarse a la p\u00e9rtiga de la cuchara a una distancia m\u00e1xima de 500 mm del centro de la cuchara.<\/p>\n","protected":false},"featured_media":59793,"template":"","meta":[],"product_brand":[],"product_cat":[2104],"product_tag":[2204,2201,2200,2202,2203],"class_list":{"0":"post-60988","1":"product","2":"type-product","3":"status-publish","4":"has-post-thumbnail","6":"product_cat-herramientas-de-traccion-locomocion-y-apoyo","7":"product_tag-rc400-0152-es","8":"product_tag-rc400-0546-es","9":"product_tag-rh4721-112-es","10":"product_tag-rh4723-2-es","11":"product_tag-rh4723-4-es","12":"description-off","14":"first","15":"instock","16":"virtual","17":"product-type-simple"},"yoast_head":"<!-- This site is optimized with the Yoast SEO plugin v27.1.1 - https:\/\/yoast.com\/product\/yoast-seo-wordpress\/ -->\n<title>Palo de ra\u00edl<\/title>\n<meta name=\"description\" content=\"P\u00e9rtiga con gancho en &quot;J&quot; para retirar eficazmente los aisladores en las cadenas triples, ofreciendo practicidad en las intervenciones seguras.\" \/>\n<meta name=\"robots\" content=\"index, follow, max-snippet:-1, max-image-preview:large, max-video-preview:-1\" \/>\n<link rel=\"canonical\" href=\"https:\/\/www.ritzbrasil.com\/es\/produtos\/herramientas-de-traccion-locomocion-y-apoyo\/palo-de-rail\/\" \/>\n<meta property=\"og:locale\" content=\"es_ES\" \/>\n<meta property=\"og:type\" content=\"article\" \/>\n<meta property=\"og:title\" content=\"Palo de ra\u00edl\" \/>\n<meta property=\"og:description\" content=\"P\u00e9rtiga con gancho en &quot;J&quot; para retirar eficazmente los aisladores en las cadenas triples, ofreciendo practicidad en las intervenciones seguras.\" \/>\n<meta property=\"og:url\" content=\"https:\/\/www.ritzbrasil.com\/es\/produtos\/herramientas-de-traccion-locomocion-y-apoyo\/palo-de-rail\/\" \/>\n<meta property=\"og:site_name\" content=\"Equipamentos de Manuten\u00e7\u00e3o e Seguran\u00e7a para o Setor El\u00e9trico - Ritz Brasil\" \/>\n<meta property=\"article:modified_time\" content=\"2026-02-03T13:23:07+00:00\" \/>\n<meta property=\"og:image\" content=\"https:\/\/www.ritzbrasil.com\/wp-content\/uploads\/2024\/10\/rh4721-112-bastao-trilho.jpg\" \/>\n\t<meta property=\"og:image:width\" content=\"1200\" \/>\n\t<meta property=\"og:image:height\" content=\"1200\" \/>\n\t<meta property=\"og:image:type\" content=\"image\/jpeg\" \/>\n<meta name=\"twitter:card\" content=\"summary_large_image\" \/>\n<meta name=\"twitter:label1\" content=\"Tiempo de lectura\" \/>\n\t<meta name=\"twitter:data1\" content=\"1 minuto\" \/>\n<script type=\"application\/ld+json\" class=\"yoast-schema-graph\">{\"@context\":\"https:\/\/schema.org\",\"@graph\":[{\"@type\":\"WebPage\",\"@id\":\"https:\/\/www.ritzbrasil.com\/es\/produtos\/herramientas-de-traccion-locomocion-y-apoyo\/palo-de-rail\/\",\"url\":\"https:\/\/www.ritzbrasil.com\/es\/produtos\/herramientas-de-traccion-locomocion-y-apoyo\/palo-de-rail\/\",\"name\":\"Palo de ra\u00edl\",\"isPartOf\":{\"@id\":\"https:\/\/www.ritzbrasil.com\/es\/#website\"},\"primaryImageOfPage\":{\"@id\":\"https:\/\/www.ritzbrasil.com\/es\/produtos\/herramientas-de-traccion-locomocion-y-apoyo\/palo-de-rail\/#primaryimage\"},\"image\":{\"@id\":\"https:\/\/www.ritzbrasil.com\/es\/produtos\/herramientas-de-traccion-locomocion-y-apoyo\/palo-de-rail\/#primaryimage\"},\"thumbnailUrl\":\"https:\/\/www.ritzbrasil.com\/wp-content\/uploads\/2024\/10\/rh4721-112-bastao-trilho.jpg\",\"datePublished\":\"2024-10-28T18:44:41+00:00\",\"dateModified\":\"2026-02-03T13:23:07+00:00\",\"description\":\"P\u00e9rtiga con gancho en \\\"J\\\" para retirar eficazmente los aisladores en las cadenas triples, ofreciendo practicidad en las intervenciones seguras.\",\"breadcrumb\":{\"@id\":\"https:\/\/www.ritzbrasil.com\/es\/produtos\/herramientas-de-traccion-locomocion-y-apoyo\/palo-de-rail\/#breadcrumb\"},\"inLanguage\":\"es\",\"potentialAction\":[{\"@type\":\"ReadAction\",\"target\":[\"https:\/\/www.ritzbrasil.com\/es\/produtos\/herramientas-de-traccion-locomocion-y-apoyo\/palo-de-rail\/\"]}]},{\"@type\":\"ImageObject\",\"inLanguage\":\"es\",\"@id\":\"https:\/\/www.ritzbrasil.com\/es\/produtos\/herramientas-de-traccion-locomocion-y-apoyo\/palo-de-rail\/#primaryimage\",\"url\":\"https:\/\/www.ritzbrasil.com\/wp-content\/uploads\/2024\/10\/rh4721-112-bastao-trilho.jpg\",\"contentUrl\":\"https:\/\/www.ritzbrasil.com\/wp-content\/uploads\/2024\/10\/rh4721-112-bastao-trilho.jpg\",\"width\":1200,\"height\":1200,\"caption\":\"RH4721-112 Palo de ra\u00edl\"},{\"@type\":\"BreadcrumbList\",\"@id\":\"https:\/\/www.ritzbrasil.com\/es\/produtos\/herramientas-de-traccion-locomocion-y-apoyo\/palo-de-rail\/#breadcrumb\",\"itemListElement\":[{\"@type\":\"ListItem\",\"position\":1,\"name\":\"In\u00edcio\",\"item\":\"https:\/\/www.ritzbrasil.com\/es\/\"},{\"@type\":\"ListItem\",\"position\":2,\"name\":\"Tienda\",\"item\":\"https:\/\/www.ritzbrasil.com\/es\/tienda\/\"},{\"@type\":\"ListItem\",\"position\":3,\"name\":\"Palo de ra\u00edl\"}]},{\"@type\":\"WebSite\",\"@id\":\"https:\/\/www.ritzbrasil.com\/es\/#website\",\"url\":\"https:\/\/www.ritzbrasil.com\/es\/\",\"name\":\"Equipamentos de Manuten\u00e7\u00e3o e Seguran\u00e7a para o Setor El\u00e9trico - Ritz Brasil\",\"description\":\"\",\"potentialAction\":[{\"@type\":\"SearchAction\",\"target\":{\"@type\":\"EntryPoint\",\"urlTemplate\":\"https:\/\/www.ritzbrasil.com\/es\/?s={search_term_string}\"},\"query-input\":{\"@type\":\"PropertyValueSpecification\",\"valueRequired\":true,\"valueName\":\"search_term_string\"}}],\"inLanguage\":\"es\"}]}<\/script>\n<!-- \/ Yoast SEO plugin. -->","yoast_head_json":{"title":"Palo de ra\u00edl","description":"P\u00e9rtiga con gancho en \"J\" para retirar eficazmente los aisladores en las cadenas triples, ofreciendo practicidad en las intervenciones seguras.","robots":{"index":"index","follow":"follow","max-snippet":"max-snippet:-1","max-image-preview":"max-image-preview:large","max-video-preview":"max-video-preview:-1"},"canonical":"https:\/\/www.ritzbrasil.com\/es\/produtos\/herramientas-de-traccion-locomocion-y-apoyo\/palo-de-rail\/","og_locale":"es_ES","og_type":"article","og_title":"Palo de ra\u00edl","og_description":"P\u00e9rtiga con gancho en \"J\" para retirar eficazmente los aisladores en las cadenas triples, ofreciendo practicidad en las intervenciones seguras.","og_url":"https:\/\/www.ritzbrasil.com\/es\/produtos\/herramientas-de-traccion-locomocion-y-apoyo\/palo-de-rail\/","og_site_name":"Equipamentos de Manuten\u00e7\u00e3o e Seguran\u00e7a para o Setor El\u00e9trico - Ritz Brasil","article_modified_time":"2026-02-03T13:23:07+00:00","og_image":[{"width":1200,"height":1200,"url":"https:\/\/www.ritzbrasil.com\/wp-content\/uploads\/2024\/10\/rh4721-112-bastao-trilho.jpg","type":"image\/jpeg"}],"twitter_card":"summary_large_image","twitter_misc":{"Tiempo de lectura":"1 minuto"},"schema":{"@context":"https:\/\/schema.org","@graph":[{"@type":"WebPage","@id":"https:\/\/www.ritzbrasil.com\/es\/produtos\/herramientas-de-traccion-locomocion-y-apoyo\/palo-de-rail\/","url":"https:\/\/www.ritzbrasil.com\/es\/produtos\/herramientas-de-traccion-locomocion-y-apoyo\/palo-de-rail\/","name":"Palo de ra\u00edl","isPartOf":{"@id":"https:\/\/www.ritzbrasil.com\/es\/#website"},"primaryImageOfPage":{"@id":"https:\/\/www.ritzbrasil.com\/es\/produtos\/herramientas-de-traccion-locomocion-y-apoyo\/palo-de-rail\/#primaryimage"},"image":{"@id":"https:\/\/www.ritzbrasil.com\/es\/produtos\/herramientas-de-traccion-locomocion-y-apoyo\/palo-de-rail\/#primaryimage"},"thumbnailUrl":"https:\/\/www.ritzbrasil.com\/wp-content\/uploads\/2024\/10\/rh4721-112-bastao-trilho.jpg","datePublished":"2024-10-28T18:44:41+00:00","dateModified":"2026-02-03T13:23:07+00:00","description":"P\u00e9rtiga con gancho en \"J\" para retirar eficazmente los aisladores en las cadenas triples, ofreciendo practicidad en las intervenciones seguras.","breadcrumb":{"@id":"https:\/\/www.ritzbrasil.com\/es\/produtos\/herramientas-de-traccion-locomocion-y-apoyo\/palo-de-rail\/#breadcrumb"},"inLanguage":"es","potentialAction":[{"@type":"ReadAction","target":["https:\/\/www.ritzbrasil.com\/es\/produtos\/herramientas-de-traccion-locomocion-y-apoyo\/palo-de-rail\/"]}]},{"@type":"ImageObject","inLanguage":"es","@id":"https:\/\/www.ritzbrasil.com\/es\/produtos\/herramientas-de-traccion-locomocion-y-apoyo\/palo-de-rail\/#primaryimage","url":"https:\/\/www.ritzbrasil.com\/wp-content\/uploads\/2024\/10\/rh4721-112-bastao-trilho.jpg","contentUrl":"https:\/\/www.ritzbrasil.com\/wp-content\/uploads\/2024\/10\/rh4721-112-bastao-trilho.jpg","width":1200,"height":1200,"caption":"RH4721-112 Palo de ra\u00edl"},{"@type":"BreadcrumbList","@id":"https:\/\/www.ritzbrasil.com\/es\/produtos\/herramientas-de-traccion-locomocion-y-apoyo\/palo-de-rail\/#breadcrumb","itemListElement":[{"@type":"ListItem","position":1,"name":"In\u00edcio","item":"https:\/\/www.ritzbrasil.com\/es\/"},{"@type":"ListItem","position":2,"name":"Tienda","item":"https:\/\/www.ritzbrasil.com\/es\/tienda\/"},{"@type":"ListItem","position":3,"name":"Palo de ra\u00edl"}]},{"@type":"WebSite","@id":"https:\/\/www.ritzbrasil.com\/es\/#website","url":"https:\/\/www.ritzbrasil.com\/es\/","name":"Equipamentos de Manuten\u00e7\u00e3o e Seguran\u00e7a para o Setor El\u00e9trico - Ritz Brasil","description":"","potentialAction":[{"@type":"SearchAction","target":{"@type":"EntryPoint","urlTemplate":"https:\/\/www.ritzbrasil.com\/es\/?s={search_term_string}"},"query-input":{"@type":"PropertyValueSpecification","valueRequired":true,"valueName":"search_term_string"}}],"inLanguage":"es"}]}},"_links":{"self":[{"href":"https:\/\/www.ritzbrasil.com\/es\/wp-json\/wp\/v2\/product\/60988","targetHints":{"allow":["GET"]}}],"collection":[{"href":"https:\/\/www.ritzbrasil.com\/es\/wp-json\/wp\/v2\/product"}],"about":[{"href":"https:\/\/www.ritzbrasil.com\/es\/wp-json\/wp\/v2\/types\/product"}],"wp:featuredmedia":[{"embeddable":true,"href":"https:\/\/www.ritzbrasil.com\/es\/wp-json\/wp\/v2\/media\/59793"}],"wp:attachment":[{"href":"https:\/\/www.ritzbrasil.com\/es\/wp-json\/wp\/v2\/media?parent=60988"}],"wp:term":[{"taxonomy":"product_brand","embeddable":true,"href":"https:\/\/www.ritzbrasil.com\/es\/wp-json\/wp\/v2\/product_brand?post=60988"},{"taxonomy":"product_cat","embeddable":true,"href":"https:\/\/www.ritzbrasil.com\/es\/wp-json\/wp\/v2\/product_cat?post=60988"},{"taxonomy":"product_tag","embeddable":true,"href":"https:\/\/www.ritzbrasil.com\/es\/wp-json\/wp\/v2\/product_tag?post=60988"}],"curies":[{"name":"wp","href":"https:\/\/api.w.org\/{rel}","templated":true}]}}