{"id":60986,"date":"2024-10-28T15:08:19","date_gmt":"2024-10-28T18:08:19","guid":{"rendered":"https:\/\/bisque-bison-688002.hostingersite.com\/produtos\/sin%20categor\u00eda\/pertiga-con-gancho-en-j\/"},"modified":"2026-02-03T10:41:27","modified_gmt":"2026-02-03T13:41:27","slug":"pertiga-con-gancho-en-j","status":"publish","type":"product","link":"https:\/\/www.ritzbrasil.com\/es\/produtos\/herramientas-de-traccion-locomocion-y-apoyo\/pertiga-con-gancho-en-j\/","title":{"rendered":"P\u00e9rtiga con gancho en J"},"content":{"rendered":"<div class=\"wpb-content-wrapper\"><p>[vc_row][vc_column][vc_column_text css=\u00bb.vc_custom_1730140620507{margin-top: 20px !important;}\u00bb]<\/p>\n<h4><span style=\"color: #ff9900;\"><strong>P\u00e9rtiga de cuna con gancho en \u00abJ<\/strong><\/span><\/h4>\n<p>[\/vc_column_text][vc_column_text css=\u00bb.vc_custom_1770125849590{margin-top: -20px !important;}\u00bb]\n<div id=\"tablepress-Bastao-Berco-Gancho-Tipo-J-ES-scroll-wrapper\" class=\"tablepress-scroll-wrapper\">\n<table id=\"tablepress-Bastao-Berco-Gancho-Tipo-J-ES\" class=\"tablepress tablepress-id-Bastao-Berco-Gancho-Tipo-J-ES tablepress-responsive\">\n<thead>\n<tr class=\"row-1\">\n\t<td class=\"column-1\"><\/td><th class=\"column-2\">  ReferEncias<\/th><th class=\"column-3\">Caracter\u00edstica<\/th><td class=\"column-4\"><\/td>\n<\/tr>\n<\/thead>\n<tbody class=\"row-striping row-hover\">\n<tr class=\"row-2\">\n\t<td class=\"column-1\"><img decoding=\"async\" src=\"https:\/\/www.ritzbrasil.com\/wp-content\/uploads\/2024\/10\/rc402-0790-bastao-gancho-tipo-j-150x150-1.jpg\" \/><\/td><td class=\"column-2\">RC402-0790<\/td><td class=\"column-3\">P\u00e9rtiga de cuna con gancho en \u00abJ<\/td><td class=\"column-4\">    <button class=\"add-to-budget\" data-table-id=\"Bastao-Berco-Gancho-Tipo-J\" data-reference=\"RC402-0790\" data-description=\"P\u00e9rtiga de cuna con gancho en \u00abJ\" style=\"color:#ff4d00;\">\n        <img decoding=\"async\" src=\"https:\/\/www.ritzbrasil.com\/\/wp-content\/uploads\/2024\/07\/orcar-compras-tabela-new-1.png\" alt=\"Solicitar cotizaci\u00f3n\" title=\"Solicitar cotizaci\u00f3n\" \/>\n    <\/button>\n    <\/td>\n<\/tr>\n<\/tbody>\n<\/table>\n<\/div>\n[\/vc_column_text][vc_separator border_width=\u00bb2&#8243; css=\u00bb\u00bb][\/vc_column][\/vc_row][vc_row][vc_column][vc_column_text css=\u00bb.vc_custom_1730140705902{margin-top: 20px !important;}\u00bb]<\/p>\n<h4><span style=\"color: #ff9900;\"><strong>Cuna con gancho en J<\/strong><\/span><\/h4>\n<p>[\/vc_column_text][vc_column_text css=\u00bb.vc_custom_1770126085069{margin-top: -20px !important;}\u00bb]\n<div id=\"tablepress-Berco-Gancho-Tipo-J-ES-scroll-wrapper\" class=\"tablepress-scroll-wrapper\">\n<table id=\"tablepress-Berco-Gancho-Tipo-J-ES\" class=\"tablepress tablepress-id-Berco-Gancho-Tipo-J-ES tablepress-responsive\">\n<thead>\n<tr class=\"row-1\">\n\t<td class=\"column-1\"><\/td><th class=\"column-2\">  Referencias<\/th><th class=\"column-3\">Caracter\u00edstica<\/th><td class=\"column-4\"><\/td>\n<\/tr>\n<\/thead>\n<tbody class=\"row-striping row-hover\">\n<tr class=\"row-2\">\n\t<td class=\"column-1\"><img decoding=\"async\" src=\"\" \/><\/td><td class=\"column-2\">FLV03457-2<\/td><td class=\"column-3\">Correa m\u00e1s peque\u00f1a para cuna<\/td><td class=\"column-4\">    <button class=\"add-to-budget\" data-table-id=\"Bastao-Berco-Gancho-Tipo-J\" data-reference=\"FLV03457-2\" data-description=\"Cuna con gancho en J&lt;br \/&gt;\n\" style=\"color:#ff4d00;\">\n        <img decoding=\"async\" src=\"https:\/\/www.ritzbrasil.com\/\/wp-content\/uploads\/2024\/07\/orcar-compras-tabela-new-1.png\" alt=\"Solicitar cotizaci\u00f3n\" title=\"Solicitar cotizaci\u00f3n\" \/>\n    <\/button>\n    <\/td>\n<\/tr>\n<tr class=\"row-3\">\n\t<td class=\"column-1\"><img decoding=\"async\" src=\"https:\/\/www.ritzbrasil.com\/wp-content\/uploads\/2024\/10\/rc402-0790-bastao-gancho-tipo-j-150x150-1.jpg\" \/><\/td><td class=\"column-2\">RC402-0790<\/td><td class=\"column-3\">P\u00e9rtiga de gancho tipo J<\/td><td class=\"column-4\">    <button class=\"add-to-budget\" data-table-id=\"Bastao-Berco-Gancho-Tipo-J\" data-reference=\"RC402-0790\" data-description=\"Cuna con gancho en J&lt;br \/&gt;\n\" style=\"color:#ff4d00;\">\n        <img decoding=\"async\" src=\"https:\/\/www.ritzbrasil.com\/\/wp-content\/uploads\/2024\/07\/orcar-compras-tabela-new-1.png\" alt=\"Solicitar cotizaci\u00f3n\" title=\"Solicitar cotizaci\u00f3n\" \/>\n    <\/button>\n    <\/td>\n<\/tr>\n<tr class=\"row-4\">\n\t<td class=\"column-1\"><img decoding=\"async\" src=\"\" \/><\/td><td class=\"column-2\">FLV18595-1<\/td><td class=\"column-3\">Tubo de 64 mm de di\u00e1metro con terminal de pl\u00e1stico y ojal para cuna<\/td><td class=\"column-4\">    <button class=\"add-to-budget\" data-table-id=\"Bastao-Berco-Gancho-Tipo-J\" data-reference=\"FLV18595-1\" data-description=\"Cuna con gancho en J&lt;br \/&gt;\n\" style=\"color:#ff4d00;\">\n        <img decoding=\"async\" src=\"https:\/\/www.ritzbrasil.com\/\/wp-content\/uploads\/2024\/07\/orcar-compras-tabela-new-1.png\" alt=\"Solicitar cotizaci\u00f3n\" title=\"Solicitar cotizaci\u00f3n\" \/>\n    <\/button>\n    <\/td>\n<\/tr>\n<tr class=\"row-5\">\n\t<td class=\"column-1\"><img decoding=\"async\" src=\"https:\/\/www.ritzbrasil.com\/wp-content\/uploads\/2024\/09\/re402-0138-colar-64mm-tirante-150x150-1.jpg\" \/><\/td><td class=\"column-2\">RE402-0138<\/td><td class=\"column-3\">Collar\u00edn de \u00d8 64 mm para tirante<\/td><td class=\"column-4\">    <button class=\"add-to-budget\" data-table-id=\"Bastao-Berco-Gancho-Tipo-J\" data-reference=\"RE402-0138\" data-description=\"Cuna con gancho en J&lt;br \/&gt;\n\" style=\"color:#ff4d00;\">\n        <img decoding=\"async\" src=\"https:\/\/www.ritzbrasil.com\/\/wp-content\/uploads\/2024\/07\/orcar-compras-tabela-new-1.png\" alt=\"Solicitar cotizaci\u00f3n\" title=\"Solicitar cotizaci\u00f3n\" \/>\n    <\/button>\n    <\/td>\n<\/tr>\n<tr class=\"row-6\">\n\t<td class=\"column-1\"><img decoding=\"async\" src=\"\" \/><\/td><td class=\"column-2\">FLV03457-6<\/td><td class=\"column-3\">Collar\u00edn de \u00d8 64 mm para tirante<\/td><td class=\"column-4\">    <button class=\"add-to-budget\" data-table-id=\"Bastao-Berco-Gancho-Tipo-J\" data-reference=\"FLV03457-6\" data-description=\"Cuna con gancho en J&lt;br \/&gt;\n\" style=\"color:#ff4d00;\">\n        <img decoding=\"async\" src=\"https:\/\/www.ritzbrasil.com\/\/wp-content\/uploads\/2024\/07\/orcar-compras-tabela-new-1.png\" alt=\"Solicitar cotizaci\u00f3n\" title=\"Solicitar cotizaci\u00f3n\" \/>\n    <\/button>\n    <\/td>\n<\/tr>\n<tr class=\"row-7\">\n\t<td class=\"column-1\"><img decoding=\"async\" src=\"https:\/\/www.ritzbrasil.com\/wp-content\/uploads\/2024\/10\/flv01852-1-suporte-berco-150x150-1.jpg\" \/><\/td><td class=\"column-2\">FLV01852-1<\/td><td class=\"column-3\">Soporte de la correa de la cuna<\/td><td class=\"column-4\">    <button class=\"add-to-budget\" data-table-id=\"Bastao-Berco-Gancho-Tipo-J\" data-reference=\"FLV01852-1\" data-description=\"Cuna con gancho en J&lt;br \/&gt;\n\" style=\"color:#ff4d00;\">\n        <img decoding=\"async\" src=\"https:\/\/www.ritzbrasil.com\/\/wp-content\/uploads\/2024\/07\/orcar-compras-tabela-new-1.png\" alt=\"Solicitar cotizaci\u00f3n\" title=\"Solicitar cotizaci\u00f3n\" \/>\n    <\/button>\n    <\/td>\n<\/tr>\n<\/tbody>\n<\/table>\n<\/div>\n[\/vc_column_text][vc_separator border_width=\u00bb2&#8243; css=\u00bb\u00bb][\/vc_column][\/vc_row]<\/p>\n<\/div>","protected":false},"excerpt":{"rendered":"<h4><span style=\"color: #ff9900;\">P\u00e9rtiga con gancho en J<\/span><\/h4>\n<p>Se utiliza como soluci\u00f3n alternativa eficaz para eliminar los aisladores inferiores de una cadena triple.<\/p>\n<p>Fabricado con tubo RITZGLAS\u00ae, un extremo tiene un gancho de acero, que gira libremente para permitir un ajuste r\u00e1pido y f\u00e1cil a la cadena. Para garantizar la protecci\u00f3n de los aisladores, el gancho tiene un revestimiento de pl\u00e1stico en toda su longitud. <\/p>\n<p>Para formar completamente la cuna con el gancho en \u00abJ\u00bb, es necesario acoplar el conjunto de soporte principal del RC401-0354 a las cunas de la serie RC401-0359.<\/p>\n","protected":false},"featured_media":59789,"template":"","meta":[],"product_brand":[],"product_cat":[2104],"product_tag":[2194,2196,2197,2195,2198,2193],"class_list":{"0":"post-60986","1":"product","2":"type-product","3":"status-publish","4":"has-post-thumbnail","6":"product_cat-herramientas-de-traccion-locomocion-y-apoyo","7":"product_tag-flv01852-1-es","8":"product_tag-flv03457-2-es","9":"product_tag-flv03457-6-es","10":"product_tag-flv18595-1-es","11":"product_tag-rc402-0790-es","12":"product_tag-re402-0138-es","13":"description-off","15":"first","16":"instock","17":"virtual","18":"product-type-simple"},"yoast_head":"<!-- This site is optimized with the Yoast SEO plugin v27.1.1 - https:\/\/yoast.com\/product\/yoast-seo-wordpress\/ -->\n<title>P\u00e9rtiga con gancho en J<\/title>\n<meta name=\"description\" content=\"P\u00e9rtiga con gancho en &quot;J&quot; para retirar eficazmente los aisladores en las cadenas triples, ofreciendo practicidad en las intervenciones seguras.\" \/>\n<meta name=\"robots\" content=\"index, follow, max-snippet:-1, max-image-preview:large, max-video-preview:-1\" \/>\n<link rel=\"canonical\" href=\"https:\/\/www.ritzbrasil.com\/es\/produtos\/herramientas-de-traccion-locomocion-y-apoyo\/pertiga-con-gancho-en-j\/\" \/>\n<meta property=\"og:locale\" content=\"es_ES\" \/>\n<meta property=\"og:type\" content=\"article\" \/>\n<meta property=\"og:title\" content=\"P\u00e9rtiga con gancho en J\" \/>\n<meta property=\"og:description\" content=\"P\u00e9rtiga con gancho en &quot;J&quot; para retirar eficazmente los aisladores en las cadenas triples, ofreciendo practicidad en las intervenciones seguras.\" \/>\n<meta property=\"og:url\" content=\"https:\/\/www.ritzbrasil.com\/es\/produtos\/herramientas-de-traccion-locomocion-y-apoyo\/pertiga-con-gancho-en-j\/\" \/>\n<meta property=\"og:site_name\" content=\"Equipamentos de Manuten\u00e7\u00e3o e Seguran\u00e7a para o Setor El\u00e9trico - Ritz Brasil\" \/>\n<meta property=\"article:modified_time\" content=\"2026-02-03T13:41:27+00:00\" \/>\n<meta property=\"og:image\" content=\"https:\/\/www.ritzbrasil.com\/wp-content\/uploads\/2024\/10\/rc402-0790-bastao-gancho-tipo-j.jpg\" \/>\n\t<meta property=\"og:image:width\" content=\"1200\" \/>\n\t<meta property=\"og:image:height\" content=\"1200\" \/>\n\t<meta property=\"og:image:type\" content=\"image\/jpeg\" \/>\n<meta name=\"twitter:card\" content=\"summary_large_image\" \/>\n<meta name=\"twitter:label1\" content=\"Tiempo de lectura\" \/>\n\t<meta name=\"twitter:data1\" content=\"1 minuto\" \/>\n<script type=\"application\/ld+json\" class=\"yoast-schema-graph\">{\"@context\":\"https:\/\/schema.org\",\"@graph\":[{\"@type\":\"WebPage\",\"@id\":\"https:\/\/www.ritzbrasil.com\/es\/produtos\/herramientas-de-traccion-locomocion-y-apoyo\/pertiga-con-gancho-en-j\/\",\"url\":\"https:\/\/www.ritzbrasil.com\/es\/produtos\/herramientas-de-traccion-locomocion-y-apoyo\/pertiga-con-gancho-en-j\/\",\"name\":\"P\u00e9rtiga con gancho en J\",\"isPartOf\":{\"@id\":\"https:\/\/www.ritzbrasil.com\/es\/#website\"},\"primaryImageOfPage\":{\"@id\":\"https:\/\/www.ritzbrasil.com\/es\/produtos\/herramientas-de-traccion-locomocion-y-apoyo\/pertiga-con-gancho-en-j\/#primaryimage\"},\"image\":{\"@id\":\"https:\/\/www.ritzbrasil.com\/es\/produtos\/herramientas-de-traccion-locomocion-y-apoyo\/pertiga-con-gancho-en-j\/#primaryimage\"},\"thumbnailUrl\":\"https:\/\/www.ritzbrasil.com\/wp-content\/uploads\/2024\/10\/rc402-0790-bastao-gancho-tipo-j.jpg\",\"datePublished\":\"2024-10-28T18:08:19+00:00\",\"dateModified\":\"2026-02-03T13:41:27+00:00\",\"description\":\"P\u00e9rtiga con gancho en \\\"J\\\" para retirar eficazmente los aisladores en las cadenas triples, ofreciendo practicidad en las intervenciones seguras.\",\"breadcrumb\":{\"@id\":\"https:\/\/www.ritzbrasil.com\/es\/produtos\/herramientas-de-traccion-locomocion-y-apoyo\/pertiga-con-gancho-en-j\/#breadcrumb\"},\"inLanguage\":\"es\",\"potentialAction\":[{\"@type\":\"ReadAction\",\"target\":[\"https:\/\/www.ritzbrasil.com\/es\/produtos\/herramientas-de-traccion-locomocion-y-apoyo\/pertiga-con-gancho-en-j\/\"]}]},{\"@type\":\"ImageObject\",\"inLanguage\":\"es\",\"@id\":\"https:\/\/www.ritzbrasil.com\/es\/produtos\/herramientas-de-traccion-locomocion-y-apoyo\/pertiga-con-gancho-en-j\/#primaryimage\",\"url\":\"https:\/\/www.ritzbrasil.com\/wp-content\/uploads\/2024\/10\/rc402-0790-bastao-gancho-tipo-j.jpg\",\"contentUrl\":\"https:\/\/www.ritzbrasil.com\/wp-content\/uploads\/2024\/10\/rc402-0790-bastao-gancho-tipo-j.jpg\",\"width\":1200,\"height\":1200,\"caption\":\"RC402-0790 Varilla con gancho en J\"},{\"@type\":\"BreadcrumbList\",\"@id\":\"https:\/\/www.ritzbrasil.com\/es\/produtos\/herramientas-de-traccion-locomocion-y-apoyo\/pertiga-con-gancho-en-j\/#breadcrumb\",\"itemListElement\":[{\"@type\":\"ListItem\",\"position\":1,\"name\":\"In\u00edcio\",\"item\":\"https:\/\/www.ritzbrasil.com\/es\/\"},{\"@type\":\"ListItem\",\"position\":2,\"name\":\"Tienda\",\"item\":\"https:\/\/www.ritzbrasil.com\/es\/tienda\/\"},{\"@type\":\"ListItem\",\"position\":3,\"name\":\"P\u00e9rtiga con gancho en J\"}]},{\"@type\":\"WebSite\",\"@id\":\"https:\/\/www.ritzbrasil.com\/es\/#website\",\"url\":\"https:\/\/www.ritzbrasil.com\/es\/\",\"name\":\"Equipamentos de Manuten\u00e7\u00e3o e Seguran\u00e7a para o Setor El\u00e9trico - Ritz Brasil\",\"description\":\"\",\"potentialAction\":[{\"@type\":\"SearchAction\",\"target\":{\"@type\":\"EntryPoint\",\"urlTemplate\":\"https:\/\/www.ritzbrasil.com\/es\/?s={search_term_string}\"},\"query-input\":{\"@type\":\"PropertyValueSpecification\",\"valueRequired\":true,\"valueName\":\"search_term_string\"}}],\"inLanguage\":\"es\"}]}<\/script>\n<!-- \/ Yoast SEO plugin. -->","yoast_head_json":{"title":"P\u00e9rtiga con gancho en J","description":"P\u00e9rtiga con gancho en \"J\" para retirar eficazmente los aisladores en las cadenas triples, ofreciendo practicidad en las intervenciones seguras.","robots":{"index":"index","follow":"follow","max-snippet":"max-snippet:-1","max-image-preview":"max-image-preview:large","max-video-preview":"max-video-preview:-1"},"canonical":"https:\/\/www.ritzbrasil.com\/es\/produtos\/herramientas-de-traccion-locomocion-y-apoyo\/pertiga-con-gancho-en-j\/","og_locale":"es_ES","og_type":"article","og_title":"P\u00e9rtiga con gancho en J","og_description":"P\u00e9rtiga con gancho en \"J\" para retirar eficazmente los aisladores en las cadenas triples, ofreciendo practicidad en las intervenciones seguras.","og_url":"https:\/\/www.ritzbrasil.com\/es\/produtos\/herramientas-de-traccion-locomocion-y-apoyo\/pertiga-con-gancho-en-j\/","og_site_name":"Equipamentos de Manuten\u00e7\u00e3o e Seguran\u00e7a para o Setor El\u00e9trico - Ritz Brasil","article_modified_time":"2026-02-03T13:41:27+00:00","og_image":[{"width":1200,"height":1200,"url":"https:\/\/www.ritzbrasil.com\/wp-content\/uploads\/2024\/10\/rc402-0790-bastao-gancho-tipo-j.jpg","type":"image\/jpeg"}],"twitter_card":"summary_large_image","twitter_misc":{"Tiempo de lectura":"1 minuto"},"schema":{"@context":"https:\/\/schema.org","@graph":[{"@type":"WebPage","@id":"https:\/\/www.ritzbrasil.com\/es\/produtos\/herramientas-de-traccion-locomocion-y-apoyo\/pertiga-con-gancho-en-j\/","url":"https:\/\/www.ritzbrasil.com\/es\/produtos\/herramientas-de-traccion-locomocion-y-apoyo\/pertiga-con-gancho-en-j\/","name":"P\u00e9rtiga con gancho en J","isPartOf":{"@id":"https:\/\/www.ritzbrasil.com\/es\/#website"},"primaryImageOfPage":{"@id":"https:\/\/www.ritzbrasil.com\/es\/produtos\/herramientas-de-traccion-locomocion-y-apoyo\/pertiga-con-gancho-en-j\/#primaryimage"},"image":{"@id":"https:\/\/www.ritzbrasil.com\/es\/produtos\/herramientas-de-traccion-locomocion-y-apoyo\/pertiga-con-gancho-en-j\/#primaryimage"},"thumbnailUrl":"https:\/\/www.ritzbrasil.com\/wp-content\/uploads\/2024\/10\/rc402-0790-bastao-gancho-tipo-j.jpg","datePublished":"2024-10-28T18:08:19+00:00","dateModified":"2026-02-03T13:41:27+00:00","description":"P\u00e9rtiga con gancho en \"J\" para retirar eficazmente los aisladores en las cadenas triples, ofreciendo practicidad en las intervenciones seguras.","breadcrumb":{"@id":"https:\/\/www.ritzbrasil.com\/es\/produtos\/herramientas-de-traccion-locomocion-y-apoyo\/pertiga-con-gancho-en-j\/#breadcrumb"},"inLanguage":"es","potentialAction":[{"@type":"ReadAction","target":["https:\/\/www.ritzbrasil.com\/es\/produtos\/herramientas-de-traccion-locomocion-y-apoyo\/pertiga-con-gancho-en-j\/"]}]},{"@type":"ImageObject","inLanguage":"es","@id":"https:\/\/www.ritzbrasil.com\/es\/produtos\/herramientas-de-traccion-locomocion-y-apoyo\/pertiga-con-gancho-en-j\/#primaryimage","url":"https:\/\/www.ritzbrasil.com\/wp-content\/uploads\/2024\/10\/rc402-0790-bastao-gancho-tipo-j.jpg","contentUrl":"https:\/\/www.ritzbrasil.com\/wp-content\/uploads\/2024\/10\/rc402-0790-bastao-gancho-tipo-j.jpg","width":1200,"height":1200,"caption":"RC402-0790 Varilla con gancho en J"},{"@type":"BreadcrumbList","@id":"https:\/\/www.ritzbrasil.com\/es\/produtos\/herramientas-de-traccion-locomocion-y-apoyo\/pertiga-con-gancho-en-j\/#breadcrumb","itemListElement":[{"@type":"ListItem","position":1,"name":"In\u00edcio","item":"https:\/\/www.ritzbrasil.com\/es\/"},{"@type":"ListItem","position":2,"name":"Tienda","item":"https:\/\/www.ritzbrasil.com\/es\/tienda\/"},{"@type":"ListItem","position":3,"name":"P\u00e9rtiga con gancho en J"}]},{"@type":"WebSite","@id":"https:\/\/www.ritzbrasil.com\/es\/#website","url":"https:\/\/www.ritzbrasil.com\/es\/","name":"Equipamentos de Manuten\u00e7\u00e3o e Seguran\u00e7a para o Setor El\u00e9trico - Ritz Brasil","description":"","potentialAction":[{"@type":"SearchAction","target":{"@type":"EntryPoint","urlTemplate":"https:\/\/www.ritzbrasil.com\/es\/?s={search_term_string}"},"query-input":{"@type":"PropertyValueSpecification","valueRequired":true,"valueName":"search_term_string"}}],"inLanguage":"es"}]}},"_links":{"self":[{"href":"https:\/\/www.ritzbrasil.com\/es\/wp-json\/wp\/v2\/product\/60986","targetHints":{"allow":["GET"]}}],"collection":[{"href":"https:\/\/www.ritzbrasil.com\/es\/wp-json\/wp\/v2\/product"}],"about":[{"href":"https:\/\/www.ritzbrasil.com\/es\/wp-json\/wp\/v2\/types\/product"}],"wp:featuredmedia":[{"embeddable":true,"href":"https:\/\/www.ritzbrasil.com\/es\/wp-json\/wp\/v2\/media\/59789"}],"wp:attachment":[{"href":"https:\/\/www.ritzbrasil.com\/es\/wp-json\/wp\/v2\/media?parent=60986"}],"wp:term":[{"taxonomy":"product_brand","embeddable":true,"href":"https:\/\/www.ritzbrasil.com\/es\/wp-json\/wp\/v2\/product_brand?post=60986"},{"taxonomy":"product_cat","embeddable":true,"href":"https:\/\/www.ritzbrasil.com\/es\/wp-json\/wp\/v2\/product_cat?post=60986"},{"taxonomy":"product_tag","embeddable":true,"href":"https:\/\/www.ritzbrasil.com\/es\/wp-json\/wp\/v2\/product_tag?post=60986"}],"curies":[{"name":"wp","href":"https:\/\/api.w.org\/{rel}","templated":true}]}}