{"id":60983,"date":"2024-10-23T11:24:30","date_gmt":"2024-10-23T14:24:30","guid":{"rendered":"https:\/\/bisque-bison-688002.hostingersite.com\/produtos\/sin%20categor\u00eda\/toma-de-tierra-estatica\/"},"modified":"2026-02-25T16:50:35","modified_gmt":"2026-02-25T19:50:35","slug":"toma-de-tierra-estatica","status":"publish","type":"product","link":"https:\/\/www.ritzbrasil.com\/es\/produtos\/herramientas-de-traccion-locomocion-y-apoyo\/toma-de-tierra-estatica\/","title":{"rendered":"Toma de tierra est\u00e1tica"},"content":{"rendered":"<div class=\"wpb-content-wrapper\"><p>[vc_row][vc_column][vc_column_text css=\u00bb.vc_custom_1729692674982{margin-top: 20px !important;}\u00bb]<\/p>\n<h4><span style=\"color: #ff9900;\"><strong>Toma de tierra est\u00e1tica<\/strong><\/span><\/h4>\n<p>[\/vc_column_text][vc_column_text css=\u00bb.vc_custom_1729693337175{margin-top: -20px !important;}\u00bb]\n<div id=\"tablepress-RC600-0000-Aterramento-Estatico-scroll-wrapper\" class=\"tablepress-scroll-wrapper\">\n<table id=\"tablepress-RC600-0000-Aterramento-Estatico\" class=\"tablepress tablepress-id-RC600-0000-Aterramento-Estatico tablepress-responsive\">\n<thead>\n<tr class=\"row-1\">\n\t<td class=\"column-1\"><\/td><th class=\"column-2\">  Refer\u00eancias<\/th><th class=\"column-3\">Caracter\u00edstica<\/th><td class=\"column-4\"><\/td><td class=\"column-5\"><\/td>\n<\/tr>\n<\/thead>\n<tbody class=\"row-striping row-hover\">\n<tr class=\"row-2\">\n\t<td class=\"column-1\"><img decoding=\"async\" src=\"https:\/\/www.ritzbrasil.com\/wp-content\/uploads\/2024\/10\/rc600-0000-aterramento-estatico-grampo-fixacao-parafuso-tipo-t-150x150-1.jpg\" \/><\/td><td class=\"column-2\">RC600-0000<\/td><td class=\"column-3\">Aterramento est\u00e1tico com grampo de<br \/>\nfixa\u00e7\u00e3o com parafuso tipo \u201cT\u201d<\/td><td class=\"column-4\">    <button class=\"add-to-budget\" data-table-id=\"RC600-0000-Aterramento-Estatico\" data-reference=\"RC600-0000\" data-description=\"Aterramento Est\u00e1tico\" style=\"color:#ff4d00;\">\n        <img decoding=\"async\" src=\"https:\/\/www.ritzbrasil.com\/\/wp-content\/uploads\/2024\/07\/orcar-compras-tabela-new-1.png\" alt=\"Solicitar cotizaci\u00f3n\" title=\"Solicitar cotizaci\u00f3n\" \/>\n    <\/button>\n    <\/td><td class=\"column-5\"><a href=\"https:\/\/lojasritz.com.br\/catalogsearch\/result\/?q=RC600-0000\" target=\"_blank\" rel=\"noopener\"><img decoding=\"async\" src=\"https:\/\/www.ritzbrasil.com\/wp-content\/uploads\/2024\/07\/carrinho-compras-tabela.png\"  \/><\/a><\/td>\n<\/tr>\n<tr class=\"row-3\">\n\t<td class=\"column-1\"><img decoding=\"async\" src=\"https:\/\/www.ritzbrasil.com\/wp-content\/uploads\/2024\/10\/rhg4230-1-aterramento-estatico-parafuso-fixacao-tipo-olhal-150x150-1.jpg\" \/><\/td><td class=\"column-2\">RHG4230-1<\/td><td class=\"column-3\">Aterramento est\u00e1tico com parafuso<br \/>\nde fixa\u00e7\u00e3o tipo olhal<\/td><td class=\"column-4\">    <button class=\"add-to-budget\" data-table-id=\"RC600-0000-Aterramento-Estatico\" data-reference=\"RHG4230-1\" data-description=\"Aterramento Est\u00e1tico\" style=\"color:#ff4d00;\">\n        <img decoding=\"async\" src=\"https:\/\/www.ritzbrasil.com\/\/wp-content\/uploads\/2024\/07\/orcar-compras-tabela-new-1.png\" alt=\"Solicitar cotizaci\u00f3n\" title=\"Solicitar cotizaci\u00f3n\" \/>\n    <\/button>\n    <\/td><td class=\"column-5\"><a href=\"https:\/\/lojasritz.com.br\/catalogsearch\/result\/?q=RHG4230-1\" target=\"_blank\" rel=\"noopener\"><img decoding=\"async\" src=\"https:\/\/www.ritzbrasil.com\/wp-content\/uploads\/2024\/07\/carrinho-compras-tabela.png\"  \/><\/a><\/td>\n<\/tr>\n<\/tbody>\n<\/table>\n<\/div>\n[\/vc_column_text][vc_separator border_width=\u00bb2&#8243; css=\u00bb\u00bb][\/vc_column][\/vc_row]<\/p>\n<\/div>","protected":false},"excerpt":{"rendered":"<h4><span style=\"color: #ff9900;\">Toma de tierra est\u00e1tica<\/span><\/h4>\n<p>Desarrollado para eliminar los inconvenientes de la carga electrost\u00e1tica al acoplar y desacoplar cadenas de aisladores cuando se trabaja en instalaciones energizadas. Tambi\u00e9n disipa la carga est\u00e1tica a trav\u00e9s del cable de cobre (calibre 25 mm\u00b2 x 2,0 m de longitud) y la abrazadera para conexi\u00f3n a accesorios estructurales o cables conductores.<\/p>\n<p>Para conectar a tierra la cadena de aisladores por el lado sin tensi\u00f3n, la abrazadera de conexi\u00f3n a tierra debe instalarse en el soporte angular de la estructura y las mordazas de la varilla deben instalarse en los accesorios del aislador m\u00e1s cercanos a la estructura<br \/>\n.<\/p>\n<p>Cuando trabajes a potencial, la pinza debe colocarse en los accesorios energizados y las mordazas de la p\u00e9rtiga en el segundo aislador del lado energizado.<\/p>\n<p>De tubo RITZGLAS\u00ae \u00d8 32 mm y 0,76 m de longitud total.<\/p>\n<p>Las abrazaderas de aleaci\u00f3n de bronce est\u00e1n dise\u00f1adas para racores aislantes de \u00d8 64 a 152 mm.<\/p>\n<p>Las abrazaderas de conexi\u00f3n a la estructura tienen dos versiones de instalaci\u00f3n (con tornillo en \u00abT\u00bb y con c\u00e1ncamo). Ambas abrazaderas son de aleaci\u00f3n de bronce y el cuerpo de la abrazadera es de aleaci\u00f3n de aluminio.<\/p>\n","protected":false},"featured_media":59719,"template":"","meta":[],"product_brand":[],"product_cat":[2104],"product_tag":[2155,2156],"class_list":{"0":"post-60983","1":"product","2":"type-product","3":"status-publish","4":"has-post-thumbnail","6":"product_cat-herramientas-de-traccion-locomocion-y-apoyo","7":"product_tag-rc600-0000-es","8":"product_tag-rhg4230-1-es","9":"description-off","11":"first","12":"instock","13":"virtual","14":"product-type-simple"},"yoast_head":"<!-- This site is optimized with the Yoast SEO plugin v27.1.1 - https:\/\/yoast.com\/product\/yoast-seo-wordpress\/ -->\n<title>Toma de tierra est\u00e1tica<\/title>\n<meta name=\"description\" content=\"Toma de tierra est\u00e1tica para eliminar las cargas electrost\u00e1ticas al acoplar y desacoplar aisladores en instalaciones energizadas.\" \/>\n<meta name=\"robots\" content=\"index, follow, max-snippet:-1, max-image-preview:large, max-video-preview:-1\" \/>\n<link rel=\"canonical\" href=\"https:\/\/www.ritzbrasil.com\/es\/produtos\/herramientas-de-traccion-locomocion-y-apoyo\/toma-de-tierra-estatica\/\" \/>\n<meta property=\"og:locale\" content=\"es_ES\" \/>\n<meta property=\"og:type\" content=\"article\" \/>\n<meta property=\"og:title\" content=\"Toma de tierra est\u00e1tica\" \/>\n<meta property=\"og:description\" content=\"Toma de tierra est\u00e1tica para eliminar las cargas electrost\u00e1ticas al acoplar y desacoplar aisladores en instalaciones energizadas.\" \/>\n<meta property=\"og:url\" content=\"https:\/\/www.ritzbrasil.com\/es\/produtos\/herramientas-de-traccion-locomocion-y-apoyo\/toma-de-tierra-estatica\/\" \/>\n<meta property=\"og:site_name\" content=\"Equipamentos de Manuten\u00e7\u00e3o e Seguran\u00e7a para o Setor El\u00e9trico - Ritz Brasil\" \/>\n<meta property=\"article:modified_time\" content=\"2026-02-25T19:50:35+00:00\" \/>\n<meta property=\"og:image\" content=\"https:\/\/www.ritzbrasil.com\/wp-content\/uploads\/2024\/10\/rc600-0000-aterramento-estatico-grampo-fixacao-parafuso-tipo-t.jpg\" \/>\n\t<meta property=\"og:image:width\" content=\"1200\" \/>\n\t<meta property=\"og:image:height\" content=\"1200\" \/>\n\t<meta property=\"og:image:type\" content=\"image\/jpeg\" \/>\n<meta name=\"twitter:card\" content=\"summary_large_image\" \/>\n<meta name=\"twitter:label1\" content=\"Tiempo de lectura\" \/>\n\t<meta name=\"twitter:data1\" content=\"1 minuto\" \/>\n<script type=\"application\/ld+json\" class=\"yoast-schema-graph\">{\"@context\":\"https:\/\/schema.org\",\"@graph\":[{\"@type\":\"WebPage\",\"@id\":\"https:\/\/www.ritzbrasil.com\/es\/produtos\/herramientas-de-traccion-locomocion-y-apoyo\/toma-de-tierra-estatica\/\",\"url\":\"https:\/\/www.ritzbrasil.com\/es\/produtos\/herramientas-de-traccion-locomocion-y-apoyo\/toma-de-tierra-estatica\/\",\"name\":\"Toma de tierra est\u00e1tica\",\"isPartOf\":{\"@id\":\"https:\/\/www.ritzbrasil.com\/es\/#website\"},\"primaryImageOfPage\":{\"@id\":\"https:\/\/www.ritzbrasil.com\/es\/produtos\/herramientas-de-traccion-locomocion-y-apoyo\/toma-de-tierra-estatica\/#primaryimage\"},\"image\":{\"@id\":\"https:\/\/www.ritzbrasil.com\/es\/produtos\/herramientas-de-traccion-locomocion-y-apoyo\/toma-de-tierra-estatica\/#primaryimage\"},\"thumbnailUrl\":\"https:\/\/www.ritzbrasil.com\/wp-content\/uploads\/2024\/10\/rc600-0000-aterramento-estatico-grampo-fixacao-parafuso-tipo-t.jpg\",\"datePublished\":\"2024-10-23T14:24:30+00:00\",\"dateModified\":\"2026-02-25T19:50:35+00:00\",\"description\":\"Toma de tierra est\u00e1tica para eliminar las cargas electrost\u00e1ticas al acoplar y desacoplar aisladores en instalaciones energizadas.\",\"breadcrumb\":{\"@id\":\"https:\/\/www.ritzbrasil.com\/es\/produtos\/herramientas-de-traccion-locomocion-y-apoyo\/toma-de-tierra-estatica\/#breadcrumb\"},\"inLanguage\":\"es\",\"potentialAction\":[{\"@type\":\"ReadAction\",\"target\":[\"https:\/\/www.ritzbrasil.com\/es\/produtos\/herramientas-de-traccion-locomocion-y-apoyo\/toma-de-tierra-estatica\/\"]}]},{\"@type\":\"ImageObject\",\"inLanguage\":\"es\",\"@id\":\"https:\/\/www.ritzbrasil.com\/es\/produtos\/herramientas-de-traccion-locomocion-y-apoyo\/toma-de-tierra-estatica\/#primaryimage\",\"url\":\"https:\/\/www.ritzbrasil.com\/wp-content\/uploads\/2024\/10\/rc600-0000-aterramento-estatico-grampo-fixacao-parafuso-tipo-t.jpg\",\"contentUrl\":\"https:\/\/www.ritzbrasil.com\/wp-content\/uploads\/2024\/10\/rc600-0000-aterramento-estatico-grampo-fixacao-parafuso-tipo-t.jpg\",\"width\":1200,\"height\":1200,\"caption\":\"RC600-0000 Toma de tierra est\u00e1tica con abrazadera de perno en \\\"T\"},{\"@type\":\"BreadcrumbList\",\"@id\":\"https:\/\/www.ritzbrasil.com\/es\/produtos\/herramientas-de-traccion-locomocion-y-apoyo\/toma-de-tierra-estatica\/#breadcrumb\",\"itemListElement\":[{\"@type\":\"ListItem\",\"position\":1,\"name\":\"In\u00edcio\",\"item\":\"https:\/\/www.ritzbrasil.com\/es\/\"},{\"@type\":\"ListItem\",\"position\":2,\"name\":\"Tienda\",\"item\":\"https:\/\/www.ritzbrasil.com\/es\/tienda\/\"},{\"@type\":\"ListItem\",\"position\":3,\"name\":\"Toma de tierra est\u00e1tica\"}]},{\"@type\":\"WebSite\",\"@id\":\"https:\/\/www.ritzbrasil.com\/es\/#website\",\"url\":\"https:\/\/www.ritzbrasil.com\/es\/\",\"name\":\"Equipamentos de Manuten\u00e7\u00e3o e Seguran\u00e7a para o Setor El\u00e9trico - Ritz Brasil\",\"description\":\"\",\"potentialAction\":[{\"@type\":\"SearchAction\",\"target\":{\"@type\":\"EntryPoint\",\"urlTemplate\":\"https:\/\/www.ritzbrasil.com\/es\/?s={search_term_string}\"},\"query-input\":{\"@type\":\"PropertyValueSpecification\",\"valueRequired\":true,\"valueName\":\"search_term_string\"}}],\"inLanguage\":\"es\"}]}<\/script>\n<!-- \/ Yoast SEO plugin. -->","yoast_head_json":{"title":"Toma de tierra est\u00e1tica","description":"Toma de tierra est\u00e1tica para eliminar las cargas electrost\u00e1ticas al acoplar y desacoplar aisladores en instalaciones energizadas.","robots":{"index":"index","follow":"follow","max-snippet":"max-snippet:-1","max-image-preview":"max-image-preview:large","max-video-preview":"max-video-preview:-1"},"canonical":"https:\/\/www.ritzbrasil.com\/es\/produtos\/herramientas-de-traccion-locomocion-y-apoyo\/toma-de-tierra-estatica\/","og_locale":"es_ES","og_type":"article","og_title":"Toma de tierra est\u00e1tica","og_description":"Toma de tierra est\u00e1tica para eliminar las cargas electrost\u00e1ticas al acoplar y desacoplar aisladores en instalaciones energizadas.","og_url":"https:\/\/www.ritzbrasil.com\/es\/produtos\/herramientas-de-traccion-locomocion-y-apoyo\/toma-de-tierra-estatica\/","og_site_name":"Equipamentos de Manuten\u00e7\u00e3o e Seguran\u00e7a para o Setor El\u00e9trico - Ritz Brasil","article_modified_time":"2026-02-25T19:50:35+00:00","og_image":[{"width":1200,"height":1200,"url":"https:\/\/www.ritzbrasil.com\/wp-content\/uploads\/2024\/10\/rc600-0000-aterramento-estatico-grampo-fixacao-parafuso-tipo-t.jpg","type":"image\/jpeg"}],"twitter_card":"summary_large_image","twitter_misc":{"Tiempo de lectura":"1 minuto"},"schema":{"@context":"https:\/\/schema.org","@graph":[{"@type":"WebPage","@id":"https:\/\/www.ritzbrasil.com\/es\/produtos\/herramientas-de-traccion-locomocion-y-apoyo\/toma-de-tierra-estatica\/","url":"https:\/\/www.ritzbrasil.com\/es\/produtos\/herramientas-de-traccion-locomocion-y-apoyo\/toma-de-tierra-estatica\/","name":"Toma de tierra est\u00e1tica","isPartOf":{"@id":"https:\/\/www.ritzbrasil.com\/es\/#website"},"primaryImageOfPage":{"@id":"https:\/\/www.ritzbrasil.com\/es\/produtos\/herramientas-de-traccion-locomocion-y-apoyo\/toma-de-tierra-estatica\/#primaryimage"},"image":{"@id":"https:\/\/www.ritzbrasil.com\/es\/produtos\/herramientas-de-traccion-locomocion-y-apoyo\/toma-de-tierra-estatica\/#primaryimage"},"thumbnailUrl":"https:\/\/www.ritzbrasil.com\/wp-content\/uploads\/2024\/10\/rc600-0000-aterramento-estatico-grampo-fixacao-parafuso-tipo-t.jpg","datePublished":"2024-10-23T14:24:30+00:00","dateModified":"2026-02-25T19:50:35+00:00","description":"Toma de tierra est\u00e1tica para eliminar las cargas electrost\u00e1ticas al acoplar y desacoplar aisladores en instalaciones energizadas.","breadcrumb":{"@id":"https:\/\/www.ritzbrasil.com\/es\/produtos\/herramientas-de-traccion-locomocion-y-apoyo\/toma-de-tierra-estatica\/#breadcrumb"},"inLanguage":"es","potentialAction":[{"@type":"ReadAction","target":["https:\/\/www.ritzbrasil.com\/es\/produtos\/herramientas-de-traccion-locomocion-y-apoyo\/toma-de-tierra-estatica\/"]}]},{"@type":"ImageObject","inLanguage":"es","@id":"https:\/\/www.ritzbrasil.com\/es\/produtos\/herramientas-de-traccion-locomocion-y-apoyo\/toma-de-tierra-estatica\/#primaryimage","url":"https:\/\/www.ritzbrasil.com\/wp-content\/uploads\/2024\/10\/rc600-0000-aterramento-estatico-grampo-fixacao-parafuso-tipo-t.jpg","contentUrl":"https:\/\/www.ritzbrasil.com\/wp-content\/uploads\/2024\/10\/rc600-0000-aterramento-estatico-grampo-fixacao-parafuso-tipo-t.jpg","width":1200,"height":1200,"caption":"RC600-0000 Toma de tierra est\u00e1tica con abrazadera de perno en \"T"},{"@type":"BreadcrumbList","@id":"https:\/\/www.ritzbrasil.com\/es\/produtos\/herramientas-de-traccion-locomocion-y-apoyo\/toma-de-tierra-estatica\/#breadcrumb","itemListElement":[{"@type":"ListItem","position":1,"name":"In\u00edcio","item":"https:\/\/www.ritzbrasil.com\/es\/"},{"@type":"ListItem","position":2,"name":"Tienda","item":"https:\/\/www.ritzbrasil.com\/es\/tienda\/"},{"@type":"ListItem","position":3,"name":"Toma de tierra est\u00e1tica"}]},{"@type":"WebSite","@id":"https:\/\/www.ritzbrasil.com\/es\/#website","url":"https:\/\/www.ritzbrasil.com\/es\/","name":"Equipamentos de Manuten\u00e7\u00e3o e Seguran\u00e7a para o Setor El\u00e9trico - Ritz Brasil","description":"","potentialAction":[{"@type":"SearchAction","target":{"@type":"EntryPoint","urlTemplate":"https:\/\/www.ritzbrasil.com\/es\/?s={search_term_string}"},"query-input":{"@type":"PropertyValueSpecification","valueRequired":true,"valueName":"search_term_string"}}],"inLanguage":"es"}]}},"_links":{"self":[{"href":"https:\/\/www.ritzbrasil.com\/es\/wp-json\/wp\/v2\/product\/60983","targetHints":{"allow":["GET"]}}],"collection":[{"href":"https:\/\/www.ritzbrasil.com\/es\/wp-json\/wp\/v2\/product"}],"about":[{"href":"https:\/\/www.ritzbrasil.com\/es\/wp-json\/wp\/v2\/types\/product"}],"wp:featuredmedia":[{"embeddable":true,"href":"https:\/\/www.ritzbrasil.com\/es\/wp-json\/wp\/v2\/media\/59719"}],"wp:attachment":[{"href":"https:\/\/www.ritzbrasil.com\/es\/wp-json\/wp\/v2\/media?parent=60983"}],"wp:term":[{"taxonomy":"product_brand","embeddable":true,"href":"https:\/\/www.ritzbrasil.com\/es\/wp-json\/wp\/v2\/product_brand?post=60983"},{"taxonomy":"product_cat","embeddable":true,"href":"https:\/\/www.ritzbrasil.com\/es\/wp-json\/wp\/v2\/product_cat?post=60983"},{"taxonomy":"product_tag","embeddable":true,"href":"https:\/\/www.ritzbrasil.com\/es\/wp-json\/wp\/v2\/product_tag?post=60983"}],"curies":[{"name":"wp","href":"https:\/\/api.w.org\/{rel}","templated":true}]}}